{"id":258035,"date":"2026-04-02T01:46:13","date_gmt":"2026-04-02T07:46:13","guid":{"rendered":"https:\/\/compuviper.mx\/tienda\/producto\/epson-c31cl47022-miniprinter-tm-t20iv-sp-termica-80-mm-o-58-mm-usb-ethernet-serial-autocortador-negra\/"},"modified":"2026-04-02T01:46:14","modified_gmt":"2026-04-02T07:46:14","slug":"epson-c31cl47022-miniprinter-tm-t20iv-sp-termica-80-mm-o-58-mm-usb-ethernet-serial-autocortador-negra","status":"publish","type":"product","link":"https:\/\/compuviper.mx\/tienda\/producto\/epson-c31cl47022-miniprinter-tm-t20iv-sp-termica-80-mm-o-58-mm-usb-ethernet-serial-autocortador-negra\/","title":{"rendered":"Epson C31cl47022 Miniprinter  Tm-t20iv-sp , Termica, 80 Mm O 58 Mm, Usb, Ethernet, Serial, Autocortador, Negra"},"content":{"rendered":"<table class=\"descripcion\">\n<tr>\n<td>Especificaciones<\/td>\n<\/tr>\n<tr>\n<td>***** impresion<\/td>\n<\/tr>\n<tr>\n<td>* velocidad de impresion: max. 310 mm\/seg<\/td>\n<\/tr>\n<tr>\n<td>* tama\u00f1os de fuente (ancho x alto): fuente a 12 x 24, (predeterminado) y fuente b 9 x 17 puntos\/caracter<\/td>\n<\/tr>\n<tr>\n<td>* resolucion de impresion: 203 dpi<\/td>\n<\/tr>\n<tr>\n<td>* capacidad de columnas: estandar:<\/td>\n<\/tr>\n<tr>\n<td>* ancho de papel 80 mm: 48\/64 columnas<\/td>\n<\/tr>\n<tr>\n<td>* ancho de papel 58 mm: 35\/46 columnas<\/td>\n<\/tr>\n<tr>\n<td>* modo de 42 columnas:<\/td>\n<\/tr>\n<tr>\n<td>* ancho de papel 80 mm: 42\/60 columnas<\/td>\n<\/tr>\n<tr>\n<td>* ancho de papel 58 mm: 42\/31 columnas<\/td>\n<\/tr>\n<tr>\n<td>* tama\u00f1o de caracter (ancho x alto): fuente a 1.25 x 3.00 mm (predeterminado) y fuente b 0.80 x 2.13 mm<\/td>\n<\/tr>\n<tr>\n<td>* juego de caracteres:95 alfanumericos, 18 internacionales, 128 x 43 graficos<\/td>\n<\/tr>\n<tr>\n<td>* codigos de barras: upc-a\/e, jan 13 (ean 13), jan 8 (ean), codigo 39\/93\/128\/128 auto, codabar (nw-7), simbologia compuesta, gs1-128, gs1 databar, itf codigos bidimensionales:pdf417, qr code, maxicode, composite symbology, aztec code, datamatrix<\/td>\n<\/tr>\n<tr>\n<td>***** manejo de papel<\/td>\n<\/tr>\n<tr>\n<td>* dimensiones del papel: 80 mm: 79.5 \u00b1 0.5 x 83 mm (3.13 \u00b1 0.02) (ancho) x 3.27 (diametro del rollo) 58 mm: 57.5 \u00b1 0.5 x 83 mm (2.26 \u00b1 0.02) (ancho) x 3.27 (diametro del rollo) 3,27 (diametro exterior maximo) grosor: 53 \u0096 75<\/td>\n<\/tr>\n<tr>\n<td>***** conectividad<\/td>\n<\/tr>\n<tr>\n<td>* interfaz (modelo de triple interfaz):<\/td>\n<\/tr>\n<tr>\n<td>* usb tipo-b<\/td>\n<\/tr>\n<tr>\n<td>* serial rs-232 d-sub 9 pines<\/td>\n<\/tr>\n<tr>\n<td>* ethernet (10\/100base-t\/tx)<\/td>\n<\/tr>\n<tr>\n<td>* usb tipo-a para dispositivo periferico<\/td>\n<\/tr>\n<tr>\n<td>* wi-fi opcional a traves del adaptador<\/td>\n<\/tr>\n<tr>\n<td>***** garantia<\/td>\n<\/tr>\n<tr>\n<td>* garantia limitada estandar de 3 a\u00f1os<\/td>\n<\/tr>\n<tr>\n<td>***** dimensiones<\/td>\n<\/tr>\n<tr>\n<td>* ancho 140 mm<\/td>\n<\/tr>\n<tr>\n<td>* profundo 199 mm<\/td>\n<\/tr>\n<tr>\n<td>* alto146 mm<\/td>\n<\/tr>\n<tr>\n<td>* peso 2.33 kg<\/td>\n<\/tr>\n<tr>\n<td>***** que hay en la caja<\/td>\n<\/tr>\n<tr>\n<td>Impresora termica de recibos epson tm-t20iv-sp, papel termico en rollo (rollo inicial), cable usb, adaptador de corriente, cable de alimentacion, soporte para montaje en pared, guia de instalacion<\/td>\n<\/tr>\n<\/table>\n","protected":false},"excerpt":{"rendered":"<p>Impresora pos eficiente y accesible con conectividad versatil con triple  conexion<\/p>\n","protected":false},"featured_media":260631,"comment_status":"open","ping_status":"open","template":"","meta":[],"product_cat":[1777,1778],"product_tag":[1624],"acf":[],"yoast_head":"<!-- This site is optimized with the Yoast SEO plugin v21.7 - https:\/\/yoast.com\/wordpress\/plugins\/seo\/ -->\n<title>[ Epson ] &#129351; C31cl47022 Miniprinter Tm-t20iv-sp , Termica, 80 Mm O 58 Mm, Usb, Ethernet, Serial, Autocortador, Negra<\/title>\n<meta name=\"description\" content=\"Compra C31cl47022 Miniprinter Tm-t20iv-sp , Termica, 80 Mm O 58 Mm, Usb, Ethernet, Serial, Autocortador, Negra + Env\u00edo a domicilio + Pago seguro + Garant\u00eda\" \/>\n<meta name=\"robots\" content=\"index, follow, max-snippet:-1, max-image-preview:large, max-video-preview:-1\" \/>\n<link rel=\"canonical\" href=\"https:\/\/compuviper.mx\/tienda\/producto\/epson-c31cl47022-miniprinter-tm-t20iv-sp-termica-80-mm-o-58-mm-usb-ethernet-serial-autocortador-negra\/\" \/>\n<meta property=\"og:locale\" content=\"es_MX\" \/>\n<meta property=\"og:type\" content=\"article\" \/>\n<meta property=\"og:title\" content=\"[ Epson ] &#129351; C31cl47022 Miniprinter Tm-t20iv-sp , Termica, 80 Mm O 58 Mm, Usb, Ethernet, Serial, Autocortador, Negra\" \/>\n<meta property=\"og:description\" content=\"Compra C31cl47022 Miniprinter Tm-t20iv-sp , Termica, 80 Mm O 58 Mm, Usb, Ethernet, Serial, Autocortador, Negra + Env\u00edo a domicilio + Pago seguro + Garant\u00eda\" \/>\n<meta property=\"og:url\" content=\"https:\/\/compuviper.mx\/tienda\/producto\/epson-c31cl47022-miniprinter-tm-t20iv-sp-termica-80-mm-o-58-mm-usb-ethernet-serial-autocortador-negra\/\" \/>\n<meta property=\"og:site_name\" content=\"Compuviper\" \/>\n<meta property=\"article:publisher\" content=\"https:\/\/www.facebook.com\/compuviper\" \/>\n<meta property=\"article:modified_time\" content=\"2026-04-02T07:46:14+00:00\" \/>\n<meta property=\"og:image\" content=\"https:\/\/compuviper.mx\/tienda\/wp-content\/uploads\/2025\/10\/Miniprinter-epson-tm-t20iv-sp-termica-80-mm-o-58-mm-usb-ethernet-serial-autocortador-negra.jpg\" \/>\n\t<meta property=\"og:image:width\" content=\"200\" \/>\n\t<meta property=\"og:image:height\" content=\"200\" \/>\n\t<meta property=\"og:image:type\" content=\"image\/jpeg\" \/>\n<meta name=\"twitter:card\" content=\"summary_large_image\" \/>\n<meta name=\"twitter:label1\" content=\"Precio\" \/>\n\t<meta name=\"twitter:data1\" content=\"&#36;4,052 &#36;3,355 con IVA\" \/>\n\t<meta name=\"twitter:label2\" content=\"Availability\" \/>\n\t<meta name=\"twitter:data2\" content=\"In stock\" \/>\n<script type=\"application\/ld+json\" class=\"yoast-schema-graph\">{\"@context\":\"https:\/\/schema.org\",\"@graph\":[{\"@type\":\"WebPage\",\"@id\":\"https:\/\/compuviper.mx\/tienda\/producto\/epson-c31cl47022-miniprinter-tm-t20iv-sp-termica-80-mm-o-58-mm-usb-ethernet-serial-autocortador-negra\/\",\"url\":\"https:\/\/compuviper.mx\/tienda\/producto\/epson-c31cl47022-miniprinter-tm-t20iv-sp-termica-80-mm-o-58-mm-usb-ethernet-serial-autocortador-negra\/\",\"name\":\"[ Epson ] &#129351; C31cl47022 Miniprinter Tm-t20iv-sp , Termica, 80 Mm O 58 Mm, Usb, Ethernet, Serial, Autocortador, Negra\",\"isPartOf\":{\"@id\":\"https:\/\/compuviper.mx\/tienda\/#website\"},\"datePublished\":\"2026-04-02T07:46:13+00:00\",\"dateModified\":\"2026-04-02T07:46:14+00:00\",\"description\":\"Compra C31cl47022 Miniprinter Tm-t20iv-sp , Termica, 80 Mm O 58 Mm, Usb, Ethernet, Serial, Autocortador, Negra + Env\u00edo a domicilio + Pago seguro + Garant\u00eda\",\"breadcrumb\":{\"@id\":\"https:\/\/compuviper.mx\/tienda\/producto\/epson-c31cl47022-miniprinter-tm-t20iv-sp-termica-80-mm-o-58-mm-usb-ethernet-serial-autocortador-negra\/#breadcrumb\"},\"inLanguage\":\"es-MX\",\"potentialAction\":[{\"@type\":\"ReadAction\",\"target\":[\"https:\/\/compuviper.mx\/tienda\/producto\/epson-c31cl47022-miniprinter-tm-t20iv-sp-termica-80-mm-o-58-mm-usb-ethernet-serial-autocortador-negra\/\"]}]},{\"@type\":\"BreadcrumbList\",\"@id\":\"https:\/\/compuviper.mx\/tienda\/producto\/epson-c31cl47022-miniprinter-tm-t20iv-sp-termica-80-mm-o-58-mm-usb-ethernet-serial-autocortador-negra\/#breadcrumb\",\"itemListElement\":[{\"@type\":\"ListItem\",\"position\":1,\"name\":\"Inicio\",\"item\":\"https:\/\/compuviper.mx\/tienda\/\"},{\"@type\":\"ListItem\",\"position\":2,\"name\":\"Productos\",\"item\":\"https:\/\/compuviper.mx\/tienda\/productos\/\"},{\"@type\":\"ListItem\",\"position\":3,\"name\":\"Impresoras\",\"item\":\"https:\/\/compuviper.mx\/tienda\/categoria-producto\/impresoras\/\"},{\"@type\":\"ListItem\",\"position\":4,\"name\":\"Punto De Venta\",\"item\":\"https:\/\/compuviper.mx\/tienda\/categoria-producto\/impresoras\/punto-de-venta-impresoras\/\"},{\"@type\":\"ListItem\",\"position\":5,\"name\":\"Epson C31cl47022 Miniprinter Tm-t20iv-sp , Termica, 80 Mm O 58 Mm, Usb, Ethernet, Serial, Autocortador, Negra\"}]},{\"@type\":\"WebSite\",\"@id\":\"https:\/\/compuviper.mx\/tienda\/#website\",\"url\":\"https:\/\/compuviper.mx\/tienda\/\",\"name\":\"Compuviper\",\"description\":\"Proveedor de Computadoras, Laptops, Servidores, Monitores, Puntos de Venta, Teclados,   Impresoras, T\u00f3ner, C\u00e1maras de Seguridad y m\u00e1s en tu tienda en l\u00ednea\",\"publisher\":{\"@id\":\"https:\/\/compuviper.mx\/tienda\/#organization\"},\"potentialAction\":[{\"@type\":\"SearchAction\",\"target\":{\"@type\":\"EntryPoint\",\"urlTemplate\":\"https:\/\/compuviper.mx\/tienda\/?s={search_term_string}\"},\"query-input\":\"required name=search_term_string\"}],\"inLanguage\":\"es-MX\"},{\"@type\":\"Organization\",\"@id\":\"https:\/\/compuviper.mx\/tienda\/#organization\",\"name\":\"Compuviper\",\"url\":\"https:\/\/compuviper.mx\/tienda\/\",\"logo\":{\"@type\":\"ImageObject\",\"inLanguage\":\"es-MX\",\"@id\":\"https:\/\/compuviper.mx\/tienda\/#\/schema\/logo\/image\/\",\"url\":\"https:\/\/compuviper.mx\/tienda\/wp-content\/uploads\/2021\/08\/Logo-Compuviper-10.png\",\"contentUrl\":\"https:\/\/compuviper.mx\/tienda\/wp-content\/uploads\/2021\/08\/Logo-Compuviper-10.png\",\"width\":1000,\"height\":500,\"caption\":\"Compuviper\"},\"image\":{\"@id\":\"https:\/\/compuviper.mx\/tienda\/#\/schema\/logo\/image\/\"},\"sameAs\":[\"https:\/\/www.facebook.com\/compuviper\",\"https:\/\/www.youtube.com\/channel\/UCf73dERp9Y3cfOq7q8BhLjA?view_as=subscriber\"]}]}<\/script>\n<meta property=\"product:brand\" content=\"EPSON\" \/>\n<meta property=\"product:price:amount\" content=\"3355\" \/>\n<meta property=\"product:price:currency\" content=\"MXN\" \/>\n<meta property=\"og:availability\" content=\"instock\" \/>\n<meta property=\"product:availability\" content=\"instock\" \/>\n<meta property=\"product:retailer_item_id\" content=\"C31CL47022\" \/>\n<meta property=\"product:condition\" content=\"new\" \/>\n<!-- \/ Yoast SEO plugin. -->","yoast_head_json":{"title":"[ Epson ] &#129351; C31cl47022 Miniprinter Tm-t20iv-sp , Termica, 80 Mm O 58 Mm, Usb, Ethernet, Serial, Autocortador, Negra","description":"Compra C31cl47022 Miniprinter Tm-t20iv-sp , Termica, 80 Mm O 58 Mm, Usb, Ethernet, Serial, Autocortador, Negra + Env\u00edo a domicilio + Pago seguro + Garant\u00eda","robots":{"index":"index","follow":"follow","max-snippet":"max-snippet:-1","max-image-preview":"max-image-preview:large","max-video-preview":"max-video-preview:-1"},"canonical":"https:\/\/compuviper.mx\/tienda\/producto\/epson-c31cl47022-miniprinter-tm-t20iv-sp-termica-80-mm-o-58-mm-usb-ethernet-serial-autocortador-negra\/","og_locale":"es_MX","og_type":"article","og_title":"[ Epson ] &#129351; C31cl47022 Miniprinter Tm-t20iv-sp , Termica, 80 Mm O 58 Mm, Usb, Ethernet, Serial, Autocortador, Negra","og_description":"Compra C31cl47022 Miniprinter Tm-t20iv-sp , Termica, 80 Mm O 58 Mm, Usb, Ethernet, Serial, Autocortador, Negra + Env\u00edo a domicilio + Pago seguro + Garant\u00eda","og_url":"https:\/\/compuviper.mx\/tienda\/producto\/epson-c31cl47022-miniprinter-tm-t20iv-sp-termica-80-mm-o-58-mm-usb-ethernet-serial-autocortador-negra\/","og_site_name":"Compuviper","article_publisher":"https:\/\/www.facebook.com\/compuviper","article_modified_time":"2026-04-02T07:46:14+00:00","og_image":[{"width":200,"height":200,"url":"https:\/\/compuviper.mx\/tienda\/wp-content\/uploads\/2025\/10\/Miniprinter-epson-tm-t20iv-sp-termica-80-mm-o-58-mm-usb-ethernet-serial-autocortador-negra.jpg","type":"image\/jpeg"}],"twitter_card":"summary_large_image","twitter_misc":{"Precio":"&#36;4,052 &#36;3,355 con IVA","Availability":"In stock"},"schema":{"@context":"https:\/\/schema.org","@graph":[{"@type":"WebPage","@id":"https:\/\/compuviper.mx\/tienda\/producto\/epson-c31cl47022-miniprinter-tm-t20iv-sp-termica-80-mm-o-58-mm-usb-ethernet-serial-autocortador-negra\/","url":"https:\/\/compuviper.mx\/tienda\/producto\/epson-c31cl47022-miniprinter-tm-t20iv-sp-termica-80-mm-o-58-mm-usb-ethernet-serial-autocortador-negra\/","name":"[ Epson ] &#129351; C31cl47022 Miniprinter Tm-t20iv-sp , Termica, 80 Mm O 58 Mm, Usb, Ethernet, Serial, Autocortador, Negra","isPartOf":{"@id":"https:\/\/compuviper.mx\/tienda\/#website"},"datePublished":"2026-04-02T07:46:13+00:00","dateModified":"2026-04-02T07:46:14+00:00","description":"Compra C31cl47022 Miniprinter Tm-t20iv-sp , Termica, 80 Mm O 58 Mm, Usb, Ethernet, Serial, Autocortador, Negra + Env\u00edo a domicilio + Pago seguro + Garant\u00eda","breadcrumb":{"@id":"https:\/\/compuviper.mx\/tienda\/producto\/epson-c31cl47022-miniprinter-tm-t20iv-sp-termica-80-mm-o-58-mm-usb-ethernet-serial-autocortador-negra\/#breadcrumb"},"inLanguage":"es-MX","potentialAction":[{"@type":"ReadAction","target":["https:\/\/compuviper.mx\/tienda\/producto\/epson-c31cl47022-miniprinter-tm-t20iv-sp-termica-80-mm-o-58-mm-usb-ethernet-serial-autocortador-negra\/"]}]},{"@type":"BreadcrumbList","@id":"https:\/\/compuviper.mx\/tienda\/producto\/epson-c31cl47022-miniprinter-tm-t20iv-sp-termica-80-mm-o-58-mm-usb-ethernet-serial-autocortador-negra\/#breadcrumb","itemListElement":[{"@type":"ListItem","position":1,"name":"Inicio","item":"https:\/\/compuviper.mx\/tienda\/"},{"@type":"ListItem","position":2,"name":"Productos","item":"https:\/\/compuviper.mx\/tienda\/productos\/"},{"@type":"ListItem","position":3,"name":"Impresoras","item":"https:\/\/compuviper.mx\/tienda\/categoria-producto\/impresoras\/"},{"@type":"ListItem","position":4,"name":"Punto De Venta","item":"https:\/\/compuviper.mx\/tienda\/categoria-producto\/impresoras\/punto-de-venta-impresoras\/"},{"@type":"ListItem","position":5,"name":"Epson C31cl47022 Miniprinter Tm-t20iv-sp , Termica, 80 Mm O 58 Mm, Usb, Ethernet, Serial, Autocortador, Negra"}]},{"@type":"WebSite","@id":"https:\/\/compuviper.mx\/tienda\/#website","url":"https:\/\/compuviper.mx\/tienda\/","name":"Compuviper","description":"Proveedor de Computadoras, Laptops, Servidores, Monitores, Puntos de Venta, Teclados,   Impresoras, T\u00f3ner, C\u00e1maras de Seguridad y m\u00e1s en tu tienda en l\u00ednea","publisher":{"@id":"https:\/\/compuviper.mx\/tienda\/#organization"},"potentialAction":[{"@type":"SearchAction","target":{"@type":"EntryPoint","urlTemplate":"https:\/\/compuviper.mx\/tienda\/?s={search_term_string}"},"query-input":"required name=search_term_string"}],"inLanguage":"es-MX"},{"@type":"Organization","@id":"https:\/\/compuviper.mx\/tienda\/#organization","name":"Compuviper","url":"https:\/\/compuviper.mx\/tienda\/","logo":{"@type":"ImageObject","inLanguage":"es-MX","@id":"https:\/\/compuviper.mx\/tienda\/#\/schema\/logo\/image\/","url":"https:\/\/compuviper.mx\/tienda\/wp-content\/uploads\/2021\/08\/Logo-Compuviper-10.png","contentUrl":"https:\/\/compuviper.mx\/tienda\/wp-content\/uploads\/2021\/08\/Logo-Compuviper-10.png","width":1000,"height":500,"caption":"Compuviper"},"image":{"@id":"https:\/\/compuviper.mx\/tienda\/#\/schema\/logo\/image\/"},"sameAs":["https:\/\/www.facebook.com\/compuviper","https:\/\/www.youtube.com\/channel\/UCf73dERp9Y3cfOq7q8BhLjA?view_as=subscriber"]}]},"product_brand":"EPSON","product_price_amount":"3355","product_price_currency":"MXN","og_availability":"instock","product_availability":"instock","product_retailer_item_id":"C31CL47022","product_condition":"new"},"_links":{"self":[{"href":"https:\/\/compuviper.mx\/tienda\/wp-json\/wp\/v2\/product\/258035"}],"collection":[{"href":"https:\/\/compuviper.mx\/tienda\/wp-json\/wp\/v2\/product"}],"about":[{"href":"https:\/\/compuviper.mx\/tienda\/wp-json\/wp\/v2\/types\/product"}],"replies":[{"embeddable":true,"href":"https:\/\/compuviper.mx\/tienda\/wp-json\/wp\/v2\/comments?post=258035"}],"wp:featuredmedia":[{"embeddable":true,"href":"https:\/\/compuviper.mx\/tienda\/wp-json\/wp\/v2\/media\/260631"}],"wp:attachment":[{"href":"https:\/\/compuviper.mx\/tienda\/wp-json\/wp\/v2\/media?parent=258035"}],"wp:term":[{"taxonomy":"product_cat","embeddable":true,"href":"https:\/\/compuviper.mx\/tienda\/wp-json\/wp\/v2\/product_cat?post=258035"},{"taxonomy":"product_tag","embeddable":true,"href":"https:\/\/compuviper.mx\/tienda\/wp-json\/wp\/v2\/product_tag?post=258035"}],"curies":[{"name":"wp","href":"https:\/\/api.w.org\/{rel}","templated":true}]}}