{"id":258021,"date":"2026-04-25T00:40:13","date_gmt":"2026-04-25T06:40:13","guid":{"rendered":"https:\/\/compuviper.mx\/tienda\/producto\/asus-oem-rog-strix-b550-f-gaming-wifi-ii-mb-asus-b550-amd-s-am4-5a-gen-4x-ddr4-2666-dp-hdmi-m-2-6x-usb-3-2-usb-c-wifi-6e-bluetooth-atx-gama-media-gamer-rgb\/"},"modified":"2026-04-26T00:00:19","modified_gmt":"2026-04-26T06:00:19","slug":"asus-oem-rog-strix-b550-f-gaming-wifi-ii-mb-asus-b550-amd-s-am4-5a-gen-4x-ddr4-2666-dp-hdmi-m-2-6x-usb-3-2-usb-c-wifi-6e-bluetooth-atx-gama-media-gamer-rgb","status":"publish","type":"product","link":"https:\/\/compuviper.mx\/tienda\/producto\/asus-oem-rog-strix-b550-f-gaming-wifi-ii-mb-asus-b550-amd-s-am4-5a-gen-4x-ddr4-2666-dp-hdmi-m-2-6x-usb-3-2-usb-c-wifi-6e-bluetooth-atx-gama-media-gamer-rgb\/","title":{"rendered":"Asus Oem Rog Strix B550-f Gaming Wifi Ii Mb Asus B550 Amd S-am4 5a Gen\/4x Ddr4 2666\/dp\/hdmi\/m.2\/6x Usb 3.2\/usb-c\/wifi 6e\/bluetooth\/atx\/gama Media\/gamer\/rgb"},"content":{"rendered":"<table class=\"descripcion\">\n<tr>\n<td>Cpu<\/td>\n<\/tr>\n<tr>\n<td>Amd ryzen\u0099 5000 series\/ 5000 g-series\/ 4000 g-series\/ 3000 series desktop processors<\/td>\n<\/tr>\n<tr>\n<td>*refer to www.asus.com for the amd\u00ae cpu support list.<\/td>\n<\/tr>\n<tr>\n<td>Chipset<\/td>\n<\/tr>\n<tr>\n<td>B550<\/td>\n<\/tr>\n<tr>\n<td>Memoria<\/td>\n<\/tr>\n<tr>\n<td>Canales de memoria:<\/td>\n<\/tr>\n<tr>\n<td>4ddr4 (dual channel)<\/td>\n<\/tr>\n<tr>\n<td>Tama\u00f1o de memoria m\u00e1ximo:<\/td>\n<\/tr>\n<tr>\n<td>128gb<\/td>\n<\/tr>\n<tr>\n<td>Amd ryzen\u0099 5000 and 3000 series desktop processors<\/td>\n<\/tr>\n<tr>\n<td>4 x dimm, max. 128gb, ddr4 4800(o.c.)\/4666(o.c.)\/4600(o.c.)\/4400(o.c.)\/4266(o.c.)\/4133(o.c.)\/4000(o.c.)\/3866(o.c.)\/3733(o.c.)\/3600(o.c.)\/3466(o.c.)\/3400(o.c.)\/3200\/3000\/2933\/2800\/2666\/2400\/2133 mhz, un-buffered memory *<\/td>\n<\/tr>\n<tr>\n<td>Amd ryzen\u0099 5000 and 4000 g-series processors<\/td>\n<\/tr>\n<tr>\n<td>4 x dimm, max. 128gb, ddr4 5100(o.c)\/4866(o.c.)\/4600(o.c)\/4466(o.c.)\/4400(o.c)\/4266(o.c.)\/4133(o.c.)\/4000(o.c.)\/3866(o.c.)\/3600(o.c.)\/3466(o.c.)\/3200\/3000\/2800\/2666\/2400\/2133 mhz, un-buffered memory *<\/td>\n<\/tr>\n<tr>\n<td>Ecc memory (ecc mode) support varies by cpu.<\/td>\n<\/tr>\n<tr>\n<td>* refer to www.asus.com for the memory qvl (qualified vendors lists).<\/td>\n<\/tr>\n<tr>\n<td>Gr\u00e1ficos<\/td>\n<\/tr>\n<tr>\n<td>1 x displayport 1.2<\/td>\n<\/tr>\n<tr>\n<td>1 x hdmi\u00ae 2.1<\/td>\n<\/tr>\n<tr>\n<td>*graphics specifications may vary between cpu types.<\/td>\n<\/tr>\n<tr>\n<td>Ranuras de expansi\u00f3n<\/td>\n<\/tr>\n<tr>\n<td>Amd ryzen\u0099 5000 and 3000 series\/ 5000 and 4000 g-series desktop processors<\/td>\n<\/tr>\n<tr>\n<td>1 x pcie 4.0 x16 safeslot (supports x16 mode)<\/td>\n<\/tr>\n<tr>\n<td>Amd b550 chipset<\/td>\n<\/tr>\n<tr>\n<td>1 x pcie 3.0 x16 slot (supports x4 mode)*<\/td>\n<\/tr>\n<tr>\n<td>3 x pcie 3.0 x1 slots<\/td>\n<\/tr>\n<tr>\n<td>*share bandwidth with pcie3.0 x1_1, pcie3.0 x1_2, pcie3.0 x1_3<\/td>\n<\/tr>\n<tr>\n<td>Almacenamiento<\/td>\n<\/tr>\n<tr>\n<td>Supports 2 x m.2 slots and 6 x sata 6gb\/s ports<\/td>\n<\/tr>\n<tr>\n<td>Total supports 2 x m.2 slots and 6 x sata 6gb\/s ports<\/td>\n<\/tr>\n<tr>\n<td>Amd ryzen\u0099 5000 and 3000 series\/ 5000 and 4000 g-series desktop processors<\/td>\n<\/tr>\n<tr>\n<td>M.2_1 slot (key m), type 2242\/2260\/2280\/22110 (supports pcie 4.0 x4  and  sata modes)<\/td>\n<\/tr>\n<tr>\n<td>Amd b550 chipset:<\/td>\n<\/tr>\n<tr>\n<td>M.2_2 slot (key m), type 2242\/2260\/2280\/22110 (supports pcie 3.0 x4  and  sata modes)*<\/td>\n<\/tr>\n<tr>\n<td>6 x sata 6gb\/s ports<\/td>\n<\/tr>\n<tr>\n<td>Support raid 0, 1, 10<\/td>\n<\/tr>\n<tr>\n<td>* when the m.2_2 slot is populated , sata6g_5\/6 ports will be disabled.<\/td>\n<\/tr>\n<tr>\n<td>Ethernet<\/td>\n<\/tr>\n<tr>\n<td>1 x intel\u00ae 2.5gb ethernet<\/td>\n<\/tr>\n<tr>\n<td>1 x intel\u00ae i225-v 2.5gb ethernet<\/td>\n<\/tr>\n<tr>\n<td>Asus languard<\/td>\n<\/tr>\n<tr>\n<td>Wireless  and  bluetooth<\/td>\n<\/tr>\n<tr>\n<td>Wi-fi 6e<\/td>\n<\/tr>\n<tr>\n<td>2&#215;2 wi-fi 6e (802.11 a\/b\/g\/n\/ac\/ax)<\/td>\n<\/tr>\n<tr>\n<td>Supports 2.4\/5\/6ghz frequency band*<\/td>\n<\/tr>\n<tr>\n<td>Bluetooth v5.2<\/td>\n<\/tr>\n<tr>\n<td>* wifi 6e 6ghz regulatory may vary between countries, and function will be ready in windows 11 or later.<\/td>\n<\/tr>\n<tr>\n<td>Usb<\/td>\n<\/tr>\n<tr>\n<td>Usb trasero:<\/td>\n<\/tr>\n<tr>\n<td>Total 8 ports<\/td>\n<\/tr>\n<tr>\n<td>2 x usb 3.2 gen 2 ports (1 x type-a + 1 x usb type-c\u00ae)<\/td>\n<\/tr>\n<tr>\n<td>4 x usb 3.2 gen 1 ports (4 x type-a)<\/td>\n<\/tr>\n<tr>\n<td>2 x usb 2.0 ports<\/td>\n<\/tr>\n<tr>\n<td>Usb frontal:<\/td>\n<\/tr>\n<tr>\n<td>Total 6 ports<\/td>\n<\/tr>\n<tr>\n<td>1 x usb 3.2 gen 1 header supports additional 2 usb 3.2 gen 1 ports<\/td>\n<\/tr>\n<tr>\n<td>2 x usb 2.0 headers support additional 4 usb 2.0 ports<\/td>\n<\/tr>\n<tr>\n<td>Audio<\/td>\n<\/tr>\n<tr>\n<td>Rog supremefx 7.1-channel high definition audio codec s1220a<\/td>\n<\/tr>\n<tr>\n<td>&#8211; impedance sense for front and rear headphone outputs<\/td>\n<\/tr>\n<tr>\n<td>&#8211; jack-detection, multi-streaming, front panel jack-retasking<\/td>\n<\/tr>\n<tr>\n<td>&#8211; high quality 120 db snr stereo playback output and 113 db snr recording input<\/td>\n<\/tr>\n<tr>\n<td>&#8211; supports up to 32-bit\/192khz playback*<\/td>\n<\/tr>\n<tr>\n<td>Audio features<\/td>\n<\/tr>\n<tr>\n<td>&#8211; supremefx shielding technology<\/td>\n<\/tr>\n<tr>\n<td>&#8211; dual op amplifiers<\/td>\n<\/tr>\n<tr>\n<td>&#8211; premium audio capacitors<\/td>\n<\/tr>\n<tr>\n<td>&#8211; audio cover<\/td>\n<\/tr>\n<tr>\n<td>* due to limitations in hda bandwidth, 32-bit\/192 khz is not supported for 8-channel audio.<\/td>\n<\/tr>\n<tr>\n<td>Puertos de e \/ s del panel posterior<\/td>\n<\/tr>\n<tr>\n<td>2 x usb 3.2 gen 2 ports (1 x type-a + 1 x usb type-c\u00ae)<\/td>\n<\/tr>\n<tr>\n<td>4 x usb 3.2 gen 1 ports (4 x type-a)<\/td>\n<\/tr>\n<tr>\n<td>2 x usb 2.0 ports<\/td>\n<\/tr>\n<tr>\n<td>1 x wi-fi module<\/td>\n<\/tr>\n<tr>\n<td>1 x displayport<\/td>\n<\/tr>\n<tr>\n<td>1 x hdmi\u00ae port<\/td>\n<\/tr>\n<tr>\n<td>1 x intel\u00ae i225-v 2.5g ethernet<\/td>\n<\/tr>\n<tr>\n<td>1 x optical s\/pdif out<\/td>\n<\/tr>\n<tr>\n<td>5 x audio jacks<\/td>\n<\/tr>\n<tr>\n<td>1 x bios flashbacktm button<\/td>\n<\/tr>\n<tr>\n<td>Conectores de e \/ s internos<\/td>\n<\/tr>\n<tr>\n<td>Fan and cooling related<\/td>\n<\/tr>\n<tr>\n<td>1 x 4-pin aio_pump header<\/td>\n<\/tr>\n<tr>\n<td>1 x 4-pin cpu fan header<\/td>\n<\/tr>\n<tr>\n<td>1 x 4-pin cpu_opt fan header<\/td>\n<\/tr>\n<tr>\n<td>3 x 4-pin chassis fan headers<\/td>\n<\/tr>\n<tr>\n<td>Power related<\/td>\n<\/tr>\n<tr>\n<td>1 x 24-pin main power connector<\/td>\n<\/tr>\n<tr>\n<td>1 x 8-pin +12v power connector<\/td>\n<\/tr>\n<tr>\n<td>1 x 4-pin +12v power connector<\/td>\n<\/tr>\n<tr>\n<td>Storage related<\/td>\n<\/tr>\n<tr>\n<td>2 x m.2 slots (key m)<\/td>\n<\/tr>\n<tr>\n<td>6 x sata 6gb\/s ports<\/td>\n<\/tr>\n<tr>\n<td>Usb ports<\/td>\n<\/tr>\n<tr>\n<td>1 x usb 3.2 gen 1 header supports additional 2 usb 3.2 gen 1 ports<\/td>\n<\/tr>\n<tr>\n<td>2 x usb 2.0 headers support additional 4 usb 2.0 ports<\/td>\n<\/tr>\n<tr>\n<td>Miscellaneous<\/td>\n<\/tr>\n<tr>\n<td>1 x addressable gen 2 header<\/td>\n<\/tr>\n<tr>\n<td>2 x aura rgb headers<\/td>\n<\/tr>\n<tr>\n<td>1 x clear cmos header<\/td>\n<\/tr>\n<tr>\n<td>1 x front panel audio header (aafp)<\/td>\n<\/tr>\n<tr>\n<td>1 x 20-3 pin system panel header with chassis intrude function<\/td>\n<\/tr>\n<tr>\n<td>1 x thermal sensor header<\/td>\n<\/tr>\n<tr>\n<td>1 x thunderbolt\u0099 header<\/td>\n<\/tr>\n<tr>\n<td>Caracter\u00edsticas especiales<\/td>\n<\/tr>\n<tr>\n<td>Asus q-design<\/td>\n<\/tr>\n<tr>\n<td>&#8211; asus q-dimm<\/td>\n<\/tr>\n<tr>\n<td>&#8211; asus q-led (dram [yellow],cpu [red],  vga [white], boot device [yellow green)<\/td>\n<\/tr>\n<tr>\n<td>&#8211; asus q-slot<\/td>\n<\/tr>\n<tr>\n<td>Asus thermal solution<\/td>\n<\/tr>\n<tr>\n<td>&#8211; m.2 heatsink<\/td>\n<\/tr>\n<tr>\n<td>Aura sync<\/td>\n<\/tr>\n<tr>\n<td>&#8211; aura rgb headers<\/td>\n<\/tr>\n<tr>\n<td>&#8211; addressable gen 2 rgb headers<\/td>\n<\/tr>\n<tr>\n<td>Asus ez diy<\/td>\n<\/tr>\n<tr>\n<td>&#8211; bios flashback\u0099 button<\/td>\n<\/tr>\n<tr>\n<td>&#8211; bios flashback\u0099 led<\/td>\n<\/tr>\n<tr>\n<td>&#8211; clear cmos header<\/td>\n<\/tr>\n<tr>\n<td>&#8211; procool<\/td>\n<\/tr>\n<tr>\n<td>&#8211; pre-mounted i\/o shield<\/td>\n<\/tr>\n<tr>\n<td>&#8211; safeslot<\/td>\n<\/tr>\n<tr>\n<td>Funciones de software<\/td>\n<\/tr>\n<tr>\n<td>Rog exclusive software<\/td>\n<\/tr>\n<tr>\n<td>&#8211; ramcache iii<\/td>\n<\/tr>\n<tr>\n<td>&#8211; rog cpu-z<\/td>\n<\/tr>\n<tr>\n<td>&#8211; gamefirst vi<\/td>\n<\/tr>\n<tr>\n<td>&#8211; sonic studio iii + sonic studio virtual mixer<\/td>\n<\/tr>\n<tr>\n<td>&#8211; sonic radar iii<\/td>\n<\/tr>\n<tr>\n<td>&#8211; dts\u00ae sound unbound<\/td>\n<\/tr>\n<tr>\n<td>&#8211; overwolf<\/td>\n<\/tr>\n<tr>\n<td>&#8211; anti-virus software<\/td>\n<\/tr>\n<tr>\n<td>Asus exclusive software features<\/td>\n<\/tr>\n<tr>\n<td>Armoury crate<\/td>\n<\/tr>\n<tr>\n<td>&#8211; aida64 extreme (60 days free trial)<\/td>\n<\/tr>\n<tr>\n<td>&#8211; aura creator<\/td>\n<\/tr>\n<tr>\n<td>&#8211; aura sync<\/td>\n<\/tr>\n<tr>\n<td>&#8211; two-way ai noise cancelatio<\/td>\n<\/tr>\n<tr>\n<td> ai suite 3:<\/td>\n<\/tr>\n<tr>\n<td>&#8211; performance and power saving utility<\/td>\n<\/tr>\n<tr>\n<td>Epu<\/td>\n<\/tr>\n<tr>\n<td>Digi+ vrm<\/td>\n<\/tr>\n<tr>\n<td>Fan xpert 4<\/td>\n<\/tr>\n<tr>\n<td>Turbov evo<\/td>\n<\/tr>\n<tr>\n<td>&#8211; ez update<\/td>\n<\/tr>\n<tr>\n<td>Winrar<\/td>\n<\/tr>\n<tr>\n<td>Daemon tools<\/td>\n<\/tr>\n<tr>\n<td>Norton anti-virus software (free trial version)<\/td>\n<\/tr>\n<tr>\n<td>Uefi bios<\/td>\n<\/tr>\n<tr>\n<td>Asus ez diy<\/td>\n<\/tr>\n<tr>\n<td>&#8211; asus crashfree bios 3<\/td>\n<\/tr>\n<tr>\n<td>&#8211; asus ez flash 3<\/td>\n<\/tr>\n<tr>\n<td>&#8211; asus uefi bios ez mode<\/td>\n<\/tr>\n<tr>\n<td>Bios<\/td>\n<\/tr>\n<tr>\n<td>256 mb flash rom, uefi ami bios<\/td>\n<\/tr>\n<tr>\n<td>Manejabilidad<\/td>\n<\/tr>\n<tr>\n<td>Wol by pme, pxe<\/td>\n<\/tr>\n<tr>\n<td>Accesorios<\/td>\n<\/tr>\n<tr>\n<td>Cables<\/td>\n<\/tr>\n<tr>\n<td>1 x addressable rgb extension cable<\/td>\n<\/tr>\n<tr>\n<td>4 x sata 6gb\/s cables<\/td>\n<\/tr>\n<tr>\n<td>Miscellaneous<\/td>\n<\/tr>\n<tr>\n<td>1 x asus wi-fi moving antennas<\/td>\n<\/tr>\n<tr>\n<td>1 x cable ties pack<\/td>\n<\/tr>\n<tr>\n<td>1 x m.2 rubber package<\/td>\n<\/tr>\n<tr>\n<td>1 x m.2 ssd screw package<\/td>\n<\/tr>\n<tr>\n<td>1 x rog key chain<\/td>\n<\/tr>\n<tr>\n<td>1 x rog strix stickers<\/td>\n<\/tr>\n<tr>\n<td>1 x rog strix thank you card<\/td>\n<\/tr>\n<tr>\n<td> installation media<\/td>\n<\/tr>\n<tr>\n<td>1 x support dvd<\/td>\n<\/tr>\n<tr>\n<td>Documentation<\/td>\n<\/tr>\n<tr>\n<td>1 x user manual<\/td>\n<\/tr>\n<tr>\n<td>Sistema operativo<\/td>\n<\/tr>\n<tr>\n<td>Windows\u00ae 11 64-bit, windows\u00ae 10 64-bit<\/td>\n<\/tr>\n<tr>\n<td>Factor de forma<\/td>\n<\/tr>\n<tr>\n<td>Atx<\/td>\n<\/tr>\n<tr>\n<td>30.5cm x 24.4cm<\/td>\n<\/tr>\n<\/table>\n","protected":false},"excerpt":{"rendered":"<p>Rog strix b550-f gaming wifi ii. Placa base gaming atx amd b550 con pcie\u00ae 4.0, 12+2 etapas de potencia, intel\u00ae 2.5 gb ethernet, wifi 6e, cancelaci\u00f3n de ruido bidireccional con ia, dos m.2 con disipadores, sata 6 gbps, usb 3.2 gen. 2 e iluminaci\u00f3n aura sync rgb. Z\u00f3calo am4 amd: compatible con las series de procesadores de sobremesa amd ryzen\u0099 3000, 5000, 5000 g y 4000 g. La mejor conectividad gaming: pcie\u00ae 4.0, dos ranuras m.2, usb 3.2 gen. 2 de tipo c\u00ae, hdmi\u00ae 2.1 y displayport\u0099 1.2. Redes r\u00e1pidas: wifi 6e (802.11ax) e intel\u00ae 2.5 gb ethernet con asus languard. Dise\u00f1o de alimentaci\u00f3n potente: 12+2 etapas de potencia con tomas procool, chokes de aleaci\u00f3n y condensadores de alta calidad. Software de calidad: las intuitivas interfaces de uefi bios y las redes con ia de asus facilitan la configuraci\u00f3n. Dyi f\u00e1cil: cajet\u00edn de e\/s montado en f\u00e1brica, bios flashback\u0099, q-led y safeslot. Personalizaci\u00f3n inigualable: iluminaci\u00f3n rgb aura sync exclusiva de asus, conector aura rgb y rgb direccionable. El sonido l\u00edder de la industria gaming: cancelaci\u00f3n de ruido asistida por ia, c\u00f3dec supremefx s1220a, dts\u00ae sound unbound\u0099 y sonic studio iii para una experiencia envolvente.<\/p>\n","protected":false},"featured_media":258022,"comment_status":"open","ping_status":"open","template":"","meta":[],"product_cat":[1727,1734],"product_tag":[2096],"acf":[],"yoast_head":"<!-- This site is optimized with the Yoast SEO plugin v21.7 - https:\/\/yoast.com\/wordpress\/plugins\/seo\/ -->\n<title>[ Asus Oem ] &#129351; Rog Strix B550-f Gaming Wifi Ii Mb Asus B550 Amd S-am4 5a Gen\/4x Ddr4 2666\/dp\/hdmi\/m.2\/6x Usb 3.2\/usb-c\/wifi 6e\/bluetooth\/atx\/gama Media\/gamer\/rgb<\/title>\n<meta name=\"description\" content=\"Compra Rog Strix B550-f Gaming Wifi Ii Mb Asus B550 Amd S-am4 5a Gen\/4x Ddr4 2666\/dp\/hdmi\/m.2\/6x Usb 3.2\/usb-c\/wifi 6e\/bluetooth\/atx\/gama Media\/gamer\/rgb + Env\u00edo a domicilio + Pago seguro + Garant\u00eda\" \/>\n<meta name=\"robots\" content=\"index, follow, max-snippet:-1, max-image-preview:large, max-video-preview:-1\" \/>\n<link rel=\"canonical\" href=\"https:\/\/compuviper.mx\/tienda\/producto\/asus-oem-rog-strix-b550-f-gaming-wifi-ii-mb-asus-b550-amd-s-am4-5a-gen-4x-ddr4-2666-dp-hdmi-m-2-6x-usb-3-2-usb-c-wifi-6e-bluetooth-atx-gama-media-gamer-rgb\/\" \/>\n<meta property=\"og:locale\" content=\"es_MX\" \/>\n<meta property=\"og:type\" content=\"article\" \/>\n<meta property=\"og:title\" content=\"[ Asus Oem ] &#129351; Rog Strix B550-f Gaming Wifi Ii Mb Asus B550 Amd S-am4 5a Gen\/4x Ddr4 2666\/dp\/hdmi\/m.2\/6x Usb 3.2\/usb-c\/wifi 6e\/bluetooth\/atx\/gama Media\/gamer\/rgb\" \/>\n<meta property=\"og:description\" content=\"Compra Rog Strix B550-f Gaming Wifi Ii Mb Asus B550 Amd S-am4 5a Gen\/4x Ddr4 2666\/dp\/hdmi\/m.2\/6x Usb 3.2\/usb-c\/wifi 6e\/bluetooth\/atx\/gama Media\/gamer\/rgb + Env\u00edo a domicilio + Pago seguro + Garant\u00eda\" \/>\n<meta property=\"og:url\" content=\"https:\/\/compuviper.mx\/tienda\/producto\/asus-oem-rog-strix-b550-f-gaming-wifi-ii-mb-asus-b550-amd-s-am4-5a-gen-4x-ddr4-2666-dp-hdmi-m-2-6x-usb-3-2-usb-c-wifi-6e-bluetooth-atx-gama-media-gamer-rgb\/\" \/>\n<meta property=\"og:site_name\" content=\"Compuviper\" \/>\n<meta property=\"article:publisher\" content=\"https:\/\/www.facebook.com\/compuviper\" \/>\n<meta property=\"article:modified_time\" content=\"2026-04-26T06:00:19+00:00\" \/>\n<meta property=\"og:image\" content=\"https:\/\/compuviper.mx\/tienda\/wp-content\/uploads\/2025\/09\/Mb-asus-b550-amd-s-am4-5a-gen4x-ddr4-2666dphdmim.26x-usb-3.2usb-cwifi-6ebluetoothatxgama-mediagamerrgb.jpg\" \/>\n\t<meta property=\"og:image:width\" content=\"200\" \/>\n\t<meta property=\"og:image:height\" content=\"200\" \/>\n\t<meta property=\"og:image:type\" content=\"image\/jpeg\" \/>\n<meta name=\"twitter:card\" content=\"summary_large_image\" \/>\n<meta name=\"twitter:label1\" content=\"Precio\" \/>\n\t<meta name=\"twitter:data1\" content=\"&#36;3,012 con IVA\" \/>\n\t<meta name=\"twitter:label2\" content=\"Availability\" \/>\n\t<meta name=\"twitter:data2\" content=\"In stock\" \/>\n<script type=\"application\/ld+json\" class=\"yoast-schema-graph\">{\"@context\":\"https:\/\/schema.org\",\"@graph\":[{\"@type\":\"WebPage\",\"@id\":\"https:\/\/compuviper.mx\/tienda\/producto\/asus-oem-rog-strix-b550-f-gaming-wifi-ii-mb-asus-b550-amd-s-am4-5a-gen-4x-ddr4-2666-dp-hdmi-m-2-6x-usb-3-2-usb-c-wifi-6e-bluetooth-atx-gama-media-gamer-rgb\/\",\"url\":\"https:\/\/compuviper.mx\/tienda\/producto\/asus-oem-rog-strix-b550-f-gaming-wifi-ii-mb-asus-b550-amd-s-am4-5a-gen-4x-ddr4-2666-dp-hdmi-m-2-6x-usb-3-2-usb-c-wifi-6e-bluetooth-atx-gama-media-gamer-rgb\/\",\"name\":\"[ Asus Oem ] &#129351; Rog Strix B550-f Gaming Wifi Ii Mb Asus B550 Amd S-am4 5a Gen\/4x Ddr4 2666\/dp\/hdmi\/m.2\/6x Usb 3.2\/usb-c\/wifi 6e\/bluetooth\/atx\/gama Media\/gamer\/rgb\",\"isPartOf\":{\"@id\":\"https:\/\/compuviper.mx\/tienda\/#website\"},\"datePublished\":\"2026-04-25T06:40:13+00:00\",\"dateModified\":\"2026-04-26T06:00:19+00:00\",\"description\":\"Compra Rog Strix B550-f Gaming Wifi Ii Mb Asus B550 Amd S-am4 5a Gen\/4x Ddr4 2666\/dp\/hdmi\/m.2\/6x Usb 3.2\/usb-c\/wifi 6e\/bluetooth\/atx\/gama Media\/gamer\/rgb + Env\u00edo a domicilio + Pago seguro + Garant\u00eda\",\"breadcrumb\":{\"@id\":\"https:\/\/compuviper.mx\/tienda\/producto\/asus-oem-rog-strix-b550-f-gaming-wifi-ii-mb-asus-b550-amd-s-am4-5a-gen-4x-ddr4-2666-dp-hdmi-m-2-6x-usb-3-2-usb-c-wifi-6e-bluetooth-atx-gama-media-gamer-rgb\/#breadcrumb\"},\"inLanguage\":\"es-MX\",\"potentialAction\":[{\"@type\":\"ReadAction\",\"target\":[\"https:\/\/compuviper.mx\/tienda\/producto\/asus-oem-rog-strix-b550-f-gaming-wifi-ii-mb-asus-b550-amd-s-am4-5a-gen-4x-ddr4-2666-dp-hdmi-m-2-6x-usb-3-2-usb-c-wifi-6e-bluetooth-atx-gama-media-gamer-rgb\/\"]}]},{\"@type\":\"BreadcrumbList\",\"@id\":\"https:\/\/compuviper.mx\/tienda\/producto\/asus-oem-rog-strix-b550-f-gaming-wifi-ii-mb-asus-b550-amd-s-am4-5a-gen-4x-ddr4-2666-dp-hdmi-m-2-6x-usb-3-2-usb-c-wifi-6e-bluetooth-atx-gama-media-gamer-rgb\/#breadcrumb\",\"itemListElement\":[{\"@type\":\"ListItem\",\"position\":1,\"name\":\"Inicio\",\"item\":\"https:\/\/compuviper.mx\/tienda\/\"},{\"@type\":\"ListItem\",\"position\":2,\"name\":\"Productos\",\"item\":\"https:\/\/compuviper.mx\/tienda\/productos\/\"},{\"@type\":\"ListItem\",\"position\":3,\"name\":\"Tarjeta Madre\",\"item\":\"https:\/\/compuviper.mx\/tienda\/categoria-producto\/tarjeta-madre\/\"},{\"@type\":\"ListItem\",\"position\":4,\"name\":\"Socket Am4\",\"item\":\"https:\/\/compuviper.mx\/tienda\/categoria-producto\/tarjeta-madre\/socket-am4\/\"},{\"@type\":\"ListItem\",\"position\":5,\"name\":\"Asus Oem Rog Strix B550-f Gaming Wifi Ii Mb Asus B550 Amd S-am4 5a Gen\/4x Ddr4 2666\/dp\/hdmi\/m.2\/6x Usb 3.2\/usb-c\/wifi 6e\/bluetooth\/atx\/gama Media\/gamer\/rgb\"}]},{\"@type\":\"WebSite\",\"@id\":\"https:\/\/compuviper.mx\/tienda\/#website\",\"url\":\"https:\/\/compuviper.mx\/tienda\/\",\"name\":\"Compuviper\",\"description\":\"Proveedor de Computadoras, Laptops, Servidores, Monitores, Puntos de Venta, Teclados,   Impresoras, T\u00f3ner, C\u00e1maras de Seguridad y m\u00e1s en tu tienda en l\u00ednea\",\"publisher\":{\"@id\":\"https:\/\/compuviper.mx\/tienda\/#organization\"},\"potentialAction\":[{\"@type\":\"SearchAction\",\"target\":{\"@type\":\"EntryPoint\",\"urlTemplate\":\"https:\/\/compuviper.mx\/tienda\/?s={search_term_string}\"},\"query-input\":\"required name=search_term_string\"}],\"inLanguage\":\"es-MX\"},{\"@type\":\"Organization\",\"@id\":\"https:\/\/compuviper.mx\/tienda\/#organization\",\"name\":\"Compuviper\",\"url\":\"https:\/\/compuviper.mx\/tienda\/\",\"logo\":{\"@type\":\"ImageObject\",\"inLanguage\":\"es-MX\",\"@id\":\"https:\/\/compuviper.mx\/tienda\/#\/schema\/logo\/image\/\",\"url\":\"https:\/\/compuviper.mx\/tienda\/wp-content\/uploads\/2021\/08\/Logo-Compuviper-10.png\",\"contentUrl\":\"https:\/\/compuviper.mx\/tienda\/wp-content\/uploads\/2021\/08\/Logo-Compuviper-10.png\",\"width\":1000,\"height\":500,\"caption\":\"Compuviper\"},\"image\":{\"@id\":\"https:\/\/compuviper.mx\/tienda\/#\/schema\/logo\/image\/\"},\"sameAs\":[\"https:\/\/www.facebook.com\/compuviper\",\"https:\/\/www.youtube.com\/channel\/UCf73dERp9Y3cfOq7q8BhLjA?view_as=subscriber\"]}]}<\/script>\n<meta property=\"product:brand\" content=\"Asus Oem\" \/>\n<meta property=\"product:price:amount\" content=\"3012\" \/>\n<meta property=\"product:price:currency\" content=\"MXN\" \/>\n<meta property=\"og:availability\" content=\"instock\" \/>\n<meta property=\"product:availability\" content=\"instock\" \/>\n<meta property=\"product:retailer_item_id\" content=\"ROG STRIX B550-F GAMING WIFI II\" \/>\n<meta property=\"product:condition\" content=\"new\" \/>\n<!-- \/ Yoast SEO plugin. -->","yoast_head_json":{"title":"[ Asus Oem ] &#129351; Rog Strix B550-f Gaming Wifi Ii Mb Asus B550 Amd S-am4 5a Gen\/4x Ddr4 2666\/dp\/hdmi\/m.2\/6x Usb 3.2\/usb-c\/wifi 6e\/bluetooth\/atx\/gama Media\/gamer\/rgb","description":"Compra Rog Strix B550-f Gaming Wifi Ii Mb Asus B550 Amd S-am4 5a Gen\/4x Ddr4 2666\/dp\/hdmi\/m.2\/6x Usb 3.2\/usb-c\/wifi 6e\/bluetooth\/atx\/gama Media\/gamer\/rgb + Env\u00edo a domicilio + Pago seguro + Garant\u00eda","robots":{"index":"index","follow":"follow","max-snippet":"max-snippet:-1","max-image-preview":"max-image-preview:large","max-video-preview":"max-video-preview:-1"},"canonical":"https:\/\/compuviper.mx\/tienda\/producto\/asus-oem-rog-strix-b550-f-gaming-wifi-ii-mb-asus-b550-amd-s-am4-5a-gen-4x-ddr4-2666-dp-hdmi-m-2-6x-usb-3-2-usb-c-wifi-6e-bluetooth-atx-gama-media-gamer-rgb\/","og_locale":"es_MX","og_type":"article","og_title":"[ Asus Oem ] &#129351; Rog Strix B550-f Gaming Wifi Ii Mb Asus B550 Amd S-am4 5a Gen\/4x Ddr4 2666\/dp\/hdmi\/m.2\/6x Usb 3.2\/usb-c\/wifi 6e\/bluetooth\/atx\/gama Media\/gamer\/rgb","og_description":"Compra Rog Strix B550-f Gaming Wifi Ii Mb Asus B550 Amd S-am4 5a Gen\/4x Ddr4 2666\/dp\/hdmi\/m.2\/6x Usb 3.2\/usb-c\/wifi 6e\/bluetooth\/atx\/gama Media\/gamer\/rgb + Env\u00edo a domicilio + Pago seguro + Garant\u00eda","og_url":"https:\/\/compuviper.mx\/tienda\/producto\/asus-oem-rog-strix-b550-f-gaming-wifi-ii-mb-asus-b550-amd-s-am4-5a-gen-4x-ddr4-2666-dp-hdmi-m-2-6x-usb-3-2-usb-c-wifi-6e-bluetooth-atx-gama-media-gamer-rgb\/","og_site_name":"Compuviper","article_publisher":"https:\/\/www.facebook.com\/compuviper","article_modified_time":"2026-04-26T06:00:19+00:00","og_image":[{"width":200,"height":200,"url":"https:\/\/compuviper.mx\/tienda\/wp-content\/uploads\/2025\/09\/Mb-asus-b550-amd-s-am4-5a-gen4x-ddr4-2666dphdmim.26x-usb-3.2usb-cwifi-6ebluetoothatxgama-mediagamerrgb.jpg","type":"image\/jpeg"}],"twitter_card":"summary_large_image","twitter_misc":{"Precio":"&#36;3,012 con IVA","Availability":"In stock"},"schema":{"@context":"https:\/\/schema.org","@graph":[{"@type":"WebPage","@id":"https:\/\/compuviper.mx\/tienda\/producto\/asus-oem-rog-strix-b550-f-gaming-wifi-ii-mb-asus-b550-amd-s-am4-5a-gen-4x-ddr4-2666-dp-hdmi-m-2-6x-usb-3-2-usb-c-wifi-6e-bluetooth-atx-gama-media-gamer-rgb\/","url":"https:\/\/compuviper.mx\/tienda\/producto\/asus-oem-rog-strix-b550-f-gaming-wifi-ii-mb-asus-b550-amd-s-am4-5a-gen-4x-ddr4-2666-dp-hdmi-m-2-6x-usb-3-2-usb-c-wifi-6e-bluetooth-atx-gama-media-gamer-rgb\/","name":"[ Asus Oem ] &#129351; Rog Strix B550-f Gaming Wifi Ii Mb Asus B550 Amd S-am4 5a Gen\/4x Ddr4 2666\/dp\/hdmi\/m.2\/6x Usb 3.2\/usb-c\/wifi 6e\/bluetooth\/atx\/gama Media\/gamer\/rgb","isPartOf":{"@id":"https:\/\/compuviper.mx\/tienda\/#website"},"datePublished":"2026-04-25T06:40:13+00:00","dateModified":"2026-04-26T06:00:19+00:00","description":"Compra Rog Strix B550-f Gaming Wifi Ii Mb Asus B550 Amd S-am4 5a Gen\/4x Ddr4 2666\/dp\/hdmi\/m.2\/6x Usb 3.2\/usb-c\/wifi 6e\/bluetooth\/atx\/gama Media\/gamer\/rgb + Env\u00edo a domicilio + Pago seguro + Garant\u00eda","breadcrumb":{"@id":"https:\/\/compuviper.mx\/tienda\/producto\/asus-oem-rog-strix-b550-f-gaming-wifi-ii-mb-asus-b550-amd-s-am4-5a-gen-4x-ddr4-2666-dp-hdmi-m-2-6x-usb-3-2-usb-c-wifi-6e-bluetooth-atx-gama-media-gamer-rgb\/#breadcrumb"},"inLanguage":"es-MX","potentialAction":[{"@type":"ReadAction","target":["https:\/\/compuviper.mx\/tienda\/producto\/asus-oem-rog-strix-b550-f-gaming-wifi-ii-mb-asus-b550-amd-s-am4-5a-gen-4x-ddr4-2666-dp-hdmi-m-2-6x-usb-3-2-usb-c-wifi-6e-bluetooth-atx-gama-media-gamer-rgb\/"]}]},{"@type":"BreadcrumbList","@id":"https:\/\/compuviper.mx\/tienda\/producto\/asus-oem-rog-strix-b550-f-gaming-wifi-ii-mb-asus-b550-amd-s-am4-5a-gen-4x-ddr4-2666-dp-hdmi-m-2-6x-usb-3-2-usb-c-wifi-6e-bluetooth-atx-gama-media-gamer-rgb\/#breadcrumb","itemListElement":[{"@type":"ListItem","position":1,"name":"Inicio","item":"https:\/\/compuviper.mx\/tienda\/"},{"@type":"ListItem","position":2,"name":"Productos","item":"https:\/\/compuviper.mx\/tienda\/productos\/"},{"@type":"ListItem","position":3,"name":"Tarjeta Madre","item":"https:\/\/compuviper.mx\/tienda\/categoria-producto\/tarjeta-madre\/"},{"@type":"ListItem","position":4,"name":"Socket Am4","item":"https:\/\/compuviper.mx\/tienda\/categoria-producto\/tarjeta-madre\/socket-am4\/"},{"@type":"ListItem","position":5,"name":"Asus Oem Rog Strix B550-f Gaming Wifi Ii Mb Asus B550 Amd S-am4 5a Gen\/4x Ddr4 2666\/dp\/hdmi\/m.2\/6x Usb 3.2\/usb-c\/wifi 6e\/bluetooth\/atx\/gama Media\/gamer\/rgb"}]},{"@type":"WebSite","@id":"https:\/\/compuviper.mx\/tienda\/#website","url":"https:\/\/compuviper.mx\/tienda\/","name":"Compuviper","description":"Proveedor de Computadoras, Laptops, Servidores, Monitores, Puntos de Venta, Teclados,   Impresoras, T\u00f3ner, C\u00e1maras de Seguridad y m\u00e1s en tu tienda en l\u00ednea","publisher":{"@id":"https:\/\/compuviper.mx\/tienda\/#organization"},"potentialAction":[{"@type":"SearchAction","target":{"@type":"EntryPoint","urlTemplate":"https:\/\/compuviper.mx\/tienda\/?s={search_term_string}"},"query-input":"required name=search_term_string"}],"inLanguage":"es-MX"},{"@type":"Organization","@id":"https:\/\/compuviper.mx\/tienda\/#organization","name":"Compuviper","url":"https:\/\/compuviper.mx\/tienda\/","logo":{"@type":"ImageObject","inLanguage":"es-MX","@id":"https:\/\/compuviper.mx\/tienda\/#\/schema\/logo\/image\/","url":"https:\/\/compuviper.mx\/tienda\/wp-content\/uploads\/2021\/08\/Logo-Compuviper-10.png","contentUrl":"https:\/\/compuviper.mx\/tienda\/wp-content\/uploads\/2021\/08\/Logo-Compuviper-10.png","width":1000,"height":500,"caption":"Compuviper"},"image":{"@id":"https:\/\/compuviper.mx\/tienda\/#\/schema\/logo\/image\/"},"sameAs":["https:\/\/www.facebook.com\/compuviper","https:\/\/www.youtube.com\/channel\/UCf73dERp9Y3cfOq7q8BhLjA?view_as=subscriber"]}]},"product_brand":"Asus Oem","product_price_amount":"3012","product_price_currency":"MXN","og_availability":"instock","product_availability":"instock","product_retailer_item_id":"ROG STRIX B550-F GAMING WIFI II","product_condition":"new"},"_links":{"self":[{"href":"https:\/\/compuviper.mx\/tienda\/wp-json\/wp\/v2\/product\/258021"}],"collection":[{"href":"https:\/\/compuviper.mx\/tienda\/wp-json\/wp\/v2\/product"}],"about":[{"href":"https:\/\/compuviper.mx\/tienda\/wp-json\/wp\/v2\/types\/product"}],"replies":[{"embeddable":true,"href":"https:\/\/compuviper.mx\/tienda\/wp-json\/wp\/v2\/comments?post=258021"}],"wp:featuredmedia":[{"embeddable":true,"href":"https:\/\/compuviper.mx\/tienda\/wp-json\/wp\/v2\/media\/258022"}],"wp:attachment":[{"href":"https:\/\/compuviper.mx\/tienda\/wp-json\/wp\/v2\/media?parent=258021"}],"wp:term":[{"taxonomy":"product_cat","embeddable":true,"href":"https:\/\/compuviper.mx\/tienda\/wp-json\/wp\/v2\/product_cat?post=258021"},{"taxonomy":"product_tag","embeddable":true,"href":"https:\/\/compuviper.mx\/tienda\/wp-json\/wp\/v2\/product_tag?post=258021"}],"curies":[{"name":"wp","href":"https:\/\/api.w.org\/{rel}","templated":true}]}}