{"id":258012,"date":"2026-04-08T23:15:51","date_gmt":"2026-04-09T05:15:51","guid":{"rendered":"https:\/\/compuviper.mx\/tienda\/producto\/startech-com-notecons02x-consola-kvm-con-carcasa-resistente-de-ordenador-porttil-a-servidor-startech\/"},"modified":"2026-04-08T23:15:51","modified_gmt":"2026-04-09T05:15:51","slug":"startech-com-notecons02x-consola-kvm-con-carcasa-resistente-de-ordenador-porttil-a-servidor-startech","status":"publish","type":"product","link":"https:\/\/compuviper.mx\/tienda\/producto\/startech-com-notecons02x-consola-kvm-con-carcasa-resistente-de-ordenador-porttil-a-servidor-startech\/","title":{"rendered":"Startech.com Notecons02x Consola Kvm Con Carcasa Resistente De Ordenador Port?til A Servidor Startech"},"content":{"rendered":"<table class=\"descripcion\">\n<tr>\n<td>De portatil a servidor: el adaptador usb de crash cart conecta su portatil a un sistema sin monitor, convirtiendo su portatil en una consola portatil para servidores en rack en su sala de servidores, pcs, cajeros automaticos, quioscos, etc<\/td>\n<\/tr>\n<tr>\n<td>Solucion de problemas eficaz: transfiera ficheros facilmente, haga capturas de pantallas y registre la actividad del servidor mediante el software del crash cart &#8211; para un rendimiento optimo, asegurese de que esten instalados los drivers mas recientes<\/td>\n<\/tr>\n<tr>\n<td>Control a nivel de bios: conecte el adaptador con el cable usb y los cables usb y vga integrados a su servidor para obtener un control instantaneo a nivel de bios &#8211; nota: la funcion del raton puede estar limitada en algunos entornos bios\/uefi<\/td>\n<\/tr>\n<tr>\n<td>Autoalimentado: se alimenta de la conexion usb del lado del servidor, reduciendo la carga de la bateria del portatil y elimina la necesidad de una toma de ca, permitiendole conectarse a cualquier pc o dispositivo con un puerto de salida vga y conexion usb<\/td>\n<\/tr>\n<tr>\n<td>Carcasa robusta: para garantizar un rendimiento duradero, esta consola de ordenador portatil a kvm cuenta con una carcasa de goma que absorbe los golpes cuando se deja caer &#8211; ideal para aplicaciones en su sala de servidores o centro de datos<\/td>\n<\/tr>\n<\/table>\n","protected":false},"excerpt":{"rendered":"<p>Utilice este adaptador de crash cart usb para convertir su ordenador portatil en una consola kvm portatil para acceder a servidores, cajeros automaticos y quioscos y facilitar la transferencia de ficheros y la captura de v\u00eddeos<\/p>\n","protected":false},"featured_media":258966,"comment_status":"open","ping_status":"open","template":"","meta":[],"product_cat":[1485,1518],"product_tag":[1590],"acf":[],"yoast_head":"<!-- This site is optimized with the Yoast SEO plugin v21.7 - https:\/\/yoast.com\/wordpress\/plugins\/seo\/ -->\n<title>[ Startech.com ] &#129351; Notecons02x Consola Kvm Con Carcasa Resistente De Ordenador Port\u00e1til A Servidor Startech<\/title>\n<meta name=\"description\" content=\"Compra Notecons02x Consola Kvm Con Carcasa Resistente De Ordenador Port\u00e1til A Servidor Startech + Env\u00edo a domicilio + Pago seguro + Garant\u00eda\" \/>\n<meta name=\"robots\" content=\"index, follow, max-snippet:-1, max-image-preview:large, max-video-preview:-1\" \/>\n<link rel=\"canonical\" href=\"https:\/\/compuviper.mx\/tienda\/producto\/startech-com-notecons02x-consola-kvm-con-carcasa-resistente-de-ordenador-porttil-a-servidor-startech\/\" \/>\n<meta property=\"og:locale\" content=\"es_MX\" \/>\n<meta property=\"og:type\" content=\"article\" \/>\n<meta property=\"og:title\" content=\"[ Startech.com ] &#129351; Notecons02x Consola Kvm Con Carcasa Resistente De Ordenador Port\u00e1til A Servidor Startech\" \/>\n<meta property=\"og:description\" content=\"Compra Notecons02x Consola Kvm Con Carcasa Resistente De Ordenador Port\u00e1til A Servidor Startech + Env\u00edo a domicilio + Pago seguro + Garant\u00eda\" \/>\n<meta property=\"og:url\" content=\"https:\/\/compuviper.mx\/tienda\/producto\/startech-com-notecons02x-consola-kvm-con-carcasa-resistente-de-ordenador-porttil-a-servidor-startech\/\" \/>\n<meta property=\"og:site_name\" content=\"Compuviper\" \/>\n<meta property=\"article:publisher\" content=\"https:\/\/www.facebook.com\/compuviper\" \/>\n<meta property=\"og:image\" content=\"https:\/\/compuviper.mx\/tienda\/wp-content\/uploads\/2025\/10\/Consola-kvm-con-carcasa-resistente-de-ordenador-portatil-a-servidor-startech.jpg\" \/>\n\t<meta property=\"og:image:width\" content=\"200\" \/>\n\t<meta property=\"og:image:height\" content=\"200\" \/>\n\t<meta property=\"og:image:type\" content=\"image\/jpeg\" \/>\n<meta name=\"twitter:card\" content=\"summary_large_image\" \/>\n<meta name=\"twitter:label1\" content=\"Precio\" \/>\n\t<meta name=\"twitter:data1\" content=\"&#36;11,167 con IVA\" \/>\n\t<meta name=\"twitter:label2\" content=\"Availability\" \/>\n\t<meta name=\"twitter:data2\" content=\"Out of stock\" \/>\n<script type=\"application\/ld+json\" class=\"yoast-schema-graph\">{\"@context\":\"https:\/\/schema.org\",\"@graph\":[{\"@type\":\"WebPage\",\"@id\":\"https:\/\/compuviper.mx\/tienda\/producto\/startech-com-notecons02x-consola-kvm-con-carcasa-resistente-de-ordenador-porttil-a-servidor-startech\/\",\"url\":\"https:\/\/compuviper.mx\/tienda\/producto\/startech-com-notecons02x-consola-kvm-con-carcasa-resistente-de-ordenador-porttil-a-servidor-startech\/\",\"name\":\"[ Startech.com ] &#129351; Notecons02x Consola Kvm Con Carcasa Resistente De Ordenador Port\u00e1til A Servidor Startech\",\"isPartOf\":{\"@id\":\"https:\/\/compuviper.mx\/tienda\/#website\"},\"datePublished\":\"2026-04-09T05:15:51+00:00\",\"dateModified\":\"2026-04-09T05:15:51+00:00\",\"description\":\"Compra Notecons02x Consola Kvm Con Carcasa Resistente De Ordenador Port\u00e1til A Servidor Startech + Env\u00edo a domicilio + Pago seguro + Garant\u00eda\",\"breadcrumb\":{\"@id\":\"https:\/\/compuviper.mx\/tienda\/producto\/startech-com-notecons02x-consola-kvm-con-carcasa-resistente-de-ordenador-porttil-a-servidor-startech\/#breadcrumb\"},\"inLanguage\":\"es-MX\",\"potentialAction\":[{\"@type\":\"ReadAction\",\"target\":[\"https:\/\/compuviper.mx\/tienda\/producto\/startech-com-notecons02x-consola-kvm-con-carcasa-resistente-de-ordenador-porttil-a-servidor-startech\/\"]}]},{\"@type\":\"BreadcrumbList\",\"@id\":\"https:\/\/compuviper.mx\/tienda\/producto\/startech-com-notecons02x-consola-kvm-con-carcasa-resistente-de-ordenador-porttil-a-servidor-startech\/#breadcrumb\",\"itemListElement\":[{\"@type\":\"ListItem\",\"position\":1,\"name\":\"Inicio\",\"item\":\"https:\/\/compuviper.mx\/tienda\/\"},{\"@type\":\"ListItem\",\"position\":2,\"name\":\"Productos\",\"item\":\"https:\/\/compuviper.mx\/tienda\/productos\/\"},{\"@type\":\"ListItem\",\"position\":3,\"name\":\"Accesorios\",\"item\":\"https:\/\/compuviper.mx\/tienda\/categoria-producto\/accesorios\/\"},{\"@type\":\"ListItem\",\"position\":4,\"name\":\"Kvm\",\"item\":\"https:\/\/compuviper.mx\/tienda\/categoria-producto\/accesorios\/kvm\/\"},{\"@type\":\"ListItem\",\"position\":5,\"name\":\"Startech.com Notecons02x Consola Kvm Con Carcasa Resistente De Ordenador Port?til A Servidor Startech\"}]},{\"@type\":\"WebSite\",\"@id\":\"https:\/\/compuviper.mx\/tienda\/#website\",\"url\":\"https:\/\/compuviper.mx\/tienda\/\",\"name\":\"Compuviper\",\"description\":\"Proveedor de Computadoras, Laptops, Servidores, Monitores, Puntos de Venta, Teclados,   Impresoras, T\u00f3ner, C\u00e1maras de Seguridad y m\u00e1s en tu tienda en l\u00ednea\",\"publisher\":{\"@id\":\"https:\/\/compuviper.mx\/tienda\/#organization\"},\"potentialAction\":[{\"@type\":\"SearchAction\",\"target\":{\"@type\":\"EntryPoint\",\"urlTemplate\":\"https:\/\/compuviper.mx\/tienda\/?s={search_term_string}\"},\"query-input\":\"required name=search_term_string\"}],\"inLanguage\":\"es-MX\"},{\"@type\":\"Organization\",\"@id\":\"https:\/\/compuviper.mx\/tienda\/#organization\",\"name\":\"Compuviper\",\"url\":\"https:\/\/compuviper.mx\/tienda\/\",\"logo\":{\"@type\":\"ImageObject\",\"inLanguage\":\"es-MX\",\"@id\":\"https:\/\/compuviper.mx\/tienda\/#\/schema\/logo\/image\/\",\"url\":\"https:\/\/compuviper.mx\/tienda\/wp-content\/uploads\/2021\/08\/Logo-Compuviper-10.png\",\"contentUrl\":\"https:\/\/compuviper.mx\/tienda\/wp-content\/uploads\/2021\/08\/Logo-Compuviper-10.png\",\"width\":1000,\"height\":500,\"caption\":\"Compuviper\"},\"image\":{\"@id\":\"https:\/\/compuviper.mx\/tienda\/#\/schema\/logo\/image\/\"},\"sameAs\":[\"https:\/\/www.facebook.com\/compuviper\",\"https:\/\/www.youtube.com\/channel\/UCf73dERp9Y3cfOq7q8BhLjA?view_as=subscriber\"]}]}<\/script>\n<meta property=\"product:brand\" content=\"STARTECH.COM\" \/>\n<meta property=\"product:price:amount\" content=\"11167\" \/>\n<meta property=\"product:price:currency\" content=\"MXN\" \/>\n<meta property=\"og:availability\" content=\"out of stock\" \/>\n<meta property=\"product:availability\" content=\"out of stock\" \/>\n<meta property=\"product:retailer_item_id\" content=\"NOTECONS02X\" \/>\n<meta property=\"product:condition\" content=\"new\" \/>\n<!-- \/ Yoast SEO plugin. -->","yoast_head_json":{"title":"[ Startech.com ] &#129351; Notecons02x Consola Kvm Con Carcasa Resistente De Ordenador Port\u00e1til A Servidor Startech","description":"Compra Notecons02x Consola Kvm Con Carcasa Resistente De Ordenador Port\u00e1til A Servidor Startech + Env\u00edo a domicilio + Pago seguro + Garant\u00eda","robots":{"index":"index","follow":"follow","max-snippet":"max-snippet:-1","max-image-preview":"max-image-preview:large","max-video-preview":"max-video-preview:-1"},"canonical":"https:\/\/compuviper.mx\/tienda\/producto\/startech-com-notecons02x-consola-kvm-con-carcasa-resistente-de-ordenador-porttil-a-servidor-startech\/","og_locale":"es_MX","og_type":"article","og_title":"[ Startech.com ] &#129351; Notecons02x Consola Kvm Con Carcasa Resistente De Ordenador Port\u00e1til A Servidor Startech","og_description":"Compra Notecons02x Consola Kvm Con Carcasa Resistente De Ordenador Port\u00e1til A Servidor Startech + Env\u00edo a domicilio + Pago seguro + Garant\u00eda","og_url":"https:\/\/compuviper.mx\/tienda\/producto\/startech-com-notecons02x-consola-kvm-con-carcasa-resistente-de-ordenador-porttil-a-servidor-startech\/","og_site_name":"Compuviper","article_publisher":"https:\/\/www.facebook.com\/compuviper","og_image":[{"width":200,"height":200,"url":"https:\/\/compuviper.mx\/tienda\/wp-content\/uploads\/2025\/10\/Consola-kvm-con-carcasa-resistente-de-ordenador-portatil-a-servidor-startech.jpg","type":"image\/jpeg"}],"twitter_card":"summary_large_image","twitter_misc":{"Precio":"&#36;11,167 con IVA","Availability":"Out of stock"},"schema":{"@context":"https:\/\/schema.org","@graph":[{"@type":"WebPage","@id":"https:\/\/compuviper.mx\/tienda\/producto\/startech-com-notecons02x-consola-kvm-con-carcasa-resistente-de-ordenador-porttil-a-servidor-startech\/","url":"https:\/\/compuviper.mx\/tienda\/producto\/startech-com-notecons02x-consola-kvm-con-carcasa-resistente-de-ordenador-porttil-a-servidor-startech\/","name":"[ Startech.com ] &#129351; Notecons02x Consola Kvm Con Carcasa Resistente De Ordenador Port\u00e1til A Servidor Startech","isPartOf":{"@id":"https:\/\/compuviper.mx\/tienda\/#website"},"datePublished":"2026-04-09T05:15:51+00:00","dateModified":"2026-04-09T05:15:51+00:00","description":"Compra Notecons02x Consola Kvm Con Carcasa Resistente De Ordenador Port\u00e1til A Servidor Startech + Env\u00edo a domicilio + Pago seguro + Garant\u00eda","breadcrumb":{"@id":"https:\/\/compuviper.mx\/tienda\/producto\/startech-com-notecons02x-consola-kvm-con-carcasa-resistente-de-ordenador-porttil-a-servidor-startech\/#breadcrumb"},"inLanguage":"es-MX","potentialAction":[{"@type":"ReadAction","target":["https:\/\/compuviper.mx\/tienda\/producto\/startech-com-notecons02x-consola-kvm-con-carcasa-resistente-de-ordenador-porttil-a-servidor-startech\/"]}]},{"@type":"BreadcrumbList","@id":"https:\/\/compuviper.mx\/tienda\/producto\/startech-com-notecons02x-consola-kvm-con-carcasa-resistente-de-ordenador-porttil-a-servidor-startech\/#breadcrumb","itemListElement":[{"@type":"ListItem","position":1,"name":"Inicio","item":"https:\/\/compuviper.mx\/tienda\/"},{"@type":"ListItem","position":2,"name":"Productos","item":"https:\/\/compuviper.mx\/tienda\/productos\/"},{"@type":"ListItem","position":3,"name":"Accesorios","item":"https:\/\/compuviper.mx\/tienda\/categoria-producto\/accesorios\/"},{"@type":"ListItem","position":4,"name":"Kvm","item":"https:\/\/compuviper.mx\/tienda\/categoria-producto\/accesorios\/kvm\/"},{"@type":"ListItem","position":5,"name":"Startech.com Notecons02x Consola Kvm Con Carcasa Resistente De Ordenador Port?til A Servidor Startech"}]},{"@type":"WebSite","@id":"https:\/\/compuviper.mx\/tienda\/#website","url":"https:\/\/compuviper.mx\/tienda\/","name":"Compuviper","description":"Proveedor de Computadoras, Laptops, Servidores, Monitores, Puntos de Venta, Teclados,   Impresoras, T\u00f3ner, C\u00e1maras de Seguridad y m\u00e1s en tu tienda en l\u00ednea","publisher":{"@id":"https:\/\/compuviper.mx\/tienda\/#organization"},"potentialAction":[{"@type":"SearchAction","target":{"@type":"EntryPoint","urlTemplate":"https:\/\/compuviper.mx\/tienda\/?s={search_term_string}"},"query-input":"required name=search_term_string"}],"inLanguage":"es-MX"},{"@type":"Organization","@id":"https:\/\/compuviper.mx\/tienda\/#organization","name":"Compuviper","url":"https:\/\/compuviper.mx\/tienda\/","logo":{"@type":"ImageObject","inLanguage":"es-MX","@id":"https:\/\/compuviper.mx\/tienda\/#\/schema\/logo\/image\/","url":"https:\/\/compuviper.mx\/tienda\/wp-content\/uploads\/2021\/08\/Logo-Compuviper-10.png","contentUrl":"https:\/\/compuviper.mx\/tienda\/wp-content\/uploads\/2021\/08\/Logo-Compuviper-10.png","width":1000,"height":500,"caption":"Compuviper"},"image":{"@id":"https:\/\/compuviper.mx\/tienda\/#\/schema\/logo\/image\/"},"sameAs":["https:\/\/www.facebook.com\/compuviper","https:\/\/www.youtube.com\/channel\/UCf73dERp9Y3cfOq7q8BhLjA?view_as=subscriber"]}]},"product_brand":"STARTECH.COM","product_price_amount":"11167","product_price_currency":"MXN","og_availability":"out of stock","product_availability":"out of stock","product_retailer_item_id":"NOTECONS02X","product_condition":"new"},"_links":{"self":[{"href":"https:\/\/compuviper.mx\/tienda\/wp-json\/wp\/v2\/product\/258012"}],"collection":[{"href":"https:\/\/compuviper.mx\/tienda\/wp-json\/wp\/v2\/product"}],"about":[{"href":"https:\/\/compuviper.mx\/tienda\/wp-json\/wp\/v2\/types\/product"}],"replies":[{"embeddable":true,"href":"https:\/\/compuviper.mx\/tienda\/wp-json\/wp\/v2\/comments?post=258012"}],"wp:featuredmedia":[{"embeddable":true,"href":"https:\/\/compuviper.mx\/tienda\/wp-json\/wp\/v2\/media\/258966"}],"wp:attachment":[{"href":"https:\/\/compuviper.mx\/tienda\/wp-json\/wp\/v2\/media?parent=258012"}],"wp:term":[{"taxonomy":"product_cat","embeddable":true,"href":"https:\/\/compuviper.mx\/tienda\/wp-json\/wp\/v2\/product_cat?post=258012"},{"taxonomy":"product_tag","embeddable":true,"href":"https:\/\/compuviper.mx\/tienda\/wp-json\/wp\/v2\/product_tag?post=258012"}],"curies":[{"name":"wp","href":"https:\/\/api.w.org\/{rel}","templated":true}]}}