{"id":257941,"date":"2026-04-23T00:18:19","date_gmt":"2026-04-23T06:18:19","guid":{"rendered":"https:\/\/compuviper.mx\/tienda\/producto\/dahua-dh-hac-b1a51n-u-il-a-camara-bullet-de-5-mp-serie-cooper-lente-2-8-mm-apertura-hasta-106-iluminacion-dual-inteligente-hasta-30mts-con-ir-20mts-luz-calida-microfono-incorporado-plastic\/"},"modified":"2026-04-23T00:18:19","modified_gmt":"2026-04-23T06:18:19","slug":"dahua-dh-hac-b1a51n-u-il-a-camara-bullet-de-5-mp-serie-cooper-lente-2-8-mm-apertura-hasta-106-iluminacion-dual-inteligente-hasta-30mts-con-ir-20mts-luz-calida-microfono-incorporado-plastic","status":"publish","type":"product","link":"https:\/\/compuviper.mx\/tienda\/producto\/dahua-dh-hac-b1a51n-u-il-a-camara-bullet-de-5-mp-serie-cooper-lente-2-8-mm-apertura-hasta-106-iluminacion-dual-inteligente-hasta-30mts-con-ir-20mts-luz-calida-microfono-incorporado-plastic\/","title":{"rendered":"Dahua Dh-hac-b1a51n-u-il-a Camara\/ \/ \/  Bullet De 5 Mp Serie Cooper\/ Lente 2.8 Mm Apertura Hasta 106?\/ Iluminacion Dual Inteligente\/hasta 30mts Con Ir +20mts Luz Calida\/ Microfono Incorporado\/ Plastico"},"content":{"rendered":"<table class=\"descripcion\">\n<tr>\n<td>Caracteristicas principales<\/td>\n<\/tr>\n<tr>\n<td>\u0095 luz dual inteligente<\/td>\n<\/tr>\n<tr>\n<td>\u0095 audio con calidad de transmision<\/td>\n<\/tr>\n<tr>\n<td>\u0095 proteccion (ip67, amplio voltaje)<\/td>\n<\/tr>\n<tr>\n<td>\u0095 sencillez<\/td>\n<\/tr>\n<tr>\n<td>\u0095 transmision de larga distancia<\/td>\n<\/tr>\n<tr>\n<td>\u0095 multiples formatos<\/td>\n<\/tr>\n<tr>\n<td>Especificaciones tecnicas<\/td>\n<\/tr>\n<tr>\n<td>\u0095 sensor de imagen: cmos de 5 mp con escaneo progresivo<\/td>\n<\/tr>\n<tr>\n<td>\u0095 resolucion maxima: 2880 \u00d7 1620 (5 mp)<\/td>\n<\/tr>\n<tr>\n<td>\u0095 iluminacion minima: 0 lux con iluminador activado (ir o luz calida)<\/td>\n<\/tr>\n<tr>\n<td>\u0095 distancia de iluminacion: ir hasta 30 m, luz calida hasta 20 m<\/td>\n<\/tr>\n<tr>\n<td>\u0095 lente fija disponible: 2.8 mm, 3.6 mm o 6 mm (montura m12)<\/td>\n<\/tr>\n<tr>\n<td>\u0095 campo de vision: hasta 125\u00b0 (2.8 mm)<\/td>\n<\/tr>\n<tr>\n<td>\u0095 audio: microfono incorporado de un canal<\/td>\n<\/tr>\n<tr>\n<td>\u0095 salida de video: cvi\/tvi\/ahd\/cvbs por puerto bnc<\/td>\n<\/tr>\n<tr>\n<td>\u0095 proteccion ambiental: ip67, resistente a agua y polvo<\/td>\n<\/tr>\n<tr>\n<td>\u0095 consumo de energia: max. 4.0 w (12 vcc, con led encendido)<\/td>\n<\/tr>\n<tr>\n<td>Incluye<\/td>\n<\/tr>\n<tr>\n<td>\u0095 1x camara tipo bullet dahua dh-hac-b1a51n-u-il-a<\/td>\n<\/tr>\n<tr>\n<td>\u0095 1x manual de usuario<\/td>\n<\/tr>\n<tr>\n<td>\u0095 1x poliza de garantia<\/td>\n<\/tr>\n<\/table>\n","protected":false},"excerpt":{"rendered":"<p>Informacion general. La dahua dh-hac-b1a51n-u-il-a es una camara tipo bullet de 5 megapixeles que ofrece imagenes de alta definicion y vigilancia precisa en exteriores. Con lente de 2.8 mm y angulo de vision de hasta 106\u00b0, permite monitoreo amplio de zonas abiertas. Su iluminacion dual inteligente alterna automaticamente entre luz blanca e infrarroja, alcanzando hasta 30 metros. Incluye microfono integrado para captacion de audio ambiental, y su carcasa plastica ip67 asegura resistencia al agua y polvo. Es compatible con tecnologias hdcvi y tiene salida de video conmutable, lo que facilita su integracion con diferentes sistemas de videovigilancia.<\/p>\n","protected":false},"featured_media":259497,"comment_status":"open","ping_status":"open","template":"","meta":[],"product_cat":[1608,1681],"product_tag":[1555],"acf":[],"yoast_head":"<!-- This site is optimized with the Yoast SEO plugin v21.7 - https:\/\/yoast.com\/wordpress\/plugins\/seo\/ -->\n<title>[ Dahua ] &#129351; Dh-hac-b1a51n-u-il-a Camara\/ \/ \/ Bullet De 5 Mp Serie Cooper\/ Lente 2.8 Mm Apertura Hasta 106\u00b0\/ Iluminacion Dual Inteligente\/hasta 30mts Con Ir +20mts Luz Calida\/ Microfono Incorporado\/ Plastico<\/title>\n<meta name=\"description\" content=\"Compra Dh-hac-b1a51n-u-il-a Camara\/ \/ \/ Bullet De 5 Mp Serie Cooper\/ Lente 2.8 Mm Apertura Hasta 106\u00b0\/ Iluminacion Dual Inteligente\/hasta 30mts Con Ir +20mts Luz Calida\/ Microfono Incorporado\/ Plastico + Env\u00edo a domicilio + Pago seguro + Garant\u00eda\" \/>\n<meta name=\"robots\" content=\"index, follow, max-snippet:-1, max-image-preview:large, max-video-preview:-1\" \/>\n<link rel=\"canonical\" href=\"https:\/\/compuviper.mx\/tienda\/producto\/dahua-dh-hac-b1a51n-u-il-a-camara-bullet-de-5-mp-serie-cooper-lente-2-8-mm-apertura-hasta-106-iluminacion-dual-inteligente-hasta-30mts-con-ir-20mts-luz-calida-microfono-incorporado-plastic\/\" \/>\n<meta property=\"og:locale\" content=\"es_MX\" \/>\n<meta property=\"og:type\" content=\"article\" \/>\n<meta property=\"og:title\" content=\"[ Dahua ] &#129351; Dh-hac-b1a51n-u-il-a Camara\/ \/ \/ Bullet De 5 Mp Serie Cooper\/ Lente 2.8 Mm Apertura Hasta 106\u00b0\/ Iluminacion Dual Inteligente\/hasta 30mts Con Ir +20mts Luz Calida\/ Microfono Incorporado\/ Plastico\" \/>\n<meta property=\"og:description\" content=\"Compra Dh-hac-b1a51n-u-il-a Camara\/ \/ \/ Bullet De 5 Mp Serie Cooper\/ Lente 2.8 Mm Apertura Hasta 106\u00b0\/ Iluminacion Dual Inteligente\/hasta 30mts Con Ir +20mts Luz Calida\/ Microfono Incorporado\/ Plastico + Env\u00edo a domicilio + Pago seguro + Garant\u00eda\" \/>\n<meta property=\"og:url\" content=\"https:\/\/compuviper.mx\/tienda\/producto\/dahua-dh-hac-b1a51n-u-il-a-camara-bullet-de-5-mp-serie-cooper-lente-2-8-mm-apertura-hasta-106-iluminacion-dual-inteligente-hasta-30mts-con-ir-20mts-luz-calida-microfono-incorporado-plastic\/\" \/>\n<meta property=\"og:site_name\" content=\"Compuviper\" \/>\n<meta property=\"article:publisher\" content=\"https:\/\/www.facebook.com\/compuviper\" \/>\n<meta property=\"og:image\" content=\"https:\/\/compuviper.mx\/tienda\/wp-content\/uploads\/2025\/10\/Camara-dahua-dh-hac-b1a51n-u-il-a-bullet-de-5-mp-serie-cooper-lente-2.8-mm-apertura-hasta-106\u00b0-iluminacion-dual-inteligentehasta-30mts-con-ir-20mts-luz-calida-microfono-incorporado-plastico.jpg\" \/>\n\t<meta property=\"og:image:width\" content=\"200\" \/>\n\t<meta property=\"og:image:height\" content=\"200\" \/>\n\t<meta property=\"og:image:type\" content=\"image\/jpeg\" \/>\n<meta name=\"twitter:card\" content=\"summary_large_image\" \/>\n<meta name=\"twitter:label1\" content=\"Precio\" \/>\n\t<meta name=\"twitter:data1\" content=\"&#36;468 con IVA\" \/>\n\t<meta name=\"twitter:label2\" content=\"Availability\" \/>\n\t<meta name=\"twitter:data2\" content=\"In stock\" \/>\n<script type=\"application\/ld+json\" class=\"yoast-schema-graph\">{\"@context\":\"https:\/\/schema.org\",\"@graph\":[{\"@type\":\"WebPage\",\"@id\":\"https:\/\/compuviper.mx\/tienda\/producto\/dahua-dh-hac-b1a51n-u-il-a-camara-bullet-de-5-mp-serie-cooper-lente-2-8-mm-apertura-hasta-106-iluminacion-dual-inteligente-hasta-30mts-con-ir-20mts-luz-calida-microfono-incorporado-plastic\/\",\"url\":\"https:\/\/compuviper.mx\/tienda\/producto\/dahua-dh-hac-b1a51n-u-il-a-camara-bullet-de-5-mp-serie-cooper-lente-2-8-mm-apertura-hasta-106-iluminacion-dual-inteligente-hasta-30mts-con-ir-20mts-luz-calida-microfono-incorporado-plastic\/\",\"name\":\"[ Dahua ] &#129351; Dh-hac-b1a51n-u-il-a Camara\/ \/ \/ Bullet De 5 Mp Serie Cooper\/ Lente 2.8 Mm Apertura Hasta 106\u00b0\/ Iluminacion Dual Inteligente\/hasta 30mts Con Ir +20mts Luz Calida\/ Microfono Incorporado\/ Plastico\",\"isPartOf\":{\"@id\":\"https:\/\/compuviper.mx\/tienda\/#website\"},\"datePublished\":\"2026-04-23T06:18:19+00:00\",\"dateModified\":\"2026-04-23T06:18:19+00:00\",\"description\":\"Compra Dh-hac-b1a51n-u-il-a Camara\/ \/ \/ Bullet De 5 Mp Serie Cooper\/ Lente 2.8 Mm Apertura Hasta 106\u00b0\/ Iluminacion Dual Inteligente\/hasta 30mts Con Ir +20mts Luz Calida\/ Microfono Incorporado\/ Plastico + Env\u00edo a domicilio + Pago seguro + Garant\u00eda\",\"breadcrumb\":{\"@id\":\"https:\/\/compuviper.mx\/tienda\/producto\/dahua-dh-hac-b1a51n-u-il-a-camara-bullet-de-5-mp-serie-cooper-lente-2-8-mm-apertura-hasta-106-iluminacion-dual-inteligente-hasta-30mts-con-ir-20mts-luz-calida-microfono-incorporado-plastic\/#breadcrumb\"},\"inLanguage\":\"es-MX\",\"potentialAction\":[{\"@type\":\"ReadAction\",\"target\":[\"https:\/\/compuviper.mx\/tienda\/producto\/dahua-dh-hac-b1a51n-u-il-a-camara-bullet-de-5-mp-serie-cooper-lente-2-8-mm-apertura-hasta-106-iluminacion-dual-inteligente-hasta-30mts-con-ir-20mts-luz-calida-microfono-incorporado-plastic\/\"]}]},{\"@type\":\"BreadcrumbList\",\"@id\":\"https:\/\/compuviper.mx\/tienda\/producto\/dahua-dh-hac-b1a51n-u-il-a-camara-bullet-de-5-mp-serie-cooper-lente-2-8-mm-apertura-hasta-106-iluminacion-dual-inteligente-hasta-30mts-con-ir-20mts-luz-calida-microfono-incorporado-plastic\/#breadcrumb\",\"itemListElement\":[{\"@type\":\"ListItem\",\"position\":1,\"name\":\"Inicio\",\"item\":\"https:\/\/compuviper.mx\/tienda\/\"},{\"@type\":\"ListItem\",\"position\":2,\"name\":\"Productos\",\"item\":\"https:\/\/compuviper.mx\/tienda\/productos\/\"},{\"@type\":\"ListItem\",\"position\":3,\"name\":\"Camaras\",\"item\":\"https:\/\/compuviper.mx\/tienda\/categoria-producto\/camaras-2\/\"},{\"@type\":\"ListItem\",\"position\":4,\"name\":\"Camara De Videovigilancia\",\"item\":\"https:\/\/compuviper.mx\/tienda\/categoria-producto\/camaras-2\/camara-de-videovigilancia\/\"},{\"@type\":\"ListItem\",\"position\":5,\"name\":\"Dahua Dh-hac-b1a51n-u-il-a Camara\/ \/ \/ Bullet De 5 Mp Serie Cooper\/ Lente 2.8 Mm Apertura Hasta 106?\/ Iluminacion Dual Inteligente\/hasta 30mts Con Ir +20mts Luz Calida\/ Microfono Incorporado\/ Plastico\"}]},{\"@type\":\"WebSite\",\"@id\":\"https:\/\/compuviper.mx\/tienda\/#website\",\"url\":\"https:\/\/compuviper.mx\/tienda\/\",\"name\":\"Compuviper\",\"description\":\"Proveedor de Computadoras, Laptops, Servidores, Monitores, Puntos de Venta, Teclados,   Impresoras, T\u00f3ner, C\u00e1maras de Seguridad y m\u00e1s en tu tienda en l\u00ednea\",\"publisher\":{\"@id\":\"https:\/\/compuviper.mx\/tienda\/#organization\"},\"potentialAction\":[{\"@type\":\"SearchAction\",\"target\":{\"@type\":\"EntryPoint\",\"urlTemplate\":\"https:\/\/compuviper.mx\/tienda\/?s={search_term_string}\"},\"query-input\":\"required name=search_term_string\"}],\"inLanguage\":\"es-MX\"},{\"@type\":\"Organization\",\"@id\":\"https:\/\/compuviper.mx\/tienda\/#organization\",\"name\":\"Compuviper\",\"url\":\"https:\/\/compuviper.mx\/tienda\/\",\"logo\":{\"@type\":\"ImageObject\",\"inLanguage\":\"es-MX\",\"@id\":\"https:\/\/compuviper.mx\/tienda\/#\/schema\/logo\/image\/\",\"url\":\"https:\/\/compuviper.mx\/tienda\/wp-content\/uploads\/2021\/08\/Logo-Compuviper-10.png\",\"contentUrl\":\"https:\/\/compuviper.mx\/tienda\/wp-content\/uploads\/2021\/08\/Logo-Compuviper-10.png\",\"width\":1000,\"height\":500,\"caption\":\"Compuviper\"},\"image\":{\"@id\":\"https:\/\/compuviper.mx\/tienda\/#\/schema\/logo\/image\/\"},\"sameAs\":[\"https:\/\/www.facebook.com\/compuviper\",\"https:\/\/www.youtube.com\/channel\/UCf73dERp9Y3cfOq7q8BhLjA?view_as=subscriber\"]}]}<\/script>\n<meta property=\"product:brand\" content=\"DAHUA\" \/>\n<meta property=\"product:price:amount\" content=\"468\" \/>\n<meta property=\"product:price:currency\" content=\"MXN\" \/>\n<meta property=\"og:availability\" content=\"instock\" \/>\n<meta property=\"product:availability\" content=\"instock\" \/>\n<meta property=\"product:retailer_item_id\" content=\"DH-HAC-B1A51N-U-IL-A\" \/>\n<meta property=\"product:condition\" content=\"new\" \/>\n<!-- \/ Yoast SEO plugin. -->","yoast_head_json":{"title":"[ Dahua ] &#129351; Dh-hac-b1a51n-u-il-a Camara\/ \/ \/ Bullet De 5 Mp Serie Cooper\/ Lente 2.8 Mm Apertura Hasta 106\u00b0\/ Iluminacion Dual Inteligente\/hasta 30mts Con Ir +20mts Luz Calida\/ Microfono Incorporado\/ Plastico","description":"Compra Dh-hac-b1a51n-u-il-a Camara\/ \/ \/ Bullet De 5 Mp Serie Cooper\/ Lente 2.8 Mm Apertura Hasta 106\u00b0\/ Iluminacion Dual Inteligente\/hasta 30mts Con Ir +20mts Luz Calida\/ Microfono Incorporado\/ Plastico + Env\u00edo a domicilio + Pago seguro + Garant\u00eda","robots":{"index":"index","follow":"follow","max-snippet":"max-snippet:-1","max-image-preview":"max-image-preview:large","max-video-preview":"max-video-preview:-1"},"canonical":"https:\/\/compuviper.mx\/tienda\/producto\/dahua-dh-hac-b1a51n-u-il-a-camara-bullet-de-5-mp-serie-cooper-lente-2-8-mm-apertura-hasta-106-iluminacion-dual-inteligente-hasta-30mts-con-ir-20mts-luz-calida-microfono-incorporado-plastic\/","og_locale":"es_MX","og_type":"article","og_title":"[ Dahua ] &#129351; Dh-hac-b1a51n-u-il-a Camara\/ \/ \/ Bullet De 5 Mp Serie Cooper\/ Lente 2.8 Mm Apertura Hasta 106\u00b0\/ Iluminacion Dual Inteligente\/hasta 30mts Con Ir +20mts Luz Calida\/ Microfono Incorporado\/ Plastico","og_description":"Compra Dh-hac-b1a51n-u-il-a Camara\/ \/ \/ Bullet De 5 Mp Serie Cooper\/ Lente 2.8 Mm Apertura Hasta 106\u00b0\/ Iluminacion Dual Inteligente\/hasta 30mts Con Ir +20mts Luz Calida\/ Microfono Incorporado\/ Plastico + Env\u00edo a domicilio + Pago seguro + Garant\u00eda","og_url":"https:\/\/compuviper.mx\/tienda\/producto\/dahua-dh-hac-b1a51n-u-il-a-camara-bullet-de-5-mp-serie-cooper-lente-2-8-mm-apertura-hasta-106-iluminacion-dual-inteligente-hasta-30mts-con-ir-20mts-luz-calida-microfono-incorporado-plastic\/","og_site_name":"Compuviper","article_publisher":"https:\/\/www.facebook.com\/compuviper","og_image":[{"width":200,"height":200,"url":"https:\/\/compuviper.mx\/tienda\/wp-content\/uploads\/2025\/10\/Camara-dahua-dh-hac-b1a51n-u-il-a-bullet-de-5-mp-serie-cooper-lente-2.8-mm-apertura-hasta-106\u00b0-iluminacion-dual-inteligentehasta-30mts-con-ir-20mts-luz-calida-microfono-incorporado-plastico.jpg","type":"image\/jpeg"}],"twitter_card":"summary_large_image","twitter_misc":{"Precio":"&#36;468 con IVA","Availability":"In stock"},"schema":{"@context":"https:\/\/schema.org","@graph":[{"@type":"WebPage","@id":"https:\/\/compuviper.mx\/tienda\/producto\/dahua-dh-hac-b1a51n-u-il-a-camara-bullet-de-5-mp-serie-cooper-lente-2-8-mm-apertura-hasta-106-iluminacion-dual-inteligente-hasta-30mts-con-ir-20mts-luz-calida-microfono-incorporado-plastic\/","url":"https:\/\/compuviper.mx\/tienda\/producto\/dahua-dh-hac-b1a51n-u-il-a-camara-bullet-de-5-mp-serie-cooper-lente-2-8-mm-apertura-hasta-106-iluminacion-dual-inteligente-hasta-30mts-con-ir-20mts-luz-calida-microfono-incorporado-plastic\/","name":"[ Dahua ] &#129351; Dh-hac-b1a51n-u-il-a Camara\/ \/ \/ Bullet De 5 Mp Serie Cooper\/ Lente 2.8 Mm Apertura Hasta 106\u00b0\/ Iluminacion Dual Inteligente\/hasta 30mts Con Ir +20mts Luz Calida\/ Microfono Incorporado\/ Plastico","isPartOf":{"@id":"https:\/\/compuviper.mx\/tienda\/#website"},"datePublished":"2026-04-23T06:18:19+00:00","dateModified":"2026-04-23T06:18:19+00:00","description":"Compra Dh-hac-b1a51n-u-il-a Camara\/ \/ \/ Bullet De 5 Mp Serie Cooper\/ Lente 2.8 Mm Apertura Hasta 106\u00b0\/ Iluminacion Dual Inteligente\/hasta 30mts Con Ir +20mts Luz Calida\/ Microfono Incorporado\/ Plastico + Env\u00edo a domicilio + Pago seguro + Garant\u00eda","breadcrumb":{"@id":"https:\/\/compuviper.mx\/tienda\/producto\/dahua-dh-hac-b1a51n-u-il-a-camara-bullet-de-5-mp-serie-cooper-lente-2-8-mm-apertura-hasta-106-iluminacion-dual-inteligente-hasta-30mts-con-ir-20mts-luz-calida-microfono-incorporado-plastic\/#breadcrumb"},"inLanguage":"es-MX","potentialAction":[{"@type":"ReadAction","target":["https:\/\/compuviper.mx\/tienda\/producto\/dahua-dh-hac-b1a51n-u-il-a-camara-bullet-de-5-mp-serie-cooper-lente-2-8-mm-apertura-hasta-106-iluminacion-dual-inteligente-hasta-30mts-con-ir-20mts-luz-calida-microfono-incorporado-plastic\/"]}]},{"@type":"BreadcrumbList","@id":"https:\/\/compuviper.mx\/tienda\/producto\/dahua-dh-hac-b1a51n-u-il-a-camara-bullet-de-5-mp-serie-cooper-lente-2-8-mm-apertura-hasta-106-iluminacion-dual-inteligente-hasta-30mts-con-ir-20mts-luz-calida-microfono-incorporado-plastic\/#breadcrumb","itemListElement":[{"@type":"ListItem","position":1,"name":"Inicio","item":"https:\/\/compuviper.mx\/tienda\/"},{"@type":"ListItem","position":2,"name":"Productos","item":"https:\/\/compuviper.mx\/tienda\/productos\/"},{"@type":"ListItem","position":3,"name":"Camaras","item":"https:\/\/compuviper.mx\/tienda\/categoria-producto\/camaras-2\/"},{"@type":"ListItem","position":4,"name":"Camara De Videovigilancia","item":"https:\/\/compuviper.mx\/tienda\/categoria-producto\/camaras-2\/camara-de-videovigilancia\/"},{"@type":"ListItem","position":5,"name":"Dahua Dh-hac-b1a51n-u-il-a Camara\/ \/ \/ Bullet De 5 Mp Serie Cooper\/ Lente 2.8 Mm Apertura Hasta 106?\/ Iluminacion Dual Inteligente\/hasta 30mts Con Ir +20mts Luz Calida\/ Microfono Incorporado\/ Plastico"}]},{"@type":"WebSite","@id":"https:\/\/compuviper.mx\/tienda\/#website","url":"https:\/\/compuviper.mx\/tienda\/","name":"Compuviper","description":"Proveedor de Computadoras, Laptops, Servidores, Monitores, Puntos de Venta, Teclados,   Impresoras, T\u00f3ner, C\u00e1maras de Seguridad y m\u00e1s en tu tienda en l\u00ednea","publisher":{"@id":"https:\/\/compuviper.mx\/tienda\/#organization"},"potentialAction":[{"@type":"SearchAction","target":{"@type":"EntryPoint","urlTemplate":"https:\/\/compuviper.mx\/tienda\/?s={search_term_string}"},"query-input":"required name=search_term_string"}],"inLanguage":"es-MX"},{"@type":"Organization","@id":"https:\/\/compuviper.mx\/tienda\/#organization","name":"Compuviper","url":"https:\/\/compuviper.mx\/tienda\/","logo":{"@type":"ImageObject","inLanguage":"es-MX","@id":"https:\/\/compuviper.mx\/tienda\/#\/schema\/logo\/image\/","url":"https:\/\/compuviper.mx\/tienda\/wp-content\/uploads\/2021\/08\/Logo-Compuviper-10.png","contentUrl":"https:\/\/compuviper.mx\/tienda\/wp-content\/uploads\/2021\/08\/Logo-Compuviper-10.png","width":1000,"height":500,"caption":"Compuviper"},"image":{"@id":"https:\/\/compuviper.mx\/tienda\/#\/schema\/logo\/image\/"},"sameAs":["https:\/\/www.facebook.com\/compuviper","https:\/\/www.youtube.com\/channel\/UCf73dERp9Y3cfOq7q8BhLjA?view_as=subscriber"]}]},"product_brand":"DAHUA","product_price_amount":"468","product_price_currency":"MXN","og_availability":"instock","product_availability":"instock","product_retailer_item_id":"DH-HAC-B1A51N-U-IL-A","product_condition":"new"},"_links":{"self":[{"href":"https:\/\/compuviper.mx\/tienda\/wp-json\/wp\/v2\/product\/257941"}],"collection":[{"href":"https:\/\/compuviper.mx\/tienda\/wp-json\/wp\/v2\/product"}],"about":[{"href":"https:\/\/compuviper.mx\/tienda\/wp-json\/wp\/v2\/types\/product"}],"replies":[{"embeddable":true,"href":"https:\/\/compuviper.mx\/tienda\/wp-json\/wp\/v2\/comments?post=257941"}],"wp:featuredmedia":[{"embeddable":true,"href":"https:\/\/compuviper.mx\/tienda\/wp-json\/wp\/v2\/media\/259497"}],"wp:attachment":[{"href":"https:\/\/compuviper.mx\/tienda\/wp-json\/wp\/v2\/media?parent=257941"}],"wp:term":[{"taxonomy":"product_cat","embeddable":true,"href":"https:\/\/compuviper.mx\/tienda\/wp-json\/wp\/v2\/product_cat?post=257941"},{"taxonomy":"product_tag","embeddable":true,"href":"https:\/\/compuviper.mx\/tienda\/wp-json\/wp\/v2\/product_tag?post=257941"}],"curies":[{"name":"wp","href":"https:\/\/api.w.org\/{rel}","templated":true}]}}