{"id":257938,"date":"2026-04-18T00:21:48","date_gmt":"2026-04-18T06:21:48","guid":{"rendered":"https:\/\/compuviper.mx\/tienda\/producto\/dahua-dh-hac-pt1200bn-il-a-e2z-camara-hdcvi-x-plus-hac-pt1200b-il-a-e2z-pt-dual-de-2-mp-6x-zoom-hibrido-2-lentes-2-8mm-y-6mm-angulo-de-109-y-47-2-mm-iluminador-dual-inteligente-50-mts-microfo\/"},"modified":"2026-04-19T00:00:08","modified_gmt":"2026-04-19T06:00:08","slug":"dahua-dh-hac-pt1200bn-il-a-e2z-camara-hdcvi-x-plus-hac-pt1200b-il-a-e2z-pt-dual-de-2-mp-6x-zoom-hibrido-2-lentes-2-8mm-y-6mm-angulo-de-109-y-47-2-mm-iluminador-dual-inteligente-50-mts-microfo","status":"publish","type":"product","link":"https:\/\/compuviper.mx\/tienda\/producto\/dahua-dh-hac-pt1200bn-il-a-e2z-camara-hdcvi-x-plus-hac-pt1200b-il-a-e2z-pt-dual-de-2-mp-6x-zoom-hibrido-2-lentes-2-8mm-y-6mm-angulo-de-109-y-47-2-mm-iluminador-dual-inteligente-50-mts-microfo\/","title":{"rendered":"Dahua Dh-hac-pt1200bn-il-a-e2z Camara Hdcvi X Plus \/ \/ Hac-pt1200b-il-a-e2z\/ Pt Dual De 2 Mp\/ 6x Zoom Hibrido 2 Lentes 2.8mm Y 6mm\/ Angulo De 109 Y 47.2 Mm\/ Iluminador Dual Inteligente 50 Mts\/ Microfono Integrado\/ Super Adapt"},"content":{"rendered":"<table class=\"descripcion\">\n<tr>\n<td>Caracteristicas principales<\/td>\n<\/tr>\n<tr>\n<td>\u0095 resolucion: max. 30 fps a 1080p<\/td>\n<\/tr>\n<tr>\n<td>\u0095 lente: dual varifocal<\/td>\n<\/tr>\n<tr>\n<td>\u0095 zoom: hibrido 6\u00d7<\/td>\n<\/tr>\n<tr>\n<td>\u0095 luz dual inteligente<\/td>\n<\/tr>\n<tr>\n<td>\u0095 iluminacion: distancia de iluminacion de 50 m<\/td>\n<\/tr>\n<tr>\n<td>\u0095 audio: reduccion de ruido 3d microfono incorporado<\/td>\n<\/tr>\n<tr>\n<td>\u0095 conmutable: cvi\/cvbs\/ahd\/tvi<\/td>\n<\/tr>\n<tr>\n<td>Especificaciones tecnicas<\/td>\n<\/tr>\n<tr>\n<td>\u0095 fuente de alimentacion: 12 vcc \u00b1 30 %<\/td>\n<\/tr>\n<tr>\n<td>\u0095 consumo de energia: max. 5,1 w (12 vcc, ir activado)<\/td>\n<\/tr>\n<tr>\n<td>\u0095 temperatura de funcionamiento: \u0096 40 \u00b0c a +60 \u00b0c<\/td>\n<\/tr>\n<tr>\n<td>\u0095 humedad de funcionamiento:  95 % (hr), sin condensacion<\/td>\n<\/tr>\n<tr>\n<td>\u0095 dimensiones del producto: 110,0 mm \u00d7 150,0 mm<\/td>\n<\/tr>\n<tr>\n<td>\u0095 peso neto: 0,46 kg<\/td>\n<\/tr>\n<tr>\n<td>Incluye<\/td>\n<\/tr>\n<tr>\n<td>\u0095 x1 camara pt 2mp<\/td>\n<\/tr>\n<tr>\n<td>\u0095 x1 manual de usuario<\/td>\n<\/tr>\n<tr>\n<td>\u0095 x1 poliza de garantia<\/td>\n<\/tr>\n<\/table>\n","protected":false},"excerpt":{"rendered":"<p>Informacion general. La dahua dh-hac-pt1200bn-il-a-e2z-2860 es una camara de seguridad pt hdcvi de 2 megapixeles que proporciona imagenes nitidas y en color en condiciones de baja iluminacion gracias a su tecnologia y su led de 50 metros. Su lente de 2.8 mm ofrece un campo de vision de 106 grados, permitiendo una cobertura amplia. Incluye un microfono integrado para captar audio en el area de vigilancia, y su clasificacion ip66 asegura proteccion contra polvo y agua, haciendola adecuada para exteriores. Su tecnologia super adapt ajusta la imagen a condiciones cambiantes, ideal para monitoreo continuo en exteriores.<\/p>\n","protected":false},"featured_media":259494,"comment_status":"open","ping_status":"open","template":"","meta":[],"product_cat":[1608,1681],"product_tag":[1555],"acf":[],"yoast_head":"<!-- This site is optimized with the Yoast SEO plugin v21.7 - https:\/\/yoast.com\/wordpress\/plugins\/seo\/ -->\n<title>[ Dahua ] &#129351; Dh-hac-pt1200bn-il-a-e2z Camara Hdcvi X Plus \/ \/ Hac-pt1200b-il-a-e2z\/ Pt Dual De 2 Mp\/ 6x Zoom Hibrido 2 Lentes 2.8mm Y 6mm\/ Angulo De 109 Y 47.2 Mm\/ Iluminador Dual Inteligente 50 Mts\/ Microfono Integrado\/ Super Adapt<\/title>\n<meta name=\"description\" content=\"Compra Dh-hac-pt1200bn-il-a-e2z Camara Hdcvi X Plus \/ \/ Hac-pt1200b-il-a-e2z\/ Pt Dual De 2 Mp\/ 6x Zoom Hibrido 2 Lentes 2.8mm Y 6mm\/ Angulo De 109 Y 47.2 Mm\/ Iluminador Dual Inteligente 50 Mts\/ Microfono Integrado\/ Super Adapt + Env\u00edo a domicilio + Pago seguro + Garant\u00eda\" \/>\n<meta name=\"robots\" content=\"index, follow, max-snippet:-1, max-image-preview:large, max-video-preview:-1\" \/>\n<link rel=\"canonical\" href=\"https:\/\/compuviper.mx\/tienda\/producto\/dahua-dh-hac-pt1200bn-il-a-e2z-camara-hdcvi-x-plus-hac-pt1200b-il-a-e2z-pt-dual-de-2-mp-6x-zoom-hibrido-2-lentes-2-8mm-y-6mm-angulo-de-109-y-47-2-mm-iluminador-dual-inteligente-50-mts-microfo\/\" \/>\n<meta property=\"og:locale\" content=\"es_MX\" \/>\n<meta property=\"og:type\" content=\"article\" \/>\n<meta property=\"og:title\" content=\"[ Dahua ] &#129351; Dh-hac-pt1200bn-il-a-e2z Camara Hdcvi X Plus \/ \/ Hac-pt1200b-il-a-e2z\/ Pt Dual De 2 Mp\/ 6x Zoom Hibrido 2 Lentes 2.8mm Y 6mm\/ Angulo De 109 Y 47.2 Mm\/ Iluminador Dual Inteligente 50 Mts\/ Microfono Integrado\/ Super Adapt\" \/>\n<meta property=\"og:description\" content=\"Compra Dh-hac-pt1200bn-il-a-e2z Camara Hdcvi X Plus \/ \/ Hac-pt1200b-il-a-e2z\/ Pt Dual De 2 Mp\/ 6x Zoom Hibrido 2 Lentes 2.8mm Y 6mm\/ Angulo De 109 Y 47.2 Mm\/ Iluminador Dual Inteligente 50 Mts\/ Microfono Integrado\/ Super Adapt + Env\u00edo a domicilio + Pago seguro + Garant\u00eda\" \/>\n<meta property=\"og:url\" content=\"https:\/\/compuviper.mx\/tienda\/producto\/dahua-dh-hac-pt1200bn-il-a-e2z-camara-hdcvi-x-plus-hac-pt1200b-il-a-e2z-pt-dual-de-2-mp-6x-zoom-hibrido-2-lentes-2-8mm-y-6mm-angulo-de-109-y-47-2-mm-iluminador-dual-inteligente-50-mts-microfo\/\" \/>\n<meta property=\"og:site_name\" content=\"Compuviper\" \/>\n<meta property=\"article:publisher\" content=\"https:\/\/www.facebook.com\/compuviper\" \/>\n<meta property=\"article:modified_time\" content=\"2026-04-19T06:00:08+00:00\" \/>\n<meta property=\"og:image\" content=\"https:\/\/compuviper.mx\/tienda\/wp-content\/uploads\/2025\/10\/Camara-hdcvi-x-plus-dahua-hac-pt1200b-il-a-e2z-pt-dual-de-2-mp-6x-zoom-hibrido-2-lentes-2.8mm-y-6mm-angulo-de-109-y-47.2-mm-iluminador-dual-inteligente-50-mts-microfono-integrado-super-adapt.jpg\" \/>\n\t<meta property=\"og:image:width\" content=\"200\" \/>\n\t<meta property=\"og:image:height\" content=\"200\" \/>\n\t<meta property=\"og:image:type\" content=\"image\/jpeg\" \/>\n<meta name=\"twitter:card\" content=\"summary_large_image\" \/>\n<meta name=\"twitter:label1\" content=\"Precio\" \/>\n\t<meta name=\"twitter:data1\" content=\"&#36;965 con IVA\" \/>\n\t<meta name=\"twitter:label2\" content=\"Availability\" \/>\n\t<meta name=\"twitter:data2\" content=\"In stock\" \/>\n<script type=\"application\/ld+json\" class=\"yoast-schema-graph\">{\"@context\":\"https:\/\/schema.org\",\"@graph\":[{\"@type\":\"WebPage\",\"@id\":\"https:\/\/compuviper.mx\/tienda\/producto\/dahua-dh-hac-pt1200bn-il-a-e2z-camara-hdcvi-x-plus-hac-pt1200b-il-a-e2z-pt-dual-de-2-mp-6x-zoom-hibrido-2-lentes-2-8mm-y-6mm-angulo-de-109-y-47-2-mm-iluminador-dual-inteligente-50-mts-microfo\/\",\"url\":\"https:\/\/compuviper.mx\/tienda\/producto\/dahua-dh-hac-pt1200bn-il-a-e2z-camara-hdcvi-x-plus-hac-pt1200b-il-a-e2z-pt-dual-de-2-mp-6x-zoom-hibrido-2-lentes-2-8mm-y-6mm-angulo-de-109-y-47-2-mm-iluminador-dual-inteligente-50-mts-microfo\/\",\"name\":\"[ Dahua ] &#129351; Dh-hac-pt1200bn-il-a-e2z Camara Hdcvi X Plus \/ \/ Hac-pt1200b-il-a-e2z\/ Pt Dual De 2 Mp\/ 6x Zoom Hibrido 2 Lentes 2.8mm Y 6mm\/ Angulo De 109 Y 47.2 Mm\/ Iluminador Dual Inteligente 50 Mts\/ Microfono Integrado\/ Super Adapt\",\"isPartOf\":{\"@id\":\"https:\/\/compuviper.mx\/tienda\/#website\"},\"datePublished\":\"2026-04-18T06:21:48+00:00\",\"dateModified\":\"2026-04-19T06:00:08+00:00\",\"description\":\"Compra Dh-hac-pt1200bn-il-a-e2z Camara Hdcvi X Plus \/ \/ Hac-pt1200b-il-a-e2z\/ Pt Dual De 2 Mp\/ 6x Zoom Hibrido 2 Lentes 2.8mm Y 6mm\/ Angulo De 109 Y 47.2 Mm\/ Iluminador Dual Inteligente 50 Mts\/ Microfono Integrado\/ Super Adapt + Env\u00edo a domicilio + Pago seguro + Garant\u00eda\",\"breadcrumb\":{\"@id\":\"https:\/\/compuviper.mx\/tienda\/producto\/dahua-dh-hac-pt1200bn-il-a-e2z-camara-hdcvi-x-plus-hac-pt1200b-il-a-e2z-pt-dual-de-2-mp-6x-zoom-hibrido-2-lentes-2-8mm-y-6mm-angulo-de-109-y-47-2-mm-iluminador-dual-inteligente-50-mts-microfo\/#breadcrumb\"},\"inLanguage\":\"es-MX\",\"potentialAction\":[{\"@type\":\"ReadAction\",\"target\":[\"https:\/\/compuviper.mx\/tienda\/producto\/dahua-dh-hac-pt1200bn-il-a-e2z-camara-hdcvi-x-plus-hac-pt1200b-il-a-e2z-pt-dual-de-2-mp-6x-zoom-hibrido-2-lentes-2-8mm-y-6mm-angulo-de-109-y-47-2-mm-iluminador-dual-inteligente-50-mts-microfo\/\"]}]},{\"@type\":\"BreadcrumbList\",\"@id\":\"https:\/\/compuviper.mx\/tienda\/producto\/dahua-dh-hac-pt1200bn-il-a-e2z-camara-hdcvi-x-plus-hac-pt1200b-il-a-e2z-pt-dual-de-2-mp-6x-zoom-hibrido-2-lentes-2-8mm-y-6mm-angulo-de-109-y-47-2-mm-iluminador-dual-inteligente-50-mts-microfo\/#breadcrumb\",\"itemListElement\":[{\"@type\":\"ListItem\",\"position\":1,\"name\":\"Inicio\",\"item\":\"https:\/\/compuviper.mx\/tienda\/\"},{\"@type\":\"ListItem\",\"position\":2,\"name\":\"Productos\",\"item\":\"https:\/\/compuviper.mx\/tienda\/productos\/\"},{\"@type\":\"ListItem\",\"position\":3,\"name\":\"Camaras\",\"item\":\"https:\/\/compuviper.mx\/tienda\/categoria-producto\/camaras-2\/\"},{\"@type\":\"ListItem\",\"position\":4,\"name\":\"Camara De Videovigilancia\",\"item\":\"https:\/\/compuviper.mx\/tienda\/categoria-producto\/camaras-2\/camara-de-videovigilancia\/\"},{\"@type\":\"ListItem\",\"position\":5,\"name\":\"Dahua Dh-hac-pt1200bn-il-a-e2z Camara Hdcvi X Plus \/ \/ Hac-pt1200b-il-a-e2z\/ Pt Dual De 2 Mp\/ 6x Zoom Hibrido 2 Lentes 2.8mm Y 6mm\/ Angulo De 109 Y 47.2 Mm\/ Iluminador Dual Inteligente 50 Mts\/ Microfono Integrado\/ Super Adapt\"}]},{\"@type\":\"WebSite\",\"@id\":\"https:\/\/compuviper.mx\/tienda\/#website\",\"url\":\"https:\/\/compuviper.mx\/tienda\/\",\"name\":\"Compuviper\",\"description\":\"Proveedor de Computadoras, Laptops, Servidores, Monitores, Puntos de Venta, Teclados,   Impresoras, T\u00f3ner, C\u00e1maras de Seguridad y m\u00e1s en tu tienda en l\u00ednea\",\"publisher\":{\"@id\":\"https:\/\/compuviper.mx\/tienda\/#organization\"},\"potentialAction\":[{\"@type\":\"SearchAction\",\"target\":{\"@type\":\"EntryPoint\",\"urlTemplate\":\"https:\/\/compuviper.mx\/tienda\/?s={search_term_string}\"},\"query-input\":\"required name=search_term_string\"}],\"inLanguage\":\"es-MX\"},{\"@type\":\"Organization\",\"@id\":\"https:\/\/compuviper.mx\/tienda\/#organization\",\"name\":\"Compuviper\",\"url\":\"https:\/\/compuviper.mx\/tienda\/\",\"logo\":{\"@type\":\"ImageObject\",\"inLanguage\":\"es-MX\",\"@id\":\"https:\/\/compuviper.mx\/tienda\/#\/schema\/logo\/image\/\",\"url\":\"https:\/\/compuviper.mx\/tienda\/wp-content\/uploads\/2021\/08\/Logo-Compuviper-10.png\",\"contentUrl\":\"https:\/\/compuviper.mx\/tienda\/wp-content\/uploads\/2021\/08\/Logo-Compuviper-10.png\",\"width\":1000,\"height\":500,\"caption\":\"Compuviper\"},\"image\":{\"@id\":\"https:\/\/compuviper.mx\/tienda\/#\/schema\/logo\/image\/\"},\"sameAs\":[\"https:\/\/www.facebook.com\/compuviper\",\"https:\/\/www.youtube.com\/channel\/UCf73dERp9Y3cfOq7q8BhLjA?view_as=subscriber\"]}]}<\/script>\n<meta property=\"product:brand\" content=\"DAHUA\" \/>\n<meta property=\"product:price:amount\" content=\"965\" \/>\n<meta property=\"product:price:currency\" content=\"MXN\" \/>\n<meta property=\"og:availability\" content=\"instock\" \/>\n<meta property=\"product:availability\" content=\"instock\" \/>\n<meta property=\"product:retailer_item_id\" content=\"DH-HAC-PT1200BN-IL-A-E2Z\" \/>\n<meta property=\"product:condition\" content=\"new\" \/>\n<!-- \/ Yoast SEO plugin. -->","yoast_head_json":{"title":"[ Dahua ] &#129351; Dh-hac-pt1200bn-il-a-e2z Camara Hdcvi X Plus \/ \/ Hac-pt1200b-il-a-e2z\/ Pt Dual De 2 Mp\/ 6x Zoom Hibrido 2 Lentes 2.8mm Y 6mm\/ Angulo De 109 Y 47.2 Mm\/ Iluminador Dual Inteligente 50 Mts\/ Microfono Integrado\/ Super Adapt","description":"Compra Dh-hac-pt1200bn-il-a-e2z Camara Hdcvi X Plus \/ \/ Hac-pt1200b-il-a-e2z\/ Pt Dual De 2 Mp\/ 6x Zoom Hibrido 2 Lentes 2.8mm Y 6mm\/ Angulo De 109 Y 47.2 Mm\/ Iluminador Dual Inteligente 50 Mts\/ Microfono Integrado\/ Super Adapt + Env\u00edo a domicilio + Pago seguro + Garant\u00eda","robots":{"index":"index","follow":"follow","max-snippet":"max-snippet:-1","max-image-preview":"max-image-preview:large","max-video-preview":"max-video-preview:-1"},"canonical":"https:\/\/compuviper.mx\/tienda\/producto\/dahua-dh-hac-pt1200bn-il-a-e2z-camara-hdcvi-x-plus-hac-pt1200b-il-a-e2z-pt-dual-de-2-mp-6x-zoom-hibrido-2-lentes-2-8mm-y-6mm-angulo-de-109-y-47-2-mm-iluminador-dual-inteligente-50-mts-microfo\/","og_locale":"es_MX","og_type":"article","og_title":"[ Dahua ] &#129351; Dh-hac-pt1200bn-il-a-e2z Camara Hdcvi X Plus \/ \/ Hac-pt1200b-il-a-e2z\/ Pt Dual De 2 Mp\/ 6x Zoom Hibrido 2 Lentes 2.8mm Y 6mm\/ Angulo De 109 Y 47.2 Mm\/ Iluminador Dual Inteligente 50 Mts\/ Microfono Integrado\/ Super Adapt","og_description":"Compra Dh-hac-pt1200bn-il-a-e2z Camara Hdcvi X Plus \/ \/ Hac-pt1200b-il-a-e2z\/ Pt Dual De 2 Mp\/ 6x Zoom Hibrido 2 Lentes 2.8mm Y 6mm\/ Angulo De 109 Y 47.2 Mm\/ Iluminador Dual Inteligente 50 Mts\/ Microfono Integrado\/ Super Adapt + Env\u00edo a domicilio + Pago seguro + Garant\u00eda","og_url":"https:\/\/compuviper.mx\/tienda\/producto\/dahua-dh-hac-pt1200bn-il-a-e2z-camara-hdcvi-x-plus-hac-pt1200b-il-a-e2z-pt-dual-de-2-mp-6x-zoom-hibrido-2-lentes-2-8mm-y-6mm-angulo-de-109-y-47-2-mm-iluminador-dual-inteligente-50-mts-microfo\/","og_site_name":"Compuviper","article_publisher":"https:\/\/www.facebook.com\/compuviper","article_modified_time":"2026-04-19T06:00:08+00:00","og_image":[{"width":200,"height":200,"url":"https:\/\/compuviper.mx\/tienda\/wp-content\/uploads\/2025\/10\/Camara-hdcvi-x-plus-dahua-hac-pt1200b-il-a-e2z-pt-dual-de-2-mp-6x-zoom-hibrido-2-lentes-2.8mm-y-6mm-angulo-de-109-y-47.2-mm-iluminador-dual-inteligente-50-mts-microfono-integrado-super-adapt.jpg","type":"image\/jpeg"}],"twitter_card":"summary_large_image","twitter_misc":{"Precio":"&#36;965 con IVA","Availability":"In stock"},"schema":{"@context":"https:\/\/schema.org","@graph":[{"@type":"WebPage","@id":"https:\/\/compuviper.mx\/tienda\/producto\/dahua-dh-hac-pt1200bn-il-a-e2z-camara-hdcvi-x-plus-hac-pt1200b-il-a-e2z-pt-dual-de-2-mp-6x-zoom-hibrido-2-lentes-2-8mm-y-6mm-angulo-de-109-y-47-2-mm-iluminador-dual-inteligente-50-mts-microfo\/","url":"https:\/\/compuviper.mx\/tienda\/producto\/dahua-dh-hac-pt1200bn-il-a-e2z-camara-hdcvi-x-plus-hac-pt1200b-il-a-e2z-pt-dual-de-2-mp-6x-zoom-hibrido-2-lentes-2-8mm-y-6mm-angulo-de-109-y-47-2-mm-iluminador-dual-inteligente-50-mts-microfo\/","name":"[ Dahua ] &#129351; Dh-hac-pt1200bn-il-a-e2z Camara Hdcvi X Plus \/ \/ Hac-pt1200b-il-a-e2z\/ Pt Dual De 2 Mp\/ 6x Zoom Hibrido 2 Lentes 2.8mm Y 6mm\/ Angulo De 109 Y 47.2 Mm\/ Iluminador Dual Inteligente 50 Mts\/ Microfono Integrado\/ Super Adapt","isPartOf":{"@id":"https:\/\/compuviper.mx\/tienda\/#website"},"datePublished":"2026-04-18T06:21:48+00:00","dateModified":"2026-04-19T06:00:08+00:00","description":"Compra Dh-hac-pt1200bn-il-a-e2z Camara Hdcvi X Plus \/ \/ Hac-pt1200b-il-a-e2z\/ Pt Dual De 2 Mp\/ 6x Zoom Hibrido 2 Lentes 2.8mm Y 6mm\/ Angulo De 109 Y 47.2 Mm\/ Iluminador Dual Inteligente 50 Mts\/ Microfono Integrado\/ Super Adapt + Env\u00edo a domicilio + Pago seguro + Garant\u00eda","breadcrumb":{"@id":"https:\/\/compuviper.mx\/tienda\/producto\/dahua-dh-hac-pt1200bn-il-a-e2z-camara-hdcvi-x-plus-hac-pt1200b-il-a-e2z-pt-dual-de-2-mp-6x-zoom-hibrido-2-lentes-2-8mm-y-6mm-angulo-de-109-y-47-2-mm-iluminador-dual-inteligente-50-mts-microfo\/#breadcrumb"},"inLanguage":"es-MX","potentialAction":[{"@type":"ReadAction","target":["https:\/\/compuviper.mx\/tienda\/producto\/dahua-dh-hac-pt1200bn-il-a-e2z-camara-hdcvi-x-plus-hac-pt1200b-il-a-e2z-pt-dual-de-2-mp-6x-zoom-hibrido-2-lentes-2-8mm-y-6mm-angulo-de-109-y-47-2-mm-iluminador-dual-inteligente-50-mts-microfo\/"]}]},{"@type":"BreadcrumbList","@id":"https:\/\/compuviper.mx\/tienda\/producto\/dahua-dh-hac-pt1200bn-il-a-e2z-camara-hdcvi-x-plus-hac-pt1200b-il-a-e2z-pt-dual-de-2-mp-6x-zoom-hibrido-2-lentes-2-8mm-y-6mm-angulo-de-109-y-47-2-mm-iluminador-dual-inteligente-50-mts-microfo\/#breadcrumb","itemListElement":[{"@type":"ListItem","position":1,"name":"Inicio","item":"https:\/\/compuviper.mx\/tienda\/"},{"@type":"ListItem","position":2,"name":"Productos","item":"https:\/\/compuviper.mx\/tienda\/productos\/"},{"@type":"ListItem","position":3,"name":"Camaras","item":"https:\/\/compuviper.mx\/tienda\/categoria-producto\/camaras-2\/"},{"@type":"ListItem","position":4,"name":"Camara De Videovigilancia","item":"https:\/\/compuviper.mx\/tienda\/categoria-producto\/camaras-2\/camara-de-videovigilancia\/"},{"@type":"ListItem","position":5,"name":"Dahua Dh-hac-pt1200bn-il-a-e2z Camara Hdcvi X Plus \/ \/ Hac-pt1200b-il-a-e2z\/ Pt Dual De 2 Mp\/ 6x Zoom Hibrido 2 Lentes 2.8mm Y 6mm\/ Angulo De 109 Y 47.2 Mm\/ Iluminador Dual Inteligente 50 Mts\/ Microfono Integrado\/ Super Adapt"}]},{"@type":"WebSite","@id":"https:\/\/compuviper.mx\/tienda\/#website","url":"https:\/\/compuviper.mx\/tienda\/","name":"Compuviper","description":"Proveedor de Computadoras, Laptops, Servidores, Monitores, Puntos de Venta, Teclados,   Impresoras, T\u00f3ner, C\u00e1maras de Seguridad y m\u00e1s en tu tienda en l\u00ednea","publisher":{"@id":"https:\/\/compuviper.mx\/tienda\/#organization"},"potentialAction":[{"@type":"SearchAction","target":{"@type":"EntryPoint","urlTemplate":"https:\/\/compuviper.mx\/tienda\/?s={search_term_string}"},"query-input":"required name=search_term_string"}],"inLanguage":"es-MX"},{"@type":"Organization","@id":"https:\/\/compuviper.mx\/tienda\/#organization","name":"Compuviper","url":"https:\/\/compuviper.mx\/tienda\/","logo":{"@type":"ImageObject","inLanguage":"es-MX","@id":"https:\/\/compuviper.mx\/tienda\/#\/schema\/logo\/image\/","url":"https:\/\/compuviper.mx\/tienda\/wp-content\/uploads\/2021\/08\/Logo-Compuviper-10.png","contentUrl":"https:\/\/compuviper.mx\/tienda\/wp-content\/uploads\/2021\/08\/Logo-Compuviper-10.png","width":1000,"height":500,"caption":"Compuviper"},"image":{"@id":"https:\/\/compuviper.mx\/tienda\/#\/schema\/logo\/image\/"},"sameAs":["https:\/\/www.facebook.com\/compuviper","https:\/\/www.youtube.com\/channel\/UCf73dERp9Y3cfOq7q8BhLjA?view_as=subscriber"]}]},"product_brand":"DAHUA","product_price_amount":"965","product_price_currency":"MXN","og_availability":"instock","product_availability":"instock","product_retailer_item_id":"DH-HAC-PT1200BN-IL-A-E2Z","product_condition":"new"},"_links":{"self":[{"href":"https:\/\/compuviper.mx\/tienda\/wp-json\/wp\/v2\/product\/257938"}],"collection":[{"href":"https:\/\/compuviper.mx\/tienda\/wp-json\/wp\/v2\/product"}],"about":[{"href":"https:\/\/compuviper.mx\/tienda\/wp-json\/wp\/v2\/types\/product"}],"replies":[{"embeddable":true,"href":"https:\/\/compuviper.mx\/tienda\/wp-json\/wp\/v2\/comments?post=257938"}],"wp:featuredmedia":[{"embeddable":true,"href":"https:\/\/compuviper.mx\/tienda\/wp-json\/wp\/v2\/media\/259494"}],"wp:attachment":[{"href":"https:\/\/compuviper.mx\/tienda\/wp-json\/wp\/v2\/media?parent=257938"}],"wp:term":[{"taxonomy":"product_cat","embeddable":true,"href":"https:\/\/compuviper.mx\/tienda\/wp-json\/wp\/v2\/product_cat?post=257938"},{"taxonomy":"product_tag","embeddable":true,"href":"https:\/\/compuviper.mx\/tienda\/wp-json\/wp\/v2\/product_tag?post=257938"}],"curies":[{"name":"wp","href":"https:\/\/api.w.org\/{rel}","templated":true}]}}