{"id":257928,"date":"2026-04-02T02:23:34","date_gmt":"2026-04-02T08:23:34","guid":{"rendered":"https:\/\/compuviper.mx\/tienda\/producto\/lg-43ua751c-television-led-43-p-smart-tv-uhd-3840-2160p-google-cast-airplay-netflix-web-os-smart-tv-hdr-10-pro-2-hdmi-1-usb-lan\/"},"modified":"2026-04-02T02:23:34","modified_gmt":"2026-04-02T08:23:34","slug":"lg-43ua751c-television-led-43-p-smart-tv-uhd-3840-2160p-google-cast-airplay-netflix-web-os-smart-tv-hdr-10-pro-2-hdmi-1-usb-lan","status":"publish","type":"product","link":"https:\/\/compuviper.mx\/tienda\/producto\/lg-43ua751c-television-led-43-p-smart-tv-uhd-3840-2160p-google-cast-airplay-netflix-web-os-smart-tv-hdr-10-pro-2-hdmi-1-usb-lan\/","title":{"rendered":"Lg 43ua751c Television Led  43 P Smart Tv, Uhd 3840 2160p, Google Cast, Airplay, Netflix Web Os Smart Tv, Hdr 10 Pro, 2 Hdmi, 1 Usb, Lan"},"content":{"rendered":"<table class=\"descripcion\">\n<tr>\n<td>Informacion tecnica:<\/td>\n<\/tr>\n<tr>\n<td>Televisor de pulgada 50\u0094<\/td>\n<\/tr>\n<tr>\n<td>Resoluci\u00f3n 3840 x 2160 (uhd)<\/td>\n<\/tr>\n<tr>\n<td>Frecuencia de actualizaci\u00f3n 60 hz<\/td>\n<\/tr>\n<tr>\n<td>Video<\/td>\n<\/tr>\n<tr>\n<td>Mejora de ia mejora de 4k<\/td>\n<\/tr>\n<tr>\n<td>Hdr_hdr 10 pro s\u00ed (4k\/2k)<\/td>\n<\/tr>\n<tr>\n<td>Hdr_hlg s\u00ed (4k\/2k)<\/td>\n<\/tr>\n<tr>\n<td>Modo cineasta \u0099 s\u00ed<\/td>\n<\/tr>\n<tr>\n<td>Mapeo din\u00e1mico de tonos \/ mapeo din\u00e1mico de tonos profesional<\/td>\n<\/tr>\n<tr>\n<td>Hevc 4k a 60p, 10 bits<\/td>\n<\/tr>\n<tr>\n<td>Modo hgig s\u00ed<\/td>\n<\/tr>\n<tr>\n<td>Optimizador de juegos (vrr\/allm\/gamegenre) no \/ s\u00ed \/ s\u00ed<\/td>\n<\/tr>\n<tr>\n<td>Modo de imagen 9 modos (v\u00edvido, est\u00e1ndar, eco, cine, deportes, juegos, cineasta, (isf) experto (habitaci\u00f3n brillante), (isf) experto (habitaci\u00f3n oscura))<\/td>\n<\/tr>\n<tr>\n<td>Audio<\/td>\n<\/tr>\n<tr>\n<td>Altavoz (salida de sonido) 20w (10w por canal)<\/td>\n<\/tr>\n<tr>\n<td>Canal 2.0ch<\/td>\n<\/tr>\n<tr>\n<td>Sonido ai \/ pro ai sound (mezcla ascendente virtual 5.1)<\/td>\n<\/tr>\n<tr>\n<td>Sincronizaci\u00f3n de sonido lg s\u00ed<\/td>\n<\/tr>\n<tr>\n<td>Clear voice pro s\u00ed<\/td>\n<\/tr>\n<tr>\n<td>Preparado para bluetooth surround s\u00ed<\/td>\n<\/tr>\n<tr>\n<td>Funci\u00f3n inteligente de ia<\/td>\n<\/tr>\n<tr>\n<td>Procesador principal procesador 5 al procesador 4k gen 6<\/td>\n<\/tr>\n<tr>\n<td>Sistema smart webos 23<\/td>\n<\/tr>\n<tr>\n<td>Sistema de radiodifusi\u00f3n<\/td>\n<\/tr>\n<tr>\n<td>Digital (terrestre, cable, sat\u00e9lite) s\u00ed<\/td>\n<\/tr>\n<tr>\n<td>Recepci\u00f3n de tv anal\u00f3gica s\u00ed<\/td>\n<\/tr>\n<tr>\n<td>Energ\u00eda<\/td>\n<\/tr>\n<tr>\n<td>Fuente de alimentaci\u00f3n ca 100-240 v, 50-60 hz<\/td>\n<\/tr>\n<\/table>\n","protected":false},"excerpt":{"rendered":"<p>4k uhd, visualizaci\u00f3n vibrante en ultra alta resoluci\u00f3n. Los televisores lg uhd siempre superan tus expectativas. Experimenta una calidad de imagen realista y colores v\u00edvidos con una precisi\u00f3n de p\u00edxeles cuatro veces mayor que la del full hd. El potente procesador de lg eleva la resoluci\u00f3n a la calidad original y el super upscaling 4k mejora la resoluci\u00f3n, el brillo y la claridad. Los colores vibrantes y el brillo elevan la resoluci\u00f3n de la pantalla a nuevas cotas. Disfruta de una calidad de imagen superior con un contraste m\u00e1s n\u00edtido gracias al hdr10 pro*<\/p>\n","protected":false},"featured_media":258521,"comment_status":"open","ping_status":"open","template":"","meta":[],"product_cat":[1838,1839],"product_tag":[1687],"acf":[],"yoast_head":"<!-- This site is optimized with the Yoast SEO plugin v21.7 - https:\/\/yoast.com\/wordpress\/plugins\/seo\/ -->\n<title>[ Lg ] &#129351; 43ua751c Television Led 43 P Smart Tv, Uhd 3840 2160p, Google Cast, Airplay, Netflix Web Os Smart Tv, Hdr 10 Pro, 2 Hdmi, 1 Usb, Lan<\/title>\n<meta name=\"description\" content=\"Compra 43ua751c Television Led 43 P Smart Tv, Uhd 3840 2160p, Google Cast, Airplay, Netflix Web Os Smart Tv, Hdr 10 Pro, 2 Hdmi, 1 Usb, Lan + Env\u00edo a domicilio + Pago seguro + Garant\u00eda\" \/>\n<meta name=\"robots\" content=\"index, follow, max-snippet:-1, max-image-preview:large, max-video-preview:-1\" \/>\n<link rel=\"canonical\" href=\"https:\/\/compuviper.mx\/tienda\/producto\/lg-43ua751c-television-led-43-p-smart-tv-uhd-3840-2160p-google-cast-airplay-netflix-web-os-smart-tv-hdr-10-pro-2-hdmi-1-usb-lan\/\" \/>\n<meta property=\"og:locale\" content=\"es_MX\" \/>\n<meta property=\"og:type\" content=\"article\" \/>\n<meta property=\"og:title\" content=\"[ Lg ] &#129351; 43ua751c Television Led 43 P Smart Tv, Uhd 3840 2160p, Google Cast, Airplay, Netflix Web Os Smart Tv, Hdr 10 Pro, 2 Hdmi, 1 Usb, Lan\" \/>\n<meta property=\"og:description\" content=\"Compra 43ua751c Television Led 43 P Smart Tv, Uhd 3840 2160p, Google Cast, Airplay, Netflix Web Os Smart Tv, Hdr 10 Pro, 2 Hdmi, 1 Usb, Lan + Env\u00edo a domicilio + Pago seguro + Garant\u00eda\" \/>\n<meta property=\"og:url\" content=\"https:\/\/compuviper.mx\/tienda\/producto\/lg-43ua751c-television-led-43-p-smart-tv-uhd-3840-2160p-google-cast-airplay-netflix-web-os-smart-tv-hdr-10-pro-2-hdmi-1-usb-lan\/\" \/>\n<meta property=\"og:site_name\" content=\"Compuviper\" \/>\n<meta property=\"article:publisher\" content=\"https:\/\/www.facebook.com\/compuviper\" \/>\n<meta property=\"og:image\" content=\"https:\/\/compuviper.mx\/tienda\/wp-content\/uploads\/2025\/10\/Television-led-lg-43-plg-smart-tv-uhd-3840-2160p-google-cast-airplay-netflix-web-os-smart-tv-hdr-10-pro-2-hdmi-1-usb-lan.jpg\" \/>\n\t<meta property=\"og:image:width\" content=\"200\" \/>\n\t<meta property=\"og:image:height\" content=\"200\" \/>\n\t<meta property=\"og:image:type\" content=\"image\/jpeg\" \/>\n<meta name=\"twitter:card\" content=\"summary_large_image\" \/>\n<meta name=\"twitter:label1\" content=\"Precio\" \/>\n\t<meta name=\"twitter:data1\" content=\"&#36;6,019 con IVA\" \/>\n\t<meta name=\"twitter:label2\" content=\"Availability\" \/>\n\t<meta name=\"twitter:data2\" content=\"In stock\" \/>\n<script type=\"application\/ld+json\" class=\"yoast-schema-graph\">{\"@context\":\"https:\/\/schema.org\",\"@graph\":[{\"@type\":\"WebPage\",\"@id\":\"https:\/\/compuviper.mx\/tienda\/producto\/lg-43ua751c-television-led-43-p-smart-tv-uhd-3840-2160p-google-cast-airplay-netflix-web-os-smart-tv-hdr-10-pro-2-hdmi-1-usb-lan\/\",\"url\":\"https:\/\/compuviper.mx\/tienda\/producto\/lg-43ua751c-television-led-43-p-smart-tv-uhd-3840-2160p-google-cast-airplay-netflix-web-os-smart-tv-hdr-10-pro-2-hdmi-1-usb-lan\/\",\"name\":\"[ Lg ] &#129351; 43ua751c Television Led 43 P Smart Tv, Uhd 3840 2160p, Google Cast, Airplay, Netflix Web Os Smart Tv, Hdr 10 Pro, 2 Hdmi, 1 Usb, Lan\",\"isPartOf\":{\"@id\":\"https:\/\/compuviper.mx\/tienda\/#website\"},\"datePublished\":\"2026-04-02T08:23:34+00:00\",\"dateModified\":\"2026-04-02T08:23:34+00:00\",\"description\":\"Compra 43ua751c Television Led 43 P Smart Tv, Uhd 3840 2160p, Google Cast, Airplay, Netflix Web Os Smart Tv, Hdr 10 Pro, 2 Hdmi, 1 Usb, Lan + Env\u00edo a domicilio + Pago seguro + Garant\u00eda\",\"breadcrumb\":{\"@id\":\"https:\/\/compuviper.mx\/tienda\/producto\/lg-43ua751c-television-led-43-p-smart-tv-uhd-3840-2160p-google-cast-airplay-netflix-web-os-smart-tv-hdr-10-pro-2-hdmi-1-usb-lan\/#breadcrumb\"},\"inLanguage\":\"es-MX\",\"potentialAction\":[{\"@type\":\"ReadAction\",\"target\":[\"https:\/\/compuviper.mx\/tienda\/producto\/lg-43ua751c-television-led-43-p-smart-tv-uhd-3840-2160p-google-cast-airplay-netflix-web-os-smart-tv-hdr-10-pro-2-hdmi-1-usb-lan\/\"]}]},{\"@type\":\"BreadcrumbList\",\"@id\":\"https:\/\/compuviper.mx\/tienda\/producto\/lg-43ua751c-television-led-43-p-smart-tv-uhd-3840-2160p-google-cast-airplay-netflix-web-os-smart-tv-hdr-10-pro-2-hdmi-1-usb-lan\/#breadcrumb\",\"itemListElement\":[{\"@type\":\"ListItem\",\"position\":1,\"name\":\"Inicio\",\"item\":\"https:\/\/compuviper.mx\/tienda\/\"},{\"@type\":\"ListItem\",\"position\":2,\"name\":\"Productos\",\"item\":\"https:\/\/compuviper.mx\/tienda\/productos\/\"},{\"@type\":\"ListItem\",\"position\":3,\"name\":\"Televisor\",\"item\":\"https:\/\/compuviper.mx\/tienda\/categoria-producto\/televisor\/\"},{\"@type\":\"ListItem\",\"position\":4,\"name\":\"Led\",\"item\":\"https:\/\/compuviper.mx\/tienda\/categoria-producto\/televisor\/led-televisor\/\"},{\"@type\":\"ListItem\",\"position\":5,\"name\":\"Lg 43ua751c Television Led 43 P Smart Tv, Uhd 3840 2160p, Google Cast, Airplay, Netflix Web Os Smart Tv, Hdr 10 Pro, 2 Hdmi, 1 Usb, Lan\"}]},{\"@type\":\"WebSite\",\"@id\":\"https:\/\/compuviper.mx\/tienda\/#website\",\"url\":\"https:\/\/compuviper.mx\/tienda\/\",\"name\":\"Compuviper\",\"description\":\"Proveedor de Computadoras, Laptops, Servidores, Monitores, Puntos de Venta, Teclados,   Impresoras, T\u00f3ner, C\u00e1maras de Seguridad y m\u00e1s en tu tienda en l\u00ednea\",\"publisher\":{\"@id\":\"https:\/\/compuviper.mx\/tienda\/#organization\"},\"potentialAction\":[{\"@type\":\"SearchAction\",\"target\":{\"@type\":\"EntryPoint\",\"urlTemplate\":\"https:\/\/compuviper.mx\/tienda\/?s={search_term_string}\"},\"query-input\":\"required name=search_term_string\"}],\"inLanguage\":\"es-MX\"},{\"@type\":\"Organization\",\"@id\":\"https:\/\/compuviper.mx\/tienda\/#organization\",\"name\":\"Compuviper\",\"url\":\"https:\/\/compuviper.mx\/tienda\/\",\"logo\":{\"@type\":\"ImageObject\",\"inLanguage\":\"es-MX\",\"@id\":\"https:\/\/compuviper.mx\/tienda\/#\/schema\/logo\/image\/\",\"url\":\"https:\/\/compuviper.mx\/tienda\/wp-content\/uploads\/2021\/08\/Logo-Compuviper-10.png\",\"contentUrl\":\"https:\/\/compuviper.mx\/tienda\/wp-content\/uploads\/2021\/08\/Logo-Compuviper-10.png\",\"width\":1000,\"height\":500,\"caption\":\"Compuviper\"},\"image\":{\"@id\":\"https:\/\/compuviper.mx\/tienda\/#\/schema\/logo\/image\/\"},\"sameAs\":[\"https:\/\/www.facebook.com\/compuviper\",\"https:\/\/www.youtube.com\/channel\/UCf73dERp9Y3cfOq7q8BhLjA?view_as=subscriber\"]}]}<\/script>\n<meta property=\"product:brand\" content=\"LG\" \/>\n<meta property=\"product:price:amount\" content=\"6019\" \/>\n<meta property=\"product:price:currency\" content=\"MXN\" \/>\n<meta property=\"og:availability\" content=\"instock\" \/>\n<meta property=\"product:availability\" content=\"instock\" \/>\n<meta property=\"product:retailer_item_id\" content=\"43UA751C\" \/>\n<meta property=\"product:condition\" content=\"new\" \/>\n<!-- \/ Yoast SEO plugin. -->","yoast_head_json":{"title":"[ Lg ] &#129351; 43ua751c Television Led 43 P Smart Tv, Uhd 3840 2160p, Google Cast, Airplay, Netflix Web Os Smart Tv, Hdr 10 Pro, 2 Hdmi, 1 Usb, Lan","description":"Compra 43ua751c Television Led 43 P Smart Tv, Uhd 3840 2160p, Google Cast, Airplay, Netflix Web Os Smart Tv, Hdr 10 Pro, 2 Hdmi, 1 Usb, Lan + Env\u00edo a domicilio + Pago seguro + Garant\u00eda","robots":{"index":"index","follow":"follow","max-snippet":"max-snippet:-1","max-image-preview":"max-image-preview:large","max-video-preview":"max-video-preview:-1"},"canonical":"https:\/\/compuviper.mx\/tienda\/producto\/lg-43ua751c-television-led-43-p-smart-tv-uhd-3840-2160p-google-cast-airplay-netflix-web-os-smart-tv-hdr-10-pro-2-hdmi-1-usb-lan\/","og_locale":"es_MX","og_type":"article","og_title":"[ Lg ] &#129351; 43ua751c Television Led 43 P Smart Tv, Uhd 3840 2160p, Google Cast, Airplay, Netflix Web Os Smart Tv, Hdr 10 Pro, 2 Hdmi, 1 Usb, Lan","og_description":"Compra 43ua751c Television Led 43 P Smart Tv, Uhd 3840 2160p, Google Cast, Airplay, Netflix Web Os Smart Tv, Hdr 10 Pro, 2 Hdmi, 1 Usb, Lan + Env\u00edo a domicilio + Pago seguro + Garant\u00eda","og_url":"https:\/\/compuviper.mx\/tienda\/producto\/lg-43ua751c-television-led-43-p-smart-tv-uhd-3840-2160p-google-cast-airplay-netflix-web-os-smart-tv-hdr-10-pro-2-hdmi-1-usb-lan\/","og_site_name":"Compuviper","article_publisher":"https:\/\/www.facebook.com\/compuviper","og_image":[{"width":200,"height":200,"url":"https:\/\/compuviper.mx\/tienda\/wp-content\/uploads\/2025\/10\/Television-led-lg-43-plg-smart-tv-uhd-3840-2160p-google-cast-airplay-netflix-web-os-smart-tv-hdr-10-pro-2-hdmi-1-usb-lan.jpg","type":"image\/jpeg"}],"twitter_card":"summary_large_image","twitter_misc":{"Precio":"&#36;6,019 con IVA","Availability":"In stock"},"schema":{"@context":"https:\/\/schema.org","@graph":[{"@type":"WebPage","@id":"https:\/\/compuviper.mx\/tienda\/producto\/lg-43ua751c-television-led-43-p-smart-tv-uhd-3840-2160p-google-cast-airplay-netflix-web-os-smart-tv-hdr-10-pro-2-hdmi-1-usb-lan\/","url":"https:\/\/compuviper.mx\/tienda\/producto\/lg-43ua751c-television-led-43-p-smart-tv-uhd-3840-2160p-google-cast-airplay-netflix-web-os-smart-tv-hdr-10-pro-2-hdmi-1-usb-lan\/","name":"[ Lg ] &#129351; 43ua751c Television Led 43 P Smart Tv, Uhd 3840 2160p, Google Cast, Airplay, Netflix Web Os Smart Tv, Hdr 10 Pro, 2 Hdmi, 1 Usb, Lan","isPartOf":{"@id":"https:\/\/compuviper.mx\/tienda\/#website"},"datePublished":"2026-04-02T08:23:34+00:00","dateModified":"2026-04-02T08:23:34+00:00","description":"Compra 43ua751c Television Led 43 P Smart Tv, Uhd 3840 2160p, Google Cast, Airplay, Netflix Web Os Smart Tv, Hdr 10 Pro, 2 Hdmi, 1 Usb, Lan + Env\u00edo a domicilio + Pago seguro + Garant\u00eda","breadcrumb":{"@id":"https:\/\/compuviper.mx\/tienda\/producto\/lg-43ua751c-television-led-43-p-smart-tv-uhd-3840-2160p-google-cast-airplay-netflix-web-os-smart-tv-hdr-10-pro-2-hdmi-1-usb-lan\/#breadcrumb"},"inLanguage":"es-MX","potentialAction":[{"@type":"ReadAction","target":["https:\/\/compuviper.mx\/tienda\/producto\/lg-43ua751c-television-led-43-p-smart-tv-uhd-3840-2160p-google-cast-airplay-netflix-web-os-smart-tv-hdr-10-pro-2-hdmi-1-usb-lan\/"]}]},{"@type":"BreadcrumbList","@id":"https:\/\/compuviper.mx\/tienda\/producto\/lg-43ua751c-television-led-43-p-smart-tv-uhd-3840-2160p-google-cast-airplay-netflix-web-os-smart-tv-hdr-10-pro-2-hdmi-1-usb-lan\/#breadcrumb","itemListElement":[{"@type":"ListItem","position":1,"name":"Inicio","item":"https:\/\/compuviper.mx\/tienda\/"},{"@type":"ListItem","position":2,"name":"Productos","item":"https:\/\/compuviper.mx\/tienda\/productos\/"},{"@type":"ListItem","position":3,"name":"Televisor","item":"https:\/\/compuviper.mx\/tienda\/categoria-producto\/televisor\/"},{"@type":"ListItem","position":4,"name":"Led","item":"https:\/\/compuviper.mx\/tienda\/categoria-producto\/televisor\/led-televisor\/"},{"@type":"ListItem","position":5,"name":"Lg 43ua751c Television Led 43 P Smart Tv, Uhd 3840 2160p, Google Cast, Airplay, Netflix Web Os Smart Tv, Hdr 10 Pro, 2 Hdmi, 1 Usb, Lan"}]},{"@type":"WebSite","@id":"https:\/\/compuviper.mx\/tienda\/#website","url":"https:\/\/compuviper.mx\/tienda\/","name":"Compuviper","description":"Proveedor de Computadoras, Laptops, Servidores, Monitores, Puntos de Venta, Teclados,   Impresoras, T\u00f3ner, C\u00e1maras de Seguridad y m\u00e1s en tu tienda en l\u00ednea","publisher":{"@id":"https:\/\/compuviper.mx\/tienda\/#organization"},"potentialAction":[{"@type":"SearchAction","target":{"@type":"EntryPoint","urlTemplate":"https:\/\/compuviper.mx\/tienda\/?s={search_term_string}"},"query-input":"required name=search_term_string"}],"inLanguage":"es-MX"},{"@type":"Organization","@id":"https:\/\/compuviper.mx\/tienda\/#organization","name":"Compuviper","url":"https:\/\/compuviper.mx\/tienda\/","logo":{"@type":"ImageObject","inLanguage":"es-MX","@id":"https:\/\/compuviper.mx\/tienda\/#\/schema\/logo\/image\/","url":"https:\/\/compuviper.mx\/tienda\/wp-content\/uploads\/2021\/08\/Logo-Compuviper-10.png","contentUrl":"https:\/\/compuviper.mx\/tienda\/wp-content\/uploads\/2021\/08\/Logo-Compuviper-10.png","width":1000,"height":500,"caption":"Compuviper"},"image":{"@id":"https:\/\/compuviper.mx\/tienda\/#\/schema\/logo\/image\/"},"sameAs":["https:\/\/www.facebook.com\/compuviper","https:\/\/www.youtube.com\/channel\/UCf73dERp9Y3cfOq7q8BhLjA?view_as=subscriber"]}]},"product_brand":"LG","product_price_amount":"6019","product_price_currency":"MXN","og_availability":"instock","product_availability":"instock","product_retailer_item_id":"43UA751C","product_condition":"new"},"_links":{"self":[{"href":"https:\/\/compuviper.mx\/tienda\/wp-json\/wp\/v2\/product\/257928"}],"collection":[{"href":"https:\/\/compuviper.mx\/tienda\/wp-json\/wp\/v2\/product"}],"about":[{"href":"https:\/\/compuviper.mx\/tienda\/wp-json\/wp\/v2\/types\/product"}],"replies":[{"embeddable":true,"href":"https:\/\/compuviper.mx\/tienda\/wp-json\/wp\/v2\/comments?post=257928"}],"wp:featuredmedia":[{"embeddable":true,"href":"https:\/\/compuviper.mx\/tienda\/wp-json\/wp\/v2\/media\/258521"}],"wp:attachment":[{"href":"https:\/\/compuviper.mx\/tienda\/wp-json\/wp\/v2\/media?parent=257928"}],"wp:term":[{"taxonomy":"product_cat","embeddable":true,"href":"https:\/\/compuviper.mx\/tienda\/wp-json\/wp\/v2\/product_cat?post=257928"},{"taxonomy":"product_tag","embeddable":true,"href":"https:\/\/compuviper.mx\/tienda\/wp-json\/wp\/v2\/product_tag?post=257928"}],"curies":[{"name":"wp","href":"https:\/\/api.w.org\/{rel}","templated":true}]}}