{"id":257894,"date":"2026-04-02T00:51:47","date_gmt":"2026-04-02T06:51:47","guid":{"rendered":"https:\/\/compuviper.mx\/tienda\/producto\/samsung-ls27bg650elxzx-monitor-led-27-pulgadas-g650-odyssey-qhd-2560-x-1440-va-widescreen-curvo-hdmi-dp-240hz-negro\/"},"modified":"2026-04-02T00:51:48","modified_gmt":"2026-04-02T06:51:48","slug":"samsung-ls27bg650elxzx-monitor-led-27-pulgadas-g650-odyssey-qhd-2560-x-1440-va-widescreen-curvo-hdmi-dp-240hz-negro","status":"publish","type":"product","link":"https:\/\/compuviper.mx\/tienda\/producto\/samsung-ls27bg650elxzx-monitor-led-27-pulgadas-g650-odyssey-qhd-2560-x-1440-va-widescreen-curvo-hdmi-dp-240hz-negro\/","title":{"rendered":"Samsung Ls27bg650elxzx Monitor Led  27 Pulgadas \/ G650 Odyssey\/ Qhd (2560 X 1440) \/ Va \/ Widescreen \/curvo\/ Hdmi \/ Dp \/ 240hz \/ Negro."},"content":{"rendered":"<table class=\"descripcion\">\n<tr>\n<td>Descripci\u00f3n general<\/td>\n<\/tr>\n<tr>\n<td>\u0095 resoluci\u00f3n<\/td>\n<\/tr>\n<tr>\n<td>Qhd (2,560 x 1,440)<\/td>\n<\/tr>\n<tr>\n<td>\u0095 relaci\u00f3n de aspecto<\/td>\n<\/tr>\n<tr>\n<td>16:9<\/td>\n<\/tr>\n<tr>\n<td>\u0095 curvatura de la pantalla<\/td>\n<\/tr>\n<tr>\n<td>1000r<\/td>\n<\/tr>\n<tr>\n<td>\u0095 brillo (t\u00edpico)<\/td>\n<\/tr>\n<tr>\n<td>350cd\/ and #13217;<\/td>\n<\/tr>\n<tr>\n<td>\u0095 relaci\u00f3n de contraste est\u00e1tico<\/td>\n<\/tr>\n<tr>\n<td>2,500:1(typ.)<\/td>\n<\/tr>\n<tr>\n<td>\u0095 tiempo de respuesta<\/td>\n<\/tr>\n<tr>\n<td>1ms(gtg)<\/td>\n<\/tr>\n<tr>\n<td>\u0095 frecuencia de actualizaci\u00f3n<\/td>\n<\/tr>\n<tr>\n<td>Max 240hz<\/td>\n<\/tr>\n<tr>\n<td>\u0095 \u00e1ngulo de visualizaci\u00f3n (h \/ v)<\/td>\n<\/tr>\n<tr>\n<td>178\u00b0(h)\/178\u00b0(v)<\/td>\n<\/tr>\n<tr>\n<td>Pantalla<\/td>\n<\/tr>\n<tr>\n<td>\u0095 tama\u00f1o de la pantalla (clase)<\/td>\n<\/tr>\n<tr>\n<td>27<\/td>\n<\/tr>\n<tr>\n<td>\u0095 plana \/ curva<\/td>\n<\/tr>\n<tr>\n<td>Curved<\/td>\n<\/tr>\n<tr>\n<td>\u0095 tama\u00f1o de \u00e1rea activa (h x v) [mm]<\/td>\n<\/tr>\n<tr>\n<td>596.736 x 335.664mm<\/td>\n<\/tr>\n<tr>\n<td>\u0095 curvatura de la pantalla<\/td>\n<\/tr>\n<tr>\n<td>1000r<\/td>\n<\/tr>\n<tr>\n<td>\u0095 relaci\u00f3n de aspecto<\/td>\n<\/tr>\n<tr>\n<td>16:9<\/td>\n<\/tr>\n<tr>\n<td>\u0095 tipo de panel<\/td>\n<\/tr>\n<tr>\n<td>Va<\/td>\n<\/tr>\n<tr>\n<td>\u0095 brillo (t\u00edpico)<\/td>\n<\/tr>\n<tr>\n<td>350 cd\/ and #13217;<\/td>\n<\/tr>\n<tr>\n<td>\u0095 brillo (m\u00ednimo)<\/td>\n<\/tr>\n<tr>\n<td>300 cd\/ and #13217;<\/td>\n<\/tr>\n<tr>\n<td>\u0095 relaci\u00f3n de contraste est\u00e1tico<\/td>\n<\/tr>\n<tr>\n<td>2,500:1(typ.)<\/td>\n<\/tr>\n<tr>\n<td>\u0095 hdr (high dynamic range)<\/td>\n<\/tr>\n<tr>\n<td>Vesa displayhdr 600<\/td>\n<\/tr>\n<tr>\n<td>\u0095 resoluci\u00f3n<\/td>\n<\/tr>\n<tr>\n<td>Qhd (2,560 x 1,440)<\/td>\n<\/tr>\n<tr>\n<td>\u0095 tiempo de respuesta<\/td>\n<\/tr>\n<tr>\n<td>1ms(gtg)<\/td>\n<\/tr>\n<tr>\n<td>\u0095 \u00e1ngulo de visualizaci\u00f3n (h \/ v)<\/td>\n<\/tr>\n<tr>\n<td>178\u00b0(h)\/178\u00b0(v)<\/td>\n<\/tr>\n<tr>\n<td>\u0095 soporte de colores<\/td>\n<\/tr>\n<tr>\n<td>Max 1b<\/td>\n<\/tr>\n<tr>\n<td>\u0095 gama de colores (dci coverage)<\/td>\n<\/tr>\n<tr>\n<td>95% (typ), 88% (min)<\/td>\n<\/tr>\n<tr>\n<td>\u0095 frecuencia de actualizaci\u00f3n<\/td>\n<\/tr>\n<tr>\n<td>Max 240hz<\/td>\n<\/tr>\n<tr>\n<td>Caracter\u00edsticas generales<\/td>\n<\/tr>\n<tr>\n<td>\u0095 modo eye saver<\/td>\n<\/tr>\n<tr>\n<td>Yes<\/td>\n<\/tr>\n<tr>\n<td>\u0095 flicker free<\/td>\n<\/tr>\n<tr>\n<td>Yes<\/td>\n<\/tr>\n<tr>\n<td>\u0095 quantum dot color<\/td>\n<\/tr>\n<tr>\n<td>Yes<\/td>\n<\/tr>\n<tr>\n<td>\u0095 game mode<\/td>\n<\/tr>\n<tr>\n<td>Yes<\/td>\n<\/tr>\n<tr>\n<td>\u0095 tama\u00f1o de imagen<\/td>\n<\/tr>\n<tr>\n<td>Yes<\/td>\n<\/tr>\n<tr>\n<td>\u0095 certificaci\u00f3n windows<\/td>\n<\/tr>\n<tr>\n<td>Windows 10<\/td>\n<\/tr>\n<tr>\n<td>\u0095 freesync<\/td>\n<\/tr>\n<tr>\n<td>Freesync premium pro<\/td>\n<\/tr>\n<tr>\n<td>\u0095 virtual aim point<\/td>\n<\/tr>\n<tr>\n<td>Yes<\/td>\n<\/tr>\n<tr>\n<td>\u0095 core sync<\/td>\n<\/tr>\n<tr>\n<td>Yes<\/td>\n<\/tr>\n<tr>\n<td>\u0095 game bar 2.0<\/td>\n<\/tr>\n<tr>\n<td>Yes<\/td>\n<\/tr>\n<tr>\n<td>\u0095 gaming hub<\/td>\n<\/tr>\n<tr>\n<td>Yes (kr, us, ca, br, gb, fr, de, it, es)<\/td>\n<\/tr>\n<tr>\n<td>\u0095 hdmi-cec<\/td>\n<\/tr>\n<tr>\n<td>Yes<\/td>\n<\/tr>\n<tr>\n<td>\u0095 auto source switch+<\/td>\n<\/tr>\n<tr>\n<td>Yes<\/td>\n<\/tr>\n<tr>\n<td>\u0095 adaptive picture<\/td>\n<\/tr>\n<tr>\n<td>Yes<\/td>\n<\/tr>\n<tr>\n<td>\u0095 ultrawide game view<\/td>\n<\/tr>\n<tr>\n<td>Yes<\/td>\n<\/tr>\n<tr>\n<td>Smart service<\/td>\n<\/tr>\n<tr>\n<td>\u0095 smart type<\/td>\n<\/tr>\n<tr>\n<td>Smart<\/td>\n<\/tr>\n<tr>\n<td>\u0095 sistema operativo<\/td>\n<\/tr>\n<tr>\n<td>Tizen\u0099<\/td>\n<\/tr>\n<tr>\n<td>\u0095 bixby<\/td>\n<\/tr>\n<tr>\n<td>Us english, uk english, india english, korean, french, german, italian, spanish, br portuquese (features vary by language)<\/td>\n<\/tr>\n<tr>\n<td>\u0095 far-field voice interaction<\/td>\n<\/tr>\n<tr>\n<td>Yes<\/td>\n<\/tr>\n<tr>\n<td>\u0095 web service<\/td>\n<\/tr>\n<tr>\n<td>Microsoft 365<\/td>\n<\/tr>\n<tr>\n<td>\u0095 soporte para smartthings app<\/td>\n<\/tr>\n<tr>\n<td>Yes<\/td>\n<\/tr>\n<tr>\n<td>\u0095 smartthings<\/td>\n<\/tr>\n<tr>\n<td>Yes<\/td>\n<\/tr>\n<tr>\n<td>\u0095 mobile to screen &#8211; mirroring, dlna<\/td>\n<\/tr>\n<tr>\n<td>Yes<\/td>\n<\/tr>\n<tr>\n<td>\u0095 tap view<\/td>\n<\/tr>\n<tr>\n<td>Yes<\/td>\n<\/tr>\n<tr>\n<td>\u0095 remote access<\/td>\n<\/tr>\n<tr>\n<td>Yes<\/td>\n<\/tr>\n<tr>\n<td>\u0095 sound mirroring<\/td>\n<\/tr>\n<tr>\n<td>Yes<\/td>\n<\/tr>\n<tr>\n<td>\u0095 connectshare\u0099<\/td>\n<\/tr>\n<tr>\n<td>Yes<\/td>\n<\/tr>\n<tr>\n<td>Interfaz<\/td>\n<\/tr>\n<tr>\n<td>\u0095 pantalla inal\u00e1mbrica<\/td>\n<\/tr>\n<tr>\n<td>Yes<\/td>\n<\/tr>\n<tr>\n<td>\u0095 d-sub<\/td>\n<\/tr>\n<tr>\n<td>No<\/td>\n<\/tr>\n<tr>\n<td>\u0095 dvi<\/td>\n<\/tr>\n<tr>\n<td>No<\/td>\n<\/tr>\n<tr>\n<td>\u0095 dual link dvi<\/td>\n<\/tr>\n<tr>\n<td>No<\/td>\n<\/tr>\n<tr>\n<td>\u0095 displayport<\/td>\n<\/tr>\n<tr>\n<td>1 ea<\/td>\n<\/tr>\n<tr>\n<td>\u0095 versi\u00f3n de displayport<\/td>\n<\/tr>\n<tr>\n<td>1.4<\/td>\n<\/tr>\n<tr>\n<td>\u0095 displayport out<\/td>\n<\/tr>\n<tr>\n<td>No<\/td>\n<\/tr>\n<tr>\n<td>\u0095 mini displayport<\/td>\n<\/tr>\n<tr>\n<td>No<\/td>\n<\/tr>\n<tr>\n<td>\u0095 hdmi<\/td>\n<\/tr>\n<tr>\n<td>2 ea<\/td>\n<\/tr>\n<tr>\n<td>\u0095 versi\u00f3n de hdmi<\/td>\n<\/tr>\n<tr>\n<td>2.1<\/td>\n<\/tr>\n<tr>\n<td>\u0095 hdcp version (hdmi)<\/td>\n<\/tr>\n<tr>\n<td>2.2<\/td>\n<\/tr>\n<tr>\n<td>\u0095 entrada de audio<\/td>\n<\/tr>\n<tr>\n<td>No<\/td>\n<\/tr>\n<tr>\n<td>\u0095 aud\u00edfonos<\/td>\n<\/tr>\n<tr>\n<td>Yes<\/td>\n<\/tr>\n<tr>\n<td>\u0095 hub usb<\/td>\n<\/tr>\n<tr>\n<td>2<\/td>\n<\/tr>\n<tr>\n<td>\u0095 versi\u00f3n de hub usb<\/td>\n<\/tr>\n<tr>\n<td>3<\/td>\n<\/tr>\n<tr>\n<td>\u0095 usb-c<\/td>\n<\/tr>\n<tr>\n<td>No<\/td>\n<\/tr>\n<tr>\n<td>\u0095 ethernet (lan)<\/td>\n<\/tr>\n<tr>\n<td>1 ea<\/td>\n<\/tr>\n<tr>\n<td>\u0095 red inal\u00e1mbrica integrada<\/td>\n<\/tr>\n<tr>\n<td>Yes (wifi5)<\/td>\n<\/tr>\n<tr>\n<td>\u0095 bluetooth<\/td>\n<\/tr>\n<tr>\n<td>Yes (5.2)<\/td>\n<\/tr>\n<tr>\n<td>Audio<\/td>\n<\/tr>\n<tr>\n<td>\u0095 altavoces<\/td>\n<\/tr>\n<tr>\n<td>Yes<\/td>\n<\/tr>\n<tr>\n<td>\u0095 adaptive sound<\/td>\n<\/tr>\n<tr>\n<td>Yes<\/td>\n<\/tr>\n<tr>\n<td>Condiciones de operaci\u00f3n<\/td>\n<\/tr>\n<tr>\n<td>\u0095 temperatura<\/td>\n<\/tr>\n<tr>\n<td>10~40  and #8451;<\/td>\n<\/tr>\n<tr>\n<td>\u0095 humedad<\/td>\n<\/tr>\n<tr>\n<td>10~80,non-condensing<\/td>\n<\/tr>\n<tr>\n<td>Calibraci\u00f3n<\/td>\n<\/tr>\n<tr>\n<td>\u0095 ajustes de f\u00e1brica<\/td>\n<\/tr>\n<tr>\n<td>Yes<\/td>\n<\/tr>\n<tr>\n<td>\u0095 modo a color<\/td>\n<\/tr>\n<tr>\n<td>Standard\/dynamic\/movie\/graphic\/entertain<\/td>\n<\/tr>\n<tr>\n<td>\u0095 reporte de calibraci\u00f3n de f\u00e1brica<\/td>\n<\/tr>\n<tr>\n<td>Yes<\/td>\n<\/tr>\n<tr>\n<td>Dise\u00f1o<\/td>\n<\/tr>\n<tr>\n<td>\u0095 color frontal<\/td>\n<\/tr>\n<tr>\n<td>Black<\/td>\n<\/tr>\n<tr>\n<td>\u0095 rear color<\/td>\n<\/tr>\n<tr>\n<td>Black<\/td>\n<\/tr>\n<tr>\n<td>\u0095 stand color<\/td>\n<\/tr>\n<tr>\n<td>Black<\/td>\n<\/tr>\n<tr>\n<td>\u0095 tipo de base<\/td>\n<\/tr>\n<tr>\n<td>Has pivot<\/td>\n<\/tr>\n<tr>\n<td>\u0095 base de altura ajustable<\/td>\n<\/tr>\n<tr>\n<td>120.0 \u00b1 5.0<\/td>\n<\/tr>\n<tr>\n<td>\u0095 inclinaci\u00f3n<\/td>\n<\/tr>\n<tr>\n<td>-9.0\u00ba(\u00b1 2\u00b0) ~ 13.0\u00ba(\u00b1 2\u00b0)<\/td>\n<\/tr>\n<tr>\n<td>\u0095 giro<\/td>\n<\/tr>\n<tr>\n<td>-15.0\u00ba ~ 15.0\u00ba<\/td>\n<\/tr>\n<tr>\n<td>\u0095 pivote<\/td>\n<\/tr>\n<tr>\n<td>-92.0\u00ba ~ 92.0\u00ba<\/td>\n<\/tr>\n<tr>\n<td>\u0095 montura de pared<\/td>\n<\/tr>\n<tr>\n<td>100 x 100<\/td>\n<\/tr>\n<tr>\n<td>Alimentaci\u00f3n<\/td>\n<\/tr>\n<tr>\n<td>\u0095 alimentaci\u00f3n<\/td>\n<\/tr>\n<tr>\n<td>Ac100-240v<\/td>\n<\/tr>\n<tr>\n<td>\u0095 tipo<\/td>\n<\/tr>\n<tr>\n<td>External adaptor<\/td>\n<\/tr>\n<tr>\n<td>Dimensiones<\/td>\n<\/tr>\n<tr>\n<td>\u0095 dimensiones del equipo con base (a x al x p)<\/td>\n<\/tr>\n<tr>\n<td>615.8 x 578.3 x 311.1 mm<\/td>\n<\/tr>\n<tr>\n<td>\u0095 dimensiones del equipo sin base (a x al x p)<\/td>\n<\/tr>\n<tr>\n<td>615.8 x 384.4 x 165.6 mm<\/td>\n<\/tr>\n<tr>\n<td>\u0095 dimensiones del paquete (a x al x p)<\/td>\n<\/tr>\n<tr>\n<td>688.0 x 214.0 x 461.0 mm<\/td>\n<\/tr>\n<tr>\n<td>Peso (g)<\/td>\n<\/tr>\n<tr>\n<td>\u0095 peso del equipo con base<\/td>\n<\/tr>\n<tr>\n<td>6.4 kg<\/td>\n<\/tr>\n<tr>\n<td>\u0095 peso del equipo sin base<\/td>\n<\/tr>\n<tr>\n<td>4.5 kg<\/td>\n<\/tr>\n<tr>\n<td>\u0095 peso del paquete<\/td>\n<\/tr>\n<tr>\n<td>8.8 kg<\/td>\n<\/tr>\n<tr>\n<td>Accesorios<\/td>\n<\/tr>\n<tr>\n<td>\u0095 longitud del cable de alimentaci\u00f3n<\/td>\n<\/tr>\n<tr>\n<td>1.5 m<\/td>\n<\/tr>\n<tr>\n<td>\u0095 cable dp<\/td>\n<\/tr>\n<tr>\n<td>Yes<\/td>\n<\/tr>\n<tr>\n<td>\u0095 mini-display gender<\/td>\n<\/tr>\n<tr>\n<td>No<\/td>\n<\/tr>\n<tr>\n<td>\u0095 remote controller<\/td>\n<\/tr>\n<tr>\n<td>Yes<\/td>\n<\/tr>\n<\/table>\n","protected":false},"excerpt":{"rendered":"<p>Impulsa tu realidad. Tu mundo de videojuegos, m\u00e1s real que nunca. Con una densidad de p\u00edxeles 1,7 veces superior a la de full hd, la resoluci\u00f3n qhd ofrece im\u00e1genes incre\u00edblemente detalladas y n\u00edtidas. Disfruta de una visi\u00f3n m\u00e1s completa con m\u00e1s espacio para disfrutar de toda la acci\u00f3n<\/p>\n","protected":false},"featured_media":260023,"comment_status":"open","ping_status":"open","template":"","meta":[],"product_cat":[1740,1848],"product_tag":[1743],"acf":[],"yoast_head":"<!-- This site is optimized with the Yoast SEO plugin v21.7 - https:\/\/yoast.com\/wordpress\/plugins\/seo\/ -->\n<title>[ Samsung ] &#129351; Ls27bg650elxzx Monitor Led 27 Pulgadas \/ G650 Odyssey\/ Qhd (2560 X 1440) \/ Va \/ Widescreen \/curvo\/ Hdmi \/ Dp \/ 240hz \/ Negro.<\/title>\n<meta name=\"description\" content=\"Compra Ls27bg650elxzx Monitor Led 27 Pulgadas \/ G650 Odyssey\/ Qhd (2560 X 1440) \/ Va \/ Widescreen \/curvo\/ Hdmi \/ Dp \/ 240hz \/ Negro. + Env\u00edo a domicilio + Pago seguro + Garant\u00eda\" \/>\n<meta name=\"robots\" content=\"index, follow, max-snippet:-1, max-image-preview:large, max-video-preview:-1\" \/>\n<link rel=\"canonical\" href=\"https:\/\/compuviper.mx\/tienda\/producto\/samsung-ls27bg650elxzx-monitor-led-27-pulgadas-g650-odyssey-qhd-2560-x-1440-va-widescreen-curvo-hdmi-dp-240hz-negro\/\" \/>\n<meta property=\"og:locale\" content=\"es_MX\" \/>\n<meta property=\"og:type\" content=\"article\" \/>\n<meta property=\"og:title\" content=\"[ Samsung ] &#129351; Ls27bg650elxzx Monitor Led 27 Pulgadas \/ G650 Odyssey\/ Qhd (2560 X 1440) \/ Va \/ Widescreen \/curvo\/ Hdmi \/ Dp \/ 240hz \/ Negro.\" \/>\n<meta property=\"og:description\" content=\"Compra Ls27bg650elxzx Monitor Led 27 Pulgadas \/ G650 Odyssey\/ Qhd (2560 X 1440) \/ Va \/ Widescreen \/curvo\/ Hdmi \/ Dp \/ 240hz \/ Negro. + Env\u00edo a domicilio + Pago seguro + Garant\u00eda\" \/>\n<meta property=\"og:url\" content=\"https:\/\/compuviper.mx\/tienda\/producto\/samsung-ls27bg650elxzx-monitor-led-27-pulgadas-g650-odyssey-qhd-2560-x-1440-va-widescreen-curvo-hdmi-dp-240hz-negro\/\" \/>\n<meta property=\"og:site_name\" content=\"Compuviper\" \/>\n<meta property=\"article:publisher\" content=\"https:\/\/www.facebook.com\/compuviper\" \/>\n<meta property=\"article:modified_time\" content=\"2026-04-02T06:51:48+00:00\" \/>\n<meta property=\"og:image\" content=\"https:\/\/compuviper.mx\/tienda\/wp-content\/uploads\/2025\/10\/Monitor-led-samsung-27-pulgadas-g650-odyssey-qhd-2560-x-1440-va-widescreen-curvo-hdmi-dp-240hz-negro.jpg\" \/>\n\t<meta property=\"og:image:width\" content=\"200\" \/>\n\t<meta property=\"og:image:height\" content=\"200\" \/>\n\t<meta property=\"og:image:type\" content=\"image\/jpeg\" \/>\n<meta name=\"twitter:card\" content=\"summary_large_image\" \/>\n<meta name=\"twitter:label1\" content=\"Precio\" \/>\n\t<meta name=\"twitter:data1\" content=\"&#36;7,257 &#36;6,906 con IVA\" \/>\n\t<meta name=\"twitter:label2\" content=\"Availability\" \/>\n\t<meta name=\"twitter:data2\" content=\"In stock\" \/>\n<script type=\"application\/ld+json\" class=\"yoast-schema-graph\">{\"@context\":\"https:\/\/schema.org\",\"@graph\":[{\"@type\":\"WebPage\",\"@id\":\"https:\/\/compuviper.mx\/tienda\/producto\/samsung-ls27bg650elxzx-monitor-led-27-pulgadas-g650-odyssey-qhd-2560-x-1440-va-widescreen-curvo-hdmi-dp-240hz-negro\/\",\"url\":\"https:\/\/compuviper.mx\/tienda\/producto\/samsung-ls27bg650elxzx-monitor-led-27-pulgadas-g650-odyssey-qhd-2560-x-1440-va-widescreen-curvo-hdmi-dp-240hz-negro\/\",\"name\":\"[ Samsung ] &#129351; Ls27bg650elxzx Monitor Led 27 Pulgadas \/ G650 Odyssey\/ Qhd (2560 X 1440) \/ Va \/ Widescreen \/curvo\/ Hdmi \/ Dp \/ 240hz \/ Negro.\",\"isPartOf\":{\"@id\":\"https:\/\/compuviper.mx\/tienda\/#website\"},\"datePublished\":\"2026-04-02T06:51:47+00:00\",\"dateModified\":\"2026-04-02T06:51:48+00:00\",\"description\":\"Compra Ls27bg650elxzx Monitor Led 27 Pulgadas \/ G650 Odyssey\/ Qhd (2560 X 1440) \/ Va \/ Widescreen \/curvo\/ Hdmi \/ Dp \/ 240hz \/ Negro. + Env\u00edo a domicilio + Pago seguro + Garant\u00eda\",\"breadcrumb\":{\"@id\":\"https:\/\/compuviper.mx\/tienda\/producto\/samsung-ls27bg650elxzx-monitor-led-27-pulgadas-g650-odyssey-qhd-2560-x-1440-va-widescreen-curvo-hdmi-dp-240hz-negro\/#breadcrumb\"},\"inLanguage\":\"es-MX\",\"potentialAction\":[{\"@type\":\"ReadAction\",\"target\":[\"https:\/\/compuviper.mx\/tienda\/producto\/samsung-ls27bg650elxzx-monitor-led-27-pulgadas-g650-odyssey-qhd-2560-x-1440-va-widescreen-curvo-hdmi-dp-240hz-negro\/\"]}]},{\"@type\":\"BreadcrumbList\",\"@id\":\"https:\/\/compuviper.mx\/tienda\/producto\/samsung-ls27bg650elxzx-monitor-led-27-pulgadas-g650-odyssey-qhd-2560-x-1440-va-widescreen-curvo-hdmi-dp-240hz-negro\/#breadcrumb\",\"itemListElement\":[{\"@type\":\"ListItem\",\"position\":1,\"name\":\"Inicio\",\"item\":\"https:\/\/compuviper.mx\/tienda\/\"},{\"@type\":\"ListItem\",\"position\":2,\"name\":\"Productos\",\"item\":\"https:\/\/compuviper.mx\/tienda\/productos\/\"},{\"@type\":\"ListItem\",\"position\":3,\"name\":\"Monitores\",\"item\":\"https:\/\/compuviper.mx\/tienda\/categoria-producto\/monitores\/\"},{\"@type\":\"ListItem\",\"position\":4,\"name\":\"Sin Categor\u00eda\",\"item\":\"https:\/\/compuviper.mx\/tienda\/categoria-producto\/monitores\/sin-categoria-monitores\/\"},{\"@type\":\"ListItem\",\"position\":5,\"name\":\"Samsung Ls27bg650elxzx Monitor Led 27 Pulgadas \/ G650 Odyssey\/ Qhd (2560 X 1440) \/ Va \/ Widescreen \/curvo\/ Hdmi \/ Dp \/ 240hz \/ Negro.\"}]},{\"@type\":\"WebSite\",\"@id\":\"https:\/\/compuviper.mx\/tienda\/#website\",\"url\":\"https:\/\/compuviper.mx\/tienda\/\",\"name\":\"Compuviper\",\"description\":\"Proveedor de Computadoras, Laptops, Servidores, Monitores, Puntos de Venta, Teclados,   Impresoras, T\u00f3ner, C\u00e1maras de Seguridad y m\u00e1s en tu tienda en l\u00ednea\",\"publisher\":{\"@id\":\"https:\/\/compuviper.mx\/tienda\/#organization\"},\"potentialAction\":[{\"@type\":\"SearchAction\",\"target\":{\"@type\":\"EntryPoint\",\"urlTemplate\":\"https:\/\/compuviper.mx\/tienda\/?s={search_term_string}\"},\"query-input\":\"required name=search_term_string\"}],\"inLanguage\":\"es-MX\"},{\"@type\":\"Organization\",\"@id\":\"https:\/\/compuviper.mx\/tienda\/#organization\",\"name\":\"Compuviper\",\"url\":\"https:\/\/compuviper.mx\/tienda\/\",\"logo\":{\"@type\":\"ImageObject\",\"inLanguage\":\"es-MX\",\"@id\":\"https:\/\/compuviper.mx\/tienda\/#\/schema\/logo\/image\/\",\"url\":\"https:\/\/compuviper.mx\/tienda\/wp-content\/uploads\/2021\/08\/Logo-Compuviper-10.png\",\"contentUrl\":\"https:\/\/compuviper.mx\/tienda\/wp-content\/uploads\/2021\/08\/Logo-Compuviper-10.png\",\"width\":1000,\"height\":500,\"caption\":\"Compuviper\"},\"image\":{\"@id\":\"https:\/\/compuviper.mx\/tienda\/#\/schema\/logo\/image\/\"},\"sameAs\":[\"https:\/\/www.facebook.com\/compuviper\",\"https:\/\/www.youtube.com\/channel\/UCf73dERp9Y3cfOq7q8BhLjA?view_as=subscriber\"]}]}<\/script>\n<meta property=\"product:brand\" content=\"SAMSUNG\" \/>\n<meta property=\"product:price:amount\" content=\"6906\" \/>\n<meta property=\"product:price:currency\" content=\"MXN\" \/>\n<meta property=\"og:availability\" content=\"instock\" \/>\n<meta property=\"product:availability\" content=\"instock\" \/>\n<meta property=\"product:retailer_item_id\" content=\"LS27BG650ELXZX\" \/>\n<meta property=\"product:condition\" content=\"new\" \/>\n<!-- \/ Yoast SEO plugin. -->","yoast_head_json":{"title":"[ Samsung ] &#129351; Ls27bg650elxzx Monitor Led 27 Pulgadas \/ G650 Odyssey\/ Qhd (2560 X 1440) \/ Va \/ Widescreen \/curvo\/ Hdmi \/ Dp \/ 240hz \/ Negro.","description":"Compra Ls27bg650elxzx Monitor Led 27 Pulgadas \/ G650 Odyssey\/ Qhd (2560 X 1440) \/ Va \/ Widescreen \/curvo\/ Hdmi \/ Dp \/ 240hz \/ Negro. + Env\u00edo a domicilio + Pago seguro + Garant\u00eda","robots":{"index":"index","follow":"follow","max-snippet":"max-snippet:-1","max-image-preview":"max-image-preview:large","max-video-preview":"max-video-preview:-1"},"canonical":"https:\/\/compuviper.mx\/tienda\/producto\/samsung-ls27bg650elxzx-monitor-led-27-pulgadas-g650-odyssey-qhd-2560-x-1440-va-widescreen-curvo-hdmi-dp-240hz-negro\/","og_locale":"es_MX","og_type":"article","og_title":"[ Samsung ] &#129351; Ls27bg650elxzx Monitor Led 27 Pulgadas \/ G650 Odyssey\/ Qhd (2560 X 1440) \/ Va \/ Widescreen \/curvo\/ Hdmi \/ Dp \/ 240hz \/ Negro.","og_description":"Compra Ls27bg650elxzx Monitor Led 27 Pulgadas \/ G650 Odyssey\/ Qhd (2560 X 1440) \/ Va \/ Widescreen \/curvo\/ Hdmi \/ Dp \/ 240hz \/ Negro. + Env\u00edo a domicilio + Pago seguro + Garant\u00eda","og_url":"https:\/\/compuviper.mx\/tienda\/producto\/samsung-ls27bg650elxzx-monitor-led-27-pulgadas-g650-odyssey-qhd-2560-x-1440-va-widescreen-curvo-hdmi-dp-240hz-negro\/","og_site_name":"Compuviper","article_publisher":"https:\/\/www.facebook.com\/compuviper","article_modified_time":"2026-04-02T06:51:48+00:00","og_image":[{"width":200,"height":200,"url":"https:\/\/compuviper.mx\/tienda\/wp-content\/uploads\/2025\/10\/Monitor-led-samsung-27-pulgadas-g650-odyssey-qhd-2560-x-1440-va-widescreen-curvo-hdmi-dp-240hz-negro.jpg","type":"image\/jpeg"}],"twitter_card":"summary_large_image","twitter_misc":{"Precio":"&#36;7,257 &#36;6,906 con IVA","Availability":"In stock"},"schema":{"@context":"https:\/\/schema.org","@graph":[{"@type":"WebPage","@id":"https:\/\/compuviper.mx\/tienda\/producto\/samsung-ls27bg650elxzx-monitor-led-27-pulgadas-g650-odyssey-qhd-2560-x-1440-va-widescreen-curvo-hdmi-dp-240hz-negro\/","url":"https:\/\/compuviper.mx\/tienda\/producto\/samsung-ls27bg650elxzx-monitor-led-27-pulgadas-g650-odyssey-qhd-2560-x-1440-va-widescreen-curvo-hdmi-dp-240hz-negro\/","name":"[ Samsung ] &#129351; Ls27bg650elxzx Monitor Led 27 Pulgadas \/ G650 Odyssey\/ Qhd (2560 X 1440) \/ Va \/ Widescreen \/curvo\/ Hdmi \/ Dp \/ 240hz \/ Negro.","isPartOf":{"@id":"https:\/\/compuviper.mx\/tienda\/#website"},"datePublished":"2026-04-02T06:51:47+00:00","dateModified":"2026-04-02T06:51:48+00:00","description":"Compra Ls27bg650elxzx Monitor Led 27 Pulgadas \/ G650 Odyssey\/ Qhd (2560 X 1440) \/ Va \/ Widescreen \/curvo\/ Hdmi \/ Dp \/ 240hz \/ Negro. + Env\u00edo a domicilio + Pago seguro + Garant\u00eda","breadcrumb":{"@id":"https:\/\/compuviper.mx\/tienda\/producto\/samsung-ls27bg650elxzx-monitor-led-27-pulgadas-g650-odyssey-qhd-2560-x-1440-va-widescreen-curvo-hdmi-dp-240hz-negro\/#breadcrumb"},"inLanguage":"es-MX","potentialAction":[{"@type":"ReadAction","target":["https:\/\/compuviper.mx\/tienda\/producto\/samsung-ls27bg650elxzx-monitor-led-27-pulgadas-g650-odyssey-qhd-2560-x-1440-va-widescreen-curvo-hdmi-dp-240hz-negro\/"]}]},{"@type":"BreadcrumbList","@id":"https:\/\/compuviper.mx\/tienda\/producto\/samsung-ls27bg650elxzx-monitor-led-27-pulgadas-g650-odyssey-qhd-2560-x-1440-va-widescreen-curvo-hdmi-dp-240hz-negro\/#breadcrumb","itemListElement":[{"@type":"ListItem","position":1,"name":"Inicio","item":"https:\/\/compuviper.mx\/tienda\/"},{"@type":"ListItem","position":2,"name":"Productos","item":"https:\/\/compuviper.mx\/tienda\/productos\/"},{"@type":"ListItem","position":3,"name":"Monitores","item":"https:\/\/compuviper.mx\/tienda\/categoria-producto\/monitores\/"},{"@type":"ListItem","position":4,"name":"Sin Categor\u00eda","item":"https:\/\/compuviper.mx\/tienda\/categoria-producto\/monitores\/sin-categoria-monitores\/"},{"@type":"ListItem","position":5,"name":"Samsung Ls27bg650elxzx Monitor Led 27 Pulgadas \/ G650 Odyssey\/ Qhd (2560 X 1440) \/ Va \/ Widescreen \/curvo\/ Hdmi \/ Dp \/ 240hz \/ Negro."}]},{"@type":"WebSite","@id":"https:\/\/compuviper.mx\/tienda\/#website","url":"https:\/\/compuviper.mx\/tienda\/","name":"Compuviper","description":"Proveedor de Computadoras, Laptops, Servidores, Monitores, Puntos de Venta, Teclados,   Impresoras, T\u00f3ner, C\u00e1maras de Seguridad y m\u00e1s en tu tienda en l\u00ednea","publisher":{"@id":"https:\/\/compuviper.mx\/tienda\/#organization"},"potentialAction":[{"@type":"SearchAction","target":{"@type":"EntryPoint","urlTemplate":"https:\/\/compuviper.mx\/tienda\/?s={search_term_string}"},"query-input":"required name=search_term_string"}],"inLanguage":"es-MX"},{"@type":"Organization","@id":"https:\/\/compuviper.mx\/tienda\/#organization","name":"Compuviper","url":"https:\/\/compuviper.mx\/tienda\/","logo":{"@type":"ImageObject","inLanguage":"es-MX","@id":"https:\/\/compuviper.mx\/tienda\/#\/schema\/logo\/image\/","url":"https:\/\/compuviper.mx\/tienda\/wp-content\/uploads\/2021\/08\/Logo-Compuviper-10.png","contentUrl":"https:\/\/compuviper.mx\/tienda\/wp-content\/uploads\/2021\/08\/Logo-Compuviper-10.png","width":1000,"height":500,"caption":"Compuviper"},"image":{"@id":"https:\/\/compuviper.mx\/tienda\/#\/schema\/logo\/image\/"},"sameAs":["https:\/\/www.facebook.com\/compuviper","https:\/\/www.youtube.com\/channel\/UCf73dERp9Y3cfOq7q8BhLjA?view_as=subscriber"]}]},"product_brand":"SAMSUNG","product_price_amount":"6906","product_price_currency":"MXN","og_availability":"instock","product_availability":"instock","product_retailer_item_id":"LS27BG650ELXZX","product_condition":"new"},"_links":{"self":[{"href":"https:\/\/compuviper.mx\/tienda\/wp-json\/wp\/v2\/product\/257894"}],"collection":[{"href":"https:\/\/compuviper.mx\/tienda\/wp-json\/wp\/v2\/product"}],"about":[{"href":"https:\/\/compuviper.mx\/tienda\/wp-json\/wp\/v2\/types\/product"}],"replies":[{"embeddable":true,"href":"https:\/\/compuviper.mx\/tienda\/wp-json\/wp\/v2\/comments?post=257894"}],"wp:featuredmedia":[{"embeddable":true,"href":"https:\/\/compuviper.mx\/tienda\/wp-json\/wp\/v2\/media\/260023"}],"wp:attachment":[{"href":"https:\/\/compuviper.mx\/tienda\/wp-json\/wp\/v2\/media?parent=257894"}],"wp:term":[{"taxonomy":"product_cat","embeddable":true,"href":"https:\/\/compuviper.mx\/tienda\/wp-json\/wp\/v2\/product_cat?post=257894"},{"taxonomy":"product_tag","embeddable":true,"href":"https:\/\/compuviper.mx\/tienda\/wp-json\/wp\/v2\/product_tag?post=257894"}],"curies":[{"name":"wp","href":"https:\/\/api.w.org\/{rel}","templated":true}]}}