{"id":257893,"date":"2026-04-16T00:53:11","date_gmt":"2026-04-16T06:53:11","guid":{"rendered":"https:\/\/compuviper.mx\/tienda\/producto\/samsung-ls32fm801ulxzx-monitor-led-32-pulgadas-4k-3840-x-2160-plano-smart-monitor-m8-m80f-va-60-hz-hdmi-vga-blanco\/"},"modified":"2026-04-16T00:53:12","modified_gmt":"2026-04-16T06:53:12","slug":"samsung-ls32fm801ulxzx-monitor-led-32-pulgadas-smart-monitor-m8-4k-3840-x-2160-va-plano-hdmi-bt-wifi-usb-c-web-cam-60-hz-blanco-clido","status":"publish","type":"product","link":"https:\/\/compuviper.mx\/tienda\/producto\/samsung-ls32fm801ulxzx-monitor-led-32-pulgadas-smart-monitor-m8-4k-3840-x-2160-va-plano-hdmi-bt-wifi-usb-c-web-cam-60-hz-blanco-clido\/","title":{"rendered":"Samsung Ls32fm801ulxzx Monitor Led  32 Pulgadas \/smart Monitor M8 \/4k (3840 X 2160)\/ Va\/ Plano \/hdmi \/ Bt \/ Wifi\/ Usb-c\/ Web Cam\/ 60 Hz \/blanco C?lido"},"content":{"rendered":"<table class=\"descripcion\">\n<tr>\n<td>Descripci\u00f3n general<\/td>\n<\/tr>\n<tr>\n<td>\u0095 relaci\u00f3n de aspecto:16:9<\/td>\n<\/tr>\n<tr>\n<td>\u0095 brillo (t\u00edpico): 400 cd\/ and #13217;<\/td>\n<\/tr>\n<tr>\n<td>\u0095 relaci\u00f3n de contraste est\u00e1tico: 3,000:1(static)<\/td>\n<\/tr>\n<tr>\n<td>\u0095 resoluci\u00f3n: 4k (3,840 x 2,160)<\/td>\n<\/tr>\n<tr>\n<td>\u0095 tiempo de respuesta: 4ms(gtg)<\/td>\n<\/tr>\n<tr>\n<td>\u0095 \u00e1ngulo de visualizaci\u00f3n (h \/ v): 178\/178<\/td>\n<\/tr>\n<tr>\n<td>\u0095 frecuencia de actualizaci\u00f3n: max 60hz<\/td>\n<\/tr>\n<tr>\n<td>Pantalla<\/td>\n<\/tr>\n<tr>\n<td>\u0095 tama\u00f1o de la pantalla (clase): 32<\/td>\n<\/tr>\n<tr>\n<td>\u0095 plana \/ curva: flat<\/td>\n<\/tr>\n<tr>\n<td>\u0095 tama\u00f1o de \u00e1rea activa (h x v) [mm]: 697.306 x 392.234mm<\/td>\n<\/tr>\n<tr>\n<td>\u0095 relaci\u00f3n de aspecto: 16:9<\/td>\n<\/tr>\n<tr>\n<td>\u0095 tipo de panel: va<\/td>\n<\/tr>\n<tr>\n<td>\u0095 brillo (t\u00edpico): 400 cd\/ and #13217;<\/td>\n<\/tr>\n<tr>\n<td>\u0095 brillo (m\u00ednimo): 300 cd\/ and #13217;<\/td>\n<\/tr>\n<tr>\n<td>\u0095 relaci\u00f3n de contraste est\u00e1tico: 3,000:1(static)<\/td>\n<\/tr>\n<tr>\n<td>\u0095 hdr (high dynamic range): hdr10<\/td>\n<\/tr>\n<tr>\n<td>\u0095 hdr10+: certificado (hdr10 +)<\/td>\n<\/tr>\n<tr>\n<td>\u0095 resoluci\u00f3n:4k (3,840 x 2,160)<\/td>\n<\/tr>\n<tr>\n<td>\u0095 tiempo de respuesta: 4ms(gtg)<\/td>\n<\/tr>\n<tr>\n<td>\u0095 \u00e1ngulo de visualizaci\u00f3n (h \/ v): 178\/178<\/td>\n<\/tr>\n<tr>\n<td>\u0095 soporte de colores: max 1b<\/td>\n<\/tr>\n<tr>\n<td>\u0095 cobertura srgb: 99% (cie1931)<\/td>\n<\/tr>\n<tr>\n<td>\u0095 frecuencia de actualizaci\u00f3n: max 60hz<\/td>\n<\/tr>\n<tr>\n<td>Caracter\u00edsticas generales<\/td>\n<\/tr>\n<tr>\n<td>\u0095 modo eye saber: s\u00ed<\/td>\n<\/tr>\n<tr>\n<td>\u0095 flicker free: s\u00ed<\/td>\n<\/tr>\n<tr>\n<td>\u0095 tama\u00f1o de imagen: s\u00ed<\/td>\n<\/tr>\n<tr>\n<td>\u0095 certificaci\u00f3n windows: windows11<\/td>\n<\/tr>\n<tr>\n<td>\u0095 virtual aim point: s\u00ed<\/td>\n<\/tr>\n<tr>\n<td>\u0095 game bar 2.0: s\u00ed<\/td>\n<\/tr>\n<tr>\n<td>\u0095 gaming hub: s\u00ed (kr, us, ca, br, gb, fr, de, it, es, mx, au)<\/td>\n<\/tr>\n<tr>\n<td>\u0095 hdmi-cec: s\u00ed<\/td>\n<\/tr>\n<tr>\n<td>\u0095 auto source switch: cambio autom\u00e1tico de fuente+<\/td>\n<\/tr>\n<tr>\n<td>\u0095 adaptive picture: s\u00ed<\/td>\n<\/tr>\n<tr>\n<td>\u0095 ultrawide game view: s\u00ed<\/td>\n<\/tr>\n<tr>\n<td>Smart service<\/td>\n<\/tr>\n<tr>\n<td>\u0095 smart type: smart<\/td>\n<\/tr>\n<tr>\n<td>\u0095 sistema operativo: tizen\u0099<\/td>\n<\/tr>\n<tr>\n<td>\u0095 bixby: s\u00ed<\/td>\n<\/tr>\n<tr>\n<td>\u0095 far-field voice interaction: s\u00ed<\/td>\n<\/tr>\n<tr>\n<td>\u0095 tv plus: s\u00ed (solo mx, br)<\/td>\n<\/tr>\n<tr>\n<td>\u0095 alexa built-in: alexa (solo mx y br)<\/td>\n<\/tr>\n<tr>\n<td>\u0095 smartthings hub: s\u00ed<\/td>\n<\/tr>\n<tr>\n<td>\u0095 multi device experience: m\u00f3vil a pantalla, duplicaci\u00f3n de inicio de pantalla, duplicaci\u00f3n de sonido, conexi\u00f3n inal\u00e1mbrica activada, vista t\u00e1ctil<\/td>\n<\/tr>\n<tr>\n<td>\u0095 screenvitals: s\u00ed (solo mx, br)<\/td>\n<\/tr>\n<tr>\n<td>\u0095 multi view: hasta 2 v\u00eddeos<\/td>\n<\/tr>\n<tr>\n<td>\u0095 smart calibration: b\u00e1sico<\/td>\n<\/tr>\n<tr>\n<td>\u0095 knox vault: s\u00ed<\/td>\n<\/tr>\n<tr>\n<td>\u0095 remote access: s\u00ed<\/td>\n<\/tr>\n<tr>\n<td>Interfaz<\/td>\n<\/tr>\n<tr>\n<td>\u0095 pantalla inal\u00e1mbrica: s\u00ed<\/td>\n<\/tr>\n<tr>\n<td>\u0095 hdmi: 1 ea<\/td>\n<\/tr>\n<tr>\n<td>\u0095 versi\u00f3n de hdmi: 2.0<\/td>\n<\/tr>\n<tr>\n<td>\u0095 hdcp version (hdmi): 2.2<\/td>\n<\/tr>\n<tr>\n<td>\u0095 hub usb: 2<\/td>\n<\/tr>\n<tr>\n<td>\u0095 versi\u00f3n de hub usb: 2.0<\/td>\n<\/tr>\n<tr>\n<td>\u0095 usb-c: 1 ea<\/td>\n<\/tr>\n<tr>\n<td>\u0095 usb-c charging power: 65w<\/td>\n<\/tr>\n<tr>\n<td>\u0095 hdcp version (usb-c): 2.2<\/td>\n<\/tr>\n<tr>\n<td>\u0095 red inal\u00e1mbrica integrada: s\u00ed (wi-fi 5)<\/td>\n<\/tr>\n<tr>\n<td>\u0095 bluetooth: s\u00ed(5.2)<\/td>\n<\/tr>\n<tr>\n<td>Audio<\/td>\n<\/tr>\n<tr>\n<td>\u0095 altavoces: yes<\/td>\n<\/tr>\n<tr>\n<td>\u0095 speaker output: 10w<\/td>\n<\/tr>\n<tr>\n<td>\u0095 adaptive sound: sonido adaptativo pro<\/td>\n<\/tr>\n<tr>\n<td>Condiciones de operaci\u00f3n<\/td>\n<\/tr>\n<tr>\n<td>\u0095 temperatura: 10 and #8451;~40 and #8451;<\/td>\n<\/tr>\n<tr>\n<td>\u0095 humedad: 10%~80% (sin condensaci\u00f3n)<\/td>\n<\/tr>\n<tr>\n<td>Calibraci\u00f3n<\/td>\n<\/tr>\n<tr>\n<td>\u0095 ajustes de f\u00e1brica: s\u00ed<\/td>\n<\/tr>\n<tr>\n<td>Dise\u00f1o<\/td>\n<\/tr>\n<tr>\n<td>\u0095 color frontal: blanco c\u00e1lido<\/td>\n<\/tr>\n<tr>\n<td>\u0095 rear color: blanco c\u00e1lido<\/td>\n<\/tr>\n<tr>\n<td>\u0095 stand color: blanco c\u00e1lido<\/td>\n<\/tr>\n<tr>\n<td>\u0095 tipo de base: tiene pivote<\/td>\n<\/tr>\n<tr>\n<td>\u0095 base de altura ajustable: 120.0 \u00b1 5.0<\/td>\n<\/tr>\n<tr>\n<td>\u0095 inclinaci\u00f3n: -2.0 and #730;(\u00b12.0 and #730;) ~ 15.0 and #730;(\u00b12.0 and #730;)<\/td>\n<\/tr>\n<tr>\n<td>\u0095 pivote: -92.0 and #730;(\u00b12.0 and #730;) ~ 92.0 and #730;(\u00b12.0 and #730;)<\/td>\n<\/tr>\n<tr>\n<td>\u0095 montura de pared: 100 x 100<\/td>\n<\/tr>\n<tr>\n<td>Alimentaci\u00f3n<\/td>\n<\/tr>\n<tr>\n<td>\u0095 alimentaci\u00f3n: ac 100~240v<\/td>\n<\/tr>\n<tr>\n<td>\u0095 consumo de energ\u00eda (m\u00e1ximo): 140 w<\/td>\n<\/tr>\n<tr>\n<td>\u0095 tipo: adaptador externo<\/td>\n<\/tr>\n<tr>\n<td>Dimensiones<\/td>\n<\/tr>\n<tr>\n<td>\u0095 dimensiones del equipo con base (a x al x p): 713.4 x 616.2 x 200.1 mm<\/td>\n<\/tr>\n<tr>\n<td>\u0095 dimensiones del equipo sin base (a x al x p): 713.4 x 423.8 x 24.5 mm<\/td>\n<\/tr>\n<tr>\n<td>\u0095 dimensiones del paquete (a x al x p): 909 x 122 x 483 mm<\/td>\n<\/tr>\n<tr>\n<td>Peso (g)<\/td>\n<\/tr>\n<tr>\n<td>\u0095 peso del equipo con base: 7.0 kg<\/td>\n<\/tr>\n<tr>\n<td>\u0095 peso del equipo sin base: 4.0 kg<\/td>\n<\/tr>\n<tr>\n<td>\u0095 peso del paquete: 10.5 kg<\/td>\n<\/tr>\n<tr>\n<td>Accesorios<\/td>\n<\/tr>\n<tr>\n<td>\u0095 longitud del cable de alimentaci\u00f3n: 1.5 m<\/td>\n<\/tr>\n<tr>\n<td>\u0095 cable hdmi: s\u00ed<\/td>\n<\/tr>\n<tr>\n<td>\u0095 cable usb tipo-c: s\u00ed<\/td>\n<\/tr>\n<tr>\n<td>\u0095 remote controller: s\u00ed<\/td>\n<\/tr>\n<tr>\n<td>\u0095 camera: s\u00ed<\/td>\n<\/tr>\n<tr>\n<td>\u0095 pogo gender: s\u00ed<\/td>\n<\/tr>\n<\/table>\n","protected":false},"excerpt":{"rendered":"<p>Disfruta, juega y crea con estilo gracias a samsung vision ai<\/p>\n","protected":false},"featured_media":260000,"comment_status":"open","ping_status":"open","template":"","meta":[],"product_cat":[1741,1740],"product_tag":[1743],"acf":[],"yoast_head":"<!-- This site is optimized with the Yoast SEO plugin v21.7 - https:\/\/yoast.com\/wordpress\/plugins\/seo\/ -->\n<title>[ Samsung ] &#129351; Ls32fm801ulxzx Monitor Led 32 Pulgadas \/smart Monitor M8 \/4k (3840 X 2160)\/ Va\/ Plano \/hdmi \/ Bt \/ Wifi\/ Usb-c\/ Web Cam\/ 60 Hz \/blanco C\u00e1lido<\/title>\n<meta name=\"description\" content=\"Compra Ls32fm801ulxzx Monitor Led 32 Pulgadas \/smart Monitor M8 \/4k (3840 X 2160)\/ Va\/ Plano \/hdmi \/ Bt \/ Wifi\/ Usb-c\/ Web Cam\/ 60 Hz \/blanco C\u00e1lido + Env\u00edo a domicilio + Pago seguro + Garant\u00eda\" \/>\n<meta name=\"robots\" content=\"index, follow, max-snippet:-1, max-image-preview:large, max-video-preview:-1\" \/>\n<link rel=\"canonical\" href=\"https:\/\/compuviper.mx\/tienda\/producto\/samsung-ls32fm801ulxzx-monitor-led-32-pulgadas-smart-monitor-m8-4k-3840-x-2160-va-plano-hdmi-bt-wifi-usb-c-web-cam-60-hz-blanco-clido\/\" \/>\n<meta property=\"og:locale\" content=\"es_MX\" \/>\n<meta property=\"og:type\" content=\"article\" \/>\n<meta property=\"og:title\" content=\"[ Samsung ] &#129351; Ls32fm801ulxzx Monitor Led 32 Pulgadas \/smart Monitor M8 \/4k (3840 X 2160)\/ Va\/ Plano \/hdmi \/ Bt \/ Wifi\/ Usb-c\/ Web Cam\/ 60 Hz \/blanco C\u00e1lido\" \/>\n<meta property=\"og:description\" content=\"Compra Ls32fm801ulxzx Monitor Led 32 Pulgadas \/smart Monitor M8 \/4k (3840 X 2160)\/ Va\/ Plano \/hdmi \/ Bt \/ Wifi\/ Usb-c\/ Web Cam\/ 60 Hz \/blanco C\u00e1lido + Env\u00edo a domicilio + Pago seguro + Garant\u00eda\" \/>\n<meta property=\"og:url\" content=\"https:\/\/compuviper.mx\/tienda\/producto\/samsung-ls32fm801ulxzx-monitor-led-32-pulgadas-smart-monitor-m8-4k-3840-x-2160-va-plano-hdmi-bt-wifi-usb-c-web-cam-60-hz-blanco-clido\/\" \/>\n<meta property=\"og:site_name\" content=\"Compuviper\" \/>\n<meta property=\"article:publisher\" content=\"https:\/\/www.facebook.com\/compuviper\" \/>\n<meta property=\"article:modified_time\" content=\"2026-04-16T06:53:12+00:00\" \/>\n<meta property=\"og:image\" content=\"https:\/\/compuviper.mx\/tienda\/wp-content\/uploads\/2025\/10\/Monitor-led-samsung-32-pulgadas-4k-3840-x-2160-plano-smart-monitor-m8-m80f-va-60-hz-hdmi-vga-blanco.jpg\" \/>\n\t<meta property=\"og:image:width\" content=\"200\" \/>\n\t<meta property=\"og:image:height\" content=\"200\" \/>\n\t<meta property=\"og:image:type\" content=\"image\/jpeg\" \/>\n<meta name=\"twitter:card\" content=\"summary_large_image\" \/>\n<meta name=\"twitter:label1\" content=\"Precio\" \/>\n\t<meta name=\"twitter:data1\" content=\"&#36;9,071 con IVA\" \/>\n\t<meta name=\"twitter:label2\" content=\"Availability\" \/>\n\t<meta name=\"twitter:data2\" content=\"In stock\" \/>\n<script type=\"application\/ld+json\" class=\"yoast-schema-graph\">{\"@context\":\"https:\/\/schema.org\",\"@graph\":[{\"@type\":\"WebPage\",\"@id\":\"https:\/\/compuviper.mx\/tienda\/producto\/samsung-ls32fm801ulxzx-monitor-led-32-pulgadas-smart-monitor-m8-4k-3840-x-2160-va-plano-hdmi-bt-wifi-usb-c-web-cam-60-hz-blanco-clido\/\",\"url\":\"https:\/\/compuviper.mx\/tienda\/producto\/samsung-ls32fm801ulxzx-monitor-led-32-pulgadas-smart-monitor-m8-4k-3840-x-2160-va-plano-hdmi-bt-wifi-usb-c-web-cam-60-hz-blanco-clido\/\",\"name\":\"[ Samsung ] &#129351; Ls32fm801ulxzx Monitor Led 32 Pulgadas \/smart Monitor M8 \/4k (3840 X 2160)\/ Va\/ Plano \/hdmi \/ Bt \/ Wifi\/ Usb-c\/ Web Cam\/ 60 Hz \/blanco C\u00e1lido\",\"isPartOf\":{\"@id\":\"https:\/\/compuviper.mx\/tienda\/#website\"},\"datePublished\":\"2026-04-16T06:53:11+00:00\",\"dateModified\":\"2026-04-16T06:53:12+00:00\",\"description\":\"Compra Ls32fm801ulxzx Monitor Led 32 Pulgadas \/smart Monitor M8 \/4k (3840 X 2160)\/ Va\/ Plano \/hdmi \/ Bt \/ Wifi\/ Usb-c\/ Web Cam\/ 60 Hz \/blanco C\u00e1lido + Env\u00edo a domicilio + Pago seguro + Garant\u00eda\",\"breadcrumb\":{\"@id\":\"https:\/\/compuviper.mx\/tienda\/producto\/samsung-ls32fm801ulxzx-monitor-led-32-pulgadas-smart-monitor-m8-4k-3840-x-2160-va-plano-hdmi-bt-wifi-usb-c-web-cam-60-hz-blanco-clido\/#breadcrumb\"},\"inLanguage\":\"es-MX\",\"potentialAction\":[{\"@type\":\"ReadAction\",\"target\":[\"https:\/\/compuviper.mx\/tienda\/producto\/samsung-ls32fm801ulxzx-monitor-led-32-pulgadas-smart-monitor-m8-4k-3840-x-2160-va-plano-hdmi-bt-wifi-usb-c-web-cam-60-hz-blanco-clido\/\"]}]},{\"@type\":\"BreadcrumbList\",\"@id\":\"https:\/\/compuviper.mx\/tienda\/producto\/samsung-ls32fm801ulxzx-monitor-led-32-pulgadas-smart-monitor-m8-4k-3840-x-2160-va-plano-hdmi-bt-wifi-usb-c-web-cam-60-hz-blanco-clido\/#breadcrumb\",\"itemListElement\":[{\"@type\":\"ListItem\",\"position\":1,\"name\":\"Inicio\",\"item\":\"https:\/\/compuviper.mx\/tienda\/\"},{\"@type\":\"ListItem\",\"position\":2,\"name\":\"Productos\",\"item\":\"https:\/\/compuviper.mx\/tienda\/productos\/\"},{\"@type\":\"ListItem\",\"position\":3,\"name\":\"Monitores\",\"item\":\"https:\/\/compuviper.mx\/tienda\/categoria-producto\/monitores\/\"},{\"@type\":\"ListItem\",\"position\":4,\"name\":\"Led\",\"item\":\"https:\/\/compuviper.mx\/tienda\/categoria-producto\/monitores\/led\/\"},{\"@type\":\"ListItem\",\"position\":5,\"name\":\"Samsung Ls32fm801ulxzx Monitor Led 32 Pulgadas \/smart Monitor M8 \/4k (3840 X 2160)\/ Va\/ Plano \/hdmi \/ Bt \/ Wifi\/ Usb-c\/ Web Cam\/ 60 Hz \/blanco C?lido\"}]},{\"@type\":\"WebSite\",\"@id\":\"https:\/\/compuviper.mx\/tienda\/#website\",\"url\":\"https:\/\/compuviper.mx\/tienda\/\",\"name\":\"Compuviper\",\"description\":\"Proveedor de Computadoras, Laptops, Servidores, Monitores, Puntos de Venta, Teclados,   Impresoras, T\u00f3ner, C\u00e1maras de Seguridad y m\u00e1s en tu tienda en l\u00ednea\",\"publisher\":{\"@id\":\"https:\/\/compuviper.mx\/tienda\/#organization\"},\"potentialAction\":[{\"@type\":\"SearchAction\",\"target\":{\"@type\":\"EntryPoint\",\"urlTemplate\":\"https:\/\/compuviper.mx\/tienda\/?s={search_term_string}\"},\"query-input\":\"required name=search_term_string\"}],\"inLanguage\":\"es-MX\"},{\"@type\":\"Organization\",\"@id\":\"https:\/\/compuviper.mx\/tienda\/#organization\",\"name\":\"Compuviper\",\"url\":\"https:\/\/compuviper.mx\/tienda\/\",\"logo\":{\"@type\":\"ImageObject\",\"inLanguage\":\"es-MX\",\"@id\":\"https:\/\/compuviper.mx\/tienda\/#\/schema\/logo\/image\/\",\"url\":\"https:\/\/compuviper.mx\/tienda\/wp-content\/uploads\/2021\/08\/Logo-Compuviper-10.png\",\"contentUrl\":\"https:\/\/compuviper.mx\/tienda\/wp-content\/uploads\/2021\/08\/Logo-Compuviper-10.png\",\"width\":1000,\"height\":500,\"caption\":\"Compuviper\"},\"image\":{\"@id\":\"https:\/\/compuviper.mx\/tienda\/#\/schema\/logo\/image\/\"},\"sameAs\":[\"https:\/\/www.facebook.com\/compuviper\",\"https:\/\/www.youtube.com\/channel\/UCf73dERp9Y3cfOq7q8BhLjA?view_as=subscriber\"]}]}<\/script>\n<meta property=\"product:brand\" content=\"SAMSUNG\" \/>\n<meta property=\"product:price:amount\" content=\"9071\" \/>\n<meta property=\"product:price:currency\" content=\"MXN\" \/>\n<meta property=\"og:availability\" content=\"instock\" \/>\n<meta property=\"product:availability\" content=\"instock\" \/>\n<meta property=\"product:retailer_item_id\" content=\"LS32FM801ULXZX\" \/>\n<meta property=\"product:condition\" content=\"new\" \/>\n<!-- \/ Yoast SEO plugin. -->","yoast_head_json":{"title":"[ Samsung ] &#129351; Ls32fm801ulxzx Monitor Led 32 Pulgadas \/smart Monitor M8 \/4k (3840 X 2160)\/ Va\/ Plano \/hdmi \/ Bt \/ Wifi\/ Usb-c\/ Web Cam\/ 60 Hz \/blanco C\u00e1lido","description":"Compra Ls32fm801ulxzx Monitor Led 32 Pulgadas \/smart Monitor M8 \/4k (3840 X 2160)\/ Va\/ Plano \/hdmi \/ Bt \/ Wifi\/ Usb-c\/ Web Cam\/ 60 Hz \/blanco C\u00e1lido + Env\u00edo a domicilio + Pago seguro + Garant\u00eda","robots":{"index":"index","follow":"follow","max-snippet":"max-snippet:-1","max-image-preview":"max-image-preview:large","max-video-preview":"max-video-preview:-1"},"canonical":"https:\/\/compuviper.mx\/tienda\/producto\/samsung-ls32fm801ulxzx-monitor-led-32-pulgadas-smart-monitor-m8-4k-3840-x-2160-va-plano-hdmi-bt-wifi-usb-c-web-cam-60-hz-blanco-clido\/","og_locale":"es_MX","og_type":"article","og_title":"[ Samsung ] &#129351; Ls32fm801ulxzx Monitor Led 32 Pulgadas \/smart Monitor M8 \/4k (3840 X 2160)\/ Va\/ Plano \/hdmi \/ Bt \/ Wifi\/ Usb-c\/ Web Cam\/ 60 Hz \/blanco C\u00e1lido","og_description":"Compra Ls32fm801ulxzx Monitor Led 32 Pulgadas \/smart Monitor M8 \/4k (3840 X 2160)\/ Va\/ Plano \/hdmi \/ Bt \/ Wifi\/ Usb-c\/ Web Cam\/ 60 Hz \/blanco C\u00e1lido + Env\u00edo a domicilio + Pago seguro + Garant\u00eda","og_url":"https:\/\/compuviper.mx\/tienda\/producto\/samsung-ls32fm801ulxzx-monitor-led-32-pulgadas-smart-monitor-m8-4k-3840-x-2160-va-plano-hdmi-bt-wifi-usb-c-web-cam-60-hz-blanco-clido\/","og_site_name":"Compuviper","article_publisher":"https:\/\/www.facebook.com\/compuviper","article_modified_time":"2026-04-16T06:53:12+00:00","og_image":[{"width":200,"height":200,"url":"https:\/\/compuviper.mx\/tienda\/wp-content\/uploads\/2025\/10\/Monitor-led-samsung-32-pulgadas-4k-3840-x-2160-plano-smart-monitor-m8-m80f-va-60-hz-hdmi-vga-blanco.jpg","type":"image\/jpeg"}],"twitter_card":"summary_large_image","twitter_misc":{"Precio":"&#36;9,071 con IVA","Availability":"In stock"},"schema":{"@context":"https:\/\/schema.org","@graph":[{"@type":"WebPage","@id":"https:\/\/compuviper.mx\/tienda\/producto\/samsung-ls32fm801ulxzx-monitor-led-32-pulgadas-smart-monitor-m8-4k-3840-x-2160-va-plano-hdmi-bt-wifi-usb-c-web-cam-60-hz-blanco-clido\/","url":"https:\/\/compuviper.mx\/tienda\/producto\/samsung-ls32fm801ulxzx-monitor-led-32-pulgadas-smart-monitor-m8-4k-3840-x-2160-va-plano-hdmi-bt-wifi-usb-c-web-cam-60-hz-blanco-clido\/","name":"[ Samsung ] &#129351; Ls32fm801ulxzx Monitor Led 32 Pulgadas \/smart Monitor M8 \/4k (3840 X 2160)\/ Va\/ Plano \/hdmi \/ Bt \/ Wifi\/ Usb-c\/ Web Cam\/ 60 Hz \/blanco C\u00e1lido","isPartOf":{"@id":"https:\/\/compuviper.mx\/tienda\/#website"},"datePublished":"2026-04-16T06:53:11+00:00","dateModified":"2026-04-16T06:53:12+00:00","description":"Compra Ls32fm801ulxzx Monitor Led 32 Pulgadas \/smart Monitor M8 \/4k (3840 X 2160)\/ Va\/ Plano \/hdmi \/ Bt \/ Wifi\/ Usb-c\/ Web Cam\/ 60 Hz \/blanco C\u00e1lido + Env\u00edo a domicilio + Pago seguro + Garant\u00eda","breadcrumb":{"@id":"https:\/\/compuviper.mx\/tienda\/producto\/samsung-ls32fm801ulxzx-monitor-led-32-pulgadas-smart-monitor-m8-4k-3840-x-2160-va-plano-hdmi-bt-wifi-usb-c-web-cam-60-hz-blanco-clido\/#breadcrumb"},"inLanguage":"es-MX","potentialAction":[{"@type":"ReadAction","target":["https:\/\/compuviper.mx\/tienda\/producto\/samsung-ls32fm801ulxzx-monitor-led-32-pulgadas-smart-monitor-m8-4k-3840-x-2160-va-plano-hdmi-bt-wifi-usb-c-web-cam-60-hz-blanco-clido\/"]}]},{"@type":"BreadcrumbList","@id":"https:\/\/compuviper.mx\/tienda\/producto\/samsung-ls32fm801ulxzx-monitor-led-32-pulgadas-smart-monitor-m8-4k-3840-x-2160-va-plano-hdmi-bt-wifi-usb-c-web-cam-60-hz-blanco-clido\/#breadcrumb","itemListElement":[{"@type":"ListItem","position":1,"name":"Inicio","item":"https:\/\/compuviper.mx\/tienda\/"},{"@type":"ListItem","position":2,"name":"Productos","item":"https:\/\/compuviper.mx\/tienda\/productos\/"},{"@type":"ListItem","position":3,"name":"Monitores","item":"https:\/\/compuviper.mx\/tienda\/categoria-producto\/monitores\/"},{"@type":"ListItem","position":4,"name":"Led","item":"https:\/\/compuviper.mx\/tienda\/categoria-producto\/monitores\/led\/"},{"@type":"ListItem","position":5,"name":"Samsung Ls32fm801ulxzx Monitor Led 32 Pulgadas \/smart Monitor M8 \/4k (3840 X 2160)\/ Va\/ Plano \/hdmi \/ Bt \/ Wifi\/ Usb-c\/ Web Cam\/ 60 Hz \/blanco C?lido"}]},{"@type":"WebSite","@id":"https:\/\/compuviper.mx\/tienda\/#website","url":"https:\/\/compuviper.mx\/tienda\/","name":"Compuviper","description":"Proveedor de Computadoras, Laptops, Servidores, Monitores, Puntos de Venta, Teclados,   Impresoras, T\u00f3ner, C\u00e1maras de Seguridad y m\u00e1s en tu tienda en l\u00ednea","publisher":{"@id":"https:\/\/compuviper.mx\/tienda\/#organization"},"potentialAction":[{"@type":"SearchAction","target":{"@type":"EntryPoint","urlTemplate":"https:\/\/compuviper.mx\/tienda\/?s={search_term_string}"},"query-input":"required name=search_term_string"}],"inLanguage":"es-MX"},{"@type":"Organization","@id":"https:\/\/compuviper.mx\/tienda\/#organization","name":"Compuviper","url":"https:\/\/compuviper.mx\/tienda\/","logo":{"@type":"ImageObject","inLanguage":"es-MX","@id":"https:\/\/compuviper.mx\/tienda\/#\/schema\/logo\/image\/","url":"https:\/\/compuviper.mx\/tienda\/wp-content\/uploads\/2021\/08\/Logo-Compuviper-10.png","contentUrl":"https:\/\/compuviper.mx\/tienda\/wp-content\/uploads\/2021\/08\/Logo-Compuviper-10.png","width":1000,"height":500,"caption":"Compuviper"},"image":{"@id":"https:\/\/compuviper.mx\/tienda\/#\/schema\/logo\/image\/"},"sameAs":["https:\/\/www.facebook.com\/compuviper","https:\/\/www.youtube.com\/channel\/UCf73dERp9Y3cfOq7q8BhLjA?view_as=subscriber"]}]},"product_brand":"SAMSUNG","product_price_amount":"9071","product_price_currency":"MXN","og_availability":"instock","product_availability":"instock","product_retailer_item_id":"LS32FM801ULXZX","product_condition":"new"},"_links":{"self":[{"href":"https:\/\/compuviper.mx\/tienda\/wp-json\/wp\/v2\/product\/257893"}],"collection":[{"href":"https:\/\/compuviper.mx\/tienda\/wp-json\/wp\/v2\/product"}],"about":[{"href":"https:\/\/compuviper.mx\/tienda\/wp-json\/wp\/v2\/types\/product"}],"replies":[{"embeddable":true,"href":"https:\/\/compuviper.mx\/tienda\/wp-json\/wp\/v2\/comments?post=257893"}],"wp:featuredmedia":[{"embeddable":true,"href":"https:\/\/compuviper.mx\/tienda\/wp-json\/wp\/v2\/media\/260000"}],"wp:attachment":[{"href":"https:\/\/compuviper.mx\/tienda\/wp-json\/wp\/v2\/media?parent=257893"}],"wp:term":[{"taxonomy":"product_cat","embeddable":true,"href":"https:\/\/compuviper.mx\/tienda\/wp-json\/wp\/v2\/product_cat?post=257893"},{"taxonomy":"product_tag","embeddable":true,"href":"https:\/\/compuviper.mx\/tienda\/wp-json\/wp\/v2\/product_tag?post=257893"}],"curies":[{"name":"wp","href":"https:\/\/api.w.org\/{rel}","templated":true}]}}