{"id":257888,"date":"2026-04-02T00:42:15","date_gmt":"2026-04-02T06:42:15","guid":{"rendered":"https:\/\/compuviper.mx\/tienda\/producto\/logitech-920-012063-teclado-y-mouse-mk370-combo-for-business-inalambrico-usb-bolt-y-bluetooth-grafito\/"},"modified":"2026-04-02T00:42:15","modified_gmt":"2026-04-02T06:42:15","slug":"logitech-920-012063-teclado-y-mouse-mk370-combo-for-business-inalambrico-receptor-usb-bolt-espaol-grafito","status":"publish","type":"product","link":"https:\/\/compuviper.mx\/tienda\/producto\/logitech-920-012063-teclado-y-mouse-mk370-combo-for-business-inalambrico-receptor-usb-bolt-espaol-grafito\/","title":{"rendered":"Logitech 920-012063 Teclado Y Mouse  Mk370 Combo For Business Inalambrico Receptor Usb Bolt (espa?ol) Grafito"},"content":{"rendered":"<table class=\"descripcion\">\n<tr>\n<td>Teclado<\/td>\n<\/tr>\n<tr>\n<td>Altura: 149 mm<\/td>\n<\/tr>\n<tr>\n<td>Anchura: 441 mm<\/td>\n<\/tr>\n<tr>\n<td>Profundidad: 18 mm<\/td>\n<\/tr>\n<tr>\n<td>Raton<\/td>\n<\/tr>\n<tr>\n<td>Altura: 99 mm<\/td>\n<\/tr>\n<tr>\n<td>Anchura: 60 mm<\/td>\n<\/tr>\n<tr>\n<td>Profundidad: 39 mm<\/td>\n<\/tr>\n<tr>\n<td>Receptor usb<\/td>\n<\/tr>\n<tr>\n<td>Altura: 18,7 mm<\/td>\n<\/tr>\n<tr>\n<td>Anchura: 14,4 mm<\/td>\n<\/tr>\n<tr>\n<td>Profundidad: 6,6 mm<\/td>\n<\/tr>\n<\/table>\n","protected":false},"excerpt":{"rendered":"<p>Combo mk370 para empresas es la combinaci\u00f3n mejorado mas vendida de logitech para empresas. Este duo de productividad inalambrico viene preparado para empezar a usarse. La combinacion tiene un teclado de tamano completo resistente a salpicaduras, un raton tactil silencioso, ocho teclas. De acceso directo previamente programadas y logi bolt para obtener una conectividad inalambrica segura y solida. Un receptor usb logi bolt emparejado previamente conecta el teclado y el raton para disfrutar de una configuracion sin. Complicaciones.<\/p>\n","protected":false},"featured_media":258055,"comment_status":"open","ping_status":"open","template":"","meta":[],"product_cat":[1712,1711],"product_tag":[1500],"acf":[],"yoast_head":"<!-- This site is optimized with the Yoast SEO plugin v21.7 - https:\/\/yoast.com\/wordpress\/plugins\/seo\/ -->\n<title>[ Logitech ] &#129351; 920-012063 Teclado Y Mouse Mk370 Combo For Business Inalambrico Receptor Usb Bolt (espa\u00f1ol) Grafito<\/title>\n<meta name=\"description\" content=\"Compra 920-012063 Teclado Y Mouse Mk370 Combo For Business Inalambrico Receptor Usb Bolt (espa\u00f1ol) Grafito + Env\u00edo a domicilio + Pago seguro + Garant\u00eda\" \/>\n<meta name=\"robots\" content=\"index, follow, max-snippet:-1, max-image-preview:large, max-video-preview:-1\" \/>\n<link rel=\"canonical\" href=\"https:\/\/compuviper.mx\/tienda\/producto\/logitech-920-012063-teclado-y-mouse-mk370-combo-for-business-inalambrico-receptor-usb-bolt-espaol-grafito\/\" \/>\n<meta property=\"og:locale\" content=\"es_MX\" \/>\n<meta property=\"og:type\" content=\"article\" \/>\n<meta property=\"og:title\" content=\"[ Logitech ] &#129351; 920-012063 Teclado Y Mouse Mk370 Combo For Business Inalambrico Receptor Usb Bolt (espa\u00f1ol) Grafito\" \/>\n<meta property=\"og:description\" content=\"Compra 920-012063 Teclado Y Mouse Mk370 Combo For Business Inalambrico Receptor Usb Bolt (espa\u00f1ol) Grafito + Env\u00edo a domicilio + Pago seguro + Garant\u00eda\" \/>\n<meta property=\"og:url\" content=\"https:\/\/compuviper.mx\/tienda\/producto\/logitech-920-012063-teclado-y-mouse-mk370-combo-for-business-inalambrico-receptor-usb-bolt-espaol-grafito\/\" \/>\n<meta property=\"og:site_name\" content=\"Compuviper\" \/>\n<meta property=\"article:publisher\" content=\"https:\/\/www.facebook.com\/compuviper\" \/>\n<meta property=\"og:image\" content=\"https:\/\/compuviper.mx\/tienda\/wp-content\/uploads\/2025\/09\/Teclado-y-mouse-logitech-mk370-combo-for-business-inalambrico-usb-bolt-y-bluetooth-grafito.jpg\" \/>\n\t<meta property=\"og:image:width\" content=\"200\" \/>\n\t<meta property=\"og:image:height\" content=\"200\" \/>\n\t<meta property=\"og:image:type\" content=\"image\/jpeg\" \/>\n<meta name=\"twitter:card\" content=\"summary_large_image\" \/>\n<meta name=\"twitter:label1\" content=\"Precio\" \/>\n\t<meta name=\"twitter:data1\" content=\"&#36;787 con IVA\" \/>\n\t<meta name=\"twitter:label2\" content=\"Availability\" \/>\n\t<meta name=\"twitter:data2\" content=\"Out of stock\" \/>\n<script type=\"application\/ld+json\" class=\"yoast-schema-graph\">{\"@context\":\"https:\/\/schema.org\",\"@graph\":[{\"@type\":\"WebPage\",\"@id\":\"https:\/\/compuviper.mx\/tienda\/producto\/logitech-920-012063-teclado-y-mouse-mk370-combo-for-business-inalambrico-receptor-usb-bolt-espaol-grafito\/\",\"url\":\"https:\/\/compuviper.mx\/tienda\/producto\/logitech-920-012063-teclado-y-mouse-mk370-combo-for-business-inalambrico-receptor-usb-bolt-espaol-grafito\/\",\"name\":\"[ Logitech ] &#129351; 920-012063 Teclado Y Mouse Mk370 Combo For Business Inalambrico Receptor Usb Bolt (espa\u00f1ol) Grafito\",\"isPartOf\":{\"@id\":\"https:\/\/compuviper.mx\/tienda\/#website\"},\"datePublished\":\"2026-04-02T06:42:15+00:00\",\"dateModified\":\"2026-04-02T06:42:15+00:00\",\"description\":\"Compra 920-012063 Teclado Y Mouse Mk370 Combo For Business Inalambrico Receptor Usb Bolt (espa\u00f1ol) Grafito + Env\u00edo a domicilio + Pago seguro + Garant\u00eda\",\"breadcrumb\":{\"@id\":\"https:\/\/compuviper.mx\/tienda\/producto\/logitech-920-012063-teclado-y-mouse-mk370-combo-for-business-inalambrico-receptor-usb-bolt-espaol-grafito\/#breadcrumb\"},\"inLanguage\":\"es-MX\",\"potentialAction\":[{\"@type\":\"ReadAction\",\"target\":[\"https:\/\/compuviper.mx\/tienda\/producto\/logitech-920-012063-teclado-y-mouse-mk370-combo-for-business-inalambrico-receptor-usb-bolt-espaol-grafito\/\"]}]},{\"@type\":\"BreadcrumbList\",\"@id\":\"https:\/\/compuviper.mx\/tienda\/producto\/logitech-920-012063-teclado-y-mouse-mk370-combo-for-business-inalambrico-receptor-usb-bolt-espaol-grafito\/#breadcrumb\",\"itemListElement\":[{\"@type\":\"ListItem\",\"position\":1,\"name\":\"Inicio\",\"item\":\"https:\/\/compuviper.mx\/tienda\/\"},{\"@type\":\"ListItem\",\"position\":2,\"name\":\"Productos\",\"item\":\"https:\/\/compuviper.mx\/tienda\/productos\/\"},{\"@type\":\"ListItem\",\"position\":3,\"name\":\"Teclado Y Mouse\",\"item\":\"https:\/\/compuviper.mx\/tienda\/categoria-producto\/teclado-y-mouse\/\"},{\"@type\":\"ListItem\",\"position\":4,\"name\":\"Sin Categor\u00eda\",\"item\":\"https:\/\/compuviper.mx\/tienda\/categoria-producto\/teclado-y-mouse\/sin-categoria-teclado-y-mouse\/\"},{\"@type\":\"ListItem\",\"position\":5,\"name\":\"Logitech 920-012063 Teclado Y Mouse Mk370 Combo For Business Inalambrico Receptor Usb Bolt (espa?ol) Grafito\"}]},{\"@type\":\"WebSite\",\"@id\":\"https:\/\/compuviper.mx\/tienda\/#website\",\"url\":\"https:\/\/compuviper.mx\/tienda\/\",\"name\":\"Compuviper\",\"description\":\"Proveedor de Computadoras, Laptops, Servidores, Monitores, Puntos de Venta, Teclados,   Impresoras, T\u00f3ner, C\u00e1maras de Seguridad y m\u00e1s en tu tienda en l\u00ednea\",\"publisher\":{\"@id\":\"https:\/\/compuviper.mx\/tienda\/#organization\"},\"potentialAction\":[{\"@type\":\"SearchAction\",\"target\":{\"@type\":\"EntryPoint\",\"urlTemplate\":\"https:\/\/compuviper.mx\/tienda\/?s={search_term_string}\"},\"query-input\":\"required name=search_term_string\"}],\"inLanguage\":\"es-MX\"},{\"@type\":\"Organization\",\"@id\":\"https:\/\/compuviper.mx\/tienda\/#organization\",\"name\":\"Compuviper\",\"url\":\"https:\/\/compuviper.mx\/tienda\/\",\"logo\":{\"@type\":\"ImageObject\",\"inLanguage\":\"es-MX\",\"@id\":\"https:\/\/compuviper.mx\/tienda\/#\/schema\/logo\/image\/\",\"url\":\"https:\/\/compuviper.mx\/tienda\/wp-content\/uploads\/2021\/08\/Logo-Compuviper-10.png\",\"contentUrl\":\"https:\/\/compuviper.mx\/tienda\/wp-content\/uploads\/2021\/08\/Logo-Compuviper-10.png\",\"width\":1000,\"height\":500,\"caption\":\"Compuviper\"},\"image\":{\"@id\":\"https:\/\/compuviper.mx\/tienda\/#\/schema\/logo\/image\/\"},\"sameAs\":[\"https:\/\/www.facebook.com\/compuviper\",\"https:\/\/www.youtube.com\/channel\/UCf73dERp9Y3cfOq7q8BhLjA?view_as=subscriber\"]}]}<\/script>\n<meta property=\"product:brand\" content=\"LOGITECH\" \/>\n<meta property=\"product:price:amount\" content=\"787\" \/>\n<meta property=\"product:price:currency\" content=\"MXN\" \/>\n<meta property=\"og:availability\" content=\"out of stock\" \/>\n<meta property=\"product:availability\" content=\"out of stock\" \/>\n<meta property=\"product:retailer_item_id\" content=\"920-012063\" \/>\n<meta property=\"product:condition\" content=\"new\" \/>\n<!-- \/ Yoast SEO plugin. -->","yoast_head_json":{"title":"[ Logitech ] &#129351; 920-012063 Teclado Y Mouse Mk370 Combo For Business Inalambrico Receptor Usb Bolt (espa\u00f1ol) Grafito","description":"Compra 920-012063 Teclado Y Mouse Mk370 Combo For Business Inalambrico Receptor Usb Bolt (espa\u00f1ol) Grafito + Env\u00edo a domicilio + Pago seguro + Garant\u00eda","robots":{"index":"index","follow":"follow","max-snippet":"max-snippet:-1","max-image-preview":"max-image-preview:large","max-video-preview":"max-video-preview:-1"},"canonical":"https:\/\/compuviper.mx\/tienda\/producto\/logitech-920-012063-teclado-y-mouse-mk370-combo-for-business-inalambrico-receptor-usb-bolt-espaol-grafito\/","og_locale":"es_MX","og_type":"article","og_title":"[ Logitech ] &#129351; 920-012063 Teclado Y Mouse Mk370 Combo For Business Inalambrico Receptor Usb Bolt (espa\u00f1ol) Grafito","og_description":"Compra 920-012063 Teclado Y Mouse Mk370 Combo For Business Inalambrico Receptor Usb Bolt (espa\u00f1ol) Grafito + Env\u00edo a domicilio + Pago seguro + Garant\u00eda","og_url":"https:\/\/compuviper.mx\/tienda\/producto\/logitech-920-012063-teclado-y-mouse-mk370-combo-for-business-inalambrico-receptor-usb-bolt-espaol-grafito\/","og_site_name":"Compuviper","article_publisher":"https:\/\/www.facebook.com\/compuviper","og_image":[{"width":200,"height":200,"url":"https:\/\/compuviper.mx\/tienda\/wp-content\/uploads\/2025\/09\/Teclado-y-mouse-logitech-mk370-combo-for-business-inalambrico-usb-bolt-y-bluetooth-grafito.jpg","type":"image\/jpeg"}],"twitter_card":"summary_large_image","twitter_misc":{"Precio":"&#36;787 con IVA","Availability":"Out of stock"},"schema":{"@context":"https:\/\/schema.org","@graph":[{"@type":"WebPage","@id":"https:\/\/compuviper.mx\/tienda\/producto\/logitech-920-012063-teclado-y-mouse-mk370-combo-for-business-inalambrico-receptor-usb-bolt-espaol-grafito\/","url":"https:\/\/compuviper.mx\/tienda\/producto\/logitech-920-012063-teclado-y-mouse-mk370-combo-for-business-inalambrico-receptor-usb-bolt-espaol-grafito\/","name":"[ Logitech ] &#129351; 920-012063 Teclado Y Mouse Mk370 Combo For Business Inalambrico Receptor Usb Bolt (espa\u00f1ol) Grafito","isPartOf":{"@id":"https:\/\/compuviper.mx\/tienda\/#website"},"datePublished":"2026-04-02T06:42:15+00:00","dateModified":"2026-04-02T06:42:15+00:00","description":"Compra 920-012063 Teclado Y Mouse Mk370 Combo For Business Inalambrico Receptor Usb Bolt (espa\u00f1ol) Grafito + Env\u00edo a domicilio + Pago seguro + Garant\u00eda","breadcrumb":{"@id":"https:\/\/compuviper.mx\/tienda\/producto\/logitech-920-012063-teclado-y-mouse-mk370-combo-for-business-inalambrico-receptor-usb-bolt-espaol-grafito\/#breadcrumb"},"inLanguage":"es-MX","potentialAction":[{"@type":"ReadAction","target":["https:\/\/compuviper.mx\/tienda\/producto\/logitech-920-012063-teclado-y-mouse-mk370-combo-for-business-inalambrico-receptor-usb-bolt-espaol-grafito\/"]}]},{"@type":"BreadcrumbList","@id":"https:\/\/compuviper.mx\/tienda\/producto\/logitech-920-012063-teclado-y-mouse-mk370-combo-for-business-inalambrico-receptor-usb-bolt-espaol-grafito\/#breadcrumb","itemListElement":[{"@type":"ListItem","position":1,"name":"Inicio","item":"https:\/\/compuviper.mx\/tienda\/"},{"@type":"ListItem","position":2,"name":"Productos","item":"https:\/\/compuviper.mx\/tienda\/productos\/"},{"@type":"ListItem","position":3,"name":"Teclado Y Mouse","item":"https:\/\/compuviper.mx\/tienda\/categoria-producto\/teclado-y-mouse\/"},{"@type":"ListItem","position":4,"name":"Sin Categor\u00eda","item":"https:\/\/compuviper.mx\/tienda\/categoria-producto\/teclado-y-mouse\/sin-categoria-teclado-y-mouse\/"},{"@type":"ListItem","position":5,"name":"Logitech 920-012063 Teclado Y Mouse Mk370 Combo For Business Inalambrico Receptor Usb Bolt (espa?ol) Grafito"}]},{"@type":"WebSite","@id":"https:\/\/compuviper.mx\/tienda\/#website","url":"https:\/\/compuviper.mx\/tienda\/","name":"Compuviper","description":"Proveedor de Computadoras, Laptops, Servidores, Monitores, Puntos de Venta, Teclados,   Impresoras, T\u00f3ner, C\u00e1maras de Seguridad y m\u00e1s en tu tienda en l\u00ednea","publisher":{"@id":"https:\/\/compuviper.mx\/tienda\/#organization"},"potentialAction":[{"@type":"SearchAction","target":{"@type":"EntryPoint","urlTemplate":"https:\/\/compuviper.mx\/tienda\/?s={search_term_string}"},"query-input":"required name=search_term_string"}],"inLanguage":"es-MX"},{"@type":"Organization","@id":"https:\/\/compuviper.mx\/tienda\/#organization","name":"Compuviper","url":"https:\/\/compuviper.mx\/tienda\/","logo":{"@type":"ImageObject","inLanguage":"es-MX","@id":"https:\/\/compuviper.mx\/tienda\/#\/schema\/logo\/image\/","url":"https:\/\/compuviper.mx\/tienda\/wp-content\/uploads\/2021\/08\/Logo-Compuviper-10.png","contentUrl":"https:\/\/compuviper.mx\/tienda\/wp-content\/uploads\/2021\/08\/Logo-Compuviper-10.png","width":1000,"height":500,"caption":"Compuviper"},"image":{"@id":"https:\/\/compuviper.mx\/tienda\/#\/schema\/logo\/image\/"},"sameAs":["https:\/\/www.facebook.com\/compuviper","https:\/\/www.youtube.com\/channel\/UCf73dERp9Y3cfOq7q8BhLjA?view_as=subscriber"]}]},"product_brand":"LOGITECH","product_price_amount":"787","product_price_currency":"MXN","og_availability":"out of stock","product_availability":"out of stock","product_retailer_item_id":"920-012063","product_condition":"new"},"_links":{"self":[{"href":"https:\/\/compuviper.mx\/tienda\/wp-json\/wp\/v2\/product\/257888"}],"collection":[{"href":"https:\/\/compuviper.mx\/tienda\/wp-json\/wp\/v2\/product"}],"about":[{"href":"https:\/\/compuviper.mx\/tienda\/wp-json\/wp\/v2\/types\/product"}],"replies":[{"embeddable":true,"href":"https:\/\/compuviper.mx\/tienda\/wp-json\/wp\/v2\/comments?post=257888"}],"wp:featuredmedia":[{"embeddable":true,"href":"https:\/\/compuviper.mx\/tienda\/wp-json\/wp\/v2\/media\/258055"}],"wp:attachment":[{"href":"https:\/\/compuviper.mx\/tienda\/wp-json\/wp\/v2\/media?parent=257888"}],"wp:term":[{"taxonomy":"product_cat","embeddable":true,"href":"https:\/\/compuviper.mx\/tienda\/wp-json\/wp\/v2\/product_cat?post=257888"},{"taxonomy":"product_tag","embeddable":true,"href":"https:\/\/compuviper.mx\/tienda\/wp-json\/wp\/v2\/product_tag?post=257888"}],"curies":[{"name":"wp","href":"https:\/\/api.w.org\/{rel}","templated":true}]}}