{"id":257808,"date":"2026-04-02T02:19:19","date_gmt":"2026-04-02T08:19:19","guid":{"rendered":"https:\/\/compuviper.mx\/tienda\/producto\/qnap-ls-q2lite-toronto-30tb-1y-mycloud-storage-30tb-toronto-region-1-year\/"},"modified":"2026-04-02T02:19:19","modified_gmt":"2026-04-02T08:19:19","slug":"qnap-ls-q2lite-toronto-30tb-1y-mycloud-storage-30tb-toronto-region-1-year","status":"publish","type":"product","link":"https:\/\/compuviper.mx\/tienda\/producto\/qnap-ls-q2lite-toronto-30tb-1y-mycloud-storage-30tb-toronto-region-1-year\/","title":{"rendered":"Qnap Ls-q2lite-toronto-30tb-1y Mycloud Storage 30tb, Toronto Region &#8211; 1 Year"},"content":{"rendered":"<table class=\"descripcion\">\n<tr>\n<td>Almacenamiento myqnapcloud<\/td>\n<\/tr>\n<tr>\n<td>Almacenamiento en la nube alojado en qnap<\/td>\n<\/tr>\n<tr>\n<td>Realice una copia de seguridad de los datos del nas en el almacenamiento myqnapcloud, el socio perfecto para las soluciones de m\u00faltiples nubes de qnap, que incluyen hybrid backup sync, hybrid backup center y qutscloud.<\/td>\n<\/tr>\n<\/table>\n","protected":false},"excerpt":{"rendered":"<p>Almacenamiento en la nube qnap ls-q2lite-toronto-30tb-1y\/incluyen hybrid backup sync, hybrid backup center y qutscloud.<\/p>\n","protected":false},"featured_media":258439,"comment_status":"open","ping_status":"open","template":"","meta":[],"product_cat":[1827,2001],"product_tag":[2110],"acf":[],"yoast_head":"<!-- This site is optimized with the Yoast SEO plugin v21.7 - https:\/\/yoast.com\/wordpress\/plugins\/seo\/ -->\n<title>[ Qnap ] &#129351; Ls-q2lite-toronto-30tb-1y Mycloud Storage 30tb, Toronto Region - 1 Year<\/title>\n<meta name=\"description\" content=\"Compra Ls-q2lite-toronto-30tb-1y Mycloud Storage 30tb, Toronto Region - 1 Year + Env\u00edo a domicilio + Pago seguro + Garant\u00eda\" \/>\n<meta name=\"robots\" content=\"index, follow, max-snippet:-1, max-image-preview:large, max-video-preview:-1\" \/>\n<link rel=\"canonical\" href=\"https:\/\/compuviper.mx\/tienda\/producto\/qnap-ls-q2lite-toronto-30tb-1y-mycloud-storage-30tb-toronto-region-1-year\/\" \/>\n<meta property=\"og:locale\" content=\"es_MX\" \/>\n<meta property=\"og:type\" content=\"article\" \/>\n<meta property=\"og:title\" content=\"[ Qnap ] &#129351; Ls-q2lite-toronto-30tb-1y Mycloud Storage 30tb, Toronto Region - 1 Year\" \/>\n<meta property=\"og:description\" content=\"Compra Ls-q2lite-toronto-30tb-1y Mycloud Storage 30tb, Toronto Region - 1 Year + Env\u00edo a domicilio + Pago seguro + Garant\u00eda\" \/>\n<meta property=\"og:url\" content=\"https:\/\/compuviper.mx\/tienda\/producto\/qnap-ls-q2lite-toronto-30tb-1y-mycloud-storage-30tb-toronto-region-1-year\/\" \/>\n<meta property=\"og:site_name\" content=\"Compuviper\" \/>\n<meta property=\"article:publisher\" content=\"https:\/\/www.facebook.com\/compuviper\" \/>\n<meta property=\"og:image\" content=\"https:\/\/compuviper.mx\/tienda\/wp-content\/uploads\/2025\/10\/Myqnapcloud-storage-30tb-toronto-region-1-year.jpg\" \/>\n\t<meta property=\"og:image:width\" content=\"200\" \/>\n\t<meta property=\"og:image:height\" content=\"200\" \/>\n\t<meta property=\"og:image:type\" content=\"image\/jpeg\" \/>\n<meta name=\"twitter:card\" content=\"summary_large_image\" \/>\n<meta name=\"twitter:label1\" content=\"Precio\" \/>\n\t<meta name=\"twitter:data1\" content=\"&#36;42,237 con IVA\" \/>\n\t<meta name=\"twitter:label2\" content=\"Availability\" \/>\n\t<meta name=\"twitter:data2\" content=\"On backorder\" \/>\n<script type=\"application\/ld+json\" class=\"yoast-schema-graph\">{\"@context\":\"https:\/\/schema.org\",\"@graph\":[{\"@type\":\"WebPage\",\"@id\":\"https:\/\/compuviper.mx\/tienda\/producto\/qnap-ls-q2lite-toronto-30tb-1y-mycloud-storage-30tb-toronto-region-1-year\/\",\"url\":\"https:\/\/compuviper.mx\/tienda\/producto\/qnap-ls-q2lite-toronto-30tb-1y-mycloud-storage-30tb-toronto-region-1-year\/\",\"name\":\"[ Qnap ] &#129351; Ls-q2lite-toronto-30tb-1y Mycloud Storage 30tb, Toronto Region - 1 Year\",\"isPartOf\":{\"@id\":\"https:\/\/compuviper.mx\/tienda\/#website\"},\"datePublished\":\"2026-04-02T08:19:19+00:00\",\"dateModified\":\"2026-04-02T08:19:19+00:00\",\"description\":\"Compra Ls-q2lite-toronto-30tb-1y Mycloud Storage 30tb, Toronto Region - 1 Year + Env\u00edo a domicilio + Pago seguro + Garant\u00eda\",\"breadcrumb\":{\"@id\":\"https:\/\/compuviper.mx\/tienda\/producto\/qnap-ls-q2lite-toronto-30tb-1y-mycloud-storage-30tb-toronto-region-1-year\/#breadcrumb\"},\"inLanguage\":\"es-MX\",\"potentialAction\":[{\"@type\":\"ReadAction\",\"target\":[\"https:\/\/compuviper.mx\/tienda\/producto\/qnap-ls-q2lite-toronto-30tb-1y-mycloud-storage-30tb-toronto-region-1-year\/\"]}]},{\"@type\":\"BreadcrumbList\",\"@id\":\"https:\/\/compuviper.mx\/tienda\/producto\/qnap-ls-q2lite-toronto-30tb-1y-mycloud-storage-30tb-toronto-region-1-year\/#breadcrumb\",\"itemListElement\":[{\"@type\":\"ListItem\",\"position\":1,\"name\":\"Inicio\",\"item\":\"https:\/\/compuviper.mx\/tienda\/\"},{\"@type\":\"ListItem\",\"position\":2,\"name\":\"Productos\",\"item\":\"https:\/\/compuviper.mx\/tienda\/productos\/\"},{\"@type\":\"ListItem\",\"position\":3,\"name\":\"Software\",\"item\":\"https:\/\/compuviper.mx\/tienda\/categoria-producto\/software\/\"},{\"@type\":\"ListItem\",\"position\":4,\"name\":\"Licenciamiento Electronico\",\"item\":\"https:\/\/compuviper.mx\/tienda\/categoria-producto\/software\/licenciamiento-electronico\/\"},{\"@type\":\"ListItem\",\"position\":5,\"name\":\"Qnap Ls-q2lite-toronto-30tb-1y Mycloud Storage 30tb, Toronto Region &#8211; 1 Year\"}]},{\"@type\":\"WebSite\",\"@id\":\"https:\/\/compuviper.mx\/tienda\/#website\",\"url\":\"https:\/\/compuviper.mx\/tienda\/\",\"name\":\"Compuviper\",\"description\":\"Proveedor de Computadoras, Laptops, Servidores, Monitores, Puntos de Venta, Teclados,   Impresoras, T\u00f3ner, C\u00e1maras de Seguridad y m\u00e1s en tu tienda en l\u00ednea\",\"publisher\":{\"@id\":\"https:\/\/compuviper.mx\/tienda\/#organization\"},\"potentialAction\":[{\"@type\":\"SearchAction\",\"target\":{\"@type\":\"EntryPoint\",\"urlTemplate\":\"https:\/\/compuviper.mx\/tienda\/?s={search_term_string}\"},\"query-input\":\"required name=search_term_string\"}],\"inLanguage\":\"es-MX\"},{\"@type\":\"Organization\",\"@id\":\"https:\/\/compuviper.mx\/tienda\/#organization\",\"name\":\"Compuviper\",\"url\":\"https:\/\/compuviper.mx\/tienda\/\",\"logo\":{\"@type\":\"ImageObject\",\"inLanguage\":\"es-MX\",\"@id\":\"https:\/\/compuviper.mx\/tienda\/#\/schema\/logo\/image\/\",\"url\":\"https:\/\/compuviper.mx\/tienda\/wp-content\/uploads\/2021\/08\/Logo-Compuviper-10.png\",\"contentUrl\":\"https:\/\/compuviper.mx\/tienda\/wp-content\/uploads\/2021\/08\/Logo-Compuviper-10.png\",\"width\":1000,\"height\":500,\"caption\":\"Compuviper\"},\"image\":{\"@id\":\"https:\/\/compuviper.mx\/tienda\/#\/schema\/logo\/image\/\"},\"sameAs\":[\"https:\/\/www.facebook.com\/compuviper\",\"https:\/\/www.youtube.com\/channel\/UCf73dERp9Y3cfOq7q8BhLjA?view_as=subscriber\"]}]}<\/script>\n<meta property=\"product:brand\" content=\"Qnap\" \/>\n<meta property=\"product:price:amount\" content=\"42237\" \/>\n<meta property=\"product:price:currency\" content=\"MXN\" \/>\n<meta property=\"og:availability\" content=\"backorder\" \/>\n<meta property=\"product:availability\" content=\"available for order\" \/>\n<meta property=\"product:retailer_item_id\" content=\"LS-Q2LITE-TORONTO-30TB-1Y\" \/>\n<meta property=\"product:condition\" content=\"new\" \/>\n<!-- \/ Yoast SEO plugin. -->","yoast_head_json":{"title":"[ Qnap ] &#129351; Ls-q2lite-toronto-30tb-1y Mycloud Storage 30tb, Toronto Region - 1 Year","description":"Compra Ls-q2lite-toronto-30tb-1y Mycloud Storage 30tb, Toronto Region - 1 Year + Env\u00edo a domicilio + Pago seguro + Garant\u00eda","robots":{"index":"index","follow":"follow","max-snippet":"max-snippet:-1","max-image-preview":"max-image-preview:large","max-video-preview":"max-video-preview:-1"},"canonical":"https:\/\/compuviper.mx\/tienda\/producto\/qnap-ls-q2lite-toronto-30tb-1y-mycloud-storage-30tb-toronto-region-1-year\/","og_locale":"es_MX","og_type":"article","og_title":"[ Qnap ] &#129351; Ls-q2lite-toronto-30tb-1y Mycloud Storage 30tb, Toronto Region - 1 Year","og_description":"Compra Ls-q2lite-toronto-30tb-1y Mycloud Storage 30tb, Toronto Region - 1 Year + Env\u00edo a domicilio + Pago seguro + Garant\u00eda","og_url":"https:\/\/compuviper.mx\/tienda\/producto\/qnap-ls-q2lite-toronto-30tb-1y-mycloud-storage-30tb-toronto-region-1-year\/","og_site_name":"Compuviper","article_publisher":"https:\/\/www.facebook.com\/compuviper","og_image":[{"width":200,"height":200,"url":"https:\/\/compuviper.mx\/tienda\/wp-content\/uploads\/2025\/10\/Myqnapcloud-storage-30tb-toronto-region-1-year.jpg","type":"image\/jpeg"}],"twitter_card":"summary_large_image","twitter_misc":{"Precio":"&#36;42,237 con IVA","Availability":"On backorder"},"schema":{"@context":"https:\/\/schema.org","@graph":[{"@type":"WebPage","@id":"https:\/\/compuviper.mx\/tienda\/producto\/qnap-ls-q2lite-toronto-30tb-1y-mycloud-storage-30tb-toronto-region-1-year\/","url":"https:\/\/compuviper.mx\/tienda\/producto\/qnap-ls-q2lite-toronto-30tb-1y-mycloud-storage-30tb-toronto-region-1-year\/","name":"[ Qnap ] &#129351; Ls-q2lite-toronto-30tb-1y Mycloud Storage 30tb, Toronto Region - 1 Year","isPartOf":{"@id":"https:\/\/compuviper.mx\/tienda\/#website"},"datePublished":"2026-04-02T08:19:19+00:00","dateModified":"2026-04-02T08:19:19+00:00","description":"Compra Ls-q2lite-toronto-30tb-1y Mycloud Storage 30tb, Toronto Region - 1 Year + Env\u00edo a domicilio + Pago seguro + Garant\u00eda","breadcrumb":{"@id":"https:\/\/compuviper.mx\/tienda\/producto\/qnap-ls-q2lite-toronto-30tb-1y-mycloud-storage-30tb-toronto-region-1-year\/#breadcrumb"},"inLanguage":"es-MX","potentialAction":[{"@type":"ReadAction","target":["https:\/\/compuviper.mx\/tienda\/producto\/qnap-ls-q2lite-toronto-30tb-1y-mycloud-storage-30tb-toronto-region-1-year\/"]}]},{"@type":"BreadcrumbList","@id":"https:\/\/compuviper.mx\/tienda\/producto\/qnap-ls-q2lite-toronto-30tb-1y-mycloud-storage-30tb-toronto-region-1-year\/#breadcrumb","itemListElement":[{"@type":"ListItem","position":1,"name":"Inicio","item":"https:\/\/compuviper.mx\/tienda\/"},{"@type":"ListItem","position":2,"name":"Productos","item":"https:\/\/compuviper.mx\/tienda\/productos\/"},{"@type":"ListItem","position":3,"name":"Software","item":"https:\/\/compuviper.mx\/tienda\/categoria-producto\/software\/"},{"@type":"ListItem","position":4,"name":"Licenciamiento Electronico","item":"https:\/\/compuviper.mx\/tienda\/categoria-producto\/software\/licenciamiento-electronico\/"},{"@type":"ListItem","position":5,"name":"Qnap Ls-q2lite-toronto-30tb-1y Mycloud Storage 30tb, Toronto Region &#8211; 1 Year"}]},{"@type":"WebSite","@id":"https:\/\/compuviper.mx\/tienda\/#website","url":"https:\/\/compuviper.mx\/tienda\/","name":"Compuviper","description":"Proveedor de Computadoras, Laptops, Servidores, Monitores, Puntos de Venta, Teclados,   Impresoras, T\u00f3ner, C\u00e1maras de Seguridad y m\u00e1s en tu tienda en l\u00ednea","publisher":{"@id":"https:\/\/compuviper.mx\/tienda\/#organization"},"potentialAction":[{"@type":"SearchAction","target":{"@type":"EntryPoint","urlTemplate":"https:\/\/compuviper.mx\/tienda\/?s={search_term_string}"},"query-input":"required name=search_term_string"}],"inLanguage":"es-MX"},{"@type":"Organization","@id":"https:\/\/compuviper.mx\/tienda\/#organization","name":"Compuviper","url":"https:\/\/compuviper.mx\/tienda\/","logo":{"@type":"ImageObject","inLanguage":"es-MX","@id":"https:\/\/compuviper.mx\/tienda\/#\/schema\/logo\/image\/","url":"https:\/\/compuviper.mx\/tienda\/wp-content\/uploads\/2021\/08\/Logo-Compuviper-10.png","contentUrl":"https:\/\/compuviper.mx\/tienda\/wp-content\/uploads\/2021\/08\/Logo-Compuviper-10.png","width":1000,"height":500,"caption":"Compuviper"},"image":{"@id":"https:\/\/compuviper.mx\/tienda\/#\/schema\/logo\/image\/"},"sameAs":["https:\/\/www.facebook.com\/compuviper","https:\/\/www.youtube.com\/channel\/UCf73dERp9Y3cfOq7q8BhLjA?view_as=subscriber"]}]},"product_brand":"Qnap","product_price_amount":"42237","product_price_currency":"MXN","og_availability":"backorder","product_availability":"available for order","product_retailer_item_id":"LS-Q2LITE-TORONTO-30TB-1Y","product_condition":"new"},"_links":{"self":[{"href":"https:\/\/compuviper.mx\/tienda\/wp-json\/wp\/v2\/product\/257808"}],"collection":[{"href":"https:\/\/compuviper.mx\/tienda\/wp-json\/wp\/v2\/product"}],"about":[{"href":"https:\/\/compuviper.mx\/tienda\/wp-json\/wp\/v2\/types\/product"}],"replies":[{"embeddable":true,"href":"https:\/\/compuviper.mx\/tienda\/wp-json\/wp\/v2\/comments?post=257808"}],"wp:featuredmedia":[{"embeddable":true,"href":"https:\/\/compuviper.mx\/tienda\/wp-json\/wp\/v2\/media\/258439"}],"wp:attachment":[{"href":"https:\/\/compuviper.mx\/tienda\/wp-json\/wp\/v2\/media?parent=257808"}],"wp:term":[{"taxonomy":"product_cat","embeddable":true,"href":"https:\/\/compuviper.mx\/tienda\/wp-json\/wp\/v2\/product_cat?post=257808"},{"taxonomy":"product_tag","embeddable":true,"href":"https:\/\/compuviper.mx\/tienda\/wp-json\/wp\/v2\/product_tag?post=257808"}],"curies":[{"name":"wp","href":"https:\/\/api.w.org\/{rel}","templated":true}]}}