{"id":257805,"date":"2026-04-23T02:04:38","date_gmt":"2026-04-23T08:04:38","guid":{"rendered":"https:\/\/compuviper.mx\/tienda\/producto\/poly-8x228a6-diadema-hp-blackwire-c3220-alambrica-binaural-usb-a-usb-c-reduccion-de-ruido-con-microfono-control-en-el-cable-color-negro-con-naranja\/"},"modified":"2026-04-23T02:04:38","modified_gmt":"2026-04-23T08:04:38","slug":"poly-8x228a6-diadema-hp-blackwire-c3220-alambrica-binaural-usb-a-usb-c-reduccion-de-ruido-con-microfono-control-en-el-cable-color-negro-con-naranja","status":"publish","type":"product","link":"https:\/\/compuviper.mx\/tienda\/producto\/poly-8x228a6-diadema-hp-blackwire-c3220-alambrica-binaural-usb-a-usb-c-reduccion-de-ruido-con-microfono-control-en-el-cable-color-negro-con-naranja\/","title":{"rendered":"Poly 8x228a6 Diadema Hp   Blackwire C3220 | Alambrica Binaural | Usb-a Usb-c | Reduccion De Ruido Con Microfono | Control En El Cable | Color Negro Con Naranja"},"content":{"rendered":"<table class=\"descripcion\">\n<tr>\n<td>-compatibilidad con hardware.<\/td>\n<\/tr>\n<tr>\n<td>Compatible con pc mediante usb\/usb-c tipo-c\u00ae, se conecta a dispositivos m\u00f3viles y tablets a trav\u00e9s de un cable de 3,5 mm y dispositivos compatibles con usb-c tipo-c<\/td>\n<\/tr>\n<tr>\n<td>-color.<\/td>\n<\/tr>\n<tr>\n<td>Negro<\/td>\n<\/tr>\n<tr>\n<td>-impedancia.<\/td>\n<\/tr>\n<tr>\n<td>32 ohmios<\/td>\n<\/tr>\n<tr>\n<td>-largo del cable.<\/td>\n<\/tr>\n<tr>\n<td>64 cm (m\u00f3dulo en l\u00ednea a auriculares); 90 cm (usb a m\u00f3dulo integrado); 154 cm (en total, usb a auriculares)<\/td>\n<\/tr>\n<tr>\n<td>-forma de aud\u00edfono.<\/td>\n<\/tr>\n<tr>\n<td>Interno (est\u00e9reo)<\/td>\n<\/tr>\n<tr>\n<td>-sistemas operativos compatibles.<\/td>\n<\/tr>\n<tr>\n<td>Windows 11; windows 10; macos<\/td>\n<\/tr>\n<tr>\n<td>-dimensiones m\u00ednimas (anch. x prof. x alt.).<\/td>\n<\/tr>\n<tr>\n<td>155 x 32 x 178 mm<\/td>\n<\/tr>\n<tr>\n<td>-dimensiones del embalaje (an x f x al).<\/td>\n<\/tr>\n<tr>\n<td>178 x 254 x 10 mm<\/td>\n<\/tr>\n<tr>\n<td>-dimensiones del pallet (an x f x al).<\/td>\n<\/tr>\n<tr>\n<td>101,6 x 121,9 x 131,9 cm<\/td>\n<\/tr>\n<tr>\n<td>-cartones por capa.<\/td>\n<\/tr>\n<tr>\n<td>4<\/td>\n<\/tr>\n<tr>\n<td>-peso.<\/td>\n<\/tr>\n<tr>\n<td>119 g (con cable); 92 g (sin cable)<\/td>\n<\/tr>\n<tr>\n<td>-peso del empaque.<\/td>\n<\/tr>\n<tr>\n<td>300 g<\/td>\n<\/tr>\n<tr>\n<td>-peso del pallet.<\/td>\n<\/tr>\n<tr>\n<td>357 kg<\/td>\n<\/tr>\n<tr>\n<td>-contenido de la caja.<\/td>\n<\/tr>\n<tr>\n<td>Auriculares; cable usb tipo-c; gu\u00eda del usuario; adaptador usb tipo-c\u00ae a usb tipo-a<\/td>\n<\/tr>\n<tr>\n<td>-garant\u00eda del fabricante.<\/td>\n<\/tr>\n<tr>\n<td>Garant\u00eda limitada est\u00e1ndar de dos a\u00f1os de poly<\/td>\n<\/tr>\n<\/table>\n","protected":false},"excerpt":{"rendered":"<p>Los auriculares de uc con cable de la serie blackwire 3200 de plantronics son resistentes, comodos, faciles de implementar y cuentan con una gran variedad de opciones de conectividad y ajuste. A\u00f1ade la informacion de plantronics manager pro, un software como servicio adicional, y contaras con una solucion preparada para el futuro. La serie blackwire 3200 cuenta con el audio caracteristico de plantronics y funciones de gran calidad a un precio muy asequible. Calidad de sonido superior. Los auriculares blackwire 3200, que cuentan con banda ancha para ordenador, microfono con anulacion de ruido y sonido est\u00e9reo de alta fidelidad (modelos c3220\/c3225), ofrecen una experiencia de audio excepcional caracteristica, de modo que resultan perfectos para voz, musica y archivos multimedia. El ecualizador dinamico optimiza la calidad de voz en las llamadas y ajusta automaticamente la configuracion de ecualizacion al escuchar musica o archivos multimedia. Opciones de conectividad. Ideal para trabajadores que necesitan una solucion comoda para gestionar llamadas en el ordenador, el telefono movil o el tablet. La serie blackwire 3200 ofrece la comodidad y durabilidad del cable combinada con una buena flexibilidad, todo ello a un precio reducido. Comodidad y manejabilidad. Disfruta de la seguridad de un ajuste comodo. La diadema ligera de metal es muy resistente y puede ajustarse de forma personalizada.<\/p>\n","protected":false},"featured_media":260944,"comment_status":"open","ping_status":"open","template":"","meta":[],"product_cat":[1552,1816],"product_tag":[2035],"acf":[],"yoast_head":"<!-- This site is optimized with the Yoast SEO plugin v21.7 - https:\/\/yoast.com\/wordpress\/plugins\/seo\/ -->\n<title>[ Poly ] &#129351; 8x228a6 Diadema Hp Blackwire C3220 | Alambrica Binaural | Usb-a Usb-c | Reduccion De Ruido Con Microfono | Control En El Cable | Color Negro Con Naranja<\/title>\n<meta name=\"description\" content=\"Compra 8x228a6 Diadema Hp Blackwire C3220 | Alambrica Binaural | Usb-a Usb-c | Reduccion De Ruido Con Microfono | Control En El Cable | Color Negro Con Naranja + Env\u00edo a domicilio + Pago seguro + Garant\u00eda\" \/>\n<meta name=\"robots\" content=\"index, follow, max-snippet:-1, max-image-preview:large, max-video-preview:-1\" \/>\n<link rel=\"canonical\" href=\"https:\/\/compuviper.mx\/tienda\/producto\/poly-8x228a6-diadema-hp-blackwire-c3220-alambrica-binaural-usb-a-usb-c-reduccion-de-ruido-con-microfono-control-en-el-cable-color-negro-con-naranja\/\" \/>\n<meta property=\"og:locale\" content=\"es_MX\" \/>\n<meta property=\"og:type\" content=\"article\" \/>\n<meta property=\"og:title\" content=\"[ Poly ] &#129351; 8x228a6 Diadema Hp Blackwire C3220 | Alambrica Binaural | Usb-a Usb-c | Reduccion De Ruido Con Microfono | Control En El Cable | Color Negro Con Naranja\" \/>\n<meta property=\"og:description\" content=\"Compra 8x228a6 Diadema Hp Blackwire C3220 | Alambrica Binaural | Usb-a Usb-c | Reduccion De Ruido Con Microfono | Control En El Cable | Color Negro Con Naranja + Env\u00edo a domicilio + Pago seguro + Garant\u00eda\" \/>\n<meta property=\"og:url\" content=\"https:\/\/compuviper.mx\/tienda\/producto\/poly-8x228a6-diadema-hp-blackwire-c3220-alambrica-binaural-usb-a-usb-c-reduccion-de-ruido-con-microfono-control-en-el-cable-color-negro-con-naranja\/\" \/>\n<meta property=\"og:site_name\" content=\"Compuviper\" \/>\n<meta property=\"article:publisher\" content=\"https:\/\/www.facebook.com\/compuviper\" \/>\n<meta property=\"og:image\" content=\"https:\/\/compuviper.mx\/tienda\/wp-content\/uploads\/2025\/10\/Diadema-hp-poly-8x228a6-blackwire-c3220-alambrica-binaural-usb-a-usb-c-reduccion-de-ruido-con-microfono-control-en-el-cable-color-negro-con-naranja.jpg\" \/>\n\t<meta property=\"og:image:width\" content=\"200\" \/>\n\t<meta property=\"og:image:height\" content=\"200\" \/>\n\t<meta property=\"og:image:type\" content=\"image\/jpeg\" \/>\n<meta name=\"twitter:card\" content=\"summary_large_image\" \/>\n<meta name=\"twitter:label1\" content=\"Precio\" \/>\n\t<meta name=\"twitter:data1\" content=\"&#36;777 &#36;738 con IVA\" \/>\n\t<meta name=\"twitter:label2\" content=\"Availability\" \/>\n\t<meta name=\"twitter:data2\" content=\"In stock\" \/>\n<script type=\"application\/ld+json\" class=\"yoast-schema-graph\">{\"@context\":\"https:\/\/schema.org\",\"@graph\":[{\"@type\":\"WebPage\",\"@id\":\"https:\/\/compuviper.mx\/tienda\/producto\/poly-8x228a6-diadema-hp-blackwire-c3220-alambrica-binaural-usb-a-usb-c-reduccion-de-ruido-con-microfono-control-en-el-cable-color-negro-con-naranja\/\",\"url\":\"https:\/\/compuviper.mx\/tienda\/producto\/poly-8x228a6-diadema-hp-blackwire-c3220-alambrica-binaural-usb-a-usb-c-reduccion-de-ruido-con-microfono-control-en-el-cable-color-negro-con-naranja\/\",\"name\":\"[ Poly ] &#129351; 8x228a6 Diadema Hp Blackwire C3220 | Alambrica Binaural | Usb-a Usb-c | Reduccion De Ruido Con Microfono | Control En El Cable | Color Negro Con Naranja\",\"isPartOf\":{\"@id\":\"https:\/\/compuviper.mx\/tienda\/#website\"},\"datePublished\":\"2026-04-23T08:04:38+00:00\",\"dateModified\":\"2026-04-23T08:04:38+00:00\",\"description\":\"Compra 8x228a6 Diadema Hp Blackwire C3220 | Alambrica Binaural | Usb-a Usb-c | Reduccion De Ruido Con Microfono | Control En El Cable | Color Negro Con Naranja + Env\u00edo a domicilio + Pago seguro + Garant\u00eda\",\"breadcrumb\":{\"@id\":\"https:\/\/compuviper.mx\/tienda\/producto\/poly-8x228a6-diadema-hp-blackwire-c3220-alambrica-binaural-usb-a-usb-c-reduccion-de-ruido-con-microfono-control-en-el-cable-color-negro-con-naranja\/#breadcrumb\"},\"inLanguage\":\"es-MX\",\"potentialAction\":[{\"@type\":\"ReadAction\",\"target\":[\"https:\/\/compuviper.mx\/tienda\/producto\/poly-8x228a6-diadema-hp-blackwire-c3220-alambrica-binaural-usb-a-usb-c-reduccion-de-ruido-con-microfono-control-en-el-cable-color-negro-con-naranja\/\"]}]},{\"@type\":\"BreadcrumbList\",\"@id\":\"https:\/\/compuviper.mx\/tienda\/producto\/poly-8x228a6-diadema-hp-blackwire-c3220-alambrica-binaural-usb-a-usb-c-reduccion-de-ruido-con-microfono-control-en-el-cable-color-negro-con-naranja\/#breadcrumb\",\"itemListElement\":[{\"@type\":\"ListItem\",\"position\":1,\"name\":\"Inicio\",\"item\":\"https:\/\/compuviper.mx\/tienda\/\"},{\"@type\":\"ListItem\",\"position\":2,\"name\":\"Productos\",\"item\":\"https:\/\/compuviper.mx\/tienda\/productos\/\"},{\"@type\":\"ListItem\",\"position\":3,\"name\":\"Audifonos Y Micro\",\"item\":\"https:\/\/compuviper.mx\/tienda\/categoria-producto\/audifonos-y-micro\/\"},{\"@type\":\"ListItem\",\"position\":4,\"name\":\"Audifono Con Microfono\",\"item\":\"https:\/\/compuviper.mx\/tienda\/categoria-producto\/audifonos-y-micro\/audifono-con-microfono\/\"},{\"@type\":\"ListItem\",\"position\":5,\"name\":\"Poly 8x228a6 Diadema Hp Blackwire C3220 | Alambrica Binaural | Usb-a Usb-c | Reduccion De Ruido Con Microfono | Control En El Cable | Color Negro Con Naranja\"}]},{\"@type\":\"WebSite\",\"@id\":\"https:\/\/compuviper.mx\/tienda\/#website\",\"url\":\"https:\/\/compuviper.mx\/tienda\/\",\"name\":\"Compuviper\",\"description\":\"Proveedor de Computadoras, Laptops, Servidores, Monitores, Puntos de Venta, Teclados,   Impresoras, T\u00f3ner, C\u00e1maras de Seguridad y m\u00e1s en tu tienda en l\u00ednea\",\"publisher\":{\"@id\":\"https:\/\/compuviper.mx\/tienda\/#organization\"},\"potentialAction\":[{\"@type\":\"SearchAction\",\"target\":{\"@type\":\"EntryPoint\",\"urlTemplate\":\"https:\/\/compuviper.mx\/tienda\/?s={search_term_string}\"},\"query-input\":\"required name=search_term_string\"}],\"inLanguage\":\"es-MX\"},{\"@type\":\"Organization\",\"@id\":\"https:\/\/compuviper.mx\/tienda\/#organization\",\"name\":\"Compuviper\",\"url\":\"https:\/\/compuviper.mx\/tienda\/\",\"logo\":{\"@type\":\"ImageObject\",\"inLanguage\":\"es-MX\",\"@id\":\"https:\/\/compuviper.mx\/tienda\/#\/schema\/logo\/image\/\",\"url\":\"https:\/\/compuviper.mx\/tienda\/wp-content\/uploads\/2021\/08\/Logo-Compuviper-10.png\",\"contentUrl\":\"https:\/\/compuviper.mx\/tienda\/wp-content\/uploads\/2021\/08\/Logo-Compuviper-10.png\",\"width\":1000,\"height\":500,\"caption\":\"Compuviper\"},\"image\":{\"@id\":\"https:\/\/compuviper.mx\/tienda\/#\/schema\/logo\/image\/\"},\"sameAs\":[\"https:\/\/www.facebook.com\/compuviper\",\"https:\/\/www.youtube.com\/channel\/UCf73dERp9Y3cfOq7q8BhLjA?view_as=subscriber\"]}]}<\/script>\n<meta property=\"product:brand\" content=\"POLY\" \/>\n<meta property=\"product:price:amount\" content=\"738\" \/>\n<meta property=\"product:price:currency\" content=\"MXN\" \/>\n<meta property=\"og:availability\" content=\"instock\" \/>\n<meta property=\"product:availability\" content=\"instock\" \/>\n<meta property=\"product:retailer_item_id\" content=\"8X228A6\" \/>\n<meta property=\"product:condition\" content=\"new\" \/>\n<!-- \/ Yoast SEO plugin. -->","yoast_head_json":{"title":"[ Poly ] &#129351; 8x228a6 Diadema Hp Blackwire C3220 | Alambrica Binaural | Usb-a Usb-c | Reduccion De Ruido Con Microfono | Control En El Cable | Color Negro Con Naranja","description":"Compra 8x228a6 Diadema Hp Blackwire C3220 | Alambrica Binaural | Usb-a Usb-c | Reduccion De Ruido Con Microfono | Control En El Cable | Color Negro Con Naranja + Env\u00edo a domicilio + Pago seguro + Garant\u00eda","robots":{"index":"index","follow":"follow","max-snippet":"max-snippet:-1","max-image-preview":"max-image-preview:large","max-video-preview":"max-video-preview:-1"},"canonical":"https:\/\/compuviper.mx\/tienda\/producto\/poly-8x228a6-diadema-hp-blackwire-c3220-alambrica-binaural-usb-a-usb-c-reduccion-de-ruido-con-microfono-control-en-el-cable-color-negro-con-naranja\/","og_locale":"es_MX","og_type":"article","og_title":"[ Poly ] &#129351; 8x228a6 Diadema Hp Blackwire C3220 | Alambrica Binaural | Usb-a Usb-c | Reduccion De Ruido Con Microfono | Control En El Cable | Color Negro Con Naranja","og_description":"Compra 8x228a6 Diadema Hp Blackwire C3220 | Alambrica Binaural | Usb-a Usb-c | Reduccion De Ruido Con Microfono | Control En El Cable | Color Negro Con Naranja + Env\u00edo a domicilio + Pago seguro + Garant\u00eda","og_url":"https:\/\/compuviper.mx\/tienda\/producto\/poly-8x228a6-diadema-hp-blackwire-c3220-alambrica-binaural-usb-a-usb-c-reduccion-de-ruido-con-microfono-control-en-el-cable-color-negro-con-naranja\/","og_site_name":"Compuviper","article_publisher":"https:\/\/www.facebook.com\/compuviper","og_image":[{"width":200,"height":200,"url":"https:\/\/compuviper.mx\/tienda\/wp-content\/uploads\/2025\/10\/Diadema-hp-poly-8x228a6-blackwire-c3220-alambrica-binaural-usb-a-usb-c-reduccion-de-ruido-con-microfono-control-en-el-cable-color-negro-con-naranja.jpg","type":"image\/jpeg"}],"twitter_card":"summary_large_image","twitter_misc":{"Precio":"&#36;777 &#36;738 con IVA","Availability":"In stock"},"schema":{"@context":"https:\/\/schema.org","@graph":[{"@type":"WebPage","@id":"https:\/\/compuviper.mx\/tienda\/producto\/poly-8x228a6-diadema-hp-blackwire-c3220-alambrica-binaural-usb-a-usb-c-reduccion-de-ruido-con-microfono-control-en-el-cable-color-negro-con-naranja\/","url":"https:\/\/compuviper.mx\/tienda\/producto\/poly-8x228a6-diadema-hp-blackwire-c3220-alambrica-binaural-usb-a-usb-c-reduccion-de-ruido-con-microfono-control-en-el-cable-color-negro-con-naranja\/","name":"[ Poly ] &#129351; 8x228a6 Diadema Hp Blackwire C3220 | Alambrica Binaural | Usb-a Usb-c | Reduccion De Ruido Con Microfono | Control En El Cable | Color Negro Con Naranja","isPartOf":{"@id":"https:\/\/compuviper.mx\/tienda\/#website"},"datePublished":"2026-04-23T08:04:38+00:00","dateModified":"2026-04-23T08:04:38+00:00","description":"Compra 8x228a6 Diadema Hp Blackwire C3220 | Alambrica Binaural | Usb-a Usb-c | Reduccion De Ruido Con Microfono | Control En El Cable | Color Negro Con Naranja + Env\u00edo a domicilio + Pago seguro + Garant\u00eda","breadcrumb":{"@id":"https:\/\/compuviper.mx\/tienda\/producto\/poly-8x228a6-diadema-hp-blackwire-c3220-alambrica-binaural-usb-a-usb-c-reduccion-de-ruido-con-microfono-control-en-el-cable-color-negro-con-naranja\/#breadcrumb"},"inLanguage":"es-MX","potentialAction":[{"@type":"ReadAction","target":["https:\/\/compuviper.mx\/tienda\/producto\/poly-8x228a6-diadema-hp-blackwire-c3220-alambrica-binaural-usb-a-usb-c-reduccion-de-ruido-con-microfono-control-en-el-cable-color-negro-con-naranja\/"]}]},{"@type":"BreadcrumbList","@id":"https:\/\/compuviper.mx\/tienda\/producto\/poly-8x228a6-diadema-hp-blackwire-c3220-alambrica-binaural-usb-a-usb-c-reduccion-de-ruido-con-microfono-control-en-el-cable-color-negro-con-naranja\/#breadcrumb","itemListElement":[{"@type":"ListItem","position":1,"name":"Inicio","item":"https:\/\/compuviper.mx\/tienda\/"},{"@type":"ListItem","position":2,"name":"Productos","item":"https:\/\/compuviper.mx\/tienda\/productos\/"},{"@type":"ListItem","position":3,"name":"Audifonos Y Micro","item":"https:\/\/compuviper.mx\/tienda\/categoria-producto\/audifonos-y-micro\/"},{"@type":"ListItem","position":4,"name":"Audifono Con Microfono","item":"https:\/\/compuviper.mx\/tienda\/categoria-producto\/audifonos-y-micro\/audifono-con-microfono\/"},{"@type":"ListItem","position":5,"name":"Poly 8x228a6 Diadema Hp Blackwire C3220 | Alambrica Binaural | Usb-a Usb-c | Reduccion De Ruido Con Microfono | Control En El Cable | Color Negro Con Naranja"}]},{"@type":"WebSite","@id":"https:\/\/compuviper.mx\/tienda\/#website","url":"https:\/\/compuviper.mx\/tienda\/","name":"Compuviper","description":"Proveedor de Computadoras, Laptops, Servidores, Monitores, Puntos de Venta, Teclados,   Impresoras, T\u00f3ner, C\u00e1maras de Seguridad y m\u00e1s en tu tienda en l\u00ednea","publisher":{"@id":"https:\/\/compuviper.mx\/tienda\/#organization"},"potentialAction":[{"@type":"SearchAction","target":{"@type":"EntryPoint","urlTemplate":"https:\/\/compuviper.mx\/tienda\/?s={search_term_string}"},"query-input":"required name=search_term_string"}],"inLanguage":"es-MX"},{"@type":"Organization","@id":"https:\/\/compuviper.mx\/tienda\/#organization","name":"Compuviper","url":"https:\/\/compuviper.mx\/tienda\/","logo":{"@type":"ImageObject","inLanguage":"es-MX","@id":"https:\/\/compuviper.mx\/tienda\/#\/schema\/logo\/image\/","url":"https:\/\/compuviper.mx\/tienda\/wp-content\/uploads\/2021\/08\/Logo-Compuviper-10.png","contentUrl":"https:\/\/compuviper.mx\/tienda\/wp-content\/uploads\/2021\/08\/Logo-Compuviper-10.png","width":1000,"height":500,"caption":"Compuviper"},"image":{"@id":"https:\/\/compuviper.mx\/tienda\/#\/schema\/logo\/image\/"},"sameAs":["https:\/\/www.facebook.com\/compuviper","https:\/\/www.youtube.com\/channel\/UCf73dERp9Y3cfOq7q8BhLjA?view_as=subscriber"]}]},"product_brand":"POLY","product_price_amount":"738","product_price_currency":"MXN","og_availability":"instock","product_availability":"instock","product_retailer_item_id":"8X228A6","product_condition":"new"},"_links":{"self":[{"href":"https:\/\/compuviper.mx\/tienda\/wp-json\/wp\/v2\/product\/257805"}],"collection":[{"href":"https:\/\/compuviper.mx\/tienda\/wp-json\/wp\/v2\/product"}],"about":[{"href":"https:\/\/compuviper.mx\/tienda\/wp-json\/wp\/v2\/types\/product"}],"replies":[{"embeddable":true,"href":"https:\/\/compuviper.mx\/tienda\/wp-json\/wp\/v2\/comments?post=257805"}],"wp:featuredmedia":[{"embeddable":true,"href":"https:\/\/compuviper.mx\/tienda\/wp-json\/wp\/v2\/media\/260944"}],"wp:attachment":[{"href":"https:\/\/compuviper.mx\/tienda\/wp-json\/wp\/v2\/media?parent=257805"}],"wp:term":[{"taxonomy":"product_cat","embeddable":true,"href":"https:\/\/compuviper.mx\/tienda\/wp-json\/wp\/v2\/product_cat?post=257805"},{"taxonomy":"product_tag","embeddable":true,"href":"https:\/\/compuviper.mx\/tienda\/wp-json\/wp\/v2\/product_tag?post=257805"}],"curies":[{"name":"wp","href":"https:\/\/api.w.org\/{rel}","templated":true}]}}