{"id":257803,"date":"2026-04-07T01:58:39","date_gmt":"2026-04-07T07:58:39","guid":{"rendered":"https:\/\/compuviper.mx\/tienda\/producto\/poly-8x229a6-diadema-hp-blackwire-c3225-alambrica-binaural-usb-a-usb-c-y-35-mm-reduccion-de-ruido-con-microfono-control-en-el-cable-color-negro-con-naranja-2\/"},"modified":"2026-04-07T01:58:39","modified_gmt":"2026-04-07T07:58:39","slug":"poly-8x229a6-diadema-hp-blackwire-c3225-alambrica-binaural-usb-a-usb-c-y-35-mm-reduccion-de-ruido-con-microfono-control-en-el-cable-color-negro-con-naranja","status":"publish","type":"product","link":"https:\/\/compuviper.mx\/tienda\/producto\/poly-8x229a6-diadema-hp-blackwire-c3225-alambrica-binaural-usb-a-usb-c-y-35-mm-reduccion-de-ruido-con-microfono-control-en-el-cable-color-negro-con-naranja\/","title":{"rendered":"Poly 8x229a6 Diadema Hp   Blackwire C3225 | Alambrica Binaural Usb-a Usb-c Y 3,5 Mm Reduccion De Ruido Con Microfono Control En El Cable Color Negro Con Naranja"},"content":{"rendered":"<table class=\"descripcion\">\n<tr>\n<td>Se conecta a la pc a traves de usb\/usb-a, se conecta a dispositivos moviles y tabletas a traves de 3.5 mm y dispositivos compatibles con usb-a.<\/td>\n<\/tr>\n<tr>\n<td>Compatible con windows\u00ae o mac os<\/td>\n<\/tr>\n<tr>\n<td>Ideal para usuarios que realizan la transicion a telefonia de pc para seminarios web, llamadas de conferencia, musica y otras aplicaciones multimedia.<\/td>\n<\/tr>\n<tr>\n<td>Rendimiento de audio de pc ecualizador dinamico, respuesta de frecuencia de microfono de 100 hz a 10 khz, optimo para telefonia vocal de banda ancha de pc hasta 6.800 hz, estereo de alta fidelidad c3220 \/ c3225. reciba salidas de 20 hz a 20 khz, procesamiento mejorado de seal digital dsp, microfono con cancelacion de ruido, alertas de audio ajustables con el software plantronics hub silencio\/ volumen<\/td>\n<\/tr>\n<tr>\n<td>Proteccion auditiva soundguard: limitacion acustica para proteccion contra sonidos por encima de 118 dba<\/td>\n<\/tr>\n<tr>\n<td>Control remoto de llamada : llamada responder\/ignorar\/finalizar\/retener, volver a marcar, silenciar, volumen \/-<\/td>\n<\/tr>\n<\/table>\n","protected":false},"excerpt":{"rendered":"<p>Los auriculares blackwire 3200, que cuentan con banda ancha para ordenador, microfono con anulacion de ruido y sonido estereo de alta fidelidad modelos c3220\/c3225, ofrecen una experiencia de audio excepcional caracteristica, de modo que resultan perfectos para voz, musica y archivos multimedia. El ecualizador dinamico optimiza la calidad de voz en las llamadas y ajusta automaticamente la configuracion de ecualizacion al escuchar musica o archivos multimedia. Ideal para trabajadores que necesitan una solucion comoda para gestionar llamadas en el ordenador,, el telefono movil o el tablet. La serie blackwire 3200 ofrece la comodidad y durabilidad del cable combinada con una flexibilidad, todo ello a un precio reducido. Podras gestionar llamadas desde tu pc o tablet gracias a la conectividad usb estandar.Los odelos c3225 ofrecen una opcion de conexion de 3,5 mm para su uso con dispositivos inalambricos. Disfruta de la seguridad de una juste comodo. La diadema ligera de metal es muy resistente y puede ajustarse de forma personalizada. Las almohadillas de piel sintetica se pliegan para transportarlasfacilmente en el comodo estuche incluido c3225.<\/p>\n","protected":false},"featured_media":260942,"comment_status":"open","ping_status":"open","template":"","meta":[],"product_cat":[1552,1816],"product_tag":[2035],"acf":[],"yoast_head":"<!-- This site is optimized with the Yoast SEO plugin v21.7 - https:\/\/yoast.com\/wordpress\/plugins\/seo\/ -->\n<title>[ Poly ] &#129351; 8x229a6 Diadema Hp Blackwire C3225 | Alambrica Binaural Usb-a Usb-c Y 3,5 Mm Reduccion De Ruido Con Microfono Control En El Cable Color Negro Con Naranja<\/title>\n<meta name=\"description\" content=\"Compra 8x229a6 Diadema Hp Blackwire C3225 | Alambrica Binaural Usb-a Usb-c Y 3,5 Mm Reduccion De Ruido Con Microfono Control En El Cable Color Negro Con Naranja + Env\u00edo a domicilio + Pago seguro + Garant\u00eda\" \/>\n<meta name=\"robots\" content=\"index, follow, max-snippet:-1, max-image-preview:large, max-video-preview:-1\" \/>\n<link rel=\"canonical\" href=\"https:\/\/compuviper.mx\/tienda\/producto\/poly-8x229a6-diadema-hp-blackwire-c3225-alambrica-binaural-usb-a-usb-c-y-35-mm-reduccion-de-ruido-con-microfono-control-en-el-cable-color-negro-con-naranja\/\" \/>\n<meta property=\"og:locale\" content=\"es_MX\" \/>\n<meta property=\"og:type\" content=\"article\" \/>\n<meta property=\"og:title\" content=\"[ Poly ] &#129351; 8x229a6 Diadema Hp Blackwire C3225 | Alambrica Binaural Usb-a Usb-c Y 3,5 Mm Reduccion De Ruido Con Microfono Control En El Cable Color Negro Con Naranja\" \/>\n<meta property=\"og:description\" content=\"Compra 8x229a6 Diadema Hp Blackwire C3225 | Alambrica Binaural Usb-a Usb-c Y 3,5 Mm Reduccion De Ruido Con Microfono Control En El Cable Color Negro Con Naranja + Env\u00edo a domicilio + Pago seguro + Garant\u00eda\" \/>\n<meta property=\"og:url\" content=\"https:\/\/compuviper.mx\/tienda\/producto\/poly-8x229a6-diadema-hp-blackwire-c3225-alambrica-binaural-usb-a-usb-c-y-35-mm-reduccion-de-ruido-con-microfono-control-en-el-cable-color-negro-con-naranja\/\" \/>\n<meta property=\"og:site_name\" content=\"Compuviper\" \/>\n<meta property=\"article:publisher\" content=\"https:\/\/www.facebook.com\/compuviper\" \/>\n<meta property=\"og:image\" content=\"https:\/\/compuviper.mx\/tienda\/wp-content\/uploads\/2025\/10\/Diadema-hp-poly-8x229a6-blackwire-c3225-alambrica-binaural-usb-a-usb-c-y-35-mm-reduccion-de-ruido-con-microfono-control-en-el-cable-color-negro-con-naranja.jpg\" \/>\n\t<meta property=\"og:image:width\" content=\"200\" \/>\n\t<meta property=\"og:image:height\" content=\"200\" \/>\n\t<meta property=\"og:image:type\" content=\"image\/jpeg\" \/>\n<meta name=\"twitter:card\" content=\"summary_large_image\" \/>\n<meta name=\"twitter:label1\" content=\"Precio\" \/>\n\t<meta name=\"twitter:data1\" content=\"&#36;1,515 &#36;1,438 con IVA\" \/>\n\t<meta name=\"twitter:label2\" content=\"Availability\" \/>\n\t<meta name=\"twitter:data2\" content=\"Out of stock\" \/>\n<script type=\"application\/ld+json\" class=\"yoast-schema-graph\">{\"@context\":\"https:\/\/schema.org\",\"@graph\":[{\"@type\":\"WebPage\",\"@id\":\"https:\/\/compuviper.mx\/tienda\/producto\/poly-8x229a6-diadema-hp-blackwire-c3225-alambrica-binaural-usb-a-usb-c-y-35-mm-reduccion-de-ruido-con-microfono-control-en-el-cable-color-negro-con-naranja\/\",\"url\":\"https:\/\/compuviper.mx\/tienda\/producto\/poly-8x229a6-diadema-hp-blackwire-c3225-alambrica-binaural-usb-a-usb-c-y-35-mm-reduccion-de-ruido-con-microfono-control-en-el-cable-color-negro-con-naranja\/\",\"name\":\"[ Poly ] &#129351; 8x229a6 Diadema Hp Blackwire C3225 | Alambrica Binaural Usb-a Usb-c Y 3,5 Mm Reduccion De Ruido Con Microfono Control En El Cable Color Negro Con Naranja\",\"isPartOf\":{\"@id\":\"https:\/\/compuviper.mx\/tienda\/#website\"},\"datePublished\":\"2026-04-07T07:58:39+00:00\",\"dateModified\":\"2026-04-07T07:58:39+00:00\",\"description\":\"Compra 8x229a6 Diadema Hp Blackwire C3225 | Alambrica Binaural Usb-a Usb-c Y 3,5 Mm Reduccion De Ruido Con Microfono Control En El Cable Color Negro Con Naranja + Env\u00edo a domicilio + Pago seguro + Garant\u00eda\",\"breadcrumb\":{\"@id\":\"https:\/\/compuviper.mx\/tienda\/producto\/poly-8x229a6-diadema-hp-blackwire-c3225-alambrica-binaural-usb-a-usb-c-y-35-mm-reduccion-de-ruido-con-microfono-control-en-el-cable-color-negro-con-naranja\/#breadcrumb\"},\"inLanguage\":\"es-MX\",\"potentialAction\":[{\"@type\":\"ReadAction\",\"target\":[\"https:\/\/compuviper.mx\/tienda\/producto\/poly-8x229a6-diadema-hp-blackwire-c3225-alambrica-binaural-usb-a-usb-c-y-35-mm-reduccion-de-ruido-con-microfono-control-en-el-cable-color-negro-con-naranja\/\"]}]},{\"@type\":\"BreadcrumbList\",\"@id\":\"https:\/\/compuviper.mx\/tienda\/producto\/poly-8x229a6-diadema-hp-blackwire-c3225-alambrica-binaural-usb-a-usb-c-y-35-mm-reduccion-de-ruido-con-microfono-control-en-el-cable-color-negro-con-naranja\/#breadcrumb\",\"itemListElement\":[{\"@type\":\"ListItem\",\"position\":1,\"name\":\"Inicio\",\"item\":\"https:\/\/compuviper.mx\/tienda\/\"},{\"@type\":\"ListItem\",\"position\":2,\"name\":\"Productos\",\"item\":\"https:\/\/compuviper.mx\/tienda\/productos\/\"},{\"@type\":\"ListItem\",\"position\":3,\"name\":\"Audifonos Y Micro\",\"item\":\"https:\/\/compuviper.mx\/tienda\/categoria-producto\/audifonos-y-micro\/\"},{\"@type\":\"ListItem\",\"position\":4,\"name\":\"Audifono Con Microfono\",\"item\":\"https:\/\/compuviper.mx\/tienda\/categoria-producto\/audifonos-y-micro\/audifono-con-microfono\/\"},{\"@type\":\"ListItem\",\"position\":5,\"name\":\"Poly 8x229a6 Diadema Hp Blackwire C3225 | Alambrica Binaural Usb-a Usb-c Y 3,5 Mm Reduccion De Ruido Con Microfono Control En El Cable Color Negro Con Naranja\"}]},{\"@type\":\"WebSite\",\"@id\":\"https:\/\/compuviper.mx\/tienda\/#website\",\"url\":\"https:\/\/compuviper.mx\/tienda\/\",\"name\":\"Compuviper\",\"description\":\"Proveedor de Computadoras, Laptops, Servidores, Monitores, Puntos de Venta, Teclados,   Impresoras, T\u00f3ner, C\u00e1maras de Seguridad y m\u00e1s en tu tienda en l\u00ednea\",\"publisher\":{\"@id\":\"https:\/\/compuviper.mx\/tienda\/#organization\"},\"potentialAction\":[{\"@type\":\"SearchAction\",\"target\":{\"@type\":\"EntryPoint\",\"urlTemplate\":\"https:\/\/compuviper.mx\/tienda\/?s={search_term_string}\"},\"query-input\":\"required name=search_term_string\"}],\"inLanguage\":\"es-MX\"},{\"@type\":\"Organization\",\"@id\":\"https:\/\/compuviper.mx\/tienda\/#organization\",\"name\":\"Compuviper\",\"url\":\"https:\/\/compuviper.mx\/tienda\/\",\"logo\":{\"@type\":\"ImageObject\",\"inLanguage\":\"es-MX\",\"@id\":\"https:\/\/compuviper.mx\/tienda\/#\/schema\/logo\/image\/\",\"url\":\"https:\/\/compuviper.mx\/tienda\/wp-content\/uploads\/2021\/08\/Logo-Compuviper-10.png\",\"contentUrl\":\"https:\/\/compuviper.mx\/tienda\/wp-content\/uploads\/2021\/08\/Logo-Compuviper-10.png\",\"width\":1000,\"height\":500,\"caption\":\"Compuviper\"},\"image\":{\"@id\":\"https:\/\/compuviper.mx\/tienda\/#\/schema\/logo\/image\/\"},\"sameAs\":[\"https:\/\/www.facebook.com\/compuviper\",\"https:\/\/www.youtube.com\/channel\/UCf73dERp9Y3cfOq7q8BhLjA?view_as=subscriber\"]}]}<\/script>\n<meta property=\"product:brand\" content=\"POLY\" \/>\n<meta property=\"product:price:amount\" content=\"1438\" \/>\n<meta property=\"product:price:currency\" content=\"MXN\" \/>\n<meta property=\"og:availability\" content=\"out of stock\" \/>\n<meta property=\"product:availability\" content=\"out of stock\" \/>\n<meta property=\"product:retailer_item_id\" content=\"8X229A6\" \/>\n<meta property=\"product:condition\" content=\"new\" \/>\n<!-- \/ Yoast SEO plugin. -->","yoast_head_json":{"title":"[ Poly ] &#129351; 8x229a6 Diadema Hp Blackwire C3225 | Alambrica Binaural Usb-a Usb-c Y 3,5 Mm Reduccion De Ruido Con Microfono Control En El Cable Color Negro Con Naranja","description":"Compra 8x229a6 Diadema Hp Blackwire C3225 | Alambrica Binaural Usb-a Usb-c Y 3,5 Mm Reduccion De Ruido Con Microfono Control En El Cable Color Negro Con Naranja + Env\u00edo a domicilio + Pago seguro + Garant\u00eda","robots":{"index":"index","follow":"follow","max-snippet":"max-snippet:-1","max-image-preview":"max-image-preview:large","max-video-preview":"max-video-preview:-1"},"canonical":"https:\/\/compuviper.mx\/tienda\/producto\/poly-8x229a6-diadema-hp-blackwire-c3225-alambrica-binaural-usb-a-usb-c-y-35-mm-reduccion-de-ruido-con-microfono-control-en-el-cable-color-negro-con-naranja\/","og_locale":"es_MX","og_type":"article","og_title":"[ Poly ] &#129351; 8x229a6 Diadema Hp Blackwire C3225 | Alambrica Binaural Usb-a Usb-c Y 3,5 Mm Reduccion De Ruido Con Microfono Control En El Cable Color Negro Con Naranja","og_description":"Compra 8x229a6 Diadema Hp Blackwire C3225 | Alambrica Binaural Usb-a Usb-c Y 3,5 Mm Reduccion De Ruido Con Microfono Control En El Cable Color Negro Con Naranja + Env\u00edo a domicilio + Pago seguro + Garant\u00eda","og_url":"https:\/\/compuviper.mx\/tienda\/producto\/poly-8x229a6-diadema-hp-blackwire-c3225-alambrica-binaural-usb-a-usb-c-y-35-mm-reduccion-de-ruido-con-microfono-control-en-el-cable-color-negro-con-naranja\/","og_site_name":"Compuviper","article_publisher":"https:\/\/www.facebook.com\/compuviper","og_image":[{"width":200,"height":200,"url":"https:\/\/compuviper.mx\/tienda\/wp-content\/uploads\/2025\/10\/Diadema-hp-poly-8x229a6-blackwire-c3225-alambrica-binaural-usb-a-usb-c-y-35-mm-reduccion-de-ruido-con-microfono-control-en-el-cable-color-negro-con-naranja.jpg","type":"image\/jpeg"}],"twitter_card":"summary_large_image","twitter_misc":{"Precio":"&#36;1,515 &#36;1,438 con IVA","Availability":"Out of stock"},"schema":{"@context":"https:\/\/schema.org","@graph":[{"@type":"WebPage","@id":"https:\/\/compuviper.mx\/tienda\/producto\/poly-8x229a6-diadema-hp-blackwire-c3225-alambrica-binaural-usb-a-usb-c-y-35-mm-reduccion-de-ruido-con-microfono-control-en-el-cable-color-negro-con-naranja\/","url":"https:\/\/compuviper.mx\/tienda\/producto\/poly-8x229a6-diadema-hp-blackwire-c3225-alambrica-binaural-usb-a-usb-c-y-35-mm-reduccion-de-ruido-con-microfono-control-en-el-cable-color-negro-con-naranja\/","name":"[ Poly ] &#129351; 8x229a6 Diadema Hp Blackwire C3225 | Alambrica Binaural Usb-a Usb-c Y 3,5 Mm Reduccion De Ruido Con Microfono Control En El Cable Color Negro Con Naranja","isPartOf":{"@id":"https:\/\/compuviper.mx\/tienda\/#website"},"datePublished":"2026-04-07T07:58:39+00:00","dateModified":"2026-04-07T07:58:39+00:00","description":"Compra 8x229a6 Diadema Hp Blackwire C3225 | Alambrica Binaural Usb-a Usb-c Y 3,5 Mm Reduccion De Ruido Con Microfono Control En El Cable Color Negro Con Naranja + Env\u00edo a domicilio + Pago seguro + Garant\u00eda","breadcrumb":{"@id":"https:\/\/compuviper.mx\/tienda\/producto\/poly-8x229a6-diadema-hp-blackwire-c3225-alambrica-binaural-usb-a-usb-c-y-35-mm-reduccion-de-ruido-con-microfono-control-en-el-cable-color-negro-con-naranja\/#breadcrumb"},"inLanguage":"es-MX","potentialAction":[{"@type":"ReadAction","target":["https:\/\/compuviper.mx\/tienda\/producto\/poly-8x229a6-diadema-hp-blackwire-c3225-alambrica-binaural-usb-a-usb-c-y-35-mm-reduccion-de-ruido-con-microfono-control-en-el-cable-color-negro-con-naranja\/"]}]},{"@type":"BreadcrumbList","@id":"https:\/\/compuviper.mx\/tienda\/producto\/poly-8x229a6-diadema-hp-blackwire-c3225-alambrica-binaural-usb-a-usb-c-y-35-mm-reduccion-de-ruido-con-microfono-control-en-el-cable-color-negro-con-naranja\/#breadcrumb","itemListElement":[{"@type":"ListItem","position":1,"name":"Inicio","item":"https:\/\/compuviper.mx\/tienda\/"},{"@type":"ListItem","position":2,"name":"Productos","item":"https:\/\/compuviper.mx\/tienda\/productos\/"},{"@type":"ListItem","position":3,"name":"Audifonos Y Micro","item":"https:\/\/compuviper.mx\/tienda\/categoria-producto\/audifonos-y-micro\/"},{"@type":"ListItem","position":4,"name":"Audifono Con Microfono","item":"https:\/\/compuviper.mx\/tienda\/categoria-producto\/audifonos-y-micro\/audifono-con-microfono\/"},{"@type":"ListItem","position":5,"name":"Poly 8x229a6 Diadema Hp Blackwire C3225 | Alambrica Binaural Usb-a Usb-c Y 3,5 Mm Reduccion De Ruido Con Microfono Control En El Cable Color Negro Con Naranja"}]},{"@type":"WebSite","@id":"https:\/\/compuviper.mx\/tienda\/#website","url":"https:\/\/compuviper.mx\/tienda\/","name":"Compuviper","description":"Proveedor de Computadoras, Laptops, Servidores, Monitores, Puntos de Venta, Teclados,   Impresoras, T\u00f3ner, C\u00e1maras de Seguridad y m\u00e1s en tu tienda en l\u00ednea","publisher":{"@id":"https:\/\/compuviper.mx\/tienda\/#organization"},"potentialAction":[{"@type":"SearchAction","target":{"@type":"EntryPoint","urlTemplate":"https:\/\/compuviper.mx\/tienda\/?s={search_term_string}"},"query-input":"required name=search_term_string"}],"inLanguage":"es-MX"},{"@type":"Organization","@id":"https:\/\/compuviper.mx\/tienda\/#organization","name":"Compuviper","url":"https:\/\/compuviper.mx\/tienda\/","logo":{"@type":"ImageObject","inLanguage":"es-MX","@id":"https:\/\/compuviper.mx\/tienda\/#\/schema\/logo\/image\/","url":"https:\/\/compuviper.mx\/tienda\/wp-content\/uploads\/2021\/08\/Logo-Compuviper-10.png","contentUrl":"https:\/\/compuviper.mx\/tienda\/wp-content\/uploads\/2021\/08\/Logo-Compuviper-10.png","width":1000,"height":500,"caption":"Compuviper"},"image":{"@id":"https:\/\/compuviper.mx\/tienda\/#\/schema\/logo\/image\/"},"sameAs":["https:\/\/www.facebook.com\/compuviper","https:\/\/www.youtube.com\/channel\/UCf73dERp9Y3cfOq7q8BhLjA?view_as=subscriber"]}]},"product_brand":"POLY","product_price_amount":"1438","product_price_currency":"MXN","og_availability":"out of stock","product_availability":"out of stock","product_retailer_item_id":"8X229A6","product_condition":"new"},"_links":{"self":[{"href":"https:\/\/compuviper.mx\/tienda\/wp-json\/wp\/v2\/product\/257803"}],"collection":[{"href":"https:\/\/compuviper.mx\/tienda\/wp-json\/wp\/v2\/product"}],"about":[{"href":"https:\/\/compuviper.mx\/tienda\/wp-json\/wp\/v2\/types\/product"}],"replies":[{"embeddable":true,"href":"https:\/\/compuviper.mx\/tienda\/wp-json\/wp\/v2\/comments?post=257803"}],"wp:featuredmedia":[{"embeddable":true,"href":"https:\/\/compuviper.mx\/tienda\/wp-json\/wp\/v2\/media\/260942"}],"wp:attachment":[{"href":"https:\/\/compuviper.mx\/tienda\/wp-json\/wp\/v2\/media?parent=257803"}],"wp:term":[{"taxonomy":"product_cat","embeddable":true,"href":"https:\/\/compuviper.mx\/tienda\/wp-json\/wp\/v2\/product_cat?post=257803"},{"taxonomy":"product_tag","embeddable":true,"href":"https:\/\/compuviper.mx\/tienda\/wp-json\/wp\/v2\/product_tag?post=257803"}],"curies":[{"name":"wp","href":"https:\/\/api.w.org\/{rel}","templated":true}]}}