{"id":257802,"date":"2026-04-23T02:04:37","date_gmt":"2026-04-23T08:04:37","guid":{"rendered":"https:\/\/compuviper.mx\/tienda\/producto\/vorago-ksp-455-mini-bafle-karaoke-40watts-recargable-1-microfono-inalambrico-c-correas-tws-ipx5-bt-6hrs\/"},"modified":"2026-04-23T02:04:37","modified_gmt":"2026-04-23T08:04:37","slug":"vorago-ksp-455-mini-bafle-karaoke-40watts-recargable-1-microfono-inalambrico-c-correas-tws-ipx5-bt-6hrs","status":"publish","type":"product","link":"https:\/\/compuviper.mx\/tienda\/producto\/vorago-ksp-455-mini-bafle-karaoke-40watts-recargable-1-microfono-inalambrico-c-correas-tws-ipx5-bt-6hrs\/","title":{"rendered":"Vorago Ksp-455 Mini Bafle Karaoke   40watts Recargable 1 Microfono Inalambrico C\/correas Tws Ipx5 Bt 6hrs"},"content":{"rendered":"<table class=\"descripcion\">\n<tr>\n<td>Articulo: bocinas bluetooth<\/td>\n<\/tr>\n<tr>\n<td>Linea de entrada: dc 9v\/2a<\/td>\n<\/tr>\n<tr>\n<td>Potencia rms: 40w<\/td>\n<\/tr>\n<tr>\n<td>Rango de<\/td>\n<\/tr>\n<tr>\n<td>Frecuencia: 40hz-20khz<\/td>\n<\/tr>\n<tr>\n<td>Sensibilidad:  and #8805;75 db<\/td>\n<\/tr>\n<tr>\n<td>Impedancia: 4  and #937;<\/td>\n<\/tr>\n<tr>\n<td>Bateria: 3.7v cc \/ 3600mah<\/td>\n<\/tr>\n<tr>\n<td>Thd:  and #8804;1%<\/td>\n<\/tr>\n<tr>\n<td>Conectores: 3.5mm, usb, tf, bt,fm<\/td>\n<\/tr>\n<tr>\n<td>Bt: 5.0<\/td>\n<\/tr>\n<tr>\n<td>Proteccion: ipx5<\/td>\n<\/tr>\n<tr>\n<td>Accesorios: control remoto,<\/td>\n<\/tr>\n<tr>\n<td>Microfono inalambrico<\/td>\n<\/tr>\n<tr>\n<td>Tws: si<\/td>\n<\/tr>\n<tr>\n<td>Microfono<\/td>\n<\/tr>\n<tr>\n<td>Frecuencia: 267.3m<\/td>\n<\/tr>\n<tr>\n<td>Q\u00b4ty\/carton: 2<\/td>\n<\/tr>\n<\/table>\n","protected":false},"excerpt":{"rendered":"<p>Potente, potente, divertido y portatil, el bafle ksp-455 con bateria recargable de 3600 mah e iluminacion led, te acompa\u00f1ara siempre para que la musica no se detenga.Divertido y portatil, el bafle ksp-455 con bateria recargable de 3600 mah e iluminacion led, te acompa\u00f1ara siempre para que la musica no se detenga.<\/p>\n","protected":false},"featured_media":260941,"comment_status":"open","ping_status":"open","template":"","meta":[],"product_cat":[1817,1824],"product_tag":[2294],"acf":[],"yoast_head":"<!-- This site is optimized with the Yoast SEO plugin v21.7 - https:\/\/yoast.com\/wordpress\/plugins\/seo\/ -->\n<title>[ Vorago ] &#129351; Ksp-455 Mini Bafle Karaoke 40watts Recargable 1 Microfono Inalambrico C\/correas Tws Ipx5 Bt 6hrs<\/title>\n<meta name=\"description\" content=\"Compra Ksp-455 Mini Bafle Karaoke 40watts Recargable 1 Microfono Inalambrico C\/correas Tws Ipx5 Bt 6hrs + Env\u00edo a domicilio + Pago seguro + Garant\u00eda\" \/>\n<meta name=\"robots\" content=\"index, follow, max-snippet:-1, max-image-preview:large, max-video-preview:-1\" \/>\n<link rel=\"canonical\" href=\"https:\/\/compuviper.mx\/tienda\/producto\/vorago-ksp-455-mini-bafle-karaoke-40watts-recargable-1-microfono-inalambrico-c-correas-tws-ipx5-bt-6hrs\/\" \/>\n<meta property=\"og:locale\" content=\"es_MX\" \/>\n<meta property=\"og:type\" content=\"article\" \/>\n<meta property=\"og:title\" content=\"[ Vorago ] &#129351; Ksp-455 Mini Bafle Karaoke 40watts Recargable 1 Microfono Inalambrico C\/correas Tws Ipx5 Bt 6hrs\" \/>\n<meta property=\"og:description\" content=\"Compra Ksp-455 Mini Bafle Karaoke 40watts Recargable 1 Microfono Inalambrico C\/correas Tws Ipx5 Bt 6hrs + Env\u00edo a domicilio + Pago seguro + Garant\u00eda\" \/>\n<meta property=\"og:url\" content=\"https:\/\/compuviper.mx\/tienda\/producto\/vorago-ksp-455-mini-bafle-karaoke-40watts-recargable-1-microfono-inalambrico-c-correas-tws-ipx5-bt-6hrs\/\" \/>\n<meta property=\"og:site_name\" content=\"Compuviper\" \/>\n<meta property=\"article:publisher\" content=\"https:\/\/www.facebook.com\/compuviper\" \/>\n<meta property=\"og:image\" content=\"https:\/\/compuviper.mx\/tienda\/wp-content\/uploads\/2025\/10\/Mini-bafle-karaoke-vorago-ksp-455-40watts-recargable-1-microfono-inalambrico-ccorreas-tws-ipx5-bt-6hrs.jpg\" \/>\n\t<meta property=\"og:image:width\" content=\"200\" \/>\n\t<meta property=\"og:image:height\" content=\"200\" \/>\n\t<meta property=\"og:image:type\" content=\"image\/jpeg\" \/>\n<meta name=\"twitter:card\" content=\"summary_large_image\" \/>\n<meta name=\"twitter:label1\" content=\"Precio\" \/>\n\t<meta name=\"twitter:data1\" content=\"&#36;1,432 &#36;1,367 con IVA\" \/>\n\t<meta name=\"twitter:label2\" content=\"Availability\" \/>\n\t<meta name=\"twitter:data2\" content=\"In stock\" \/>\n<script type=\"application\/ld+json\" class=\"yoast-schema-graph\">{\"@context\":\"https:\/\/schema.org\",\"@graph\":[{\"@type\":\"WebPage\",\"@id\":\"https:\/\/compuviper.mx\/tienda\/producto\/vorago-ksp-455-mini-bafle-karaoke-40watts-recargable-1-microfono-inalambrico-c-correas-tws-ipx5-bt-6hrs\/\",\"url\":\"https:\/\/compuviper.mx\/tienda\/producto\/vorago-ksp-455-mini-bafle-karaoke-40watts-recargable-1-microfono-inalambrico-c-correas-tws-ipx5-bt-6hrs\/\",\"name\":\"[ Vorago ] &#129351; Ksp-455 Mini Bafle Karaoke 40watts Recargable 1 Microfono Inalambrico C\/correas Tws Ipx5 Bt 6hrs\",\"isPartOf\":{\"@id\":\"https:\/\/compuviper.mx\/tienda\/#website\"},\"datePublished\":\"2026-04-23T08:04:37+00:00\",\"dateModified\":\"2026-04-23T08:04:37+00:00\",\"description\":\"Compra Ksp-455 Mini Bafle Karaoke 40watts Recargable 1 Microfono Inalambrico C\/correas Tws Ipx5 Bt 6hrs + Env\u00edo a domicilio + Pago seguro + Garant\u00eda\",\"breadcrumb\":{\"@id\":\"https:\/\/compuviper.mx\/tienda\/producto\/vorago-ksp-455-mini-bafle-karaoke-40watts-recargable-1-microfono-inalambrico-c-correas-tws-ipx5-bt-6hrs\/#breadcrumb\"},\"inLanguage\":\"es-MX\",\"potentialAction\":[{\"@type\":\"ReadAction\",\"target\":[\"https:\/\/compuviper.mx\/tienda\/producto\/vorago-ksp-455-mini-bafle-karaoke-40watts-recargable-1-microfono-inalambrico-c-correas-tws-ipx5-bt-6hrs\/\"]}]},{\"@type\":\"BreadcrumbList\",\"@id\":\"https:\/\/compuviper.mx\/tienda\/producto\/vorago-ksp-455-mini-bafle-karaoke-40watts-recargable-1-microfono-inalambrico-c-correas-tws-ipx5-bt-6hrs\/#breadcrumb\",\"itemListElement\":[{\"@type\":\"ListItem\",\"position\":1,\"name\":\"Inicio\",\"item\":\"https:\/\/compuviper.mx\/tienda\/\"},{\"@type\":\"ListItem\",\"position\":2,\"name\":\"Productos\",\"item\":\"https:\/\/compuviper.mx\/tienda\/productos\/\"},{\"@type\":\"ListItem\",\"position\":3,\"name\":\"Bocinas\",\"item\":\"https:\/\/compuviper.mx\/tienda\/categoria-producto\/bocinas\/\"},{\"@type\":\"ListItem\",\"position\":4,\"name\":\"Bafle\",\"item\":\"https:\/\/compuviper.mx\/tienda\/categoria-producto\/bocinas\/bafle\/\"},{\"@type\":\"ListItem\",\"position\":5,\"name\":\"Vorago Ksp-455 Mini Bafle Karaoke 40watts Recargable 1 Microfono Inalambrico C\/correas Tws Ipx5 Bt 6hrs\"}]},{\"@type\":\"WebSite\",\"@id\":\"https:\/\/compuviper.mx\/tienda\/#website\",\"url\":\"https:\/\/compuviper.mx\/tienda\/\",\"name\":\"Compuviper\",\"description\":\"Proveedor de Computadoras, Laptops, Servidores, Monitores, Puntos de Venta, Teclados,   Impresoras, T\u00f3ner, C\u00e1maras de Seguridad y m\u00e1s en tu tienda en l\u00ednea\",\"publisher\":{\"@id\":\"https:\/\/compuviper.mx\/tienda\/#organization\"},\"potentialAction\":[{\"@type\":\"SearchAction\",\"target\":{\"@type\":\"EntryPoint\",\"urlTemplate\":\"https:\/\/compuviper.mx\/tienda\/?s={search_term_string}\"},\"query-input\":\"required name=search_term_string\"}],\"inLanguage\":\"es-MX\"},{\"@type\":\"Organization\",\"@id\":\"https:\/\/compuviper.mx\/tienda\/#organization\",\"name\":\"Compuviper\",\"url\":\"https:\/\/compuviper.mx\/tienda\/\",\"logo\":{\"@type\":\"ImageObject\",\"inLanguage\":\"es-MX\",\"@id\":\"https:\/\/compuviper.mx\/tienda\/#\/schema\/logo\/image\/\",\"url\":\"https:\/\/compuviper.mx\/tienda\/wp-content\/uploads\/2021\/08\/Logo-Compuviper-10.png\",\"contentUrl\":\"https:\/\/compuviper.mx\/tienda\/wp-content\/uploads\/2021\/08\/Logo-Compuviper-10.png\",\"width\":1000,\"height\":500,\"caption\":\"Compuviper\"},\"image\":{\"@id\":\"https:\/\/compuviper.mx\/tienda\/#\/schema\/logo\/image\/\"},\"sameAs\":[\"https:\/\/www.facebook.com\/compuviper\",\"https:\/\/www.youtube.com\/channel\/UCf73dERp9Y3cfOq7q8BhLjA?view_as=subscriber\"]}]}<\/script>\n<meta property=\"product:brand\" content=\"Vorago\" \/>\n<meta property=\"product:price:amount\" content=\"1367\" \/>\n<meta property=\"product:price:currency\" content=\"MXN\" \/>\n<meta property=\"og:availability\" content=\"instock\" \/>\n<meta property=\"product:availability\" content=\"instock\" \/>\n<meta property=\"product:retailer_item_id\" content=\"KSP-455\" \/>\n<meta property=\"product:condition\" content=\"new\" \/>\n<!-- \/ Yoast SEO plugin. -->","yoast_head_json":{"title":"[ Vorago ] &#129351; Ksp-455 Mini Bafle Karaoke 40watts Recargable 1 Microfono Inalambrico C\/correas Tws Ipx5 Bt 6hrs","description":"Compra Ksp-455 Mini Bafle Karaoke 40watts Recargable 1 Microfono Inalambrico C\/correas Tws Ipx5 Bt 6hrs + Env\u00edo a domicilio + Pago seguro + Garant\u00eda","robots":{"index":"index","follow":"follow","max-snippet":"max-snippet:-1","max-image-preview":"max-image-preview:large","max-video-preview":"max-video-preview:-1"},"canonical":"https:\/\/compuviper.mx\/tienda\/producto\/vorago-ksp-455-mini-bafle-karaoke-40watts-recargable-1-microfono-inalambrico-c-correas-tws-ipx5-bt-6hrs\/","og_locale":"es_MX","og_type":"article","og_title":"[ Vorago ] &#129351; Ksp-455 Mini Bafle Karaoke 40watts Recargable 1 Microfono Inalambrico C\/correas Tws Ipx5 Bt 6hrs","og_description":"Compra Ksp-455 Mini Bafle Karaoke 40watts Recargable 1 Microfono Inalambrico C\/correas Tws Ipx5 Bt 6hrs + Env\u00edo a domicilio + Pago seguro + Garant\u00eda","og_url":"https:\/\/compuviper.mx\/tienda\/producto\/vorago-ksp-455-mini-bafle-karaoke-40watts-recargable-1-microfono-inalambrico-c-correas-tws-ipx5-bt-6hrs\/","og_site_name":"Compuviper","article_publisher":"https:\/\/www.facebook.com\/compuviper","og_image":[{"width":200,"height":200,"url":"https:\/\/compuviper.mx\/tienda\/wp-content\/uploads\/2025\/10\/Mini-bafle-karaoke-vorago-ksp-455-40watts-recargable-1-microfono-inalambrico-ccorreas-tws-ipx5-bt-6hrs.jpg","type":"image\/jpeg"}],"twitter_card":"summary_large_image","twitter_misc":{"Precio":"&#36;1,432 &#36;1,367 con IVA","Availability":"In stock"},"schema":{"@context":"https:\/\/schema.org","@graph":[{"@type":"WebPage","@id":"https:\/\/compuviper.mx\/tienda\/producto\/vorago-ksp-455-mini-bafle-karaoke-40watts-recargable-1-microfono-inalambrico-c-correas-tws-ipx5-bt-6hrs\/","url":"https:\/\/compuviper.mx\/tienda\/producto\/vorago-ksp-455-mini-bafle-karaoke-40watts-recargable-1-microfono-inalambrico-c-correas-tws-ipx5-bt-6hrs\/","name":"[ Vorago ] &#129351; Ksp-455 Mini Bafle Karaoke 40watts Recargable 1 Microfono Inalambrico C\/correas Tws Ipx5 Bt 6hrs","isPartOf":{"@id":"https:\/\/compuviper.mx\/tienda\/#website"},"datePublished":"2026-04-23T08:04:37+00:00","dateModified":"2026-04-23T08:04:37+00:00","description":"Compra Ksp-455 Mini Bafle Karaoke 40watts Recargable 1 Microfono Inalambrico C\/correas Tws Ipx5 Bt 6hrs + Env\u00edo a domicilio + Pago seguro + Garant\u00eda","breadcrumb":{"@id":"https:\/\/compuviper.mx\/tienda\/producto\/vorago-ksp-455-mini-bafle-karaoke-40watts-recargable-1-microfono-inalambrico-c-correas-tws-ipx5-bt-6hrs\/#breadcrumb"},"inLanguage":"es-MX","potentialAction":[{"@type":"ReadAction","target":["https:\/\/compuviper.mx\/tienda\/producto\/vorago-ksp-455-mini-bafle-karaoke-40watts-recargable-1-microfono-inalambrico-c-correas-tws-ipx5-bt-6hrs\/"]}]},{"@type":"BreadcrumbList","@id":"https:\/\/compuviper.mx\/tienda\/producto\/vorago-ksp-455-mini-bafle-karaoke-40watts-recargable-1-microfono-inalambrico-c-correas-tws-ipx5-bt-6hrs\/#breadcrumb","itemListElement":[{"@type":"ListItem","position":1,"name":"Inicio","item":"https:\/\/compuviper.mx\/tienda\/"},{"@type":"ListItem","position":2,"name":"Productos","item":"https:\/\/compuviper.mx\/tienda\/productos\/"},{"@type":"ListItem","position":3,"name":"Bocinas","item":"https:\/\/compuviper.mx\/tienda\/categoria-producto\/bocinas\/"},{"@type":"ListItem","position":4,"name":"Bafle","item":"https:\/\/compuviper.mx\/tienda\/categoria-producto\/bocinas\/bafle\/"},{"@type":"ListItem","position":5,"name":"Vorago Ksp-455 Mini Bafle Karaoke 40watts Recargable 1 Microfono Inalambrico C\/correas Tws Ipx5 Bt 6hrs"}]},{"@type":"WebSite","@id":"https:\/\/compuviper.mx\/tienda\/#website","url":"https:\/\/compuviper.mx\/tienda\/","name":"Compuviper","description":"Proveedor de Computadoras, Laptops, Servidores, Monitores, Puntos de Venta, Teclados,   Impresoras, T\u00f3ner, C\u00e1maras de Seguridad y m\u00e1s en tu tienda en l\u00ednea","publisher":{"@id":"https:\/\/compuviper.mx\/tienda\/#organization"},"potentialAction":[{"@type":"SearchAction","target":{"@type":"EntryPoint","urlTemplate":"https:\/\/compuviper.mx\/tienda\/?s={search_term_string}"},"query-input":"required name=search_term_string"}],"inLanguage":"es-MX"},{"@type":"Organization","@id":"https:\/\/compuviper.mx\/tienda\/#organization","name":"Compuviper","url":"https:\/\/compuviper.mx\/tienda\/","logo":{"@type":"ImageObject","inLanguage":"es-MX","@id":"https:\/\/compuviper.mx\/tienda\/#\/schema\/logo\/image\/","url":"https:\/\/compuviper.mx\/tienda\/wp-content\/uploads\/2021\/08\/Logo-Compuviper-10.png","contentUrl":"https:\/\/compuviper.mx\/tienda\/wp-content\/uploads\/2021\/08\/Logo-Compuviper-10.png","width":1000,"height":500,"caption":"Compuviper"},"image":{"@id":"https:\/\/compuviper.mx\/tienda\/#\/schema\/logo\/image\/"},"sameAs":["https:\/\/www.facebook.com\/compuviper","https:\/\/www.youtube.com\/channel\/UCf73dERp9Y3cfOq7q8BhLjA?view_as=subscriber"]}]},"product_brand":"Vorago","product_price_amount":"1367","product_price_currency":"MXN","og_availability":"instock","product_availability":"instock","product_retailer_item_id":"KSP-455","product_condition":"new"},"_links":{"self":[{"href":"https:\/\/compuviper.mx\/tienda\/wp-json\/wp\/v2\/product\/257802"}],"collection":[{"href":"https:\/\/compuviper.mx\/tienda\/wp-json\/wp\/v2\/product"}],"about":[{"href":"https:\/\/compuviper.mx\/tienda\/wp-json\/wp\/v2\/types\/product"}],"replies":[{"embeddable":true,"href":"https:\/\/compuviper.mx\/tienda\/wp-json\/wp\/v2\/comments?post=257802"}],"wp:featuredmedia":[{"embeddable":true,"href":"https:\/\/compuviper.mx\/tienda\/wp-json\/wp\/v2\/media\/260941"}],"wp:attachment":[{"href":"https:\/\/compuviper.mx\/tienda\/wp-json\/wp\/v2\/media?parent=257802"}],"wp:term":[{"taxonomy":"product_cat","embeddable":true,"href":"https:\/\/compuviper.mx\/tienda\/wp-json\/wp\/v2\/product_cat?post=257802"},{"taxonomy":"product_tag","embeddable":true,"href":"https:\/\/compuviper.mx\/tienda\/wp-json\/wp\/v2\/product_tag?post=257802"}],"curies":[{"name":"wp","href":"https:\/\/api.w.org\/{rel}","templated":true}]}}