{"id":257801,"date":"2026-04-07T01:49:07","date_gmt":"2026-04-07T07:49:07","guid":{"rendered":"https:\/\/compuviper.mx\/tienda\/producto\/cdp-r-avr3310-r-avr33-10-regulador-de-voltaje-trifsico-de-control-digital-automtico-10-kva-3-fases-neutro-tierra-fsica-voltaje-de-entrada-220vca-voltaje-de-salida-208-120-vca\/"},"modified":"2026-04-07T01:49:07","modified_gmt":"2026-04-07T07:49:07","slug":"cdp-r-avr3310-r-avr33-10-regulador-de-voltaje-trifsico-de-control-digital-automtico-10-kva-3-fases-neutro-tierra-fsica-voltaje-de-entrada-220vca-voltaje-de-salida-208-120-vca","status":"publish","type":"product","link":"https:\/\/compuviper.mx\/tienda\/producto\/cdp-r-avr3310-r-avr33-10-regulador-de-voltaje-trifsico-de-control-digital-automtico-10-kva-3-fases-neutro-tierra-fsica-voltaje-de-entrada-220vca-voltaje-de-salida-208-120-vca\/","title":{"rendered":"Cdp R-avr3310  R-avr33-10 Regulador De Voltaje Trifsico De Control Digital Automtico \/ 10 Kva \/ 3 Fases \/ Neutro \/ Tierra Fsica \/ Voltaje De Entrada 220vca \/ Voltaje De Salida \/ 208-120 Vca \/"},"content":{"rendered":"<table class=\"descripcion\">\n<tr>\n<td>Cdp r-avr33-10<\/td>\n<\/tr>\n<tr>\n<td>Regulador de voltaje trif\u00e1sico de control digital autom\u00e1tico, capacidad de 10 kva.<\/td>\n<\/tr>\n<tr>\n<td>Entrada: 220 vca, 3 fases + neutro + tierra.<\/td>\n<\/tr>\n<tr>\n<td>Salida: 208\/120 vca estabilizados.<\/td>\n<\/tr>\n<tr>\n<td>Protecci\u00f3n avanzada contra variaciones de voltaje y fallas el\u00e9ctricas.<\/td>\n<\/tr>\n<tr>\n<td>Dise\u00f1ado para equipos industriales, servidores y telecomunicaciones.<\/td>\n<\/tr>\n<\/table>\n","protected":false},"excerpt":{"rendered":"<p>Cdp r-avr33-10 \u0096 regulador de voltaje trif\u00e1sico autom\u00e1tico de control digital (10 kva. El regulador cdp r-avr33-10 est\u00e1 dise\u00f1ado para garantizar la estabilidad y seguridad el\u00e9ctrica en entornos industriales y comerciales que requieren energ\u00eda constante y confiable. Su tecnolog\u00eda de control digital autom\u00e1tico ofrece una regulaci\u00f3n precisa ante variaciones de voltaje, protegiendo equipos sensibles y de alto valor. Con una capacidad de 10 kva, este equipo trif\u00e1sico con neutro y tierra f\u00edsica admite un voltaje de entrada de 220 vca y entrega una salida estable de 208\/120 vca, asegurando compatibilidad con una amplia gama de aplicaciones cr\u00edticas.<\/p>\n","protected":false},"featured_media":260757,"comment_status":"open","ping_status":"open","template":"","meta":[],"product_cat":[1508,1802],"product_tag":[1693],"acf":[],"yoast_head":"<!-- This site is optimized with the Yoast SEO plugin v21.7 - https:\/\/yoast.com\/wordpress\/plugins\/seo\/ -->\n<title>[ Cdp ] &#129351; R-avr3310 R-avr33-10 Regulador De Voltaje Trifsico De Control Digital Automtico \/ 10 Kva \/ 3 Fases \/ Neutro \/ Tierra Fsica \/ Voltaje De Entrada 220vca \/ Voltaje De Salida \/ 208-120 Vca \/<\/title>\n<meta name=\"description\" content=\"Compra R-avr3310 R-avr33-10 Regulador De Voltaje Trifsico De Control Digital Automtico \/ 10 Kva \/ 3 Fases \/ Neutro \/ Tierra Fsica \/ Voltaje De Entrada 220vca \/ Voltaje De Salida \/ 208-120 Vca \/ + Env\u00edo a domicilio + Pago seguro + Garant\u00eda\" \/>\n<meta name=\"robots\" content=\"index, follow, max-snippet:-1, max-image-preview:large, max-video-preview:-1\" \/>\n<link rel=\"canonical\" href=\"https:\/\/compuviper.mx\/tienda\/producto\/cdp-r-avr3310-r-avr33-10-regulador-de-voltaje-trifsico-de-control-digital-automtico-10-kva-3-fases-neutro-tierra-fsica-voltaje-de-entrada-220vca-voltaje-de-salida-208-120-vca\/\" \/>\n<meta property=\"og:locale\" content=\"es_MX\" \/>\n<meta property=\"og:type\" content=\"article\" \/>\n<meta property=\"og:title\" content=\"[ Cdp ] &#129351; R-avr3310 R-avr33-10 Regulador De Voltaje Trifsico De Control Digital Automtico \/ 10 Kva \/ 3 Fases \/ Neutro \/ Tierra Fsica \/ Voltaje De Entrada 220vca \/ Voltaje De Salida \/ 208-120 Vca \/\" \/>\n<meta property=\"og:description\" content=\"Compra R-avr3310 R-avr33-10 Regulador De Voltaje Trifsico De Control Digital Automtico \/ 10 Kva \/ 3 Fases \/ Neutro \/ Tierra Fsica \/ Voltaje De Entrada 220vca \/ Voltaje De Salida \/ 208-120 Vca \/ + Env\u00edo a domicilio + Pago seguro + Garant\u00eda\" \/>\n<meta property=\"og:url\" content=\"https:\/\/compuviper.mx\/tienda\/producto\/cdp-r-avr3310-r-avr33-10-regulador-de-voltaje-trifsico-de-control-digital-automtico-10-kva-3-fases-neutro-tierra-fsica-voltaje-de-entrada-220vca-voltaje-de-salida-208-120-vca\/\" \/>\n<meta property=\"og:site_name\" content=\"Compuviper\" \/>\n<meta property=\"article:publisher\" content=\"https:\/\/www.facebook.com\/compuviper\" \/>\n<meta property=\"og:image\" content=\"https:\/\/compuviper.mx\/tienda\/wp-content\/uploads\/2025\/10\/Cdp-r-avr33-10-regulador-de-voltaje-trifsico-de-control-digital-automtico-10-kva-3-fases-neutro-tierra-fsica-voltaje-de-entrada-220vca-voltaje-de-salida-208-120-vca.jpg\" \/>\n\t<meta property=\"og:image:width\" content=\"200\" \/>\n\t<meta property=\"og:image:height\" content=\"200\" \/>\n\t<meta property=\"og:image:type\" content=\"image\/jpeg\" \/>\n<meta name=\"twitter:card\" content=\"summary_large_image\" \/>\n<meta name=\"twitter:label1\" content=\"Precio\" \/>\n\t<meta name=\"twitter:data1\" content=\"&#36;17,503 con IVA\" \/>\n\t<meta name=\"twitter:label2\" content=\"Availability\" \/>\n\t<meta name=\"twitter:data2\" content=\"On backorder\" \/>\n<script type=\"application\/ld+json\" class=\"yoast-schema-graph\">{\"@context\":\"https:\/\/schema.org\",\"@graph\":[{\"@type\":\"WebPage\",\"@id\":\"https:\/\/compuviper.mx\/tienda\/producto\/cdp-r-avr3310-r-avr33-10-regulador-de-voltaje-trifsico-de-control-digital-automtico-10-kva-3-fases-neutro-tierra-fsica-voltaje-de-entrada-220vca-voltaje-de-salida-208-120-vca\/\",\"url\":\"https:\/\/compuviper.mx\/tienda\/producto\/cdp-r-avr3310-r-avr33-10-regulador-de-voltaje-trifsico-de-control-digital-automtico-10-kva-3-fases-neutro-tierra-fsica-voltaje-de-entrada-220vca-voltaje-de-salida-208-120-vca\/\",\"name\":\"[ Cdp ] &#129351; R-avr3310 R-avr33-10 Regulador De Voltaje Trifsico De Control Digital Automtico \/ 10 Kva \/ 3 Fases \/ Neutro \/ Tierra Fsica \/ Voltaje De Entrada 220vca \/ Voltaje De Salida \/ 208-120 Vca \/\",\"isPartOf\":{\"@id\":\"https:\/\/compuviper.mx\/tienda\/#website\"},\"datePublished\":\"2026-04-07T07:49:07+00:00\",\"dateModified\":\"2026-04-07T07:49:07+00:00\",\"description\":\"Compra R-avr3310 R-avr33-10 Regulador De Voltaje Trifsico De Control Digital Automtico \/ 10 Kva \/ 3 Fases \/ Neutro \/ Tierra Fsica \/ Voltaje De Entrada 220vca \/ Voltaje De Salida \/ 208-120 Vca \/ + Env\u00edo a domicilio + Pago seguro + Garant\u00eda\",\"breadcrumb\":{\"@id\":\"https:\/\/compuviper.mx\/tienda\/producto\/cdp-r-avr3310-r-avr33-10-regulador-de-voltaje-trifsico-de-control-digital-automtico-10-kva-3-fases-neutro-tierra-fsica-voltaje-de-entrada-220vca-voltaje-de-salida-208-120-vca\/#breadcrumb\"},\"inLanguage\":\"es-MX\",\"potentialAction\":[{\"@type\":\"ReadAction\",\"target\":[\"https:\/\/compuviper.mx\/tienda\/producto\/cdp-r-avr3310-r-avr33-10-regulador-de-voltaje-trifsico-de-control-digital-automtico-10-kva-3-fases-neutro-tierra-fsica-voltaje-de-entrada-220vca-voltaje-de-salida-208-120-vca\/\"]}]},{\"@type\":\"BreadcrumbList\",\"@id\":\"https:\/\/compuviper.mx\/tienda\/producto\/cdp-r-avr3310-r-avr33-10-regulador-de-voltaje-trifsico-de-control-digital-automtico-10-kva-3-fases-neutro-tierra-fsica-voltaje-de-entrada-220vca-voltaje-de-salida-208-120-vca\/#breadcrumb\",\"itemListElement\":[{\"@type\":\"ListItem\",\"position\":1,\"name\":\"Inicio\",\"item\":\"https:\/\/compuviper.mx\/tienda\/\"},{\"@type\":\"ListItem\",\"position\":2,\"name\":\"Productos\",\"item\":\"https:\/\/compuviper.mx\/tienda\/productos\/\"},{\"@type\":\"ListItem\",\"position\":3,\"name\":\"Energia\",\"item\":\"https:\/\/compuviper.mx\/tienda\/categoria-producto\/energia\/\"},{\"@type\":\"ListItem\",\"position\":4,\"name\":\"Regulador\",\"item\":\"https:\/\/compuviper.mx\/tienda\/categoria-producto\/energia\/regulador\/\"},{\"@type\":\"ListItem\",\"position\":5,\"name\":\"Cdp R-avr3310 R-avr33-10 Regulador De Voltaje Trifsico De Control Digital Automtico \/ 10 Kva \/ 3 Fases \/ Neutro \/ Tierra Fsica \/ Voltaje De Entrada 220vca \/ Voltaje De Salida \/ 208-120 Vca \/\"}]},{\"@type\":\"WebSite\",\"@id\":\"https:\/\/compuviper.mx\/tienda\/#website\",\"url\":\"https:\/\/compuviper.mx\/tienda\/\",\"name\":\"Compuviper\",\"description\":\"Proveedor de Computadoras, Laptops, Servidores, Monitores, Puntos de Venta, Teclados,   Impresoras, T\u00f3ner, C\u00e1maras de Seguridad y m\u00e1s en tu tienda en l\u00ednea\",\"publisher\":{\"@id\":\"https:\/\/compuviper.mx\/tienda\/#organization\"},\"potentialAction\":[{\"@type\":\"SearchAction\",\"target\":{\"@type\":\"EntryPoint\",\"urlTemplate\":\"https:\/\/compuviper.mx\/tienda\/?s={search_term_string}\"},\"query-input\":\"required name=search_term_string\"}],\"inLanguage\":\"es-MX\"},{\"@type\":\"Organization\",\"@id\":\"https:\/\/compuviper.mx\/tienda\/#organization\",\"name\":\"Compuviper\",\"url\":\"https:\/\/compuviper.mx\/tienda\/\",\"logo\":{\"@type\":\"ImageObject\",\"inLanguage\":\"es-MX\",\"@id\":\"https:\/\/compuviper.mx\/tienda\/#\/schema\/logo\/image\/\",\"url\":\"https:\/\/compuviper.mx\/tienda\/wp-content\/uploads\/2021\/08\/Logo-Compuviper-10.png\",\"contentUrl\":\"https:\/\/compuviper.mx\/tienda\/wp-content\/uploads\/2021\/08\/Logo-Compuviper-10.png\",\"width\":1000,\"height\":500,\"caption\":\"Compuviper\"},\"image\":{\"@id\":\"https:\/\/compuviper.mx\/tienda\/#\/schema\/logo\/image\/\"},\"sameAs\":[\"https:\/\/www.facebook.com\/compuviper\",\"https:\/\/www.youtube.com\/channel\/UCf73dERp9Y3cfOq7q8BhLjA?view_as=subscriber\"]}]}<\/script>\n<meta property=\"product:brand\" content=\"CDP\" \/>\n<meta property=\"product:price:amount\" content=\"17503\" \/>\n<meta property=\"product:price:currency\" content=\"MXN\" \/>\n<meta property=\"og:availability\" content=\"backorder\" \/>\n<meta property=\"product:availability\" content=\"available for order\" \/>\n<meta property=\"product:retailer_item_id\" content=\"R-AVR3310\" \/>\n<meta property=\"product:condition\" content=\"new\" \/>\n<!-- \/ Yoast SEO plugin. -->","yoast_head_json":{"title":"[ Cdp ] &#129351; R-avr3310 R-avr33-10 Regulador De Voltaje Trifsico De Control Digital Automtico \/ 10 Kva \/ 3 Fases \/ Neutro \/ Tierra Fsica \/ Voltaje De Entrada 220vca \/ Voltaje De Salida \/ 208-120 Vca \/","description":"Compra R-avr3310 R-avr33-10 Regulador De Voltaje Trifsico De Control Digital Automtico \/ 10 Kva \/ 3 Fases \/ Neutro \/ Tierra Fsica \/ Voltaje De Entrada 220vca \/ Voltaje De Salida \/ 208-120 Vca \/ + Env\u00edo a domicilio + Pago seguro + Garant\u00eda","robots":{"index":"index","follow":"follow","max-snippet":"max-snippet:-1","max-image-preview":"max-image-preview:large","max-video-preview":"max-video-preview:-1"},"canonical":"https:\/\/compuviper.mx\/tienda\/producto\/cdp-r-avr3310-r-avr33-10-regulador-de-voltaje-trifsico-de-control-digital-automtico-10-kva-3-fases-neutro-tierra-fsica-voltaje-de-entrada-220vca-voltaje-de-salida-208-120-vca\/","og_locale":"es_MX","og_type":"article","og_title":"[ Cdp ] &#129351; R-avr3310 R-avr33-10 Regulador De Voltaje Trifsico De Control Digital Automtico \/ 10 Kva \/ 3 Fases \/ Neutro \/ Tierra Fsica \/ Voltaje De Entrada 220vca \/ Voltaje De Salida \/ 208-120 Vca \/","og_description":"Compra R-avr3310 R-avr33-10 Regulador De Voltaje Trifsico De Control Digital Automtico \/ 10 Kva \/ 3 Fases \/ Neutro \/ Tierra Fsica \/ Voltaje De Entrada 220vca \/ Voltaje De Salida \/ 208-120 Vca \/ + Env\u00edo a domicilio + Pago seguro + Garant\u00eda","og_url":"https:\/\/compuviper.mx\/tienda\/producto\/cdp-r-avr3310-r-avr33-10-regulador-de-voltaje-trifsico-de-control-digital-automtico-10-kva-3-fases-neutro-tierra-fsica-voltaje-de-entrada-220vca-voltaje-de-salida-208-120-vca\/","og_site_name":"Compuviper","article_publisher":"https:\/\/www.facebook.com\/compuviper","og_image":[{"width":200,"height":200,"url":"https:\/\/compuviper.mx\/tienda\/wp-content\/uploads\/2025\/10\/Cdp-r-avr33-10-regulador-de-voltaje-trifsico-de-control-digital-automtico-10-kva-3-fases-neutro-tierra-fsica-voltaje-de-entrada-220vca-voltaje-de-salida-208-120-vca.jpg","type":"image\/jpeg"}],"twitter_card":"summary_large_image","twitter_misc":{"Precio":"&#36;17,503 con IVA","Availability":"On backorder"},"schema":{"@context":"https:\/\/schema.org","@graph":[{"@type":"WebPage","@id":"https:\/\/compuviper.mx\/tienda\/producto\/cdp-r-avr3310-r-avr33-10-regulador-de-voltaje-trifsico-de-control-digital-automtico-10-kva-3-fases-neutro-tierra-fsica-voltaje-de-entrada-220vca-voltaje-de-salida-208-120-vca\/","url":"https:\/\/compuviper.mx\/tienda\/producto\/cdp-r-avr3310-r-avr33-10-regulador-de-voltaje-trifsico-de-control-digital-automtico-10-kva-3-fases-neutro-tierra-fsica-voltaje-de-entrada-220vca-voltaje-de-salida-208-120-vca\/","name":"[ Cdp ] &#129351; R-avr3310 R-avr33-10 Regulador De Voltaje Trifsico De Control Digital Automtico \/ 10 Kva \/ 3 Fases \/ Neutro \/ Tierra Fsica \/ Voltaje De Entrada 220vca \/ Voltaje De Salida \/ 208-120 Vca \/","isPartOf":{"@id":"https:\/\/compuviper.mx\/tienda\/#website"},"datePublished":"2026-04-07T07:49:07+00:00","dateModified":"2026-04-07T07:49:07+00:00","description":"Compra R-avr3310 R-avr33-10 Regulador De Voltaje Trifsico De Control Digital Automtico \/ 10 Kva \/ 3 Fases \/ Neutro \/ Tierra Fsica \/ Voltaje De Entrada 220vca \/ Voltaje De Salida \/ 208-120 Vca \/ + Env\u00edo a domicilio + Pago seguro + Garant\u00eda","breadcrumb":{"@id":"https:\/\/compuviper.mx\/tienda\/producto\/cdp-r-avr3310-r-avr33-10-regulador-de-voltaje-trifsico-de-control-digital-automtico-10-kva-3-fases-neutro-tierra-fsica-voltaje-de-entrada-220vca-voltaje-de-salida-208-120-vca\/#breadcrumb"},"inLanguage":"es-MX","potentialAction":[{"@type":"ReadAction","target":["https:\/\/compuviper.mx\/tienda\/producto\/cdp-r-avr3310-r-avr33-10-regulador-de-voltaje-trifsico-de-control-digital-automtico-10-kva-3-fases-neutro-tierra-fsica-voltaje-de-entrada-220vca-voltaje-de-salida-208-120-vca\/"]}]},{"@type":"BreadcrumbList","@id":"https:\/\/compuviper.mx\/tienda\/producto\/cdp-r-avr3310-r-avr33-10-regulador-de-voltaje-trifsico-de-control-digital-automtico-10-kva-3-fases-neutro-tierra-fsica-voltaje-de-entrada-220vca-voltaje-de-salida-208-120-vca\/#breadcrumb","itemListElement":[{"@type":"ListItem","position":1,"name":"Inicio","item":"https:\/\/compuviper.mx\/tienda\/"},{"@type":"ListItem","position":2,"name":"Productos","item":"https:\/\/compuviper.mx\/tienda\/productos\/"},{"@type":"ListItem","position":3,"name":"Energia","item":"https:\/\/compuviper.mx\/tienda\/categoria-producto\/energia\/"},{"@type":"ListItem","position":4,"name":"Regulador","item":"https:\/\/compuviper.mx\/tienda\/categoria-producto\/energia\/regulador\/"},{"@type":"ListItem","position":5,"name":"Cdp R-avr3310 R-avr33-10 Regulador De Voltaje Trifsico De Control Digital Automtico \/ 10 Kva \/ 3 Fases \/ Neutro \/ Tierra Fsica \/ Voltaje De Entrada 220vca \/ Voltaje De Salida \/ 208-120 Vca \/"}]},{"@type":"WebSite","@id":"https:\/\/compuviper.mx\/tienda\/#website","url":"https:\/\/compuviper.mx\/tienda\/","name":"Compuviper","description":"Proveedor de Computadoras, Laptops, Servidores, Monitores, Puntos de Venta, Teclados,   Impresoras, T\u00f3ner, C\u00e1maras de Seguridad y m\u00e1s en tu tienda en l\u00ednea","publisher":{"@id":"https:\/\/compuviper.mx\/tienda\/#organization"},"potentialAction":[{"@type":"SearchAction","target":{"@type":"EntryPoint","urlTemplate":"https:\/\/compuviper.mx\/tienda\/?s={search_term_string}"},"query-input":"required name=search_term_string"}],"inLanguage":"es-MX"},{"@type":"Organization","@id":"https:\/\/compuviper.mx\/tienda\/#organization","name":"Compuviper","url":"https:\/\/compuviper.mx\/tienda\/","logo":{"@type":"ImageObject","inLanguage":"es-MX","@id":"https:\/\/compuviper.mx\/tienda\/#\/schema\/logo\/image\/","url":"https:\/\/compuviper.mx\/tienda\/wp-content\/uploads\/2021\/08\/Logo-Compuviper-10.png","contentUrl":"https:\/\/compuviper.mx\/tienda\/wp-content\/uploads\/2021\/08\/Logo-Compuviper-10.png","width":1000,"height":500,"caption":"Compuviper"},"image":{"@id":"https:\/\/compuviper.mx\/tienda\/#\/schema\/logo\/image\/"},"sameAs":["https:\/\/www.facebook.com\/compuviper","https:\/\/www.youtube.com\/channel\/UCf73dERp9Y3cfOq7q8BhLjA?view_as=subscriber"]}]},"product_brand":"CDP","product_price_amount":"17503","product_price_currency":"MXN","og_availability":"backorder","product_availability":"available for order","product_retailer_item_id":"R-AVR3310","product_condition":"new"},"_links":{"self":[{"href":"https:\/\/compuviper.mx\/tienda\/wp-json\/wp\/v2\/product\/257801"}],"collection":[{"href":"https:\/\/compuviper.mx\/tienda\/wp-json\/wp\/v2\/product"}],"about":[{"href":"https:\/\/compuviper.mx\/tienda\/wp-json\/wp\/v2\/types\/product"}],"replies":[{"embeddable":true,"href":"https:\/\/compuviper.mx\/tienda\/wp-json\/wp\/v2\/comments?post=257801"}],"wp:featuredmedia":[{"embeddable":true,"href":"https:\/\/compuviper.mx\/tienda\/wp-json\/wp\/v2\/media\/260757"}],"wp:attachment":[{"href":"https:\/\/compuviper.mx\/tienda\/wp-json\/wp\/v2\/media?parent=257801"}],"wp:term":[{"taxonomy":"product_cat","embeddable":true,"href":"https:\/\/compuviper.mx\/tienda\/wp-json\/wp\/v2\/product_cat?post=257801"},{"taxonomy":"product_tag","embeddable":true,"href":"https:\/\/compuviper.mx\/tienda\/wp-json\/wp\/v2\/product_tag?post=257801"}],"curies":[{"name":"wp","href":"https:\/\/api.w.org\/{rel}","templated":true}]}}