{"id":257786,"date":"2026-04-02T00:58:22","date_gmt":"2026-04-02T06:58:22","guid":{"rendered":"https:\/\/compuviper.mx\/tienda\/producto\/startech-com-stscart2-escritorio-mvil-de-trabajo-de-pie-mesa-ergonmica-porttil-con-ajuste-de-altura-bloqueo-estacin-de-trabajo-carro-ajustable-con-ruedas-para-computadora-laptop-profesor-estudia\/"},"modified":"2026-04-02T00:58:22","modified_gmt":"2026-04-02T06:58:22","slug":"startech-com-stscart2-escritorio-mvil-de-trabajo-de-pie-mesa-ergonmica-porttil-con-ajuste-de-altura-bloqueo-estacin-de-trabajo-carro-ajustable-con-ruedas-para-computadora-laptop-profesor-estudia","status":"publish","type":"product","link":"https:\/\/compuviper.mx\/tienda\/producto\/startech-com-stscart2-escritorio-mvil-de-trabajo-de-pie-mesa-ergonmica-porttil-con-ajuste-de-altura-bloqueo-estacin-de-trabajo-carro-ajustable-con-ruedas-para-computadora-laptop-profesor-estudia\/","title":{"rendered":"Startech.com Stscart2 Escritorio Mvil De Trabajo De Pie &#8211; Mesa Ergonmica\/porttil Con Ajuste De Altura\/bloqueo &#8211; Estacin De Trabajo\/carro Ajustable Con Ruedas Para Computadora\/laptop &#8211; Profesor\/estudiante Startech"},"content":{"rendered":"<table class=\"descripcion\">\n<tr>\n<td>Escritorio movil de trabajo de pie: mesa portatil se puede desplazar facilmente y crea un entorno productivo de trabajo\/aprendizaje; base estable con ruedas de servicio pesado que se pueden bloquear (solo las del frente) con un pedal<\/td>\n<\/tr>\n<tr>\n<td>Amplia superficie resistente: escritorio movil de trabajo de pie o sentado, de superficie amplia (61cmx80cm); peso de 5kg, no requiere asistencia para elevarlo; peso maximo en posicion estatica de 30kg; superficie de facil limpieza con un pano<\/td>\n<\/tr>\n<tr>\n<td>Altura ajustable: eleve con facilidad la superficie de este escritorio ergonomico para laptop, hasta la posicion de trabajo de pie (entre 74cm a 1,14m del suelo), solo con un toque del ajuste de altura, controlado por una palanca<\/td>\n<\/tr>\n<tr>\n<td>Diseno inteligente: la superficie tiene borde biselado para evitar la presion en el antebrazo; la palanca esta situada para evita ajustes accidentales de la altura; base en forma de v que permite mas espacio para los pies; incluye herramientas de ajuste<\/td>\n<\/tr>\n<tr>\n<td>Ventaja de startech.com: por mas de 30 a\u00f1os, startech.com ha sido la eleccion preferida de los profesionistas en it. producto avalado por la garant\u00eda de 2 anos de startech.com, con soporte tecnico multilingue gratuito, 24 horas\/5 d\u00edas a la semana, con base en norteamerica<\/td>\n<\/tr>\n<\/table>\n","protected":false},"excerpt":{"rendered":"<p>Estacion de trabajo ergonomica movil | con ajuste de altura | escritorio portatil con ruedas<\/p>\n","protected":false},"featured_media":260028,"comment_status":"open","ping_status":"open","template":"","meta":[],"product_cat":[1485,1496],"product_tag":[1590],"acf":[],"yoast_head":"<!-- This site is optimized with the Yoast SEO plugin v21.7 - https:\/\/yoast.com\/wordpress\/plugins\/seo\/ -->\n<title>[ Startech.com ] &#129351; Stscart2 Escritorio Mvil De Trabajo De Pie - Mesa Ergonmica\/porttil Con Ajuste De Altura\/bloqueo - Estacin De Trabajo\/carro Ajustable Con Ruedas Para Computadora\/laptop - Profesor\/estudiante Startech<\/title>\n<meta name=\"description\" content=\"Compra Stscart2 Escritorio Mvil De Trabajo De Pie - Mesa Ergonmica\/porttil Con Ajuste De Altura\/bloqueo - Estacin De Trabajo\/carro Ajustable Con Ruedas Para Computadora\/laptop - Profesor\/estudiante Startech + Env\u00edo a domicilio + Pago seguro + Garant\u00eda\" \/>\n<meta name=\"robots\" content=\"index, follow, max-snippet:-1, max-image-preview:large, max-video-preview:-1\" \/>\n<link rel=\"canonical\" href=\"https:\/\/compuviper.mx\/tienda\/producto\/startech-com-stscart2-escritorio-mvil-de-trabajo-de-pie-mesa-ergonmica-porttil-con-ajuste-de-altura-bloqueo-estacin-de-trabajo-carro-ajustable-con-ruedas-para-computadora-laptop-profesor-estudia\/\" \/>\n<meta property=\"og:locale\" content=\"es_MX\" \/>\n<meta property=\"og:type\" content=\"article\" \/>\n<meta property=\"og:title\" content=\"[ Startech.com ] &#129351; Stscart2 Escritorio Mvil De Trabajo De Pie - Mesa Ergonmica\/porttil Con Ajuste De Altura\/bloqueo - Estacin De Trabajo\/carro Ajustable Con Ruedas Para Computadora\/laptop - Profesor\/estudiante Startech\" \/>\n<meta property=\"og:description\" content=\"Compra Stscart2 Escritorio Mvil De Trabajo De Pie - Mesa Ergonmica\/porttil Con Ajuste De Altura\/bloqueo - Estacin De Trabajo\/carro Ajustable Con Ruedas Para Computadora\/laptop - Profesor\/estudiante Startech + Env\u00edo a domicilio + Pago seguro + Garant\u00eda\" \/>\n<meta property=\"og:url\" content=\"https:\/\/compuviper.mx\/tienda\/producto\/startech-com-stscart2-escritorio-mvil-de-trabajo-de-pie-mesa-ergonmica-porttil-con-ajuste-de-altura-bloqueo-estacin-de-trabajo-carro-ajustable-con-ruedas-para-computadora-laptop-profesor-estudia\/\" \/>\n<meta property=\"og:site_name\" content=\"Compuviper\" \/>\n<meta property=\"article:publisher\" content=\"https:\/\/www.facebook.com\/compuviper\" \/>\n<meta property=\"og:image\" content=\"https:\/\/compuviper.mx\/tienda\/wp-content\/uploads\/2025\/10\/Escritorio-mvil-de-trabajo-de-pie-mesa-ergonmicaporttil-con-ajuste-de-alturabloqueo-estacin-de-trabajocarro-ajustable-con-ruedas-para-computadoralaptop-profesorestudiante-startech.jpg\" \/>\n\t<meta property=\"og:image:width\" content=\"200\" \/>\n\t<meta property=\"og:image:height\" content=\"200\" \/>\n\t<meta property=\"og:image:type\" content=\"image\/jpeg\" \/>\n<meta name=\"twitter:card\" content=\"summary_large_image\" \/>\n<meta name=\"twitter:label1\" content=\"Precio\" \/>\n\t<meta name=\"twitter:data1\" content=\"&#36;10,002 con IVA\" \/>\n\t<meta name=\"twitter:label2\" content=\"Availability\" \/>\n\t<meta name=\"twitter:data2\" content=\"Out of stock\" \/>\n<script type=\"application\/ld+json\" class=\"yoast-schema-graph\">{\"@context\":\"https:\/\/schema.org\",\"@graph\":[{\"@type\":\"WebPage\",\"@id\":\"https:\/\/compuviper.mx\/tienda\/producto\/startech-com-stscart2-escritorio-mvil-de-trabajo-de-pie-mesa-ergonmica-porttil-con-ajuste-de-altura-bloqueo-estacin-de-trabajo-carro-ajustable-con-ruedas-para-computadora-laptop-profesor-estudia\/\",\"url\":\"https:\/\/compuviper.mx\/tienda\/producto\/startech-com-stscart2-escritorio-mvil-de-trabajo-de-pie-mesa-ergonmica-porttil-con-ajuste-de-altura-bloqueo-estacin-de-trabajo-carro-ajustable-con-ruedas-para-computadora-laptop-profesor-estudia\/\",\"name\":\"[ Startech.com ] &#129351; Stscart2 Escritorio Mvil De Trabajo De Pie - Mesa Ergonmica\/porttil Con Ajuste De Altura\/bloqueo - Estacin De Trabajo\/carro Ajustable Con Ruedas Para Computadora\/laptop - Profesor\/estudiante Startech\",\"isPartOf\":{\"@id\":\"https:\/\/compuviper.mx\/tienda\/#website\"},\"datePublished\":\"2026-04-02T06:58:22+00:00\",\"dateModified\":\"2026-04-02T06:58:22+00:00\",\"description\":\"Compra Stscart2 Escritorio Mvil De Trabajo De Pie - Mesa Ergonmica\/porttil Con Ajuste De Altura\/bloqueo - Estacin De Trabajo\/carro Ajustable Con Ruedas Para Computadora\/laptop - Profesor\/estudiante Startech + Env\u00edo a domicilio + Pago seguro + Garant\u00eda\",\"breadcrumb\":{\"@id\":\"https:\/\/compuviper.mx\/tienda\/producto\/startech-com-stscart2-escritorio-mvil-de-trabajo-de-pie-mesa-ergonmica-porttil-con-ajuste-de-altura-bloqueo-estacin-de-trabajo-carro-ajustable-con-ruedas-para-computadora-laptop-profesor-estudia\/#breadcrumb\"},\"inLanguage\":\"es-MX\",\"potentialAction\":[{\"@type\":\"ReadAction\",\"target\":[\"https:\/\/compuviper.mx\/tienda\/producto\/startech-com-stscart2-escritorio-mvil-de-trabajo-de-pie-mesa-ergonmica-porttil-con-ajuste-de-altura-bloqueo-estacin-de-trabajo-carro-ajustable-con-ruedas-para-computadora-laptop-profesor-estudia\/\"]}]},{\"@type\":\"BreadcrumbList\",\"@id\":\"https:\/\/compuviper.mx\/tienda\/producto\/startech-com-stscart2-escritorio-mvil-de-trabajo-de-pie-mesa-ergonmica-porttil-con-ajuste-de-altura-bloqueo-estacin-de-trabajo-carro-ajustable-con-ruedas-para-computadora-laptop-profesor-estudia\/#breadcrumb\",\"itemListElement\":[{\"@type\":\"ListItem\",\"position\":1,\"name\":\"Inicio\",\"item\":\"https:\/\/compuviper.mx\/tienda\/\"},{\"@type\":\"ListItem\",\"position\":2,\"name\":\"Productos\",\"item\":\"https:\/\/compuviper.mx\/tienda\/productos\/\"},{\"@type\":\"ListItem\",\"position\":3,\"name\":\"Accesorios\",\"item\":\"https:\/\/compuviper.mx\/tienda\/categoria-producto\/accesorios\/\"},{\"@type\":\"ListItem\",\"position\":4,\"name\":\"Oficina\",\"item\":\"https:\/\/compuviper.mx\/tienda\/categoria-producto\/accesorios\/oficina\/\"},{\"@type\":\"ListItem\",\"position\":5,\"name\":\"Startech.com Stscart2 Escritorio Mvil De Trabajo De Pie &#8211; Mesa Ergonmica\/porttil Con Ajuste De Altura\/bloqueo &#8211; Estacin De Trabajo\/carro Ajustable Con Ruedas Para Computadora\/laptop &#8211; Profesor\/estudiante Startech\"}]},{\"@type\":\"WebSite\",\"@id\":\"https:\/\/compuviper.mx\/tienda\/#website\",\"url\":\"https:\/\/compuviper.mx\/tienda\/\",\"name\":\"Compuviper\",\"description\":\"Proveedor de Computadoras, Laptops, Servidores, Monitores, Puntos de Venta, Teclados,   Impresoras, T\u00f3ner, C\u00e1maras de Seguridad y m\u00e1s en tu tienda en l\u00ednea\",\"publisher\":{\"@id\":\"https:\/\/compuviper.mx\/tienda\/#organization\"},\"potentialAction\":[{\"@type\":\"SearchAction\",\"target\":{\"@type\":\"EntryPoint\",\"urlTemplate\":\"https:\/\/compuviper.mx\/tienda\/?s={search_term_string}\"},\"query-input\":\"required name=search_term_string\"}],\"inLanguage\":\"es-MX\"},{\"@type\":\"Organization\",\"@id\":\"https:\/\/compuviper.mx\/tienda\/#organization\",\"name\":\"Compuviper\",\"url\":\"https:\/\/compuviper.mx\/tienda\/\",\"logo\":{\"@type\":\"ImageObject\",\"inLanguage\":\"es-MX\",\"@id\":\"https:\/\/compuviper.mx\/tienda\/#\/schema\/logo\/image\/\",\"url\":\"https:\/\/compuviper.mx\/tienda\/wp-content\/uploads\/2021\/08\/Logo-Compuviper-10.png\",\"contentUrl\":\"https:\/\/compuviper.mx\/tienda\/wp-content\/uploads\/2021\/08\/Logo-Compuviper-10.png\",\"width\":1000,\"height\":500,\"caption\":\"Compuviper\"},\"image\":{\"@id\":\"https:\/\/compuviper.mx\/tienda\/#\/schema\/logo\/image\/\"},\"sameAs\":[\"https:\/\/www.facebook.com\/compuviper\",\"https:\/\/www.youtube.com\/channel\/UCf73dERp9Y3cfOq7q8BhLjA?view_as=subscriber\"]}]}<\/script>\n<meta property=\"product:brand\" content=\"STARTECH.COM\" \/>\n<meta property=\"product:price:amount\" content=\"10002\" \/>\n<meta property=\"product:price:currency\" content=\"MXN\" \/>\n<meta property=\"og:availability\" content=\"out of stock\" \/>\n<meta property=\"product:availability\" content=\"out of stock\" \/>\n<meta property=\"product:retailer_item_id\" content=\"STSCART2\" \/>\n<meta property=\"product:condition\" content=\"new\" \/>\n<!-- \/ Yoast SEO plugin. -->","yoast_head_json":{"title":"[ Startech.com ] &#129351; Stscart2 Escritorio Mvil De Trabajo De Pie - Mesa Ergonmica\/porttil Con Ajuste De Altura\/bloqueo - Estacin De Trabajo\/carro Ajustable Con Ruedas Para Computadora\/laptop - Profesor\/estudiante Startech","description":"Compra Stscart2 Escritorio Mvil De Trabajo De Pie - Mesa Ergonmica\/porttil Con Ajuste De Altura\/bloqueo - Estacin De Trabajo\/carro Ajustable Con Ruedas Para Computadora\/laptop - Profesor\/estudiante Startech + Env\u00edo a domicilio + Pago seguro + Garant\u00eda","robots":{"index":"index","follow":"follow","max-snippet":"max-snippet:-1","max-image-preview":"max-image-preview:large","max-video-preview":"max-video-preview:-1"},"canonical":"https:\/\/compuviper.mx\/tienda\/producto\/startech-com-stscart2-escritorio-mvil-de-trabajo-de-pie-mesa-ergonmica-porttil-con-ajuste-de-altura-bloqueo-estacin-de-trabajo-carro-ajustable-con-ruedas-para-computadora-laptop-profesor-estudia\/","og_locale":"es_MX","og_type":"article","og_title":"[ Startech.com ] &#129351; Stscart2 Escritorio Mvil De Trabajo De Pie - Mesa Ergonmica\/porttil Con Ajuste De Altura\/bloqueo - Estacin De Trabajo\/carro Ajustable Con Ruedas Para Computadora\/laptop - Profesor\/estudiante Startech","og_description":"Compra Stscart2 Escritorio Mvil De Trabajo De Pie - Mesa Ergonmica\/porttil Con Ajuste De Altura\/bloqueo - Estacin De Trabajo\/carro Ajustable Con Ruedas Para Computadora\/laptop - Profesor\/estudiante Startech + Env\u00edo a domicilio + Pago seguro + Garant\u00eda","og_url":"https:\/\/compuviper.mx\/tienda\/producto\/startech-com-stscart2-escritorio-mvil-de-trabajo-de-pie-mesa-ergonmica-porttil-con-ajuste-de-altura-bloqueo-estacin-de-trabajo-carro-ajustable-con-ruedas-para-computadora-laptop-profesor-estudia\/","og_site_name":"Compuviper","article_publisher":"https:\/\/www.facebook.com\/compuviper","og_image":[{"width":200,"height":200,"url":"https:\/\/compuviper.mx\/tienda\/wp-content\/uploads\/2025\/10\/Escritorio-mvil-de-trabajo-de-pie-mesa-ergonmicaporttil-con-ajuste-de-alturabloqueo-estacin-de-trabajocarro-ajustable-con-ruedas-para-computadoralaptop-profesorestudiante-startech.jpg","type":"image\/jpeg"}],"twitter_card":"summary_large_image","twitter_misc":{"Precio":"&#36;10,002 con IVA","Availability":"Out of stock"},"schema":{"@context":"https:\/\/schema.org","@graph":[{"@type":"WebPage","@id":"https:\/\/compuviper.mx\/tienda\/producto\/startech-com-stscart2-escritorio-mvil-de-trabajo-de-pie-mesa-ergonmica-porttil-con-ajuste-de-altura-bloqueo-estacin-de-trabajo-carro-ajustable-con-ruedas-para-computadora-laptop-profesor-estudia\/","url":"https:\/\/compuviper.mx\/tienda\/producto\/startech-com-stscart2-escritorio-mvil-de-trabajo-de-pie-mesa-ergonmica-porttil-con-ajuste-de-altura-bloqueo-estacin-de-trabajo-carro-ajustable-con-ruedas-para-computadora-laptop-profesor-estudia\/","name":"[ Startech.com ] &#129351; Stscart2 Escritorio Mvil De Trabajo De Pie - Mesa Ergonmica\/porttil Con Ajuste De Altura\/bloqueo - Estacin De Trabajo\/carro Ajustable Con Ruedas Para Computadora\/laptop - Profesor\/estudiante Startech","isPartOf":{"@id":"https:\/\/compuviper.mx\/tienda\/#website"},"datePublished":"2026-04-02T06:58:22+00:00","dateModified":"2026-04-02T06:58:22+00:00","description":"Compra Stscart2 Escritorio Mvil De Trabajo De Pie - Mesa Ergonmica\/porttil Con Ajuste De Altura\/bloqueo - Estacin De Trabajo\/carro Ajustable Con Ruedas Para Computadora\/laptop - Profesor\/estudiante Startech + Env\u00edo a domicilio + Pago seguro + Garant\u00eda","breadcrumb":{"@id":"https:\/\/compuviper.mx\/tienda\/producto\/startech-com-stscart2-escritorio-mvil-de-trabajo-de-pie-mesa-ergonmica-porttil-con-ajuste-de-altura-bloqueo-estacin-de-trabajo-carro-ajustable-con-ruedas-para-computadora-laptop-profesor-estudia\/#breadcrumb"},"inLanguage":"es-MX","potentialAction":[{"@type":"ReadAction","target":["https:\/\/compuviper.mx\/tienda\/producto\/startech-com-stscart2-escritorio-mvil-de-trabajo-de-pie-mesa-ergonmica-porttil-con-ajuste-de-altura-bloqueo-estacin-de-trabajo-carro-ajustable-con-ruedas-para-computadora-laptop-profesor-estudia\/"]}]},{"@type":"BreadcrumbList","@id":"https:\/\/compuviper.mx\/tienda\/producto\/startech-com-stscart2-escritorio-mvil-de-trabajo-de-pie-mesa-ergonmica-porttil-con-ajuste-de-altura-bloqueo-estacin-de-trabajo-carro-ajustable-con-ruedas-para-computadora-laptop-profesor-estudia\/#breadcrumb","itemListElement":[{"@type":"ListItem","position":1,"name":"Inicio","item":"https:\/\/compuviper.mx\/tienda\/"},{"@type":"ListItem","position":2,"name":"Productos","item":"https:\/\/compuviper.mx\/tienda\/productos\/"},{"@type":"ListItem","position":3,"name":"Accesorios","item":"https:\/\/compuviper.mx\/tienda\/categoria-producto\/accesorios\/"},{"@type":"ListItem","position":4,"name":"Oficina","item":"https:\/\/compuviper.mx\/tienda\/categoria-producto\/accesorios\/oficina\/"},{"@type":"ListItem","position":5,"name":"Startech.com Stscart2 Escritorio Mvil De Trabajo De Pie &#8211; Mesa Ergonmica\/porttil Con Ajuste De Altura\/bloqueo &#8211; Estacin De Trabajo\/carro Ajustable Con Ruedas Para Computadora\/laptop &#8211; Profesor\/estudiante Startech"}]},{"@type":"WebSite","@id":"https:\/\/compuviper.mx\/tienda\/#website","url":"https:\/\/compuviper.mx\/tienda\/","name":"Compuviper","description":"Proveedor de Computadoras, Laptops, Servidores, Monitores, Puntos de Venta, Teclados,   Impresoras, T\u00f3ner, C\u00e1maras de Seguridad y m\u00e1s en tu tienda en l\u00ednea","publisher":{"@id":"https:\/\/compuviper.mx\/tienda\/#organization"},"potentialAction":[{"@type":"SearchAction","target":{"@type":"EntryPoint","urlTemplate":"https:\/\/compuviper.mx\/tienda\/?s={search_term_string}"},"query-input":"required name=search_term_string"}],"inLanguage":"es-MX"},{"@type":"Organization","@id":"https:\/\/compuviper.mx\/tienda\/#organization","name":"Compuviper","url":"https:\/\/compuviper.mx\/tienda\/","logo":{"@type":"ImageObject","inLanguage":"es-MX","@id":"https:\/\/compuviper.mx\/tienda\/#\/schema\/logo\/image\/","url":"https:\/\/compuviper.mx\/tienda\/wp-content\/uploads\/2021\/08\/Logo-Compuviper-10.png","contentUrl":"https:\/\/compuviper.mx\/tienda\/wp-content\/uploads\/2021\/08\/Logo-Compuviper-10.png","width":1000,"height":500,"caption":"Compuviper"},"image":{"@id":"https:\/\/compuviper.mx\/tienda\/#\/schema\/logo\/image\/"},"sameAs":["https:\/\/www.facebook.com\/compuviper","https:\/\/www.youtube.com\/channel\/UCf73dERp9Y3cfOq7q8BhLjA?view_as=subscriber"]}]},"product_brand":"STARTECH.COM","product_price_amount":"10002","product_price_currency":"MXN","og_availability":"out of stock","product_availability":"out of stock","product_retailer_item_id":"STSCART2","product_condition":"new"},"_links":{"self":[{"href":"https:\/\/compuviper.mx\/tienda\/wp-json\/wp\/v2\/product\/257786"}],"collection":[{"href":"https:\/\/compuviper.mx\/tienda\/wp-json\/wp\/v2\/product"}],"about":[{"href":"https:\/\/compuviper.mx\/tienda\/wp-json\/wp\/v2\/types\/product"}],"replies":[{"embeddable":true,"href":"https:\/\/compuviper.mx\/tienda\/wp-json\/wp\/v2\/comments?post=257786"}],"wp:featuredmedia":[{"embeddable":true,"href":"https:\/\/compuviper.mx\/tienda\/wp-json\/wp\/v2\/media\/260028"}],"wp:attachment":[{"href":"https:\/\/compuviper.mx\/tienda\/wp-json\/wp\/v2\/media?parent=257786"}],"wp:term":[{"taxonomy":"product_cat","embeddable":true,"href":"https:\/\/compuviper.mx\/tienda\/wp-json\/wp\/v2\/product_cat?post=257786"},{"taxonomy":"product_tag","embeddable":true,"href":"https:\/\/compuviper.mx\/tienda\/wp-json\/wp\/v2\/product_tag?post=257786"}],"curies":[{"name":"wp","href":"https:\/\/api.w.org\/{rel}","templated":true}]}}