{"id":257784,"date":"2026-04-02T00:51:47","date_gmt":"2026-04-02T06:51:47","guid":{"rendered":"https:\/\/compuviper.mx\/tienda\/producto\/viewsonic-vg2458-monitor-led-1920-x-1080-full-hd-ergonomico-panel-ips-100hz-5-ms-hdmi-display-port-100-w-usb-c-rj45-daysy-chain-3-aos-de-garantia\/"},"modified":"2026-04-02T00:51:47","modified_gmt":"2026-04-02T06:51:47","slug":"viewsonic-vg2458-monitor-led-1920-x-1080-full-hd-ergonomico-panel-ips-100hz-5-ms-hdmi-display-port-100-w-usb-c-rj45-daysy-chain-3-aos-de-garantia","status":"publish","type":"product","link":"https:\/\/compuviper.mx\/tienda\/producto\/viewsonic-vg2458-monitor-led-1920-x-1080-full-hd-ergonomico-panel-ips-100hz-5-ms-hdmi-display-port-100-w-usb-c-rj45-daysy-chain-3-aos-de-garantia\/","title":{"rendered":"Viewsonic Vg2458 Monitor Led  , 1920 X 1080 Full Hd, Ergonomico, Panel Ips, 100hz, 5 Ms, Hdmi, Display Port, 100 W Usb C, Rj45, Daysy Chain, 3 A?os De Garantia"},"content":{"rendered":"<table class=\"descripcion\">\n<tr>\n<td>Tama\u00f1o de pantalla: 24<\/td>\n<\/tr>\n<tr>\n<td>\u00e1rea visible (in): 23,8<\/td>\n<\/tr>\n<tr>\n<td>Colores: 16, 7 m<\/td>\n<\/tr>\n<tr>\n<td>Soporte de espacio de color: 8 bit (6 bit + hi-frc)<\/td>\n<\/tr>\n<tr>\n<td>\u00e1ngulos de visi\u00f3n: 178\u00ba horizontal, 178\u00ba vertical<\/td>\n<\/tr>\n<tr>\n<td>Vida \u00fatil de la retroiluminaci\u00f3n (horas): 30.000<\/td>\n<\/tr>\n<tr>\n<td>Resoluci\u00f3n de pantalla: full hd (1920&#215;1080)<\/td>\n<\/tr>\n<tr>\n<td>Resoluci\u00f3n de pantalla: 1920 x 1080<\/td>\n<\/tr>\n<tr>\n<td>Tiempo de respuesta (gtg t\u00edpico): 5 ms<\/td>\n<\/tr>\n<tr>\n<td>Relaci\u00f3n de contraste din\u00e1mico: 80.000.000:1<\/td>\n<\/tr>\n<tr>\n<td>Relaci\u00f3n de aspecto: 16:9<\/td>\n<\/tr>\n<tr>\n<td>Superficie del panel: revestimiento resistente (3h) tipo antirreflejo, bruma 25 %<\/td>\n<\/tr>\n<tr>\n<td>Fuente de luz: led<\/td>\n<\/tr>\n<tr>\n<td>Brillo: 350 cd\/m2<\/td>\n<\/tr>\n<tr>\n<td>Relaci\u00f3n de contraste est\u00e1tico: 1.500:1<\/td>\n<\/tr>\n<tr>\n<td>Tipo de panel: tipo ips<\/td>\n<\/tr>\n<tr>\n<td>Frecuencia de actualizaci\u00f3n: 100hz<\/td>\n<\/tr>\n<tr>\n<td>Resoluci\u00f3n de pc (m\u00e1x.): 1920 x 1080p<\/td>\n<\/tr>\n<tr>\n<td>Resoluci\u00f3n de mac\u00ae (m\u00e1x.): 1920 x 1080p<\/td>\n<\/tr>\n<tr>\n<td>Usb 3.2 gen 2 tipo a: 3<\/td>\n<\/tr>\n<tr>\n<td>Usb tipo c (upstream): 1 (modo dp alt; 100w)<\/td>\n<\/tr>\n<tr>\n<td>Usb tipo c (flujo descendente): 2 (15 w)<\/td>\n<\/tr>\n<tr>\n<td>Usb tipo c (salida): 1 (modo alternativo dp)<\/td>\n<\/tr>\n<tr>\n<td>Salida de audio de 3,5 mm: 1<\/td>\n<\/tr>\n<tr>\n<td>Ethernet lan (rj45): 1<\/td>\n<\/tr>\n<tr>\n<td>Entrada hdmi 1.4 : 1<\/td>\n<\/tr>\n<tr>\n<td>Displayport: 1<\/td>\n<\/tr>\n<tr>\n<td>Altavoces internos: 2w (x2)<\/td>\n<\/tr>\n<tr>\n<td>Eco mode (conservaci\u00f3n): 131<\/td>\n<\/tr>\n<tr>\n<td>Eco mode (optimizado): 133<\/td>\n<\/tr>\n<tr>\n<td>Consumo (t\u00edpico): 138<\/td>\n<\/tr>\n<tr>\n<td>Consumo (m\u00e1x.): 221<\/td>\n<\/tr>\n<tr>\n<td>Voltaje: 100-240 v ca, 50-60hz<\/td>\n<\/tr>\n<tr>\n<td>En espera: 0,5<\/td>\n<\/tr>\n<tr>\n<td>Fuente de alimentaci\u00f3n: interna<\/td>\n<\/tr>\n<tr>\n<td>Organizaci\u00f3n de cables: s\u00ed<\/td>\n<\/tr>\n<tr>\n<td>Ranura de bloqueo kensington: 1<\/td>\n<\/tr>\n<tr>\n<td>Controles f\u00edsicos: mandos del joystick: arriba, derecha, abajo, izquierda, centro; seleccionar<\/td>\n<\/tr>\n<tr>\n<td>On screen display: selecci\u00f3n de entrada, ajuste de audio, viewmode, ajuste de color, ajuste manual de imagen, men\u00fa de configuraci\u00f3n<\/td>\n<\/tr>\n<tr>\n<td>Temperatura: 32-104 \u00baf (0-40 \u00bac)<\/td>\n<\/tr>\n<tr>\n<td>Humedad (sin condensaci\u00f3n): 20-90%<\/td>\n<\/tr>\n<tr>\n<td>Vesa compatible: 100 x 100 mm<\/td>\n<\/tr>\n<tr>\n<td>Frecuencia horizontal: 30~110khz<\/td>\n<\/tr>\n<tr>\n<td>Frecuencia vertical: 50 ~ 100 hz<\/td>\n<\/tr>\n<tr>\n<td>Ajuste de altura: 150 mm \/ 5,9 in<\/td>\n<\/tr>\n<tr>\n<td>Giro: 90\u00ba<\/td>\n<\/tr>\n<tr>\n<td>Pivote (derecha\/izquierda): 90\u00ba \/ 90\u00ba<\/td>\n<\/tr>\n<tr>\n<td>Inclinaci\u00f3n (hacia adelante\/hacia atr\u00e1s): 5\u00ba \/ 30\u00ba<\/td>\n<\/tr>\n<tr>\n<td>Regulaciones: ctuvus, fcc-b, ices003, energy star, epeat, cec<\/td>\n<\/tr>\n<tr>\n<td>Net (lbs): 13,6<\/td>\n<\/tr>\n<tr>\n<td>Neto sin base incluida (lb): 8,6<\/td>\n<\/tr>\n<tr>\n<td>Bruto (lb): 18<\/td>\n<\/tr>\n<tr>\n<td>Net (kg): 6,2<\/td>\n<\/tr>\n<tr>\n<td>Neto sin base (kg): 3,9<\/td>\n<\/tr>\n<tr>\n<td>Bruto (kg): 8,2<\/td>\n<\/tr>\n<tr>\n<td>Empaque (in): 23.6w x 16.1h x 5.6d<\/td>\n<\/tr>\n<tr>\n<td>Medidas (in): 21.21 w x 15.84 ~ 19.89h x 8.08d<\/td>\n<\/tr>\n<tr>\n<td>F\u00edsicas sin base incluida (in): 21.21w x 12.5h x 1.76d<\/td>\n<\/tr>\n<tr>\n<td>Empaque (mm): 600 (an.) x 410 (al.) x 143 (prof.)<\/td>\n<\/tr>\n<tr>\n<td>Medidas (mm): 538,8 de an. x 402,32~505,22 de al. x 205,27 de prof.<\/td>\n<\/tr>\n<tr>\n<td>F\u00edsicas sin base incluida (mm): 538.8w x 317.51h x 44.75d<\/td>\n<\/tr>\n<tr>\n<td>Contenido del paquete: gu\u00eda de inicio r\u00e1pido de lcd display, power cable, displayport cable, usb type-c cable (with usb type a adaptor)<\/td>\n<\/tr>\n<\/table>\n","protected":false},"excerpt":{"rendered":"<p>El monitor de acoplamiento usb-c viewsonic vg2458 simplifica tu espacio de trabajo al eliminar la necesidad de una estacion de acoplamiento separada o de cables adicionales. Esto permite a los usuarios disfrutar de un menor costo total de propiedad (tco) general, en comparacion con sistemas o configuraciones mas tradicionales. La estacion de acoplamiento integrada del vg2458 incluye conectividad usb-c de 100w, un puerto ethernet rj45, conexion en serie usb-c y un concentrador usb de cinco puertos. Con una avanzada tecnologia de conexion en serie, este monitor de acoplamiento de ultima generacion permite a los usuarios crear una configuracion de multiples pantallas optimizada a traves de un solo cable usb-c. Disfrute de una resolucion nitida y frecuencias de actualizacion ultrarrapidas sin necesidad de cables adicionales. El hub usb preparado para el futuro del vg2458 cuenta con tres puertos usb-a y dos puertos usb-c (con entrega de energia de 15w), convenientemente ubicados bajo el bisel frontal del monitor para un acceso mas sencillo. Ademas, con un dise\u00f1o ergonomico avanzado, el vg2458 le permite trabajar por mas tiempo con menos esfuerzo.<\/p>\n","protected":false},"featured_media":260021,"comment_status":"open","ping_status":"open","template":"","meta":[],"product_cat":[1740,1848],"product_tag":[1862],"acf":[],"yoast_head":"<!-- This site is optimized with the Yoast SEO plugin v21.7 - https:\/\/yoast.com\/wordpress\/plugins\/seo\/ -->\n<title>[ Viewsonic ] &#129351; Vg2458 Monitor Led , 1920 X 1080 Full Hd, Ergonomico, Panel Ips, 100hz, 5 Ms, Hdmi, Display Port, 100 W Usb C, Rj45, Daysy Chain, 3 A\u00f1os De Garantia<\/title>\n<meta name=\"description\" content=\"Compra Vg2458 Monitor Led , 1920 X 1080 Full Hd, Ergonomico, Panel Ips, 100hz, 5 Ms, Hdmi, Display Port, 100 W Usb C, Rj45, Daysy Chain, 3 A\u00f1os De Garantia + Env\u00edo a domicilio + Pago seguro + Garant\u00eda\" \/>\n<meta name=\"robots\" content=\"index, follow, max-snippet:-1, max-image-preview:large, max-video-preview:-1\" \/>\n<link rel=\"canonical\" href=\"https:\/\/compuviper.mx\/tienda\/producto\/viewsonic-vg2458-monitor-led-1920-x-1080-full-hd-ergonomico-panel-ips-100hz-5-ms-hdmi-display-port-100-w-usb-c-rj45-daysy-chain-3-aos-de-garantia\/\" \/>\n<meta property=\"og:locale\" content=\"es_MX\" \/>\n<meta property=\"og:type\" content=\"article\" \/>\n<meta property=\"og:title\" content=\"[ Viewsonic ] &#129351; Vg2458 Monitor Led , 1920 X 1080 Full Hd, Ergonomico, Panel Ips, 100hz, 5 Ms, Hdmi, Display Port, 100 W Usb C, Rj45, Daysy Chain, 3 A\u00f1os De Garantia\" \/>\n<meta property=\"og:description\" content=\"Compra Vg2458 Monitor Led , 1920 X 1080 Full Hd, Ergonomico, Panel Ips, 100hz, 5 Ms, Hdmi, Display Port, 100 W Usb C, Rj45, Daysy Chain, 3 A\u00f1os De Garantia + Env\u00edo a domicilio + Pago seguro + Garant\u00eda\" \/>\n<meta property=\"og:url\" content=\"https:\/\/compuviper.mx\/tienda\/producto\/viewsonic-vg2458-monitor-led-1920-x-1080-full-hd-ergonomico-panel-ips-100hz-5-ms-hdmi-display-port-100-w-usb-c-rj45-daysy-chain-3-aos-de-garantia\/\" \/>\n<meta property=\"og:site_name\" content=\"Compuviper\" \/>\n<meta property=\"article:publisher\" content=\"https:\/\/www.facebook.com\/compuviper\" \/>\n<meta property=\"og:image\" content=\"https:\/\/compuviper.mx\/tienda\/wp-content\/uploads\/2025\/10\/Monitor-led-viewsonic-vg2458-1920-x-1080-full-hd-ergonomico-panel-ips-100hz-5-ms-hdmi-display-port-100-w-usb-c-rj45-daysy-chain-3-anos-de-garantia.jpg\" \/>\n\t<meta property=\"og:image:width\" content=\"200\" \/>\n\t<meta property=\"og:image:height\" content=\"200\" \/>\n\t<meta property=\"og:image:type\" content=\"image\/jpeg\" \/>\n<meta name=\"twitter:card\" content=\"summary_large_image\" \/>\n<meta name=\"twitter:label1\" content=\"Precio\" \/>\n\t<meta name=\"twitter:data1\" content=\"&#36;4,515 con IVA\" \/>\n\t<meta name=\"twitter:label2\" content=\"Availability\" \/>\n\t<meta name=\"twitter:data2\" content=\"Out of stock\" \/>\n<script type=\"application\/ld+json\" class=\"yoast-schema-graph\">{\"@context\":\"https:\/\/schema.org\",\"@graph\":[{\"@type\":\"WebPage\",\"@id\":\"https:\/\/compuviper.mx\/tienda\/producto\/viewsonic-vg2458-monitor-led-1920-x-1080-full-hd-ergonomico-panel-ips-100hz-5-ms-hdmi-display-port-100-w-usb-c-rj45-daysy-chain-3-aos-de-garantia\/\",\"url\":\"https:\/\/compuviper.mx\/tienda\/producto\/viewsonic-vg2458-monitor-led-1920-x-1080-full-hd-ergonomico-panel-ips-100hz-5-ms-hdmi-display-port-100-w-usb-c-rj45-daysy-chain-3-aos-de-garantia\/\",\"name\":\"[ Viewsonic ] &#129351; Vg2458 Monitor Led , 1920 X 1080 Full Hd, Ergonomico, Panel Ips, 100hz, 5 Ms, Hdmi, Display Port, 100 W Usb C, Rj45, Daysy Chain, 3 A\u00f1os De Garantia\",\"isPartOf\":{\"@id\":\"https:\/\/compuviper.mx\/tienda\/#website\"},\"datePublished\":\"2026-04-02T06:51:47+00:00\",\"dateModified\":\"2026-04-02T06:51:47+00:00\",\"description\":\"Compra Vg2458 Monitor Led , 1920 X 1080 Full Hd, Ergonomico, Panel Ips, 100hz, 5 Ms, Hdmi, Display Port, 100 W Usb C, Rj45, Daysy Chain, 3 A\u00f1os De Garantia + Env\u00edo a domicilio + Pago seguro + Garant\u00eda\",\"breadcrumb\":{\"@id\":\"https:\/\/compuviper.mx\/tienda\/producto\/viewsonic-vg2458-monitor-led-1920-x-1080-full-hd-ergonomico-panel-ips-100hz-5-ms-hdmi-display-port-100-w-usb-c-rj45-daysy-chain-3-aos-de-garantia\/#breadcrumb\"},\"inLanguage\":\"es-MX\",\"potentialAction\":[{\"@type\":\"ReadAction\",\"target\":[\"https:\/\/compuviper.mx\/tienda\/producto\/viewsonic-vg2458-monitor-led-1920-x-1080-full-hd-ergonomico-panel-ips-100hz-5-ms-hdmi-display-port-100-w-usb-c-rj45-daysy-chain-3-aos-de-garantia\/\"]}]},{\"@type\":\"BreadcrumbList\",\"@id\":\"https:\/\/compuviper.mx\/tienda\/producto\/viewsonic-vg2458-monitor-led-1920-x-1080-full-hd-ergonomico-panel-ips-100hz-5-ms-hdmi-display-port-100-w-usb-c-rj45-daysy-chain-3-aos-de-garantia\/#breadcrumb\",\"itemListElement\":[{\"@type\":\"ListItem\",\"position\":1,\"name\":\"Inicio\",\"item\":\"https:\/\/compuviper.mx\/tienda\/\"},{\"@type\":\"ListItem\",\"position\":2,\"name\":\"Productos\",\"item\":\"https:\/\/compuviper.mx\/tienda\/productos\/\"},{\"@type\":\"ListItem\",\"position\":3,\"name\":\"Monitores\",\"item\":\"https:\/\/compuviper.mx\/tienda\/categoria-producto\/monitores\/\"},{\"@type\":\"ListItem\",\"position\":4,\"name\":\"Sin Categor\u00eda\",\"item\":\"https:\/\/compuviper.mx\/tienda\/categoria-producto\/monitores\/sin-categoria-monitores\/\"},{\"@type\":\"ListItem\",\"position\":5,\"name\":\"Viewsonic Vg2458 Monitor Led , 1920 X 1080 Full Hd, Ergonomico, Panel Ips, 100hz, 5 Ms, Hdmi, Display Port, 100 W Usb C, Rj45, Daysy Chain, 3 A?os De Garantia\"}]},{\"@type\":\"WebSite\",\"@id\":\"https:\/\/compuviper.mx\/tienda\/#website\",\"url\":\"https:\/\/compuviper.mx\/tienda\/\",\"name\":\"Compuviper\",\"description\":\"Proveedor de Computadoras, Laptops, Servidores, Monitores, Puntos de Venta, Teclados,   Impresoras, T\u00f3ner, C\u00e1maras de Seguridad y m\u00e1s en tu tienda en l\u00ednea\",\"publisher\":{\"@id\":\"https:\/\/compuviper.mx\/tienda\/#organization\"},\"potentialAction\":[{\"@type\":\"SearchAction\",\"target\":{\"@type\":\"EntryPoint\",\"urlTemplate\":\"https:\/\/compuviper.mx\/tienda\/?s={search_term_string}\"},\"query-input\":\"required name=search_term_string\"}],\"inLanguage\":\"es-MX\"},{\"@type\":\"Organization\",\"@id\":\"https:\/\/compuviper.mx\/tienda\/#organization\",\"name\":\"Compuviper\",\"url\":\"https:\/\/compuviper.mx\/tienda\/\",\"logo\":{\"@type\":\"ImageObject\",\"inLanguage\":\"es-MX\",\"@id\":\"https:\/\/compuviper.mx\/tienda\/#\/schema\/logo\/image\/\",\"url\":\"https:\/\/compuviper.mx\/tienda\/wp-content\/uploads\/2021\/08\/Logo-Compuviper-10.png\",\"contentUrl\":\"https:\/\/compuviper.mx\/tienda\/wp-content\/uploads\/2021\/08\/Logo-Compuviper-10.png\",\"width\":1000,\"height\":500,\"caption\":\"Compuviper\"},\"image\":{\"@id\":\"https:\/\/compuviper.mx\/tienda\/#\/schema\/logo\/image\/\"},\"sameAs\":[\"https:\/\/www.facebook.com\/compuviper\",\"https:\/\/www.youtube.com\/channel\/UCf73dERp9Y3cfOq7q8BhLjA?view_as=subscriber\"]}]}<\/script>\n<meta property=\"product:brand\" content=\"VIEWSONIC\" \/>\n<meta property=\"product:price:amount\" content=\"4515\" \/>\n<meta property=\"product:price:currency\" content=\"MXN\" \/>\n<meta property=\"og:availability\" content=\"out of stock\" \/>\n<meta property=\"product:availability\" content=\"out of stock\" \/>\n<meta property=\"product:retailer_item_id\" content=\"VG2458\" \/>\n<meta property=\"product:condition\" content=\"new\" \/>\n<!-- \/ Yoast SEO plugin. -->","yoast_head_json":{"title":"[ Viewsonic ] &#129351; Vg2458 Monitor Led , 1920 X 1080 Full Hd, Ergonomico, Panel Ips, 100hz, 5 Ms, Hdmi, Display Port, 100 W Usb C, Rj45, Daysy Chain, 3 A\u00f1os De Garantia","description":"Compra Vg2458 Monitor Led , 1920 X 1080 Full Hd, Ergonomico, Panel Ips, 100hz, 5 Ms, Hdmi, Display Port, 100 W Usb C, Rj45, Daysy Chain, 3 A\u00f1os De Garantia + Env\u00edo a domicilio + Pago seguro + Garant\u00eda","robots":{"index":"index","follow":"follow","max-snippet":"max-snippet:-1","max-image-preview":"max-image-preview:large","max-video-preview":"max-video-preview:-1"},"canonical":"https:\/\/compuviper.mx\/tienda\/producto\/viewsonic-vg2458-monitor-led-1920-x-1080-full-hd-ergonomico-panel-ips-100hz-5-ms-hdmi-display-port-100-w-usb-c-rj45-daysy-chain-3-aos-de-garantia\/","og_locale":"es_MX","og_type":"article","og_title":"[ Viewsonic ] &#129351; Vg2458 Monitor Led , 1920 X 1080 Full Hd, Ergonomico, Panel Ips, 100hz, 5 Ms, Hdmi, Display Port, 100 W Usb C, Rj45, Daysy Chain, 3 A\u00f1os De Garantia","og_description":"Compra Vg2458 Monitor Led , 1920 X 1080 Full Hd, Ergonomico, Panel Ips, 100hz, 5 Ms, Hdmi, Display Port, 100 W Usb C, Rj45, Daysy Chain, 3 A\u00f1os De Garantia + Env\u00edo a domicilio + Pago seguro + Garant\u00eda","og_url":"https:\/\/compuviper.mx\/tienda\/producto\/viewsonic-vg2458-monitor-led-1920-x-1080-full-hd-ergonomico-panel-ips-100hz-5-ms-hdmi-display-port-100-w-usb-c-rj45-daysy-chain-3-aos-de-garantia\/","og_site_name":"Compuviper","article_publisher":"https:\/\/www.facebook.com\/compuviper","og_image":[{"width":200,"height":200,"url":"https:\/\/compuviper.mx\/tienda\/wp-content\/uploads\/2025\/10\/Monitor-led-viewsonic-vg2458-1920-x-1080-full-hd-ergonomico-panel-ips-100hz-5-ms-hdmi-display-port-100-w-usb-c-rj45-daysy-chain-3-anos-de-garantia.jpg","type":"image\/jpeg"}],"twitter_card":"summary_large_image","twitter_misc":{"Precio":"&#36;4,515 con IVA","Availability":"Out of stock"},"schema":{"@context":"https:\/\/schema.org","@graph":[{"@type":"WebPage","@id":"https:\/\/compuviper.mx\/tienda\/producto\/viewsonic-vg2458-monitor-led-1920-x-1080-full-hd-ergonomico-panel-ips-100hz-5-ms-hdmi-display-port-100-w-usb-c-rj45-daysy-chain-3-aos-de-garantia\/","url":"https:\/\/compuviper.mx\/tienda\/producto\/viewsonic-vg2458-monitor-led-1920-x-1080-full-hd-ergonomico-panel-ips-100hz-5-ms-hdmi-display-port-100-w-usb-c-rj45-daysy-chain-3-aos-de-garantia\/","name":"[ Viewsonic ] &#129351; Vg2458 Monitor Led , 1920 X 1080 Full Hd, Ergonomico, Panel Ips, 100hz, 5 Ms, Hdmi, Display Port, 100 W Usb C, Rj45, Daysy Chain, 3 A\u00f1os De Garantia","isPartOf":{"@id":"https:\/\/compuviper.mx\/tienda\/#website"},"datePublished":"2026-04-02T06:51:47+00:00","dateModified":"2026-04-02T06:51:47+00:00","description":"Compra Vg2458 Monitor Led , 1920 X 1080 Full Hd, Ergonomico, Panel Ips, 100hz, 5 Ms, Hdmi, Display Port, 100 W Usb C, Rj45, Daysy Chain, 3 A\u00f1os De Garantia + Env\u00edo a domicilio + Pago seguro + Garant\u00eda","breadcrumb":{"@id":"https:\/\/compuviper.mx\/tienda\/producto\/viewsonic-vg2458-monitor-led-1920-x-1080-full-hd-ergonomico-panel-ips-100hz-5-ms-hdmi-display-port-100-w-usb-c-rj45-daysy-chain-3-aos-de-garantia\/#breadcrumb"},"inLanguage":"es-MX","potentialAction":[{"@type":"ReadAction","target":["https:\/\/compuviper.mx\/tienda\/producto\/viewsonic-vg2458-monitor-led-1920-x-1080-full-hd-ergonomico-panel-ips-100hz-5-ms-hdmi-display-port-100-w-usb-c-rj45-daysy-chain-3-aos-de-garantia\/"]}]},{"@type":"BreadcrumbList","@id":"https:\/\/compuviper.mx\/tienda\/producto\/viewsonic-vg2458-monitor-led-1920-x-1080-full-hd-ergonomico-panel-ips-100hz-5-ms-hdmi-display-port-100-w-usb-c-rj45-daysy-chain-3-aos-de-garantia\/#breadcrumb","itemListElement":[{"@type":"ListItem","position":1,"name":"Inicio","item":"https:\/\/compuviper.mx\/tienda\/"},{"@type":"ListItem","position":2,"name":"Productos","item":"https:\/\/compuviper.mx\/tienda\/productos\/"},{"@type":"ListItem","position":3,"name":"Monitores","item":"https:\/\/compuviper.mx\/tienda\/categoria-producto\/monitores\/"},{"@type":"ListItem","position":4,"name":"Sin Categor\u00eda","item":"https:\/\/compuviper.mx\/tienda\/categoria-producto\/monitores\/sin-categoria-monitores\/"},{"@type":"ListItem","position":5,"name":"Viewsonic Vg2458 Monitor Led , 1920 X 1080 Full Hd, Ergonomico, Panel Ips, 100hz, 5 Ms, Hdmi, Display Port, 100 W Usb C, Rj45, Daysy Chain, 3 A?os De Garantia"}]},{"@type":"WebSite","@id":"https:\/\/compuviper.mx\/tienda\/#website","url":"https:\/\/compuviper.mx\/tienda\/","name":"Compuviper","description":"Proveedor de Computadoras, Laptops, Servidores, Monitores, Puntos de Venta, Teclados,   Impresoras, T\u00f3ner, C\u00e1maras de Seguridad y m\u00e1s en tu tienda en l\u00ednea","publisher":{"@id":"https:\/\/compuviper.mx\/tienda\/#organization"},"potentialAction":[{"@type":"SearchAction","target":{"@type":"EntryPoint","urlTemplate":"https:\/\/compuviper.mx\/tienda\/?s={search_term_string}"},"query-input":"required name=search_term_string"}],"inLanguage":"es-MX"},{"@type":"Organization","@id":"https:\/\/compuviper.mx\/tienda\/#organization","name":"Compuviper","url":"https:\/\/compuviper.mx\/tienda\/","logo":{"@type":"ImageObject","inLanguage":"es-MX","@id":"https:\/\/compuviper.mx\/tienda\/#\/schema\/logo\/image\/","url":"https:\/\/compuviper.mx\/tienda\/wp-content\/uploads\/2021\/08\/Logo-Compuviper-10.png","contentUrl":"https:\/\/compuviper.mx\/tienda\/wp-content\/uploads\/2021\/08\/Logo-Compuviper-10.png","width":1000,"height":500,"caption":"Compuviper"},"image":{"@id":"https:\/\/compuviper.mx\/tienda\/#\/schema\/logo\/image\/"},"sameAs":["https:\/\/www.facebook.com\/compuviper","https:\/\/www.youtube.com\/channel\/UCf73dERp9Y3cfOq7q8BhLjA?view_as=subscriber"]}]},"product_brand":"VIEWSONIC","product_price_amount":"4515","product_price_currency":"MXN","og_availability":"out of stock","product_availability":"out of stock","product_retailer_item_id":"VG2458","product_condition":"new"},"_links":{"self":[{"href":"https:\/\/compuviper.mx\/tienda\/wp-json\/wp\/v2\/product\/257784"}],"collection":[{"href":"https:\/\/compuviper.mx\/tienda\/wp-json\/wp\/v2\/product"}],"about":[{"href":"https:\/\/compuviper.mx\/tienda\/wp-json\/wp\/v2\/types\/product"}],"replies":[{"embeddable":true,"href":"https:\/\/compuviper.mx\/tienda\/wp-json\/wp\/v2\/comments?post=257784"}],"wp:featuredmedia":[{"embeddable":true,"href":"https:\/\/compuviper.mx\/tienda\/wp-json\/wp\/v2\/media\/260021"}],"wp:attachment":[{"href":"https:\/\/compuviper.mx\/tienda\/wp-json\/wp\/v2\/media?parent=257784"}],"wp:term":[{"taxonomy":"product_cat","embeddable":true,"href":"https:\/\/compuviper.mx\/tienda\/wp-json\/wp\/v2\/product_cat?post=257784"},{"taxonomy":"product_tag","embeddable":true,"href":"https:\/\/compuviper.mx\/tienda\/wp-json\/wp\/v2\/product_tag?post=257784"}],"curies":[{"name":"wp","href":"https:\/\/api.w.org\/{rel}","templated":true}]}}