{"id":257728,"date":"2026-04-01T23:31:42","date_gmt":"2026-04-02T05:31:42","guid":{"rendered":"https:\/\/compuviper.mx\/tienda\/producto\/startech-com-cdp2vgauacp-adaptador-multifuncin-de-viajes-usb-c-a-vga-con-entrega-de-potencia-power-delivery-y-puerto-usb-a-mini-docking-station-mod\/"},"modified":"2026-04-01T23:31:42","modified_gmt":"2026-04-02T05:31:42","slug":"startech-com-cdp2vgauacp-adaptador-multifuncin-de-viajes-usb-c-a-vga-con-entrega-de-potencia-power-delivery-y-puerto-usb-a-mini-docking-station-mod","status":"publish","type":"product","link":"https:\/\/compuviper.mx\/tienda\/producto\/startech-com-cdp2vgauacp-adaptador-multifuncin-de-viajes-usb-c-a-vga-con-entrega-de-potencia-power-delivery-y-puerto-usb-a-mini-docking-station-mod\/","title":{"rendered":"Startech.com Cdp2vgauacp Adaptador Multifuncin De Viajes Usb-c A Vga Con Entrega De Potencia Power Delivery Y Puerto Usb-a &#8211; Mini Docking Station &#8211;  Mod."},"content":{"rendered":"<table class=\"descripcion\">\n<tr>\n<td>Conector<\/td>\n<\/tr>\n<tr>\n<td>Tipo de conector: vga<\/td>\n<\/tr>\n<tr>\n<td>Hardware<\/td>\n<\/tr>\n<tr>\n<td>Compatibilidad con 4k : no<\/td>\n<\/tr>\n<tr>\n<td>Est\u00e1ndares industriales : usb 3.0 &#8211; compatible con usb 2.0 y 1.1<\/td>\n<\/tr>\n<tr>\n<td>Id del conjunto de chips : via\/vli &#8211; vl100<\/td>\n<\/tr>\n<tr>\n<td>Via\/vli &#8211; vl210<\/td>\n<\/tr>\n<tr>\n<td>Nxp &#8211; ptn3355<\/td>\n<\/tr>\n<tr>\n<td>Pantallas compatibles : 1<\/td>\n<\/tr>\n<tr>\n<td>Puerto(s) de carga r\u00e1pida : no<\/td>\n<\/tr>\n<tr>\n<td>Tipo de bus : usb-c<\/td>\n<\/tr>\n<tr>\n<td>Rendimiento<\/td>\n<\/tr>\n<tr>\n<td>Compatibilidad con uasp : s\u00ed<\/td>\n<\/tr>\n<tr>\n<td>Resoluci\u00f3n anal\u00f3gica m\u00e1xima : 2048 x 1280p @ 60hz<\/td>\n<\/tr>\n<tr>\n<td>Tasa de transferencia de datos m\u00e1xima : 5gbps (usb 3.0)<\/td>\n<\/tr>\n<tr>\n<td>Tipo y velocidad : usb 3.0 &#8211; 5 gbit\/s<\/td>\n<\/tr>\n<tr>\n<td>Conector(es)<\/td>\n<\/tr>\n<tr>\n<td>Tipo(s) de conector(es) : usb type-c (24 pines) usb 3.0 (5gbps)<\/td>\n<\/tr>\n<tr>\n<td>Tipo(s) de conector(es) : usb type-a (9 pines) usb 3.0<\/td>\n<\/tr>\n<tr>\n<td>Caracter\u00edsticas f\u00edsicas<\/td>\n<\/tr>\n<tr>\n<td>Tipo de gabinete : pl\u00e1stico<\/td>\n<\/tr>\n<tr>\n<td>Peso del producto : 39 g<\/td>\n<\/tr>\n<tr>\n<td>Longitud del producto : 80 mm<\/td>\n<\/tr>\n<tr>\n<td>Longitud del cable : 140 mm<\/td>\n<\/tr>\n<tr>\n<td>Color : negro<\/td>\n<\/tr>\n<tr>\n<td>Ancho del producto : 40 mm<\/td>\n<\/tr>\n<tr>\n<td>Altura del producto : 1.5 cm<\/td>\n<\/tr>\n<\/table>\n","protected":false},"excerpt":{"rendered":"<p>Este adaptador universal multifunci\u00f3n le permite expandir la conectividad de su laptop o macbook a trav\u00e9s de usb-c. Puede conectar su laptop a una pantalla vga, pero adem\u00e1s conectar un dispositivo usb 3.0 convencional. Cuando el adaptador multipuerto se empareja con el adaptador de alimentaci\u00f3n de su laptop, ofrece el suministro de alimentaci\u00f3n para cargar y mantener la bater\u00eda de su laptop. Este compacto adaptador usb-c es un accesorio indispensable para casi cualquier laptop, macbook o chromebook equipado con usb-c. De dise\u00f1o extremadamente port\u00e1til y peso ligero, que ocupa poco espacio, se puede llevar c\u00f3modamente en el malet\u00edn de transporte de su laptop o en cualquier malet\u00edn. Adem\u00e1s es compatible con puertos thunderbolt 3. Este adaptador multifunci\u00f3n usb-c a vga incluye un puerto usb 3.0 ompatible con dispositivos usb de generaci\u00f3n anterior. El modelo cdp2vgauacp cuenta con soporte t\u00e9cnico gratuito de por vida.<\/p>\n","protected":false},"featured_media":257816,"comment_status":"open","ping_status":"open","template":"","meta":[],"product_cat":[1485,1492],"product_tag":[1590],"acf":[],"yoast_head":"<!-- This site is optimized with the Yoast SEO plugin v21.7 - https:\/\/yoast.com\/wordpress\/plugins\/seo\/ -->\n<title>[ Startech.com ] &#129351; Cdp2vgauacp Adaptador Multifuncin De Viajes Usb-c A Vga Con Entrega De Potencia Power Delivery Y Puerto Usb-a - Mini Docking Station - Mod.<\/title>\n<meta name=\"description\" content=\"Compra Cdp2vgauacp Adaptador Multifuncin De Viajes Usb-c A Vga Con Entrega De Potencia Power Delivery Y Puerto Usb-a - Mini Docking Station - Mod. + Env\u00edo a domicilio + Pago seguro + Garant\u00eda\" \/>\n<meta name=\"robots\" content=\"index, follow, max-snippet:-1, max-image-preview:large, max-video-preview:-1\" \/>\n<link rel=\"canonical\" href=\"https:\/\/compuviper.mx\/tienda\/producto\/startech-com-cdp2vgauacp-adaptador-multifuncin-de-viajes-usb-c-a-vga-con-entrega-de-potencia-power-delivery-y-puerto-usb-a-mini-docking-station-mod\/\" \/>\n<meta property=\"og:locale\" content=\"es_MX\" \/>\n<meta property=\"og:type\" content=\"article\" \/>\n<meta property=\"og:title\" content=\"[ Startech.com ] &#129351; Cdp2vgauacp Adaptador Multifuncin De Viajes Usb-c A Vga Con Entrega De Potencia Power Delivery Y Puerto Usb-a - Mini Docking Station - Mod.\" \/>\n<meta property=\"og:description\" content=\"Compra Cdp2vgauacp Adaptador Multifuncin De Viajes Usb-c A Vga Con Entrega De Potencia Power Delivery Y Puerto Usb-a - Mini Docking Station - Mod. + Env\u00edo a domicilio + Pago seguro + Garant\u00eda\" \/>\n<meta property=\"og:url\" content=\"https:\/\/compuviper.mx\/tienda\/producto\/startech-com-cdp2vgauacp-adaptador-multifuncin-de-viajes-usb-c-a-vga-con-entrega-de-potencia-power-delivery-y-puerto-usb-a-mini-docking-station-mod\/\" \/>\n<meta property=\"og:site_name\" content=\"Compuviper\" \/>\n<meta property=\"article:publisher\" content=\"https:\/\/www.facebook.com\/compuviper\" \/>\n<meta property=\"og:image\" content=\"https:\/\/compuviper.mx\/tienda\/wp-content\/uploads\/2025\/09\/Adaptador-multifuncin-de-viajes-usb-c-a-vga-con-entrega-de-potencia-power-delivery-y-puerto-usb-a-mini-docking-station-startech.com-mod.-cdp2vgauacp.jpg\" \/>\n\t<meta property=\"og:image:width\" content=\"200\" \/>\n\t<meta property=\"og:image:height\" content=\"200\" \/>\n\t<meta property=\"og:image:type\" content=\"image\/jpeg\" \/>\n<meta name=\"twitter:card\" content=\"summary_large_image\" \/>\n<meta name=\"twitter:label1\" content=\"Precio\" \/>\n\t<meta name=\"twitter:data1\" content=\"&#36;323 con IVA\" \/>\n\t<meta name=\"twitter:label2\" content=\"Availability\" \/>\n\t<meta name=\"twitter:data2\" content=\"In stock\" \/>\n<script type=\"application\/ld+json\" class=\"yoast-schema-graph\">{\"@context\":\"https:\/\/schema.org\",\"@graph\":[{\"@type\":\"WebPage\",\"@id\":\"https:\/\/compuviper.mx\/tienda\/producto\/startech-com-cdp2vgauacp-adaptador-multifuncin-de-viajes-usb-c-a-vga-con-entrega-de-potencia-power-delivery-y-puerto-usb-a-mini-docking-station-mod\/\",\"url\":\"https:\/\/compuviper.mx\/tienda\/producto\/startech-com-cdp2vgauacp-adaptador-multifuncin-de-viajes-usb-c-a-vga-con-entrega-de-potencia-power-delivery-y-puerto-usb-a-mini-docking-station-mod\/\",\"name\":\"[ Startech.com ] &#129351; Cdp2vgauacp Adaptador Multifuncin De Viajes Usb-c A Vga Con Entrega De Potencia Power Delivery Y Puerto Usb-a - Mini Docking Station - Mod.\",\"isPartOf\":{\"@id\":\"https:\/\/compuviper.mx\/tienda\/#website\"},\"datePublished\":\"2026-04-02T05:31:42+00:00\",\"dateModified\":\"2026-04-02T05:31:42+00:00\",\"description\":\"Compra Cdp2vgauacp Adaptador Multifuncin De Viajes Usb-c A Vga Con Entrega De Potencia Power Delivery Y Puerto Usb-a - Mini Docking Station - Mod. + Env\u00edo a domicilio + Pago seguro + Garant\u00eda\",\"breadcrumb\":{\"@id\":\"https:\/\/compuviper.mx\/tienda\/producto\/startech-com-cdp2vgauacp-adaptador-multifuncin-de-viajes-usb-c-a-vga-con-entrega-de-potencia-power-delivery-y-puerto-usb-a-mini-docking-station-mod\/#breadcrumb\"},\"inLanguage\":\"es-MX\",\"potentialAction\":[{\"@type\":\"ReadAction\",\"target\":[\"https:\/\/compuviper.mx\/tienda\/producto\/startech-com-cdp2vgauacp-adaptador-multifuncin-de-viajes-usb-c-a-vga-con-entrega-de-potencia-power-delivery-y-puerto-usb-a-mini-docking-station-mod\/\"]}]},{\"@type\":\"BreadcrumbList\",\"@id\":\"https:\/\/compuviper.mx\/tienda\/producto\/startech-com-cdp2vgauacp-adaptador-multifuncin-de-viajes-usb-c-a-vga-con-entrega-de-potencia-power-delivery-y-puerto-usb-a-mini-docking-station-mod\/#breadcrumb\",\"itemListElement\":[{\"@type\":\"ListItem\",\"position\":1,\"name\":\"Inicio\",\"item\":\"https:\/\/compuviper.mx\/tienda\/\"},{\"@type\":\"ListItem\",\"position\":2,\"name\":\"Productos\",\"item\":\"https:\/\/compuviper.mx\/tienda\/productos\/\"},{\"@type\":\"ListItem\",\"position\":3,\"name\":\"Accesorios\",\"item\":\"https:\/\/compuviper.mx\/tienda\/categoria-producto\/accesorios\/\"},{\"@type\":\"ListItem\",\"position\":4,\"name\":\"Adaptadores\",\"item\":\"https:\/\/compuviper.mx\/tienda\/categoria-producto\/accesorios\/adaptadores\/\"},{\"@type\":\"ListItem\",\"position\":5,\"name\":\"Startech.com Cdp2vgauacp Adaptador Multifuncin De Viajes Usb-c A Vga Con Entrega De Potencia Power Delivery Y Puerto Usb-a &#8211; Mini Docking Station &#8211; Mod.\"}]},{\"@type\":\"WebSite\",\"@id\":\"https:\/\/compuviper.mx\/tienda\/#website\",\"url\":\"https:\/\/compuviper.mx\/tienda\/\",\"name\":\"Compuviper\",\"description\":\"Proveedor de Computadoras, Laptops, Servidores, Monitores, Puntos de Venta, Teclados,   Impresoras, T\u00f3ner, C\u00e1maras de Seguridad y m\u00e1s en tu tienda en l\u00ednea\",\"publisher\":{\"@id\":\"https:\/\/compuviper.mx\/tienda\/#organization\"},\"potentialAction\":[{\"@type\":\"SearchAction\",\"target\":{\"@type\":\"EntryPoint\",\"urlTemplate\":\"https:\/\/compuviper.mx\/tienda\/?s={search_term_string}\"},\"query-input\":\"required name=search_term_string\"}],\"inLanguage\":\"es-MX\"},{\"@type\":\"Organization\",\"@id\":\"https:\/\/compuviper.mx\/tienda\/#organization\",\"name\":\"Compuviper\",\"url\":\"https:\/\/compuviper.mx\/tienda\/\",\"logo\":{\"@type\":\"ImageObject\",\"inLanguage\":\"es-MX\",\"@id\":\"https:\/\/compuviper.mx\/tienda\/#\/schema\/logo\/image\/\",\"url\":\"https:\/\/compuviper.mx\/tienda\/wp-content\/uploads\/2021\/08\/Logo-Compuviper-10.png\",\"contentUrl\":\"https:\/\/compuviper.mx\/tienda\/wp-content\/uploads\/2021\/08\/Logo-Compuviper-10.png\",\"width\":1000,\"height\":500,\"caption\":\"Compuviper\"},\"image\":{\"@id\":\"https:\/\/compuviper.mx\/tienda\/#\/schema\/logo\/image\/\"},\"sameAs\":[\"https:\/\/www.facebook.com\/compuviper\",\"https:\/\/www.youtube.com\/channel\/UCf73dERp9Y3cfOq7q8BhLjA?view_as=subscriber\"]}]}<\/script>\n<meta property=\"product:brand\" content=\"STARTECH.COM\" \/>\n<meta property=\"product:price:amount\" content=\"323\" \/>\n<meta property=\"product:price:currency\" content=\"MXN\" \/>\n<meta property=\"og:availability\" content=\"instock\" \/>\n<meta property=\"product:availability\" content=\"instock\" \/>\n<meta property=\"product:retailer_item_id\" content=\"CDP2VGAUACP\" \/>\n<meta property=\"product:condition\" content=\"new\" \/>\n<!-- \/ Yoast SEO plugin. -->","yoast_head_json":{"title":"[ Startech.com ] &#129351; Cdp2vgauacp Adaptador Multifuncin De Viajes Usb-c A Vga Con Entrega De Potencia Power Delivery Y Puerto Usb-a - Mini Docking Station - Mod.","description":"Compra Cdp2vgauacp Adaptador Multifuncin De Viajes Usb-c A Vga Con Entrega De Potencia Power Delivery Y Puerto Usb-a - Mini Docking Station - Mod. + Env\u00edo a domicilio + Pago seguro + Garant\u00eda","robots":{"index":"index","follow":"follow","max-snippet":"max-snippet:-1","max-image-preview":"max-image-preview:large","max-video-preview":"max-video-preview:-1"},"canonical":"https:\/\/compuviper.mx\/tienda\/producto\/startech-com-cdp2vgauacp-adaptador-multifuncin-de-viajes-usb-c-a-vga-con-entrega-de-potencia-power-delivery-y-puerto-usb-a-mini-docking-station-mod\/","og_locale":"es_MX","og_type":"article","og_title":"[ Startech.com ] &#129351; Cdp2vgauacp Adaptador Multifuncin De Viajes Usb-c A Vga Con Entrega De Potencia Power Delivery Y Puerto Usb-a - Mini Docking Station - Mod.","og_description":"Compra Cdp2vgauacp Adaptador Multifuncin De Viajes Usb-c A Vga Con Entrega De Potencia Power Delivery Y Puerto Usb-a - Mini Docking Station - Mod. + Env\u00edo a domicilio + Pago seguro + Garant\u00eda","og_url":"https:\/\/compuviper.mx\/tienda\/producto\/startech-com-cdp2vgauacp-adaptador-multifuncin-de-viajes-usb-c-a-vga-con-entrega-de-potencia-power-delivery-y-puerto-usb-a-mini-docking-station-mod\/","og_site_name":"Compuviper","article_publisher":"https:\/\/www.facebook.com\/compuviper","og_image":[{"width":200,"height":200,"url":"https:\/\/compuviper.mx\/tienda\/wp-content\/uploads\/2025\/09\/Adaptador-multifuncin-de-viajes-usb-c-a-vga-con-entrega-de-potencia-power-delivery-y-puerto-usb-a-mini-docking-station-startech.com-mod.-cdp2vgauacp.jpg","type":"image\/jpeg"}],"twitter_card":"summary_large_image","twitter_misc":{"Precio":"&#36;323 con IVA","Availability":"In stock"},"schema":{"@context":"https:\/\/schema.org","@graph":[{"@type":"WebPage","@id":"https:\/\/compuviper.mx\/tienda\/producto\/startech-com-cdp2vgauacp-adaptador-multifuncin-de-viajes-usb-c-a-vga-con-entrega-de-potencia-power-delivery-y-puerto-usb-a-mini-docking-station-mod\/","url":"https:\/\/compuviper.mx\/tienda\/producto\/startech-com-cdp2vgauacp-adaptador-multifuncin-de-viajes-usb-c-a-vga-con-entrega-de-potencia-power-delivery-y-puerto-usb-a-mini-docking-station-mod\/","name":"[ Startech.com ] &#129351; Cdp2vgauacp Adaptador Multifuncin De Viajes Usb-c A Vga Con Entrega De Potencia Power Delivery Y Puerto Usb-a - Mini Docking Station - Mod.","isPartOf":{"@id":"https:\/\/compuviper.mx\/tienda\/#website"},"datePublished":"2026-04-02T05:31:42+00:00","dateModified":"2026-04-02T05:31:42+00:00","description":"Compra Cdp2vgauacp Adaptador Multifuncin De Viajes Usb-c A Vga Con Entrega De Potencia Power Delivery Y Puerto Usb-a - Mini Docking Station - Mod. + Env\u00edo a domicilio + Pago seguro + Garant\u00eda","breadcrumb":{"@id":"https:\/\/compuviper.mx\/tienda\/producto\/startech-com-cdp2vgauacp-adaptador-multifuncin-de-viajes-usb-c-a-vga-con-entrega-de-potencia-power-delivery-y-puerto-usb-a-mini-docking-station-mod\/#breadcrumb"},"inLanguage":"es-MX","potentialAction":[{"@type":"ReadAction","target":["https:\/\/compuviper.mx\/tienda\/producto\/startech-com-cdp2vgauacp-adaptador-multifuncin-de-viajes-usb-c-a-vga-con-entrega-de-potencia-power-delivery-y-puerto-usb-a-mini-docking-station-mod\/"]}]},{"@type":"BreadcrumbList","@id":"https:\/\/compuviper.mx\/tienda\/producto\/startech-com-cdp2vgauacp-adaptador-multifuncin-de-viajes-usb-c-a-vga-con-entrega-de-potencia-power-delivery-y-puerto-usb-a-mini-docking-station-mod\/#breadcrumb","itemListElement":[{"@type":"ListItem","position":1,"name":"Inicio","item":"https:\/\/compuviper.mx\/tienda\/"},{"@type":"ListItem","position":2,"name":"Productos","item":"https:\/\/compuviper.mx\/tienda\/productos\/"},{"@type":"ListItem","position":3,"name":"Accesorios","item":"https:\/\/compuviper.mx\/tienda\/categoria-producto\/accesorios\/"},{"@type":"ListItem","position":4,"name":"Adaptadores","item":"https:\/\/compuviper.mx\/tienda\/categoria-producto\/accesorios\/adaptadores\/"},{"@type":"ListItem","position":5,"name":"Startech.com Cdp2vgauacp Adaptador Multifuncin De Viajes Usb-c A Vga Con Entrega De Potencia Power Delivery Y Puerto Usb-a &#8211; Mini Docking Station &#8211; Mod."}]},{"@type":"WebSite","@id":"https:\/\/compuviper.mx\/tienda\/#website","url":"https:\/\/compuviper.mx\/tienda\/","name":"Compuviper","description":"Proveedor de Computadoras, Laptops, Servidores, Monitores, Puntos de Venta, Teclados,   Impresoras, T\u00f3ner, C\u00e1maras de Seguridad y m\u00e1s en tu tienda en l\u00ednea","publisher":{"@id":"https:\/\/compuviper.mx\/tienda\/#organization"},"potentialAction":[{"@type":"SearchAction","target":{"@type":"EntryPoint","urlTemplate":"https:\/\/compuviper.mx\/tienda\/?s={search_term_string}"},"query-input":"required name=search_term_string"}],"inLanguage":"es-MX"},{"@type":"Organization","@id":"https:\/\/compuviper.mx\/tienda\/#organization","name":"Compuviper","url":"https:\/\/compuviper.mx\/tienda\/","logo":{"@type":"ImageObject","inLanguage":"es-MX","@id":"https:\/\/compuviper.mx\/tienda\/#\/schema\/logo\/image\/","url":"https:\/\/compuviper.mx\/tienda\/wp-content\/uploads\/2021\/08\/Logo-Compuviper-10.png","contentUrl":"https:\/\/compuviper.mx\/tienda\/wp-content\/uploads\/2021\/08\/Logo-Compuviper-10.png","width":1000,"height":500,"caption":"Compuviper"},"image":{"@id":"https:\/\/compuviper.mx\/tienda\/#\/schema\/logo\/image\/"},"sameAs":["https:\/\/www.facebook.com\/compuviper","https:\/\/www.youtube.com\/channel\/UCf73dERp9Y3cfOq7q8BhLjA?view_as=subscriber"]}]},"product_brand":"STARTECH.COM","product_price_amount":"323","product_price_currency":"MXN","og_availability":"instock","product_availability":"instock","product_retailer_item_id":"CDP2VGAUACP","product_condition":"new"},"_links":{"self":[{"href":"https:\/\/compuviper.mx\/tienda\/wp-json\/wp\/v2\/product\/257728"}],"collection":[{"href":"https:\/\/compuviper.mx\/tienda\/wp-json\/wp\/v2\/product"}],"about":[{"href":"https:\/\/compuviper.mx\/tienda\/wp-json\/wp\/v2\/types\/product"}],"replies":[{"embeddable":true,"href":"https:\/\/compuviper.mx\/tienda\/wp-json\/wp\/v2\/comments?post=257728"}],"wp:featuredmedia":[{"embeddable":true,"href":"https:\/\/compuviper.mx\/tienda\/wp-json\/wp\/v2\/media\/257816"}],"wp:attachment":[{"href":"https:\/\/compuviper.mx\/tienda\/wp-json\/wp\/v2\/media?parent=257728"}],"wp:term":[{"taxonomy":"product_cat","embeddable":true,"href":"https:\/\/compuviper.mx\/tienda\/wp-json\/wp\/v2\/product_cat?post=257728"},{"taxonomy":"product_tag","embeddable":true,"href":"https:\/\/compuviper.mx\/tienda\/wp-json\/wp\/v2\/product_tag?post=257728"}],"curies":[{"name":"wp","href":"https:\/\/api.w.org\/{rel}","templated":true}]}}