{"id":257725,"date":"2026-04-07T02:10:24","date_gmt":"2026-04-07T08:10:24","guid":{"rendered":"https:\/\/compuviper.mx\/tienda\/producto\/synology-clp1-e-licencia-electronica-para-gestionar-y-administrar-camaras-ip-en-nas-solo-incluye-1-licencia\/"},"modified":"2026-04-07T02:10:24","modified_gmt":"2026-04-07T08:10:24","slug":"synology-clp1-e-licencia-electronica-para-gestionar-y-administrar-camaras-ip-en-nas-solo-incluye-1-licencia","status":"publish","type":"product","link":"https:\/\/compuviper.mx\/tienda\/producto\/synology-clp1-e-licencia-electronica-para-gestionar-y-administrar-camaras-ip-en-nas-solo-incluye-1-licencia\/","title":{"rendered":"Synology Clp1-e Licencia Electronica   Para Gestionar Y Administrar Camaras Ip En Nas, Solo Incluye 1 Licencia"},"content":{"rendered":"<table class=\"descripcion\">\n<tr>\n<td>Licencia electronica synology clp1-e para gestionar y administrar camaras ip en nas, puede instalar las licencias para activar mas camaras en el servicio synology surveillance station. antes de aplicar la clave de licencia, compruebe el numero maximo de camaras ip que se admiten en su servidor nas de synology.<\/td>\n<\/tr>\n<tr>\n<td>**no se entrega licencia fisica se realiza por correo electronico**<\/td>\n<\/tr>\n<\/table>\n","protected":false},"excerpt":{"rendered":"<p>Modelos compatibles. Modelos aplicados.  Fs series:fs6400, fs3600, fs3410, fs3400, fs3017, fs2500, fs2017, fs1018.  Hd series:hd6500.  Sa series:sa6400, sa3610, sa3600, sa3410, sa3400d, sa3400, sa3200d.  25 series:rs2825rp+, ds1825+, ds1525+, ds925+, ds725+, ds425+, ds225.  24 series:ds224+, ds124.  23 series:rs2423rp+, rs2423+, ds1823xs+, ds923+, ds723+, ds423+, ds423, ds223, ds223j.  22 series:rs822rp+, rs822+, rs422+, ds3622xs+, ds2422+, ds1522+, dva1622.  21 series:rs4021xs+, rs3621xs+, rs3621rpxs, rs2821rp+, rs2421rp+, rs2421+, rs1221rp+, rs1221+, ds1821+, ds1621xs+, ds1621+, dva3221.  20 series:rs820rp+, rs820+, ds1520+, ds920+, ds720+, ds620slim, ds420+, ds420j, ds220+, ds220j, ds120j.  19 series:rs1619xs+, rs1219+, rs819, ds2419+ii, ds2419+, ds1819+, ds1019+, ds419slim, ds119j, dva3219.  18 series:rs3618xs, rs2818rp+, rs2418rp+, rs2418+, rs818rp+, rs818+, ds3018xs, ds1618+, ds918+, ds718+, ds418, ds418play, ds418j, ds218+, ds218, ds218play, ds218j, ds118.  17 series:rs18017xs+, rs4017xs+, rs3617xs+, rs3617rpxs, rs3617xs, rs217, ds3617xsii, ds3617xs, ds1817+, ds1817, ds1517+, ds1517<\/p>\n","protected":false},"featured_media":258438,"comment_status":"open","ping_status":"open","template":"","meta":[],"product_cat":[2001,1827],"product_tag":[1561],"acf":[],"yoast_head":"<!-- This site is optimized with the Yoast SEO plugin v21.7 - https:\/\/yoast.com\/wordpress\/plugins\/seo\/ -->\n<title>[ Synology ] &#129351; Clp1-e Licencia Electronica Para Gestionar Y Administrar Camaras Ip En Nas, Solo Incluye 1 Licencia<\/title>\n<meta name=\"description\" content=\"Compra Clp1-e Licencia Electronica Para Gestionar Y Administrar Camaras Ip En Nas, Solo Incluye 1 Licencia + Env\u00edo a domicilio + Pago seguro + Garant\u00eda\" \/>\n<meta name=\"robots\" content=\"index, follow, max-snippet:-1, max-image-preview:large, max-video-preview:-1\" \/>\n<link rel=\"canonical\" href=\"https:\/\/compuviper.mx\/tienda\/producto\/synology-clp1-e-licencia-electronica-para-gestionar-y-administrar-camaras-ip-en-nas-solo-incluye-1-licencia\/\" \/>\n<meta property=\"og:locale\" content=\"es_MX\" \/>\n<meta property=\"og:type\" content=\"article\" \/>\n<meta property=\"og:title\" content=\"[ Synology ] &#129351; Clp1-e Licencia Electronica Para Gestionar Y Administrar Camaras Ip En Nas, Solo Incluye 1 Licencia\" \/>\n<meta property=\"og:description\" content=\"Compra Clp1-e Licencia Electronica Para Gestionar Y Administrar Camaras Ip En Nas, Solo Incluye 1 Licencia + Env\u00edo a domicilio + Pago seguro + Garant\u00eda\" \/>\n<meta property=\"og:url\" content=\"https:\/\/compuviper.mx\/tienda\/producto\/synology-clp1-e-licencia-electronica-para-gestionar-y-administrar-camaras-ip-en-nas-solo-incluye-1-licencia\/\" \/>\n<meta property=\"og:site_name\" content=\"Compuviper\" \/>\n<meta property=\"article:publisher\" content=\"https:\/\/www.facebook.com\/compuviper\" \/>\n<meta property=\"og:image\" content=\"https:\/\/compuviper.mx\/tienda\/wp-content\/uploads\/2025\/10\/Licencia-electronica-synology-clp1-e-para-gestionar-y-administrar-camaras-ip-en-nas-solo-incluye-1-licencia.jpg\" \/>\n\t<meta property=\"og:image:width\" content=\"200\" \/>\n\t<meta property=\"og:image:height\" content=\"200\" \/>\n\t<meta property=\"og:image:type\" content=\"image\/jpeg\" \/>\n<meta name=\"twitter:card\" content=\"summary_large_image\" \/>\n<meta name=\"twitter:label1\" content=\"Precio\" \/>\n\t<meta name=\"twitter:data1\" content=\"&#36;1,268 con IVA\" \/>\n\t<meta name=\"twitter:label2\" content=\"Availability\" \/>\n\t<meta name=\"twitter:data2\" content=\"On backorder\" \/>\n<script type=\"application\/ld+json\" class=\"yoast-schema-graph\">{\"@context\":\"https:\/\/schema.org\",\"@graph\":[{\"@type\":\"WebPage\",\"@id\":\"https:\/\/compuviper.mx\/tienda\/producto\/synology-clp1-e-licencia-electronica-para-gestionar-y-administrar-camaras-ip-en-nas-solo-incluye-1-licencia\/\",\"url\":\"https:\/\/compuviper.mx\/tienda\/producto\/synology-clp1-e-licencia-electronica-para-gestionar-y-administrar-camaras-ip-en-nas-solo-incluye-1-licencia\/\",\"name\":\"[ Synology ] &#129351; Clp1-e Licencia Electronica Para Gestionar Y Administrar Camaras Ip En Nas, Solo Incluye 1 Licencia\",\"isPartOf\":{\"@id\":\"https:\/\/compuviper.mx\/tienda\/#website\"},\"datePublished\":\"2026-04-07T08:10:24+00:00\",\"dateModified\":\"2026-04-07T08:10:24+00:00\",\"description\":\"Compra Clp1-e Licencia Electronica Para Gestionar Y Administrar Camaras Ip En Nas, Solo Incluye 1 Licencia + Env\u00edo a domicilio + Pago seguro + Garant\u00eda\",\"breadcrumb\":{\"@id\":\"https:\/\/compuviper.mx\/tienda\/producto\/synology-clp1-e-licencia-electronica-para-gestionar-y-administrar-camaras-ip-en-nas-solo-incluye-1-licencia\/#breadcrumb\"},\"inLanguage\":\"es-MX\",\"potentialAction\":[{\"@type\":\"ReadAction\",\"target\":[\"https:\/\/compuviper.mx\/tienda\/producto\/synology-clp1-e-licencia-electronica-para-gestionar-y-administrar-camaras-ip-en-nas-solo-incluye-1-licencia\/\"]}]},{\"@type\":\"BreadcrumbList\",\"@id\":\"https:\/\/compuviper.mx\/tienda\/producto\/synology-clp1-e-licencia-electronica-para-gestionar-y-administrar-camaras-ip-en-nas-solo-incluye-1-licencia\/#breadcrumb\",\"itemListElement\":[{\"@type\":\"ListItem\",\"position\":1,\"name\":\"Inicio\",\"item\":\"https:\/\/compuviper.mx\/tienda\/\"},{\"@type\":\"ListItem\",\"position\":2,\"name\":\"Productos\",\"item\":\"https:\/\/compuviper.mx\/tienda\/productos\/\"},{\"@type\":\"ListItem\",\"position\":3,\"name\":\"Software\",\"item\":\"https:\/\/compuviper.mx\/tienda\/categoria-producto\/software\/\"},{\"@type\":\"ListItem\",\"position\":4,\"name\":\"Licenciamiento Electronico\",\"item\":\"https:\/\/compuviper.mx\/tienda\/categoria-producto\/software\/licenciamiento-electronico\/\"},{\"@type\":\"ListItem\",\"position\":5,\"name\":\"Synology Clp1-e Licencia Electronica Para Gestionar Y Administrar Camaras Ip En Nas, Solo Incluye 1 Licencia\"}]},{\"@type\":\"WebSite\",\"@id\":\"https:\/\/compuviper.mx\/tienda\/#website\",\"url\":\"https:\/\/compuviper.mx\/tienda\/\",\"name\":\"Compuviper\",\"description\":\"Proveedor de Computadoras, Laptops, Servidores, Monitores, Puntos de Venta, Teclados,   Impresoras, T\u00f3ner, C\u00e1maras de Seguridad y m\u00e1s en tu tienda en l\u00ednea\",\"publisher\":{\"@id\":\"https:\/\/compuviper.mx\/tienda\/#organization\"},\"potentialAction\":[{\"@type\":\"SearchAction\",\"target\":{\"@type\":\"EntryPoint\",\"urlTemplate\":\"https:\/\/compuviper.mx\/tienda\/?s={search_term_string}\"},\"query-input\":\"required name=search_term_string\"}],\"inLanguage\":\"es-MX\"},{\"@type\":\"Organization\",\"@id\":\"https:\/\/compuviper.mx\/tienda\/#organization\",\"name\":\"Compuviper\",\"url\":\"https:\/\/compuviper.mx\/tienda\/\",\"logo\":{\"@type\":\"ImageObject\",\"inLanguage\":\"es-MX\",\"@id\":\"https:\/\/compuviper.mx\/tienda\/#\/schema\/logo\/image\/\",\"url\":\"https:\/\/compuviper.mx\/tienda\/wp-content\/uploads\/2021\/08\/Logo-Compuviper-10.png\",\"contentUrl\":\"https:\/\/compuviper.mx\/tienda\/wp-content\/uploads\/2021\/08\/Logo-Compuviper-10.png\",\"width\":1000,\"height\":500,\"caption\":\"Compuviper\"},\"image\":{\"@id\":\"https:\/\/compuviper.mx\/tienda\/#\/schema\/logo\/image\/\"},\"sameAs\":[\"https:\/\/www.facebook.com\/compuviper\",\"https:\/\/www.youtube.com\/channel\/UCf73dERp9Y3cfOq7q8BhLjA?view_as=subscriber\"]}]}<\/script>\n<meta property=\"product:brand\" content=\"SYNOLOGY\" \/>\n<meta property=\"product:price:amount\" content=\"1268\" \/>\n<meta property=\"product:price:currency\" content=\"MXN\" \/>\n<meta property=\"og:availability\" content=\"backorder\" \/>\n<meta property=\"product:availability\" content=\"available for order\" \/>\n<meta property=\"product:retailer_item_id\" content=\"CLP1-E\" \/>\n<meta property=\"product:condition\" content=\"new\" \/>\n<!-- \/ Yoast SEO plugin. -->","yoast_head_json":{"title":"[ Synology ] &#129351; Clp1-e Licencia Electronica Para Gestionar Y Administrar Camaras Ip En Nas, Solo Incluye 1 Licencia","description":"Compra Clp1-e Licencia Electronica Para Gestionar Y Administrar Camaras Ip En Nas, Solo Incluye 1 Licencia + Env\u00edo a domicilio + Pago seguro + Garant\u00eda","robots":{"index":"index","follow":"follow","max-snippet":"max-snippet:-1","max-image-preview":"max-image-preview:large","max-video-preview":"max-video-preview:-1"},"canonical":"https:\/\/compuviper.mx\/tienda\/producto\/synology-clp1-e-licencia-electronica-para-gestionar-y-administrar-camaras-ip-en-nas-solo-incluye-1-licencia\/","og_locale":"es_MX","og_type":"article","og_title":"[ Synology ] &#129351; Clp1-e Licencia Electronica Para Gestionar Y Administrar Camaras Ip En Nas, Solo Incluye 1 Licencia","og_description":"Compra Clp1-e Licencia Electronica Para Gestionar Y Administrar Camaras Ip En Nas, Solo Incluye 1 Licencia + Env\u00edo a domicilio + Pago seguro + Garant\u00eda","og_url":"https:\/\/compuviper.mx\/tienda\/producto\/synology-clp1-e-licencia-electronica-para-gestionar-y-administrar-camaras-ip-en-nas-solo-incluye-1-licencia\/","og_site_name":"Compuviper","article_publisher":"https:\/\/www.facebook.com\/compuviper","og_image":[{"width":200,"height":200,"url":"https:\/\/compuviper.mx\/tienda\/wp-content\/uploads\/2025\/10\/Licencia-electronica-synology-clp1-e-para-gestionar-y-administrar-camaras-ip-en-nas-solo-incluye-1-licencia.jpg","type":"image\/jpeg"}],"twitter_card":"summary_large_image","twitter_misc":{"Precio":"&#36;1,268 con IVA","Availability":"On backorder"},"schema":{"@context":"https:\/\/schema.org","@graph":[{"@type":"WebPage","@id":"https:\/\/compuviper.mx\/tienda\/producto\/synology-clp1-e-licencia-electronica-para-gestionar-y-administrar-camaras-ip-en-nas-solo-incluye-1-licencia\/","url":"https:\/\/compuviper.mx\/tienda\/producto\/synology-clp1-e-licencia-electronica-para-gestionar-y-administrar-camaras-ip-en-nas-solo-incluye-1-licencia\/","name":"[ Synology ] &#129351; Clp1-e Licencia Electronica Para Gestionar Y Administrar Camaras Ip En Nas, Solo Incluye 1 Licencia","isPartOf":{"@id":"https:\/\/compuviper.mx\/tienda\/#website"},"datePublished":"2026-04-07T08:10:24+00:00","dateModified":"2026-04-07T08:10:24+00:00","description":"Compra Clp1-e Licencia Electronica Para Gestionar Y Administrar Camaras Ip En Nas, Solo Incluye 1 Licencia + Env\u00edo a domicilio + Pago seguro + Garant\u00eda","breadcrumb":{"@id":"https:\/\/compuviper.mx\/tienda\/producto\/synology-clp1-e-licencia-electronica-para-gestionar-y-administrar-camaras-ip-en-nas-solo-incluye-1-licencia\/#breadcrumb"},"inLanguage":"es-MX","potentialAction":[{"@type":"ReadAction","target":["https:\/\/compuviper.mx\/tienda\/producto\/synology-clp1-e-licencia-electronica-para-gestionar-y-administrar-camaras-ip-en-nas-solo-incluye-1-licencia\/"]}]},{"@type":"BreadcrumbList","@id":"https:\/\/compuviper.mx\/tienda\/producto\/synology-clp1-e-licencia-electronica-para-gestionar-y-administrar-camaras-ip-en-nas-solo-incluye-1-licencia\/#breadcrumb","itemListElement":[{"@type":"ListItem","position":1,"name":"Inicio","item":"https:\/\/compuviper.mx\/tienda\/"},{"@type":"ListItem","position":2,"name":"Productos","item":"https:\/\/compuviper.mx\/tienda\/productos\/"},{"@type":"ListItem","position":3,"name":"Software","item":"https:\/\/compuviper.mx\/tienda\/categoria-producto\/software\/"},{"@type":"ListItem","position":4,"name":"Licenciamiento Electronico","item":"https:\/\/compuviper.mx\/tienda\/categoria-producto\/software\/licenciamiento-electronico\/"},{"@type":"ListItem","position":5,"name":"Synology Clp1-e Licencia Electronica Para Gestionar Y Administrar Camaras Ip En Nas, Solo Incluye 1 Licencia"}]},{"@type":"WebSite","@id":"https:\/\/compuviper.mx\/tienda\/#website","url":"https:\/\/compuviper.mx\/tienda\/","name":"Compuviper","description":"Proveedor de Computadoras, Laptops, Servidores, Monitores, Puntos de Venta, Teclados,   Impresoras, T\u00f3ner, C\u00e1maras de Seguridad y m\u00e1s en tu tienda en l\u00ednea","publisher":{"@id":"https:\/\/compuviper.mx\/tienda\/#organization"},"potentialAction":[{"@type":"SearchAction","target":{"@type":"EntryPoint","urlTemplate":"https:\/\/compuviper.mx\/tienda\/?s={search_term_string}"},"query-input":"required name=search_term_string"}],"inLanguage":"es-MX"},{"@type":"Organization","@id":"https:\/\/compuviper.mx\/tienda\/#organization","name":"Compuviper","url":"https:\/\/compuviper.mx\/tienda\/","logo":{"@type":"ImageObject","inLanguage":"es-MX","@id":"https:\/\/compuviper.mx\/tienda\/#\/schema\/logo\/image\/","url":"https:\/\/compuviper.mx\/tienda\/wp-content\/uploads\/2021\/08\/Logo-Compuviper-10.png","contentUrl":"https:\/\/compuviper.mx\/tienda\/wp-content\/uploads\/2021\/08\/Logo-Compuviper-10.png","width":1000,"height":500,"caption":"Compuviper"},"image":{"@id":"https:\/\/compuviper.mx\/tienda\/#\/schema\/logo\/image\/"},"sameAs":["https:\/\/www.facebook.com\/compuviper","https:\/\/www.youtube.com\/channel\/UCf73dERp9Y3cfOq7q8BhLjA?view_as=subscriber"]}]},"product_brand":"SYNOLOGY","product_price_amount":"1268","product_price_currency":"MXN","og_availability":"backorder","product_availability":"available for order","product_retailer_item_id":"CLP1-E","product_condition":"new"},"_links":{"self":[{"href":"https:\/\/compuviper.mx\/tienda\/wp-json\/wp\/v2\/product\/257725"}],"collection":[{"href":"https:\/\/compuviper.mx\/tienda\/wp-json\/wp\/v2\/product"}],"about":[{"href":"https:\/\/compuviper.mx\/tienda\/wp-json\/wp\/v2\/types\/product"}],"replies":[{"embeddable":true,"href":"https:\/\/compuviper.mx\/tienda\/wp-json\/wp\/v2\/comments?post=257725"}],"wp:featuredmedia":[{"embeddable":true,"href":"https:\/\/compuviper.mx\/tienda\/wp-json\/wp\/v2\/media\/258438"}],"wp:attachment":[{"href":"https:\/\/compuviper.mx\/tienda\/wp-json\/wp\/v2\/media?parent=257725"}],"wp:term":[{"taxonomy":"product_cat","embeddable":true,"href":"https:\/\/compuviper.mx\/tienda\/wp-json\/wp\/v2\/product_cat?post=257725"},{"taxonomy":"product_tag","embeddable":true,"href":"https:\/\/compuviper.mx\/tienda\/wp-json\/wp\/v2\/product_tag?post=257725"}],"curies":[{"name":"wp","href":"https:\/\/api.w.org\/{rel}","templated":true}]}}