{"id":257701,"date":"2026-04-18T01:15:10","date_gmt":"2026-04-18T07:15:10","guid":{"rendered":"https:\/\/compuviper.mx\/tienda\/producto\/startech-com-pexusb311ac3-tarjeta-pci-express-usb-c-de-2-puertos-10gbps-usb-a-and-usb-c-tarjeta-adaptadora-controladora-usb-3-2-gen-2-10gbps-startech\/"},"modified":"2026-04-18T01:15:10","modified_gmt":"2026-04-18T07:15:10","slug":"startech-com-pexusb311ac3-tarjeta-pci-express-usb-c-de-2-puertos-10gbps-usb-a-and-usb-c-tarjeta-adaptadora-controladora-usb-3-2-gen-2-10gbps-startech","status":"publish","type":"product","link":"https:\/\/compuviper.mx\/tienda\/producto\/startech-com-pexusb311ac3-tarjeta-pci-express-usb-c-de-2-puertos-10gbps-usb-a-and-usb-c-tarjeta-adaptadora-controladora-usb-3-2-gen-2-10gbps-startech\/","title":{"rendered":"Startech.com Pexusb311ac3 Tarjeta Pci Express Usb-c De 2 Puertos 10gbps Usb-a  And  Usb-c &#8211; Tarjeta Adaptadora Controladora Usb 3.2 Gen 2 (10gbps) Startech"},"content":{"rendered":"<table class=\"descripcion\">\n<tr>\n<td>Alto rendimiento: la tarjeta usb 3.2 gen 2 gen 2 pcie add-on es compatible con multiple in, mantiene el ancho de banda maximo incluso cuando se conectan dispositivos de velocidad mixta; 10gbps por puerto; 1x usb-a y 1x usb-c<\/td>\n<\/tr>\n<tr>\n<td>Alimentacion: la tarjeta de expansion con alimentacion sata proporciona energia suplementaria a los puertos usb (cuando la alimentacion mediante la placa madre no es suficiente), hasta 5v 3a\/15w, a traves del puerto usb-c, y 5v 0,9a\/4.5w a traves del puerto usb-a<\/td>\n<\/tr>\n<tr>\n<td>Maximo rendimiento con dispositivos usb: tarjeta adaptadora de 2 puertos usb-a y usb-c pcie, compatible con el protocolo uasp (usb attached protocolo scsi protocol, puertos usb compatibles con el protocolo scsi), que optimizan el rendimiento usb con dispositivos de almacenamiento externo, como unidades ssd, dd y nvme<\/td>\n<\/tr>\n<tr>\n<td>Compatibilidad: se instala en una ranura pcie 3.0 x4 de perfil bajo o completo (rendimiento inferior con pci-e 2.0) de gabinete de computadora\/servidor con; instalacion automatica de software controlador para windows\/linux\/macos (windows 8 y superior); funciona con usb 3.2\/3.1\/3.0\/2.0<\/td>\n<\/tr>\n<tr>\n<td>La ventaja de startech.com: startech.com ofrece 2 anos de garantia y asistencia las 24 horas para esta tarjeta controladora pci express usb-a y usb-c, con soporte para perfil bajo y perfil completo incluid<\/td>\n<\/tr>\n<\/table>\n","protected":false},"excerpt":{"rendered":"<p>Pcie 3.0 con usb tipo-c  and  usb tipo-a con corriente de 5v 3a\/15w via usb-c y corriente de 5v 0.9a\/4.5w via usb-a | con uasp<\/p>\n","protected":false},"featured_media":260231,"comment_status":"open","ping_status":"open","template":"","meta":[],"product_cat":[1563,1572],"product_tag":[1590],"acf":[],"yoast_head":"<!-- This site is optimized with the Yoast SEO plugin v21.7 - https:\/\/yoast.com\/wordpress\/plugins\/seo\/ -->\n<title>[ Startech.com ] &#129351; Pexusb311ac3 Tarjeta Pci Express Usb-c De 2 Puertos 10gbps Usb-a And Usb-c - Tarjeta Adaptadora Controladora Usb 3.2 Gen 2 (10gbps) Startech<\/title>\n<meta name=\"description\" content=\"Compra Pexusb311ac3 Tarjeta Pci Express Usb-c De 2 Puertos 10gbps Usb-a And Usb-c - Tarjeta Adaptadora Controladora Usb 3.2 Gen 2 (10gbps) Startech + Env\u00edo a domicilio + Pago seguro + Garant\u00eda\" \/>\n<meta name=\"robots\" content=\"index, follow, max-snippet:-1, max-image-preview:large, max-video-preview:-1\" \/>\n<link rel=\"canonical\" href=\"https:\/\/compuviper.mx\/tienda\/producto\/startech-com-pexusb311ac3-tarjeta-pci-express-usb-c-de-2-puertos-10gbps-usb-a-and-usb-c-tarjeta-adaptadora-controladora-usb-3-2-gen-2-10gbps-startech\/\" \/>\n<meta property=\"og:locale\" content=\"es_MX\" \/>\n<meta property=\"og:type\" content=\"article\" \/>\n<meta property=\"og:title\" content=\"[ Startech.com ] &#129351; Pexusb311ac3 Tarjeta Pci Express Usb-c De 2 Puertos 10gbps Usb-a And Usb-c - Tarjeta Adaptadora Controladora Usb 3.2 Gen 2 (10gbps) Startech\" \/>\n<meta property=\"og:description\" content=\"Compra Pexusb311ac3 Tarjeta Pci Express Usb-c De 2 Puertos 10gbps Usb-a And Usb-c - Tarjeta Adaptadora Controladora Usb 3.2 Gen 2 (10gbps) Startech + Env\u00edo a domicilio + Pago seguro + Garant\u00eda\" \/>\n<meta property=\"og:url\" content=\"https:\/\/compuviper.mx\/tienda\/producto\/startech-com-pexusb311ac3-tarjeta-pci-express-usb-c-de-2-puertos-10gbps-usb-a-and-usb-c-tarjeta-adaptadora-controladora-usb-3-2-gen-2-10gbps-startech\/\" \/>\n<meta property=\"og:site_name\" content=\"Compuviper\" \/>\n<meta property=\"article:publisher\" content=\"https:\/\/www.facebook.com\/compuviper\" \/>\n<meta property=\"og:image\" content=\"https:\/\/compuviper.mx\/tienda\/wp-content\/uploads\/2025\/10\/Tarjeta-pci-express-usb-c-de-2-puertos-10gbps-usb-a-and-usb-c-tarjeta-adaptadora-controladora-usb-3.2-gen-2-10gbps-startech.jpg\" \/>\n\t<meta property=\"og:image:width\" content=\"200\" \/>\n\t<meta property=\"og:image:height\" content=\"200\" \/>\n\t<meta property=\"og:image:type\" content=\"image\/jpeg\" \/>\n<meta name=\"twitter:card\" content=\"summary_large_image\" \/>\n<meta name=\"twitter:label1\" content=\"Precio\" \/>\n\t<meta name=\"twitter:data1\" content=\"&#36;1,041 con IVA\" \/>\n\t<meta name=\"twitter:label2\" content=\"Availability\" \/>\n\t<meta name=\"twitter:data2\" content=\"Out of stock\" \/>\n<script type=\"application\/ld+json\" class=\"yoast-schema-graph\">{\"@context\":\"https:\/\/schema.org\",\"@graph\":[{\"@type\":\"WebPage\",\"@id\":\"https:\/\/compuviper.mx\/tienda\/producto\/startech-com-pexusb311ac3-tarjeta-pci-express-usb-c-de-2-puertos-10gbps-usb-a-and-usb-c-tarjeta-adaptadora-controladora-usb-3-2-gen-2-10gbps-startech\/\",\"url\":\"https:\/\/compuviper.mx\/tienda\/producto\/startech-com-pexusb311ac3-tarjeta-pci-express-usb-c-de-2-puertos-10gbps-usb-a-and-usb-c-tarjeta-adaptadora-controladora-usb-3-2-gen-2-10gbps-startech\/\",\"name\":\"[ Startech.com ] &#129351; Pexusb311ac3 Tarjeta Pci Express Usb-c De 2 Puertos 10gbps Usb-a And Usb-c - Tarjeta Adaptadora Controladora Usb 3.2 Gen 2 (10gbps) Startech\",\"isPartOf\":{\"@id\":\"https:\/\/compuviper.mx\/tienda\/#website\"},\"datePublished\":\"2026-04-18T07:15:10+00:00\",\"dateModified\":\"2026-04-18T07:15:10+00:00\",\"description\":\"Compra Pexusb311ac3 Tarjeta Pci Express Usb-c De 2 Puertos 10gbps Usb-a And Usb-c - Tarjeta Adaptadora Controladora Usb 3.2 Gen 2 (10gbps) Startech + Env\u00edo a domicilio + Pago seguro + Garant\u00eda\",\"breadcrumb\":{\"@id\":\"https:\/\/compuviper.mx\/tienda\/producto\/startech-com-pexusb311ac3-tarjeta-pci-express-usb-c-de-2-puertos-10gbps-usb-a-and-usb-c-tarjeta-adaptadora-controladora-usb-3-2-gen-2-10gbps-startech\/#breadcrumb\"},\"inLanguage\":\"es-MX\",\"potentialAction\":[{\"@type\":\"ReadAction\",\"target\":[\"https:\/\/compuviper.mx\/tienda\/producto\/startech-com-pexusb311ac3-tarjeta-pci-express-usb-c-de-2-puertos-10gbps-usb-a-and-usb-c-tarjeta-adaptadora-controladora-usb-3-2-gen-2-10gbps-startech\/\"]}]},{\"@type\":\"BreadcrumbList\",\"@id\":\"https:\/\/compuviper.mx\/tienda\/producto\/startech-com-pexusb311ac3-tarjeta-pci-express-usb-c-de-2-puertos-10gbps-usb-a-and-usb-c-tarjeta-adaptadora-controladora-usb-3-2-gen-2-10gbps-startech\/#breadcrumb\",\"itemListElement\":[{\"@type\":\"ListItem\",\"position\":1,\"name\":\"Inicio\",\"item\":\"https:\/\/compuviper.mx\/tienda\/\"},{\"@type\":\"ListItem\",\"position\":2,\"name\":\"Productos\",\"item\":\"https:\/\/compuviper.mx\/tienda\/productos\/\"},{\"@type\":\"ListItem\",\"position\":3,\"name\":\"Redes\",\"item\":\"https:\/\/compuviper.mx\/tienda\/categoria-producto\/redes\/\"},{\"@type\":\"ListItem\",\"position\":4,\"name\":\"Tarjetas De Red\",\"item\":\"https:\/\/compuviper.mx\/tienda\/categoria-producto\/redes\/tarjetas-de-red\/\"},{\"@type\":\"ListItem\",\"position\":5,\"name\":\"Startech.com Pexusb311ac3 Tarjeta Pci Express Usb-c De 2 Puertos 10gbps Usb-a And Usb-c &#8211; Tarjeta Adaptadora Controladora Usb 3.2 Gen 2 (10gbps) Startech\"}]},{\"@type\":\"WebSite\",\"@id\":\"https:\/\/compuviper.mx\/tienda\/#website\",\"url\":\"https:\/\/compuviper.mx\/tienda\/\",\"name\":\"Compuviper\",\"description\":\"Proveedor de Computadoras, Laptops, Servidores, Monitores, Puntos de Venta, Teclados,   Impresoras, T\u00f3ner, C\u00e1maras de Seguridad y m\u00e1s en tu tienda en l\u00ednea\",\"publisher\":{\"@id\":\"https:\/\/compuviper.mx\/tienda\/#organization\"},\"potentialAction\":[{\"@type\":\"SearchAction\",\"target\":{\"@type\":\"EntryPoint\",\"urlTemplate\":\"https:\/\/compuviper.mx\/tienda\/?s={search_term_string}\"},\"query-input\":\"required name=search_term_string\"}],\"inLanguage\":\"es-MX\"},{\"@type\":\"Organization\",\"@id\":\"https:\/\/compuviper.mx\/tienda\/#organization\",\"name\":\"Compuviper\",\"url\":\"https:\/\/compuviper.mx\/tienda\/\",\"logo\":{\"@type\":\"ImageObject\",\"inLanguage\":\"es-MX\",\"@id\":\"https:\/\/compuviper.mx\/tienda\/#\/schema\/logo\/image\/\",\"url\":\"https:\/\/compuviper.mx\/tienda\/wp-content\/uploads\/2021\/08\/Logo-Compuviper-10.png\",\"contentUrl\":\"https:\/\/compuviper.mx\/tienda\/wp-content\/uploads\/2021\/08\/Logo-Compuviper-10.png\",\"width\":1000,\"height\":500,\"caption\":\"Compuviper\"},\"image\":{\"@id\":\"https:\/\/compuviper.mx\/tienda\/#\/schema\/logo\/image\/\"},\"sameAs\":[\"https:\/\/www.facebook.com\/compuviper\",\"https:\/\/www.youtube.com\/channel\/UCf73dERp9Y3cfOq7q8BhLjA?view_as=subscriber\"]}]}<\/script>\n<meta property=\"product:brand\" content=\"STARTECH.COM\" \/>\n<meta property=\"product:price:amount\" content=\"1041\" \/>\n<meta property=\"product:price:currency\" content=\"MXN\" \/>\n<meta property=\"og:availability\" content=\"out of stock\" \/>\n<meta property=\"product:availability\" content=\"out of stock\" \/>\n<meta property=\"product:retailer_item_id\" content=\"PEXUSB311AC3\" \/>\n<meta property=\"product:condition\" content=\"new\" \/>\n<!-- \/ Yoast SEO plugin. -->","yoast_head_json":{"title":"[ Startech.com ] &#129351; Pexusb311ac3 Tarjeta Pci Express Usb-c De 2 Puertos 10gbps Usb-a And Usb-c - Tarjeta Adaptadora Controladora Usb 3.2 Gen 2 (10gbps) Startech","description":"Compra Pexusb311ac3 Tarjeta Pci Express Usb-c De 2 Puertos 10gbps Usb-a And Usb-c - Tarjeta Adaptadora Controladora Usb 3.2 Gen 2 (10gbps) Startech + Env\u00edo a domicilio + Pago seguro + Garant\u00eda","robots":{"index":"index","follow":"follow","max-snippet":"max-snippet:-1","max-image-preview":"max-image-preview:large","max-video-preview":"max-video-preview:-1"},"canonical":"https:\/\/compuviper.mx\/tienda\/producto\/startech-com-pexusb311ac3-tarjeta-pci-express-usb-c-de-2-puertos-10gbps-usb-a-and-usb-c-tarjeta-adaptadora-controladora-usb-3-2-gen-2-10gbps-startech\/","og_locale":"es_MX","og_type":"article","og_title":"[ Startech.com ] &#129351; Pexusb311ac3 Tarjeta Pci Express Usb-c De 2 Puertos 10gbps Usb-a And Usb-c - Tarjeta Adaptadora Controladora Usb 3.2 Gen 2 (10gbps) Startech","og_description":"Compra Pexusb311ac3 Tarjeta Pci Express Usb-c De 2 Puertos 10gbps Usb-a And Usb-c - Tarjeta Adaptadora Controladora Usb 3.2 Gen 2 (10gbps) Startech + Env\u00edo a domicilio + Pago seguro + Garant\u00eda","og_url":"https:\/\/compuviper.mx\/tienda\/producto\/startech-com-pexusb311ac3-tarjeta-pci-express-usb-c-de-2-puertos-10gbps-usb-a-and-usb-c-tarjeta-adaptadora-controladora-usb-3-2-gen-2-10gbps-startech\/","og_site_name":"Compuviper","article_publisher":"https:\/\/www.facebook.com\/compuviper","og_image":[{"width":200,"height":200,"url":"https:\/\/compuviper.mx\/tienda\/wp-content\/uploads\/2025\/10\/Tarjeta-pci-express-usb-c-de-2-puertos-10gbps-usb-a-and-usb-c-tarjeta-adaptadora-controladora-usb-3.2-gen-2-10gbps-startech.jpg","type":"image\/jpeg"}],"twitter_card":"summary_large_image","twitter_misc":{"Precio":"&#36;1,041 con IVA","Availability":"Out of stock"},"schema":{"@context":"https:\/\/schema.org","@graph":[{"@type":"WebPage","@id":"https:\/\/compuviper.mx\/tienda\/producto\/startech-com-pexusb311ac3-tarjeta-pci-express-usb-c-de-2-puertos-10gbps-usb-a-and-usb-c-tarjeta-adaptadora-controladora-usb-3-2-gen-2-10gbps-startech\/","url":"https:\/\/compuviper.mx\/tienda\/producto\/startech-com-pexusb311ac3-tarjeta-pci-express-usb-c-de-2-puertos-10gbps-usb-a-and-usb-c-tarjeta-adaptadora-controladora-usb-3-2-gen-2-10gbps-startech\/","name":"[ Startech.com ] &#129351; Pexusb311ac3 Tarjeta Pci Express Usb-c De 2 Puertos 10gbps Usb-a And Usb-c - Tarjeta Adaptadora Controladora Usb 3.2 Gen 2 (10gbps) Startech","isPartOf":{"@id":"https:\/\/compuviper.mx\/tienda\/#website"},"datePublished":"2026-04-18T07:15:10+00:00","dateModified":"2026-04-18T07:15:10+00:00","description":"Compra Pexusb311ac3 Tarjeta Pci Express Usb-c De 2 Puertos 10gbps Usb-a And Usb-c - Tarjeta Adaptadora Controladora Usb 3.2 Gen 2 (10gbps) Startech + Env\u00edo a domicilio + Pago seguro + Garant\u00eda","breadcrumb":{"@id":"https:\/\/compuviper.mx\/tienda\/producto\/startech-com-pexusb311ac3-tarjeta-pci-express-usb-c-de-2-puertos-10gbps-usb-a-and-usb-c-tarjeta-adaptadora-controladora-usb-3-2-gen-2-10gbps-startech\/#breadcrumb"},"inLanguage":"es-MX","potentialAction":[{"@type":"ReadAction","target":["https:\/\/compuviper.mx\/tienda\/producto\/startech-com-pexusb311ac3-tarjeta-pci-express-usb-c-de-2-puertos-10gbps-usb-a-and-usb-c-tarjeta-adaptadora-controladora-usb-3-2-gen-2-10gbps-startech\/"]}]},{"@type":"BreadcrumbList","@id":"https:\/\/compuviper.mx\/tienda\/producto\/startech-com-pexusb311ac3-tarjeta-pci-express-usb-c-de-2-puertos-10gbps-usb-a-and-usb-c-tarjeta-adaptadora-controladora-usb-3-2-gen-2-10gbps-startech\/#breadcrumb","itemListElement":[{"@type":"ListItem","position":1,"name":"Inicio","item":"https:\/\/compuviper.mx\/tienda\/"},{"@type":"ListItem","position":2,"name":"Productos","item":"https:\/\/compuviper.mx\/tienda\/productos\/"},{"@type":"ListItem","position":3,"name":"Redes","item":"https:\/\/compuviper.mx\/tienda\/categoria-producto\/redes\/"},{"@type":"ListItem","position":4,"name":"Tarjetas De Red","item":"https:\/\/compuviper.mx\/tienda\/categoria-producto\/redes\/tarjetas-de-red\/"},{"@type":"ListItem","position":5,"name":"Startech.com Pexusb311ac3 Tarjeta Pci Express Usb-c De 2 Puertos 10gbps Usb-a And Usb-c &#8211; Tarjeta Adaptadora Controladora Usb 3.2 Gen 2 (10gbps) Startech"}]},{"@type":"WebSite","@id":"https:\/\/compuviper.mx\/tienda\/#website","url":"https:\/\/compuviper.mx\/tienda\/","name":"Compuviper","description":"Proveedor de Computadoras, Laptops, Servidores, Monitores, Puntos de Venta, Teclados,   Impresoras, T\u00f3ner, C\u00e1maras de Seguridad y m\u00e1s en tu tienda en l\u00ednea","publisher":{"@id":"https:\/\/compuviper.mx\/tienda\/#organization"},"potentialAction":[{"@type":"SearchAction","target":{"@type":"EntryPoint","urlTemplate":"https:\/\/compuviper.mx\/tienda\/?s={search_term_string}"},"query-input":"required name=search_term_string"}],"inLanguage":"es-MX"},{"@type":"Organization","@id":"https:\/\/compuviper.mx\/tienda\/#organization","name":"Compuviper","url":"https:\/\/compuviper.mx\/tienda\/","logo":{"@type":"ImageObject","inLanguage":"es-MX","@id":"https:\/\/compuviper.mx\/tienda\/#\/schema\/logo\/image\/","url":"https:\/\/compuviper.mx\/tienda\/wp-content\/uploads\/2021\/08\/Logo-Compuviper-10.png","contentUrl":"https:\/\/compuviper.mx\/tienda\/wp-content\/uploads\/2021\/08\/Logo-Compuviper-10.png","width":1000,"height":500,"caption":"Compuviper"},"image":{"@id":"https:\/\/compuviper.mx\/tienda\/#\/schema\/logo\/image\/"},"sameAs":["https:\/\/www.facebook.com\/compuviper","https:\/\/www.youtube.com\/channel\/UCf73dERp9Y3cfOq7q8BhLjA?view_as=subscriber"]}]},"product_brand":"STARTECH.COM","product_price_amount":"1041","product_price_currency":"MXN","og_availability":"out of stock","product_availability":"out of stock","product_retailer_item_id":"PEXUSB311AC3","product_condition":"new"},"_links":{"self":[{"href":"https:\/\/compuviper.mx\/tienda\/wp-json\/wp\/v2\/product\/257701"}],"collection":[{"href":"https:\/\/compuviper.mx\/tienda\/wp-json\/wp\/v2\/product"}],"about":[{"href":"https:\/\/compuviper.mx\/tienda\/wp-json\/wp\/v2\/types\/product"}],"replies":[{"embeddable":true,"href":"https:\/\/compuviper.mx\/tienda\/wp-json\/wp\/v2\/comments?post=257701"}],"wp:featuredmedia":[{"embeddable":true,"href":"https:\/\/compuviper.mx\/tienda\/wp-json\/wp\/v2\/media\/260231"}],"wp:attachment":[{"href":"https:\/\/compuviper.mx\/tienda\/wp-json\/wp\/v2\/media?parent=257701"}],"wp:term":[{"taxonomy":"product_cat","embeddable":true,"href":"https:\/\/compuviper.mx\/tienda\/wp-json\/wp\/v2\/product_cat?post=257701"},{"taxonomy":"product_tag","embeddable":true,"href":"https:\/\/compuviper.mx\/tienda\/wp-json\/wp\/v2\/product_tag?post=257701"}],"curies":[{"name":"wp","href":"https:\/\/api.w.org\/{rel}","templated":true}]}}