{"id":257699,"date":"2026-04-16T00:53:26","date_gmt":"2026-04-16T06:53:26","guid":{"rendered":"https:\/\/compuviper.mx\/tienda\/producto\/lg-86uh5n-monitor-de-sealizacion-digital-de-86-uso-24-7-brillo-500-nits-bisel-14-9-b-profundidad-57-9-mm-interfaz-hdmi-3-dp-dvi-d-usb-2-0-rs232c-rj45-audio-ir\/"},"modified":"2026-04-16T00:53:26","modified_gmt":"2026-04-16T06:53:26","slug":"lg-86uh5n-monitor-de-sealizacion-digital-de-86-uso-24-7-brillo-500-nits-bisel-14-9-b-profundidad-57-9-mm-interfaz-hdmi-3-dp-dvi-d-usb-2-0-rs232c-rj45-audio-ir","status":"publish","type":"product","link":"https:\/\/compuviper.mx\/tienda\/producto\/lg-86uh5n-monitor-de-sealizacion-digital-de-86-uso-24-7-brillo-500-nits-bisel-14-9-b-profundidad-57-9-mm-interfaz-hdmi-3-dp-dvi-d-usb-2-0-rs232c-rj45-audio-ir\/","title":{"rendered":"Lg 86uh5n Monitor De Se?alizacion Digital  De 86 Uso 24\/7 Brillo 500 Nits Bisel 14.9 B Profundidad 57.9 Mm Interfaz Hdmi 3 \/ Dp \/ Dvi-d \/ Usb 2.0 \/ Rs232c \/ Rj45 \/ Audio \/ Ir"},"content":{"rendered":"<table class=\"descripcion\">\n<tr>\n<td>Informaci\u00f3n del producto<\/td>\n<\/tr>\n<tr>\n<td>Est\u00e1ndar (uhd): a\u00f1o y23<\/td>\n<\/tr>\n<tr>\n<td>Mes: m08<\/td>\n<\/tr>\n<tr>\n<td>Panel<\/td>\n<\/tr>\n<tr>\n<td>Tama\u00f1o de pantalla (pulgadas): 86<\/td>\n<\/tr>\n<tr>\n<td>Tecnolog\u00eda de paneles: ips<\/td>\n<\/tr>\n<tr>\n<td>Tipo de luz de fondo: borde<\/td>\n<\/tr>\n<tr>\n<td>Relaci\u00f3n de aspecto: 16:9<\/td>\n<\/tr>\n<tr>\n<td>Resoluci\u00f3n nativa: 3840 x 2160 (uhd)<\/td>\n<\/tr>\n<tr>\n<td>Frecuencia de actualizaci\u00f3n: 120 hz<\/td>\n<\/tr>\n<tr>\n<td>Brillo (t\u00edpico): 500 nit (t\u00edpico)<\/td>\n<\/tr>\n<tr>\n<td>Relaci\u00f3n de contraste: 1,200:1<\/td>\n<\/tr>\n<tr>\n<td>Cr din\u00e1mico: 1,000,000:1<\/td>\n<\/tr>\n<tr>\n<td>Gama de colores: bt709 95%<\/td>\n<\/tr>\n<tr>\n<td>\u00e1ngulo de visi\u00f3n (h x v): 178 x 178<\/td>\n<\/tr>\n<tr>\n<td>Profundidad de color (n\u00famero de colores): 8 bits (d), 1,070 millones de colores<\/td>\n<\/tr>\n<tr>\n<td>Tiempo de respuesta: 8 ms (g a g)<\/td>\n<\/tr>\n<tr>\n<td>Tratamiento de superficies (neblina): 25%<\/td>\n<\/tr>\n<tr>\n<td>Tiempo de vida: 50,000 horas (m\u00edn.)<\/td>\n<\/tr>\n<tr>\n<td>Horas de operaci\u00f3n (horas\/d\u00eda): 24\/7<\/td>\n<\/tr>\n<tr>\n<td>Retrato \/ paisaje: s\u00ed \/ s\u00ed<\/td>\n<\/tr>\n<tr>\n<td>Conectividad (interfaz jack)<\/td>\n<\/tr>\n<tr>\n<td>Entrada hdmi: s\u00ed (3), 3840&#215;2160 a 60 hz, hdcp 2.2\/1.4<\/td>\n<\/tr>\n<tr>\n<td>Dp en: s\u00ed (1), 3840&#215;2160 a 60 hz, hdcp 2.2\/1.3<\/td>\n<\/tr>\n<tr>\n<td>Entrada rs232c: s\u00ed (1), conector telef\u00f3nico de 4 pines<\/td>\n<\/tr>\n<tr>\n<td>Entrada rj45 (lan): s\u00ed (1)<\/td>\n<\/tr>\n<tr>\n<td>Ir en: s\u00ed (1)<\/td>\n<\/tr>\n<tr>\n<td>Entrada usb: usb 2.0 tipo a (2)<\/td>\n<\/tr>\n<tr>\n<td>Salida de audio: s\u00ed (1)<\/td>\n<\/tr>\n<tr>\n<td>Salida rs232c: s\u00ed (1), conector telef\u00f3nico de 4 pines<\/td>\n<\/tr>\n<tr>\n<td>Salida de infrarrojos: no (compatible con conexi\u00f3n en cadena mediante entrada\/salida rs232c)<\/td>\n<\/tr>\n<tr>\n<td>Mec\u00e1nico<\/td>\n<\/tr>\n<tr>\n<td>Color del bisel: negro<\/td>\n<\/tr>\n<tr>\n<td>Ancho del bisel: 13.4 mm<\/td>\n<\/tr>\n<tr>\n<td>Peso (cabeza): 52.7 kg (por determinar)<\/td>\n<\/tr>\n<tr>\n<td>Peso empaquetado: 65.5 kg (por determinar)<\/td>\n<\/tr>\n<tr>\n<td>Dimensiones del monitor (an. x al. x pr.): 1928.8 x 1099.8 x 29.7 mm (sin ir ni asa)<\/td>\n<\/tr>\n<tr>\n<td>Dimensiones de la caja (an. x al. x pr.): 2100 x 1250 x 253 mm (por determinar)<\/td>\n<\/tr>\n<tr>\n<td>Manejar: s\u00ed<\/td>\n<\/tr>\n<tr>\n<td>Interfaz de montaje est\u00e1ndar vesa\u0099: 600 x 400<\/td>\n<\/tr>\n<tr>\n<td>Caracter\u00edsticas de hardware<\/td>\n<\/tr>\n<tr>\n<td>Memoria interna (emmc): 16 gb<\/td>\n<\/tr>\n<tr>\n<td>Wi-fi\/bt (integrado): s\u00ed<\/td>\n<\/tr>\n<tr>\n<td>Sensor de temperatura: s\u00ed<\/td>\n<\/tr>\n<tr>\n<td>Sensor de brillo autom\u00e1tico: s\u00ed (ir)<\/td>\n<\/tr>\n<tr>\n<td>Sensor de aceleraci\u00f3n (giroscopio): s\u00ed<\/td>\n<\/tr>\n<tr>\n<td>Operaci\u00f3n de tecla local: s\u00ed<\/td>\n<\/tr>\n<tr>\n<td>Funci\u00f3n sw<\/td>\n<\/tr>\n<tr>\n<td>Versi\u00f3n del sistema operativo: webos 6.0<\/td>\n<\/tr>\n<tr>\n<td>Programaci\u00f3n de contenidos locales: s\u00ed<\/td>\n<\/tr>\n<tr>\n<td>Gerente de grupo: s\u00ed<\/td>\n<\/tr>\n<tr>\n<td>Usb plug  and  play: s\u00ed<\/td>\n<\/tr>\n<tr>\n<td>Conmutaci\u00f3n por error: s\u00ed<\/td>\n<\/tr>\n<tr>\n<td>Imagen del logotipo de arranque: s\u00ed<\/td>\n<\/tr>\n<tr>\n<td>Sin imagen de se\u00f1al: s\u00ed<\/td>\n<\/tr>\n<tr>\n<td>Sincronizaci\u00f3n rs232c: s\u00ed<\/td>\n<\/tr>\n<tr>\n<td>Sincronizaci\u00f3n de red local: s\u00ed<\/td>\n<\/tr>\n<tr>\n<td>Pepita: s\u00ed<\/td>\n<\/tr>\n<tr>\n<td>Pbp: s\u00ed (4)<\/td>\n<\/tr>\n<tr>\n<td>Compartir pantalla: s\u00ed<\/td>\n<\/tr>\n<tr>\n<td>Etiqueta de v\u00eddeo: s\u00ed (4)<\/td>\n<\/tr>\n<tr>\n<td>Jugar a trav\u00e9s de url: s\u00ed<\/td>\n<\/tr>\n<tr>\n<td>Rotaci\u00f3n de pantalla: s\u00ed<\/td>\n<\/tr>\n<tr>\n<td>Rotaci\u00f3n de entrada externa: s\u00ed<\/td>\n<\/tr>\n<tr>\n<td>Reproducci\u00f3n sin interrupciones: s\u00ed<\/td>\n<\/tr>\n<tr>\n<td>Configuraci\u00f3n del modo mosaico: s\u00ed (m\u00e1x. 15&#215;15)<\/td>\n<\/tr>\n<tr>\n<td>Configuraci\u00f3n de clonaci\u00f3n de datos: s\u00ed<\/td>\n<\/tr>\n<tr>\n<td>Snmp: s\u00ed<\/td>\n<\/tr>\n<tr>\n<td>M\u00e9todo ism: s\u00ed<\/td>\n<\/tr>\n<tr>\n<td>Id de configuraci\u00f3n autom\u00e1tica: s\u00ed<\/td>\n<\/tr>\n<tr>\n<td>Estado del correo: s\u00ed<\/td>\n<\/tr>\n<tr>\n<td>Gerente de control: s\u00ed<\/td>\n<\/tr>\n<tr>\n<td>Certificaci\u00f3n de cisco: s\u00ed (por determinar)<\/td>\n<\/tr>\n<tr>\n<td>Crestron conectado: s\u00ed<\/td>\n<\/tr>\n<tr>\n<td>Ahorro de energ\u00eda inteligente: s\u00ed<\/td>\n<\/tr>\n<tr>\n<td>Modo pm: s\u00ed<\/td>\n<\/tr>\n<tr>\n<td>Activaci\u00f3n en lan: s\u00ed<\/td>\n<\/tr>\n<tr>\n<td>Listo para la red: s\u00ed<\/td>\n<\/tr>\n<tr>\n<td>Faro: s\u00ed<\/td>\n<\/tr>\n<tr>\n<td>Hdmi-cec: s\u00ed<\/td>\n<\/tr>\n<tr>\n<td>Configuraci\u00f3n del servidor si: s\u00ed<\/td>\n<\/tr>\n<tr>\n<td>Webrtc: s\u00ed<\/td>\n<\/tr>\n<tr>\n<td>Pro: idioma: s\u00ed<\/td>\n<\/tr>\n<tr>\n<td>Condiciones ambientales<\/td>\n<\/tr>\n<tr>\n<td>Temperatura de funcionamiento: 0\u00b0c a 40\u00b0c<\/td>\n<\/tr>\n<tr>\n<td>Humedad de funcionamiento: 10 % a 80 %<\/td>\n<\/tr>\n<tr>\n<td>Consumo de energ\u00eda<\/td>\n<\/tr>\n<tr>\n<td>T\u00edpico: 197w (por determinar)<\/td>\n<\/tr>\n<tr>\n<td>M\u00e1x.: 297w (por determinar)<\/td>\n<\/tr>\n<tr>\n<td>Btu: 672 btu\/h (t\u00edpico), 1013 btu\/h (m\u00e1ximo) (por determinar)<\/td>\n<\/tr>\n<tr>\n<td>Ahorro de energ\u00eda inteligente (70%): 138w (por determinar)<\/td>\n<\/tr>\n<tr>\n<td>Director de proyectos: 0.5w<\/td>\n<\/tr>\n<tr>\n<td>Apagado: 0.5w<\/td>\n<\/tr>\n<tr>\n<td>Sonido<\/td>\n<\/tr>\n<tr>\n<td>Altavoz (integrado): s\u00ed (10w x 2)<\/td>\n<\/tr>\n<tr>\n<td>Proceso de dar un t\u00edtulo (certificaciones)<\/td>\n<\/tr>\n<tr>\n<td>Seguridad: cb \/ nrtl<\/td>\n<\/tr>\n<tr>\n<td>Compatibilidad electromagn\u00e9tica: clase \u0093b\u0094 de la fcc \/ ce \/ kc<\/td>\n<\/tr>\n<tr>\n<td>Erp \/ energy star: n\/a \/ s\u00ed<\/td>\n<\/tr>\n<tr>\n<td>Epeat (solo ee. uu.): s\u00ed \/ carbono \u0093reduciendo el co2\u0094<\/td>\n<\/tr>\n<tr>\n<td>Bs476 parte 7: clase 1 (cubierta superior\/cubierta posterior)<\/td>\n<\/tr>\n<tr>\n<td>En13501-1: clase a1 (cubierta superior) \/ clase a2 (cubierta posterior)<\/td>\n<\/tr>\n<tr>\n<td>Compatibilidad de software<\/td>\n<\/tr>\n<tr>\n<td>Sistema de gesti\u00f3n de contenidos supersign: s\u00ed<\/td>\n<\/tr>\n<tr>\n<td>Supersign control+: s\u00ed<\/td>\n<\/tr>\n<tr>\n<td>Supersign wb: s\u00ed<\/td>\n<\/tr>\n<tr>\n<td>Nube supersign: s\u00ed<\/td>\n<\/tr>\n<tr>\n<td>Cms m\u00f3vil: s\u00ed<\/td>\n<\/tr>\n<tr>\n<td>Atenci\u00f3n conectada: s\u00ed<\/td>\n<\/tr>\n<tr>\n<td>Idioma<\/td>\n<\/tr>\n<tr>\n<td>Osd: ingl\u00e9s, franc\u00e9s, alem\u00e1n, espa\u00f1ol, italiano, coreano, chino (simplificado), chino (tradicional), portugu\u00e9s (brasil), sueco, finland\u00e9s, noruego, dan\u00e9s, ruso, japon\u00e9s, portugu\u00e9s (europa), holand\u00e9s, checo, griego, turco, \u00e1rabe<\/td>\n<\/tr>\n<tr>\n<td>Accesorios<\/td>\n<\/tr>\n<tr>\n<td>B\u00e1sico: control remoto (incluye 2 pilas), cable de alimentaci\u00f3n, gu\u00eda de inicio r\u00e1pido, libro de regulaciones, conector de tel\u00e9fono a rs232c, soporte para cable (6 unidades), soporte para cable (7 pines\/1 unidad)<\/td>\n<\/tr>\n<tr>\n<td>Opcional: montaje en pared (lsw640a\/b)<\/td>\n<\/tr>\n<tr>\n<td>Caracter\u00edstica especial<\/td>\n<\/tr>\n<tr>\n<td>Clasificaci\u00f3n ip: ip5x<\/td>\n<\/tr>\n<tr>\n<td>Recubrimiento conformado (placa de alimentaci\u00f3n): s\u00ed<\/td>\n<\/tr>\n<\/table>\n","protected":false},"excerpt":{"rendered":"<p>Pantalla de se\u00f1alizaci\u00f3n uhd de gran tama\u00f1o y dise\u00f1o delgado. Pantalla grande llamativa. Una pantalla grande capta la atenci\u00f3n de los usuarios. El modelo de 86 pulgadas admite 120 hz, lo que permite una visualizaci\u00f3n fluida del contenido. Dise\u00f1o robusto con resistencia al fuego y a las llamas. La cubierta exterior del producto est\u00e1 dise\u00f1ada para resistir eficazmente la propagaci\u00f3n del fuego, lo que lo convierte en una excelente opci\u00f3n para su instalaci\u00f3n en espacios p\u00fablicos. Profundidad delgada con bisel uniforme. A pesar de su gran pantalla, el uh5n-m cuenta con una profundidad reducida, lo cual resulta ventajoso para el dise\u00f1o de interiores. Para evitar problemas visuales al ajustar el modo vertical, el bisel mantiene un grosor uniforme en los cuatro lados, proporcionando una simetr\u00eda uniforme en las partes superior, inferior, izquierda y derecha. Por lo tanto, es un modelo ideal para diversas opciones de estilo. Operaci\u00f3n vers\u00e1til con multi-usb. Con dos puertos usb, el uh5n-m ofrece opciones de uso vers\u00e1tiles. Por ejemplo, permite controlar el contenido en la pantalla mientras se usan simult\u00e1neamente otros dispositivos conectados. Esto incluye tareas pr\u00e1cticas como descargar archivos ppt desde dispositivos de almacenamiento externos mientras se usa el rat\u00f3n o el teclado durante una reuni\u00f3n. Pantalla de alta resoluci\u00f3n. Ofrece una resoluci\u00f3n cuatro veces superior a la fhd, lo que satisface visualmente a los clientes. Adem\u00e1s, el revestimiento antirreflejo de la pantalla reduce el reflejo en entornos con mucha luz, lo que aumenta la visibilidad y la legibilidad, ofreciendo a los clientes una pantalla c\u00f3moda. Conveniente plataforma webos. El uh5n-m est\u00e1 equipado con un soc de alto rendimiento que permite realizar m\u00faltiples tareas sin un reproductor multimedia independiente. La plataforma webos proporciona herramientas de desarrollo de aplicaciones con una interfaz de usuario intuitiva que facilita la conexi\u00f3n con sensores externos y aplicaciones webos asociadas para crear un entorno optimizado para la integraci\u00f3n de sistemas. Durabilidad que proporciona confiabilidad. Optimizado para entornos comerciales, el uh5n-m est\u00e1 protegido contra el \u00f3xido y el polvo con revestimiento protector y certificaci\u00f3n ip5x, lo que permite un funcionamiento estable. Funciones de seguridad mejoradas. El uh5n-m ofrece funciones de seguridad avanzadas, como la tecnolog\u00eda enhanced kernel protection (ekp) de lg, que protege datos importantes contra accesos externos o ataques. Lg uhd signage tambi\u00e9n cuenta con certificaciones fiables en seguridad de la informaci\u00f3n, que protegen los datos y negocios de sus clientes. Por ejemplo, este modelo cuenta con la certificaci\u00f3n iso\/iec 15408 common criteria eal2. Soluciones supersign. Supersign es una soluci\u00f3n integrada e intuitiva de gesti\u00f3n de contenido para una se\u00f1alizaci\u00f3n digital creativa y organizada en su espacio, conectando a los clientes con una gama de servicios con experiencias de usuario pr\u00e1cticas. Existen diversas versiones, como supersign cloud, as\u00ed que descubra y disfrute la que mejor se adecue a sus necesidades.<\/p>\n","protected":false},"featured_media":260019,"comment_status":"open","ping_status":"open","template":"","meta":[],"product_cat":[1740,1741],"product_tag":[1687],"acf":[],"yoast_head":"<!-- This site is optimized with the Yoast SEO plugin v21.7 - https:\/\/yoast.com\/wordpress\/plugins\/seo\/ -->\n<title>[ Lg ] &#129351; 86uh5n Monitor De Se\u00f1alizacion Digital De 86 Uso 24\/7 Brillo 500 Nits Bisel 14.9 B Profundidad 57.9 Mm Interfaz Hdmi 3 \/ Dp \/ Dvi-d \/ Usb 2.0 \/ Rs232c \/ Rj45 \/ Audio \/ Ir<\/title>\n<meta name=\"description\" content=\"Compra 86uh5n Monitor De Se\u00f1alizacion Digital De 86 Uso 24\/7 Brillo 500 Nits Bisel 14.9 B Profundidad 57.9 Mm Interfaz Hdmi 3 \/ Dp \/ Dvi-d \/ Usb 2.0 \/ Rs232c \/ Rj45 \/ Audio \/ Ir + Env\u00edo a domicilio + Pago seguro + Garant\u00eda\" \/>\n<meta name=\"robots\" content=\"index, follow, max-snippet:-1, max-image-preview:large, max-video-preview:-1\" \/>\n<link rel=\"canonical\" href=\"https:\/\/compuviper.mx\/tienda\/producto\/lg-86uh5n-monitor-de-sealizacion-digital-de-86-uso-24-7-brillo-500-nits-bisel-14-9-b-profundidad-57-9-mm-interfaz-hdmi-3-dp-dvi-d-usb-2-0-rs232c-rj45-audio-ir\/\" \/>\n<meta property=\"og:locale\" content=\"es_MX\" \/>\n<meta property=\"og:type\" content=\"article\" \/>\n<meta property=\"og:title\" content=\"[ Lg ] &#129351; 86uh5n Monitor De Se\u00f1alizacion Digital De 86 Uso 24\/7 Brillo 500 Nits Bisel 14.9 B Profundidad 57.9 Mm Interfaz Hdmi 3 \/ Dp \/ Dvi-d \/ Usb 2.0 \/ Rs232c \/ Rj45 \/ Audio \/ Ir\" \/>\n<meta property=\"og:description\" content=\"Compra 86uh5n Monitor De Se\u00f1alizacion Digital De 86 Uso 24\/7 Brillo 500 Nits Bisel 14.9 B Profundidad 57.9 Mm Interfaz Hdmi 3 \/ Dp \/ Dvi-d \/ Usb 2.0 \/ Rs232c \/ Rj45 \/ Audio \/ Ir + Env\u00edo a domicilio + Pago seguro + Garant\u00eda\" \/>\n<meta property=\"og:url\" content=\"https:\/\/compuviper.mx\/tienda\/producto\/lg-86uh5n-monitor-de-sealizacion-digital-de-86-uso-24-7-brillo-500-nits-bisel-14-9-b-profundidad-57-9-mm-interfaz-hdmi-3-dp-dvi-d-usb-2-0-rs232c-rj45-audio-ir\/\" \/>\n<meta property=\"og:site_name\" content=\"Compuviper\" \/>\n<meta property=\"article:publisher\" content=\"https:\/\/www.facebook.com\/compuviper\" \/>\n<meta property=\"og:image\" content=\"https:\/\/compuviper.mx\/tienda\/wp-content\/uploads\/2025\/10\/Monitor-de-senalizacion-digital-lg-de-86-uso-247-brillo-500-nits-bisel-14.9-b-profundidad-57.9-mm-interfaz-hdmi-3-dp-dvi-d-usb-2.0-rs232c-rj45-audio-ir.jpg\" \/>\n\t<meta property=\"og:image:width\" content=\"200\" \/>\n\t<meta property=\"og:image:height\" content=\"200\" \/>\n\t<meta property=\"og:image:type\" content=\"image\/jpeg\" \/>\n<meta name=\"twitter:card\" content=\"summary_large_image\" \/>\n<meta name=\"twitter:label1\" content=\"Precio\" \/>\n\t<meta name=\"twitter:data1\" content=\"&#36;50,066 &#36;48,515 con IVA\" \/>\n\t<meta name=\"twitter:label2\" content=\"Availability\" \/>\n\t<meta name=\"twitter:data2\" content=\"In stock\" \/>\n<script type=\"application\/ld+json\" class=\"yoast-schema-graph\">{\"@context\":\"https:\/\/schema.org\",\"@graph\":[{\"@type\":\"WebPage\",\"@id\":\"https:\/\/compuviper.mx\/tienda\/producto\/lg-86uh5n-monitor-de-sealizacion-digital-de-86-uso-24-7-brillo-500-nits-bisel-14-9-b-profundidad-57-9-mm-interfaz-hdmi-3-dp-dvi-d-usb-2-0-rs232c-rj45-audio-ir\/\",\"url\":\"https:\/\/compuviper.mx\/tienda\/producto\/lg-86uh5n-monitor-de-sealizacion-digital-de-86-uso-24-7-brillo-500-nits-bisel-14-9-b-profundidad-57-9-mm-interfaz-hdmi-3-dp-dvi-d-usb-2-0-rs232c-rj45-audio-ir\/\",\"name\":\"[ Lg ] &#129351; 86uh5n Monitor De Se\u00f1alizacion Digital De 86 Uso 24\/7 Brillo 500 Nits Bisel 14.9 B Profundidad 57.9 Mm Interfaz Hdmi 3 \/ Dp \/ Dvi-d \/ Usb 2.0 \/ Rs232c \/ Rj45 \/ Audio \/ Ir\",\"isPartOf\":{\"@id\":\"https:\/\/compuviper.mx\/tienda\/#website\"},\"datePublished\":\"2026-04-16T06:53:26+00:00\",\"dateModified\":\"2026-04-16T06:53:26+00:00\",\"description\":\"Compra 86uh5n Monitor De Se\u00f1alizacion Digital De 86 Uso 24\/7 Brillo 500 Nits Bisel 14.9 B Profundidad 57.9 Mm Interfaz Hdmi 3 \/ Dp \/ Dvi-d \/ Usb 2.0 \/ Rs232c \/ Rj45 \/ Audio \/ Ir + Env\u00edo a domicilio + Pago seguro + Garant\u00eda\",\"breadcrumb\":{\"@id\":\"https:\/\/compuviper.mx\/tienda\/producto\/lg-86uh5n-monitor-de-sealizacion-digital-de-86-uso-24-7-brillo-500-nits-bisel-14-9-b-profundidad-57-9-mm-interfaz-hdmi-3-dp-dvi-d-usb-2-0-rs232c-rj45-audio-ir\/#breadcrumb\"},\"inLanguage\":\"es-MX\",\"potentialAction\":[{\"@type\":\"ReadAction\",\"target\":[\"https:\/\/compuviper.mx\/tienda\/producto\/lg-86uh5n-monitor-de-sealizacion-digital-de-86-uso-24-7-brillo-500-nits-bisel-14-9-b-profundidad-57-9-mm-interfaz-hdmi-3-dp-dvi-d-usb-2-0-rs232c-rj45-audio-ir\/\"]}]},{\"@type\":\"BreadcrumbList\",\"@id\":\"https:\/\/compuviper.mx\/tienda\/producto\/lg-86uh5n-monitor-de-sealizacion-digital-de-86-uso-24-7-brillo-500-nits-bisel-14-9-b-profundidad-57-9-mm-interfaz-hdmi-3-dp-dvi-d-usb-2-0-rs232c-rj45-audio-ir\/#breadcrumb\",\"itemListElement\":[{\"@type\":\"ListItem\",\"position\":1,\"name\":\"Inicio\",\"item\":\"https:\/\/compuviper.mx\/tienda\/\"},{\"@type\":\"ListItem\",\"position\":2,\"name\":\"Productos\",\"item\":\"https:\/\/compuviper.mx\/tienda\/productos\/\"},{\"@type\":\"ListItem\",\"position\":3,\"name\":\"Monitores\",\"item\":\"https:\/\/compuviper.mx\/tienda\/categoria-producto\/monitores\/\"},{\"@type\":\"ListItem\",\"position\":4,\"name\":\"Led\",\"item\":\"https:\/\/compuviper.mx\/tienda\/categoria-producto\/monitores\/led\/\"},{\"@type\":\"ListItem\",\"position\":5,\"name\":\"Lg 86uh5n Monitor De Se?alizacion Digital De 86 Uso 24\/7 Brillo 500 Nits Bisel 14.9 B Profundidad 57.9 Mm Interfaz Hdmi 3 \/ Dp \/ Dvi-d \/ Usb 2.0 \/ Rs232c \/ Rj45 \/ Audio \/ Ir\"}]},{\"@type\":\"WebSite\",\"@id\":\"https:\/\/compuviper.mx\/tienda\/#website\",\"url\":\"https:\/\/compuviper.mx\/tienda\/\",\"name\":\"Compuviper\",\"description\":\"Proveedor de Computadoras, Laptops, Servidores, Monitores, Puntos de Venta, Teclados,   Impresoras, T\u00f3ner, C\u00e1maras de Seguridad y m\u00e1s en tu tienda en l\u00ednea\",\"publisher\":{\"@id\":\"https:\/\/compuviper.mx\/tienda\/#organization\"},\"potentialAction\":[{\"@type\":\"SearchAction\",\"target\":{\"@type\":\"EntryPoint\",\"urlTemplate\":\"https:\/\/compuviper.mx\/tienda\/?s={search_term_string}\"},\"query-input\":\"required name=search_term_string\"}],\"inLanguage\":\"es-MX\"},{\"@type\":\"Organization\",\"@id\":\"https:\/\/compuviper.mx\/tienda\/#organization\",\"name\":\"Compuviper\",\"url\":\"https:\/\/compuviper.mx\/tienda\/\",\"logo\":{\"@type\":\"ImageObject\",\"inLanguage\":\"es-MX\",\"@id\":\"https:\/\/compuviper.mx\/tienda\/#\/schema\/logo\/image\/\",\"url\":\"https:\/\/compuviper.mx\/tienda\/wp-content\/uploads\/2021\/08\/Logo-Compuviper-10.png\",\"contentUrl\":\"https:\/\/compuviper.mx\/tienda\/wp-content\/uploads\/2021\/08\/Logo-Compuviper-10.png\",\"width\":1000,\"height\":500,\"caption\":\"Compuviper\"},\"image\":{\"@id\":\"https:\/\/compuviper.mx\/tienda\/#\/schema\/logo\/image\/\"},\"sameAs\":[\"https:\/\/www.facebook.com\/compuviper\",\"https:\/\/www.youtube.com\/channel\/UCf73dERp9Y3cfOq7q8BhLjA?view_as=subscriber\"]}]}<\/script>\n<meta property=\"product:brand\" content=\"LG\" \/>\n<meta property=\"product:price:amount\" content=\"48515\" \/>\n<meta property=\"product:price:currency\" content=\"MXN\" \/>\n<meta property=\"og:availability\" content=\"instock\" \/>\n<meta property=\"product:availability\" content=\"instock\" \/>\n<meta property=\"product:retailer_item_id\" content=\"86UH5N\" \/>\n<meta property=\"product:condition\" content=\"new\" \/>\n<!-- \/ Yoast SEO plugin. -->","yoast_head_json":{"title":"[ Lg ] &#129351; 86uh5n Monitor De Se\u00f1alizacion Digital De 86 Uso 24\/7 Brillo 500 Nits Bisel 14.9 B Profundidad 57.9 Mm Interfaz Hdmi 3 \/ Dp \/ Dvi-d \/ Usb 2.0 \/ Rs232c \/ Rj45 \/ Audio \/ Ir","description":"Compra 86uh5n Monitor De Se\u00f1alizacion Digital De 86 Uso 24\/7 Brillo 500 Nits Bisel 14.9 B Profundidad 57.9 Mm Interfaz Hdmi 3 \/ Dp \/ Dvi-d \/ Usb 2.0 \/ Rs232c \/ Rj45 \/ Audio \/ Ir + Env\u00edo a domicilio + Pago seguro + Garant\u00eda","robots":{"index":"index","follow":"follow","max-snippet":"max-snippet:-1","max-image-preview":"max-image-preview:large","max-video-preview":"max-video-preview:-1"},"canonical":"https:\/\/compuviper.mx\/tienda\/producto\/lg-86uh5n-monitor-de-sealizacion-digital-de-86-uso-24-7-brillo-500-nits-bisel-14-9-b-profundidad-57-9-mm-interfaz-hdmi-3-dp-dvi-d-usb-2-0-rs232c-rj45-audio-ir\/","og_locale":"es_MX","og_type":"article","og_title":"[ Lg ] &#129351; 86uh5n Monitor De Se\u00f1alizacion Digital De 86 Uso 24\/7 Brillo 500 Nits Bisel 14.9 B Profundidad 57.9 Mm Interfaz Hdmi 3 \/ Dp \/ Dvi-d \/ Usb 2.0 \/ Rs232c \/ Rj45 \/ Audio \/ Ir","og_description":"Compra 86uh5n Monitor De Se\u00f1alizacion Digital De 86 Uso 24\/7 Brillo 500 Nits Bisel 14.9 B Profundidad 57.9 Mm Interfaz Hdmi 3 \/ Dp \/ Dvi-d \/ Usb 2.0 \/ Rs232c \/ Rj45 \/ Audio \/ Ir + Env\u00edo a domicilio + Pago seguro + Garant\u00eda","og_url":"https:\/\/compuviper.mx\/tienda\/producto\/lg-86uh5n-monitor-de-sealizacion-digital-de-86-uso-24-7-brillo-500-nits-bisel-14-9-b-profundidad-57-9-mm-interfaz-hdmi-3-dp-dvi-d-usb-2-0-rs232c-rj45-audio-ir\/","og_site_name":"Compuviper","article_publisher":"https:\/\/www.facebook.com\/compuviper","og_image":[{"width":200,"height":200,"url":"https:\/\/compuviper.mx\/tienda\/wp-content\/uploads\/2025\/10\/Monitor-de-senalizacion-digital-lg-de-86-uso-247-brillo-500-nits-bisel-14.9-b-profundidad-57.9-mm-interfaz-hdmi-3-dp-dvi-d-usb-2.0-rs232c-rj45-audio-ir.jpg","type":"image\/jpeg"}],"twitter_card":"summary_large_image","twitter_misc":{"Precio":"&#36;50,066 &#36;48,515 con IVA","Availability":"In stock"},"schema":{"@context":"https:\/\/schema.org","@graph":[{"@type":"WebPage","@id":"https:\/\/compuviper.mx\/tienda\/producto\/lg-86uh5n-monitor-de-sealizacion-digital-de-86-uso-24-7-brillo-500-nits-bisel-14-9-b-profundidad-57-9-mm-interfaz-hdmi-3-dp-dvi-d-usb-2-0-rs232c-rj45-audio-ir\/","url":"https:\/\/compuviper.mx\/tienda\/producto\/lg-86uh5n-monitor-de-sealizacion-digital-de-86-uso-24-7-brillo-500-nits-bisel-14-9-b-profundidad-57-9-mm-interfaz-hdmi-3-dp-dvi-d-usb-2-0-rs232c-rj45-audio-ir\/","name":"[ Lg ] &#129351; 86uh5n Monitor De Se\u00f1alizacion Digital De 86 Uso 24\/7 Brillo 500 Nits Bisel 14.9 B Profundidad 57.9 Mm Interfaz Hdmi 3 \/ Dp \/ Dvi-d \/ Usb 2.0 \/ Rs232c \/ Rj45 \/ Audio \/ Ir","isPartOf":{"@id":"https:\/\/compuviper.mx\/tienda\/#website"},"datePublished":"2026-04-16T06:53:26+00:00","dateModified":"2026-04-16T06:53:26+00:00","description":"Compra 86uh5n Monitor De Se\u00f1alizacion Digital De 86 Uso 24\/7 Brillo 500 Nits Bisel 14.9 B Profundidad 57.9 Mm Interfaz Hdmi 3 \/ Dp \/ Dvi-d \/ Usb 2.0 \/ Rs232c \/ Rj45 \/ Audio \/ Ir + Env\u00edo a domicilio + Pago seguro + Garant\u00eda","breadcrumb":{"@id":"https:\/\/compuviper.mx\/tienda\/producto\/lg-86uh5n-monitor-de-sealizacion-digital-de-86-uso-24-7-brillo-500-nits-bisel-14-9-b-profundidad-57-9-mm-interfaz-hdmi-3-dp-dvi-d-usb-2-0-rs232c-rj45-audio-ir\/#breadcrumb"},"inLanguage":"es-MX","potentialAction":[{"@type":"ReadAction","target":["https:\/\/compuviper.mx\/tienda\/producto\/lg-86uh5n-monitor-de-sealizacion-digital-de-86-uso-24-7-brillo-500-nits-bisel-14-9-b-profundidad-57-9-mm-interfaz-hdmi-3-dp-dvi-d-usb-2-0-rs232c-rj45-audio-ir\/"]}]},{"@type":"BreadcrumbList","@id":"https:\/\/compuviper.mx\/tienda\/producto\/lg-86uh5n-monitor-de-sealizacion-digital-de-86-uso-24-7-brillo-500-nits-bisel-14-9-b-profundidad-57-9-mm-interfaz-hdmi-3-dp-dvi-d-usb-2-0-rs232c-rj45-audio-ir\/#breadcrumb","itemListElement":[{"@type":"ListItem","position":1,"name":"Inicio","item":"https:\/\/compuviper.mx\/tienda\/"},{"@type":"ListItem","position":2,"name":"Productos","item":"https:\/\/compuviper.mx\/tienda\/productos\/"},{"@type":"ListItem","position":3,"name":"Monitores","item":"https:\/\/compuviper.mx\/tienda\/categoria-producto\/monitores\/"},{"@type":"ListItem","position":4,"name":"Led","item":"https:\/\/compuviper.mx\/tienda\/categoria-producto\/monitores\/led\/"},{"@type":"ListItem","position":5,"name":"Lg 86uh5n Monitor De Se?alizacion Digital De 86 Uso 24\/7 Brillo 500 Nits Bisel 14.9 B Profundidad 57.9 Mm Interfaz Hdmi 3 \/ Dp \/ Dvi-d \/ Usb 2.0 \/ Rs232c \/ Rj45 \/ Audio \/ Ir"}]},{"@type":"WebSite","@id":"https:\/\/compuviper.mx\/tienda\/#website","url":"https:\/\/compuviper.mx\/tienda\/","name":"Compuviper","description":"Proveedor de Computadoras, Laptops, Servidores, Monitores, Puntos de Venta, Teclados,   Impresoras, T\u00f3ner, C\u00e1maras de Seguridad y m\u00e1s en tu tienda en l\u00ednea","publisher":{"@id":"https:\/\/compuviper.mx\/tienda\/#organization"},"potentialAction":[{"@type":"SearchAction","target":{"@type":"EntryPoint","urlTemplate":"https:\/\/compuviper.mx\/tienda\/?s={search_term_string}"},"query-input":"required name=search_term_string"}],"inLanguage":"es-MX"},{"@type":"Organization","@id":"https:\/\/compuviper.mx\/tienda\/#organization","name":"Compuviper","url":"https:\/\/compuviper.mx\/tienda\/","logo":{"@type":"ImageObject","inLanguage":"es-MX","@id":"https:\/\/compuviper.mx\/tienda\/#\/schema\/logo\/image\/","url":"https:\/\/compuviper.mx\/tienda\/wp-content\/uploads\/2021\/08\/Logo-Compuviper-10.png","contentUrl":"https:\/\/compuviper.mx\/tienda\/wp-content\/uploads\/2021\/08\/Logo-Compuviper-10.png","width":1000,"height":500,"caption":"Compuviper"},"image":{"@id":"https:\/\/compuviper.mx\/tienda\/#\/schema\/logo\/image\/"},"sameAs":["https:\/\/www.facebook.com\/compuviper","https:\/\/www.youtube.com\/channel\/UCf73dERp9Y3cfOq7q8BhLjA?view_as=subscriber"]}]},"product_brand":"LG","product_price_amount":"48515","product_price_currency":"MXN","og_availability":"instock","product_availability":"instock","product_retailer_item_id":"86UH5N","product_condition":"new"},"_links":{"self":[{"href":"https:\/\/compuviper.mx\/tienda\/wp-json\/wp\/v2\/product\/257699"}],"collection":[{"href":"https:\/\/compuviper.mx\/tienda\/wp-json\/wp\/v2\/product"}],"about":[{"href":"https:\/\/compuviper.mx\/tienda\/wp-json\/wp\/v2\/types\/product"}],"replies":[{"embeddable":true,"href":"https:\/\/compuviper.mx\/tienda\/wp-json\/wp\/v2\/comments?post=257699"}],"wp:featuredmedia":[{"embeddable":true,"href":"https:\/\/compuviper.mx\/tienda\/wp-json\/wp\/v2\/media\/260019"}],"wp:attachment":[{"href":"https:\/\/compuviper.mx\/tienda\/wp-json\/wp\/v2\/media?parent=257699"}],"wp:term":[{"taxonomy":"product_cat","embeddable":true,"href":"https:\/\/compuviper.mx\/tienda\/wp-json\/wp\/v2\/product_cat?post=257699"},{"taxonomy":"product_tag","embeddable":true,"href":"https:\/\/compuviper.mx\/tienda\/wp-json\/wp\/v2\/product_tag?post=257699"}],"curies":[{"name":"wp","href":"https:\/\/api.w.org\/{rel}","templated":true}]}}