{"id":257647,"date":"2026-04-21T02:26:57","date_gmt":"2026-04-21T08:26:57","guid":{"rendered":"https:\/\/compuviper.mx\/tienda\/producto\/microsoft-ep2-25325-oem-windows-server-datacnter-2025-espaol-4core-no-media-no-key-addlic-cores-adicionales\/"},"modified":"2026-04-21T02:26:58","modified_gmt":"2026-04-21T08:26:58","slug":"microsoft-ep2-25325-oem-windows-server-datacnter-2025-espaol-4core-no-media-no-key-addlic-cores-adicionales","status":"publish","type":"product","link":"https:\/\/compuviper.mx\/tienda\/producto\/microsoft-ep2-25325-oem-windows-server-datacnter-2025-espaol-4core-no-media-no-key-addlic-cores-adicionales\/","title":{"rendered":"Microsoft Ep2-25325  Oem Windows Server Datacnter 2025 Espa?ol 4core No Media\/ No Key Addlic (cores Adicionales)"},"content":{"rendered":"<table class=\"descripcion\">\n<tr>\n<td>Licencia adicional para 4 cores de windows server datacnter 2025, no incluye media de instalacin ni llave de producto, se requieren cores adicionales para cumplir con el licenciamiento de todos los cores fsicos de un servidor licenciado con windows server. windows server 2025 es el sistema operativo preparado para la nube que soporta sus actuales cargas de trabajo e introduce nuevas tecnologas.<\/td>\n<\/tr>\n<\/table>\n","protected":false},"excerpt":{"rendered":"<p>Licencia adicional para 4 cores de windows server standard 2025, no incluye media de instalacin ni llave de producto, se requieren cores adicionales para cumplir con el licenciamiento de todos los cores fsicos de un servidor licenciado con windows server.<\/p>\n","protected":false},"featured_media":258437,"comment_status":"open","ping_status":"open","template":"","meta":[],"product_cat":[1827,1830],"product_tag":[1831],"acf":[],"yoast_head":"<!-- This site is optimized with the Yoast SEO plugin v21.7 - https:\/\/yoast.com\/wordpress\/plugins\/seo\/ -->\n<title>[ Microsoft ] &#129351; Ep2-25325 Oem Windows Server Datacnter 2025 Espa\u00f1ol 4core No Media\/ No Key Addlic (cores Adicionales)<\/title>\n<meta name=\"description\" content=\"Compra Ep2-25325 Oem Windows Server Datacnter 2025 Espa\u00f1ol 4core No Media\/ No Key Addlic (cores Adicionales) + Env\u00edo a domicilio + Pago seguro + Garant\u00eda\" \/>\n<meta name=\"robots\" content=\"index, follow, max-snippet:-1, max-image-preview:large, max-video-preview:-1\" \/>\n<link rel=\"canonical\" href=\"https:\/\/compuviper.mx\/tienda\/producto\/microsoft-ep2-25325-oem-windows-server-datacnter-2025-espaol-4core-no-media-no-key-addlic-cores-adicionales\/\" \/>\n<meta property=\"og:locale\" content=\"es_MX\" \/>\n<meta property=\"og:type\" content=\"article\" \/>\n<meta property=\"og:title\" content=\"[ Microsoft ] &#129351; Ep2-25325 Oem Windows Server Datacnter 2025 Espa\u00f1ol 4core No Media\/ No Key Addlic (cores Adicionales)\" \/>\n<meta property=\"og:description\" content=\"Compra Ep2-25325 Oem Windows Server Datacnter 2025 Espa\u00f1ol 4core No Media\/ No Key Addlic (cores Adicionales) + Env\u00edo a domicilio + Pago seguro + Garant\u00eda\" \/>\n<meta property=\"og:url\" content=\"https:\/\/compuviper.mx\/tienda\/producto\/microsoft-ep2-25325-oem-windows-server-datacnter-2025-espaol-4core-no-media-no-key-addlic-cores-adicionales\/\" \/>\n<meta property=\"og:site_name\" content=\"Compuviper\" \/>\n<meta property=\"article:publisher\" content=\"https:\/\/www.facebook.com\/compuviper\" \/>\n<meta property=\"article:modified_time\" content=\"2026-04-21T08:26:58+00:00\" \/>\n<meta property=\"og:image\" content=\"https:\/\/compuviper.mx\/tienda\/wp-content\/uploads\/2025\/10\/Microsoft-oem-windows-server-datacnter-2025-espanol-4core-no-media-no-key-addlic-cores-adicionales.jpg\" \/>\n\t<meta property=\"og:image:width\" content=\"200\" \/>\n\t<meta property=\"og:image:height\" content=\"200\" \/>\n\t<meta property=\"og:image:type\" content=\"image\/jpeg\" \/>\n<meta name=\"twitter:card\" content=\"summary_large_image\" \/>\n<meta name=\"twitter:label1\" content=\"Precio\" \/>\n\t<meta name=\"twitter:data1\" content=\"&#36;23,451 con IVA\" \/>\n\t<meta name=\"twitter:label2\" content=\"Availability\" \/>\n\t<meta name=\"twitter:data2\" content=\"On backorder\" \/>\n<script type=\"application\/ld+json\" class=\"yoast-schema-graph\">{\"@context\":\"https:\/\/schema.org\",\"@graph\":[{\"@type\":\"WebPage\",\"@id\":\"https:\/\/compuviper.mx\/tienda\/producto\/microsoft-ep2-25325-oem-windows-server-datacnter-2025-espaol-4core-no-media-no-key-addlic-cores-adicionales\/\",\"url\":\"https:\/\/compuviper.mx\/tienda\/producto\/microsoft-ep2-25325-oem-windows-server-datacnter-2025-espaol-4core-no-media-no-key-addlic-cores-adicionales\/\",\"name\":\"[ Microsoft ] &#129351; Ep2-25325 Oem Windows Server Datacnter 2025 Espa\u00f1ol 4core No Media\/ No Key Addlic (cores Adicionales)\",\"isPartOf\":{\"@id\":\"https:\/\/compuviper.mx\/tienda\/#website\"},\"datePublished\":\"2026-04-21T08:26:57+00:00\",\"dateModified\":\"2026-04-21T08:26:58+00:00\",\"description\":\"Compra Ep2-25325 Oem Windows Server Datacnter 2025 Espa\u00f1ol 4core No Media\/ No Key Addlic (cores Adicionales) + Env\u00edo a domicilio + Pago seguro + Garant\u00eda\",\"breadcrumb\":{\"@id\":\"https:\/\/compuviper.mx\/tienda\/producto\/microsoft-ep2-25325-oem-windows-server-datacnter-2025-espaol-4core-no-media-no-key-addlic-cores-adicionales\/#breadcrumb\"},\"inLanguage\":\"es-MX\",\"potentialAction\":[{\"@type\":\"ReadAction\",\"target\":[\"https:\/\/compuviper.mx\/tienda\/producto\/microsoft-ep2-25325-oem-windows-server-datacnter-2025-espaol-4core-no-media-no-key-addlic-cores-adicionales\/\"]}]},{\"@type\":\"BreadcrumbList\",\"@id\":\"https:\/\/compuviper.mx\/tienda\/producto\/microsoft-ep2-25325-oem-windows-server-datacnter-2025-espaol-4core-no-media-no-key-addlic-cores-adicionales\/#breadcrumb\",\"itemListElement\":[{\"@type\":\"ListItem\",\"position\":1,\"name\":\"Inicio\",\"item\":\"https:\/\/compuviper.mx\/tienda\/\"},{\"@type\":\"ListItem\",\"position\":2,\"name\":\"Productos\",\"item\":\"https:\/\/compuviper.mx\/tienda\/productos\/\"},{\"@type\":\"ListItem\",\"position\":3,\"name\":\"Software\",\"item\":\"https:\/\/compuviper.mx\/tienda\/categoria-producto\/software\/\"},{\"@type\":\"ListItem\",\"position\":4,\"name\":\"Licenciamiento Microsoft Oem\",\"item\":\"https:\/\/compuviper.mx\/tienda\/categoria-producto\/software\/licenciamiento-microsoft-oem\/\"},{\"@type\":\"ListItem\",\"position\":5,\"name\":\"Microsoft Ep2-25325 Oem Windows Server Datacnter 2025 Espa?ol 4core No Media\/ No Key Addlic (cores Adicionales)\"}]},{\"@type\":\"WebSite\",\"@id\":\"https:\/\/compuviper.mx\/tienda\/#website\",\"url\":\"https:\/\/compuviper.mx\/tienda\/\",\"name\":\"Compuviper\",\"description\":\"Proveedor de Computadoras, Laptops, Servidores, Monitores, Puntos de Venta, Teclados,   Impresoras, T\u00f3ner, C\u00e1maras de Seguridad y m\u00e1s en tu tienda en l\u00ednea\",\"publisher\":{\"@id\":\"https:\/\/compuviper.mx\/tienda\/#organization\"},\"potentialAction\":[{\"@type\":\"SearchAction\",\"target\":{\"@type\":\"EntryPoint\",\"urlTemplate\":\"https:\/\/compuviper.mx\/tienda\/?s={search_term_string}\"},\"query-input\":\"required name=search_term_string\"}],\"inLanguage\":\"es-MX\"},{\"@type\":\"Organization\",\"@id\":\"https:\/\/compuviper.mx\/tienda\/#organization\",\"name\":\"Compuviper\",\"url\":\"https:\/\/compuviper.mx\/tienda\/\",\"logo\":{\"@type\":\"ImageObject\",\"inLanguage\":\"es-MX\",\"@id\":\"https:\/\/compuviper.mx\/tienda\/#\/schema\/logo\/image\/\",\"url\":\"https:\/\/compuviper.mx\/tienda\/wp-content\/uploads\/2021\/08\/Logo-Compuviper-10.png\",\"contentUrl\":\"https:\/\/compuviper.mx\/tienda\/wp-content\/uploads\/2021\/08\/Logo-Compuviper-10.png\",\"width\":1000,\"height\":500,\"caption\":\"Compuviper\"},\"image\":{\"@id\":\"https:\/\/compuviper.mx\/tienda\/#\/schema\/logo\/image\/\"},\"sameAs\":[\"https:\/\/www.facebook.com\/compuviper\",\"https:\/\/www.youtube.com\/channel\/UCf73dERp9Y3cfOq7q8BhLjA?view_as=subscriber\"]}]}<\/script>\n<meta property=\"product:brand\" content=\"MICROSOFT\" \/>\n<meta property=\"product:price:amount\" content=\"23451\" \/>\n<meta property=\"product:price:currency\" content=\"MXN\" \/>\n<meta property=\"og:availability\" content=\"backorder\" \/>\n<meta property=\"product:availability\" content=\"available for order\" \/>\n<meta property=\"product:retailer_item_id\" content=\"EP2-25325\" \/>\n<meta property=\"product:condition\" content=\"new\" \/>\n<!-- \/ Yoast SEO plugin. -->","yoast_head_json":{"title":"[ Microsoft ] &#129351; Ep2-25325 Oem Windows Server Datacnter 2025 Espa\u00f1ol 4core No Media\/ No Key Addlic (cores Adicionales)","description":"Compra Ep2-25325 Oem Windows Server Datacnter 2025 Espa\u00f1ol 4core No Media\/ No Key Addlic (cores Adicionales) + Env\u00edo a domicilio + Pago seguro + Garant\u00eda","robots":{"index":"index","follow":"follow","max-snippet":"max-snippet:-1","max-image-preview":"max-image-preview:large","max-video-preview":"max-video-preview:-1"},"canonical":"https:\/\/compuviper.mx\/tienda\/producto\/microsoft-ep2-25325-oem-windows-server-datacnter-2025-espaol-4core-no-media-no-key-addlic-cores-adicionales\/","og_locale":"es_MX","og_type":"article","og_title":"[ Microsoft ] &#129351; Ep2-25325 Oem Windows Server Datacnter 2025 Espa\u00f1ol 4core No Media\/ No Key Addlic (cores Adicionales)","og_description":"Compra Ep2-25325 Oem Windows Server Datacnter 2025 Espa\u00f1ol 4core No Media\/ No Key Addlic (cores Adicionales) + Env\u00edo a domicilio + Pago seguro + Garant\u00eda","og_url":"https:\/\/compuviper.mx\/tienda\/producto\/microsoft-ep2-25325-oem-windows-server-datacnter-2025-espaol-4core-no-media-no-key-addlic-cores-adicionales\/","og_site_name":"Compuviper","article_publisher":"https:\/\/www.facebook.com\/compuviper","article_modified_time":"2026-04-21T08:26:58+00:00","og_image":[{"width":200,"height":200,"url":"https:\/\/compuviper.mx\/tienda\/wp-content\/uploads\/2025\/10\/Microsoft-oem-windows-server-datacnter-2025-espanol-4core-no-media-no-key-addlic-cores-adicionales.jpg","type":"image\/jpeg"}],"twitter_card":"summary_large_image","twitter_misc":{"Precio":"&#36;23,451 con IVA","Availability":"On backorder"},"schema":{"@context":"https:\/\/schema.org","@graph":[{"@type":"WebPage","@id":"https:\/\/compuviper.mx\/tienda\/producto\/microsoft-ep2-25325-oem-windows-server-datacnter-2025-espaol-4core-no-media-no-key-addlic-cores-adicionales\/","url":"https:\/\/compuviper.mx\/tienda\/producto\/microsoft-ep2-25325-oem-windows-server-datacnter-2025-espaol-4core-no-media-no-key-addlic-cores-adicionales\/","name":"[ Microsoft ] &#129351; Ep2-25325 Oem Windows Server Datacnter 2025 Espa\u00f1ol 4core No Media\/ No Key Addlic (cores Adicionales)","isPartOf":{"@id":"https:\/\/compuviper.mx\/tienda\/#website"},"datePublished":"2026-04-21T08:26:57+00:00","dateModified":"2026-04-21T08:26:58+00:00","description":"Compra Ep2-25325 Oem Windows Server Datacnter 2025 Espa\u00f1ol 4core No Media\/ No Key Addlic (cores Adicionales) + Env\u00edo a domicilio + Pago seguro + Garant\u00eda","breadcrumb":{"@id":"https:\/\/compuviper.mx\/tienda\/producto\/microsoft-ep2-25325-oem-windows-server-datacnter-2025-espaol-4core-no-media-no-key-addlic-cores-adicionales\/#breadcrumb"},"inLanguage":"es-MX","potentialAction":[{"@type":"ReadAction","target":["https:\/\/compuviper.mx\/tienda\/producto\/microsoft-ep2-25325-oem-windows-server-datacnter-2025-espaol-4core-no-media-no-key-addlic-cores-adicionales\/"]}]},{"@type":"BreadcrumbList","@id":"https:\/\/compuviper.mx\/tienda\/producto\/microsoft-ep2-25325-oem-windows-server-datacnter-2025-espaol-4core-no-media-no-key-addlic-cores-adicionales\/#breadcrumb","itemListElement":[{"@type":"ListItem","position":1,"name":"Inicio","item":"https:\/\/compuviper.mx\/tienda\/"},{"@type":"ListItem","position":2,"name":"Productos","item":"https:\/\/compuviper.mx\/tienda\/productos\/"},{"@type":"ListItem","position":3,"name":"Software","item":"https:\/\/compuviper.mx\/tienda\/categoria-producto\/software\/"},{"@type":"ListItem","position":4,"name":"Licenciamiento Microsoft Oem","item":"https:\/\/compuviper.mx\/tienda\/categoria-producto\/software\/licenciamiento-microsoft-oem\/"},{"@type":"ListItem","position":5,"name":"Microsoft Ep2-25325 Oem Windows Server Datacnter 2025 Espa?ol 4core No Media\/ No Key Addlic (cores Adicionales)"}]},{"@type":"WebSite","@id":"https:\/\/compuviper.mx\/tienda\/#website","url":"https:\/\/compuviper.mx\/tienda\/","name":"Compuviper","description":"Proveedor de Computadoras, Laptops, Servidores, Monitores, Puntos de Venta, Teclados,   Impresoras, T\u00f3ner, C\u00e1maras de Seguridad y m\u00e1s en tu tienda en l\u00ednea","publisher":{"@id":"https:\/\/compuviper.mx\/tienda\/#organization"},"potentialAction":[{"@type":"SearchAction","target":{"@type":"EntryPoint","urlTemplate":"https:\/\/compuviper.mx\/tienda\/?s={search_term_string}"},"query-input":"required name=search_term_string"}],"inLanguage":"es-MX"},{"@type":"Organization","@id":"https:\/\/compuviper.mx\/tienda\/#organization","name":"Compuviper","url":"https:\/\/compuviper.mx\/tienda\/","logo":{"@type":"ImageObject","inLanguage":"es-MX","@id":"https:\/\/compuviper.mx\/tienda\/#\/schema\/logo\/image\/","url":"https:\/\/compuviper.mx\/tienda\/wp-content\/uploads\/2021\/08\/Logo-Compuviper-10.png","contentUrl":"https:\/\/compuviper.mx\/tienda\/wp-content\/uploads\/2021\/08\/Logo-Compuviper-10.png","width":1000,"height":500,"caption":"Compuviper"},"image":{"@id":"https:\/\/compuviper.mx\/tienda\/#\/schema\/logo\/image\/"},"sameAs":["https:\/\/www.facebook.com\/compuviper","https:\/\/www.youtube.com\/channel\/UCf73dERp9Y3cfOq7q8BhLjA?view_as=subscriber"]}]},"product_brand":"MICROSOFT","product_price_amount":"23451","product_price_currency":"MXN","og_availability":"backorder","product_availability":"available for order","product_retailer_item_id":"EP2-25325","product_condition":"new"},"_links":{"self":[{"href":"https:\/\/compuviper.mx\/tienda\/wp-json\/wp\/v2\/product\/257647"}],"collection":[{"href":"https:\/\/compuviper.mx\/tienda\/wp-json\/wp\/v2\/product"}],"about":[{"href":"https:\/\/compuviper.mx\/tienda\/wp-json\/wp\/v2\/types\/product"}],"replies":[{"embeddable":true,"href":"https:\/\/compuviper.mx\/tienda\/wp-json\/wp\/v2\/comments?post=257647"}],"wp:featuredmedia":[{"embeddable":true,"href":"https:\/\/compuviper.mx\/tienda\/wp-json\/wp\/v2\/media\/258437"}],"wp:attachment":[{"href":"https:\/\/compuviper.mx\/tienda\/wp-json\/wp\/v2\/media?parent=257647"}],"wp:term":[{"taxonomy":"product_cat","embeddable":true,"href":"https:\/\/compuviper.mx\/tienda\/wp-json\/wp\/v2\/product_cat?post=257647"},{"taxonomy":"product_tag","embeddable":true,"href":"https:\/\/compuviper.mx\/tienda\/wp-json\/wp\/v2\/product_tag?post=257647"}],"curies":[{"name":"wp","href":"https:\/\/api.w.org\/{rel}","templated":true}]}}