{"id":257626,"date":"2026-04-02T00:51:44","date_gmt":"2026-04-02T06:51:44","guid":{"rendered":"https:\/\/compuviper.mx\/tienda\/producto\/lg-65uh5q-monitor-de-sealizacion-digital-de-65-p-uso-24-7-brillo-500-nits-bisel-width-11-4-mm-webos-smart-platform-interfaz-hdmi-3-hdmi-out-1-dp-usb-2-0-rs232c-rj45-audio-ir\/"},"modified":"2026-04-02T00:51:45","modified_gmt":"2026-04-02T06:51:45","slug":"lg-65uh5q-monitor-de-sealizacion-digital-de-65-p-uso-24-7-brillo-500-nits-bisel-width-11-4-mm-webos-smart-platform-interfaz-hdmi-3-hdmi-out-1-dp-usb-2-0-rs232c-rj45-audio-ir","status":"publish","type":"product","link":"https:\/\/compuviper.mx\/tienda\/producto\/lg-65uh5q-monitor-de-sealizacion-digital-de-65-p-uso-24-7-brillo-500-nits-bisel-width-11-4-mm-webos-smart-platform-interfaz-hdmi-3-hdmi-out-1-dp-usb-2-0-rs232c-rj45-audio-ir\/","title":{"rendered":"Lg 65uh5q Monitor De Se?alizacion Digital  De 65 P Uso 24\/7 Brillo 500 Nits, Bisel Width 11.4 Mm; Webos Smart Platform, Interfaz Hdmi 3 \/ Hdmi Out (1) \/ Dp \/ Usb 2.0 \/ Rs232c \/ Rj45 \/ Audio \/ Ir"},"content":{"rendered":"<table class=\"descripcion\">\n<tr>\n<td>Especificaciones t\u00e9cnicas<\/td>\n<\/tr>\n<tr>\n<td>Panel<\/td>\n<\/tr>\n<tr>\n<td>Tama\u00f1o de la pantalla 65<\/td>\n<\/tr>\n<tr>\n<td>Tecnolog\u00eda de paneles anuncios<\/td>\n<\/tr>\n<tr>\n<td>Tipo de luz de fondo borde<\/td>\n<\/tr>\n<tr>\n<td>Relaci\u00f3n de aspecto 16:9<\/td>\n<\/tr>\n<tr>\n<td>Resoluci\u00f3n nativa 3840 x 2160 (4k uhd)<\/td>\n<\/tr>\n<tr>\n<td>Frecuencia de actualizaci\u00f3n 60 hz<\/td>\n<\/tr>\n<tr>\n<td>Brillo (t\u00edpico) 500 nit<\/td>\n<\/tr>\n<tr>\n<td>Relaci\u00f3n de contraste 1.200:1<\/td>\n<\/tr>\n<tr>\n<td>Cr din\u00e1mico 1.000.000:1<\/td>\n<\/tr>\n<tr>\n<td>Gama de colores bt709 95%<\/td>\n<\/tr>\n<tr>\n<td>\u00e1ngulo de visi\u00f3n (h x v) 178 \u00d7 178<\/td>\n<\/tr>\n<tr>\n<td>Profundidad de color 1.07 mil millones de colores (10 bits (d))<\/td>\n<\/tr>\n<tr>\n<td>Tiempo de respuesta 8 m (g a g)<\/td>\n<\/tr>\n<tr>\n<td>Tratamiento de superficies (neblina) 25% (t\u00edpico)<\/td>\n<\/tr>\n<tr>\n<td>Tiempo de vida (min.) 50.000 horas<\/td>\n<\/tr>\n<tr>\n<td>Horario de operaci\u00f3n (horas\/d\u00edas) 24\/7<\/td>\n<\/tr>\n<tr>\n<td>Retrato \/ paisaje s\u00ed \/ s\u00ed<\/td>\n<\/tr>\n<tr>\n<td>Especificaci\u00f3n mec\u00e1nica<\/td>\n<\/tr>\n<tr>\n<td>Color del bisel negro<\/td>\n<\/tr>\n<tr>\n<td>Ancho del bisel 11,4 mm (par)<\/td>\n<\/tr>\n<tr>\n<td>Peso (cabeza) 21,1 kilogramos<\/td>\n<\/tr>\n<tr>\n<td>Peso empaquetado 27,0 kilogramos<\/td>\n<\/tr>\n<tr>\n<td>Dimensiones del monitor (an. \u00d7 al. \u00d7 pr.) 1.459 \u00d7 835 \u00d7 29,7 mm<\/td>\n<\/tr>\n<tr>\n<td>Dimensiones de la caja (an \u00d7 al \u00d7 pr) 1.580 \u00d7 950 \u00d7 172 mm<\/td>\n<\/tr>\n<tr>\n<td>Manejar no<\/td>\n<\/tr>\n<tr>\n<td>Interfaz de montaje est\u00e1ndar vesa\u0099 300 \u00d7 300 mm<\/td>\n<\/tr>\n<tr>\n<td>Caracter\u00edstica clave<\/td>\n<\/tr>\n<tr>\n<td>Memoria interna de 16 gb, wi-fi y bluetooth (integrados), sensor de temperatura, sensor de brillo autom\u00e1tico (integrado solo en europa, se vende por separado en otras regiones), sensor de aceleraci\u00f3n (giroscopio), operaci\u00f3n de tecla local, webos 8.0, programaci\u00f3n de contenido local, administrador de grupos, usb plug  and  play, conmutaci\u00f3n por error, imagen del logotipo de arranque, imagen sin se\u00f1al, sincronizaci\u00f3n rs-232c, sincronizaci\u00f3n de red local, pip, pbp (4), compartir pantalla, etiqueta de video (4), reproducir mediante url, rotaci\u00f3n de pantalla, rotaci\u00f3n de entrada externa, reproducci\u00f3n sin interrupciones, configuraci\u00f3n de modo mosaico (m\u00e1x. 15 \u00d7 15), clonaci\u00f3n de datos de configuraci\u00f3n, snmp, m\u00e9todo ism, correo de estado, administrador de control, certificaci\u00f3n cisco (por determinar), crestron connected, ahorro de energ\u00eda inteligente, modo pm, wake on lan, listo para la red, baliza, hdmi-cec, configuraci\u00f3n del servidor si, webrtc, pro:idiom<\/td>\n<\/tr>\n<tr>\n<td>Condiciones ambientales<\/td>\n<\/tr>\n<tr>\n<td>Temperatura de funcionamiento 0 \u00b0c a 40 \u00b0c<\/td>\n<\/tr>\n<tr>\n<td>Operaci\u00f3n humedad 10 % a 80 %<\/td>\n<\/tr>\n<tr>\n<td>Fuerza<\/td>\n<\/tr>\n<tr>\n<td>Fuente de alimentaci\u00f3n ca 100-240 v ~, 50\/60 hz<\/td>\n<\/tr>\n<tr>\n<td>Tipo de energ\u00eda energ\u00eda incorporada<\/td>\n<\/tr>\n<tr>\n<td>Consumo de energ\u00eda<\/td>\n<\/tr>\n<tr>\n<td>T\u00edp.\/m\u00e1x. 130 w (por determinar) \/ 184 w (por determinar)<\/td>\n<\/tr>\n<tr>\n<td>Ahorro de energ\u00eda inteligente (70%) 91 w (por determinar)<\/td>\n<\/tr>\n<tr>\n<td>Director de proyectos 0,5 w<\/td>\n<\/tr>\n<tr>\n<td>Apagado 0,5 w<\/td>\n<\/tr>\n<tr>\n<td>Btu (unidad t\u00e9rmica brit\u00e1nica) 444 btu\/h (t\u00edpico), 699 btu\/h (m\u00e1x.) (por determinar)<\/td>\n<\/tr>\n<tr>\n<td>Est\u00e1ndar (certificaci\u00f3n)<\/td>\n<\/tr>\n<tr>\n<td>Seguridad cb \/ nrtl<\/td>\n<\/tr>\n<tr>\n<td>Compatibilidad electromagn\u00e9tica clase a de la fcc \/ ce \/ kc<\/td>\n<\/tr>\n<tr>\n<td>Epeat (solo ee. uu.) s\u00ed (carbono reduciendo co2) (por determinar)<\/td>\n<\/tr>\n<tr>\n<td>Erp \/ energy star s\u00ed (newerp) \/ s\u00ed<\/td>\n<\/tr>\n<tr>\n<td>Compatibilidad con ops<\/td>\n<\/tr>\n<tr>\n<td>Compatible con tipos ops no<\/td>\n<\/tr>\n<tr>\n<td>Ops power integrado no<\/td>\n<\/tr>\n<tr>\n<td>Compatibilidad de software<\/td>\n<\/tr>\n<tr>\n<td>Supersign cms, supersign control+, supersign wb, supersign cloud, cms m\u00f3vil, lg connectedcare<\/td>\n<\/tr>\n<tr>\n<td>Conectividad<\/td>\n<\/tr>\n<tr>\n<td>Aporte hdmi (3, hdcp 2.2\/1.4), dp (hdcp 2.2\/1.3), rs-232c (conector telef\u00f3nico de 4 pines), rj45 (lan), ir, usb 2.0 tipo a (2)<\/td>\n<\/tr>\n<tr>\n<td>Producci\u00f3n audio, rs-232c (conector telef\u00f3nico de 4 pines), ir (no\/s\u00ed (compatible con conexi\u00f3n en cadena ir mediante entrada\/salida rs232c))<\/td>\n<\/tr>\n<tr>\n<td>Sonido<\/td>\n<\/tr>\n<tr>\n<td>Vocero 10 w \u00d7 2<\/td>\n<\/tr>\n<tr>\n<td>Idioma<\/td>\n<\/tr>\n<tr>\n<td>Ingl\u00e9s, franc\u00e9s, alem\u00e1n, espa\u00f1ol, italiano, coreano, chino (simplificado), chino (original), portugu\u00e9s (brasil), sueco, finland\u00e9s, noruego, dan\u00e9s, ruso, japon\u00e9s, portugu\u00e9s (europa), neerland\u00e9s, checo, griego, turco, \u00e1rabe, polaco<\/td>\n<\/tr>\n<tr>\n<td>Accesorio<\/td>\n<\/tr>\n<tr>\n<td>B\u00e1sico control remoto, cable de alimentaci\u00f3n, gu\u00eda de inicio r\u00e1pido, manual de normativas, conector de tel\u00e9fono a rs232c, soporte para cable de alimentaci\u00f3n, receptor de sensor de luz\/ir (solo ue\/ek), l\u00e1mina magn\u00e9tica (2 unidades, solo ue\/ek)<\/td>\n<\/tr>\n<tr>\n<td>Opcional soporte de pared delgado (wb21lma\/b), soporte de pared normal (olw480a\/b), receptor de sensor de luz\/ir (acc-l)<\/td>\n<\/tr>\n<tr>\n<td>Caracter\u00edstica especial<\/td>\n<\/tr>\n<tr>\n<td>Inclinaci\u00f3n (boca abajo) s\u00ed (temperatura m\u00e1xima de 15\u00b0 grados y 40\u00b0c) (por determinar)<\/td>\n<\/tr>\n<tr>\n<td>Clasificaci\u00f3n ip ip5x<\/td>\n<\/tr>\n<tr>\n<td>Recubrimiento conformado (placa de alimentaci\u00f3n) s\u00ed (recubrimiento espacial parcial)<\/td>\n<\/tr>\n<\/table>\n","protected":false},"excerpt":{"rendered":"<p>Con la resoluci\u00f3n de lg uhd signage, los colores y detalles del contenido se ven v\u00edvidos y realistas. Adem\u00e1s, su amplio \u00e1ngulo de visi\u00f3n ofrece un contenido n\u00edtido. Dise\u00f1o de bisel uniforme y delgado. La serie uh5q presenta biseles delgados horizontales y verticales perfectamente equilibrados, creando una soluci\u00f3n de visualizaci\u00f3n visualmente armoniosa. Su dise\u00f1o especializado simplifica la instalaci\u00f3n en entornos comerciales y ofrece una experiencia visual verdaderamente inmersiva. Conveniente plataforma webos. El uh5q est\u00e1 equipado con un soc de alto rendimiento que permite realizar m\u00faltiples tareas sin un reproductor multimedia independiente. La plataforma webos ofrece herramientas de desarrollo de aplicaciones con una interfaz de usuario intuitiva que facilita la experiencia del usuario e incluye aplicaciones webos para crear un entorno optimizado para la integraci\u00f3n de sistemas. Dise\u00f1o para la utilizaci\u00f3n del espacio. Dise\u00f1ado con biseles delgados y una gesti\u00f3n de cables sencilla, el uh5q ahorra espacio. Gracias a sus entradas de alimentaci\u00f3n ocultas, se puede instalar cerca de la pared, dejando solo unos 13,5 mm de espacio con el soporte delgado. Durabilidad que brinda confiabilidad para la se\u00f1alizaci\u00f3n lg uhd optimizada para entornos comerciales. Optimizado para entornos empresariales, el uh5q est\u00e1 protegido contra la sal, el polvo, el polvo de hierro y la humedad gracias a un revestimiento parcial conformado en la placa de alimentaci\u00f3n, lo que garantiza un funcionamiento estable. Adem\u00e1s, sus caracter\u00edsticas orientadas al cliente, como la certificaci\u00f3n ip5x y la monitorizaci\u00f3n de impactos*, ofrecen fiabilidad y satisfacci\u00f3n, garantizando la durabilidad de la se\u00f1alizaci\u00f3n lg uhd. Seguridad integral. Webos signage va m\u00e1s all\u00e1 de las medidas de seguridad a nivel del sistema operativo (so). Lg shield emplea un sistema de defensa de cinco niveles que abarca el servidor, la aplicaci\u00f3n, el sistema operativo, el sistema y el hardware. Cada capa funciona de forma independiente, ofreciendo una protecci\u00f3n integral contra diversas amenazas. Adem\u00e1s, la plataforma webos cumple con la norma etsi en 303 645. Soluciones supersign. Lg supersign es una soluci\u00f3n integrada e intuitiva de gesti\u00f3n de contenido para una se\u00f1alizaci\u00f3n digital creativa y organizada en su espacio, conectando a los clientes con una gama de servicios con experiencias de usuario pr\u00e1cticas. Disponemos de diversas versiones, como supersign cloud, as\u00ed que descubra y disfrute de la que mejor se adepte a usted.<\/p>\n","protected":false},"featured_media":260015,"comment_status":"open","ping_status":"open","template":"","meta":[],"product_cat":[1740,1741],"product_tag":[1687],"acf":[],"yoast_head":"<!-- This site is optimized with the Yoast SEO plugin v21.7 - https:\/\/yoast.com\/wordpress\/plugins\/seo\/ -->\n<title>[ Lg ] &#129351; 65uh5q Monitor De Se\u00f1alizacion Digital De 65 P Uso 24\/7 Brillo 500 Nits, Bisel Width 11.4 Mm; Webos Smart Platform, Interfaz Hdmi 3 \/ Hdmi Out (1) \/ Dp \/ Usb 2.0 \/ Rs232c \/ Rj45 \/ Audio \/ Ir<\/title>\n<meta name=\"description\" content=\"Compra 65uh5q Monitor De Se\u00f1alizacion Digital De 65 P Uso 24\/7 Brillo 500 Nits, Bisel Width 11.4 Mm; Webos Smart Platform, Interfaz Hdmi 3 \/ Hdmi Out (1) \/ Dp \/ Usb 2.0 \/ Rs232c \/ Rj45 \/ Audio \/ Ir + Env\u00edo a domicilio + Pago seguro + Garant\u00eda\" \/>\n<meta name=\"robots\" content=\"index, follow, max-snippet:-1, max-image-preview:large, max-video-preview:-1\" \/>\n<link rel=\"canonical\" href=\"https:\/\/compuviper.mx\/tienda\/producto\/lg-65uh5q-monitor-de-sealizacion-digital-de-65-p-uso-24-7-brillo-500-nits-bisel-width-11-4-mm-webos-smart-platform-interfaz-hdmi-3-hdmi-out-1-dp-usb-2-0-rs232c-rj45-audio-ir\/\" \/>\n<meta property=\"og:locale\" content=\"es_MX\" \/>\n<meta property=\"og:type\" content=\"article\" \/>\n<meta property=\"og:title\" content=\"[ Lg ] &#129351; 65uh5q Monitor De Se\u00f1alizacion Digital De 65 P Uso 24\/7 Brillo 500 Nits, Bisel Width 11.4 Mm; Webos Smart Platform, Interfaz Hdmi 3 \/ Hdmi Out (1) \/ Dp \/ Usb 2.0 \/ Rs232c \/ Rj45 \/ Audio \/ Ir\" \/>\n<meta property=\"og:description\" content=\"Compra 65uh5q Monitor De Se\u00f1alizacion Digital De 65 P Uso 24\/7 Brillo 500 Nits, Bisel Width 11.4 Mm; Webos Smart Platform, Interfaz Hdmi 3 \/ Hdmi Out (1) \/ Dp \/ Usb 2.0 \/ Rs232c \/ Rj45 \/ Audio \/ Ir + Env\u00edo a domicilio + Pago seguro + Garant\u00eda\" \/>\n<meta property=\"og:url\" content=\"https:\/\/compuviper.mx\/tienda\/producto\/lg-65uh5q-monitor-de-sealizacion-digital-de-65-p-uso-24-7-brillo-500-nits-bisel-width-11-4-mm-webos-smart-platform-interfaz-hdmi-3-hdmi-out-1-dp-usb-2-0-rs232c-rj45-audio-ir\/\" \/>\n<meta property=\"og:site_name\" content=\"Compuviper\" \/>\n<meta property=\"article:publisher\" content=\"https:\/\/www.facebook.com\/compuviper\" \/>\n<meta property=\"article:modified_time\" content=\"2026-04-02T06:51:45+00:00\" \/>\n<meta property=\"og:image\" content=\"https:\/\/compuviper.mx\/tienda\/wp-content\/uploads\/2025\/10\/Monitor-de-senalizacion-digital-lg-de-65-plg-uso-247-brillo-500-nits-bisel-width-11.4-mm-webos-smart-platform-interfaz-hdmi-3-hdmi-out-1-dp-usb-2.0-rs232c-rj45-audio-ir.jpg\" \/>\n\t<meta property=\"og:image:width\" content=\"200\" \/>\n\t<meta property=\"og:image:height\" content=\"200\" \/>\n\t<meta property=\"og:image:type\" content=\"image\/jpeg\" \/>\n<meta name=\"twitter:card\" content=\"summary_large_image\" \/>\n<meta name=\"twitter:label1\" content=\"Precio\" \/>\n\t<meta name=\"twitter:data1\" content=\"&#36;19,136 con IVA\" \/>\n\t<meta name=\"twitter:label2\" content=\"Availability\" \/>\n\t<meta name=\"twitter:data2\" content=\"Out of stock\" \/>\n<script type=\"application\/ld+json\" class=\"yoast-schema-graph\">{\"@context\":\"https:\/\/schema.org\",\"@graph\":[{\"@type\":\"WebPage\",\"@id\":\"https:\/\/compuviper.mx\/tienda\/producto\/lg-65uh5q-monitor-de-sealizacion-digital-de-65-p-uso-24-7-brillo-500-nits-bisel-width-11-4-mm-webos-smart-platform-interfaz-hdmi-3-hdmi-out-1-dp-usb-2-0-rs232c-rj45-audio-ir\/\",\"url\":\"https:\/\/compuviper.mx\/tienda\/producto\/lg-65uh5q-monitor-de-sealizacion-digital-de-65-p-uso-24-7-brillo-500-nits-bisel-width-11-4-mm-webos-smart-platform-interfaz-hdmi-3-hdmi-out-1-dp-usb-2-0-rs232c-rj45-audio-ir\/\",\"name\":\"[ Lg ] &#129351; 65uh5q Monitor De Se\u00f1alizacion Digital De 65 P Uso 24\/7 Brillo 500 Nits, Bisel Width 11.4 Mm; Webos Smart Platform, Interfaz Hdmi 3 \/ Hdmi Out (1) \/ Dp \/ Usb 2.0 \/ Rs232c \/ Rj45 \/ Audio \/ Ir\",\"isPartOf\":{\"@id\":\"https:\/\/compuviper.mx\/tienda\/#website\"},\"datePublished\":\"2026-04-02T06:51:44+00:00\",\"dateModified\":\"2026-04-02T06:51:45+00:00\",\"description\":\"Compra 65uh5q Monitor De Se\u00f1alizacion Digital De 65 P Uso 24\/7 Brillo 500 Nits, Bisel Width 11.4 Mm; Webos Smart Platform, Interfaz Hdmi 3 \/ Hdmi Out (1) \/ Dp \/ Usb 2.0 \/ Rs232c \/ Rj45 \/ Audio \/ Ir + Env\u00edo a domicilio + Pago seguro + Garant\u00eda\",\"breadcrumb\":{\"@id\":\"https:\/\/compuviper.mx\/tienda\/producto\/lg-65uh5q-monitor-de-sealizacion-digital-de-65-p-uso-24-7-brillo-500-nits-bisel-width-11-4-mm-webos-smart-platform-interfaz-hdmi-3-hdmi-out-1-dp-usb-2-0-rs232c-rj45-audio-ir\/#breadcrumb\"},\"inLanguage\":\"es-MX\",\"potentialAction\":[{\"@type\":\"ReadAction\",\"target\":[\"https:\/\/compuviper.mx\/tienda\/producto\/lg-65uh5q-monitor-de-sealizacion-digital-de-65-p-uso-24-7-brillo-500-nits-bisel-width-11-4-mm-webos-smart-platform-interfaz-hdmi-3-hdmi-out-1-dp-usb-2-0-rs232c-rj45-audio-ir\/\"]}]},{\"@type\":\"BreadcrumbList\",\"@id\":\"https:\/\/compuviper.mx\/tienda\/producto\/lg-65uh5q-monitor-de-sealizacion-digital-de-65-p-uso-24-7-brillo-500-nits-bisel-width-11-4-mm-webos-smart-platform-interfaz-hdmi-3-hdmi-out-1-dp-usb-2-0-rs232c-rj45-audio-ir\/#breadcrumb\",\"itemListElement\":[{\"@type\":\"ListItem\",\"position\":1,\"name\":\"Inicio\",\"item\":\"https:\/\/compuviper.mx\/tienda\/\"},{\"@type\":\"ListItem\",\"position\":2,\"name\":\"Productos\",\"item\":\"https:\/\/compuviper.mx\/tienda\/productos\/\"},{\"@type\":\"ListItem\",\"position\":3,\"name\":\"Monitores\",\"item\":\"https:\/\/compuviper.mx\/tienda\/categoria-producto\/monitores\/\"},{\"@type\":\"ListItem\",\"position\":4,\"name\":\"Led\",\"item\":\"https:\/\/compuviper.mx\/tienda\/categoria-producto\/monitores\/led\/\"},{\"@type\":\"ListItem\",\"position\":5,\"name\":\"Lg 65uh5q Monitor De Se?alizacion Digital De 65 P Uso 24\/7 Brillo 500 Nits, Bisel Width 11.4 Mm; Webos Smart Platform, Interfaz Hdmi 3 \/ Hdmi Out (1) \/ Dp \/ Usb 2.0 \/ Rs232c \/ Rj45 \/ Audio \/ Ir\"}]},{\"@type\":\"WebSite\",\"@id\":\"https:\/\/compuviper.mx\/tienda\/#website\",\"url\":\"https:\/\/compuviper.mx\/tienda\/\",\"name\":\"Compuviper\",\"description\":\"Proveedor de Computadoras, Laptops, Servidores, Monitores, Puntos de Venta, Teclados,   Impresoras, T\u00f3ner, C\u00e1maras de Seguridad y m\u00e1s en tu tienda en l\u00ednea\",\"publisher\":{\"@id\":\"https:\/\/compuviper.mx\/tienda\/#organization\"},\"potentialAction\":[{\"@type\":\"SearchAction\",\"target\":{\"@type\":\"EntryPoint\",\"urlTemplate\":\"https:\/\/compuviper.mx\/tienda\/?s={search_term_string}\"},\"query-input\":\"required name=search_term_string\"}],\"inLanguage\":\"es-MX\"},{\"@type\":\"Organization\",\"@id\":\"https:\/\/compuviper.mx\/tienda\/#organization\",\"name\":\"Compuviper\",\"url\":\"https:\/\/compuviper.mx\/tienda\/\",\"logo\":{\"@type\":\"ImageObject\",\"inLanguage\":\"es-MX\",\"@id\":\"https:\/\/compuviper.mx\/tienda\/#\/schema\/logo\/image\/\",\"url\":\"https:\/\/compuviper.mx\/tienda\/wp-content\/uploads\/2021\/08\/Logo-Compuviper-10.png\",\"contentUrl\":\"https:\/\/compuviper.mx\/tienda\/wp-content\/uploads\/2021\/08\/Logo-Compuviper-10.png\",\"width\":1000,\"height\":500,\"caption\":\"Compuviper\"},\"image\":{\"@id\":\"https:\/\/compuviper.mx\/tienda\/#\/schema\/logo\/image\/\"},\"sameAs\":[\"https:\/\/www.facebook.com\/compuviper\",\"https:\/\/www.youtube.com\/channel\/UCf73dERp9Y3cfOq7q8BhLjA?view_as=subscriber\"]}]}<\/script>\n<meta property=\"product:brand\" content=\"LG\" \/>\n<meta property=\"product:price:amount\" content=\"19136\" \/>\n<meta property=\"product:price:currency\" content=\"MXN\" \/>\n<meta property=\"og:availability\" content=\"out of stock\" \/>\n<meta property=\"product:availability\" content=\"out of stock\" \/>\n<meta property=\"product:retailer_item_id\" content=\"65UH5Q\" \/>\n<meta property=\"product:condition\" content=\"new\" \/>\n<!-- \/ Yoast SEO plugin. -->","yoast_head_json":{"title":"[ Lg ] &#129351; 65uh5q Monitor De Se\u00f1alizacion Digital De 65 P Uso 24\/7 Brillo 500 Nits, Bisel Width 11.4 Mm; Webos Smart Platform, Interfaz Hdmi 3 \/ Hdmi Out (1) \/ Dp \/ Usb 2.0 \/ Rs232c \/ Rj45 \/ Audio \/ Ir","description":"Compra 65uh5q Monitor De Se\u00f1alizacion Digital De 65 P Uso 24\/7 Brillo 500 Nits, Bisel Width 11.4 Mm; Webos Smart Platform, Interfaz Hdmi 3 \/ Hdmi Out (1) \/ Dp \/ Usb 2.0 \/ Rs232c \/ Rj45 \/ Audio \/ Ir + Env\u00edo a domicilio + Pago seguro + Garant\u00eda","robots":{"index":"index","follow":"follow","max-snippet":"max-snippet:-1","max-image-preview":"max-image-preview:large","max-video-preview":"max-video-preview:-1"},"canonical":"https:\/\/compuviper.mx\/tienda\/producto\/lg-65uh5q-monitor-de-sealizacion-digital-de-65-p-uso-24-7-brillo-500-nits-bisel-width-11-4-mm-webos-smart-platform-interfaz-hdmi-3-hdmi-out-1-dp-usb-2-0-rs232c-rj45-audio-ir\/","og_locale":"es_MX","og_type":"article","og_title":"[ Lg ] &#129351; 65uh5q Monitor De Se\u00f1alizacion Digital De 65 P Uso 24\/7 Brillo 500 Nits, Bisel Width 11.4 Mm; Webos Smart Platform, Interfaz Hdmi 3 \/ Hdmi Out (1) \/ Dp \/ Usb 2.0 \/ Rs232c \/ Rj45 \/ Audio \/ Ir","og_description":"Compra 65uh5q Monitor De Se\u00f1alizacion Digital De 65 P Uso 24\/7 Brillo 500 Nits, Bisel Width 11.4 Mm; Webos Smart Platform, Interfaz Hdmi 3 \/ Hdmi Out (1) \/ Dp \/ Usb 2.0 \/ Rs232c \/ Rj45 \/ Audio \/ Ir + Env\u00edo a domicilio + Pago seguro + Garant\u00eda","og_url":"https:\/\/compuviper.mx\/tienda\/producto\/lg-65uh5q-monitor-de-sealizacion-digital-de-65-p-uso-24-7-brillo-500-nits-bisel-width-11-4-mm-webos-smart-platform-interfaz-hdmi-3-hdmi-out-1-dp-usb-2-0-rs232c-rj45-audio-ir\/","og_site_name":"Compuviper","article_publisher":"https:\/\/www.facebook.com\/compuviper","article_modified_time":"2026-04-02T06:51:45+00:00","og_image":[{"width":200,"height":200,"url":"https:\/\/compuviper.mx\/tienda\/wp-content\/uploads\/2025\/10\/Monitor-de-senalizacion-digital-lg-de-65-plg-uso-247-brillo-500-nits-bisel-width-11.4-mm-webos-smart-platform-interfaz-hdmi-3-hdmi-out-1-dp-usb-2.0-rs232c-rj45-audio-ir.jpg","type":"image\/jpeg"}],"twitter_card":"summary_large_image","twitter_misc":{"Precio":"&#36;19,136 con IVA","Availability":"Out of stock"},"schema":{"@context":"https:\/\/schema.org","@graph":[{"@type":"WebPage","@id":"https:\/\/compuviper.mx\/tienda\/producto\/lg-65uh5q-monitor-de-sealizacion-digital-de-65-p-uso-24-7-brillo-500-nits-bisel-width-11-4-mm-webos-smart-platform-interfaz-hdmi-3-hdmi-out-1-dp-usb-2-0-rs232c-rj45-audio-ir\/","url":"https:\/\/compuviper.mx\/tienda\/producto\/lg-65uh5q-monitor-de-sealizacion-digital-de-65-p-uso-24-7-brillo-500-nits-bisel-width-11-4-mm-webos-smart-platform-interfaz-hdmi-3-hdmi-out-1-dp-usb-2-0-rs232c-rj45-audio-ir\/","name":"[ Lg ] &#129351; 65uh5q Monitor De Se\u00f1alizacion Digital De 65 P Uso 24\/7 Brillo 500 Nits, Bisel Width 11.4 Mm; Webos Smart Platform, Interfaz Hdmi 3 \/ Hdmi Out (1) \/ Dp \/ Usb 2.0 \/ Rs232c \/ Rj45 \/ Audio \/ Ir","isPartOf":{"@id":"https:\/\/compuviper.mx\/tienda\/#website"},"datePublished":"2026-04-02T06:51:44+00:00","dateModified":"2026-04-02T06:51:45+00:00","description":"Compra 65uh5q Monitor De Se\u00f1alizacion Digital De 65 P Uso 24\/7 Brillo 500 Nits, Bisel Width 11.4 Mm; Webos Smart Platform, Interfaz Hdmi 3 \/ Hdmi Out (1) \/ Dp \/ Usb 2.0 \/ Rs232c \/ Rj45 \/ Audio \/ Ir + Env\u00edo a domicilio + Pago seguro + Garant\u00eda","breadcrumb":{"@id":"https:\/\/compuviper.mx\/tienda\/producto\/lg-65uh5q-monitor-de-sealizacion-digital-de-65-p-uso-24-7-brillo-500-nits-bisel-width-11-4-mm-webos-smart-platform-interfaz-hdmi-3-hdmi-out-1-dp-usb-2-0-rs232c-rj45-audio-ir\/#breadcrumb"},"inLanguage":"es-MX","potentialAction":[{"@type":"ReadAction","target":["https:\/\/compuviper.mx\/tienda\/producto\/lg-65uh5q-monitor-de-sealizacion-digital-de-65-p-uso-24-7-brillo-500-nits-bisel-width-11-4-mm-webos-smart-platform-interfaz-hdmi-3-hdmi-out-1-dp-usb-2-0-rs232c-rj45-audio-ir\/"]}]},{"@type":"BreadcrumbList","@id":"https:\/\/compuviper.mx\/tienda\/producto\/lg-65uh5q-monitor-de-sealizacion-digital-de-65-p-uso-24-7-brillo-500-nits-bisel-width-11-4-mm-webos-smart-platform-interfaz-hdmi-3-hdmi-out-1-dp-usb-2-0-rs232c-rj45-audio-ir\/#breadcrumb","itemListElement":[{"@type":"ListItem","position":1,"name":"Inicio","item":"https:\/\/compuviper.mx\/tienda\/"},{"@type":"ListItem","position":2,"name":"Productos","item":"https:\/\/compuviper.mx\/tienda\/productos\/"},{"@type":"ListItem","position":3,"name":"Monitores","item":"https:\/\/compuviper.mx\/tienda\/categoria-producto\/monitores\/"},{"@type":"ListItem","position":4,"name":"Led","item":"https:\/\/compuviper.mx\/tienda\/categoria-producto\/monitores\/led\/"},{"@type":"ListItem","position":5,"name":"Lg 65uh5q Monitor De Se?alizacion Digital De 65 P Uso 24\/7 Brillo 500 Nits, Bisel Width 11.4 Mm; Webos Smart Platform, Interfaz Hdmi 3 \/ Hdmi Out (1) \/ Dp \/ Usb 2.0 \/ Rs232c \/ Rj45 \/ Audio \/ Ir"}]},{"@type":"WebSite","@id":"https:\/\/compuviper.mx\/tienda\/#website","url":"https:\/\/compuviper.mx\/tienda\/","name":"Compuviper","description":"Proveedor de Computadoras, Laptops, Servidores, Monitores, Puntos de Venta, Teclados,   Impresoras, T\u00f3ner, C\u00e1maras de Seguridad y m\u00e1s en tu tienda en l\u00ednea","publisher":{"@id":"https:\/\/compuviper.mx\/tienda\/#organization"},"potentialAction":[{"@type":"SearchAction","target":{"@type":"EntryPoint","urlTemplate":"https:\/\/compuviper.mx\/tienda\/?s={search_term_string}"},"query-input":"required name=search_term_string"}],"inLanguage":"es-MX"},{"@type":"Organization","@id":"https:\/\/compuviper.mx\/tienda\/#organization","name":"Compuviper","url":"https:\/\/compuviper.mx\/tienda\/","logo":{"@type":"ImageObject","inLanguage":"es-MX","@id":"https:\/\/compuviper.mx\/tienda\/#\/schema\/logo\/image\/","url":"https:\/\/compuviper.mx\/tienda\/wp-content\/uploads\/2021\/08\/Logo-Compuviper-10.png","contentUrl":"https:\/\/compuviper.mx\/tienda\/wp-content\/uploads\/2021\/08\/Logo-Compuviper-10.png","width":1000,"height":500,"caption":"Compuviper"},"image":{"@id":"https:\/\/compuviper.mx\/tienda\/#\/schema\/logo\/image\/"},"sameAs":["https:\/\/www.facebook.com\/compuviper","https:\/\/www.youtube.com\/channel\/UCf73dERp9Y3cfOq7q8BhLjA?view_as=subscriber"]}]},"product_brand":"LG","product_price_amount":"19136","product_price_currency":"MXN","og_availability":"out of stock","product_availability":"out of stock","product_retailer_item_id":"65UH5Q","product_condition":"new"},"_links":{"self":[{"href":"https:\/\/compuviper.mx\/tienda\/wp-json\/wp\/v2\/product\/257626"}],"collection":[{"href":"https:\/\/compuviper.mx\/tienda\/wp-json\/wp\/v2\/product"}],"about":[{"href":"https:\/\/compuviper.mx\/tienda\/wp-json\/wp\/v2\/types\/product"}],"replies":[{"embeddable":true,"href":"https:\/\/compuviper.mx\/tienda\/wp-json\/wp\/v2\/comments?post=257626"}],"wp:featuredmedia":[{"embeddable":true,"href":"https:\/\/compuviper.mx\/tienda\/wp-json\/wp\/v2\/media\/260015"}],"wp:attachment":[{"href":"https:\/\/compuviper.mx\/tienda\/wp-json\/wp\/v2\/media?parent=257626"}],"wp:term":[{"taxonomy":"product_cat","embeddable":true,"href":"https:\/\/compuviper.mx\/tienda\/wp-json\/wp\/v2\/product_cat?post=257626"},{"taxonomy":"product_tag","embeddable":true,"href":"https:\/\/compuviper.mx\/tienda\/wp-json\/wp\/v2\/product_tag?post=257626"}],"curies":[{"name":"wp","href":"https:\/\/api.w.org\/{rel}","templated":true}]}}