{"id":257604,"date":"2026-04-22T00:14:47","date_gmt":"2026-04-22T06:14:47","guid":{"rendered":"https:\/\/compuviper.mx\/tienda\/producto\/dahua-dh-hac-hfw1801cn-il-a-camara-analoga-hac-hfw1801c-il-a-bullet-4k-de-8-mp-iluminador-dual-para-entornos-oscuros-lente-de-2-8-mm-con-angulo-de-106-alcance-ir-de-20-m-wdr-real-de-120-db-t\/"},"modified":"2026-04-22T00:14:47","modified_gmt":"2026-04-22T06:14:47","slug":"dahua-dh-hac-hfw1801cn-il-a-camara-analoga-hac-hfw1801c-il-a-bullet-4k-de-8-mp-iluminador-dual-para-entornos-oscuros-lente-de-2-8-mm-con-angulo-de-106-alcance-ir-de-20-m-wdr-real-de-120-db-t","status":"publish","type":"product","link":"https:\/\/compuviper.mx\/tienda\/producto\/dahua-dh-hac-hfw1801cn-il-a-camara-analoga-hac-hfw1801c-il-a-bullet-4k-de-8-mp-iluminador-dual-para-entornos-oscuros-lente-de-2-8-mm-con-angulo-de-106-alcance-ir-de-20-m-wdr-real-de-120-db-t\/","title":{"rendered":"Dahua Dh-hac-hfw1801cn-il-a Camara Analoga\/ \/ Hac-hfw1801c-il-a\/ Bullet 4k De 8 Mp, Iluminador Dual Para Entornos Oscuros, Lente De 2.8 Mm Con Angulo De 106?, Alcance Ir De 20 M, Wdr Real De 120 Db, Tecnologia Super Adapt"},"content":{"rendered":"<table class=\"descripcion\">\n<tr>\n<td>Especificaciones tecnicas<\/td>\n<\/tr>\n<tr>\n<td>\u0095fuente de alimentacion: 12 vcc \u00b1 30<\/td>\n<\/tr>\n<tr>\n<td>\u0095consumo de energia: max. 4,2 w 12 v cc, led encendido<\/td>\n<\/tr>\n<tr>\n<td>\u0095temperatura de funcionamiento: \u0096 40 \u00b0c a 60 \u00b0c<\/td>\n<\/tr>\n<tr>\n<td>\u0095humedad de funcionamiento:  95  hr, sin condensacion<\/td>\n<\/tr>\n<tr>\n<td>\u0095dimensiones del producto: 161,3 milimetros69,7 milimetros70,0 mm<\/td>\n<\/tr>\n<tr>\n<td>\u0095peso neto: 0,22 kg<\/td>\n<\/tr>\n<tr>\n<td>Incluye<\/td>\n<\/tr>\n<tr>\n<td>\u0095x1 camara bullet 8mp<\/td>\n<\/tr>\n<tr>\n<td>\u0095x1 manual de usuario<\/td>\n<\/tr>\n<tr>\n<td>\u0095x1 poliza de garantia<\/td>\n<\/tr>\n<\/table>\n","protected":false},"excerpt":{"rendered":"<p>Informacion general. La camara bullet dahua hac-hfw1801c-il-a brinda imagenes de alta definicion 4k con una resolucion de 8 megapixeles, ideal para monitoreo avanzado. Su lente de 2.8 mm abarca un amplio angulo de 106\u00b0, mientras que el iluminador dual permite la captura en entornos oscuros sin perder detalle. Su tecnologia super adapt ajusta automaticamente la imagen en diferentes condiciones de luz, mientras el wdr real de 120 db asegura nitidez en areas de alto contraste. Con un alcance ir de 20 metros y microfono integrado, esta camara es perfecta para vigilancia nocturna o areas criticas que requieren captura de audio. Caracteristicas principales. \u0095wdr real de 120 db, reduccion de ruido 3d. \u0095max. 15 fps a 4k. \u0095distancia de iluminacion de 20 m. \u0095cvi\/cvbs\/ahd\/tvi conmutable. \u0095microfono incorporado. \u0095proteccion ip67<\/p>\n","protected":false},"featured_media":259484,"comment_status":"open","ping_status":"open","template":"","meta":[],"product_cat":[1681,1608],"product_tag":[1555],"acf":[],"yoast_head":"<!-- This site is optimized with the Yoast SEO plugin v21.7 - https:\/\/yoast.com\/wordpress\/plugins\/seo\/ -->\n<title>[ Dahua ] &#129351; Dh-hac-hfw1801cn-il-a Camara Analoga\/ \/ Hac-hfw1801c-il-a\/ Bullet 4k De 8 Mp, Iluminador Dual Para Entornos Oscuros, Lente De 2.8 Mm Con Angulo De 106\u00b0, Alcance Ir De 20 M, Wdr Real De 120 Db, Tecnologia Super Adapt<\/title>\n<meta name=\"description\" content=\"Compra Dh-hac-hfw1801cn-il-a Camara Analoga\/ \/ Hac-hfw1801c-il-a\/ Bullet 4k De 8 Mp, Iluminador Dual Para Entornos Oscuros, Lente De 2.8 Mm Con Angulo De 106\u00b0, Alcance Ir De 20 M, Wdr Real De 120 Db, Tecnologia Super Adapt + Env\u00edo a domicilio + Pago seguro + Garant\u00eda\" \/>\n<meta name=\"robots\" content=\"index, follow, max-snippet:-1, max-image-preview:large, max-video-preview:-1\" \/>\n<link rel=\"canonical\" href=\"https:\/\/compuviper.mx\/tienda\/producto\/dahua-dh-hac-hfw1801cn-il-a-camara-analoga-hac-hfw1801c-il-a-bullet-4k-de-8-mp-iluminador-dual-para-entornos-oscuros-lente-de-2-8-mm-con-angulo-de-106-alcance-ir-de-20-m-wdr-real-de-120-db-t\/\" \/>\n<meta property=\"og:locale\" content=\"es_MX\" \/>\n<meta property=\"og:type\" content=\"article\" \/>\n<meta property=\"og:title\" content=\"[ Dahua ] &#129351; Dh-hac-hfw1801cn-il-a Camara Analoga\/ \/ Hac-hfw1801c-il-a\/ Bullet 4k De 8 Mp, Iluminador Dual Para Entornos Oscuros, Lente De 2.8 Mm Con Angulo De 106\u00b0, Alcance Ir De 20 M, Wdr Real De 120 Db, Tecnologia Super Adapt\" \/>\n<meta property=\"og:description\" content=\"Compra Dh-hac-hfw1801cn-il-a Camara Analoga\/ \/ Hac-hfw1801c-il-a\/ Bullet 4k De 8 Mp, Iluminador Dual Para Entornos Oscuros, Lente De 2.8 Mm Con Angulo De 106\u00b0, Alcance Ir De 20 M, Wdr Real De 120 Db, Tecnologia Super Adapt + Env\u00edo a domicilio + Pago seguro + Garant\u00eda\" \/>\n<meta property=\"og:url\" content=\"https:\/\/compuviper.mx\/tienda\/producto\/dahua-dh-hac-hfw1801cn-il-a-camara-analoga-hac-hfw1801c-il-a-bullet-4k-de-8-mp-iluminador-dual-para-entornos-oscuros-lente-de-2-8-mm-con-angulo-de-106-alcance-ir-de-20-m-wdr-real-de-120-db-t\/\" \/>\n<meta property=\"og:site_name\" content=\"Compuviper\" \/>\n<meta property=\"article:publisher\" content=\"https:\/\/www.facebook.com\/compuviper\" \/>\n<meta property=\"og:image\" content=\"https:\/\/compuviper.mx\/tienda\/wp-content\/uploads\/2025\/10\/Camara-analoga-dahua-hac-hfw1801c-il-a-bullet-4k-de-8-mp-iluminador-dual-para-entornos-oscuros-lente-de-2.8-mm-con-angulo-de-106\u00b0-alcance-ir-de-20-m-wdr-real-de-120-db-tecnologia-super-adapt.jpg\" \/>\n\t<meta property=\"og:image:width\" content=\"200\" \/>\n\t<meta property=\"og:image:height\" content=\"200\" \/>\n\t<meta property=\"og:image:type\" content=\"image\/jpeg\" \/>\n<meta name=\"twitter:card\" content=\"summary_large_image\" \/>\n<meta name=\"twitter:label1\" content=\"Precio\" \/>\n\t<meta name=\"twitter:data1\" content=\"&#36;805 con IVA\" \/>\n\t<meta name=\"twitter:label2\" content=\"Availability\" \/>\n\t<meta name=\"twitter:data2\" content=\"In stock\" \/>\n<script type=\"application\/ld+json\" class=\"yoast-schema-graph\">{\"@context\":\"https:\/\/schema.org\",\"@graph\":[{\"@type\":\"WebPage\",\"@id\":\"https:\/\/compuviper.mx\/tienda\/producto\/dahua-dh-hac-hfw1801cn-il-a-camara-analoga-hac-hfw1801c-il-a-bullet-4k-de-8-mp-iluminador-dual-para-entornos-oscuros-lente-de-2-8-mm-con-angulo-de-106-alcance-ir-de-20-m-wdr-real-de-120-db-t\/\",\"url\":\"https:\/\/compuviper.mx\/tienda\/producto\/dahua-dh-hac-hfw1801cn-il-a-camara-analoga-hac-hfw1801c-il-a-bullet-4k-de-8-mp-iluminador-dual-para-entornos-oscuros-lente-de-2-8-mm-con-angulo-de-106-alcance-ir-de-20-m-wdr-real-de-120-db-t\/\",\"name\":\"[ Dahua ] &#129351; Dh-hac-hfw1801cn-il-a Camara Analoga\/ \/ Hac-hfw1801c-il-a\/ Bullet 4k De 8 Mp, Iluminador Dual Para Entornos Oscuros, Lente De 2.8 Mm Con Angulo De 106\u00b0, Alcance Ir De 20 M, Wdr Real De 120 Db, Tecnologia Super Adapt\",\"isPartOf\":{\"@id\":\"https:\/\/compuviper.mx\/tienda\/#website\"},\"datePublished\":\"2026-04-22T06:14:47+00:00\",\"dateModified\":\"2026-04-22T06:14:47+00:00\",\"description\":\"Compra Dh-hac-hfw1801cn-il-a Camara Analoga\/ \/ Hac-hfw1801c-il-a\/ Bullet 4k De 8 Mp, Iluminador Dual Para Entornos Oscuros, Lente De 2.8 Mm Con Angulo De 106\u00b0, Alcance Ir De 20 M, Wdr Real De 120 Db, Tecnologia Super Adapt + Env\u00edo a domicilio + Pago seguro + Garant\u00eda\",\"breadcrumb\":{\"@id\":\"https:\/\/compuviper.mx\/tienda\/producto\/dahua-dh-hac-hfw1801cn-il-a-camara-analoga-hac-hfw1801c-il-a-bullet-4k-de-8-mp-iluminador-dual-para-entornos-oscuros-lente-de-2-8-mm-con-angulo-de-106-alcance-ir-de-20-m-wdr-real-de-120-db-t\/#breadcrumb\"},\"inLanguage\":\"es-MX\",\"potentialAction\":[{\"@type\":\"ReadAction\",\"target\":[\"https:\/\/compuviper.mx\/tienda\/producto\/dahua-dh-hac-hfw1801cn-il-a-camara-analoga-hac-hfw1801c-il-a-bullet-4k-de-8-mp-iluminador-dual-para-entornos-oscuros-lente-de-2-8-mm-con-angulo-de-106-alcance-ir-de-20-m-wdr-real-de-120-db-t\/\"]}]},{\"@type\":\"BreadcrumbList\",\"@id\":\"https:\/\/compuviper.mx\/tienda\/producto\/dahua-dh-hac-hfw1801cn-il-a-camara-analoga-hac-hfw1801c-il-a-bullet-4k-de-8-mp-iluminador-dual-para-entornos-oscuros-lente-de-2-8-mm-con-angulo-de-106-alcance-ir-de-20-m-wdr-real-de-120-db-t\/#breadcrumb\",\"itemListElement\":[{\"@type\":\"ListItem\",\"position\":1,\"name\":\"Inicio\",\"item\":\"https:\/\/compuviper.mx\/tienda\/\"},{\"@type\":\"ListItem\",\"position\":2,\"name\":\"Productos\",\"item\":\"https:\/\/compuviper.mx\/tienda\/productos\/\"},{\"@type\":\"ListItem\",\"position\":3,\"name\":\"Camaras\",\"item\":\"https:\/\/compuviper.mx\/tienda\/categoria-producto\/camaras-2\/\"},{\"@type\":\"ListItem\",\"position\":4,\"name\":\"Camara De Videovigilancia\",\"item\":\"https:\/\/compuviper.mx\/tienda\/categoria-producto\/camaras-2\/camara-de-videovigilancia\/\"},{\"@type\":\"ListItem\",\"position\":5,\"name\":\"Dahua Dh-hac-hfw1801cn-il-a Camara Analoga\/ \/ Hac-hfw1801c-il-a\/ Bullet 4k De 8 Mp, Iluminador Dual Para Entornos Oscuros, Lente De 2.8 Mm Con Angulo De 106?, Alcance Ir De 20 M, Wdr Real De 120 Db, Tecnologia Super Adapt\"}]},{\"@type\":\"WebSite\",\"@id\":\"https:\/\/compuviper.mx\/tienda\/#website\",\"url\":\"https:\/\/compuviper.mx\/tienda\/\",\"name\":\"Compuviper\",\"description\":\"Proveedor de Computadoras, Laptops, Servidores, Monitores, Puntos de Venta, Teclados,   Impresoras, T\u00f3ner, C\u00e1maras de Seguridad y m\u00e1s en tu tienda en l\u00ednea\",\"publisher\":{\"@id\":\"https:\/\/compuviper.mx\/tienda\/#organization\"},\"potentialAction\":[{\"@type\":\"SearchAction\",\"target\":{\"@type\":\"EntryPoint\",\"urlTemplate\":\"https:\/\/compuviper.mx\/tienda\/?s={search_term_string}\"},\"query-input\":\"required name=search_term_string\"}],\"inLanguage\":\"es-MX\"},{\"@type\":\"Organization\",\"@id\":\"https:\/\/compuviper.mx\/tienda\/#organization\",\"name\":\"Compuviper\",\"url\":\"https:\/\/compuviper.mx\/tienda\/\",\"logo\":{\"@type\":\"ImageObject\",\"inLanguage\":\"es-MX\",\"@id\":\"https:\/\/compuviper.mx\/tienda\/#\/schema\/logo\/image\/\",\"url\":\"https:\/\/compuviper.mx\/tienda\/wp-content\/uploads\/2021\/08\/Logo-Compuviper-10.png\",\"contentUrl\":\"https:\/\/compuviper.mx\/tienda\/wp-content\/uploads\/2021\/08\/Logo-Compuviper-10.png\",\"width\":1000,\"height\":500,\"caption\":\"Compuviper\"},\"image\":{\"@id\":\"https:\/\/compuviper.mx\/tienda\/#\/schema\/logo\/image\/\"},\"sameAs\":[\"https:\/\/www.facebook.com\/compuviper\",\"https:\/\/www.youtube.com\/channel\/UCf73dERp9Y3cfOq7q8BhLjA?view_as=subscriber\"]}]}<\/script>\n<meta property=\"product:brand\" content=\"DAHUA\" \/>\n<meta property=\"product:price:amount\" content=\"805\" \/>\n<meta property=\"product:price:currency\" content=\"MXN\" \/>\n<meta property=\"og:availability\" content=\"instock\" \/>\n<meta property=\"product:availability\" content=\"instock\" \/>\n<meta property=\"product:retailer_item_id\" content=\"DH-HAC-HFW1801CN-IL-A\" \/>\n<meta property=\"product:condition\" content=\"new\" \/>\n<!-- \/ Yoast SEO plugin. -->","yoast_head_json":{"title":"[ Dahua ] &#129351; Dh-hac-hfw1801cn-il-a Camara Analoga\/ \/ Hac-hfw1801c-il-a\/ Bullet 4k De 8 Mp, Iluminador Dual Para Entornos Oscuros, Lente De 2.8 Mm Con Angulo De 106\u00b0, Alcance Ir De 20 M, Wdr Real De 120 Db, Tecnologia Super Adapt","description":"Compra Dh-hac-hfw1801cn-il-a Camara Analoga\/ \/ Hac-hfw1801c-il-a\/ Bullet 4k De 8 Mp, Iluminador Dual Para Entornos Oscuros, Lente De 2.8 Mm Con Angulo De 106\u00b0, Alcance Ir De 20 M, Wdr Real De 120 Db, Tecnologia Super Adapt + Env\u00edo a domicilio + Pago seguro + Garant\u00eda","robots":{"index":"index","follow":"follow","max-snippet":"max-snippet:-1","max-image-preview":"max-image-preview:large","max-video-preview":"max-video-preview:-1"},"canonical":"https:\/\/compuviper.mx\/tienda\/producto\/dahua-dh-hac-hfw1801cn-il-a-camara-analoga-hac-hfw1801c-il-a-bullet-4k-de-8-mp-iluminador-dual-para-entornos-oscuros-lente-de-2-8-mm-con-angulo-de-106-alcance-ir-de-20-m-wdr-real-de-120-db-t\/","og_locale":"es_MX","og_type":"article","og_title":"[ Dahua ] &#129351; Dh-hac-hfw1801cn-il-a Camara Analoga\/ \/ Hac-hfw1801c-il-a\/ Bullet 4k De 8 Mp, Iluminador Dual Para Entornos Oscuros, Lente De 2.8 Mm Con Angulo De 106\u00b0, Alcance Ir De 20 M, Wdr Real De 120 Db, Tecnologia Super Adapt","og_description":"Compra Dh-hac-hfw1801cn-il-a Camara Analoga\/ \/ Hac-hfw1801c-il-a\/ Bullet 4k De 8 Mp, Iluminador Dual Para Entornos Oscuros, Lente De 2.8 Mm Con Angulo De 106\u00b0, Alcance Ir De 20 M, Wdr Real De 120 Db, Tecnologia Super Adapt + Env\u00edo a domicilio + Pago seguro + Garant\u00eda","og_url":"https:\/\/compuviper.mx\/tienda\/producto\/dahua-dh-hac-hfw1801cn-il-a-camara-analoga-hac-hfw1801c-il-a-bullet-4k-de-8-mp-iluminador-dual-para-entornos-oscuros-lente-de-2-8-mm-con-angulo-de-106-alcance-ir-de-20-m-wdr-real-de-120-db-t\/","og_site_name":"Compuviper","article_publisher":"https:\/\/www.facebook.com\/compuviper","og_image":[{"width":200,"height":200,"url":"https:\/\/compuviper.mx\/tienda\/wp-content\/uploads\/2025\/10\/Camara-analoga-dahua-hac-hfw1801c-il-a-bullet-4k-de-8-mp-iluminador-dual-para-entornos-oscuros-lente-de-2.8-mm-con-angulo-de-106\u00b0-alcance-ir-de-20-m-wdr-real-de-120-db-tecnologia-super-adapt.jpg","type":"image\/jpeg"}],"twitter_card":"summary_large_image","twitter_misc":{"Precio":"&#36;805 con IVA","Availability":"In stock"},"schema":{"@context":"https:\/\/schema.org","@graph":[{"@type":"WebPage","@id":"https:\/\/compuviper.mx\/tienda\/producto\/dahua-dh-hac-hfw1801cn-il-a-camara-analoga-hac-hfw1801c-il-a-bullet-4k-de-8-mp-iluminador-dual-para-entornos-oscuros-lente-de-2-8-mm-con-angulo-de-106-alcance-ir-de-20-m-wdr-real-de-120-db-t\/","url":"https:\/\/compuviper.mx\/tienda\/producto\/dahua-dh-hac-hfw1801cn-il-a-camara-analoga-hac-hfw1801c-il-a-bullet-4k-de-8-mp-iluminador-dual-para-entornos-oscuros-lente-de-2-8-mm-con-angulo-de-106-alcance-ir-de-20-m-wdr-real-de-120-db-t\/","name":"[ Dahua ] &#129351; Dh-hac-hfw1801cn-il-a Camara Analoga\/ \/ Hac-hfw1801c-il-a\/ Bullet 4k De 8 Mp, Iluminador Dual Para Entornos Oscuros, Lente De 2.8 Mm Con Angulo De 106\u00b0, Alcance Ir De 20 M, Wdr Real De 120 Db, Tecnologia Super Adapt","isPartOf":{"@id":"https:\/\/compuviper.mx\/tienda\/#website"},"datePublished":"2026-04-22T06:14:47+00:00","dateModified":"2026-04-22T06:14:47+00:00","description":"Compra Dh-hac-hfw1801cn-il-a Camara Analoga\/ \/ Hac-hfw1801c-il-a\/ Bullet 4k De 8 Mp, Iluminador Dual Para Entornos Oscuros, Lente De 2.8 Mm Con Angulo De 106\u00b0, Alcance Ir De 20 M, Wdr Real De 120 Db, Tecnologia Super Adapt + Env\u00edo a domicilio + Pago seguro + Garant\u00eda","breadcrumb":{"@id":"https:\/\/compuviper.mx\/tienda\/producto\/dahua-dh-hac-hfw1801cn-il-a-camara-analoga-hac-hfw1801c-il-a-bullet-4k-de-8-mp-iluminador-dual-para-entornos-oscuros-lente-de-2-8-mm-con-angulo-de-106-alcance-ir-de-20-m-wdr-real-de-120-db-t\/#breadcrumb"},"inLanguage":"es-MX","potentialAction":[{"@type":"ReadAction","target":["https:\/\/compuviper.mx\/tienda\/producto\/dahua-dh-hac-hfw1801cn-il-a-camara-analoga-hac-hfw1801c-il-a-bullet-4k-de-8-mp-iluminador-dual-para-entornos-oscuros-lente-de-2-8-mm-con-angulo-de-106-alcance-ir-de-20-m-wdr-real-de-120-db-t\/"]}]},{"@type":"BreadcrumbList","@id":"https:\/\/compuviper.mx\/tienda\/producto\/dahua-dh-hac-hfw1801cn-il-a-camara-analoga-hac-hfw1801c-il-a-bullet-4k-de-8-mp-iluminador-dual-para-entornos-oscuros-lente-de-2-8-mm-con-angulo-de-106-alcance-ir-de-20-m-wdr-real-de-120-db-t\/#breadcrumb","itemListElement":[{"@type":"ListItem","position":1,"name":"Inicio","item":"https:\/\/compuviper.mx\/tienda\/"},{"@type":"ListItem","position":2,"name":"Productos","item":"https:\/\/compuviper.mx\/tienda\/productos\/"},{"@type":"ListItem","position":3,"name":"Camaras","item":"https:\/\/compuviper.mx\/tienda\/categoria-producto\/camaras-2\/"},{"@type":"ListItem","position":4,"name":"Camara De Videovigilancia","item":"https:\/\/compuviper.mx\/tienda\/categoria-producto\/camaras-2\/camara-de-videovigilancia\/"},{"@type":"ListItem","position":5,"name":"Dahua Dh-hac-hfw1801cn-il-a Camara Analoga\/ \/ Hac-hfw1801c-il-a\/ Bullet 4k De 8 Mp, Iluminador Dual Para Entornos Oscuros, Lente De 2.8 Mm Con Angulo De 106?, Alcance Ir De 20 M, Wdr Real De 120 Db, Tecnologia Super Adapt"}]},{"@type":"WebSite","@id":"https:\/\/compuviper.mx\/tienda\/#website","url":"https:\/\/compuviper.mx\/tienda\/","name":"Compuviper","description":"Proveedor de Computadoras, Laptops, Servidores, Monitores, Puntos de Venta, Teclados,   Impresoras, T\u00f3ner, C\u00e1maras de Seguridad y m\u00e1s en tu tienda en l\u00ednea","publisher":{"@id":"https:\/\/compuviper.mx\/tienda\/#organization"},"potentialAction":[{"@type":"SearchAction","target":{"@type":"EntryPoint","urlTemplate":"https:\/\/compuviper.mx\/tienda\/?s={search_term_string}"},"query-input":"required name=search_term_string"}],"inLanguage":"es-MX"},{"@type":"Organization","@id":"https:\/\/compuviper.mx\/tienda\/#organization","name":"Compuviper","url":"https:\/\/compuviper.mx\/tienda\/","logo":{"@type":"ImageObject","inLanguage":"es-MX","@id":"https:\/\/compuviper.mx\/tienda\/#\/schema\/logo\/image\/","url":"https:\/\/compuviper.mx\/tienda\/wp-content\/uploads\/2021\/08\/Logo-Compuviper-10.png","contentUrl":"https:\/\/compuviper.mx\/tienda\/wp-content\/uploads\/2021\/08\/Logo-Compuviper-10.png","width":1000,"height":500,"caption":"Compuviper"},"image":{"@id":"https:\/\/compuviper.mx\/tienda\/#\/schema\/logo\/image\/"},"sameAs":["https:\/\/www.facebook.com\/compuviper","https:\/\/www.youtube.com\/channel\/UCf73dERp9Y3cfOq7q8BhLjA?view_as=subscriber"]}]},"product_brand":"DAHUA","product_price_amount":"805","product_price_currency":"MXN","og_availability":"instock","product_availability":"instock","product_retailer_item_id":"DH-HAC-HFW1801CN-IL-A","product_condition":"new"},"_links":{"self":[{"href":"https:\/\/compuviper.mx\/tienda\/wp-json\/wp\/v2\/product\/257604"}],"collection":[{"href":"https:\/\/compuviper.mx\/tienda\/wp-json\/wp\/v2\/product"}],"about":[{"href":"https:\/\/compuviper.mx\/tienda\/wp-json\/wp\/v2\/types\/product"}],"replies":[{"embeddable":true,"href":"https:\/\/compuviper.mx\/tienda\/wp-json\/wp\/v2\/comments?post=257604"}],"wp:featuredmedia":[{"embeddable":true,"href":"https:\/\/compuviper.mx\/tienda\/wp-json\/wp\/v2\/media\/259484"}],"wp:attachment":[{"href":"https:\/\/compuviper.mx\/tienda\/wp-json\/wp\/v2\/media?parent=257604"}],"wp:term":[{"taxonomy":"product_cat","embeddable":true,"href":"https:\/\/compuviper.mx\/tienda\/wp-json\/wp\/v2\/product_cat?post=257604"},{"taxonomy":"product_tag","embeddable":true,"href":"https:\/\/compuviper.mx\/tienda\/wp-json\/wp\/v2\/product_tag?post=257604"}],"curies":[{"name":"wp","href":"https:\/\/api.w.org\/{rel}","templated":true}]}}