{"id":257596,"date":"2026-04-06T23:18:02","date_gmt":"2026-04-07T05:18:02","guid":{"rendered":"https:\/\/compuviper.mx\/tienda\/producto\/dahua-dhi-asi3204e-control-de-acceso-y-asistencia-asi3204e-con-reconocimiento-facial-pantalla-de-2-4-1000-usuarios-1000-contrasenas-3000-tarjetas-mifare-3000-huellas-50-administradores-100000\/"},"modified":"2026-04-07T00:00:04","modified_gmt":"2026-04-07T06:00:04","slug":"dahua-dhi-asi3204e-control-de-acceso-y-asistencia-asi3204e-con-reconocimiento-facial-pantalla-de-2-4-1000-usuarios-1000-contrasenas-3000-tarjetas-mifare-3000-huellas-50-administradores-100000","status":"publish","type":"product","link":"https:\/\/compuviper.mx\/tienda\/producto\/dahua-dhi-asi3204e-control-de-acceso-y-asistencia-asi3204e-con-reconocimiento-facial-pantalla-de-2-4-1000-usuarios-1000-contrasenas-3000-tarjetas-mifare-3000-huellas-50-administradores-100000\/","title":{"rendered":"Dahua Dhi-asi3204e Control De Acceso Y Asistencia\/ \/ Asi3204e\/con Reconocimiento Facial\/pantalla De 2.4\/1,000 Usuarios\/1,000 Contrasenas\/3,000 Tarjetas Mifare\/3,000 Huellas\/50 Administradores\/100,000 Reg\/ Salida"},"content":{"rendered":"<table class=\"descripcion\">\n<tr>\n<td>Especificaciones tecnicas<\/td>\n<\/tr>\n<tr>\n<td>\u0095fuente de alimentacion: 12 vcc, 2 a<\/td>\n<\/tr>\n<tr>\n<td>\u0095consumo de energia:  and 8804;12 w<\/td>\n<\/tr>\n<tr>\n<td>\u0095dimensiones del producto: 184,9 mm  76,2 mm  20,5 mm<\/td>\n<\/tr>\n<tr>\n<td>\u0095dimensiones del embalaje: 219 mm  122 mm  58 mm<\/td>\n<\/tr>\n<tr>\n<td>\u0095temperatura de funcionamiento: \u0096 10 \u00b0c a 45 \u00b0c<\/td>\n<\/tr>\n<tr>\n<td>\u0095humedad de funcionamiento: 0\u009690 hr, sin condensacion<\/td>\n<\/tr>\n<tr>\n<td>\u0095altitud de operacion: 0 m\u00961300 m<\/td>\n<\/tr>\n<tr>\n<td>\u0095peso bruto: 0,6 kg<\/td>\n<\/tr>\n<tr>\n<td>Incluye<\/td>\n<\/tr>\n<tr>\n<td>\u0095x1 control de acceso dhi-asi3204e<\/td>\n<\/tr>\n<tr>\n<td>\u0095x1 soporte de montaje en pared<\/td>\n<\/tr>\n<tr>\n<td>\u0095x1 manual de usuario<\/td>\n<\/tr>\n<tr>\n<td>\u0095x1 poliza de garantia<\/td>\n<\/tr>\n<tr>\n<td>Nota: este equipo no incluye fuente de alimentacion.<\/td>\n<\/tr>\n<\/table>\n","protected":false},"excerpt":{"rendered":"<p>Informacion general. El sistema de control de acceso dahua dhi-asi3204e ofrece tecnologia de reconocimiento facial de alta precision 99.99 en una pantalla de 2.4 pulgadas. Soporta hasta 1,000 rostros, contrasenas y huellas, junto con 3,000 tarjetas mifare ic card. Ideal para la gestion de acceso en empresas, cuenta con una capacidad para administrar hasta 50 administradores y almacenar hasta 100,000 registros de acceso. Su capacidad para trabajar con multiples metodos de identificacion facial, tarjeta y huella lo convierte en una solucion versatil y confiable para la seguridad de instalaciones de mediana y gran escala. Caracteristicas principales. \u0095pantalla: lcd de 2,4 pulgadas con una resolucion de 320 h240 v. \u0095camara: doble lente cmos de 2 mp con iluminacion ir y dwdr. \u0095metodos de desbloqueo: incluidos reconocimiento facial, tarjeta ic, contrasena y huella dactilar. \u0095capacidad:admite 1000 usuarios, 1000 rostros, 3000 huellas dactilares, 3000 tarjetas, 1000 contrasenas, 50 administradores y 100 000 registros. \u0095reconocimiento facial: a una distancia de 0,3 m a 1,5 m 0,98 ft &#8211; 4,92 ft con una precision del 99,9  y compara 1 rostro con n rostros a una velocidad de 0,2 segundos por persona. \u0095admite: modulos de extension de seguridad para control de acceso, evitando que las puertas se abran a la fuerza. \u0095gestiona: la asistencia web y la exportacion de informes de asistencia locales.<\/p>\n","protected":false},"featured_media":258960,"comment_status":"open","ping_status":"open","template":"","meta":[],"product_cat":[1540,1541],"product_tag":[1555],"acf":[],"yoast_head":"<!-- This site is optimized with the Yoast SEO plugin v21.7 - https:\/\/yoast.com\/wordpress\/plugins\/seo\/ -->\n<title>[ Dahua ] &#129351; Dhi-asi3204e Control De Acceso Y Asistencia\/ \/ Asi3204e\/con Reconocimiento Facial\/pantalla De 2.4\/1,000 Usuarios\/1,000 Contrasenas\/3,000 Tarjetas Mifare\/3,000 Huellas\/50 Administradores\/100,000 Reg\/ Salida<\/title>\n<meta name=\"description\" content=\"Compra Dhi-asi3204e Control De Acceso Y Asistencia\/ \/ Asi3204e\/con Reconocimiento Facial\/pantalla De 2.4\/1,000 Usuarios\/1,000 Contrasenas\/3,000 Tarjetas Mifare\/3,000 Huellas\/50 Administradores\/100,000 Reg\/ Salida + Env\u00edo a domicilio + Pago seguro + Garant\u00eda\" \/>\n<meta name=\"robots\" content=\"index, follow, max-snippet:-1, max-image-preview:large, max-video-preview:-1\" \/>\n<link rel=\"canonical\" href=\"https:\/\/compuviper.mx\/tienda\/producto\/dahua-dhi-asi3204e-control-de-acceso-y-asistencia-asi3204e-con-reconocimiento-facial-pantalla-de-2-4-1000-usuarios-1000-contrasenas-3000-tarjetas-mifare-3000-huellas-50-administradores-100000\/\" \/>\n<meta property=\"og:locale\" content=\"es_MX\" \/>\n<meta property=\"og:type\" content=\"article\" \/>\n<meta property=\"og:title\" content=\"[ Dahua ] &#129351; Dhi-asi3204e Control De Acceso Y Asistencia\/ \/ Asi3204e\/con Reconocimiento Facial\/pantalla De 2.4\/1,000 Usuarios\/1,000 Contrasenas\/3,000 Tarjetas Mifare\/3,000 Huellas\/50 Administradores\/100,000 Reg\/ Salida\" \/>\n<meta property=\"og:description\" content=\"Compra Dhi-asi3204e Control De Acceso Y Asistencia\/ \/ Asi3204e\/con Reconocimiento Facial\/pantalla De 2.4\/1,000 Usuarios\/1,000 Contrasenas\/3,000 Tarjetas Mifare\/3,000 Huellas\/50 Administradores\/100,000 Reg\/ Salida + Env\u00edo a domicilio + Pago seguro + Garant\u00eda\" \/>\n<meta property=\"og:url\" content=\"https:\/\/compuviper.mx\/tienda\/producto\/dahua-dhi-asi3204e-control-de-acceso-y-asistencia-asi3204e-con-reconocimiento-facial-pantalla-de-2-4-1000-usuarios-1000-contrasenas-3000-tarjetas-mifare-3000-huellas-50-administradores-100000\/\" \/>\n<meta property=\"og:site_name\" content=\"Compuviper\" \/>\n<meta property=\"article:publisher\" content=\"https:\/\/www.facebook.com\/compuviper\" \/>\n<meta property=\"article:modified_time\" content=\"2026-04-07T06:00:04+00:00\" \/>\n<meta property=\"og:image\" content=\"https:\/\/compuviper.mx\/tienda\/wp-content\/uploads\/2025\/10\/Control-de-acceso-y-asistencia-dahua-asi3204econ-reconocimiento-facialpantalla-de-2.41000-usuarios1000-contrasenas3000-tarjetas-mifare3000-huellas50-administradores100000-reg-salida.jpg\" \/>\n\t<meta property=\"og:image:width\" content=\"200\" \/>\n\t<meta property=\"og:image:height\" content=\"200\" \/>\n\t<meta property=\"og:image:type\" content=\"image\/jpeg\" \/>\n<meta name=\"twitter:card\" content=\"summary_large_image\" \/>\n<meta name=\"twitter:label1\" content=\"Precio\" \/>\n\t<meta name=\"twitter:data1\" content=\"&#36;1,227 con IVA\" \/>\n\t<meta name=\"twitter:label2\" content=\"Availability\" \/>\n\t<meta name=\"twitter:data2\" content=\"Out of stock\" \/>\n<script type=\"application\/ld+json\" class=\"yoast-schema-graph\">{\"@context\":\"https:\/\/schema.org\",\"@graph\":[{\"@type\":\"WebPage\",\"@id\":\"https:\/\/compuviper.mx\/tienda\/producto\/dahua-dhi-asi3204e-control-de-acceso-y-asistencia-asi3204e-con-reconocimiento-facial-pantalla-de-2-4-1000-usuarios-1000-contrasenas-3000-tarjetas-mifare-3000-huellas-50-administradores-100000\/\",\"url\":\"https:\/\/compuviper.mx\/tienda\/producto\/dahua-dhi-asi3204e-control-de-acceso-y-asistencia-asi3204e-con-reconocimiento-facial-pantalla-de-2-4-1000-usuarios-1000-contrasenas-3000-tarjetas-mifare-3000-huellas-50-administradores-100000\/\",\"name\":\"[ Dahua ] &#129351; Dhi-asi3204e Control De Acceso Y Asistencia\/ \/ Asi3204e\/con Reconocimiento Facial\/pantalla De 2.4\/1,000 Usuarios\/1,000 Contrasenas\/3,000 Tarjetas Mifare\/3,000 Huellas\/50 Administradores\/100,000 Reg\/ Salida\",\"isPartOf\":{\"@id\":\"https:\/\/compuviper.mx\/tienda\/#website\"},\"datePublished\":\"2026-04-07T05:18:02+00:00\",\"dateModified\":\"2026-04-07T06:00:04+00:00\",\"description\":\"Compra Dhi-asi3204e Control De Acceso Y Asistencia\/ \/ Asi3204e\/con Reconocimiento Facial\/pantalla De 2.4\/1,000 Usuarios\/1,000 Contrasenas\/3,000 Tarjetas Mifare\/3,000 Huellas\/50 Administradores\/100,000 Reg\/ Salida + Env\u00edo a domicilio + Pago seguro + Garant\u00eda\",\"breadcrumb\":{\"@id\":\"https:\/\/compuviper.mx\/tienda\/producto\/dahua-dhi-asi3204e-control-de-acceso-y-asistencia-asi3204e-con-reconocimiento-facial-pantalla-de-2-4-1000-usuarios-1000-contrasenas-3000-tarjetas-mifare-3000-huellas-50-administradores-100000\/#breadcrumb\"},\"inLanguage\":\"es-MX\",\"potentialAction\":[{\"@type\":\"ReadAction\",\"target\":[\"https:\/\/compuviper.mx\/tienda\/producto\/dahua-dhi-asi3204e-control-de-acceso-y-asistencia-asi3204e-con-reconocimiento-facial-pantalla-de-2-4-1000-usuarios-1000-contrasenas-3000-tarjetas-mifare-3000-huellas-50-administradores-100000\/\"]}]},{\"@type\":\"BreadcrumbList\",\"@id\":\"https:\/\/compuviper.mx\/tienda\/producto\/dahua-dhi-asi3204e-control-de-acceso-y-asistencia-asi3204e-con-reconocimiento-facial-pantalla-de-2-4-1000-usuarios-1000-contrasenas-3000-tarjetas-mifare-3000-huellas-50-administradores-100000\/#breadcrumb\",\"itemListElement\":[{\"@type\":\"ListItem\",\"position\":1,\"name\":\"Inicio\",\"item\":\"https:\/\/compuviper.mx\/tienda\/\"},{\"@type\":\"ListItem\",\"position\":2,\"name\":\"Productos\",\"item\":\"https:\/\/compuviper.mx\/tienda\/productos\/\"},{\"@type\":\"ListItem\",\"position\":3,\"name\":\"Control De Acceso Y Asistencia\",\"item\":\"https:\/\/compuviper.mx\/tienda\/categoria-producto\/control-de-acceso-y-asistencia\/\"},{\"@type\":\"ListItem\",\"position\":4,\"name\":\"Lectores De Control De Acceso Y Asistencia\",\"item\":\"https:\/\/compuviper.mx\/tienda\/categoria-producto\/control-de-acceso-y-asistencia\/lectores-de-control-de-acceso-y-asistencia\/\"},{\"@type\":\"ListItem\",\"position\":5,\"name\":\"Dahua Dhi-asi3204e Control De Acceso Y Asistencia\/ \/ Asi3204e\/con Reconocimiento Facial\/pantalla De 2.4\/1,000 Usuarios\/1,000 Contrasenas\/3,000 Tarjetas Mifare\/3,000 Huellas\/50 Administradores\/100,000 Reg\/ Salida\"}]},{\"@type\":\"WebSite\",\"@id\":\"https:\/\/compuviper.mx\/tienda\/#website\",\"url\":\"https:\/\/compuviper.mx\/tienda\/\",\"name\":\"Compuviper\",\"description\":\"Proveedor de Computadoras, Laptops, Servidores, Monitores, Puntos de Venta, Teclados,   Impresoras, T\u00f3ner, C\u00e1maras de Seguridad y m\u00e1s en tu tienda en l\u00ednea\",\"publisher\":{\"@id\":\"https:\/\/compuviper.mx\/tienda\/#organization\"},\"potentialAction\":[{\"@type\":\"SearchAction\",\"target\":{\"@type\":\"EntryPoint\",\"urlTemplate\":\"https:\/\/compuviper.mx\/tienda\/?s={search_term_string}\"},\"query-input\":\"required name=search_term_string\"}],\"inLanguage\":\"es-MX\"},{\"@type\":\"Organization\",\"@id\":\"https:\/\/compuviper.mx\/tienda\/#organization\",\"name\":\"Compuviper\",\"url\":\"https:\/\/compuviper.mx\/tienda\/\",\"logo\":{\"@type\":\"ImageObject\",\"inLanguage\":\"es-MX\",\"@id\":\"https:\/\/compuviper.mx\/tienda\/#\/schema\/logo\/image\/\",\"url\":\"https:\/\/compuviper.mx\/tienda\/wp-content\/uploads\/2021\/08\/Logo-Compuviper-10.png\",\"contentUrl\":\"https:\/\/compuviper.mx\/tienda\/wp-content\/uploads\/2021\/08\/Logo-Compuviper-10.png\",\"width\":1000,\"height\":500,\"caption\":\"Compuviper\"},\"image\":{\"@id\":\"https:\/\/compuviper.mx\/tienda\/#\/schema\/logo\/image\/\"},\"sameAs\":[\"https:\/\/www.facebook.com\/compuviper\",\"https:\/\/www.youtube.com\/channel\/UCf73dERp9Y3cfOq7q8BhLjA?view_as=subscriber\"]}]}<\/script>\n<meta property=\"product:brand\" content=\"DAHUA\" \/>\n<meta property=\"product:price:amount\" content=\"1227\" \/>\n<meta property=\"product:price:currency\" content=\"MXN\" \/>\n<meta property=\"og:availability\" content=\"out of stock\" \/>\n<meta property=\"product:availability\" content=\"out of stock\" \/>\n<meta property=\"product:retailer_item_id\" content=\"DHI-ASI3204E\" \/>\n<meta property=\"product:condition\" content=\"new\" \/>\n<!-- \/ Yoast SEO plugin. -->","yoast_head_json":{"title":"[ Dahua ] &#129351; Dhi-asi3204e Control De Acceso Y Asistencia\/ \/ Asi3204e\/con Reconocimiento Facial\/pantalla De 2.4\/1,000 Usuarios\/1,000 Contrasenas\/3,000 Tarjetas Mifare\/3,000 Huellas\/50 Administradores\/100,000 Reg\/ Salida","description":"Compra Dhi-asi3204e Control De Acceso Y Asistencia\/ \/ Asi3204e\/con Reconocimiento Facial\/pantalla De 2.4\/1,000 Usuarios\/1,000 Contrasenas\/3,000 Tarjetas Mifare\/3,000 Huellas\/50 Administradores\/100,000 Reg\/ Salida + Env\u00edo a domicilio + Pago seguro + Garant\u00eda","robots":{"index":"index","follow":"follow","max-snippet":"max-snippet:-1","max-image-preview":"max-image-preview:large","max-video-preview":"max-video-preview:-1"},"canonical":"https:\/\/compuviper.mx\/tienda\/producto\/dahua-dhi-asi3204e-control-de-acceso-y-asistencia-asi3204e-con-reconocimiento-facial-pantalla-de-2-4-1000-usuarios-1000-contrasenas-3000-tarjetas-mifare-3000-huellas-50-administradores-100000\/","og_locale":"es_MX","og_type":"article","og_title":"[ Dahua ] &#129351; Dhi-asi3204e Control De Acceso Y Asistencia\/ \/ Asi3204e\/con Reconocimiento Facial\/pantalla De 2.4\/1,000 Usuarios\/1,000 Contrasenas\/3,000 Tarjetas Mifare\/3,000 Huellas\/50 Administradores\/100,000 Reg\/ Salida","og_description":"Compra Dhi-asi3204e Control De Acceso Y Asistencia\/ \/ Asi3204e\/con Reconocimiento Facial\/pantalla De 2.4\/1,000 Usuarios\/1,000 Contrasenas\/3,000 Tarjetas Mifare\/3,000 Huellas\/50 Administradores\/100,000 Reg\/ Salida + Env\u00edo a domicilio + Pago seguro + Garant\u00eda","og_url":"https:\/\/compuviper.mx\/tienda\/producto\/dahua-dhi-asi3204e-control-de-acceso-y-asistencia-asi3204e-con-reconocimiento-facial-pantalla-de-2-4-1000-usuarios-1000-contrasenas-3000-tarjetas-mifare-3000-huellas-50-administradores-100000\/","og_site_name":"Compuviper","article_publisher":"https:\/\/www.facebook.com\/compuviper","article_modified_time":"2026-04-07T06:00:04+00:00","og_image":[{"width":200,"height":200,"url":"https:\/\/compuviper.mx\/tienda\/wp-content\/uploads\/2025\/10\/Control-de-acceso-y-asistencia-dahua-asi3204econ-reconocimiento-facialpantalla-de-2.41000-usuarios1000-contrasenas3000-tarjetas-mifare3000-huellas50-administradores100000-reg-salida.jpg","type":"image\/jpeg"}],"twitter_card":"summary_large_image","twitter_misc":{"Precio":"&#36;1,227 con IVA","Availability":"Out of stock"},"schema":{"@context":"https:\/\/schema.org","@graph":[{"@type":"WebPage","@id":"https:\/\/compuviper.mx\/tienda\/producto\/dahua-dhi-asi3204e-control-de-acceso-y-asistencia-asi3204e-con-reconocimiento-facial-pantalla-de-2-4-1000-usuarios-1000-contrasenas-3000-tarjetas-mifare-3000-huellas-50-administradores-100000\/","url":"https:\/\/compuviper.mx\/tienda\/producto\/dahua-dhi-asi3204e-control-de-acceso-y-asistencia-asi3204e-con-reconocimiento-facial-pantalla-de-2-4-1000-usuarios-1000-contrasenas-3000-tarjetas-mifare-3000-huellas-50-administradores-100000\/","name":"[ Dahua ] &#129351; Dhi-asi3204e Control De Acceso Y Asistencia\/ \/ Asi3204e\/con Reconocimiento Facial\/pantalla De 2.4\/1,000 Usuarios\/1,000 Contrasenas\/3,000 Tarjetas Mifare\/3,000 Huellas\/50 Administradores\/100,000 Reg\/ Salida","isPartOf":{"@id":"https:\/\/compuviper.mx\/tienda\/#website"},"datePublished":"2026-04-07T05:18:02+00:00","dateModified":"2026-04-07T06:00:04+00:00","description":"Compra Dhi-asi3204e Control De Acceso Y Asistencia\/ \/ Asi3204e\/con Reconocimiento Facial\/pantalla De 2.4\/1,000 Usuarios\/1,000 Contrasenas\/3,000 Tarjetas Mifare\/3,000 Huellas\/50 Administradores\/100,000 Reg\/ Salida + Env\u00edo a domicilio + Pago seguro + Garant\u00eda","breadcrumb":{"@id":"https:\/\/compuviper.mx\/tienda\/producto\/dahua-dhi-asi3204e-control-de-acceso-y-asistencia-asi3204e-con-reconocimiento-facial-pantalla-de-2-4-1000-usuarios-1000-contrasenas-3000-tarjetas-mifare-3000-huellas-50-administradores-100000\/#breadcrumb"},"inLanguage":"es-MX","potentialAction":[{"@type":"ReadAction","target":["https:\/\/compuviper.mx\/tienda\/producto\/dahua-dhi-asi3204e-control-de-acceso-y-asistencia-asi3204e-con-reconocimiento-facial-pantalla-de-2-4-1000-usuarios-1000-contrasenas-3000-tarjetas-mifare-3000-huellas-50-administradores-100000\/"]}]},{"@type":"BreadcrumbList","@id":"https:\/\/compuviper.mx\/tienda\/producto\/dahua-dhi-asi3204e-control-de-acceso-y-asistencia-asi3204e-con-reconocimiento-facial-pantalla-de-2-4-1000-usuarios-1000-contrasenas-3000-tarjetas-mifare-3000-huellas-50-administradores-100000\/#breadcrumb","itemListElement":[{"@type":"ListItem","position":1,"name":"Inicio","item":"https:\/\/compuviper.mx\/tienda\/"},{"@type":"ListItem","position":2,"name":"Productos","item":"https:\/\/compuviper.mx\/tienda\/productos\/"},{"@type":"ListItem","position":3,"name":"Control De Acceso Y Asistencia","item":"https:\/\/compuviper.mx\/tienda\/categoria-producto\/control-de-acceso-y-asistencia\/"},{"@type":"ListItem","position":4,"name":"Lectores De Control De Acceso Y Asistencia","item":"https:\/\/compuviper.mx\/tienda\/categoria-producto\/control-de-acceso-y-asistencia\/lectores-de-control-de-acceso-y-asistencia\/"},{"@type":"ListItem","position":5,"name":"Dahua Dhi-asi3204e Control De Acceso Y Asistencia\/ \/ Asi3204e\/con Reconocimiento Facial\/pantalla De 2.4\/1,000 Usuarios\/1,000 Contrasenas\/3,000 Tarjetas Mifare\/3,000 Huellas\/50 Administradores\/100,000 Reg\/ Salida"}]},{"@type":"WebSite","@id":"https:\/\/compuviper.mx\/tienda\/#website","url":"https:\/\/compuviper.mx\/tienda\/","name":"Compuviper","description":"Proveedor de Computadoras, Laptops, Servidores, Monitores, Puntos de Venta, Teclados,   Impresoras, T\u00f3ner, C\u00e1maras de Seguridad y m\u00e1s en tu tienda en l\u00ednea","publisher":{"@id":"https:\/\/compuviper.mx\/tienda\/#organization"},"potentialAction":[{"@type":"SearchAction","target":{"@type":"EntryPoint","urlTemplate":"https:\/\/compuviper.mx\/tienda\/?s={search_term_string}"},"query-input":"required name=search_term_string"}],"inLanguage":"es-MX"},{"@type":"Organization","@id":"https:\/\/compuviper.mx\/tienda\/#organization","name":"Compuviper","url":"https:\/\/compuviper.mx\/tienda\/","logo":{"@type":"ImageObject","inLanguage":"es-MX","@id":"https:\/\/compuviper.mx\/tienda\/#\/schema\/logo\/image\/","url":"https:\/\/compuviper.mx\/tienda\/wp-content\/uploads\/2021\/08\/Logo-Compuviper-10.png","contentUrl":"https:\/\/compuviper.mx\/tienda\/wp-content\/uploads\/2021\/08\/Logo-Compuviper-10.png","width":1000,"height":500,"caption":"Compuviper"},"image":{"@id":"https:\/\/compuviper.mx\/tienda\/#\/schema\/logo\/image\/"},"sameAs":["https:\/\/www.facebook.com\/compuviper","https:\/\/www.youtube.com\/channel\/UCf73dERp9Y3cfOq7q8BhLjA?view_as=subscriber"]}]},"product_brand":"DAHUA","product_price_amount":"1227","product_price_currency":"MXN","og_availability":"out of stock","product_availability":"out of stock","product_retailer_item_id":"DHI-ASI3204E","product_condition":"new"},"_links":{"self":[{"href":"https:\/\/compuviper.mx\/tienda\/wp-json\/wp\/v2\/product\/257596"}],"collection":[{"href":"https:\/\/compuviper.mx\/tienda\/wp-json\/wp\/v2\/product"}],"about":[{"href":"https:\/\/compuviper.mx\/tienda\/wp-json\/wp\/v2\/types\/product"}],"replies":[{"embeddable":true,"href":"https:\/\/compuviper.mx\/tienda\/wp-json\/wp\/v2\/comments?post=257596"}],"wp:featuredmedia":[{"embeddable":true,"href":"https:\/\/compuviper.mx\/tienda\/wp-json\/wp\/v2\/media\/258960"}],"wp:attachment":[{"href":"https:\/\/compuviper.mx\/tienda\/wp-json\/wp\/v2\/media?parent=257596"}],"wp:term":[{"taxonomy":"product_cat","embeddable":true,"href":"https:\/\/compuviper.mx\/tienda\/wp-json\/wp\/v2\/product_cat?post=257596"},{"taxonomy":"product_tag","embeddable":true,"href":"https:\/\/compuviper.mx\/tienda\/wp-json\/wp\/v2\/product_tag?post=257596"}],"curies":[{"name":"wp","href":"https:\/\/api.w.org\/{rel}","templated":true}]}}