{"id":257564,"date":"2026-04-28T02:09:30","date_gmt":"2026-04-28T08:09:30","guid":{"rendered":"https:\/\/compuviper.mx\/tienda\/producto\/zk-teco-zk-btp-str-zkteco-software-de-gestin-centralizada-de-asistencia-biotimepro-licencia-starter-5-dispositivos-y-500-empleados-vitalicia\/"},"modified":"2026-04-28T02:09:31","modified_gmt":"2026-04-28T08:09:31","slug":"zk-teco-zk-btp-str-zkteco-software-de-gestin-centralizada-de-asistencia-biotimepro-licencia-starter-5-dispositivos-y-500-empleados-vitalicia","status":"publish","type":"product","link":"https:\/\/compuviper.mx\/tienda\/producto\/zk-teco-zk-btp-str-zkteco-software-de-gestin-centralizada-de-asistencia-biotimepro-licencia-starter-5-dispositivos-y-500-empleados-vitalicia\/","title":{"rendered":"Zk Teco Zk-btp-str Zkteco \/ Software De Gesti?n Centralizada De Asistencia Biotimepro Licencia Starter 5 Dispositivos Y 500 Empleados Vitalicia"},"content":{"rendered":"<table class=\"descripcion\">\n<tr>\n<td>Sistema\/arquitectura: servidor \/ web nube privada<\/td>\n<\/tr>\n<tr>\n<td>Dispositivos compatibles: terminales de asistencia y\/o acceso con funcin adms serie green label, serie ua, serie mb,<\/td>\n<\/tr>\n<tr>\n<td>Serie iclock, serie silk, serie multibio, in05, f22, x-629, serie facekiosk, serie horus, serie edface,<\/td>\n<\/tr>\n<tr>\n<td>Serie facedepot consulte compatibilidad de firmware.<\/td>\n<\/tr>\n<tr>\n<td>Capacidad de dispositivos: 300 en un servidor. ilimitado en multi-servidor.<\/td>\n<\/tr>\n<tr>\n<td>Base de datos compatible: postgresql default, ms sql server 2005\/2008\/2012\/2014\/2016 recomendado, mysql5.0.54 \/oracle10g\/11g\/12c<\/td>\n<\/tr>\n<tr>\n<td>Sistema operativo compatible: windows 64-bit windows 7\/8\/8.1\/10 \/ windows server 2008\/2008 r2\/2012\/2012 r2\/2014\/2016<\/td>\n<\/tr>\n<tr>\n<td>Tipo de servidor: fsico \/ virtual \/ nube amazon aws<\/td>\n<\/tr>\n<tr>\n<td>Navegadores recomendados: chrome, firefox, ie<\/td>\n<\/tr>\n<\/table>\n","protected":false},"excerpt":{"rendered":"<p>Biotime pro es una poderosa plataforma de gestin de asistencia basada en web que permite centralizar los datos de todo su. Personal de mltiples sucursales en un solo lugar. Sincronice automticamente sus relojes checadores zkteco en un ambiente de nube privada, actualizando los datos en tiempo. Real. Permita a sus empleados mviles registrar su asistencia con ubicacin gps mediante la app zkbiotime. Mltiples administradores podrn acceder al software a desde cualquier navegador web, permitiendo gestionar hasta cientos. De dispositivos y miles de usuarios de forma remota y eficiente. Biotime pro presenta una interfaz amigable con avanzadas funciones de gestin de horarios, turnos, permisos, vacaciones. Incidencias y generacin de una amplia variedad de reportes de asistencia, brindando una solucin profesional a empresas de. Todos los sectores. Caractersticas principales.     Software de tiempo y asistencia basado en web.     Sincronizacin automtica de datos.     Gestin de asistencia desde cualquier sitio a travs de internet<\/p>\n","protected":false},"featured_media":257665,"comment_status":"open","ping_status":"open","template":"","meta":[],"product_cat":[1827,2001],"product_tag":[1565],"acf":[],"yoast_head":"<!-- This site is optimized with the Yoast SEO plugin v21.7 - https:\/\/yoast.com\/wordpress\/plugins\/seo\/ -->\n<title>[ Zk Teco ] &#129351; Zk-btp-str Zkteco \/ Software De Gesti\u00f3n Centralizada De Asistencia Biotimepro Licencia Starter 5 Dispositivos Y 500 Empleados Vitalicia<\/title>\n<meta name=\"description\" content=\"Compra Zk-btp-str Zkteco \/ Software De Gesti\u00f3n Centralizada De Asistencia Biotimepro Licencia Starter 5 Dispositivos Y 500 Empleados Vitalicia + Env\u00edo a domicilio + Pago seguro + Garant\u00eda\" \/>\n<meta name=\"robots\" content=\"index, follow, max-snippet:-1, max-image-preview:large, max-video-preview:-1\" \/>\n<link rel=\"canonical\" href=\"https:\/\/compuviper.mx\/tienda\/producto\/zk-teco-zk-btp-str-zkteco-software-de-gestin-centralizada-de-asistencia-biotimepro-licencia-starter-5-dispositivos-y-500-empleados-vitalicia\/\" \/>\n<meta property=\"og:locale\" content=\"es_MX\" \/>\n<meta property=\"og:type\" content=\"article\" \/>\n<meta property=\"og:title\" content=\"[ Zk Teco ] &#129351; Zk-btp-str Zkteco \/ Software De Gesti\u00f3n Centralizada De Asistencia Biotimepro Licencia Starter 5 Dispositivos Y 500 Empleados Vitalicia\" \/>\n<meta property=\"og:description\" content=\"Compra Zk-btp-str Zkteco \/ Software De Gesti\u00f3n Centralizada De Asistencia Biotimepro Licencia Starter 5 Dispositivos Y 500 Empleados Vitalicia + Env\u00edo a domicilio + Pago seguro + Garant\u00eda\" \/>\n<meta property=\"og:url\" content=\"https:\/\/compuviper.mx\/tienda\/producto\/zk-teco-zk-btp-str-zkteco-software-de-gestin-centralizada-de-asistencia-biotimepro-licencia-starter-5-dispositivos-y-500-empleados-vitalicia\/\" \/>\n<meta property=\"og:site_name\" content=\"Compuviper\" \/>\n<meta property=\"article:publisher\" content=\"https:\/\/www.facebook.com\/compuviper\" \/>\n<meta property=\"article:modified_time\" content=\"2026-04-28T08:09:31+00:00\" \/>\n<meta property=\"og:image\" content=\"https:\/\/compuviper.mx\/tienda\/wp-content\/uploads\/2025\/09\/Zkteco-software-de-gestion-centralizada-de-asistencia-biotimepro-licencia-starter-5-dispositivos-y-500-empleados-vitalicia.jpg\" \/>\n\t<meta property=\"og:image:width\" content=\"200\" \/>\n\t<meta property=\"og:image:height\" content=\"200\" \/>\n\t<meta property=\"og:image:type\" content=\"image\/jpeg\" \/>\n<meta name=\"twitter:card\" content=\"summary_large_image\" \/>\n<meta name=\"twitter:label1\" content=\"Precio\" \/>\n\t<meta name=\"twitter:data1\" content=\"&#36;9,177 con IVA\" \/>\n\t<meta name=\"twitter:label2\" content=\"Availability\" \/>\n\t<meta name=\"twitter:data2\" content=\"On backorder\" \/>\n<script type=\"application\/ld+json\" class=\"yoast-schema-graph\">{\"@context\":\"https:\/\/schema.org\",\"@graph\":[{\"@type\":\"WebPage\",\"@id\":\"https:\/\/compuviper.mx\/tienda\/producto\/zk-teco-zk-btp-str-zkteco-software-de-gestin-centralizada-de-asistencia-biotimepro-licencia-starter-5-dispositivos-y-500-empleados-vitalicia\/\",\"url\":\"https:\/\/compuviper.mx\/tienda\/producto\/zk-teco-zk-btp-str-zkteco-software-de-gestin-centralizada-de-asistencia-biotimepro-licencia-starter-5-dispositivos-y-500-empleados-vitalicia\/\",\"name\":\"[ Zk Teco ] &#129351; Zk-btp-str Zkteco \/ Software De Gesti\u00f3n Centralizada De Asistencia Biotimepro Licencia Starter 5 Dispositivos Y 500 Empleados Vitalicia\",\"isPartOf\":{\"@id\":\"https:\/\/compuviper.mx\/tienda\/#website\"},\"datePublished\":\"2026-04-28T08:09:30+00:00\",\"dateModified\":\"2026-04-28T08:09:31+00:00\",\"description\":\"Compra Zk-btp-str Zkteco \/ Software De Gesti\u00f3n Centralizada De Asistencia Biotimepro Licencia Starter 5 Dispositivos Y 500 Empleados Vitalicia + Env\u00edo a domicilio + Pago seguro + Garant\u00eda\",\"breadcrumb\":{\"@id\":\"https:\/\/compuviper.mx\/tienda\/producto\/zk-teco-zk-btp-str-zkteco-software-de-gestin-centralizada-de-asistencia-biotimepro-licencia-starter-5-dispositivos-y-500-empleados-vitalicia\/#breadcrumb\"},\"inLanguage\":\"es-MX\",\"potentialAction\":[{\"@type\":\"ReadAction\",\"target\":[\"https:\/\/compuviper.mx\/tienda\/producto\/zk-teco-zk-btp-str-zkteco-software-de-gestin-centralizada-de-asistencia-biotimepro-licencia-starter-5-dispositivos-y-500-empleados-vitalicia\/\"]}]},{\"@type\":\"BreadcrumbList\",\"@id\":\"https:\/\/compuviper.mx\/tienda\/producto\/zk-teco-zk-btp-str-zkteco-software-de-gestin-centralizada-de-asistencia-biotimepro-licencia-starter-5-dispositivos-y-500-empleados-vitalicia\/#breadcrumb\",\"itemListElement\":[{\"@type\":\"ListItem\",\"position\":1,\"name\":\"Inicio\",\"item\":\"https:\/\/compuviper.mx\/tienda\/\"},{\"@type\":\"ListItem\",\"position\":2,\"name\":\"Productos\",\"item\":\"https:\/\/compuviper.mx\/tienda\/productos\/\"},{\"@type\":\"ListItem\",\"position\":3,\"name\":\"Software\",\"item\":\"https:\/\/compuviper.mx\/tienda\/categoria-producto\/software\/\"},{\"@type\":\"ListItem\",\"position\":4,\"name\":\"Licenciamiento Electronico\",\"item\":\"https:\/\/compuviper.mx\/tienda\/categoria-producto\/software\/licenciamiento-electronico\/\"},{\"@type\":\"ListItem\",\"position\":5,\"name\":\"Zk Teco Zk-btp-str Zkteco \/ Software De Gesti?n Centralizada De Asistencia Biotimepro Licencia Starter 5 Dispositivos Y 500 Empleados Vitalicia\"}]},{\"@type\":\"WebSite\",\"@id\":\"https:\/\/compuviper.mx\/tienda\/#website\",\"url\":\"https:\/\/compuviper.mx\/tienda\/\",\"name\":\"Compuviper\",\"description\":\"Proveedor de Computadoras, Laptops, Servidores, Monitores, Puntos de Venta, Teclados,   Impresoras, T\u00f3ner, C\u00e1maras de Seguridad y m\u00e1s en tu tienda en l\u00ednea\",\"publisher\":{\"@id\":\"https:\/\/compuviper.mx\/tienda\/#organization\"},\"potentialAction\":[{\"@type\":\"SearchAction\",\"target\":{\"@type\":\"EntryPoint\",\"urlTemplate\":\"https:\/\/compuviper.mx\/tienda\/?s={search_term_string}\"},\"query-input\":\"required name=search_term_string\"}],\"inLanguage\":\"es-MX\"},{\"@type\":\"Organization\",\"@id\":\"https:\/\/compuviper.mx\/tienda\/#organization\",\"name\":\"Compuviper\",\"url\":\"https:\/\/compuviper.mx\/tienda\/\",\"logo\":{\"@type\":\"ImageObject\",\"inLanguage\":\"es-MX\",\"@id\":\"https:\/\/compuviper.mx\/tienda\/#\/schema\/logo\/image\/\",\"url\":\"https:\/\/compuviper.mx\/tienda\/wp-content\/uploads\/2021\/08\/Logo-Compuviper-10.png\",\"contentUrl\":\"https:\/\/compuviper.mx\/tienda\/wp-content\/uploads\/2021\/08\/Logo-Compuviper-10.png\",\"width\":1000,\"height\":500,\"caption\":\"Compuviper\"},\"image\":{\"@id\":\"https:\/\/compuviper.mx\/tienda\/#\/schema\/logo\/image\/\"},\"sameAs\":[\"https:\/\/www.facebook.com\/compuviper\",\"https:\/\/www.youtube.com\/channel\/UCf73dERp9Y3cfOq7q8BhLjA?view_as=subscriber\"]}]}<\/script>\n<meta property=\"product:brand\" content=\"ZK TECO\" \/>\n<meta property=\"product:price:amount\" content=\"9177\" \/>\n<meta property=\"product:price:currency\" content=\"MXN\" \/>\n<meta property=\"og:availability\" content=\"backorder\" \/>\n<meta property=\"product:availability\" content=\"available for order\" \/>\n<meta property=\"product:retailer_item_id\" content=\"ZK-BTP-STR\" \/>\n<meta property=\"product:condition\" content=\"new\" \/>\n<!-- \/ Yoast SEO plugin. -->","yoast_head_json":{"title":"[ Zk Teco ] &#129351; Zk-btp-str Zkteco \/ Software De Gesti\u00f3n Centralizada De Asistencia Biotimepro Licencia Starter 5 Dispositivos Y 500 Empleados Vitalicia","description":"Compra Zk-btp-str Zkteco \/ Software De Gesti\u00f3n Centralizada De Asistencia Biotimepro Licencia Starter 5 Dispositivos Y 500 Empleados Vitalicia + Env\u00edo a domicilio + Pago seguro + Garant\u00eda","robots":{"index":"index","follow":"follow","max-snippet":"max-snippet:-1","max-image-preview":"max-image-preview:large","max-video-preview":"max-video-preview:-1"},"canonical":"https:\/\/compuviper.mx\/tienda\/producto\/zk-teco-zk-btp-str-zkteco-software-de-gestin-centralizada-de-asistencia-biotimepro-licencia-starter-5-dispositivos-y-500-empleados-vitalicia\/","og_locale":"es_MX","og_type":"article","og_title":"[ Zk Teco ] &#129351; Zk-btp-str Zkteco \/ Software De Gesti\u00f3n Centralizada De Asistencia Biotimepro Licencia Starter 5 Dispositivos Y 500 Empleados Vitalicia","og_description":"Compra Zk-btp-str Zkteco \/ Software De Gesti\u00f3n Centralizada De Asistencia Biotimepro Licencia Starter 5 Dispositivos Y 500 Empleados Vitalicia + Env\u00edo a domicilio + Pago seguro + Garant\u00eda","og_url":"https:\/\/compuviper.mx\/tienda\/producto\/zk-teco-zk-btp-str-zkteco-software-de-gestin-centralizada-de-asistencia-biotimepro-licencia-starter-5-dispositivos-y-500-empleados-vitalicia\/","og_site_name":"Compuviper","article_publisher":"https:\/\/www.facebook.com\/compuviper","article_modified_time":"2026-04-28T08:09:31+00:00","og_image":[{"width":200,"height":200,"url":"https:\/\/compuviper.mx\/tienda\/wp-content\/uploads\/2025\/09\/Zkteco-software-de-gestion-centralizada-de-asistencia-biotimepro-licencia-starter-5-dispositivos-y-500-empleados-vitalicia.jpg","type":"image\/jpeg"}],"twitter_card":"summary_large_image","twitter_misc":{"Precio":"&#36;9,177 con IVA","Availability":"On backorder"},"schema":{"@context":"https:\/\/schema.org","@graph":[{"@type":"WebPage","@id":"https:\/\/compuviper.mx\/tienda\/producto\/zk-teco-zk-btp-str-zkteco-software-de-gestin-centralizada-de-asistencia-biotimepro-licencia-starter-5-dispositivos-y-500-empleados-vitalicia\/","url":"https:\/\/compuviper.mx\/tienda\/producto\/zk-teco-zk-btp-str-zkteco-software-de-gestin-centralizada-de-asistencia-biotimepro-licencia-starter-5-dispositivos-y-500-empleados-vitalicia\/","name":"[ Zk Teco ] &#129351; Zk-btp-str Zkteco \/ Software De Gesti\u00f3n Centralizada De Asistencia Biotimepro Licencia Starter 5 Dispositivos Y 500 Empleados Vitalicia","isPartOf":{"@id":"https:\/\/compuviper.mx\/tienda\/#website"},"datePublished":"2026-04-28T08:09:30+00:00","dateModified":"2026-04-28T08:09:31+00:00","description":"Compra Zk-btp-str Zkteco \/ Software De Gesti\u00f3n Centralizada De Asistencia Biotimepro Licencia Starter 5 Dispositivos Y 500 Empleados Vitalicia + Env\u00edo a domicilio + Pago seguro + Garant\u00eda","breadcrumb":{"@id":"https:\/\/compuviper.mx\/tienda\/producto\/zk-teco-zk-btp-str-zkteco-software-de-gestin-centralizada-de-asistencia-biotimepro-licencia-starter-5-dispositivos-y-500-empleados-vitalicia\/#breadcrumb"},"inLanguage":"es-MX","potentialAction":[{"@type":"ReadAction","target":["https:\/\/compuviper.mx\/tienda\/producto\/zk-teco-zk-btp-str-zkteco-software-de-gestin-centralizada-de-asistencia-biotimepro-licencia-starter-5-dispositivos-y-500-empleados-vitalicia\/"]}]},{"@type":"BreadcrumbList","@id":"https:\/\/compuviper.mx\/tienda\/producto\/zk-teco-zk-btp-str-zkteco-software-de-gestin-centralizada-de-asistencia-biotimepro-licencia-starter-5-dispositivos-y-500-empleados-vitalicia\/#breadcrumb","itemListElement":[{"@type":"ListItem","position":1,"name":"Inicio","item":"https:\/\/compuviper.mx\/tienda\/"},{"@type":"ListItem","position":2,"name":"Productos","item":"https:\/\/compuviper.mx\/tienda\/productos\/"},{"@type":"ListItem","position":3,"name":"Software","item":"https:\/\/compuviper.mx\/tienda\/categoria-producto\/software\/"},{"@type":"ListItem","position":4,"name":"Licenciamiento Electronico","item":"https:\/\/compuviper.mx\/tienda\/categoria-producto\/software\/licenciamiento-electronico\/"},{"@type":"ListItem","position":5,"name":"Zk Teco Zk-btp-str Zkteco \/ Software De Gesti?n Centralizada De Asistencia Biotimepro Licencia Starter 5 Dispositivos Y 500 Empleados Vitalicia"}]},{"@type":"WebSite","@id":"https:\/\/compuviper.mx\/tienda\/#website","url":"https:\/\/compuviper.mx\/tienda\/","name":"Compuviper","description":"Proveedor de Computadoras, Laptops, Servidores, Monitores, Puntos de Venta, Teclados,   Impresoras, T\u00f3ner, C\u00e1maras de Seguridad y m\u00e1s en tu tienda en l\u00ednea","publisher":{"@id":"https:\/\/compuviper.mx\/tienda\/#organization"},"potentialAction":[{"@type":"SearchAction","target":{"@type":"EntryPoint","urlTemplate":"https:\/\/compuviper.mx\/tienda\/?s={search_term_string}"},"query-input":"required name=search_term_string"}],"inLanguage":"es-MX"},{"@type":"Organization","@id":"https:\/\/compuviper.mx\/tienda\/#organization","name":"Compuviper","url":"https:\/\/compuviper.mx\/tienda\/","logo":{"@type":"ImageObject","inLanguage":"es-MX","@id":"https:\/\/compuviper.mx\/tienda\/#\/schema\/logo\/image\/","url":"https:\/\/compuviper.mx\/tienda\/wp-content\/uploads\/2021\/08\/Logo-Compuviper-10.png","contentUrl":"https:\/\/compuviper.mx\/tienda\/wp-content\/uploads\/2021\/08\/Logo-Compuviper-10.png","width":1000,"height":500,"caption":"Compuviper"},"image":{"@id":"https:\/\/compuviper.mx\/tienda\/#\/schema\/logo\/image\/"},"sameAs":["https:\/\/www.facebook.com\/compuviper","https:\/\/www.youtube.com\/channel\/UCf73dERp9Y3cfOq7q8BhLjA?view_as=subscriber"]}]},"product_brand":"ZK TECO","product_price_amount":"9177","product_price_currency":"MXN","og_availability":"backorder","product_availability":"available for order","product_retailer_item_id":"ZK-BTP-STR","product_condition":"new"},"_links":{"self":[{"href":"https:\/\/compuviper.mx\/tienda\/wp-json\/wp\/v2\/product\/257564"}],"collection":[{"href":"https:\/\/compuviper.mx\/tienda\/wp-json\/wp\/v2\/product"}],"about":[{"href":"https:\/\/compuviper.mx\/tienda\/wp-json\/wp\/v2\/types\/product"}],"replies":[{"embeddable":true,"href":"https:\/\/compuviper.mx\/tienda\/wp-json\/wp\/v2\/comments?post=257564"}],"wp:featuredmedia":[{"embeddable":true,"href":"https:\/\/compuviper.mx\/tienda\/wp-json\/wp\/v2\/media\/257665"}],"wp:attachment":[{"href":"https:\/\/compuviper.mx\/tienda\/wp-json\/wp\/v2\/media?parent=257564"}],"wp:term":[{"taxonomy":"product_cat","embeddable":true,"href":"https:\/\/compuviper.mx\/tienda\/wp-json\/wp\/v2\/product_cat?post=257564"},{"taxonomy":"product_tag","embeddable":true,"href":"https:\/\/compuviper.mx\/tienda\/wp-json\/wp\/v2\/product_tag?post=257564"}],"curies":[{"name":"wp","href":"https:\/\/api.w.org\/{rel}","templated":true}]}}