{"id":257558,"date":"2026-04-02T00:51:43","date_gmt":"2026-04-02T06:51:43","guid":{"rendered":"https:\/\/compuviper.mx\/tienda\/producto\/lg-75uh5n-monitor-de-sealizacion-digital-de-75-uso-24-7-brillo-500-nits-bisel-12-9-b-interfaz-hdmi-3-dp-usb-2-0-2-rs232c-rj45-audio-ir-audio-2-x-10w\/"},"modified":"2026-04-02T00:51:44","modified_gmt":"2026-04-02T06:51:44","slug":"lg-75uh5n-monitor-de-sealizacion-digital-de-75-uso-24-7-brillo-500-nits-bisel-12-9-b-interfaz-hdmi-3-dp-usb-2-0-2-rs232c-rj45-audio-ir-audio-2-x-10w","status":"publish","type":"product","link":"https:\/\/compuviper.mx\/tienda\/producto\/lg-75uh5n-monitor-de-sealizacion-digital-de-75-uso-24-7-brillo-500-nits-bisel-12-9-b-interfaz-hdmi-3-dp-usb-2-0-2-rs232c-rj45-audio-ir-audio-2-x-10w\/","title":{"rendered":"Lg 75uh5n Monitor De Se?alizacion Digital  De 75 Uso 24\/7 Brillo 500 Nits Bisel 12.9 B Interfaz Hdmi 3 \/ Dp \/ Usb 2.0 2 \/ Rs232c \/ Rj45 \/ Audio \/ Ir Audio 2 X 10w"},"content":{"rendered":"<table class=\"descripcion\">\n<tr>\n<td>Especificaciones t\u00e9cnicas<\/td>\n<\/tr>\n<tr>\n<td>Panel<\/td>\n<\/tr>\n<tr>\n<td>Tama\u00f1o de la pantalla 75<\/td>\n<\/tr>\n<tr>\n<td>Tecnolog\u00eda de paneles anuncios<\/td>\n<\/tr>\n<tr>\n<td>Tipo de luz de fondo borde<\/td>\n<\/tr>\n<tr>\n<td>Relaci\u00f3n de aspecto 16:9<\/td>\n<\/tr>\n<tr>\n<td>Resoluci\u00f3n nativa 3840 x 2160 (4k uhd)<\/td>\n<\/tr>\n<tr>\n<td>Frecuencia de actualizaci\u00f3n 60 hz<\/td>\n<\/tr>\n<tr>\n<td>Brillo (t\u00edpico) 500 nit<\/td>\n<\/tr>\n<tr>\n<td>Relaci\u00f3n de contraste 1.200: 1<\/td>\n<\/tr>\n<tr>\n<td>Cr din\u00e1mico 1.000.000: 1<\/td>\n<\/tr>\n<tr>\n<td>Gama de colores bt709 95%<\/td>\n<\/tr>\n<tr>\n<td>\u00e1ngulo de visi\u00f3n (h x v) 178 \u00d7 178<\/td>\n<\/tr>\n<tr>\n<td>Profundidad de color 8 bits (d), 1.070 millones de colores<\/td>\n<\/tr>\n<tr>\n<td>Tiempo de respuesta 8 m (g a g)<\/td>\n<\/tr>\n<tr>\n<td>Tratamiento de superficies (neblina) 25 %<\/td>\n<\/tr>\n<tr>\n<td>Tiempo de vida (min.) 50.000 horas<\/td>\n<\/tr>\n<tr>\n<td>Horario de operaci\u00f3n (horas\/d\u00edas) 24\/7<\/td>\n<\/tr>\n<tr>\n<td>Retrato \/ paisaje s\u00ed \/ s\u00ed<\/td>\n<\/tr>\n<tr>\n<td>Especificaci\u00f3n mec\u00e1nica<\/td>\n<\/tr>\n<tr>\n<td>Color del bisel negro<\/td>\n<\/tr>\n<tr>\n<td>Ancho del bisel 12,9 mm (par)<\/td>\n<\/tr>\n<tr>\n<td>Peso (cabeza) 35,7 kilogramos<\/td>\n<\/tr>\n<tr>\n<td>Peso empaquetado 44 kilos<\/td>\n<\/tr>\n<tr>\n<td>Dimensiones del monitor (an. \u00d7 al. \u00d7 pr.) 1.679,5 x 958,7 x 29,7 mm (sin ir ni asa)<\/td>\n<\/tr>\n<tr>\n<td>Dimensiones de la caja (an \u00d7 al \u00d7 pr) 1.820 x 1.115 x 200 mm<\/td>\n<\/tr>\n<tr>\n<td>Manejar s\u00ed<\/td>\n<\/tr>\n<tr>\n<td>Interfaz de montaje est\u00e1ndar vesa\u0099 600 \u00d7 400 mm<\/td>\n<\/tr>\n<tr>\n<td>Caracter\u00edstica clave<\/td>\n<\/tr>\n<tr>\n<td>Memoria interna (emmc) 16 gb, wi-fi\/bt, sensor de temperatura, sensor de brillo autom\u00e1tico (ir externo), sensor de aceleraci\u00f3n (girosc\u00f3pico), operaci\u00f3n de tecla local, webos 6.0, programaci\u00f3n de contenido local, administrador de grupos, usb plug  and  play, conmutaci\u00f3n por error, imagen del logotipo de arranque, imagen sin se\u00f1al, sincronizaci\u00f3n rs-232c, sincronizaci\u00f3n de red local, pip, pbp (4), compartir pantalla, etiqueta de video (4), reproducir mediante url, rotaci\u00f3n de pantalla, rotaci\u00f3n de entrada externa, reproducci\u00f3n sin interrupciones, configuraci\u00f3n de modo mosaico (m\u00e1x. 15 \u00d7 15), clonaci\u00f3n de datos de configuraci\u00f3n, snmp, m\u00e9todo ism, id de configuraci\u00f3n autom\u00e1tica, env\u00edo de estado por correo, administrador de control, certificaci\u00f3n cisco (por determinar), crestron connected\u00ae (control basado en red), ahorro de energ\u00eda inteligente, modo pm, activaci\u00f3n por lan, listo para red, beacon, la compatibilidad con hdmi-cec puede variar seg\u00fan el equipo), configuraci\u00f3n de servidor si, webrtc, pro:idiom<\/td>\n<\/tr>\n<tr>\n<td>Condiciones ambientales<\/td>\n<\/tr>\n<tr>\n<td>Temperatura de funcionamiento 0 \u00b0c a 40 \u00b0c<\/td>\n<\/tr>\n<tr>\n<td>Operaci\u00f3n humedad 10 % a 80 %<\/td>\n<\/tr>\n<tr>\n<td>Fuerza<\/td>\n<\/tr>\n<tr>\n<td>Fuente de alimentaci\u00f3n ca 100-240 v ~, 50\/60 hz<\/td>\n<\/tr>\n<tr>\n<td>Tipo de energ\u00eda energ\u00eda incorporada<\/td>\n<\/tr>\n<tr>\n<td>Consumo de energ\u00eda<\/td>\n<\/tr>\n<tr>\n<td>T\u00edp.\/m\u00e1x. 160 w \/ 247 w<\/td>\n<\/tr>\n<tr>\n<td>Ahorro de energ\u00eda inteligente (70%) 112 w<\/td>\n<\/tr>\n<tr>\n<td>Director ejecutivo 0,5 w<\/td>\n<\/tr>\n<tr>\n<td>Apagado 0,5 w<\/td>\n<\/tr>\n<tr>\n<td>Btu (unidad t\u00e9rmica brit\u00e1nica) 546 btu\/h (t\u00edpico), 843 btu\/h (m\u00e1ximo)<\/td>\n<\/tr>\n<tr>\n<td>Est\u00e1ndar (certificaci\u00f3n)<\/td>\n<\/tr>\n<tr>\n<td>Bs476 parte 7: clase 1 (parte superior de la caja \/ cubierta posterior)<\/td>\n<\/tr>\n<tr>\n<td>En13501-1: clase a1 (parte superior de la caja) \/ clase a2 (cubierta posterior)<\/td>\n<\/tr>\n<tr>\n<td>Seguridad cb \/ nrtl<\/td>\n<\/tr>\n<tr>\n<td>Compatibilidad electromagn\u00e9tica fcc clase \u0093b\u0094 \/ ce \/ kc<\/td>\n<\/tr>\n<tr>\n<td>Epeat (solo ee. uu.) s\u00ed \/ carbono medido (por determinar)<\/td>\n<\/tr>\n<tr>\n<td>Erp \/ energy star no \/ s\u00ed<\/td>\n<\/tr>\n<tr>\n<td>Compatibilidad de software<\/td>\n<\/tr>\n<tr>\n<td>Supersign cms, supersign control+, supersign wb, supersign cloud, cms m\u00f3vil, lg connectedcare<\/td>\n<\/tr>\n<tr>\n<td>Conectividad<\/td>\n<\/tr>\n<tr>\n<td>Aporte entrada hdmi (3, 3840 \u00d7 2160 a 60 hz, hdcp 2.2\/1.4), entrada dp (3840 \u00d7 2160 a 60 hz, hdcp 2.2\/1.3), entrada rs-232c (conector telef\u00f3nico de 4 pines), entrada rj45 (lan), entrada ir, entrada usb 2.0 (2, tipo a)<\/td>\n<\/tr>\n<tr>\n<td>Producci\u00f3n salida de audio, salida rs-232c (conector telef\u00f3nico de 4 pines)<\/td>\n<\/tr>\n<tr>\n<td>Sonido<\/td>\n<\/tr>\n<tr>\n<td>Vocero 10 w \u00d7 2 (integrado)<\/td>\n<\/tr>\n<tr>\n<td>Idioma<\/td>\n<\/tr>\n<tr>\n<td>Ingl\u00e9s, franc\u00e9s, alem\u00e1n, espa\u00f1ol, italiano, coreano, chino (simplificado), chino (original), portugu\u00e9s (brasil), sueco, finland\u00e9s, noruego, dan\u00e9s, ruso, japon\u00e9s, portugu\u00e9s (europa), neerland\u00e9s, checo, griego, turco, \u00e1rabe<\/td>\n<\/tr>\n<tr>\n<td>Accesorio<\/td>\n<\/tr>\n<tr>\n<td>B\u00e1sico control remoto, cable de alimentaci\u00f3n, gu\u00eda de inicio r\u00e1pido, libro de regulaciones, conector de tel\u00e9fono a rs-232c, soporte para cable (6 unidades)<\/td>\n<\/tr>\n<tr>\n<td>Opcional soporte de pared normal (lsw640a\/b)<\/td>\n<\/tr>\n<tr>\n<td>Caracter\u00edstica especial<\/td>\n<\/tr>\n<tr>\n<td>Clasificaci\u00f3n ip ip5x<\/td>\n<\/tr>\n<tr>\n<td>Recubrimiento conformado (placa de alimentaci\u00f3n) s\u00ed (recubrimiento espacial parcial)<\/td>\n<\/tr>\n<\/table>\n","protected":false},"excerpt":{"rendered":"<p>Una gran pantalla de 75 pulgadas capta la atenci\u00f3n de los usuarios. El modelo de 75 pulgadas admite 60 hz, lo que permite una reproducci\u00f3n fluida del contenido. La cubierta exterior de la pantalla de se\u00f1alizaci\u00f3n digital 75uh5n-m est\u00e1 dise\u00f1ada para resistir eficazmente la propagaci\u00f3n de la llama del fuego, lo que hace que el producto sea ideal para su instalaci\u00f3n en espacios p\u00fablicos. A pesar de su gran pantalla de 75 pulgadas, el 75uh5n-m presume de una profundidad delgada, lo cual resulta ventajoso para el dise\u00f1o de interiores. Para evitar problemas visuales al ajustar el modo vertical, el bisel mantiene un grosor uniforme en los cuatro lados, proporcionando una simetr\u00eda uniforme en las partes superior, inferior, izquierda y derecha. Por lo tanto, es un modelo ideal para diversas opciones de estilo. Con dos puertos usb, la pantalla de se\u00f1alizaci\u00f3n digital 75uh5n-m ofrece opciones de uso vers\u00e1tiles. Por ejemplo, permite controlar el contenido en la pantalla mientras se usan simult\u00e1neamente otros dispositivos conectados. Esto incluye tareas pr\u00e1cticas como descargar archivos ppt desde dispositivos de almacenamiento externos mientras se usa el rat\u00f3n o el teclado durante una reuni\u00f3n. El uh5n-m de 75 pulgadas ofrece una resoluci\u00f3n cuatro veces superior a la fhd, lo que satisface visualmente a los clientes. Adem\u00e1s, el revestimiento antirreflejo de la pantalla reduce el reflejo en entornos con mucha luz, lo que aumenta la visibilidad y la legibilidad, ofreciendo a los clientes una pantalla c\u00f3moda. El 75uh5n-m est\u00e1 equipado con un soc de alto rendimiento que permite realizar m\u00faltiples tareas sin un reproductor multimedia independiente. La plataforma webos proporciona herramientas de desarrollo de aplicaciones con una interfaz de usuario intuitiva que facilita la conexi\u00f3n con sensores externos y aplicaciones webos asociadas para crear un entorno optimizado para la integraci\u00f3n de sistemas. Optimizada para entornos comerciales, la pantalla de se\u00f1alizaci\u00f3n digital 75uh5n-m est\u00e1 protegida contra el \u00f3xido y el polvo con revestimiento protector y certificaci\u00f3n ip5x, lo que permite un funcionamiento estable. La pantalla de se\u00f1alizaci\u00f3n digital 75uh5n-m ofrece funciones de seguridad avanzadas, como la tecnolog\u00eda enhanced kernel protection (ekp) de lg, que protege los datos importantes del acceso externo y de ataques. Lg uhd signage tambi\u00e9n cuenta con certificaciones fiables en seguridad de la informaci\u00f3n, lo que garantiza la seguridad de los datos y negocios de sus clientes. Por ejemplo, el modelo 75uh5n-m cuenta con la certificaci\u00f3n iso\/iec 15408 common criteria eal2.<\/p>\n","protected":false},"featured_media":260013,"comment_status":"open","ping_status":"open","template":"","meta":[],"product_cat":[1740,1848],"product_tag":[1687],"acf":[],"yoast_head":"<!-- This site is optimized with the Yoast SEO plugin v21.7 - https:\/\/yoast.com\/wordpress\/plugins\/seo\/ -->\n<title>[ Lg ] &#129351; 75uh5n Monitor De Se\u00f1alizacion Digital De 75 Uso 24\/7 Brillo 500 Nits Bisel 12.9 B Interfaz Hdmi 3 \/ Dp \/ Usb 2.0 2 \/ Rs232c \/ Rj45 \/ Audio \/ Ir Audio 2 X 10w<\/title>\n<meta name=\"description\" content=\"Compra 75uh5n Monitor De Se\u00f1alizacion Digital De 75 Uso 24\/7 Brillo 500 Nits Bisel 12.9 B Interfaz Hdmi 3 \/ Dp \/ Usb 2.0 2 \/ Rs232c \/ Rj45 \/ Audio \/ Ir Audio 2 X 10w + Env\u00edo a domicilio + Pago seguro + Garant\u00eda\" \/>\n<meta name=\"robots\" content=\"index, follow, max-snippet:-1, max-image-preview:large, max-video-preview:-1\" \/>\n<link rel=\"canonical\" href=\"https:\/\/compuviper.mx\/tienda\/producto\/lg-75uh5n-monitor-de-sealizacion-digital-de-75-uso-24-7-brillo-500-nits-bisel-12-9-b-interfaz-hdmi-3-dp-usb-2-0-2-rs232c-rj45-audio-ir-audio-2-x-10w\/\" \/>\n<meta property=\"og:locale\" content=\"es_MX\" \/>\n<meta property=\"og:type\" content=\"article\" \/>\n<meta property=\"og:title\" content=\"[ Lg ] &#129351; 75uh5n Monitor De Se\u00f1alizacion Digital De 75 Uso 24\/7 Brillo 500 Nits Bisel 12.9 B Interfaz Hdmi 3 \/ Dp \/ Usb 2.0 2 \/ Rs232c \/ Rj45 \/ Audio \/ Ir Audio 2 X 10w\" \/>\n<meta property=\"og:description\" content=\"Compra 75uh5n Monitor De Se\u00f1alizacion Digital De 75 Uso 24\/7 Brillo 500 Nits Bisel 12.9 B Interfaz Hdmi 3 \/ Dp \/ Usb 2.0 2 \/ Rs232c \/ Rj45 \/ Audio \/ Ir Audio 2 X 10w + Env\u00edo a domicilio + Pago seguro + Garant\u00eda\" \/>\n<meta property=\"og:url\" content=\"https:\/\/compuviper.mx\/tienda\/producto\/lg-75uh5n-monitor-de-sealizacion-digital-de-75-uso-24-7-brillo-500-nits-bisel-12-9-b-interfaz-hdmi-3-dp-usb-2-0-2-rs232c-rj45-audio-ir-audio-2-x-10w\/\" \/>\n<meta property=\"og:site_name\" content=\"Compuviper\" \/>\n<meta property=\"article:publisher\" content=\"https:\/\/www.facebook.com\/compuviper\" \/>\n<meta property=\"article:modified_time\" content=\"2026-04-02T06:51:44+00:00\" \/>\n<meta property=\"og:image\" content=\"https:\/\/compuviper.mx\/tienda\/wp-content\/uploads\/2025\/10\/Monitor-de-senalizacion-digital-lg-de-75-uso-247-brillo-500-nits-bisel-12.9-b-interfaz-hdmi-3-dp-usb-2.0-2-rs232c-rj45-audio-ir-audio-2-x-10w.jpg\" \/>\n\t<meta property=\"og:image:width\" content=\"200\" \/>\n\t<meta property=\"og:image:height\" content=\"200\" \/>\n\t<meta property=\"og:image:type\" content=\"image\/jpeg\" \/>\n<meta name=\"twitter:card\" content=\"summary_large_image\" \/>\n<meta name=\"twitter:label1\" content=\"Precio\" \/>\n\t<meta name=\"twitter:data1\" content=\"&#36;28,392 con IVA\" \/>\n\t<meta name=\"twitter:label2\" content=\"Availability\" \/>\n\t<meta name=\"twitter:data2\" content=\"Out of stock\" \/>\n<script type=\"application\/ld+json\" class=\"yoast-schema-graph\">{\"@context\":\"https:\/\/schema.org\",\"@graph\":[{\"@type\":\"WebPage\",\"@id\":\"https:\/\/compuviper.mx\/tienda\/producto\/lg-75uh5n-monitor-de-sealizacion-digital-de-75-uso-24-7-brillo-500-nits-bisel-12-9-b-interfaz-hdmi-3-dp-usb-2-0-2-rs232c-rj45-audio-ir-audio-2-x-10w\/\",\"url\":\"https:\/\/compuviper.mx\/tienda\/producto\/lg-75uh5n-monitor-de-sealizacion-digital-de-75-uso-24-7-brillo-500-nits-bisel-12-9-b-interfaz-hdmi-3-dp-usb-2-0-2-rs232c-rj45-audio-ir-audio-2-x-10w\/\",\"name\":\"[ Lg ] &#129351; 75uh5n Monitor De Se\u00f1alizacion Digital De 75 Uso 24\/7 Brillo 500 Nits Bisel 12.9 B Interfaz Hdmi 3 \/ Dp \/ Usb 2.0 2 \/ Rs232c \/ Rj45 \/ Audio \/ Ir Audio 2 X 10w\",\"isPartOf\":{\"@id\":\"https:\/\/compuviper.mx\/tienda\/#website\"},\"datePublished\":\"2026-04-02T06:51:43+00:00\",\"dateModified\":\"2026-04-02T06:51:44+00:00\",\"description\":\"Compra 75uh5n Monitor De Se\u00f1alizacion Digital De 75 Uso 24\/7 Brillo 500 Nits Bisel 12.9 B Interfaz Hdmi 3 \/ Dp \/ Usb 2.0 2 \/ Rs232c \/ Rj45 \/ Audio \/ Ir Audio 2 X 10w + Env\u00edo a domicilio + Pago seguro + Garant\u00eda\",\"breadcrumb\":{\"@id\":\"https:\/\/compuviper.mx\/tienda\/producto\/lg-75uh5n-monitor-de-sealizacion-digital-de-75-uso-24-7-brillo-500-nits-bisel-12-9-b-interfaz-hdmi-3-dp-usb-2-0-2-rs232c-rj45-audio-ir-audio-2-x-10w\/#breadcrumb\"},\"inLanguage\":\"es-MX\",\"potentialAction\":[{\"@type\":\"ReadAction\",\"target\":[\"https:\/\/compuviper.mx\/tienda\/producto\/lg-75uh5n-monitor-de-sealizacion-digital-de-75-uso-24-7-brillo-500-nits-bisel-12-9-b-interfaz-hdmi-3-dp-usb-2-0-2-rs232c-rj45-audio-ir-audio-2-x-10w\/\"]}]},{\"@type\":\"BreadcrumbList\",\"@id\":\"https:\/\/compuviper.mx\/tienda\/producto\/lg-75uh5n-monitor-de-sealizacion-digital-de-75-uso-24-7-brillo-500-nits-bisel-12-9-b-interfaz-hdmi-3-dp-usb-2-0-2-rs232c-rj45-audio-ir-audio-2-x-10w\/#breadcrumb\",\"itemListElement\":[{\"@type\":\"ListItem\",\"position\":1,\"name\":\"Inicio\",\"item\":\"https:\/\/compuviper.mx\/tienda\/\"},{\"@type\":\"ListItem\",\"position\":2,\"name\":\"Productos\",\"item\":\"https:\/\/compuviper.mx\/tienda\/productos\/\"},{\"@type\":\"ListItem\",\"position\":3,\"name\":\"Monitores\",\"item\":\"https:\/\/compuviper.mx\/tienda\/categoria-producto\/monitores\/\"},{\"@type\":\"ListItem\",\"position\":4,\"name\":\"Sin Categor\u00eda\",\"item\":\"https:\/\/compuviper.mx\/tienda\/categoria-producto\/monitores\/sin-categoria-monitores\/\"},{\"@type\":\"ListItem\",\"position\":5,\"name\":\"Lg 75uh5n Monitor De Se?alizacion Digital De 75 Uso 24\/7 Brillo 500 Nits Bisel 12.9 B Interfaz Hdmi 3 \/ Dp \/ Usb 2.0 2 \/ Rs232c \/ Rj45 \/ Audio \/ Ir Audio 2 X 10w\"}]},{\"@type\":\"WebSite\",\"@id\":\"https:\/\/compuviper.mx\/tienda\/#website\",\"url\":\"https:\/\/compuviper.mx\/tienda\/\",\"name\":\"Compuviper\",\"description\":\"Proveedor de Computadoras, Laptops, Servidores, Monitores, Puntos de Venta, Teclados,   Impresoras, T\u00f3ner, C\u00e1maras de Seguridad y m\u00e1s en tu tienda en l\u00ednea\",\"publisher\":{\"@id\":\"https:\/\/compuviper.mx\/tienda\/#organization\"},\"potentialAction\":[{\"@type\":\"SearchAction\",\"target\":{\"@type\":\"EntryPoint\",\"urlTemplate\":\"https:\/\/compuviper.mx\/tienda\/?s={search_term_string}\"},\"query-input\":\"required name=search_term_string\"}],\"inLanguage\":\"es-MX\"},{\"@type\":\"Organization\",\"@id\":\"https:\/\/compuviper.mx\/tienda\/#organization\",\"name\":\"Compuviper\",\"url\":\"https:\/\/compuviper.mx\/tienda\/\",\"logo\":{\"@type\":\"ImageObject\",\"inLanguage\":\"es-MX\",\"@id\":\"https:\/\/compuviper.mx\/tienda\/#\/schema\/logo\/image\/\",\"url\":\"https:\/\/compuviper.mx\/tienda\/wp-content\/uploads\/2021\/08\/Logo-Compuviper-10.png\",\"contentUrl\":\"https:\/\/compuviper.mx\/tienda\/wp-content\/uploads\/2021\/08\/Logo-Compuviper-10.png\",\"width\":1000,\"height\":500,\"caption\":\"Compuviper\"},\"image\":{\"@id\":\"https:\/\/compuviper.mx\/tienda\/#\/schema\/logo\/image\/\"},\"sameAs\":[\"https:\/\/www.facebook.com\/compuviper\",\"https:\/\/www.youtube.com\/channel\/UCf73dERp9Y3cfOq7q8BhLjA?view_as=subscriber\"]}]}<\/script>\n<meta property=\"product:brand\" content=\"LG\" \/>\n<meta property=\"product:price:amount\" content=\"28392\" \/>\n<meta property=\"product:price:currency\" content=\"MXN\" \/>\n<meta property=\"og:availability\" content=\"out of stock\" \/>\n<meta property=\"product:availability\" content=\"out of stock\" \/>\n<meta property=\"product:retailer_item_id\" content=\"75UH5N\" \/>\n<meta property=\"product:condition\" content=\"new\" \/>\n<!-- \/ Yoast SEO plugin. -->","yoast_head_json":{"title":"[ Lg ] &#129351; 75uh5n Monitor De Se\u00f1alizacion Digital De 75 Uso 24\/7 Brillo 500 Nits Bisel 12.9 B Interfaz Hdmi 3 \/ Dp \/ Usb 2.0 2 \/ Rs232c \/ Rj45 \/ Audio \/ Ir Audio 2 X 10w","description":"Compra 75uh5n Monitor De Se\u00f1alizacion Digital De 75 Uso 24\/7 Brillo 500 Nits Bisel 12.9 B Interfaz Hdmi 3 \/ Dp \/ Usb 2.0 2 \/ Rs232c \/ Rj45 \/ Audio \/ Ir Audio 2 X 10w + Env\u00edo a domicilio + Pago seguro + Garant\u00eda","robots":{"index":"index","follow":"follow","max-snippet":"max-snippet:-1","max-image-preview":"max-image-preview:large","max-video-preview":"max-video-preview:-1"},"canonical":"https:\/\/compuviper.mx\/tienda\/producto\/lg-75uh5n-monitor-de-sealizacion-digital-de-75-uso-24-7-brillo-500-nits-bisel-12-9-b-interfaz-hdmi-3-dp-usb-2-0-2-rs232c-rj45-audio-ir-audio-2-x-10w\/","og_locale":"es_MX","og_type":"article","og_title":"[ Lg ] &#129351; 75uh5n Monitor De Se\u00f1alizacion Digital De 75 Uso 24\/7 Brillo 500 Nits Bisel 12.9 B Interfaz Hdmi 3 \/ Dp \/ Usb 2.0 2 \/ Rs232c \/ Rj45 \/ Audio \/ Ir Audio 2 X 10w","og_description":"Compra 75uh5n Monitor De Se\u00f1alizacion Digital De 75 Uso 24\/7 Brillo 500 Nits Bisel 12.9 B Interfaz Hdmi 3 \/ Dp \/ Usb 2.0 2 \/ Rs232c \/ Rj45 \/ Audio \/ Ir Audio 2 X 10w + Env\u00edo a domicilio + Pago seguro + Garant\u00eda","og_url":"https:\/\/compuviper.mx\/tienda\/producto\/lg-75uh5n-monitor-de-sealizacion-digital-de-75-uso-24-7-brillo-500-nits-bisel-12-9-b-interfaz-hdmi-3-dp-usb-2-0-2-rs232c-rj45-audio-ir-audio-2-x-10w\/","og_site_name":"Compuviper","article_publisher":"https:\/\/www.facebook.com\/compuviper","article_modified_time":"2026-04-02T06:51:44+00:00","og_image":[{"width":200,"height":200,"url":"https:\/\/compuviper.mx\/tienda\/wp-content\/uploads\/2025\/10\/Monitor-de-senalizacion-digital-lg-de-75-uso-247-brillo-500-nits-bisel-12.9-b-interfaz-hdmi-3-dp-usb-2.0-2-rs232c-rj45-audio-ir-audio-2-x-10w.jpg","type":"image\/jpeg"}],"twitter_card":"summary_large_image","twitter_misc":{"Precio":"&#36;28,392 con IVA","Availability":"Out of stock"},"schema":{"@context":"https:\/\/schema.org","@graph":[{"@type":"WebPage","@id":"https:\/\/compuviper.mx\/tienda\/producto\/lg-75uh5n-monitor-de-sealizacion-digital-de-75-uso-24-7-brillo-500-nits-bisel-12-9-b-interfaz-hdmi-3-dp-usb-2-0-2-rs232c-rj45-audio-ir-audio-2-x-10w\/","url":"https:\/\/compuviper.mx\/tienda\/producto\/lg-75uh5n-monitor-de-sealizacion-digital-de-75-uso-24-7-brillo-500-nits-bisel-12-9-b-interfaz-hdmi-3-dp-usb-2-0-2-rs232c-rj45-audio-ir-audio-2-x-10w\/","name":"[ Lg ] &#129351; 75uh5n Monitor De Se\u00f1alizacion Digital De 75 Uso 24\/7 Brillo 500 Nits Bisel 12.9 B Interfaz Hdmi 3 \/ Dp \/ Usb 2.0 2 \/ Rs232c \/ Rj45 \/ Audio \/ Ir Audio 2 X 10w","isPartOf":{"@id":"https:\/\/compuviper.mx\/tienda\/#website"},"datePublished":"2026-04-02T06:51:43+00:00","dateModified":"2026-04-02T06:51:44+00:00","description":"Compra 75uh5n Monitor De Se\u00f1alizacion Digital De 75 Uso 24\/7 Brillo 500 Nits Bisel 12.9 B Interfaz Hdmi 3 \/ Dp \/ Usb 2.0 2 \/ Rs232c \/ Rj45 \/ Audio \/ Ir Audio 2 X 10w + Env\u00edo a domicilio + Pago seguro + Garant\u00eda","breadcrumb":{"@id":"https:\/\/compuviper.mx\/tienda\/producto\/lg-75uh5n-monitor-de-sealizacion-digital-de-75-uso-24-7-brillo-500-nits-bisel-12-9-b-interfaz-hdmi-3-dp-usb-2-0-2-rs232c-rj45-audio-ir-audio-2-x-10w\/#breadcrumb"},"inLanguage":"es-MX","potentialAction":[{"@type":"ReadAction","target":["https:\/\/compuviper.mx\/tienda\/producto\/lg-75uh5n-monitor-de-sealizacion-digital-de-75-uso-24-7-brillo-500-nits-bisel-12-9-b-interfaz-hdmi-3-dp-usb-2-0-2-rs232c-rj45-audio-ir-audio-2-x-10w\/"]}]},{"@type":"BreadcrumbList","@id":"https:\/\/compuviper.mx\/tienda\/producto\/lg-75uh5n-monitor-de-sealizacion-digital-de-75-uso-24-7-brillo-500-nits-bisel-12-9-b-interfaz-hdmi-3-dp-usb-2-0-2-rs232c-rj45-audio-ir-audio-2-x-10w\/#breadcrumb","itemListElement":[{"@type":"ListItem","position":1,"name":"Inicio","item":"https:\/\/compuviper.mx\/tienda\/"},{"@type":"ListItem","position":2,"name":"Productos","item":"https:\/\/compuviper.mx\/tienda\/productos\/"},{"@type":"ListItem","position":3,"name":"Monitores","item":"https:\/\/compuviper.mx\/tienda\/categoria-producto\/monitores\/"},{"@type":"ListItem","position":4,"name":"Sin Categor\u00eda","item":"https:\/\/compuviper.mx\/tienda\/categoria-producto\/monitores\/sin-categoria-monitores\/"},{"@type":"ListItem","position":5,"name":"Lg 75uh5n Monitor De Se?alizacion Digital De 75 Uso 24\/7 Brillo 500 Nits Bisel 12.9 B Interfaz Hdmi 3 \/ Dp \/ Usb 2.0 2 \/ Rs232c \/ Rj45 \/ Audio \/ Ir Audio 2 X 10w"}]},{"@type":"WebSite","@id":"https:\/\/compuviper.mx\/tienda\/#website","url":"https:\/\/compuviper.mx\/tienda\/","name":"Compuviper","description":"Proveedor de Computadoras, Laptops, Servidores, Monitores, Puntos de Venta, Teclados,   Impresoras, T\u00f3ner, C\u00e1maras de Seguridad y m\u00e1s en tu tienda en l\u00ednea","publisher":{"@id":"https:\/\/compuviper.mx\/tienda\/#organization"},"potentialAction":[{"@type":"SearchAction","target":{"@type":"EntryPoint","urlTemplate":"https:\/\/compuviper.mx\/tienda\/?s={search_term_string}"},"query-input":"required name=search_term_string"}],"inLanguage":"es-MX"},{"@type":"Organization","@id":"https:\/\/compuviper.mx\/tienda\/#organization","name":"Compuviper","url":"https:\/\/compuviper.mx\/tienda\/","logo":{"@type":"ImageObject","inLanguage":"es-MX","@id":"https:\/\/compuviper.mx\/tienda\/#\/schema\/logo\/image\/","url":"https:\/\/compuviper.mx\/tienda\/wp-content\/uploads\/2021\/08\/Logo-Compuviper-10.png","contentUrl":"https:\/\/compuviper.mx\/tienda\/wp-content\/uploads\/2021\/08\/Logo-Compuviper-10.png","width":1000,"height":500,"caption":"Compuviper"},"image":{"@id":"https:\/\/compuviper.mx\/tienda\/#\/schema\/logo\/image\/"},"sameAs":["https:\/\/www.facebook.com\/compuviper","https:\/\/www.youtube.com\/channel\/UCf73dERp9Y3cfOq7q8BhLjA?view_as=subscriber"]}]},"product_brand":"LG","product_price_amount":"28392","product_price_currency":"MXN","og_availability":"out of stock","product_availability":"out of stock","product_retailer_item_id":"75UH5N","product_condition":"new"},"_links":{"self":[{"href":"https:\/\/compuviper.mx\/tienda\/wp-json\/wp\/v2\/product\/257558"}],"collection":[{"href":"https:\/\/compuviper.mx\/tienda\/wp-json\/wp\/v2\/product"}],"about":[{"href":"https:\/\/compuviper.mx\/tienda\/wp-json\/wp\/v2\/types\/product"}],"replies":[{"embeddable":true,"href":"https:\/\/compuviper.mx\/tienda\/wp-json\/wp\/v2\/comments?post=257558"}],"wp:featuredmedia":[{"embeddable":true,"href":"https:\/\/compuviper.mx\/tienda\/wp-json\/wp\/v2\/media\/260013"}],"wp:attachment":[{"href":"https:\/\/compuviper.mx\/tienda\/wp-json\/wp\/v2\/media?parent=257558"}],"wp:term":[{"taxonomy":"product_cat","embeddable":true,"href":"https:\/\/compuviper.mx\/tienda\/wp-json\/wp\/v2\/product_cat?post=257558"},{"taxonomy":"product_tag","embeddable":true,"href":"https:\/\/compuviper.mx\/tienda\/wp-json\/wp\/v2\/product_tag?post=257558"}],"curies":[{"name":"wp","href":"https:\/\/api.w.org\/{rel}","templated":true}]}}