{"id":257556,"date":"2026-04-02T00:42:46","date_gmt":"2026-04-02T06:42:46","guid":{"rendered":"https:\/\/compuviper.mx\/tienda\/producto\/logitech-920-013513-teclado-y-mouse-mk250-compacto-bluetooth-grafito\/"},"modified":"2026-04-02T00:42:46","modified_gmt":"2026-04-02T06:42:46","slug":"logitech-920-013513-teclado-y-mouse-mk250-compacto-bluetooth-espaol-grafito","status":"publish","type":"product","link":"https:\/\/compuviper.mx\/tienda\/producto\/logitech-920-013513-teclado-y-mouse-mk250-compacto-bluetooth-espaol-grafito\/","title":{"rendered":"Logitech 920-013513 Teclado Y Mouse  Mk250 Compacto Bluetooth (espa?ol) Grafito"},"content":{"rendered":"<table class=\"descripcion\">\n<tr>\n<td>Dimensiones<\/td>\n<\/tr>\n<tr>\n<td>Teclado<\/td>\n<\/tr>\n<tr>\n<td>Altura: 136.9 mm<\/td>\n<\/tr>\n<tr>\n<td>Anchura: 369.9 mm<\/td>\n<\/tr>\n<tr>\n<td>Profundidad: 22.8 mm<\/td>\n<\/tr>\n<tr>\n<td>Peso: 380 g<\/td>\n<\/tr>\n<tr>\n<td>Mouse<\/td>\n<\/tr>\n<tr>\n<td>Altura: 100 mm<\/td>\n<\/tr>\n<tr>\n<td>Anchura: 60 mm<\/td>\n<\/tr>\n<tr>\n<td>Profundidad: 38 mm<\/td>\n<\/tr>\n<tr>\n<td>Peso: 76 g<\/td>\n<\/tr>\n<tr>\n<td>Especificaciones tecnicas<\/td>\n<\/tr>\n<tr>\n<td>Raton<\/td>\n<\/tr>\n<tr>\n<td>Tecnologia de sensor: seguimiento optico fluido (1000 dpi)<\/td>\n<\/tr>\n<tr>\n<td>Botones: boton de encendido\/apagado<\/td>\n<\/tr>\n<tr>\n<td>Desplazamiento: desplazamiento linea a linea<\/td>\n<\/tr>\n<tr>\n<td>Boton scroll: 2d, mecanico<\/td>\n<\/tr>\n<tr>\n<td>Conexion\/alimentacion: pulsacion prolongada de los botones de encendido\/apagado para el emparejamiento<\/td>\n<\/tr>\n<tr>\n<td>Tipo de bateria: bateria alcalina<\/td>\n<\/tr>\n<tr>\n<td>Duracion de baterias: 12 meses<\/td>\n<\/tr>\n<tr>\n<td>Tecnologia inalambrica: tecnologia bluetooth\u00ae low energy<\/td>\n<\/tr>\n<tr>\n<td>Distancia de funcionamiento inalambrico: 10 m<\/td>\n<\/tr>\n<tr>\n<td>Numero de baterias: 1 aa (incluido)<\/td>\n<\/tr>\n<tr>\n<td>Indicadores luminosos: conectividad led<\/td>\n<\/tr>\n<tr>\n<td>Numero de botones: 3 (click izquierdo\/derecho, boton rueda con click de boton central)<\/td>\n<\/tr>\n<tr>\n<td>Teclado<\/td>\n<\/tr>\n<tr>\n<td>Tipo de conexion del teclado: pulsacion prolongada de los botones de encendido\/apagado para el emparejamiento<\/td>\n<\/tr>\n<tr>\n<td>Teclado con tecnologia inalambrica: tecnologia bluetooth\u00ae low energy<\/td>\n<\/tr>\n<tr>\n<td>Alcance inalambrico: 10 m<\/td>\n<\/tr>\n<tr>\n<td>Tipo de bateria del teclado: bateria alcalina<\/td>\n<\/tr>\n<tr>\n<td>Indicadores luminosos (led): conectividad led<\/td>\n<\/tr>\n<tr>\n<td>Botones\/teclas especiales: boton de encendido\/apagado<\/td>\n<\/tr>\n<tr>\n<td>Numero de baterias: 2 aaa (incluidas)<\/td>\n<\/tr>\n<tr>\n<td>Duracion de baterias: 12 meses<\/td>\n<\/tr>\n<tr>\n<td>Caracteristicas adicionales: patas inclinables (para un angulo de escritura de 7 grados)<\/td>\n<\/tr>\n<tr>\n<td>Distribucion: dise\u00f1o compacto con seccion numerica<\/td>\n<\/tr>\n<tr>\n<td>Dise\u00f1o impreso multisistema operativo: si<\/td>\n<\/tr>\n<tr>\n<td>Requisitos del sistema<\/td>\n<\/tr>\n<tr>\n<td>Requisitos: tecnologia inalambrica bluetooth\u00ae low energy<\/td>\n<\/tr>\n<tr>\n<td>Compatibilidad: windows 10, 11 o versiones posteriores, macos 12 o versiones posteriores, chromeos<\/td>\n<\/tr>\n<tr>\n<td>Informacion de garantia<\/td>\n<\/tr>\n<tr>\n<td>Un a\u00f1o de garantia de hardware limitada<\/td>\n<\/tr>\n<tr>\n<td>Numero de referencia<\/td>\n<\/tr>\n<tr>\n<td>Grafito espa\u00f1ol (qwerty) mk250 : 920-013513<\/td>\n<\/tr>\n<tr>\n<td>Blanco crudo espa\u00f1ol (qwerty) mk250 : 920-013514<\/td>\n<\/tr>\n<\/table>\n","protected":false},"excerpt":{"rendered":"<p>Conectate facilmente con mk250, una combinaci\u00f3n sencilla, con todas las funciones, inalambrica y hecha para durar con piezas de plastico que incluyen un minimo del 64 % de materiales reciclados.<\/p>\n","protected":false},"featured_media":259787,"comment_status":"open","ping_status":"open","template":"","meta":[],"product_cat":[1712,1711],"product_tag":[1500],"acf":[],"yoast_head":"<!-- This site is optimized with the Yoast SEO plugin v21.7 - https:\/\/yoast.com\/wordpress\/plugins\/seo\/ -->\n<title>[ Logitech ] &#129351; 920-013513 Teclado Y Mouse Mk250 Compacto Bluetooth (espa\u00f1ol) Grafito<\/title>\n<meta name=\"description\" content=\"Compra 920-013513 Teclado Y Mouse Mk250 Compacto Bluetooth (espa\u00f1ol) Grafito + Env\u00edo a domicilio + Pago seguro + Garant\u00eda\" \/>\n<meta name=\"robots\" content=\"index, follow, max-snippet:-1, max-image-preview:large, max-video-preview:-1\" \/>\n<link rel=\"canonical\" href=\"https:\/\/compuviper.mx\/tienda\/producto\/logitech-920-013513-teclado-y-mouse-mk250-compacto-bluetooth-espaol-grafito\/\" \/>\n<meta property=\"og:locale\" content=\"es_MX\" \/>\n<meta property=\"og:type\" content=\"article\" \/>\n<meta property=\"og:title\" content=\"[ Logitech ] &#129351; 920-013513 Teclado Y Mouse Mk250 Compacto Bluetooth (espa\u00f1ol) Grafito\" \/>\n<meta property=\"og:description\" content=\"Compra 920-013513 Teclado Y Mouse Mk250 Compacto Bluetooth (espa\u00f1ol) Grafito + Env\u00edo a domicilio + Pago seguro + Garant\u00eda\" \/>\n<meta property=\"og:url\" content=\"https:\/\/compuviper.mx\/tienda\/producto\/logitech-920-013513-teclado-y-mouse-mk250-compacto-bluetooth-espaol-grafito\/\" \/>\n<meta property=\"og:site_name\" content=\"Compuviper\" \/>\n<meta property=\"article:publisher\" content=\"https:\/\/www.facebook.com\/compuviper\" \/>\n<meta property=\"og:image\" content=\"https:\/\/compuviper.mx\/tienda\/wp-content\/uploads\/2025\/10\/Teclado-y-mouse-logitech-mk250-compacto-bluetooth-grafito.jpg\" \/>\n\t<meta property=\"og:image:width\" content=\"200\" \/>\n\t<meta property=\"og:image:height\" content=\"200\" \/>\n\t<meta property=\"og:image:type\" content=\"image\/jpeg\" \/>\n<meta name=\"twitter:card\" content=\"summary_large_image\" \/>\n<meta name=\"twitter:label1\" content=\"Precio\" \/>\n\t<meta name=\"twitter:data1\" content=\"&#36;476 con IVA\" \/>\n\t<meta name=\"twitter:label2\" content=\"Availability\" \/>\n\t<meta name=\"twitter:data2\" content=\"In stock\" \/>\n<script type=\"application\/ld+json\" class=\"yoast-schema-graph\">{\"@context\":\"https:\/\/schema.org\",\"@graph\":[{\"@type\":\"WebPage\",\"@id\":\"https:\/\/compuviper.mx\/tienda\/producto\/logitech-920-013513-teclado-y-mouse-mk250-compacto-bluetooth-espaol-grafito\/\",\"url\":\"https:\/\/compuviper.mx\/tienda\/producto\/logitech-920-013513-teclado-y-mouse-mk250-compacto-bluetooth-espaol-grafito\/\",\"name\":\"[ Logitech ] &#129351; 920-013513 Teclado Y Mouse Mk250 Compacto Bluetooth (espa\u00f1ol) Grafito\",\"isPartOf\":{\"@id\":\"https:\/\/compuviper.mx\/tienda\/#website\"},\"datePublished\":\"2026-04-02T06:42:46+00:00\",\"dateModified\":\"2026-04-02T06:42:46+00:00\",\"description\":\"Compra 920-013513 Teclado Y Mouse Mk250 Compacto Bluetooth (espa\u00f1ol) Grafito + Env\u00edo a domicilio + Pago seguro + Garant\u00eda\",\"breadcrumb\":{\"@id\":\"https:\/\/compuviper.mx\/tienda\/producto\/logitech-920-013513-teclado-y-mouse-mk250-compacto-bluetooth-espaol-grafito\/#breadcrumb\"},\"inLanguage\":\"es-MX\",\"potentialAction\":[{\"@type\":\"ReadAction\",\"target\":[\"https:\/\/compuviper.mx\/tienda\/producto\/logitech-920-013513-teclado-y-mouse-mk250-compacto-bluetooth-espaol-grafito\/\"]}]},{\"@type\":\"BreadcrumbList\",\"@id\":\"https:\/\/compuviper.mx\/tienda\/producto\/logitech-920-013513-teclado-y-mouse-mk250-compacto-bluetooth-espaol-grafito\/#breadcrumb\",\"itemListElement\":[{\"@type\":\"ListItem\",\"position\":1,\"name\":\"Inicio\",\"item\":\"https:\/\/compuviper.mx\/tienda\/\"},{\"@type\":\"ListItem\",\"position\":2,\"name\":\"Productos\",\"item\":\"https:\/\/compuviper.mx\/tienda\/productos\/\"},{\"@type\":\"ListItem\",\"position\":3,\"name\":\"Teclado Y Mouse\",\"item\":\"https:\/\/compuviper.mx\/tienda\/categoria-producto\/teclado-y-mouse\/\"},{\"@type\":\"ListItem\",\"position\":4,\"name\":\"Sin Categor\u00eda\",\"item\":\"https:\/\/compuviper.mx\/tienda\/categoria-producto\/teclado-y-mouse\/sin-categoria-teclado-y-mouse\/\"},{\"@type\":\"ListItem\",\"position\":5,\"name\":\"Logitech 920-013513 Teclado Y Mouse Mk250 Compacto Bluetooth (espa?ol) Grafito\"}]},{\"@type\":\"WebSite\",\"@id\":\"https:\/\/compuviper.mx\/tienda\/#website\",\"url\":\"https:\/\/compuviper.mx\/tienda\/\",\"name\":\"Compuviper\",\"description\":\"Proveedor de Computadoras, Laptops, Servidores, Monitores, Puntos de Venta, Teclados,   Impresoras, T\u00f3ner, C\u00e1maras de Seguridad y m\u00e1s en tu tienda en l\u00ednea\",\"publisher\":{\"@id\":\"https:\/\/compuviper.mx\/tienda\/#organization\"},\"potentialAction\":[{\"@type\":\"SearchAction\",\"target\":{\"@type\":\"EntryPoint\",\"urlTemplate\":\"https:\/\/compuviper.mx\/tienda\/?s={search_term_string}\"},\"query-input\":\"required name=search_term_string\"}],\"inLanguage\":\"es-MX\"},{\"@type\":\"Organization\",\"@id\":\"https:\/\/compuviper.mx\/tienda\/#organization\",\"name\":\"Compuviper\",\"url\":\"https:\/\/compuviper.mx\/tienda\/\",\"logo\":{\"@type\":\"ImageObject\",\"inLanguage\":\"es-MX\",\"@id\":\"https:\/\/compuviper.mx\/tienda\/#\/schema\/logo\/image\/\",\"url\":\"https:\/\/compuviper.mx\/tienda\/wp-content\/uploads\/2021\/08\/Logo-Compuviper-10.png\",\"contentUrl\":\"https:\/\/compuviper.mx\/tienda\/wp-content\/uploads\/2021\/08\/Logo-Compuviper-10.png\",\"width\":1000,\"height\":500,\"caption\":\"Compuviper\"},\"image\":{\"@id\":\"https:\/\/compuviper.mx\/tienda\/#\/schema\/logo\/image\/\"},\"sameAs\":[\"https:\/\/www.facebook.com\/compuviper\",\"https:\/\/www.youtube.com\/channel\/UCf73dERp9Y3cfOq7q8BhLjA?view_as=subscriber\"]}]}<\/script>\n<meta property=\"product:brand\" content=\"LOGITECH\" \/>\n<meta property=\"product:price:amount\" content=\"476\" \/>\n<meta property=\"product:price:currency\" content=\"MXN\" \/>\n<meta property=\"og:availability\" content=\"instock\" \/>\n<meta property=\"product:availability\" content=\"instock\" \/>\n<meta property=\"product:retailer_item_id\" content=\"920-013513\" \/>\n<meta property=\"product:condition\" content=\"new\" \/>\n<!-- \/ Yoast SEO plugin. -->","yoast_head_json":{"title":"[ Logitech ] &#129351; 920-013513 Teclado Y Mouse Mk250 Compacto Bluetooth (espa\u00f1ol) Grafito","description":"Compra 920-013513 Teclado Y Mouse Mk250 Compacto Bluetooth (espa\u00f1ol) Grafito + Env\u00edo a domicilio + Pago seguro + Garant\u00eda","robots":{"index":"index","follow":"follow","max-snippet":"max-snippet:-1","max-image-preview":"max-image-preview:large","max-video-preview":"max-video-preview:-1"},"canonical":"https:\/\/compuviper.mx\/tienda\/producto\/logitech-920-013513-teclado-y-mouse-mk250-compacto-bluetooth-espaol-grafito\/","og_locale":"es_MX","og_type":"article","og_title":"[ Logitech ] &#129351; 920-013513 Teclado Y Mouse Mk250 Compacto Bluetooth (espa\u00f1ol) Grafito","og_description":"Compra 920-013513 Teclado Y Mouse Mk250 Compacto Bluetooth (espa\u00f1ol) Grafito + Env\u00edo a domicilio + Pago seguro + Garant\u00eda","og_url":"https:\/\/compuviper.mx\/tienda\/producto\/logitech-920-013513-teclado-y-mouse-mk250-compacto-bluetooth-espaol-grafito\/","og_site_name":"Compuviper","article_publisher":"https:\/\/www.facebook.com\/compuviper","og_image":[{"width":200,"height":200,"url":"https:\/\/compuviper.mx\/tienda\/wp-content\/uploads\/2025\/10\/Teclado-y-mouse-logitech-mk250-compacto-bluetooth-grafito.jpg","type":"image\/jpeg"}],"twitter_card":"summary_large_image","twitter_misc":{"Precio":"&#36;476 con IVA","Availability":"In stock"},"schema":{"@context":"https:\/\/schema.org","@graph":[{"@type":"WebPage","@id":"https:\/\/compuviper.mx\/tienda\/producto\/logitech-920-013513-teclado-y-mouse-mk250-compacto-bluetooth-espaol-grafito\/","url":"https:\/\/compuviper.mx\/tienda\/producto\/logitech-920-013513-teclado-y-mouse-mk250-compacto-bluetooth-espaol-grafito\/","name":"[ Logitech ] &#129351; 920-013513 Teclado Y Mouse Mk250 Compacto Bluetooth (espa\u00f1ol) Grafito","isPartOf":{"@id":"https:\/\/compuviper.mx\/tienda\/#website"},"datePublished":"2026-04-02T06:42:46+00:00","dateModified":"2026-04-02T06:42:46+00:00","description":"Compra 920-013513 Teclado Y Mouse Mk250 Compacto Bluetooth (espa\u00f1ol) Grafito + Env\u00edo a domicilio + Pago seguro + Garant\u00eda","breadcrumb":{"@id":"https:\/\/compuviper.mx\/tienda\/producto\/logitech-920-013513-teclado-y-mouse-mk250-compacto-bluetooth-espaol-grafito\/#breadcrumb"},"inLanguage":"es-MX","potentialAction":[{"@type":"ReadAction","target":["https:\/\/compuviper.mx\/tienda\/producto\/logitech-920-013513-teclado-y-mouse-mk250-compacto-bluetooth-espaol-grafito\/"]}]},{"@type":"BreadcrumbList","@id":"https:\/\/compuviper.mx\/tienda\/producto\/logitech-920-013513-teclado-y-mouse-mk250-compacto-bluetooth-espaol-grafito\/#breadcrumb","itemListElement":[{"@type":"ListItem","position":1,"name":"Inicio","item":"https:\/\/compuviper.mx\/tienda\/"},{"@type":"ListItem","position":2,"name":"Productos","item":"https:\/\/compuviper.mx\/tienda\/productos\/"},{"@type":"ListItem","position":3,"name":"Teclado Y Mouse","item":"https:\/\/compuviper.mx\/tienda\/categoria-producto\/teclado-y-mouse\/"},{"@type":"ListItem","position":4,"name":"Sin Categor\u00eda","item":"https:\/\/compuviper.mx\/tienda\/categoria-producto\/teclado-y-mouse\/sin-categoria-teclado-y-mouse\/"},{"@type":"ListItem","position":5,"name":"Logitech 920-013513 Teclado Y Mouse Mk250 Compacto Bluetooth (espa?ol) Grafito"}]},{"@type":"WebSite","@id":"https:\/\/compuviper.mx\/tienda\/#website","url":"https:\/\/compuviper.mx\/tienda\/","name":"Compuviper","description":"Proveedor de Computadoras, Laptops, Servidores, Monitores, Puntos de Venta, Teclados,   Impresoras, T\u00f3ner, C\u00e1maras de Seguridad y m\u00e1s en tu tienda en l\u00ednea","publisher":{"@id":"https:\/\/compuviper.mx\/tienda\/#organization"},"potentialAction":[{"@type":"SearchAction","target":{"@type":"EntryPoint","urlTemplate":"https:\/\/compuviper.mx\/tienda\/?s={search_term_string}"},"query-input":"required name=search_term_string"}],"inLanguage":"es-MX"},{"@type":"Organization","@id":"https:\/\/compuviper.mx\/tienda\/#organization","name":"Compuviper","url":"https:\/\/compuviper.mx\/tienda\/","logo":{"@type":"ImageObject","inLanguage":"es-MX","@id":"https:\/\/compuviper.mx\/tienda\/#\/schema\/logo\/image\/","url":"https:\/\/compuviper.mx\/tienda\/wp-content\/uploads\/2021\/08\/Logo-Compuviper-10.png","contentUrl":"https:\/\/compuviper.mx\/tienda\/wp-content\/uploads\/2021\/08\/Logo-Compuviper-10.png","width":1000,"height":500,"caption":"Compuviper"},"image":{"@id":"https:\/\/compuviper.mx\/tienda\/#\/schema\/logo\/image\/"},"sameAs":["https:\/\/www.facebook.com\/compuviper","https:\/\/www.youtube.com\/channel\/UCf73dERp9Y3cfOq7q8BhLjA?view_as=subscriber"]}]},"product_brand":"LOGITECH","product_price_amount":"476","product_price_currency":"MXN","og_availability":"instock","product_availability":"instock","product_retailer_item_id":"920-013513","product_condition":"new"},"_links":{"self":[{"href":"https:\/\/compuviper.mx\/tienda\/wp-json\/wp\/v2\/product\/257556"}],"collection":[{"href":"https:\/\/compuviper.mx\/tienda\/wp-json\/wp\/v2\/product"}],"about":[{"href":"https:\/\/compuviper.mx\/tienda\/wp-json\/wp\/v2\/types\/product"}],"replies":[{"embeddable":true,"href":"https:\/\/compuviper.mx\/tienda\/wp-json\/wp\/v2\/comments?post=257556"}],"wp:featuredmedia":[{"embeddable":true,"href":"https:\/\/compuviper.mx\/tienda\/wp-json\/wp\/v2\/media\/259787"}],"wp:attachment":[{"href":"https:\/\/compuviper.mx\/tienda\/wp-json\/wp\/v2\/media?parent=257556"}],"wp:term":[{"taxonomy":"product_cat","embeddable":true,"href":"https:\/\/compuviper.mx\/tienda\/wp-json\/wp\/v2\/product_cat?post=257556"},{"taxonomy":"product_tag","embeddable":true,"href":"https:\/\/compuviper.mx\/tienda\/wp-json\/wp\/v2\/product_tag?post=257556"}],"curies":[{"name":"wp","href":"https:\/\/api.w.org\/{rel}","templated":true}]}}