{"id":257551,"date":"2026-04-01T23:17:34","date_gmt":"2026-04-02T05:17:34","guid":{"rendered":"https:\/\/compuviper.mx\/tienda\/producto\/startech-com-14l61-privacy-screen-filtro-de-privacidad-tctil-1610-para-laptop-de-14in-protector-anti-luz-azul-antibrillo-ngulo-de-visin-de-30-de-voltear-hacia-arriba-startech\/"},"modified":"2026-04-01T23:17:35","modified_gmt":"2026-04-02T05:17:35","slug":"startech-com-14l61-privacy-screen-filtro-de-privacidad-tctil-1610-para-laptop-de-14in-protector-anti-luz-azul-antibrillo-ngulo-de-visin-de-30-de-voltear-hacia-arriba-startech","status":"publish","type":"product","link":"https:\/\/compuviper.mx\/tienda\/producto\/startech-com-14l61-privacy-screen-filtro-de-privacidad-tctil-1610-para-laptop-de-14in-protector-anti-luz-azul-antibrillo-ngulo-de-visin-de-30-de-voltear-hacia-arriba-startech\/","title":{"rendered":"Startech.com 14l61-privacy-screen Filtro De Privacidad T?ctil 16:10 Para Laptop De 14in &#8211; Protector &#8211; Anti Luz Azul &#8211; Antibrillo &#8211; ?ngulo De Visi?n De +\/-30? &#8211; De Voltear Hacia Arriba Startech"},"content":{"rendered":"<table class=\"descripcion\">\n<tr>\n<td>Proteja los datos visuales sensibles: utiliza una tecnologia de microlouver que oscurece la vision de la pantalla de su laptop de 14 desde los costados (+\/- 30 grados) &#8211; mantenga la privacidad de sus datos y evite los fisgoneos<\/td>\n<\/tr>\n<tr>\n<td>Para laptops de 14: para laptops con pantallas de 14 y relaci\u00f3n de aspecto 16:10 &#8211; dimensiones de 301x188mm &#8211; el filtro no interferira con las camaras web montadas en la parte superior, los sensores o al cerrar la tapa<\/td>\n<\/tr>\n<tr>\n<td>Plegable con el tacto: la funcion de montaje abatible le permite levantar rapidamente el filtro para compartir contenidos sin desinstalarlo &#8211; la capacidad de respuesta tactil de la computadora se mantiene gracias al escudo de seguridad ultrafino y robusto<\/td>\n<\/tr>\n<tr>\n<td>Reduzca el esfuerzo ocular: este filtro de privacidad bloquea hasta el 51% de la luz azul, lo que ayuda a reducir la fatiga ocular digital y mejora el confort visual durante un uso prolongado &#8211; transmitancia luminosa del 60% para una mejor legibilidad<\/td>\n<\/tr>\n<tr>\n<td>Aplicacion sin problemas: instale el protector de pantalla de privacidad utilizando las tiras adhesivas incluidas, las leng\u00fcetas de montaje deslizante o las leng\u00fcetas abatibles &#8211; disenado para su uso con pantallas que tengan biseles elevados<\/td>\n<\/tr>\n<\/table>\n","protected":false},"excerpt":{"rendered":"<p>Evite los fisgoneos limitando el angulo de vision de su pantalla con el filtro de privacidad startech<\/p>\n","protected":false},"featured_media":258956,"comment_status":"open","ping_status":"open","template":"","meta":[],"product_cat":[1485,2026],"product_tag":[1590],"acf":[],"yoast_head":"<!-- This site is optimized with the Yoast SEO plugin v21.7 - https:\/\/yoast.com\/wordpress\/plugins\/seo\/ -->\n<title>[ Startech.com ] &#129351; 14l61-privacy-screen Filtro De Privacidad T\u00e1ctil 16:10 Para Laptop De 14in - Protector - Anti Luz Azul - Antibrillo - \u00e1ngulo De Visi\u00f3n De +\/-30\u00b0 - De Voltear Hacia Arriba Startech<\/title>\n<meta name=\"description\" content=\"Compra 14l61-privacy-screen Filtro De Privacidad T\u00e1ctil 16:10 Para Laptop De 14in - Protector - Anti Luz Azul - Antibrillo - \u00e1ngulo De Visi\u00f3n De +\/-30\u00b0 - De Voltear Hacia Arriba Startech + Env\u00edo a domicilio + Pago seguro + Garant\u00eda\" \/>\n<meta name=\"robots\" content=\"index, follow, max-snippet:-1, max-image-preview:large, max-video-preview:-1\" \/>\n<link rel=\"canonical\" href=\"https:\/\/compuviper.mx\/tienda\/producto\/startech-com-14l61-privacy-screen-filtro-de-privacidad-tctil-1610-para-laptop-de-14in-protector-anti-luz-azul-antibrillo-ngulo-de-visin-de-30-de-voltear-hacia-arriba-startech\/\" \/>\n<meta property=\"og:locale\" content=\"es_MX\" \/>\n<meta property=\"og:type\" content=\"article\" \/>\n<meta property=\"og:title\" content=\"[ Startech.com ] &#129351; 14l61-privacy-screen Filtro De Privacidad T\u00e1ctil 16:10 Para Laptop De 14in - Protector - Anti Luz Azul - Antibrillo - \u00e1ngulo De Visi\u00f3n De +\/-30\u00b0 - De Voltear Hacia Arriba Startech\" \/>\n<meta property=\"og:description\" content=\"Compra 14l61-privacy-screen Filtro De Privacidad T\u00e1ctil 16:10 Para Laptop De 14in - Protector - Anti Luz Azul - Antibrillo - \u00e1ngulo De Visi\u00f3n De +\/-30\u00b0 - De Voltear Hacia Arriba Startech + Env\u00edo a domicilio + Pago seguro + Garant\u00eda\" \/>\n<meta property=\"og:url\" content=\"https:\/\/compuviper.mx\/tienda\/producto\/startech-com-14l61-privacy-screen-filtro-de-privacidad-tctil-1610-para-laptop-de-14in-protector-anti-luz-azul-antibrillo-ngulo-de-visin-de-30-de-voltear-hacia-arriba-startech\/\" \/>\n<meta property=\"og:site_name\" content=\"Compuviper\" \/>\n<meta property=\"article:publisher\" content=\"https:\/\/www.facebook.com\/compuviper\" \/>\n<meta property=\"article:modified_time\" content=\"2026-04-02T05:17:35+00:00\" \/>\n<meta property=\"og:image\" content=\"https:\/\/compuviper.mx\/tienda\/wp-content\/uploads\/2025\/10\/Filtro-de-privacidad-tactil-1610-para-laptop-de-14in-protector-anti-luz-azul-antibrillo-angulo-de-vision-de-30\u00b0-de-voltear-hacia-arriba-startech.jpg\" \/>\n\t<meta property=\"og:image:width\" content=\"200\" \/>\n\t<meta property=\"og:image:height\" content=\"200\" \/>\n\t<meta property=\"og:image:type\" content=\"image\/jpeg\" \/>\n<meta name=\"twitter:card\" content=\"summary_large_image\" \/>\n<meta name=\"twitter:label1\" content=\"Precio\" \/>\n\t<meta name=\"twitter:data1\" content=\"&#36;875 con IVA\" \/>\n\t<meta name=\"twitter:label2\" content=\"Availability\" \/>\n\t<meta name=\"twitter:data2\" content=\"On backorder\" \/>\n<script type=\"application\/ld+json\" class=\"yoast-schema-graph\">{\"@context\":\"https:\/\/schema.org\",\"@graph\":[{\"@type\":\"WebPage\",\"@id\":\"https:\/\/compuviper.mx\/tienda\/producto\/startech-com-14l61-privacy-screen-filtro-de-privacidad-tctil-1610-para-laptop-de-14in-protector-anti-luz-azul-antibrillo-ngulo-de-visin-de-30-de-voltear-hacia-arriba-startech\/\",\"url\":\"https:\/\/compuviper.mx\/tienda\/producto\/startech-com-14l61-privacy-screen-filtro-de-privacidad-tctil-1610-para-laptop-de-14in-protector-anti-luz-azul-antibrillo-ngulo-de-visin-de-30-de-voltear-hacia-arriba-startech\/\",\"name\":\"[ Startech.com ] &#129351; 14l61-privacy-screen Filtro De Privacidad T\u00e1ctil 16:10 Para Laptop De 14in - Protector - Anti Luz Azul - Antibrillo - \u00e1ngulo De Visi\u00f3n De +\/-30\u00b0 - De Voltear Hacia Arriba Startech\",\"isPartOf\":{\"@id\":\"https:\/\/compuviper.mx\/tienda\/#website\"},\"datePublished\":\"2026-04-02T05:17:34+00:00\",\"dateModified\":\"2026-04-02T05:17:35+00:00\",\"description\":\"Compra 14l61-privacy-screen Filtro De Privacidad T\u00e1ctil 16:10 Para Laptop De 14in - Protector - Anti Luz Azul - Antibrillo - \u00e1ngulo De Visi\u00f3n De +\/-30\u00b0 - De Voltear Hacia Arriba Startech + Env\u00edo a domicilio + Pago seguro + Garant\u00eda\",\"breadcrumb\":{\"@id\":\"https:\/\/compuviper.mx\/tienda\/producto\/startech-com-14l61-privacy-screen-filtro-de-privacidad-tctil-1610-para-laptop-de-14in-protector-anti-luz-azul-antibrillo-ngulo-de-visin-de-30-de-voltear-hacia-arriba-startech\/#breadcrumb\"},\"inLanguage\":\"es-MX\",\"potentialAction\":[{\"@type\":\"ReadAction\",\"target\":[\"https:\/\/compuviper.mx\/tienda\/producto\/startech-com-14l61-privacy-screen-filtro-de-privacidad-tctil-1610-para-laptop-de-14in-protector-anti-luz-azul-antibrillo-ngulo-de-visin-de-30-de-voltear-hacia-arriba-startech\/\"]}]},{\"@type\":\"BreadcrumbList\",\"@id\":\"https:\/\/compuviper.mx\/tienda\/producto\/startech-com-14l61-privacy-screen-filtro-de-privacidad-tctil-1610-para-laptop-de-14in-protector-anti-luz-azul-antibrillo-ngulo-de-visin-de-30-de-voltear-hacia-arriba-startech\/#breadcrumb\",\"itemListElement\":[{\"@type\":\"ListItem\",\"position\":1,\"name\":\"Inicio\",\"item\":\"https:\/\/compuviper.mx\/tienda\/\"},{\"@type\":\"ListItem\",\"position\":2,\"name\":\"Productos\",\"item\":\"https:\/\/compuviper.mx\/tienda\/productos\/\"},{\"@type\":\"ListItem\",\"position\":3,\"name\":\"Accesorios\",\"item\":\"https:\/\/compuviper.mx\/tienda\/categoria-producto\/accesorios\/\"},{\"@type\":\"ListItem\",\"position\":4,\"name\":\"Filtros\",\"item\":\"https:\/\/compuviper.mx\/tienda\/categoria-producto\/accesorios\/filtros\/\"},{\"@type\":\"ListItem\",\"position\":5,\"name\":\"Startech.com 14l61-privacy-screen Filtro De Privacidad T?ctil 16:10 Para Laptop De 14in &#8211; Protector &#8211; Anti Luz Azul &#8211; Antibrillo &#8211; ?ngulo De Visi?n De +\/-30? &#8211; De Voltear Hacia Arriba Startech\"}]},{\"@type\":\"WebSite\",\"@id\":\"https:\/\/compuviper.mx\/tienda\/#website\",\"url\":\"https:\/\/compuviper.mx\/tienda\/\",\"name\":\"Compuviper\",\"description\":\"Proveedor de Computadoras, Laptops, Servidores, Monitores, Puntos de Venta, Teclados,   Impresoras, T\u00f3ner, C\u00e1maras de Seguridad y m\u00e1s en tu tienda en l\u00ednea\",\"publisher\":{\"@id\":\"https:\/\/compuviper.mx\/tienda\/#organization\"},\"potentialAction\":[{\"@type\":\"SearchAction\",\"target\":{\"@type\":\"EntryPoint\",\"urlTemplate\":\"https:\/\/compuviper.mx\/tienda\/?s={search_term_string}\"},\"query-input\":\"required name=search_term_string\"}],\"inLanguage\":\"es-MX\"},{\"@type\":\"Organization\",\"@id\":\"https:\/\/compuviper.mx\/tienda\/#organization\",\"name\":\"Compuviper\",\"url\":\"https:\/\/compuviper.mx\/tienda\/\",\"logo\":{\"@type\":\"ImageObject\",\"inLanguage\":\"es-MX\",\"@id\":\"https:\/\/compuviper.mx\/tienda\/#\/schema\/logo\/image\/\",\"url\":\"https:\/\/compuviper.mx\/tienda\/wp-content\/uploads\/2021\/08\/Logo-Compuviper-10.png\",\"contentUrl\":\"https:\/\/compuviper.mx\/tienda\/wp-content\/uploads\/2021\/08\/Logo-Compuviper-10.png\",\"width\":1000,\"height\":500,\"caption\":\"Compuviper\"},\"image\":{\"@id\":\"https:\/\/compuviper.mx\/tienda\/#\/schema\/logo\/image\/\"},\"sameAs\":[\"https:\/\/www.facebook.com\/compuviper\",\"https:\/\/www.youtube.com\/channel\/UCf73dERp9Y3cfOq7q8BhLjA?view_as=subscriber\"]}]}<\/script>\n<meta property=\"product:brand\" content=\"STARTECH.COM\" \/>\n<meta property=\"product:price:amount\" content=\"875\" \/>\n<meta property=\"product:price:currency\" content=\"MXN\" \/>\n<meta property=\"og:availability\" content=\"backorder\" \/>\n<meta property=\"product:availability\" content=\"available for order\" \/>\n<meta property=\"product:retailer_item_id\" content=\"14L61-PRIVACY-SCREEN\" \/>\n<meta property=\"product:condition\" content=\"new\" \/>\n<!-- \/ Yoast SEO plugin. -->","yoast_head_json":{"title":"[ Startech.com ] &#129351; 14l61-privacy-screen Filtro De Privacidad T\u00e1ctil 16:10 Para Laptop De 14in - Protector - Anti Luz Azul - Antibrillo - \u00e1ngulo De Visi\u00f3n De +\/-30\u00b0 - De Voltear Hacia Arriba Startech","description":"Compra 14l61-privacy-screen Filtro De Privacidad T\u00e1ctil 16:10 Para Laptop De 14in - Protector - Anti Luz Azul - Antibrillo - \u00e1ngulo De Visi\u00f3n De +\/-30\u00b0 - De Voltear Hacia Arriba Startech + Env\u00edo a domicilio + Pago seguro + Garant\u00eda","robots":{"index":"index","follow":"follow","max-snippet":"max-snippet:-1","max-image-preview":"max-image-preview:large","max-video-preview":"max-video-preview:-1"},"canonical":"https:\/\/compuviper.mx\/tienda\/producto\/startech-com-14l61-privacy-screen-filtro-de-privacidad-tctil-1610-para-laptop-de-14in-protector-anti-luz-azul-antibrillo-ngulo-de-visin-de-30-de-voltear-hacia-arriba-startech\/","og_locale":"es_MX","og_type":"article","og_title":"[ Startech.com ] &#129351; 14l61-privacy-screen Filtro De Privacidad T\u00e1ctil 16:10 Para Laptop De 14in - Protector - Anti Luz Azul - Antibrillo - \u00e1ngulo De Visi\u00f3n De +\/-30\u00b0 - De Voltear Hacia Arriba Startech","og_description":"Compra 14l61-privacy-screen Filtro De Privacidad T\u00e1ctil 16:10 Para Laptop De 14in - Protector - Anti Luz Azul - Antibrillo - \u00e1ngulo De Visi\u00f3n De +\/-30\u00b0 - De Voltear Hacia Arriba Startech + Env\u00edo a domicilio + Pago seguro + Garant\u00eda","og_url":"https:\/\/compuviper.mx\/tienda\/producto\/startech-com-14l61-privacy-screen-filtro-de-privacidad-tctil-1610-para-laptop-de-14in-protector-anti-luz-azul-antibrillo-ngulo-de-visin-de-30-de-voltear-hacia-arriba-startech\/","og_site_name":"Compuviper","article_publisher":"https:\/\/www.facebook.com\/compuviper","article_modified_time":"2026-04-02T05:17:35+00:00","og_image":[{"width":200,"height":200,"url":"https:\/\/compuviper.mx\/tienda\/wp-content\/uploads\/2025\/10\/Filtro-de-privacidad-tactil-1610-para-laptop-de-14in-protector-anti-luz-azul-antibrillo-angulo-de-vision-de-30\u00b0-de-voltear-hacia-arriba-startech.jpg","type":"image\/jpeg"}],"twitter_card":"summary_large_image","twitter_misc":{"Precio":"&#36;875 con IVA","Availability":"On backorder"},"schema":{"@context":"https:\/\/schema.org","@graph":[{"@type":"WebPage","@id":"https:\/\/compuviper.mx\/tienda\/producto\/startech-com-14l61-privacy-screen-filtro-de-privacidad-tctil-1610-para-laptop-de-14in-protector-anti-luz-azul-antibrillo-ngulo-de-visin-de-30-de-voltear-hacia-arriba-startech\/","url":"https:\/\/compuviper.mx\/tienda\/producto\/startech-com-14l61-privacy-screen-filtro-de-privacidad-tctil-1610-para-laptop-de-14in-protector-anti-luz-azul-antibrillo-ngulo-de-visin-de-30-de-voltear-hacia-arriba-startech\/","name":"[ Startech.com ] &#129351; 14l61-privacy-screen Filtro De Privacidad T\u00e1ctil 16:10 Para Laptop De 14in - Protector - Anti Luz Azul - Antibrillo - \u00e1ngulo De Visi\u00f3n De +\/-30\u00b0 - De Voltear Hacia Arriba Startech","isPartOf":{"@id":"https:\/\/compuviper.mx\/tienda\/#website"},"datePublished":"2026-04-02T05:17:34+00:00","dateModified":"2026-04-02T05:17:35+00:00","description":"Compra 14l61-privacy-screen Filtro De Privacidad T\u00e1ctil 16:10 Para Laptop De 14in - Protector - Anti Luz Azul - Antibrillo - \u00e1ngulo De Visi\u00f3n De +\/-30\u00b0 - De Voltear Hacia Arriba Startech + Env\u00edo a domicilio + Pago seguro + Garant\u00eda","breadcrumb":{"@id":"https:\/\/compuviper.mx\/tienda\/producto\/startech-com-14l61-privacy-screen-filtro-de-privacidad-tctil-1610-para-laptop-de-14in-protector-anti-luz-azul-antibrillo-ngulo-de-visin-de-30-de-voltear-hacia-arriba-startech\/#breadcrumb"},"inLanguage":"es-MX","potentialAction":[{"@type":"ReadAction","target":["https:\/\/compuviper.mx\/tienda\/producto\/startech-com-14l61-privacy-screen-filtro-de-privacidad-tctil-1610-para-laptop-de-14in-protector-anti-luz-azul-antibrillo-ngulo-de-visin-de-30-de-voltear-hacia-arriba-startech\/"]}]},{"@type":"BreadcrumbList","@id":"https:\/\/compuviper.mx\/tienda\/producto\/startech-com-14l61-privacy-screen-filtro-de-privacidad-tctil-1610-para-laptop-de-14in-protector-anti-luz-azul-antibrillo-ngulo-de-visin-de-30-de-voltear-hacia-arriba-startech\/#breadcrumb","itemListElement":[{"@type":"ListItem","position":1,"name":"Inicio","item":"https:\/\/compuviper.mx\/tienda\/"},{"@type":"ListItem","position":2,"name":"Productos","item":"https:\/\/compuviper.mx\/tienda\/productos\/"},{"@type":"ListItem","position":3,"name":"Accesorios","item":"https:\/\/compuviper.mx\/tienda\/categoria-producto\/accesorios\/"},{"@type":"ListItem","position":4,"name":"Filtros","item":"https:\/\/compuviper.mx\/tienda\/categoria-producto\/accesorios\/filtros\/"},{"@type":"ListItem","position":5,"name":"Startech.com 14l61-privacy-screen Filtro De Privacidad T?ctil 16:10 Para Laptop De 14in &#8211; Protector &#8211; Anti Luz Azul &#8211; Antibrillo &#8211; ?ngulo De Visi?n De +\/-30? &#8211; De Voltear Hacia Arriba Startech"}]},{"@type":"WebSite","@id":"https:\/\/compuviper.mx\/tienda\/#website","url":"https:\/\/compuviper.mx\/tienda\/","name":"Compuviper","description":"Proveedor de Computadoras, Laptops, Servidores, Monitores, Puntos de Venta, Teclados,   Impresoras, T\u00f3ner, C\u00e1maras de Seguridad y m\u00e1s en tu tienda en l\u00ednea","publisher":{"@id":"https:\/\/compuviper.mx\/tienda\/#organization"},"potentialAction":[{"@type":"SearchAction","target":{"@type":"EntryPoint","urlTemplate":"https:\/\/compuviper.mx\/tienda\/?s={search_term_string}"},"query-input":"required name=search_term_string"}],"inLanguage":"es-MX"},{"@type":"Organization","@id":"https:\/\/compuviper.mx\/tienda\/#organization","name":"Compuviper","url":"https:\/\/compuviper.mx\/tienda\/","logo":{"@type":"ImageObject","inLanguage":"es-MX","@id":"https:\/\/compuviper.mx\/tienda\/#\/schema\/logo\/image\/","url":"https:\/\/compuviper.mx\/tienda\/wp-content\/uploads\/2021\/08\/Logo-Compuviper-10.png","contentUrl":"https:\/\/compuviper.mx\/tienda\/wp-content\/uploads\/2021\/08\/Logo-Compuviper-10.png","width":1000,"height":500,"caption":"Compuviper"},"image":{"@id":"https:\/\/compuviper.mx\/tienda\/#\/schema\/logo\/image\/"},"sameAs":["https:\/\/www.facebook.com\/compuviper","https:\/\/www.youtube.com\/channel\/UCf73dERp9Y3cfOq7q8BhLjA?view_as=subscriber"]}]},"product_brand":"STARTECH.COM","product_price_amount":"875","product_price_currency":"MXN","og_availability":"backorder","product_availability":"available for order","product_retailer_item_id":"14L61-PRIVACY-SCREEN","product_condition":"new"},"_links":{"self":[{"href":"https:\/\/compuviper.mx\/tienda\/wp-json\/wp\/v2\/product\/257551"}],"collection":[{"href":"https:\/\/compuviper.mx\/tienda\/wp-json\/wp\/v2\/product"}],"about":[{"href":"https:\/\/compuviper.mx\/tienda\/wp-json\/wp\/v2\/types\/product"}],"replies":[{"embeddable":true,"href":"https:\/\/compuviper.mx\/tienda\/wp-json\/wp\/v2\/comments?post=257551"}],"wp:featuredmedia":[{"embeddable":true,"href":"https:\/\/compuviper.mx\/tienda\/wp-json\/wp\/v2\/media\/258956"}],"wp:attachment":[{"href":"https:\/\/compuviper.mx\/tienda\/wp-json\/wp\/v2\/media?parent=257551"}],"wp:term":[{"taxonomy":"product_cat","embeddable":true,"href":"https:\/\/compuviper.mx\/tienda\/wp-json\/wp\/v2\/product_cat?post=257551"},{"taxonomy":"product_tag","embeddable":true,"href":"https:\/\/compuviper.mx\/tienda\/wp-json\/wp\/v2\/product_tag?post=257551"}],"curies":[{"name":"wp","href":"https:\/\/api.w.org\/{rel}","templated":true}]}}