{"id":257393,"date":"2026-04-15T23:15:55","date_gmt":"2026-04-16T05:15:55","guid":{"rendered":"https:\/\/compuviper.mx\/tienda\/producto\/lenovo-12qk0005ls-thinksmart-core-ip-controller-diseado-especficamente-para-salas-de-reuniones-con-microsoft-teams-rooms\/"},"modified":"2026-04-15T23:15:55","modified_gmt":"2026-04-16T05:15:55","slug":"lenovo-12qk0005ls-thinksmart-core-ip-controller-diseado-especficamente-para-salas-de-reuniones-con-microsoft-teams-rooms","status":"publish","type":"product","link":"https:\/\/compuviper.mx\/tienda\/producto\/lenovo-12qk0005ls-thinksmart-core-ip-controller-diseado-especficamente-para-salas-de-reuniones-con-microsoft-teams-rooms\/","title":{"rendered":"Lenovo 12qk0005ls Thinksmart Core +  Ip Controller, Dise?ado Espec?ficamente Para Salas De Reuniones Con Microsoft Teams Rooms."},"content":{"rendered":"<table class=\"descripcion\">\n<tr>\n<td>\u0095 procesador: intel core\u0099 i5-1145g7e vpro 4 ncleos, hasta 4.4 ghz<\/td>\n<\/tr>\n<tr>\n<td>\u0095 memoria ram: 16 gb ddr4 soldada, no ampliable<\/td>\n<\/tr>\n<tr>\n<td>\u0095 almacenamiento: ssd m.2 pcie nvme de 256 gb<\/td>\n<\/tr>\n<tr>\n<td>\u0095 grficos: intel iris xe integrados<\/td>\n<\/tr>\n<tr>\n<td>\u0095 sistema operativo: windows 11 iot enterprise<\/td>\n<\/tr>\n<tr>\n<td>\u0095 conectividad:<\/td>\n<\/tr>\n<tr>\n<td>\u0095 2  usb-c thunderbolt\u0099 4<\/td>\n<\/tr>\n<tr>\n<td>\u0095 2  usb-a 3.2 gen 2<\/td>\n<\/tr>\n<tr>\n<td>\u0095 1  hdmi 2.0<\/td>\n<\/tr>\n<tr>\n<td>\u0095 1  rj45 ethernet<\/td>\n<\/tr>\n<tr>\n<td>\u0095 wi-fi 6 y bluetooth\u00ae 5.1<\/td>\n<\/tr>\n<tr>\n<td>\u0095 seguridad:<\/td>\n<\/tr>\n<tr>\n<td>\u0095 tpm 2.0<\/td>\n<\/tr>\n<tr>\n<td>\u0095 compatible con intel vpro\u00ae<\/td>\n<\/tr>\n<tr>\n<td>\u0095 thinkshield para proteccin integral<\/td>\n<\/tr>\n<tr>\n<td> ip controller pantalla tctil de control<\/td>\n<\/tr>\n<tr>\n<td>\u0095 pantalla: 10.1 tctil ips, resolucin hd<\/td>\n<\/tr>\n<\/table>\n","protected":false},"excerpt":{"rendered":"<p>Este modelo es perfecto para empresas que desean modernizar sus espacios de trabajo con tecnologa confiable y fcil de implementar.<\/p>\n","protected":false},"featured_media":258955,"comment_status":"open","ping_status":"open","template":"","meta":[],"product_cat":[1485,2036],"product_tag":[1578],"acf":[],"yoast_head":"<!-- This site is optimized with the Yoast SEO plugin v21.7 - https:\/\/yoast.com\/wordpress\/plugins\/seo\/ -->\n<title>[ Lenovo ] &#129351; 12qk0005ls Thinksmart Core + Ip Controller, Dise\u00f1ado Espec\u00edficamente Para Salas De Reuniones Con Microsoft Teams Rooms.<\/title>\n<meta name=\"description\" content=\"Compra 12qk0005ls Thinksmart Core + Ip Controller, Dise\u00f1ado Espec\u00edficamente Para Salas De Reuniones Con Microsoft Teams Rooms. + Env\u00edo a domicilio + Pago seguro + Garant\u00eda\" \/>\n<meta name=\"robots\" content=\"index, follow, max-snippet:-1, max-image-preview:large, max-video-preview:-1\" \/>\n<link rel=\"canonical\" href=\"https:\/\/compuviper.mx\/tienda\/producto\/lenovo-12qk0005ls-thinksmart-core-ip-controller-diseado-especficamente-para-salas-de-reuniones-con-microsoft-teams-rooms\/\" \/>\n<meta property=\"og:locale\" content=\"es_MX\" \/>\n<meta property=\"og:type\" content=\"article\" \/>\n<meta property=\"og:title\" content=\"[ Lenovo ] &#129351; 12qk0005ls Thinksmart Core + Ip Controller, Dise\u00f1ado Espec\u00edficamente Para Salas De Reuniones Con Microsoft Teams Rooms.\" \/>\n<meta property=\"og:description\" content=\"Compra 12qk0005ls Thinksmart Core + Ip Controller, Dise\u00f1ado Espec\u00edficamente Para Salas De Reuniones Con Microsoft Teams Rooms. + Env\u00edo a domicilio + Pago seguro + Garant\u00eda\" \/>\n<meta property=\"og:url\" content=\"https:\/\/compuviper.mx\/tienda\/producto\/lenovo-12qk0005ls-thinksmart-core-ip-controller-diseado-especficamente-para-salas-de-reuniones-con-microsoft-teams-rooms\/\" \/>\n<meta property=\"og:site_name\" content=\"Compuviper\" \/>\n<meta property=\"article:publisher\" content=\"https:\/\/www.facebook.com\/compuviper\" \/>\n<meta property=\"og:image\" content=\"https:\/\/compuviper.mx\/tienda\/wp-content\/uploads\/2025\/10\/Thinksmart-core-lenovo-ip-controller-disenado-especificamente-para-salas-de-reuniones-con-microsoft-teams-rooms.jpg\" \/>\n\t<meta property=\"og:image:width\" content=\"200\" \/>\n\t<meta property=\"og:image:height\" content=\"200\" \/>\n\t<meta property=\"og:image:type\" content=\"image\/jpeg\" \/>\n<meta name=\"twitter:card\" content=\"summary_large_image\" \/>\n<meta name=\"twitter:label1\" content=\"Precio\" \/>\n\t<meta name=\"twitter:data1\" content=\"&#36;58,912 con IVA\" \/>\n\t<meta name=\"twitter:label2\" content=\"Availability\" \/>\n\t<meta name=\"twitter:data2\" content=\"On backorder\" \/>\n<script type=\"application\/ld+json\" class=\"yoast-schema-graph\">{\"@context\":\"https:\/\/schema.org\",\"@graph\":[{\"@type\":\"WebPage\",\"@id\":\"https:\/\/compuviper.mx\/tienda\/producto\/lenovo-12qk0005ls-thinksmart-core-ip-controller-diseado-especficamente-para-salas-de-reuniones-con-microsoft-teams-rooms\/\",\"url\":\"https:\/\/compuviper.mx\/tienda\/producto\/lenovo-12qk0005ls-thinksmart-core-ip-controller-diseado-especficamente-para-salas-de-reuniones-con-microsoft-teams-rooms\/\",\"name\":\"[ Lenovo ] &#129351; 12qk0005ls Thinksmart Core + Ip Controller, Dise\u00f1ado Espec\u00edficamente Para Salas De Reuniones Con Microsoft Teams Rooms.\",\"isPartOf\":{\"@id\":\"https:\/\/compuviper.mx\/tienda\/#website\"},\"datePublished\":\"2026-04-16T05:15:55+00:00\",\"dateModified\":\"2026-04-16T05:15:55+00:00\",\"description\":\"Compra 12qk0005ls Thinksmart Core + Ip Controller, Dise\u00f1ado Espec\u00edficamente Para Salas De Reuniones Con Microsoft Teams Rooms. + Env\u00edo a domicilio + Pago seguro + Garant\u00eda\",\"breadcrumb\":{\"@id\":\"https:\/\/compuviper.mx\/tienda\/producto\/lenovo-12qk0005ls-thinksmart-core-ip-controller-diseado-especficamente-para-salas-de-reuniones-con-microsoft-teams-rooms\/#breadcrumb\"},\"inLanguage\":\"es-MX\",\"potentialAction\":[{\"@type\":\"ReadAction\",\"target\":[\"https:\/\/compuviper.mx\/tienda\/producto\/lenovo-12qk0005ls-thinksmart-core-ip-controller-diseado-especficamente-para-salas-de-reuniones-con-microsoft-teams-rooms\/\"]}]},{\"@type\":\"BreadcrumbList\",\"@id\":\"https:\/\/compuviper.mx\/tienda\/producto\/lenovo-12qk0005ls-thinksmart-core-ip-controller-diseado-especficamente-para-salas-de-reuniones-con-microsoft-teams-rooms\/#breadcrumb\",\"itemListElement\":[{\"@type\":\"ListItem\",\"position\":1,\"name\":\"Inicio\",\"item\":\"https:\/\/compuviper.mx\/tienda\/\"},{\"@type\":\"ListItem\",\"position\":2,\"name\":\"Productos\",\"item\":\"https:\/\/compuviper.mx\/tienda\/productos\/\"},{\"@type\":\"ListItem\",\"position\":3,\"name\":\"Accesorios\",\"item\":\"https:\/\/compuviper.mx\/tienda\/categoria-producto\/accesorios\/\"},{\"@type\":\"ListItem\",\"position\":4,\"name\":\"Videoconferencia\",\"item\":\"https:\/\/compuviper.mx\/tienda\/categoria-producto\/accesorios\/videoconferencia-accesorios\/\"},{\"@type\":\"ListItem\",\"position\":5,\"name\":\"Lenovo 12qk0005ls Thinksmart Core + Ip Controller, Dise?ado Espec?ficamente Para Salas De Reuniones Con Microsoft Teams Rooms.\"}]},{\"@type\":\"WebSite\",\"@id\":\"https:\/\/compuviper.mx\/tienda\/#website\",\"url\":\"https:\/\/compuviper.mx\/tienda\/\",\"name\":\"Compuviper\",\"description\":\"Proveedor de Computadoras, Laptops, Servidores, Monitores, Puntos de Venta, Teclados,   Impresoras, T\u00f3ner, C\u00e1maras de Seguridad y m\u00e1s en tu tienda en l\u00ednea\",\"publisher\":{\"@id\":\"https:\/\/compuviper.mx\/tienda\/#organization\"},\"potentialAction\":[{\"@type\":\"SearchAction\",\"target\":{\"@type\":\"EntryPoint\",\"urlTemplate\":\"https:\/\/compuviper.mx\/tienda\/?s={search_term_string}\"},\"query-input\":\"required name=search_term_string\"}],\"inLanguage\":\"es-MX\"},{\"@type\":\"Organization\",\"@id\":\"https:\/\/compuviper.mx\/tienda\/#organization\",\"name\":\"Compuviper\",\"url\":\"https:\/\/compuviper.mx\/tienda\/\",\"logo\":{\"@type\":\"ImageObject\",\"inLanguage\":\"es-MX\",\"@id\":\"https:\/\/compuviper.mx\/tienda\/#\/schema\/logo\/image\/\",\"url\":\"https:\/\/compuviper.mx\/tienda\/wp-content\/uploads\/2021\/08\/Logo-Compuviper-10.png\",\"contentUrl\":\"https:\/\/compuviper.mx\/tienda\/wp-content\/uploads\/2021\/08\/Logo-Compuviper-10.png\",\"width\":1000,\"height\":500,\"caption\":\"Compuviper\"},\"image\":{\"@id\":\"https:\/\/compuviper.mx\/tienda\/#\/schema\/logo\/image\/\"},\"sameAs\":[\"https:\/\/www.facebook.com\/compuviper\",\"https:\/\/www.youtube.com\/channel\/UCf73dERp9Y3cfOq7q8BhLjA?view_as=subscriber\"]}]}<\/script>\n<meta property=\"product:brand\" content=\"LENOVO\" \/>\n<meta property=\"product:price:amount\" content=\"58912\" \/>\n<meta property=\"product:price:currency\" content=\"MXN\" \/>\n<meta property=\"og:availability\" content=\"backorder\" \/>\n<meta property=\"product:availability\" content=\"available for order\" \/>\n<meta property=\"product:retailer_item_id\" content=\"12QK0005LS\" \/>\n<meta property=\"product:condition\" content=\"new\" \/>\n<!-- \/ Yoast SEO plugin. -->","yoast_head_json":{"title":"[ Lenovo ] &#129351; 12qk0005ls Thinksmart Core + Ip Controller, Dise\u00f1ado Espec\u00edficamente Para Salas De Reuniones Con Microsoft Teams Rooms.","description":"Compra 12qk0005ls Thinksmart Core + Ip Controller, Dise\u00f1ado Espec\u00edficamente Para Salas De Reuniones Con Microsoft Teams Rooms. + Env\u00edo a domicilio + Pago seguro + Garant\u00eda","robots":{"index":"index","follow":"follow","max-snippet":"max-snippet:-1","max-image-preview":"max-image-preview:large","max-video-preview":"max-video-preview:-1"},"canonical":"https:\/\/compuviper.mx\/tienda\/producto\/lenovo-12qk0005ls-thinksmart-core-ip-controller-diseado-especficamente-para-salas-de-reuniones-con-microsoft-teams-rooms\/","og_locale":"es_MX","og_type":"article","og_title":"[ Lenovo ] &#129351; 12qk0005ls Thinksmart Core + Ip Controller, Dise\u00f1ado Espec\u00edficamente Para Salas De Reuniones Con Microsoft Teams Rooms.","og_description":"Compra 12qk0005ls Thinksmart Core + Ip Controller, Dise\u00f1ado Espec\u00edficamente Para Salas De Reuniones Con Microsoft Teams Rooms. + Env\u00edo a domicilio + Pago seguro + Garant\u00eda","og_url":"https:\/\/compuviper.mx\/tienda\/producto\/lenovo-12qk0005ls-thinksmart-core-ip-controller-diseado-especficamente-para-salas-de-reuniones-con-microsoft-teams-rooms\/","og_site_name":"Compuviper","article_publisher":"https:\/\/www.facebook.com\/compuviper","og_image":[{"width":200,"height":200,"url":"https:\/\/compuviper.mx\/tienda\/wp-content\/uploads\/2025\/10\/Thinksmart-core-lenovo-ip-controller-disenado-especificamente-para-salas-de-reuniones-con-microsoft-teams-rooms.jpg","type":"image\/jpeg"}],"twitter_card":"summary_large_image","twitter_misc":{"Precio":"&#36;58,912 con IVA","Availability":"On backorder"},"schema":{"@context":"https:\/\/schema.org","@graph":[{"@type":"WebPage","@id":"https:\/\/compuviper.mx\/tienda\/producto\/lenovo-12qk0005ls-thinksmart-core-ip-controller-diseado-especficamente-para-salas-de-reuniones-con-microsoft-teams-rooms\/","url":"https:\/\/compuviper.mx\/tienda\/producto\/lenovo-12qk0005ls-thinksmart-core-ip-controller-diseado-especficamente-para-salas-de-reuniones-con-microsoft-teams-rooms\/","name":"[ Lenovo ] &#129351; 12qk0005ls Thinksmart Core + Ip Controller, Dise\u00f1ado Espec\u00edficamente Para Salas De Reuniones Con Microsoft Teams Rooms.","isPartOf":{"@id":"https:\/\/compuviper.mx\/tienda\/#website"},"datePublished":"2026-04-16T05:15:55+00:00","dateModified":"2026-04-16T05:15:55+00:00","description":"Compra 12qk0005ls Thinksmart Core + Ip Controller, Dise\u00f1ado Espec\u00edficamente Para Salas De Reuniones Con Microsoft Teams Rooms. + Env\u00edo a domicilio + Pago seguro + Garant\u00eda","breadcrumb":{"@id":"https:\/\/compuviper.mx\/tienda\/producto\/lenovo-12qk0005ls-thinksmart-core-ip-controller-diseado-especficamente-para-salas-de-reuniones-con-microsoft-teams-rooms\/#breadcrumb"},"inLanguage":"es-MX","potentialAction":[{"@type":"ReadAction","target":["https:\/\/compuviper.mx\/tienda\/producto\/lenovo-12qk0005ls-thinksmart-core-ip-controller-diseado-especficamente-para-salas-de-reuniones-con-microsoft-teams-rooms\/"]}]},{"@type":"BreadcrumbList","@id":"https:\/\/compuviper.mx\/tienda\/producto\/lenovo-12qk0005ls-thinksmart-core-ip-controller-diseado-especficamente-para-salas-de-reuniones-con-microsoft-teams-rooms\/#breadcrumb","itemListElement":[{"@type":"ListItem","position":1,"name":"Inicio","item":"https:\/\/compuviper.mx\/tienda\/"},{"@type":"ListItem","position":2,"name":"Productos","item":"https:\/\/compuviper.mx\/tienda\/productos\/"},{"@type":"ListItem","position":3,"name":"Accesorios","item":"https:\/\/compuviper.mx\/tienda\/categoria-producto\/accesorios\/"},{"@type":"ListItem","position":4,"name":"Videoconferencia","item":"https:\/\/compuviper.mx\/tienda\/categoria-producto\/accesorios\/videoconferencia-accesorios\/"},{"@type":"ListItem","position":5,"name":"Lenovo 12qk0005ls Thinksmart Core + Ip Controller, Dise?ado Espec?ficamente Para Salas De Reuniones Con Microsoft Teams Rooms."}]},{"@type":"WebSite","@id":"https:\/\/compuviper.mx\/tienda\/#website","url":"https:\/\/compuviper.mx\/tienda\/","name":"Compuviper","description":"Proveedor de Computadoras, Laptops, Servidores, Monitores, Puntos de Venta, Teclados,   Impresoras, T\u00f3ner, C\u00e1maras de Seguridad y m\u00e1s en tu tienda en l\u00ednea","publisher":{"@id":"https:\/\/compuviper.mx\/tienda\/#organization"},"potentialAction":[{"@type":"SearchAction","target":{"@type":"EntryPoint","urlTemplate":"https:\/\/compuviper.mx\/tienda\/?s={search_term_string}"},"query-input":"required name=search_term_string"}],"inLanguage":"es-MX"},{"@type":"Organization","@id":"https:\/\/compuviper.mx\/tienda\/#organization","name":"Compuviper","url":"https:\/\/compuviper.mx\/tienda\/","logo":{"@type":"ImageObject","inLanguage":"es-MX","@id":"https:\/\/compuviper.mx\/tienda\/#\/schema\/logo\/image\/","url":"https:\/\/compuviper.mx\/tienda\/wp-content\/uploads\/2021\/08\/Logo-Compuviper-10.png","contentUrl":"https:\/\/compuviper.mx\/tienda\/wp-content\/uploads\/2021\/08\/Logo-Compuviper-10.png","width":1000,"height":500,"caption":"Compuviper"},"image":{"@id":"https:\/\/compuviper.mx\/tienda\/#\/schema\/logo\/image\/"},"sameAs":["https:\/\/www.facebook.com\/compuviper","https:\/\/www.youtube.com\/channel\/UCf73dERp9Y3cfOq7q8BhLjA?view_as=subscriber"]}]},"product_brand":"LENOVO","product_price_amount":"58912","product_price_currency":"MXN","og_availability":"backorder","product_availability":"available for order","product_retailer_item_id":"12QK0005LS","product_condition":"new"},"_links":{"self":[{"href":"https:\/\/compuviper.mx\/tienda\/wp-json\/wp\/v2\/product\/257393"}],"collection":[{"href":"https:\/\/compuviper.mx\/tienda\/wp-json\/wp\/v2\/product"}],"about":[{"href":"https:\/\/compuviper.mx\/tienda\/wp-json\/wp\/v2\/types\/product"}],"replies":[{"embeddable":true,"href":"https:\/\/compuviper.mx\/tienda\/wp-json\/wp\/v2\/comments?post=257393"}],"wp:featuredmedia":[{"embeddable":true,"href":"https:\/\/compuviper.mx\/tienda\/wp-json\/wp\/v2\/media\/258955"}],"wp:attachment":[{"href":"https:\/\/compuviper.mx\/tienda\/wp-json\/wp\/v2\/media?parent=257393"}],"wp:term":[{"taxonomy":"product_cat","embeddable":true,"href":"https:\/\/compuviper.mx\/tienda\/wp-json\/wp\/v2\/product_cat?post=257393"},{"taxonomy":"product_tag","embeddable":true,"href":"https:\/\/compuviper.mx\/tienda\/wp-json\/wp\/v2\/product_tag?post=257393"}],"curies":[{"name":"wp","href":"https:\/\/api.w.org\/{rel}","templated":true}]}}