{"id":257364,"date":"2026-04-02T23:18:20","date_gmt":"2026-04-03T05:18:20","guid":{"rendered":"https:\/\/compuviper.mx\/tienda\/producto\/dell-y8ppm-todo-en-uno-aio-24-ec24250-intel-core-i5-1340u-16gb-2x8gb-512gb-ssd-23-8-pulgadas-fhd-touch-win-11-home-hdmi-rj45-white-1-year-carry-in-service-sns-la\/"},"modified":"2026-04-02T23:18:21","modified_gmt":"2026-04-03T05:18:21","slug":"dell-y8ppm-todo-en-uno-aio-24-ec24250-intel-core-i5-1340u-16gb-2x8gb-512gb-ssd-23-8-pulgadas-fhd-touch-win-11-home-hdmi-rj45-white-1-year-carry-in-service-sns-la","status":"publish","type":"product","link":"https:\/\/compuviper.mx\/tienda\/producto\/dell-y8ppm-todo-en-uno-aio-24-ec24250-intel-core-i5-1340u-16gb-2x8gb-512gb-ssd-23-8-pulgadas-fhd-touch-win-11-home-hdmi-rj45-white-1-year-carry-in-service-sns-la\/","title":{"rendered":"Dell Y8ppm Todo En Uno Aio  24 Ec24250 | Intel Core I5-1340u | 16gb (2x8gb) , 512gb Ssd | 23.8 Pulgadas Fhd Touch | Win 11 Home | Hdmi, Rj45  | White | 1 Year Carry-in Service Sns-la |"},"content":{"rendered":"<table class=\"descripcion\">\n<tr>\n<td>Modelo: dell 24 aio ec24250<\/td>\n<\/tr>\n<tr>\n<td>Procesador: intel\u00ae core\u0099 i5-1334u (12 mb cach\u00e9, 10 n\u00facleos, 12 subprocesos, hasta 4.60 ghz)<\/td>\n<\/tr>\n<tr>\n<td>Memoria: 16 gb (2x 8 gb, ddr5, 5200 mt\/s)<\/td>\n<\/tr>\n<tr>\n<td>Almacenamiento: 512 gb, qlc m.2 ssd (cl25)<\/td>\n<\/tr>\n<tr>\n<td>Gr\u00e1ficos: intel\u00ae iris\u00ae xe graphics<\/td>\n<\/tr>\n<tr>\n<td>Pantalla: 23.8\u0094, t\u00e1ctil, fhd, anti-reflejante<\/td>\n<\/tr>\n<tr>\n<td>Sistema operativo: windows 11 home, single language<\/td>\n<\/tr>\n<tr>\n<td>C\u00e1mara: c\u00e1mara web infrarroja<\/td>\n<\/tr>\n<tr>\n<td>Conectividad inal\u00e1mbrica: intel\u00ae wi-fi 6e ax211, 2&#215;2, 802.11ax, bluetooth\u00ae<\/td>\n<\/tr>\n<tr>\n<td>Puertos usb: (1) usb 3.2 type-c\u00ae gen 2 (10 gbps) port, (3) usb 3.2 gen 1 (5 gbps) ports with wake-up support (s3\/modern standby)<\/td>\n<\/tr>\n<tr>\n<td>Puerto hdmi: (1) hdmi-in 1.4, (1) hdmi-out 1.4b<\/td>\n<\/tr>\n<tr>\n<td>Teclado y mouse: teclado y mouse incluidos (teclado dell pro keyboard and mouse &#8211; km5221w &#8211; espa\u00f1ol &#8211; blanco)<\/td>\n<\/tr>\n<tr>\n<td>Color: blanco<\/td>\n<\/tr>\n<tr>\n<td>Fuente de alimentaci\u00f3n: e4 90w adapter<\/td>\n<\/tr>\n<tr>\n<td>Garant\u00eda: 1 year carry-in service sns-la<\/td>\n<\/tr>\n<tr>\n<td>N\u00famero de pieza del proveedor: y8ppm<\/td>\n<\/tr>\n<\/table>\n","protected":false},"excerpt":{"rendered":"<p>Equipo todo en uno dell 24 aio ec24250 &#8211; rendimiento y estilo en un solo lugar. Descubre el poder y la elegancia del dell 24 aio ec24250, una soluci\u00f3n completa para tu hogar u oficina. Equipado con un procesador intel\u00ae core\u0099 i5 de 13.\u00aa generaci\u00f3n y 16 gb de memoria ddr5, este todo en uno garantiza un rendimiento fluido y eficiente para todas tus tareas. Su pantalla t\u00e1ctil de 23.8 pulgadas con resoluci\u00f3n fhd y tecnolog\u00eda anti-reflejante te ofrece una experiencia visual impresionante. La c\u00e1mara web infrarroja y el sistema operativo windows 11 home te permiten conectarte y trabajar con facilidad. Con un disco duro ssd de 512 gb, tienes espacio suficiente para tus archivos m\u00e1s importantes. Adem\u00e1s, su conectividad wi-fi 6e y bluetooth\u00ae te mantienen siempre conectado. El dise\u00f1o elegante y en color blanco se adapta a cualquier espacio, haci\u00e9ndolo el complemento perfecto para tu escritorio.<\/p>\n","protected":false},"featured_media":260522,"comment_status":"open","ping_status":"open","template":"","meta":[],"product_cat":[1977,1971],"product_tag":[1537],"acf":[],"yoast_head":"<!-- This site is optimized with the Yoast SEO plugin v21.7 - https:\/\/yoast.com\/wordpress\/plugins\/seo\/ -->\n<title>[ Dell ] &#129351; Y8ppm Todo En Uno Aio 24 Ec24250 | Intel Core I5-1340u | 16gb (2x8gb) , 512gb Ssd | 23.8 Pulgadas Fhd Touch | Win 11 Home | Hdmi, Rj45 | White | 1 Year Carry-in Service Sns-la |<\/title>\n<meta name=\"description\" content=\"Compra Y8ppm Todo En Uno Aio 24 Ec24250 | Intel Core I5-1340u | 16gb (2x8gb) , 512gb Ssd | 23.8 Pulgadas Fhd Touch | Win 11 Home | Hdmi, Rj45 | White | 1 Year Carry-in Service Sns-la | + Env\u00edo a domicilio + Pago seguro + Garant\u00eda\" \/>\n<meta name=\"robots\" content=\"index, follow, max-snippet:-1, max-image-preview:large, max-video-preview:-1\" \/>\n<link rel=\"canonical\" href=\"https:\/\/compuviper.mx\/tienda\/producto\/dell-y8ppm-todo-en-uno-aio-24-ec24250-intel-core-i5-1340u-16gb-2x8gb-512gb-ssd-23-8-pulgadas-fhd-touch-win-11-home-hdmi-rj45-white-1-year-carry-in-service-sns-la\/\" \/>\n<meta property=\"og:locale\" content=\"es_MX\" \/>\n<meta property=\"og:type\" content=\"article\" \/>\n<meta property=\"og:title\" content=\"[ Dell ] &#129351; Y8ppm Todo En Uno Aio 24 Ec24250 | Intel Core I5-1340u | 16gb (2x8gb) , 512gb Ssd | 23.8 Pulgadas Fhd Touch | Win 11 Home | Hdmi, Rj45 | White | 1 Year Carry-in Service Sns-la |\" \/>\n<meta property=\"og:description\" content=\"Compra Y8ppm Todo En Uno Aio 24 Ec24250 | Intel Core I5-1340u | 16gb (2x8gb) , 512gb Ssd | 23.8 Pulgadas Fhd Touch | Win 11 Home | Hdmi, Rj45 | White | 1 Year Carry-in Service Sns-la | + Env\u00edo a domicilio + Pago seguro + Garant\u00eda\" \/>\n<meta property=\"og:url\" content=\"https:\/\/compuviper.mx\/tienda\/producto\/dell-y8ppm-todo-en-uno-aio-24-ec24250-intel-core-i5-1340u-16gb-2x8gb-512gb-ssd-23-8-pulgadas-fhd-touch-win-11-home-hdmi-rj45-white-1-year-carry-in-service-sns-la\/\" \/>\n<meta property=\"og:site_name\" content=\"Compuviper\" \/>\n<meta property=\"article:publisher\" content=\"https:\/\/www.facebook.com\/compuviper\" \/>\n<meta property=\"article:modified_time\" content=\"2026-04-03T05:18:21+00:00\" \/>\n<meta property=\"og:image\" content=\"https:\/\/compuviper.mx\/tienda\/wp-content\/uploads\/2025\/10\/Todo-en-uno-aio-dell-24-ec24250-intel-core-i5-1340u-16gb-2x8gb-512gb-ssd-23.8-pulgadas-fhd-touch-win-11-home-hdmi-rj45-white-1-year-carry-in-service-sns-la-y8ppm.jpg\" \/>\n\t<meta property=\"og:image:width\" content=\"200\" \/>\n\t<meta property=\"og:image:height\" content=\"200\" \/>\n\t<meta property=\"og:image:type\" content=\"image\/jpeg\" \/>\n<meta name=\"twitter:card\" content=\"summary_large_image\" \/>\n<meta name=\"twitter:label1\" content=\"Precio\" \/>\n\t<meta name=\"twitter:data1\" content=\"&#36;21,143 &#36;18,995 con IVA\" \/>\n\t<meta name=\"twitter:label2\" content=\"Availability\" \/>\n\t<meta name=\"twitter:data2\" content=\"Out of stock\" \/>\n<script type=\"application\/ld+json\" class=\"yoast-schema-graph\">{\"@context\":\"https:\/\/schema.org\",\"@graph\":[{\"@type\":\"WebPage\",\"@id\":\"https:\/\/compuviper.mx\/tienda\/producto\/dell-y8ppm-todo-en-uno-aio-24-ec24250-intel-core-i5-1340u-16gb-2x8gb-512gb-ssd-23-8-pulgadas-fhd-touch-win-11-home-hdmi-rj45-white-1-year-carry-in-service-sns-la\/\",\"url\":\"https:\/\/compuviper.mx\/tienda\/producto\/dell-y8ppm-todo-en-uno-aio-24-ec24250-intel-core-i5-1340u-16gb-2x8gb-512gb-ssd-23-8-pulgadas-fhd-touch-win-11-home-hdmi-rj45-white-1-year-carry-in-service-sns-la\/\",\"name\":\"[ Dell ] &#129351; Y8ppm Todo En Uno Aio 24 Ec24250 | Intel Core I5-1340u | 16gb (2x8gb) , 512gb Ssd | 23.8 Pulgadas Fhd Touch | Win 11 Home | Hdmi, Rj45 | White | 1 Year Carry-in Service Sns-la |\",\"isPartOf\":{\"@id\":\"https:\/\/compuviper.mx\/tienda\/#website\"},\"datePublished\":\"2026-04-03T05:18:20+00:00\",\"dateModified\":\"2026-04-03T05:18:21+00:00\",\"description\":\"Compra Y8ppm Todo En Uno Aio 24 Ec24250 | Intel Core I5-1340u | 16gb (2x8gb) , 512gb Ssd | 23.8 Pulgadas Fhd Touch | Win 11 Home | Hdmi, Rj45 | White | 1 Year Carry-in Service Sns-la | + Env\u00edo a domicilio + Pago seguro + Garant\u00eda\",\"breadcrumb\":{\"@id\":\"https:\/\/compuviper.mx\/tienda\/producto\/dell-y8ppm-todo-en-uno-aio-24-ec24250-intel-core-i5-1340u-16gb-2x8gb-512gb-ssd-23-8-pulgadas-fhd-touch-win-11-home-hdmi-rj45-white-1-year-carry-in-service-sns-la\/#breadcrumb\"},\"inLanguage\":\"es-MX\",\"potentialAction\":[{\"@type\":\"ReadAction\",\"target\":[\"https:\/\/compuviper.mx\/tienda\/producto\/dell-y8ppm-todo-en-uno-aio-24-ec24250-intel-core-i5-1340u-16gb-2x8gb-512gb-ssd-23-8-pulgadas-fhd-touch-win-11-home-hdmi-rj45-white-1-year-carry-in-service-sns-la\/\"]}]},{\"@type\":\"BreadcrumbList\",\"@id\":\"https:\/\/compuviper.mx\/tienda\/producto\/dell-y8ppm-todo-en-uno-aio-24-ec24250-intel-core-i5-1340u-16gb-2x8gb-512gb-ssd-23-8-pulgadas-fhd-touch-win-11-home-hdmi-rj45-white-1-year-carry-in-service-sns-la\/#breadcrumb\",\"itemListElement\":[{\"@type\":\"ListItem\",\"position\":1,\"name\":\"Inicio\",\"item\":\"https:\/\/compuviper.mx\/tienda\/\"},{\"@type\":\"ListItem\",\"position\":2,\"name\":\"Productos\",\"item\":\"https:\/\/compuviper.mx\/tienda\/productos\/\"},{\"@type\":\"ListItem\",\"position\":3,\"name\":\"Computadoras\",\"item\":\"https:\/\/compuviper.mx\/tienda\/categoria-producto\/computadoras\/\"},{\"@type\":\"ListItem\",\"position\":4,\"name\":\"All In One\",\"item\":\"https:\/\/compuviper.mx\/tienda\/categoria-producto\/computadoras\/all-in-one-computadoras\/\"},{\"@type\":\"ListItem\",\"position\":5,\"name\":\"Dell Y8ppm Todo En Uno Aio 24 Ec24250 | Intel Core I5-1340u | 16gb (2x8gb) , 512gb Ssd | 23.8 Pulgadas Fhd Touch | Win 11 Home | Hdmi, Rj45 | White | 1 Year Carry-in Service Sns-la |\"}]},{\"@type\":\"WebSite\",\"@id\":\"https:\/\/compuviper.mx\/tienda\/#website\",\"url\":\"https:\/\/compuviper.mx\/tienda\/\",\"name\":\"Compuviper\",\"description\":\"Proveedor de Computadoras, Laptops, Servidores, Monitores, Puntos de Venta, Teclados,   Impresoras, T\u00f3ner, C\u00e1maras de Seguridad y m\u00e1s en tu tienda en l\u00ednea\",\"publisher\":{\"@id\":\"https:\/\/compuviper.mx\/tienda\/#organization\"},\"potentialAction\":[{\"@type\":\"SearchAction\",\"target\":{\"@type\":\"EntryPoint\",\"urlTemplate\":\"https:\/\/compuviper.mx\/tienda\/?s={search_term_string}\"},\"query-input\":\"required name=search_term_string\"}],\"inLanguage\":\"es-MX\"},{\"@type\":\"Organization\",\"@id\":\"https:\/\/compuviper.mx\/tienda\/#organization\",\"name\":\"Compuviper\",\"url\":\"https:\/\/compuviper.mx\/tienda\/\",\"logo\":{\"@type\":\"ImageObject\",\"inLanguage\":\"es-MX\",\"@id\":\"https:\/\/compuviper.mx\/tienda\/#\/schema\/logo\/image\/\",\"url\":\"https:\/\/compuviper.mx\/tienda\/wp-content\/uploads\/2021\/08\/Logo-Compuviper-10.png\",\"contentUrl\":\"https:\/\/compuviper.mx\/tienda\/wp-content\/uploads\/2021\/08\/Logo-Compuviper-10.png\",\"width\":1000,\"height\":500,\"caption\":\"Compuviper\"},\"image\":{\"@id\":\"https:\/\/compuviper.mx\/tienda\/#\/schema\/logo\/image\/\"},\"sameAs\":[\"https:\/\/www.facebook.com\/compuviper\",\"https:\/\/www.youtube.com\/channel\/UCf73dERp9Y3cfOq7q8BhLjA?view_as=subscriber\"]}]}<\/script>\n<meta property=\"product:brand\" content=\"DELL\" \/>\n<meta property=\"product:price:amount\" content=\"18995\" \/>\n<meta property=\"product:price:currency\" content=\"MXN\" \/>\n<meta property=\"og:availability\" content=\"out of stock\" \/>\n<meta property=\"product:availability\" content=\"out of stock\" \/>\n<meta property=\"product:retailer_item_id\" content=\"Y8PPM\" \/>\n<meta property=\"product:condition\" content=\"new\" \/>\n<!-- \/ Yoast SEO plugin. -->","yoast_head_json":{"title":"[ Dell ] &#129351; Y8ppm Todo En Uno Aio 24 Ec24250 | Intel Core I5-1340u | 16gb (2x8gb) , 512gb Ssd | 23.8 Pulgadas Fhd Touch | Win 11 Home | Hdmi, Rj45 | White | 1 Year Carry-in Service Sns-la |","description":"Compra Y8ppm Todo En Uno Aio 24 Ec24250 | Intel Core I5-1340u | 16gb (2x8gb) , 512gb Ssd | 23.8 Pulgadas Fhd Touch | Win 11 Home | Hdmi, Rj45 | White | 1 Year Carry-in Service Sns-la | + Env\u00edo a domicilio + Pago seguro + Garant\u00eda","robots":{"index":"index","follow":"follow","max-snippet":"max-snippet:-1","max-image-preview":"max-image-preview:large","max-video-preview":"max-video-preview:-1"},"canonical":"https:\/\/compuviper.mx\/tienda\/producto\/dell-y8ppm-todo-en-uno-aio-24-ec24250-intel-core-i5-1340u-16gb-2x8gb-512gb-ssd-23-8-pulgadas-fhd-touch-win-11-home-hdmi-rj45-white-1-year-carry-in-service-sns-la\/","og_locale":"es_MX","og_type":"article","og_title":"[ Dell ] &#129351; Y8ppm Todo En Uno Aio 24 Ec24250 | Intel Core I5-1340u | 16gb (2x8gb) , 512gb Ssd | 23.8 Pulgadas Fhd Touch | Win 11 Home | Hdmi, Rj45 | White | 1 Year Carry-in Service Sns-la |","og_description":"Compra Y8ppm Todo En Uno Aio 24 Ec24250 | Intel Core I5-1340u | 16gb (2x8gb) , 512gb Ssd | 23.8 Pulgadas Fhd Touch | Win 11 Home | Hdmi, Rj45 | White | 1 Year Carry-in Service Sns-la | + Env\u00edo a domicilio + Pago seguro + Garant\u00eda","og_url":"https:\/\/compuviper.mx\/tienda\/producto\/dell-y8ppm-todo-en-uno-aio-24-ec24250-intel-core-i5-1340u-16gb-2x8gb-512gb-ssd-23-8-pulgadas-fhd-touch-win-11-home-hdmi-rj45-white-1-year-carry-in-service-sns-la\/","og_site_name":"Compuviper","article_publisher":"https:\/\/www.facebook.com\/compuviper","article_modified_time":"2026-04-03T05:18:21+00:00","og_image":[{"width":200,"height":200,"url":"https:\/\/compuviper.mx\/tienda\/wp-content\/uploads\/2025\/10\/Todo-en-uno-aio-dell-24-ec24250-intel-core-i5-1340u-16gb-2x8gb-512gb-ssd-23.8-pulgadas-fhd-touch-win-11-home-hdmi-rj45-white-1-year-carry-in-service-sns-la-y8ppm.jpg","type":"image\/jpeg"}],"twitter_card":"summary_large_image","twitter_misc":{"Precio":"&#36;21,143 &#36;18,995 con IVA","Availability":"Out of stock"},"schema":{"@context":"https:\/\/schema.org","@graph":[{"@type":"WebPage","@id":"https:\/\/compuviper.mx\/tienda\/producto\/dell-y8ppm-todo-en-uno-aio-24-ec24250-intel-core-i5-1340u-16gb-2x8gb-512gb-ssd-23-8-pulgadas-fhd-touch-win-11-home-hdmi-rj45-white-1-year-carry-in-service-sns-la\/","url":"https:\/\/compuviper.mx\/tienda\/producto\/dell-y8ppm-todo-en-uno-aio-24-ec24250-intel-core-i5-1340u-16gb-2x8gb-512gb-ssd-23-8-pulgadas-fhd-touch-win-11-home-hdmi-rj45-white-1-year-carry-in-service-sns-la\/","name":"[ Dell ] &#129351; Y8ppm Todo En Uno Aio 24 Ec24250 | Intel Core I5-1340u | 16gb (2x8gb) , 512gb Ssd | 23.8 Pulgadas Fhd Touch | Win 11 Home | Hdmi, Rj45 | White | 1 Year Carry-in Service Sns-la |","isPartOf":{"@id":"https:\/\/compuviper.mx\/tienda\/#website"},"datePublished":"2026-04-03T05:18:20+00:00","dateModified":"2026-04-03T05:18:21+00:00","description":"Compra Y8ppm Todo En Uno Aio 24 Ec24250 | Intel Core I5-1340u | 16gb (2x8gb) , 512gb Ssd | 23.8 Pulgadas Fhd Touch | Win 11 Home | Hdmi, Rj45 | White | 1 Year Carry-in Service Sns-la | + Env\u00edo a domicilio + Pago seguro + Garant\u00eda","breadcrumb":{"@id":"https:\/\/compuviper.mx\/tienda\/producto\/dell-y8ppm-todo-en-uno-aio-24-ec24250-intel-core-i5-1340u-16gb-2x8gb-512gb-ssd-23-8-pulgadas-fhd-touch-win-11-home-hdmi-rj45-white-1-year-carry-in-service-sns-la\/#breadcrumb"},"inLanguage":"es-MX","potentialAction":[{"@type":"ReadAction","target":["https:\/\/compuviper.mx\/tienda\/producto\/dell-y8ppm-todo-en-uno-aio-24-ec24250-intel-core-i5-1340u-16gb-2x8gb-512gb-ssd-23-8-pulgadas-fhd-touch-win-11-home-hdmi-rj45-white-1-year-carry-in-service-sns-la\/"]}]},{"@type":"BreadcrumbList","@id":"https:\/\/compuviper.mx\/tienda\/producto\/dell-y8ppm-todo-en-uno-aio-24-ec24250-intel-core-i5-1340u-16gb-2x8gb-512gb-ssd-23-8-pulgadas-fhd-touch-win-11-home-hdmi-rj45-white-1-year-carry-in-service-sns-la\/#breadcrumb","itemListElement":[{"@type":"ListItem","position":1,"name":"Inicio","item":"https:\/\/compuviper.mx\/tienda\/"},{"@type":"ListItem","position":2,"name":"Productos","item":"https:\/\/compuviper.mx\/tienda\/productos\/"},{"@type":"ListItem","position":3,"name":"Computadoras","item":"https:\/\/compuviper.mx\/tienda\/categoria-producto\/computadoras\/"},{"@type":"ListItem","position":4,"name":"All In One","item":"https:\/\/compuviper.mx\/tienda\/categoria-producto\/computadoras\/all-in-one-computadoras\/"},{"@type":"ListItem","position":5,"name":"Dell Y8ppm Todo En Uno Aio 24 Ec24250 | Intel Core I5-1340u | 16gb (2x8gb) , 512gb Ssd | 23.8 Pulgadas Fhd Touch | Win 11 Home | Hdmi, Rj45 | White | 1 Year Carry-in Service Sns-la |"}]},{"@type":"WebSite","@id":"https:\/\/compuviper.mx\/tienda\/#website","url":"https:\/\/compuviper.mx\/tienda\/","name":"Compuviper","description":"Proveedor de Computadoras, Laptops, Servidores, Monitores, Puntos de Venta, Teclados,   Impresoras, T\u00f3ner, C\u00e1maras de Seguridad y m\u00e1s en tu tienda en l\u00ednea","publisher":{"@id":"https:\/\/compuviper.mx\/tienda\/#organization"},"potentialAction":[{"@type":"SearchAction","target":{"@type":"EntryPoint","urlTemplate":"https:\/\/compuviper.mx\/tienda\/?s={search_term_string}"},"query-input":"required name=search_term_string"}],"inLanguage":"es-MX"},{"@type":"Organization","@id":"https:\/\/compuviper.mx\/tienda\/#organization","name":"Compuviper","url":"https:\/\/compuviper.mx\/tienda\/","logo":{"@type":"ImageObject","inLanguage":"es-MX","@id":"https:\/\/compuviper.mx\/tienda\/#\/schema\/logo\/image\/","url":"https:\/\/compuviper.mx\/tienda\/wp-content\/uploads\/2021\/08\/Logo-Compuviper-10.png","contentUrl":"https:\/\/compuviper.mx\/tienda\/wp-content\/uploads\/2021\/08\/Logo-Compuviper-10.png","width":1000,"height":500,"caption":"Compuviper"},"image":{"@id":"https:\/\/compuviper.mx\/tienda\/#\/schema\/logo\/image\/"},"sameAs":["https:\/\/www.facebook.com\/compuviper","https:\/\/www.youtube.com\/channel\/UCf73dERp9Y3cfOq7q8BhLjA?view_as=subscriber"]}]},"product_brand":"DELL","product_price_amount":"18995","product_price_currency":"MXN","og_availability":"out of stock","product_availability":"out of stock","product_retailer_item_id":"Y8PPM","product_condition":"new"},"_links":{"self":[{"href":"https:\/\/compuviper.mx\/tienda\/wp-json\/wp\/v2\/product\/257364"}],"collection":[{"href":"https:\/\/compuviper.mx\/tienda\/wp-json\/wp\/v2\/product"}],"about":[{"href":"https:\/\/compuviper.mx\/tienda\/wp-json\/wp\/v2\/types\/product"}],"replies":[{"embeddable":true,"href":"https:\/\/compuviper.mx\/tienda\/wp-json\/wp\/v2\/comments?post=257364"}],"wp:featuredmedia":[{"embeddable":true,"href":"https:\/\/compuviper.mx\/tienda\/wp-json\/wp\/v2\/media\/260522"}],"wp:attachment":[{"href":"https:\/\/compuviper.mx\/tienda\/wp-json\/wp\/v2\/media?parent=257364"}],"wp:term":[{"taxonomy":"product_cat","embeddable":true,"href":"https:\/\/compuviper.mx\/tienda\/wp-json\/wp\/v2\/product_cat?post=257364"},{"taxonomy":"product_tag","embeddable":true,"href":"https:\/\/compuviper.mx\/tienda\/wp-json\/wp\/v2\/product_tag?post=257364"}],"curies":[{"name":"wp","href":"https:\/\/api.w.org\/{rel}","templated":true}]}}