{"id":257171,"date":"2026-04-17T02:30:15","date_gmt":"2026-04-17T08:30:15","guid":{"rendered":"https:\/\/compuviper.mx\/tienda\/producto\/logitech-952-000094-controlador-tactil-tap-scheduler-panel-de-programacion-y-reservador-para-salas-de-videoconferencia-blanco\/"},"modified":"2026-04-17T02:30:16","modified_gmt":"2026-04-17T08:30:16","slug":"logitech-952-000094-controlador-tactil-tap-scheduler-panel-de-programacion-y-reservador-para-salas-de-videoconferencia-blanco","status":"publish","type":"product","link":"https:\/\/compuviper.mx\/tienda\/producto\/logitech-952-000094-controlador-tactil-tap-scheduler-panel-de-programacion-y-reservador-para-salas-de-videoconferencia-blanco\/","title":{"rendered":"Logitech 952-000094 Controlador Tactil  Tap Scheduler Panel De Programacion Y Reservador Para Salas De Videoconferencia Blanco"},"content":{"rendered":"<table class=\"descripcion\">\n<tr>\n<td>Dimensiones<\/td>\n<\/tr>\n<tr>\n<td>Solo dispositivo<\/td>\n<\/tr>\n<tr>\n<td>Altura: 165 mm<\/td>\n<\/tr>\n<tr>\n<td>Ancho: 246,2 mm<\/td>\n<\/tr>\n<tr>\n<td>Profundidad: 28,5 mm<\/td>\n<\/tr>\n<tr>\n<td>Peso: 0,7 kg<\/td>\n<\/tr>\n<tr>\n<td>Montada en superficie<\/td>\n<\/tr>\n<tr>\n<td>Altura: 165 mm<\/td>\n<\/tr>\n<tr>\n<td>Ancho: 246,2 mm<\/td>\n<\/tr>\n<tr>\n<td>Profundidad: 31,4 mm<\/td>\n<\/tr>\n<tr>\n<td>Montada en parteluz<\/td>\n<\/tr>\n<tr>\n<td>Altura: 165 mm<\/td>\n<\/tr>\n<tr>\n<td>Ancho: 292,6 mm<\/td>\n<\/tr>\n<tr>\n<td>Profundidad: 44,5 mm<\/td>\n<\/tr>\n<tr>\n<td>Especificaciones tecnicas<\/td>\n<\/tr>\n<tr>\n<td>Pantalla<\/td>\n<\/tr>\n<tr>\n<td>Tamano: 10,1\u0094 en diagonal<\/td>\n<\/tr>\n<tr>\n<td>Ips (conmutacion en el plano)<\/td>\n<\/tr>\n<tr>\n<td>Panel lcd con retroiluminacion led<\/td>\n<\/tr>\n<tr>\n<td>Resolucion: resolucion de 1280 x 800<\/td>\n<\/tr>\n<tr>\n<td>Tactil: capacitiva, multitactil de 10 puntos<\/td>\n<\/tr>\n<tr>\n<td>Brillo: 400 nits<\/td>\n<\/tr>\n<tr>\n<td>Contraste: 1000:1<\/td>\n<\/tr>\n<tr>\n<td>Antihuellas: cubierta oleofobica<\/td>\n<\/tr>\n<tr>\n<td>Angulo de vision: 85 grados (ar\/ab\/i\/d)<\/td>\n<\/tr>\n<tr>\n<td>Angulo de posicion: 0 grados (plano sobre la superficie de montaje)<\/td>\n<\/tr>\n<tr>\n<td>Especificaciones generales<\/td>\n<\/tr>\n<tr>\n<td>Acelerometro integrado<\/td>\n<\/tr>\n<tr>\n<td>Sensor de luz ambiental integrado<\/td>\n<\/tr>\n<tr>\n<td>Fdmi vesa de 100 mm x 100 mm<\/td>\n<\/tr>\n<tr>\n<td>Salidas de cables: horizontal\/vertical\/central<\/td>\n<\/tr>\n<tr>\n<td>Compatibilidad y certificaciones<\/td>\n<\/tr>\n<tr>\n<td>Logitech tap scheduler se integra con las principales soluciones de programacion de salas como<\/td>\n<\/tr>\n<tr>\n<td>Reserva de salas de logitech<\/td>\n<\/tr>\n<tr>\n<td>Microsoft teams panel<\/td>\n<\/tr>\n<tr>\n<td>Zoom rooms scheduling display<\/td>\n<\/tr>\n<tr>\n<td>Panel de programacion basado en robin<\/td>\n<\/tr>\n<tr>\n<td>Appspace<\/td>\n<\/tr>\n<tr>\n<td>Espacios ricoh<\/td>\n<\/tr>\n<tr>\n<td>Envoy rooms<\/td>\n<\/tr>\n<tr>\n<td>Reservas de korbyt<\/td>\n<\/tr>\n<tr>\n<td>Comeen<\/td>\n<\/tr>\n<tr>\n<td>Consulta www.logitech.com\/support\/tap-scheduler-compatibility para obtener la informacion mas reciente sobre certificacion y compatibilidad.<\/td>\n<\/tr>\n<tr>\n<td>Plataforma logitech collabos<\/td>\n<\/tr>\n<tr>\n<td>Administracion remota con logitech sync<\/td>\n<\/tr>\n<tr>\n<td>Alimentaci\u00f3n y cables<\/td>\n<\/tr>\n<tr>\n<td>Alimentaci\u00f3n a traves de ethernet (poe), ieee 802.3af tipo 1, dispositivo de clase 3.<\/td>\n<\/tr>\n<tr>\n<td>*requiere red habilitada para poe o inyector poe y cable ethernet (no incluido)<\/td>\n<\/tr>\n<tr>\n<td>Puertos e interfaces<\/td>\n<\/tr>\n<tr>\n<td>Ethernet: 10\/100 mbps<\/td>\n<\/tr>\n<tr>\n<td>Wifi: 802.11a\/b\/g\/n\/ac\/ax<\/td>\n<\/tr>\n<tr>\n<td>Bluetooth 5.0 (inactivo, reservado para uso futuro)<\/td>\n<\/tr>\n<tr>\n<td>Medioambiente<\/td>\n<\/tr>\n<tr>\n<td>Temperatura de funcionamiento: de 0 \u00b0c a 40 \u00b0c<\/td>\n<\/tr>\n<tr>\n<td>Temperatura de almacenamiento: -40 a 70\u00b0c<\/td>\n<\/tr>\n<tr>\n<td>Humedad: 10-95%<\/td>\n<\/tr>\n<tr>\n<td>Seguridad<\/td>\n<\/tr>\n<tr>\n<td>Cifrado de disco completo: aes-128<\/td>\n<\/tr>\n<tr>\n<td>Cifrado de datos: claves simetricas, infraestructura de clave publica (pki)<\/td>\n<\/tr>\n<tr>\n<td>Identidad de dispositivos: proteccion mediante atestacion de estado de dispositivos<\/td>\n<\/tr>\n<tr>\n<td>Proteccion mediante clave: arm trustzone<\/td>\n<\/tr>\n<tr>\n<td>Sostenibilidad<\/td>\n<\/tr>\n<tr>\n<td>Plastico en grafito: 54% de material reciclado posconsumo<\/td>\n<\/tr>\n<tr>\n<td>Informacion de garantia<\/td>\n<\/tr>\n<tr>\n<td>Asegura tu tranquilidad con una garantia ampliada para tap scheduler, que agrega un ano a la garantia limitada estandar del hardware de dos anos.<\/td>\n<\/tr>\n<tr>\n<td>Contacta a tu gerente de cuentas de logitech o tu canal para mas informacion.<\/td>\n<\/tr>\n<\/table>\n","protected":false},"excerpt":{"rendered":"<p>Lugar exacto, momento exacto. Tap scheduler facilita la visualizacion de los detalles de la reunion y la capacidad de reservar una sala de reunion ad hoc o para futuras reuniones. Se implementa facilmente como un panel de programacion especialmente disenado para las principales soluciones de programacion de salas para ayudar a los trabajadores a encontrar y asegurarse el espacio adecuado. Para mas informacion visita. Https:\/\/www.Logitech.Com\/es-mx\/products\/video-conferencing\/room-solutions\/tap-scheduler.952-000094.Html#buy-tap-scheduler<\/p>\n","protected":false},"featured_media":258574,"comment_status":"open","ping_status":"open","template":"","meta":[],"product_cat":[2011,2012],"product_tag":[1500],"acf":[],"yoast_head":"<!-- This site is optimized with the Yoast SEO plugin v21.7 - https:\/\/yoast.com\/wordpress\/plugins\/seo\/ -->\n<title>[ Logitech ] &#129351; 952-000094 Controlador Tactil Tap Scheduler Panel De Programacion Y Reservador Para Salas De Videoconferencia Blanco<\/title>\n<meta name=\"description\" content=\"Compra 952-000094 Controlador Tactil Tap Scheduler Panel De Programacion Y Reservador Para Salas De Videoconferencia Blanco + Env\u00edo a domicilio + Pago seguro + Garant\u00eda\" \/>\n<meta name=\"robots\" content=\"index, follow, max-snippet:-1, max-image-preview:large, max-video-preview:-1\" \/>\n<link rel=\"canonical\" href=\"https:\/\/compuviper.mx\/tienda\/producto\/logitech-952-000094-controlador-tactil-tap-scheduler-panel-de-programacion-y-reservador-para-salas-de-videoconferencia-blanco\/\" \/>\n<meta property=\"og:locale\" content=\"es_MX\" \/>\n<meta property=\"og:type\" content=\"article\" \/>\n<meta property=\"og:title\" content=\"[ Logitech ] &#129351; 952-000094 Controlador Tactil Tap Scheduler Panel De Programacion Y Reservador Para Salas De Videoconferencia Blanco\" \/>\n<meta property=\"og:description\" content=\"Compra 952-000094 Controlador Tactil Tap Scheduler Panel De Programacion Y Reservador Para Salas De Videoconferencia Blanco + Env\u00edo a domicilio + Pago seguro + Garant\u00eda\" \/>\n<meta property=\"og:url\" content=\"https:\/\/compuviper.mx\/tienda\/producto\/logitech-952-000094-controlador-tactil-tap-scheduler-panel-de-programacion-y-reservador-para-salas-de-videoconferencia-blanco\/\" \/>\n<meta property=\"og:site_name\" content=\"Compuviper\" \/>\n<meta property=\"article:publisher\" content=\"https:\/\/www.facebook.com\/compuviper\" \/>\n<meta property=\"article:modified_time\" content=\"2026-04-17T08:30:16+00:00\" \/>\n<meta property=\"og:image\" content=\"https:\/\/compuviper.mx\/tienda\/wp-content\/uploads\/2025\/10\/Controlador-tactil-logitech-tap-scheduler-panel-de-programacion-y-reservador-para-salas-de-videoconferencia-blanco.jpg\" \/>\n\t<meta property=\"og:image:width\" content=\"200\" \/>\n\t<meta property=\"og:image:height\" content=\"200\" \/>\n\t<meta property=\"og:image:type\" content=\"image\/jpeg\" \/>\n<meta name=\"twitter:card\" content=\"summary_large_image\" \/>\n<meta name=\"twitter:label1\" content=\"Precio\" \/>\n\t<meta name=\"twitter:data1\" content=\"&#36;14,719 con IVA\" \/>\n\t<meta name=\"twitter:label2\" content=\"Availability\" \/>\n\t<meta name=\"twitter:data2\" content=\"Out of stock\" \/>\n<script type=\"application\/ld+json\" class=\"yoast-schema-graph\">{\"@context\":\"https:\/\/schema.org\",\"@graph\":[{\"@type\":\"WebPage\",\"@id\":\"https:\/\/compuviper.mx\/tienda\/producto\/logitech-952-000094-controlador-tactil-tap-scheduler-panel-de-programacion-y-reservador-para-salas-de-videoconferencia-blanco\/\",\"url\":\"https:\/\/compuviper.mx\/tienda\/producto\/logitech-952-000094-controlador-tactil-tap-scheduler-panel-de-programacion-y-reservador-para-salas-de-videoconferencia-blanco\/\",\"name\":\"[ Logitech ] &#129351; 952-000094 Controlador Tactil Tap Scheduler Panel De Programacion Y Reservador Para Salas De Videoconferencia Blanco\",\"isPartOf\":{\"@id\":\"https:\/\/compuviper.mx\/tienda\/#website\"},\"datePublished\":\"2026-04-17T08:30:15+00:00\",\"dateModified\":\"2026-04-17T08:30:16+00:00\",\"description\":\"Compra 952-000094 Controlador Tactil Tap Scheduler Panel De Programacion Y Reservador Para Salas De Videoconferencia Blanco + Env\u00edo a domicilio + Pago seguro + Garant\u00eda\",\"breadcrumb\":{\"@id\":\"https:\/\/compuviper.mx\/tienda\/producto\/logitech-952-000094-controlador-tactil-tap-scheduler-panel-de-programacion-y-reservador-para-salas-de-videoconferencia-blanco\/#breadcrumb\"},\"inLanguage\":\"es-MX\",\"potentialAction\":[{\"@type\":\"ReadAction\",\"target\":[\"https:\/\/compuviper.mx\/tienda\/producto\/logitech-952-000094-controlador-tactil-tap-scheduler-panel-de-programacion-y-reservador-para-salas-de-videoconferencia-blanco\/\"]}]},{\"@type\":\"BreadcrumbList\",\"@id\":\"https:\/\/compuviper.mx\/tienda\/producto\/logitech-952-000094-controlador-tactil-tap-scheduler-panel-de-programacion-y-reservador-para-salas-de-videoconferencia-blanco\/#breadcrumb\",\"itemListElement\":[{\"@type\":\"ListItem\",\"position\":1,\"name\":\"Inicio\",\"item\":\"https:\/\/compuviper.mx\/tienda\/\"},{\"@type\":\"ListItem\",\"position\":2,\"name\":\"Productos\",\"item\":\"https:\/\/compuviper.mx\/tienda\/productos\/\"},{\"@type\":\"ListItem\",\"position\":3,\"name\":\"Videoconferencia\",\"item\":\"https:\/\/compuviper.mx\/tienda\/categoria-producto\/videoconferencia\/\"},{\"@type\":\"ListItem\",\"position\":4,\"name\":\"Sin Categor\u00eda\",\"item\":\"https:\/\/compuviper.mx\/tienda\/categoria-producto\/videoconferencia\/sin-categoria-videoconferencia\/\"},{\"@type\":\"ListItem\",\"position\":5,\"name\":\"Logitech 952-000094 Controlador Tactil Tap Scheduler Panel De Programacion Y Reservador Para Salas De Videoconferencia Blanco\"}]},{\"@type\":\"WebSite\",\"@id\":\"https:\/\/compuviper.mx\/tienda\/#website\",\"url\":\"https:\/\/compuviper.mx\/tienda\/\",\"name\":\"Compuviper\",\"description\":\"Proveedor de Computadoras, Laptops, Servidores, Monitores, Puntos de Venta, Teclados,   Impresoras, T\u00f3ner, C\u00e1maras de Seguridad y m\u00e1s en tu tienda en l\u00ednea\",\"publisher\":{\"@id\":\"https:\/\/compuviper.mx\/tienda\/#organization\"},\"potentialAction\":[{\"@type\":\"SearchAction\",\"target\":{\"@type\":\"EntryPoint\",\"urlTemplate\":\"https:\/\/compuviper.mx\/tienda\/?s={search_term_string}\"},\"query-input\":\"required name=search_term_string\"}],\"inLanguage\":\"es-MX\"},{\"@type\":\"Organization\",\"@id\":\"https:\/\/compuviper.mx\/tienda\/#organization\",\"name\":\"Compuviper\",\"url\":\"https:\/\/compuviper.mx\/tienda\/\",\"logo\":{\"@type\":\"ImageObject\",\"inLanguage\":\"es-MX\",\"@id\":\"https:\/\/compuviper.mx\/tienda\/#\/schema\/logo\/image\/\",\"url\":\"https:\/\/compuviper.mx\/tienda\/wp-content\/uploads\/2021\/08\/Logo-Compuviper-10.png\",\"contentUrl\":\"https:\/\/compuviper.mx\/tienda\/wp-content\/uploads\/2021\/08\/Logo-Compuviper-10.png\",\"width\":1000,\"height\":500,\"caption\":\"Compuviper\"},\"image\":{\"@id\":\"https:\/\/compuviper.mx\/tienda\/#\/schema\/logo\/image\/\"},\"sameAs\":[\"https:\/\/www.facebook.com\/compuviper\",\"https:\/\/www.youtube.com\/channel\/UCf73dERp9Y3cfOq7q8BhLjA?view_as=subscriber\"]}]}<\/script>\n<meta property=\"product:brand\" content=\"LOGITECH\" \/>\n<meta property=\"product:price:amount\" content=\"14719\" \/>\n<meta property=\"product:price:currency\" content=\"MXN\" \/>\n<meta property=\"og:availability\" content=\"out of stock\" \/>\n<meta property=\"product:availability\" content=\"out of stock\" \/>\n<meta property=\"product:retailer_item_id\" content=\"952-000094\" \/>\n<meta property=\"product:condition\" content=\"new\" \/>\n<!-- \/ Yoast SEO plugin. -->","yoast_head_json":{"title":"[ Logitech ] &#129351; 952-000094 Controlador Tactil Tap Scheduler Panel De Programacion Y Reservador Para Salas De Videoconferencia Blanco","description":"Compra 952-000094 Controlador Tactil Tap Scheduler Panel De Programacion Y Reservador Para Salas De Videoconferencia Blanco + Env\u00edo a domicilio + Pago seguro + Garant\u00eda","robots":{"index":"index","follow":"follow","max-snippet":"max-snippet:-1","max-image-preview":"max-image-preview:large","max-video-preview":"max-video-preview:-1"},"canonical":"https:\/\/compuviper.mx\/tienda\/producto\/logitech-952-000094-controlador-tactil-tap-scheduler-panel-de-programacion-y-reservador-para-salas-de-videoconferencia-blanco\/","og_locale":"es_MX","og_type":"article","og_title":"[ Logitech ] &#129351; 952-000094 Controlador Tactil Tap Scheduler Panel De Programacion Y Reservador Para Salas De Videoconferencia Blanco","og_description":"Compra 952-000094 Controlador Tactil Tap Scheduler Panel De Programacion Y Reservador Para Salas De Videoconferencia Blanco + Env\u00edo a domicilio + Pago seguro + Garant\u00eda","og_url":"https:\/\/compuviper.mx\/tienda\/producto\/logitech-952-000094-controlador-tactil-tap-scheduler-panel-de-programacion-y-reservador-para-salas-de-videoconferencia-blanco\/","og_site_name":"Compuviper","article_publisher":"https:\/\/www.facebook.com\/compuviper","article_modified_time":"2026-04-17T08:30:16+00:00","og_image":[{"width":200,"height":200,"url":"https:\/\/compuviper.mx\/tienda\/wp-content\/uploads\/2025\/10\/Controlador-tactil-logitech-tap-scheduler-panel-de-programacion-y-reservador-para-salas-de-videoconferencia-blanco.jpg","type":"image\/jpeg"}],"twitter_card":"summary_large_image","twitter_misc":{"Precio":"&#36;14,719 con IVA","Availability":"Out of stock"},"schema":{"@context":"https:\/\/schema.org","@graph":[{"@type":"WebPage","@id":"https:\/\/compuviper.mx\/tienda\/producto\/logitech-952-000094-controlador-tactil-tap-scheduler-panel-de-programacion-y-reservador-para-salas-de-videoconferencia-blanco\/","url":"https:\/\/compuviper.mx\/tienda\/producto\/logitech-952-000094-controlador-tactil-tap-scheduler-panel-de-programacion-y-reservador-para-salas-de-videoconferencia-blanco\/","name":"[ Logitech ] &#129351; 952-000094 Controlador Tactil Tap Scheduler Panel De Programacion Y Reservador Para Salas De Videoconferencia Blanco","isPartOf":{"@id":"https:\/\/compuviper.mx\/tienda\/#website"},"datePublished":"2026-04-17T08:30:15+00:00","dateModified":"2026-04-17T08:30:16+00:00","description":"Compra 952-000094 Controlador Tactil Tap Scheduler Panel De Programacion Y Reservador Para Salas De Videoconferencia Blanco + Env\u00edo a domicilio + Pago seguro + Garant\u00eda","breadcrumb":{"@id":"https:\/\/compuviper.mx\/tienda\/producto\/logitech-952-000094-controlador-tactil-tap-scheduler-panel-de-programacion-y-reservador-para-salas-de-videoconferencia-blanco\/#breadcrumb"},"inLanguage":"es-MX","potentialAction":[{"@type":"ReadAction","target":["https:\/\/compuviper.mx\/tienda\/producto\/logitech-952-000094-controlador-tactil-tap-scheduler-panel-de-programacion-y-reservador-para-salas-de-videoconferencia-blanco\/"]}]},{"@type":"BreadcrumbList","@id":"https:\/\/compuviper.mx\/tienda\/producto\/logitech-952-000094-controlador-tactil-tap-scheduler-panel-de-programacion-y-reservador-para-salas-de-videoconferencia-blanco\/#breadcrumb","itemListElement":[{"@type":"ListItem","position":1,"name":"Inicio","item":"https:\/\/compuviper.mx\/tienda\/"},{"@type":"ListItem","position":2,"name":"Productos","item":"https:\/\/compuviper.mx\/tienda\/productos\/"},{"@type":"ListItem","position":3,"name":"Videoconferencia","item":"https:\/\/compuviper.mx\/tienda\/categoria-producto\/videoconferencia\/"},{"@type":"ListItem","position":4,"name":"Sin Categor\u00eda","item":"https:\/\/compuviper.mx\/tienda\/categoria-producto\/videoconferencia\/sin-categoria-videoconferencia\/"},{"@type":"ListItem","position":5,"name":"Logitech 952-000094 Controlador Tactil Tap Scheduler Panel De Programacion Y Reservador Para Salas De Videoconferencia Blanco"}]},{"@type":"WebSite","@id":"https:\/\/compuviper.mx\/tienda\/#website","url":"https:\/\/compuviper.mx\/tienda\/","name":"Compuviper","description":"Proveedor de Computadoras, Laptops, Servidores, Monitores, Puntos de Venta, Teclados,   Impresoras, T\u00f3ner, C\u00e1maras de Seguridad y m\u00e1s en tu tienda en l\u00ednea","publisher":{"@id":"https:\/\/compuviper.mx\/tienda\/#organization"},"potentialAction":[{"@type":"SearchAction","target":{"@type":"EntryPoint","urlTemplate":"https:\/\/compuviper.mx\/tienda\/?s={search_term_string}"},"query-input":"required name=search_term_string"}],"inLanguage":"es-MX"},{"@type":"Organization","@id":"https:\/\/compuviper.mx\/tienda\/#organization","name":"Compuviper","url":"https:\/\/compuviper.mx\/tienda\/","logo":{"@type":"ImageObject","inLanguage":"es-MX","@id":"https:\/\/compuviper.mx\/tienda\/#\/schema\/logo\/image\/","url":"https:\/\/compuviper.mx\/tienda\/wp-content\/uploads\/2021\/08\/Logo-Compuviper-10.png","contentUrl":"https:\/\/compuviper.mx\/tienda\/wp-content\/uploads\/2021\/08\/Logo-Compuviper-10.png","width":1000,"height":500,"caption":"Compuviper"},"image":{"@id":"https:\/\/compuviper.mx\/tienda\/#\/schema\/logo\/image\/"},"sameAs":["https:\/\/www.facebook.com\/compuviper","https:\/\/www.youtube.com\/channel\/UCf73dERp9Y3cfOq7q8BhLjA?view_as=subscriber"]}]},"product_brand":"LOGITECH","product_price_amount":"14719","product_price_currency":"MXN","og_availability":"out of stock","product_availability":"out of stock","product_retailer_item_id":"952-000094","product_condition":"new"},"_links":{"self":[{"href":"https:\/\/compuviper.mx\/tienda\/wp-json\/wp\/v2\/product\/257171"}],"collection":[{"href":"https:\/\/compuviper.mx\/tienda\/wp-json\/wp\/v2\/product"}],"about":[{"href":"https:\/\/compuviper.mx\/tienda\/wp-json\/wp\/v2\/types\/product"}],"replies":[{"embeddable":true,"href":"https:\/\/compuviper.mx\/tienda\/wp-json\/wp\/v2\/comments?post=257171"}],"wp:featuredmedia":[{"embeddable":true,"href":"https:\/\/compuviper.mx\/tienda\/wp-json\/wp\/v2\/media\/258574"}],"wp:attachment":[{"href":"https:\/\/compuviper.mx\/tienda\/wp-json\/wp\/v2\/media?parent=257171"}],"wp:term":[{"taxonomy":"product_cat","embeddable":true,"href":"https:\/\/compuviper.mx\/tienda\/wp-json\/wp\/v2\/product_cat?post=257171"},{"taxonomy":"product_tag","embeddable":true,"href":"https:\/\/compuviper.mx\/tienda\/wp-json\/wp\/v2\/product_tag?post=257171"}],"curies":[{"name":"wp","href":"https:\/\/api.w.org\/{rel}","templated":true}]}}