{"id":257164,"date":"2026-04-21T02:11:10","date_gmt":"2026-04-21T08:11:10","guid":{"rendered":"https:\/\/compuviper.mx\/tienda\/producto\/mirati-mfc2-foco-inteligente-luz-rgb-9w-wifi-2-4ghz-compatible-con-android-e-ios-funciona-con-alexa-y-asistente-de-google-luz-calida-y-fria-luz-multicolor-dimmable-no-requiere-h\/"},"modified":"2026-04-21T02:11:10","modified_gmt":"2026-04-21T08:11:10","slug":"mirati-mfc2-foco-inteligente-luz-rgb-9w-wifi-2-4ghz-compatible-con-android-e-ios-funciona-con-alexa-y-asistente-de-google-luz-calida-y-fria-luz-multicolor-dimmable-no-requiere-h","status":"publish","type":"product","link":"https:\/\/compuviper.mx\/tienda\/producto\/mirati-mfc2-foco-inteligente-luz-rgb-9w-wifi-2-4ghz-compatible-con-android-e-ios-funciona-con-alexa-y-asistente-de-google-luz-calida-y-fria-luz-multicolor-dimmable-no-requiere-h\/","title":{"rendered":"Mirati Mfc2 Foco Inteligente Luz Rgb 9w\/\/  \/\/ Wifi 2.4ghz \/\/ Compatible Con Android E Ios \/\/ Funciona Con Alexa Y Asistente De Google \/\/ Luz Calida Y Fria \/\/luz Multicolor \/\/ Dimmable \/\/ No Requiere Hub\/\/"},"content":{"rendered":"<table class=\"descripcion\">\n<tr>\n<td>Conexi\u00f3n wi-fi<\/td>\n<\/tr>\n<tr>\n<td>Funci\u00f3n de timer desde la app<\/td>\n<\/tr>\n<tr>\n<td>Sensor de ruido<\/td>\n<\/tr>\n<tr>\n<td>App para android e ios<\/td>\n<\/tr>\n<tr>\n<td>Comparte el control con otro usuario<\/td>\n<\/tr>\n<tr>\n<td>Compatible con alexa y google assistant<\/td>\n<\/tr>\n<tr>\n<td>App: mirati home<\/td>\n<\/tr>\n<tr>\n<td>Tipo de base: e26\/e27<\/td>\n<\/tr>\n<tr>\n<td>Color: rgbw<\/td>\n<\/tr>\n<tr>\n<td>Temperatura: 3000k &#8211; 7000k<\/td>\n<\/tr>\n<tr>\n<td>Indice de reproduccion cromatica: 80<\/td>\n<\/tr>\n<tr>\n<td>Energia: 9w<\/td>\n<\/tr>\n<tr>\n<td>Wifi: ieee 802.11 b\/g\/n<\/td>\n<\/tr>\n<tr>\n<td>Frecuencia wifi: 2.4ghz<\/td>\n<\/tr>\n<\/table>\n","protected":false},"excerpt":{"rendered":"<p>* control remoto wifi: simplemente conectado con 2.4ghz inal\u00e1mbrica, f\u00e1cil configuraci\u00f3n para controlar cada faceta de su iluminaci\u00f3n desde su tel\u00e9fono m\u00f3vil o tableta a trav\u00e9s de la aplicaci\u00f3n gratuita mirati home, compatible con luces individuales \/ grupales, programado \/ cuenta regresiva \/ funci\u00f3n de tiempo de bucle y control compartido de dispositivos familiares. * amplia compatibilidad y alta tecnolog\u00eda: controle la voz de su casa inteligente con alexa y google home. * compatible con su dispositivo android o ios. Dom\u00f3tica simplificada. * luces regulables y escenas personalizadas: 16 millones de colores regulables te permiten personalizar diferentes escenas, adaptar las luces para que se adapten a tu hogar y a tus necesidades, con infinitas posibilidades como ir de fiesta, leer. Personalice el color, aten\u00fae el efecto de luz o cambie a luz blanca c\u00f3moda, mejore su estado de \u00e1nimo cuando desee sentirse con energ\u00eda, necesite concentraci\u00f3n o relajaci\u00f3n. * instalaci\u00f3n simple: base de montaje de tornillos e27 edison y configuraci\u00f3n sencilla en la aplicaci\u00f3n. No se requiere hub. Equivalente a una bombilla incandescente est\u00e1ndar de 75w, esta bombilla con un consumo de energ\u00eda de 10w proporciona una mayor difusi\u00f3n de la luz, proporciona una luz blanca brillante, un menor consumo de energ\u00eda. * garant\u00eda 12 meses.<\/p>\n","protected":false},"featured_media":257165,"comment_status":"open","ping_status":"open","template":"","meta":[],"product_cat":[1811,1813],"product_tag":[1684],"acf":[],"yoast_head":"<!-- This site is optimized with the Yoast SEO plugin v21.7 - https:\/\/yoast.com\/wordpress\/plugins\/seo\/ -->\n<title>[ Mirati ] &#129351; Mfc2 Foco Inteligente Luz Rgb 9w\/\/ \/\/ Wifi 2.4ghz \/\/ Compatible Con Android E Ios \/\/ Funciona Con Alexa Y Asistente De Google \/\/ Luz Calida Y Fria \/\/luz Multicolor \/\/ Dimmable \/\/ No Requiere Hub\/\/<\/title>\n<meta name=\"description\" content=\"Compra Mfc2 Foco Inteligente Luz Rgb 9w\/\/ \/\/ Wifi 2.4ghz \/\/ Compatible Con Android E Ios \/\/ Funciona Con Alexa Y Asistente De Google \/\/ Luz Calida Y Fria \/\/luz Multicolor \/\/ Dimmable \/\/ No Requiere Hub\/\/ + Env\u00edo a domicilio + Pago seguro + Garant\u00eda\" \/>\n<meta name=\"robots\" content=\"index, follow, max-snippet:-1, max-image-preview:large, max-video-preview:-1\" \/>\n<link rel=\"canonical\" href=\"https:\/\/compuviper.mx\/tienda\/producto\/mirati-mfc2-foco-inteligente-luz-rgb-9w-wifi-2-4ghz-compatible-con-android-e-ios-funciona-con-alexa-y-asistente-de-google-luz-calida-y-fria-luz-multicolor-dimmable-no-requiere-h\/\" \/>\n<meta property=\"og:locale\" content=\"es_MX\" \/>\n<meta property=\"og:type\" content=\"article\" \/>\n<meta property=\"og:title\" content=\"[ Mirati ] &#129351; Mfc2 Foco Inteligente Luz Rgb 9w\/\/ \/\/ Wifi 2.4ghz \/\/ Compatible Con Android E Ios \/\/ Funciona Con Alexa Y Asistente De Google \/\/ Luz Calida Y Fria \/\/luz Multicolor \/\/ Dimmable \/\/ No Requiere Hub\/\/\" \/>\n<meta property=\"og:description\" content=\"Compra Mfc2 Foco Inteligente Luz Rgb 9w\/\/ \/\/ Wifi 2.4ghz \/\/ Compatible Con Android E Ios \/\/ Funciona Con Alexa Y Asistente De Google \/\/ Luz Calida Y Fria \/\/luz Multicolor \/\/ Dimmable \/\/ No Requiere Hub\/\/ + Env\u00edo a domicilio + Pago seguro + Garant\u00eda\" \/>\n<meta property=\"og:url\" content=\"https:\/\/compuviper.mx\/tienda\/producto\/mirati-mfc2-foco-inteligente-luz-rgb-9w-wifi-2-4ghz-compatible-con-android-e-ios-funciona-con-alexa-y-asistente-de-google-luz-calida-y-fria-luz-multicolor-dimmable-no-requiere-h\/\" \/>\n<meta property=\"og:site_name\" content=\"Compuviper\" \/>\n<meta property=\"article:publisher\" content=\"https:\/\/www.facebook.com\/compuviper\" \/>\n<meta property=\"og:image\" content=\"https:\/\/compuviper.mx\/tienda\/wp-content\/uploads\/2025\/09\/Foco-inteligente-luz-rgb-9w-mirati-wifi-2.4ghz-compatible-con-android-e-ios-funciona-con-alexa-y-asistente-de-google-luz-calida-y-fria-luz-multicolor-dimmable-no-requiere-hub.jpg\" \/>\n\t<meta property=\"og:image:width\" content=\"200\" \/>\n\t<meta property=\"og:image:height\" content=\"200\" \/>\n\t<meta property=\"og:image:type\" content=\"image\/jpeg\" \/>\n<meta name=\"twitter:card\" content=\"summary_large_image\" \/>\n<meta name=\"twitter:label1\" content=\"Precio\" \/>\n\t<meta name=\"twitter:data1\" content=\"&#36;116 con IVA\" \/>\n\t<meta name=\"twitter:label2\" content=\"Availability\" \/>\n\t<meta name=\"twitter:data2\" content=\"Out of stock\" \/>\n<script type=\"application\/ld+json\" class=\"yoast-schema-graph\">{\"@context\":\"https:\/\/schema.org\",\"@graph\":[{\"@type\":\"WebPage\",\"@id\":\"https:\/\/compuviper.mx\/tienda\/producto\/mirati-mfc2-foco-inteligente-luz-rgb-9w-wifi-2-4ghz-compatible-con-android-e-ios-funciona-con-alexa-y-asistente-de-google-luz-calida-y-fria-luz-multicolor-dimmable-no-requiere-h\/\",\"url\":\"https:\/\/compuviper.mx\/tienda\/producto\/mirati-mfc2-foco-inteligente-luz-rgb-9w-wifi-2-4ghz-compatible-con-android-e-ios-funciona-con-alexa-y-asistente-de-google-luz-calida-y-fria-luz-multicolor-dimmable-no-requiere-h\/\",\"name\":\"[ Mirati ] &#129351; Mfc2 Foco Inteligente Luz Rgb 9w\/\/ \/\/ Wifi 2.4ghz \/\/ Compatible Con Android E Ios \/\/ Funciona Con Alexa Y Asistente De Google \/\/ Luz Calida Y Fria \/\/luz Multicolor \/\/ Dimmable \/\/ No Requiere Hub\/\/\",\"isPartOf\":{\"@id\":\"https:\/\/compuviper.mx\/tienda\/#website\"},\"datePublished\":\"2026-04-21T08:11:10+00:00\",\"dateModified\":\"2026-04-21T08:11:10+00:00\",\"description\":\"Compra Mfc2 Foco Inteligente Luz Rgb 9w\/\/ \/\/ Wifi 2.4ghz \/\/ Compatible Con Android E Ios \/\/ Funciona Con Alexa Y Asistente De Google \/\/ Luz Calida Y Fria \/\/luz Multicolor \/\/ Dimmable \/\/ No Requiere Hub\/\/ + Env\u00edo a domicilio + Pago seguro + Garant\u00eda\",\"breadcrumb\":{\"@id\":\"https:\/\/compuviper.mx\/tienda\/producto\/mirati-mfc2-foco-inteligente-luz-rgb-9w-wifi-2-4ghz-compatible-con-android-e-ios-funciona-con-alexa-y-asistente-de-google-luz-calida-y-fria-luz-multicolor-dimmable-no-requiere-h\/#breadcrumb\"},\"inLanguage\":\"es-MX\",\"potentialAction\":[{\"@type\":\"ReadAction\",\"target\":[\"https:\/\/compuviper.mx\/tienda\/producto\/mirati-mfc2-foco-inteligente-luz-rgb-9w-wifi-2-4ghz-compatible-con-android-e-ios-funciona-con-alexa-y-asistente-de-google-luz-calida-y-fria-luz-multicolor-dimmable-no-requiere-h\/\"]}]},{\"@type\":\"BreadcrumbList\",\"@id\":\"https:\/\/compuviper.mx\/tienda\/producto\/mirati-mfc2-foco-inteligente-luz-rgb-9w-wifi-2-4ghz-compatible-con-android-e-ios-funciona-con-alexa-y-asistente-de-google-luz-calida-y-fria-luz-multicolor-dimmable-no-requiere-h\/#breadcrumb\",\"itemListElement\":[{\"@type\":\"ListItem\",\"position\":1,\"name\":\"Inicio\",\"item\":\"https:\/\/compuviper.mx\/tienda\/\"},{\"@type\":\"ListItem\",\"position\":2,\"name\":\"Productos\",\"item\":\"https:\/\/compuviper.mx\/tienda\/productos\/\"},{\"@type\":\"ListItem\",\"position\":3,\"name\":\"Smart Home\",\"item\":\"https:\/\/compuviper.mx\/tienda\/categoria-producto\/smart-home\/\"},{\"@type\":\"ListItem\",\"position\":4,\"name\":\"Foco Inteligente\",\"item\":\"https:\/\/compuviper.mx\/tienda\/categoria-producto\/smart-home\/foco-inteligente\/\"},{\"@type\":\"ListItem\",\"position\":5,\"name\":\"Mirati Mfc2 Foco Inteligente Luz Rgb 9w\/\/ \/\/ Wifi 2.4ghz \/\/ Compatible Con Android E Ios \/\/ Funciona Con Alexa Y Asistente De Google \/\/ Luz Calida Y Fria \/\/luz Multicolor \/\/ Dimmable \/\/ No Requiere Hub\/\/\"}]},{\"@type\":\"WebSite\",\"@id\":\"https:\/\/compuviper.mx\/tienda\/#website\",\"url\":\"https:\/\/compuviper.mx\/tienda\/\",\"name\":\"Compuviper\",\"description\":\"Proveedor de Computadoras, Laptops, Servidores, Monitores, Puntos de Venta, Teclados,   Impresoras, T\u00f3ner, C\u00e1maras de Seguridad y m\u00e1s en tu tienda en l\u00ednea\",\"publisher\":{\"@id\":\"https:\/\/compuviper.mx\/tienda\/#organization\"},\"potentialAction\":[{\"@type\":\"SearchAction\",\"target\":{\"@type\":\"EntryPoint\",\"urlTemplate\":\"https:\/\/compuviper.mx\/tienda\/?s={search_term_string}\"},\"query-input\":\"required name=search_term_string\"}],\"inLanguage\":\"es-MX\"},{\"@type\":\"Organization\",\"@id\":\"https:\/\/compuviper.mx\/tienda\/#organization\",\"name\":\"Compuviper\",\"url\":\"https:\/\/compuviper.mx\/tienda\/\",\"logo\":{\"@type\":\"ImageObject\",\"inLanguage\":\"es-MX\",\"@id\":\"https:\/\/compuviper.mx\/tienda\/#\/schema\/logo\/image\/\",\"url\":\"https:\/\/compuviper.mx\/tienda\/wp-content\/uploads\/2021\/08\/Logo-Compuviper-10.png\",\"contentUrl\":\"https:\/\/compuviper.mx\/tienda\/wp-content\/uploads\/2021\/08\/Logo-Compuviper-10.png\",\"width\":1000,\"height\":500,\"caption\":\"Compuviper\"},\"image\":{\"@id\":\"https:\/\/compuviper.mx\/tienda\/#\/schema\/logo\/image\/\"},\"sameAs\":[\"https:\/\/www.facebook.com\/compuviper\",\"https:\/\/www.youtube.com\/channel\/UCf73dERp9Y3cfOq7q8BhLjA?view_as=subscriber\"]}]}<\/script>\n<meta property=\"product:brand\" content=\"MIRATI\" \/>\n<meta property=\"product:price:amount\" content=\"116\" \/>\n<meta property=\"product:price:currency\" content=\"MXN\" \/>\n<meta property=\"og:availability\" content=\"out of stock\" \/>\n<meta property=\"product:availability\" content=\"out of stock\" \/>\n<meta property=\"product:retailer_item_id\" content=\"MFC2\" \/>\n<meta property=\"product:condition\" content=\"new\" \/>\n<!-- \/ Yoast SEO plugin. -->","yoast_head_json":{"title":"[ Mirati ] &#129351; Mfc2 Foco Inteligente Luz Rgb 9w\/\/ \/\/ Wifi 2.4ghz \/\/ Compatible Con Android E Ios \/\/ Funciona Con Alexa Y Asistente De Google \/\/ Luz Calida Y Fria \/\/luz Multicolor \/\/ Dimmable \/\/ No Requiere Hub\/\/","description":"Compra Mfc2 Foco Inteligente Luz Rgb 9w\/\/ \/\/ Wifi 2.4ghz \/\/ Compatible Con Android E Ios \/\/ Funciona Con Alexa Y Asistente De Google \/\/ Luz Calida Y Fria \/\/luz Multicolor \/\/ Dimmable \/\/ No Requiere Hub\/\/ + Env\u00edo a domicilio + Pago seguro + Garant\u00eda","robots":{"index":"index","follow":"follow","max-snippet":"max-snippet:-1","max-image-preview":"max-image-preview:large","max-video-preview":"max-video-preview:-1"},"canonical":"https:\/\/compuviper.mx\/tienda\/producto\/mirati-mfc2-foco-inteligente-luz-rgb-9w-wifi-2-4ghz-compatible-con-android-e-ios-funciona-con-alexa-y-asistente-de-google-luz-calida-y-fria-luz-multicolor-dimmable-no-requiere-h\/","og_locale":"es_MX","og_type":"article","og_title":"[ Mirati ] &#129351; Mfc2 Foco Inteligente Luz Rgb 9w\/\/ \/\/ Wifi 2.4ghz \/\/ Compatible Con Android E Ios \/\/ Funciona Con Alexa Y Asistente De Google \/\/ Luz Calida Y Fria \/\/luz Multicolor \/\/ Dimmable \/\/ No Requiere Hub\/\/","og_description":"Compra Mfc2 Foco Inteligente Luz Rgb 9w\/\/ \/\/ Wifi 2.4ghz \/\/ Compatible Con Android E Ios \/\/ Funciona Con Alexa Y Asistente De Google \/\/ Luz Calida Y Fria \/\/luz Multicolor \/\/ Dimmable \/\/ No Requiere Hub\/\/ + Env\u00edo a domicilio + Pago seguro + Garant\u00eda","og_url":"https:\/\/compuviper.mx\/tienda\/producto\/mirati-mfc2-foco-inteligente-luz-rgb-9w-wifi-2-4ghz-compatible-con-android-e-ios-funciona-con-alexa-y-asistente-de-google-luz-calida-y-fria-luz-multicolor-dimmable-no-requiere-h\/","og_site_name":"Compuviper","article_publisher":"https:\/\/www.facebook.com\/compuviper","og_image":[{"width":200,"height":200,"url":"https:\/\/compuviper.mx\/tienda\/wp-content\/uploads\/2025\/09\/Foco-inteligente-luz-rgb-9w-mirati-wifi-2.4ghz-compatible-con-android-e-ios-funciona-con-alexa-y-asistente-de-google-luz-calida-y-fria-luz-multicolor-dimmable-no-requiere-hub.jpg","type":"image\/jpeg"}],"twitter_card":"summary_large_image","twitter_misc":{"Precio":"&#36;116 con IVA","Availability":"Out of stock"},"schema":{"@context":"https:\/\/schema.org","@graph":[{"@type":"WebPage","@id":"https:\/\/compuviper.mx\/tienda\/producto\/mirati-mfc2-foco-inteligente-luz-rgb-9w-wifi-2-4ghz-compatible-con-android-e-ios-funciona-con-alexa-y-asistente-de-google-luz-calida-y-fria-luz-multicolor-dimmable-no-requiere-h\/","url":"https:\/\/compuviper.mx\/tienda\/producto\/mirati-mfc2-foco-inteligente-luz-rgb-9w-wifi-2-4ghz-compatible-con-android-e-ios-funciona-con-alexa-y-asistente-de-google-luz-calida-y-fria-luz-multicolor-dimmable-no-requiere-h\/","name":"[ Mirati ] &#129351; Mfc2 Foco Inteligente Luz Rgb 9w\/\/ \/\/ Wifi 2.4ghz \/\/ Compatible Con Android E Ios \/\/ Funciona Con Alexa Y Asistente De Google \/\/ Luz Calida Y Fria \/\/luz Multicolor \/\/ Dimmable \/\/ No Requiere Hub\/\/","isPartOf":{"@id":"https:\/\/compuviper.mx\/tienda\/#website"},"datePublished":"2026-04-21T08:11:10+00:00","dateModified":"2026-04-21T08:11:10+00:00","description":"Compra Mfc2 Foco Inteligente Luz Rgb 9w\/\/ \/\/ Wifi 2.4ghz \/\/ Compatible Con Android E Ios \/\/ Funciona Con Alexa Y Asistente De Google \/\/ Luz Calida Y Fria \/\/luz Multicolor \/\/ Dimmable \/\/ No Requiere Hub\/\/ + Env\u00edo a domicilio + Pago seguro + Garant\u00eda","breadcrumb":{"@id":"https:\/\/compuviper.mx\/tienda\/producto\/mirati-mfc2-foco-inteligente-luz-rgb-9w-wifi-2-4ghz-compatible-con-android-e-ios-funciona-con-alexa-y-asistente-de-google-luz-calida-y-fria-luz-multicolor-dimmable-no-requiere-h\/#breadcrumb"},"inLanguage":"es-MX","potentialAction":[{"@type":"ReadAction","target":["https:\/\/compuviper.mx\/tienda\/producto\/mirati-mfc2-foco-inteligente-luz-rgb-9w-wifi-2-4ghz-compatible-con-android-e-ios-funciona-con-alexa-y-asistente-de-google-luz-calida-y-fria-luz-multicolor-dimmable-no-requiere-h\/"]}]},{"@type":"BreadcrumbList","@id":"https:\/\/compuviper.mx\/tienda\/producto\/mirati-mfc2-foco-inteligente-luz-rgb-9w-wifi-2-4ghz-compatible-con-android-e-ios-funciona-con-alexa-y-asistente-de-google-luz-calida-y-fria-luz-multicolor-dimmable-no-requiere-h\/#breadcrumb","itemListElement":[{"@type":"ListItem","position":1,"name":"Inicio","item":"https:\/\/compuviper.mx\/tienda\/"},{"@type":"ListItem","position":2,"name":"Productos","item":"https:\/\/compuviper.mx\/tienda\/productos\/"},{"@type":"ListItem","position":3,"name":"Smart Home","item":"https:\/\/compuviper.mx\/tienda\/categoria-producto\/smart-home\/"},{"@type":"ListItem","position":4,"name":"Foco Inteligente","item":"https:\/\/compuviper.mx\/tienda\/categoria-producto\/smart-home\/foco-inteligente\/"},{"@type":"ListItem","position":5,"name":"Mirati Mfc2 Foco Inteligente Luz Rgb 9w\/\/ \/\/ Wifi 2.4ghz \/\/ Compatible Con Android E Ios \/\/ Funciona Con Alexa Y Asistente De Google \/\/ Luz Calida Y Fria \/\/luz Multicolor \/\/ Dimmable \/\/ No Requiere Hub\/\/"}]},{"@type":"WebSite","@id":"https:\/\/compuviper.mx\/tienda\/#website","url":"https:\/\/compuviper.mx\/tienda\/","name":"Compuviper","description":"Proveedor de Computadoras, Laptops, Servidores, Monitores, Puntos de Venta, Teclados,   Impresoras, T\u00f3ner, C\u00e1maras de Seguridad y m\u00e1s en tu tienda en l\u00ednea","publisher":{"@id":"https:\/\/compuviper.mx\/tienda\/#organization"},"potentialAction":[{"@type":"SearchAction","target":{"@type":"EntryPoint","urlTemplate":"https:\/\/compuviper.mx\/tienda\/?s={search_term_string}"},"query-input":"required name=search_term_string"}],"inLanguage":"es-MX"},{"@type":"Organization","@id":"https:\/\/compuviper.mx\/tienda\/#organization","name":"Compuviper","url":"https:\/\/compuviper.mx\/tienda\/","logo":{"@type":"ImageObject","inLanguage":"es-MX","@id":"https:\/\/compuviper.mx\/tienda\/#\/schema\/logo\/image\/","url":"https:\/\/compuviper.mx\/tienda\/wp-content\/uploads\/2021\/08\/Logo-Compuviper-10.png","contentUrl":"https:\/\/compuviper.mx\/tienda\/wp-content\/uploads\/2021\/08\/Logo-Compuviper-10.png","width":1000,"height":500,"caption":"Compuviper"},"image":{"@id":"https:\/\/compuviper.mx\/tienda\/#\/schema\/logo\/image\/"},"sameAs":["https:\/\/www.facebook.com\/compuviper","https:\/\/www.youtube.com\/channel\/UCf73dERp9Y3cfOq7q8BhLjA?view_as=subscriber"]}]},"product_brand":"MIRATI","product_price_amount":"116","product_price_currency":"MXN","og_availability":"out of stock","product_availability":"out of stock","product_retailer_item_id":"MFC2","product_condition":"new"},"_links":{"self":[{"href":"https:\/\/compuviper.mx\/tienda\/wp-json\/wp\/v2\/product\/257164"}],"collection":[{"href":"https:\/\/compuviper.mx\/tienda\/wp-json\/wp\/v2\/product"}],"about":[{"href":"https:\/\/compuviper.mx\/tienda\/wp-json\/wp\/v2\/types\/product"}],"replies":[{"embeddable":true,"href":"https:\/\/compuviper.mx\/tienda\/wp-json\/wp\/v2\/comments?post=257164"}],"wp:featuredmedia":[{"embeddable":true,"href":"https:\/\/compuviper.mx\/tienda\/wp-json\/wp\/v2\/media\/257165"}],"wp:attachment":[{"href":"https:\/\/compuviper.mx\/tienda\/wp-json\/wp\/v2\/media?parent=257164"}],"wp:term":[{"taxonomy":"product_cat","embeddable":true,"href":"https:\/\/compuviper.mx\/tienda\/wp-json\/wp\/v2\/product_cat?post=257164"},{"taxonomy":"product_tag","embeddable":true,"href":"https:\/\/compuviper.mx\/tienda\/wp-json\/wp\/v2\/product_tag?post=257164"}],"curies":[{"name":"wp","href":"https:\/\/api.w.org\/{rel}","templated":true}]}}