{"id":257112,"date":"2026-04-23T00:18:11","date_gmt":"2026-04-23T06:18:11","guid":{"rendered":"https:\/\/compuviper.mx\/tienda\/producto\/dahua-dh-ipc-hfw3249e-s-il-camara-ip-bullet-de-2-mp-wizsense-iluminador-dual-lente-de-2-8-mm-107-de-apertura-microfono-integrado-ir-de-50-m-smd-4-0-ai-ssa-quick-pick-msd-wdr-poe-ip67\/"},"modified":"2026-04-23T00:18:11","modified_gmt":"2026-04-23T06:18:11","slug":"dahua-dh-ipc-hfw3249e-s-il-camara-ip-bullet-de-2-mp-wizsense-iluminador-dual-lente-de-2-8-mm-107-de-apertura-microfono-integrado-ir-de-50-m-smd-4-0-ai-ssa-quick-pick-msd-wdr-poe-ip67","status":"publish","type":"product","link":"https:\/\/compuviper.mx\/tienda\/producto\/dahua-dh-ipc-hfw3249e-s-il-camara-ip-bullet-de-2-mp-wizsense-iluminador-dual-lente-de-2-8-mm-107-de-apertura-microfono-integrado-ir-de-50-m-smd-4-0-ai-ssa-quick-pick-msd-wdr-poe-ip67\/","title":{"rendered":"Dahua Dh-ipc-hfw3249e-s-il Camara Ip\/ \/ \/ Bullet De 2 Mp\/ Wizsense\/iluminador Dual\/ Lente De 2.8 Mm\/ 107? De Apertura\/ Microfono Integrado\/ Ir De 50 M \/ Smd 4.0 \/ Ai Ssa\/quick Pick\/ Msd\/ Wdr\/ Poe Ip67"},"content":{"rendered":"<table class=\"descripcion\">\n<tr>\n<td>Especificaciones tecnicas<\/td>\n<\/tr>\n<tr>\n<td>\u0095 fuente de alimentacion: 12 vcc\/poe (802.3af)<\/td>\n<\/tr>\n<tr>\n<td>\u0095 consumo de energia: basico: 2,9 w (12 vcc); max.: 6,8 w (12 vcc)<\/td>\n<\/tr>\n<tr>\n<td>\u0095 temperatura de funcionamiento: \u0096 40 \u00b0c a +60 \u00b0c<\/td>\n<\/tr>\n<tr>\n<td>\u0095 humedad de funcionamiento:  and #8804;95 % (hr), sin condensacion<\/td>\n<\/tr>\n<tr>\n<td>\u0095 proteccion: ip67<\/td>\n<\/tr>\n<tr>\n<td>\u0095 material de la carcasa: metal<\/td>\n<\/tr>\n<tr>\n<td>\u0095 dimensiones del producto: 192,7 mm \u00d7 70,5 mm \u00d7 66,4 mm<\/td>\n<\/tr>\n<tr>\n<td>\u0095 peso neto: 610 gramos<\/td>\n<\/tr>\n<tr>\n<td>Incluye<\/td>\n<\/tr>\n<tr>\n<td>\u0095 x1 camara domo dh-ipc-hfw3249e-s-il<\/td>\n<\/tr>\n<tr>\n<td>\u0095 x1 manual de usuario<\/td>\n<\/tr>\n<tr>\n<td>\u0095 x1 poliza de garantia<\/td>\n<\/tr>\n<\/table>\n","protected":false},"excerpt":{"rendered":"<p>Informacion general. La camara dahua dh-ipc-hfw3249e-s-il combina diseno moderno y tecnologia avanzada para proteger tu hogar o negocio. Con calidad full hd y un amplio angulo de vision, capta cada detalle, incluso de noche, gracias a su alcance de 50 metros. Su inteligencia artificial wizsense distingue entre personas y vehiculos, evitando falsas alarmas. Es resistente a cualquier clima y facil de instalar con poe. Ademas, incluye microfono para audio ambiental y almacenamiento opcional en tarjeta microsd. Caracteristicas principales. \u0095 sensor de imagen:  cmos de 2 mp 1\/2,9, baja luminancia e imagen de alta definicion. \u0095 salida maxima:  2 mp (1920 \u00d7 1080) a 25\/30 fps. \u0095 codec: h.265, alta tasa de compresion, tasa de bits ultrabaja. \u0095 iluminacion:  luz multinucleo integrada, la distancia maxima de infrarrojos es de 50 m y la distancia maxima de luz calida es de 50 m. \u0095 tecnologias: roi, smart h.264+\/h.265+, ai h.264\/h.265, codificacion flexible, aplicable a varios entornos de almacenamiento y ancho de banda. \u0095 funciones: modo de rotacion, wdr, 3d nr, hlc, blc, marca de agua digital, aplicable a varias escenas de monitoreo. \u0095 monitoreo inteligente: intrusion, trampa (las dos funciones apoyan la clasificacion y deteccion precisa de vehiculos y humanos). \u0095 deteccion de anomalias: deteccion de movimiento, manipulacion de video, cambio de escena, deteccion de audio, falta de tarjeta sd, tarjeta sd llena, error de tarjeta sd, desconexion de red, conflicto de ip, acceso ilegal y deteccion de voltaje. \u0095 almacenamiento: admite tarjeta micro sd de 512 g como maximo<\/p>\n","protected":false},"featured_media":259480,"comment_status":"open","ping_status":"open","template":"","meta":[],"product_cat":[1681,1608],"product_tag":[1555],"acf":[],"yoast_head":"<!-- This site is optimized with the Yoast SEO plugin v21.7 - https:\/\/yoast.com\/wordpress\/plugins\/seo\/ -->\n<title>[ Dahua ] &#129351; Dh-ipc-hfw3249e-s-il Camara Ip\/ \/ \/ Bullet De 2 Mp\/ Wizsense\/iluminador Dual\/ Lente De 2.8 Mm\/ 107\u00b0 De Apertura\/ Microfono Integrado\/ Ir De 50 M \/ Smd 4.0 \/ Ai Ssa\/quick Pick\/ Msd\/ Wdr\/ Poe Ip67<\/title>\n<meta name=\"description\" content=\"Compra Dh-ipc-hfw3249e-s-il Camara Ip\/ \/ \/ Bullet De 2 Mp\/ Wizsense\/iluminador Dual\/ Lente De 2.8 Mm\/ 107\u00b0 De Apertura\/ Microfono Integrado\/ Ir De 50 M \/ Smd 4.0 \/ Ai Ssa\/quick Pick\/ Msd\/ Wdr\/ Poe Ip67 + Env\u00edo a domicilio + Pago seguro + Garant\u00eda\" \/>\n<meta name=\"robots\" content=\"index, follow, max-snippet:-1, max-image-preview:large, max-video-preview:-1\" \/>\n<link rel=\"canonical\" href=\"https:\/\/compuviper.mx\/tienda\/producto\/dahua-dh-ipc-hfw3249e-s-il-camara-ip-bullet-de-2-mp-wizsense-iluminador-dual-lente-de-2-8-mm-107-de-apertura-microfono-integrado-ir-de-50-m-smd-4-0-ai-ssa-quick-pick-msd-wdr-poe-ip67\/\" \/>\n<meta property=\"og:locale\" content=\"es_MX\" \/>\n<meta property=\"og:type\" content=\"article\" \/>\n<meta property=\"og:title\" content=\"[ Dahua ] &#129351; Dh-ipc-hfw3249e-s-il Camara Ip\/ \/ \/ Bullet De 2 Mp\/ Wizsense\/iluminador Dual\/ Lente De 2.8 Mm\/ 107\u00b0 De Apertura\/ Microfono Integrado\/ Ir De 50 M \/ Smd 4.0 \/ Ai Ssa\/quick Pick\/ Msd\/ Wdr\/ Poe Ip67\" \/>\n<meta property=\"og:description\" content=\"Compra Dh-ipc-hfw3249e-s-il Camara Ip\/ \/ \/ Bullet De 2 Mp\/ Wizsense\/iluminador Dual\/ Lente De 2.8 Mm\/ 107\u00b0 De Apertura\/ Microfono Integrado\/ Ir De 50 M \/ Smd 4.0 \/ Ai Ssa\/quick Pick\/ Msd\/ Wdr\/ Poe Ip67 + Env\u00edo a domicilio + Pago seguro + Garant\u00eda\" \/>\n<meta property=\"og:url\" content=\"https:\/\/compuviper.mx\/tienda\/producto\/dahua-dh-ipc-hfw3249e-s-il-camara-ip-bullet-de-2-mp-wizsense-iluminador-dual-lente-de-2-8-mm-107-de-apertura-microfono-integrado-ir-de-50-m-smd-4-0-ai-ssa-quick-pick-msd-wdr-poe-ip67\/\" \/>\n<meta property=\"og:site_name\" content=\"Compuviper\" \/>\n<meta property=\"article:publisher\" content=\"https:\/\/www.facebook.com\/compuviper\" \/>\n<meta property=\"og:image\" content=\"https:\/\/compuviper.mx\/tienda\/wp-content\/uploads\/2025\/10\/Camara-ip-dahua-dh-ipc-hfw3249e-s-il-bullet-de-2-mp-wizsenseiluminador-dual-lente-de-2.8-mm-107\u00b0-de-apertura-microfono-integrado-ir-de-50-m-smd-4.0-ai-ssaquick-pick-msd-wdr-poe-ip67.jpg\" \/>\n\t<meta property=\"og:image:width\" content=\"200\" \/>\n\t<meta property=\"og:image:height\" content=\"200\" \/>\n\t<meta property=\"og:image:type\" content=\"image\/jpeg\" \/>\n<meta name=\"twitter:card\" content=\"summary_large_image\" \/>\n<meta name=\"twitter:label1\" content=\"Precio\" \/>\n\t<meta name=\"twitter:data1\" content=\"&#36;1,494 con IVA\" \/>\n\t<meta name=\"twitter:label2\" content=\"Availability\" \/>\n\t<meta name=\"twitter:data2\" content=\"In stock\" \/>\n<script type=\"application\/ld+json\" class=\"yoast-schema-graph\">{\"@context\":\"https:\/\/schema.org\",\"@graph\":[{\"@type\":\"WebPage\",\"@id\":\"https:\/\/compuviper.mx\/tienda\/producto\/dahua-dh-ipc-hfw3249e-s-il-camara-ip-bullet-de-2-mp-wizsense-iluminador-dual-lente-de-2-8-mm-107-de-apertura-microfono-integrado-ir-de-50-m-smd-4-0-ai-ssa-quick-pick-msd-wdr-poe-ip67\/\",\"url\":\"https:\/\/compuviper.mx\/tienda\/producto\/dahua-dh-ipc-hfw3249e-s-il-camara-ip-bullet-de-2-mp-wizsense-iluminador-dual-lente-de-2-8-mm-107-de-apertura-microfono-integrado-ir-de-50-m-smd-4-0-ai-ssa-quick-pick-msd-wdr-poe-ip67\/\",\"name\":\"[ Dahua ] &#129351; Dh-ipc-hfw3249e-s-il Camara Ip\/ \/ \/ Bullet De 2 Mp\/ Wizsense\/iluminador Dual\/ Lente De 2.8 Mm\/ 107\u00b0 De Apertura\/ Microfono Integrado\/ Ir De 50 M \/ Smd 4.0 \/ Ai Ssa\/quick Pick\/ Msd\/ Wdr\/ Poe Ip67\",\"isPartOf\":{\"@id\":\"https:\/\/compuviper.mx\/tienda\/#website\"},\"datePublished\":\"2026-04-23T06:18:11+00:00\",\"dateModified\":\"2026-04-23T06:18:11+00:00\",\"description\":\"Compra Dh-ipc-hfw3249e-s-il Camara Ip\/ \/ \/ Bullet De 2 Mp\/ Wizsense\/iluminador Dual\/ Lente De 2.8 Mm\/ 107\u00b0 De Apertura\/ Microfono Integrado\/ Ir De 50 M \/ Smd 4.0 \/ Ai Ssa\/quick Pick\/ Msd\/ Wdr\/ Poe Ip67 + Env\u00edo a domicilio + Pago seguro + Garant\u00eda\",\"breadcrumb\":{\"@id\":\"https:\/\/compuviper.mx\/tienda\/producto\/dahua-dh-ipc-hfw3249e-s-il-camara-ip-bullet-de-2-mp-wizsense-iluminador-dual-lente-de-2-8-mm-107-de-apertura-microfono-integrado-ir-de-50-m-smd-4-0-ai-ssa-quick-pick-msd-wdr-poe-ip67\/#breadcrumb\"},\"inLanguage\":\"es-MX\",\"potentialAction\":[{\"@type\":\"ReadAction\",\"target\":[\"https:\/\/compuviper.mx\/tienda\/producto\/dahua-dh-ipc-hfw3249e-s-il-camara-ip-bullet-de-2-mp-wizsense-iluminador-dual-lente-de-2-8-mm-107-de-apertura-microfono-integrado-ir-de-50-m-smd-4-0-ai-ssa-quick-pick-msd-wdr-poe-ip67\/\"]}]},{\"@type\":\"BreadcrumbList\",\"@id\":\"https:\/\/compuviper.mx\/tienda\/producto\/dahua-dh-ipc-hfw3249e-s-il-camara-ip-bullet-de-2-mp-wizsense-iluminador-dual-lente-de-2-8-mm-107-de-apertura-microfono-integrado-ir-de-50-m-smd-4-0-ai-ssa-quick-pick-msd-wdr-poe-ip67\/#breadcrumb\",\"itemListElement\":[{\"@type\":\"ListItem\",\"position\":1,\"name\":\"Inicio\",\"item\":\"https:\/\/compuviper.mx\/tienda\/\"},{\"@type\":\"ListItem\",\"position\":2,\"name\":\"Productos\",\"item\":\"https:\/\/compuviper.mx\/tienda\/productos\/\"},{\"@type\":\"ListItem\",\"position\":3,\"name\":\"Camaras\",\"item\":\"https:\/\/compuviper.mx\/tienda\/categoria-producto\/camaras-2\/\"},{\"@type\":\"ListItem\",\"position\":4,\"name\":\"Camara De Videovigilancia\",\"item\":\"https:\/\/compuviper.mx\/tienda\/categoria-producto\/camaras-2\/camara-de-videovigilancia\/\"},{\"@type\":\"ListItem\",\"position\":5,\"name\":\"Dahua Dh-ipc-hfw3249e-s-il Camara Ip\/ \/ \/ Bullet De 2 Mp\/ Wizsense\/iluminador Dual\/ Lente De 2.8 Mm\/ 107? De Apertura\/ Microfono Integrado\/ Ir De 50 M \/ Smd 4.0 \/ Ai Ssa\/quick Pick\/ Msd\/ Wdr\/ Poe Ip67\"}]},{\"@type\":\"WebSite\",\"@id\":\"https:\/\/compuviper.mx\/tienda\/#website\",\"url\":\"https:\/\/compuviper.mx\/tienda\/\",\"name\":\"Compuviper\",\"description\":\"Proveedor de Computadoras, Laptops, Servidores, Monitores, Puntos de Venta, Teclados,   Impresoras, T\u00f3ner, C\u00e1maras de Seguridad y m\u00e1s en tu tienda en l\u00ednea\",\"publisher\":{\"@id\":\"https:\/\/compuviper.mx\/tienda\/#organization\"},\"potentialAction\":[{\"@type\":\"SearchAction\",\"target\":{\"@type\":\"EntryPoint\",\"urlTemplate\":\"https:\/\/compuviper.mx\/tienda\/?s={search_term_string}\"},\"query-input\":\"required name=search_term_string\"}],\"inLanguage\":\"es-MX\"},{\"@type\":\"Organization\",\"@id\":\"https:\/\/compuviper.mx\/tienda\/#organization\",\"name\":\"Compuviper\",\"url\":\"https:\/\/compuviper.mx\/tienda\/\",\"logo\":{\"@type\":\"ImageObject\",\"inLanguage\":\"es-MX\",\"@id\":\"https:\/\/compuviper.mx\/tienda\/#\/schema\/logo\/image\/\",\"url\":\"https:\/\/compuviper.mx\/tienda\/wp-content\/uploads\/2021\/08\/Logo-Compuviper-10.png\",\"contentUrl\":\"https:\/\/compuviper.mx\/tienda\/wp-content\/uploads\/2021\/08\/Logo-Compuviper-10.png\",\"width\":1000,\"height\":500,\"caption\":\"Compuviper\"},\"image\":{\"@id\":\"https:\/\/compuviper.mx\/tienda\/#\/schema\/logo\/image\/\"},\"sameAs\":[\"https:\/\/www.facebook.com\/compuviper\",\"https:\/\/www.youtube.com\/channel\/UCf73dERp9Y3cfOq7q8BhLjA?view_as=subscriber\"]}]}<\/script>\n<meta property=\"product:brand\" content=\"DAHUA\" \/>\n<meta property=\"product:price:amount\" content=\"1494\" \/>\n<meta property=\"product:price:currency\" content=\"MXN\" \/>\n<meta property=\"og:availability\" content=\"instock\" \/>\n<meta property=\"product:availability\" content=\"instock\" \/>\n<meta property=\"product:retailer_item_id\" content=\"DH-IPC-HFW3249E-S-IL\" \/>\n<meta property=\"product:condition\" content=\"new\" \/>\n<!-- \/ Yoast SEO plugin. -->","yoast_head_json":{"title":"[ Dahua ] &#129351; Dh-ipc-hfw3249e-s-il Camara Ip\/ \/ \/ Bullet De 2 Mp\/ Wizsense\/iluminador Dual\/ Lente De 2.8 Mm\/ 107\u00b0 De Apertura\/ Microfono Integrado\/ Ir De 50 M \/ Smd 4.0 \/ Ai Ssa\/quick Pick\/ Msd\/ Wdr\/ Poe Ip67","description":"Compra Dh-ipc-hfw3249e-s-il Camara Ip\/ \/ \/ Bullet De 2 Mp\/ Wizsense\/iluminador Dual\/ Lente De 2.8 Mm\/ 107\u00b0 De Apertura\/ Microfono Integrado\/ Ir De 50 M \/ Smd 4.0 \/ Ai Ssa\/quick Pick\/ Msd\/ Wdr\/ Poe Ip67 + Env\u00edo a domicilio + Pago seguro + Garant\u00eda","robots":{"index":"index","follow":"follow","max-snippet":"max-snippet:-1","max-image-preview":"max-image-preview:large","max-video-preview":"max-video-preview:-1"},"canonical":"https:\/\/compuviper.mx\/tienda\/producto\/dahua-dh-ipc-hfw3249e-s-il-camara-ip-bullet-de-2-mp-wizsense-iluminador-dual-lente-de-2-8-mm-107-de-apertura-microfono-integrado-ir-de-50-m-smd-4-0-ai-ssa-quick-pick-msd-wdr-poe-ip67\/","og_locale":"es_MX","og_type":"article","og_title":"[ Dahua ] &#129351; Dh-ipc-hfw3249e-s-il Camara Ip\/ \/ \/ Bullet De 2 Mp\/ Wizsense\/iluminador Dual\/ Lente De 2.8 Mm\/ 107\u00b0 De Apertura\/ Microfono Integrado\/ Ir De 50 M \/ Smd 4.0 \/ Ai Ssa\/quick Pick\/ Msd\/ Wdr\/ Poe Ip67","og_description":"Compra Dh-ipc-hfw3249e-s-il Camara Ip\/ \/ \/ Bullet De 2 Mp\/ Wizsense\/iluminador Dual\/ Lente De 2.8 Mm\/ 107\u00b0 De Apertura\/ Microfono Integrado\/ Ir De 50 M \/ Smd 4.0 \/ Ai Ssa\/quick Pick\/ Msd\/ Wdr\/ Poe Ip67 + Env\u00edo a domicilio + Pago seguro + Garant\u00eda","og_url":"https:\/\/compuviper.mx\/tienda\/producto\/dahua-dh-ipc-hfw3249e-s-il-camara-ip-bullet-de-2-mp-wizsense-iluminador-dual-lente-de-2-8-mm-107-de-apertura-microfono-integrado-ir-de-50-m-smd-4-0-ai-ssa-quick-pick-msd-wdr-poe-ip67\/","og_site_name":"Compuviper","article_publisher":"https:\/\/www.facebook.com\/compuviper","og_image":[{"width":200,"height":200,"url":"https:\/\/compuviper.mx\/tienda\/wp-content\/uploads\/2025\/10\/Camara-ip-dahua-dh-ipc-hfw3249e-s-il-bullet-de-2-mp-wizsenseiluminador-dual-lente-de-2.8-mm-107\u00b0-de-apertura-microfono-integrado-ir-de-50-m-smd-4.0-ai-ssaquick-pick-msd-wdr-poe-ip67.jpg","type":"image\/jpeg"}],"twitter_card":"summary_large_image","twitter_misc":{"Precio":"&#36;1,494 con IVA","Availability":"In stock"},"schema":{"@context":"https:\/\/schema.org","@graph":[{"@type":"WebPage","@id":"https:\/\/compuviper.mx\/tienda\/producto\/dahua-dh-ipc-hfw3249e-s-il-camara-ip-bullet-de-2-mp-wizsense-iluminador-dual-lente-de-2-8-mm-107-de-apertura-microfono-integrado-ir-de-50-m-smd-4-0-ai-ssa-quick-pick-msd-wdr-poe-ip67\/","url":"https:\/\/compuviper.mx\/tienda\/producto\/dahua-dh-ipc-hfw3249e-s-il-camara-ip-bullet-de-2-mp-wizsense-iluminador-dual-lente-de-2-8-mm-107-de-apertura-microfono-integrado-ir-de-50-m-smd-4-0-ai-ssa-quick-pick-msd-wdr-poe-ip67\/","name":"[ Dahua ] &#129351; Dh-ipc-hfw3249e-s-il Camara Ip\/ \/ \/ Bullet De 2 Mp\/ Wizsense\/iluminador Dual\/ Lente De 2.8 Mm\/ 107\u00b0 De Apertura\/ Microfono Integrado\/ Ir De 50 M \/ Smd 4.0 \/ Ai Ssa\/quick Pick\/ Msd\/ Wdr\/ Poe Ip67","isPartOf":{"@id":"https:\/\/compuviper.mx\/tienda\/#website"},"datePublished":"2026-04-23T06:18:11+00:00","dateModified":"2026-04-23T06:18:11+00:00","description":"Compra Dh-ipc-hfw3249e-s-il Camara Ip\/ \/ \/ Bullet De 2 Mp\/ Wizsense\/iluminador Dual\/ Lente De 2.8 Mm\/ 107\u00b0 De Apertura\/ Microfono Integrado\/ Ir De 50 M \/ Smd 4.0 \/ Ai Ssa\/quick Pick\/ Msd\/ Wdr\/ Poe Ip67 + Env\u00edo a domicilio + Pago seguro + Garant\u00eda","breadcrumb":{"@id":"https:\/\/compuviper.mx\/tienda\/producto\/dahua-dh-ipc-hfw3249e-s-il-camara-ip-bullet-de-2-mp-wizsense-iluminador-dual-lente-de-2-8-mm-107-de-apertura-microfono-integrado-ir-de-50-m-smd-4-0-ai-ssa-quick-pick-msd-wdr-poe-ip67\/#breadcrumb"},"inLanguage":"es-MX","potentialAction":[{"@type":"ReadAction","target":["https:\/\/compuviper.mx\/tienda\/producto\/dahua-dh-ipc-hfw3249e-s-il-camara-ip-bullet-de-2-mp-wizsense-iluminador-dual-lente-de-2-8-mm-107-de-apertura-microfono-integrado-ir-de-50-m-smd-4-0-ai-ssa-quick-pick-msd-wdr-poe-ip67\/"]}]},{"@type":"BreadcrumbList","@id":"https:\/\/compuviper.mx\/tienda\/producto\/dahua-dh-ipc-hfw3249e-s-il-camara-ip-bullet-de-2-mp-wizsense-iluminador-dual-lente-de-2-8-mm-107-de-apertura-microfono-integrado-ir-de-50-m-smd-4-0-ai-ssa-quick-pick-msd-wdr-poe-ip67\/#breadcrumb","itemListElement":[{"@type":"ListItem","position":1,"name":"Inicio","item":"https:\/\/compuviper.mx\/tienda\/"},{"@type":"ListItem","position":2,"name":"Productos","item":"https:\/\/compuviper.mx\/tienda\/productos\/"},{"@type":"ListItem","position":3,"name":"Camaras","item":"https:\/\/compuviper.mx\/tienda\/categoria-producto\/camaras-2\/"},{"@type":"ListItem","position":4,"name":"Camara De Videovigilancia","item":"https:\/\/compuviper.mx\/tienda\/categoria-producto\/camaras-2\/camara-de-videovigilancia\/"},{"@type":"ListItem","position":5,"name":"Dahua Dh-ipc-hfw3249e-s-il Camara Ip\/ \/ \/ Bullet De 2 Mp\/ Wizsense\/iluminador Dual\/ Lente De 2.8 Mm\/ 107? De Apertura\/ Microfono Integrado\/ Ir De 50 M \/ Smd 4.0 \/ Ai Ssa\/quick Pick\/ Msd\/ Wdr\/ Poe Ip67"}]},{"@type":"WebSite","@id":"https:\/\/compuviper.mx\/tienda\/#website","url":"https:\/\/compuviper.mx\/tienda\/","name":"Compuviper","description":"Proveedor de Computadoras, Laptops, Servidores, Monitores, Puntos de Venta, Teclados,   Impresoras, T\u00f3ner, C\u00e1maras de Seguridad y m\u00e1s en tu tienda en l\u00ednea","publisher":{"@id":"https:\/\/compuviper.mx\/tienda\/#organization"},"potentialAction":[{"@type":"SearchAction","target":{"@type":"EntryPoint","urlTemplate":"https:\/\/compuviper.mx\/tienda\/?s={search_term_string}"},"query-input":"required name=search_term_string"}],"inLanguage":"es-MX"},{"@type":"Organization","@id":"https:\/\/compuviper.mx\/tienda\/#organization","name":"Compuviper","url":"https:\/\/compuviper.mx\/tienda\/","logo":{"@type":"ImageObject","inLanguage":"es-MX","@id":"https:\/\/compuviper.mx\/tienda\/#\/schema\/logo\/image\/","url":"https:\/\/compuviper.mx\/tienda\/wp-content\/uploads\/2021\/08\/Logo-Compuviper-10.png","contentUrl":"https:\/\/compuviper.mx\/tienda\/wp-content\/uploads\/2021\/08\/Logo-Compuviper-10.png","width":1000,"height":500,"caption":"Compuviper"},"image":{"@id":"https:\/\/compuviper.mx\/tienda\/#\/schema\/logo\/image\/"},"sameAs":["https:\/\/www.facebook.com\/compuviper","https:\/\/www.youtube.com\/channel\/UCf73dERp9Y3cfOq7q8BhLjA?view_as=subscriber"]}]},"product_brand":"DAHUA","product_price_amount":"1494","product_price_currency":"MXN","og_availability":"instock","product_availability":"instock","product_retailer_item_id":"DH-IPC-HFW3249E-S-IL","product_condition":"new"},"_links":{"self":[{"href":"https:\/\/compuviper.mx\/tienda\/wp-json\/wp\/v2\/product\/257112"}],"collection":[{"href":"https:\/\/compuviper.mx\/tienda\/wp-json\/wp\/v2\/product"}],"about":[{"href":"https:\/\/compuviper.mx\/tienda\/wp-json\/wp\/v2\/types\/product"}],"replies":[{"embeddable":true,"href":"https:\/\/compuviper.mx\/tienda\/wp-json\/wp\/v2\/comments?post=257112"}],"wp:featuredmedia":[{"embeddable":true,"href":"https:\/\/compuviper.mx\/tienda\/wp-json\/wp\/v2\/media\/259480"}],"wp:attachment":[{"href":"https:\/\/compuviper.mx\/tienda\/wp-json\/wp\/v2\/media?parent=257112"}],"wp:term":[{"taxonomy":"product_cat","embeddable":true,"href":"https:\/\/compuviper.mx\/tienda\/wp-json\/wp\/v2\/product_cat?post=257112"},{"taxonomy":"product_tag","embeddable":true,"href":"https:\/\/compuviper.mx\/tienda\/wp-json\/wp\/v2\/product_tag?post=257112"}],"curies":[{"name":"wp","href":"https:\/\/api.w.org\/{rel}","templated":true}]}}