{"id":257111,"date":"2026-04-16T00:19:35","date_gmt":"2026-04-16T06:19:35","guid":{"rendered":"https:\/\/compuviper.mx\/tienda\/producto\/ezviz-c6n-g1-4k-camara-8-mp-wi-fi-detecccion-inteligente-vision-nocturna-audio-dos-vias-microsd-hasta-512-and-8239gb-rj45-compresion-h-264-y-h-265\/"},"modified":"2026-04-16T00:19:35","modified_gmt":"2026-04-16T06:19:35","slug":"ezviz-c6n-g1-4k-camara-8-mp-wi-fi-detecccion-inteligente-vision-nocturna-audio-dos-vias-microsd-hasta-5128239gb-rj45-compresion-h-264-y-h-265","status":"publish","type":"product","link":"https:\/\/compuviper.mx\/tienda\/producto\/ezviz-c6n-g1-4k-camara-8-mp-wi-fi-detecccion-inteligente-vision-nocturna-audio-dos-vias-microsd-hasta-5128239gb-rj45-compresion-h-264-y-h-265\/","title":{"rendered":"Ezviz C6n G1 4k Camara \/  8 Mp \/ Wi Fi \/ Detecccion Inteligente \/ Vision Nocturna \/ Audio Dos Vias \/ Microsd Hasta 5128239gb \/ Rj45 \/ Compresion H.264 Y H.265"},"content":{"rendered":"<table class=\"descripcion\">\n<tr>\n<td>C\u00e1mara<\/td>\n<\/tr>\n<tr>\n<td>Sensor de imagen: cmos de escaneo progresivo de 1\/3<\/td>\n<\/tr>\n<tr>\n<td>Velocidad de obturaci\u00f3n: obturador auto-adaptativo<\/td>\n<\/tr>\n<tr>\n<td>Lente: 4 mm @ f1.6, \u00e1ngulo de visi\u00f3n:<\/td>\n<\/tr>\n<tr>\n<td>110\u00b0 (diagonal)<\/td>\n<\/tr>\n<tr>\n<td>92\u00b0 (horizontal)<\/td>\n<\/tr>\n<tr>\n<td>51\u00b0 (vertical)<\/td>\n<\/tr>\n<tr>\n<td>Montura de lente: m12<\/td>\n<\/tr>\n<tr>\n<td>Modo d\u00eda\/noche: filtro ir (infrarrojo) con conmutaci\u00f3n autom\u00e1tica<\/td>\n<\/tr>\n<tr>\n<td>Reducci\u00f3n de ruido digital (dnr): 3d dnr<\/td>\n<\/tr>\n<tr>\n<td>Alto rango din\u00e1mico (wdr): wdr real (true wdr)<\/td>\n<\/tr>\n<tr>\n<td>Compresi\u00f3n<\/td>\n<\/tr>\n<tr>\n<td>Compresi\u00f3n de video: h.264 \/ h.265<\/td>\n<\/tr>\n<tr>\n<td>Tasa de bits de video: tasa de bits adaptable<\/td>\n<\/tr>\n<tr>\n<td>Imagen<\/td>\n<\/tr>\n<tr>\n<td>Resoluci\u00f3n m\u00e1xima: 3840 \u00d7 2160 (4k)<\/td>\n<\/tr>\n<tr>\n<td>Velocidad de fotogramas: auto-adaptativa durante la transmisi\u00f3n de red<\/td>\n<\/tr>\n<tr>\n<td>Red<\/td>\n<\/tr>\n<tr>\n<td>Alarma inteligente:<\/td>\n<\/tr>\n<tr>\n<td>Detecci\u00f3n de movimiento<\/td>\n<\/tr>\n<tr>\n<td>Detecci\u00f3n de silueta humana<\/td>\n<\/tr>\n<tr>\n<td>Detecci\u00f3n de mascotas<\/td>\n<\/tr>\n<tr>\n<td>Detecci\u00f3n de ruidos fuertes<\/td>\n<\/tr>\n<tr>\n<td>Emparejamiento wi-fi:<\/td>\n<\/tr>\n<tr>\n<td>Emparejamiento mediante punto de acceso (ap)<\/td>\n<\/tr>\n<tr>\n<td>Emparejamiento por bluetooth<\/td>\n<\/tr>\n<tr>\n<td>Protocolo: protocolo propietario en la nube de ezviz<\/td>\n<\/tr>\n<tr>\n<td>Protocolo de interfaz: protocolo propietario en la nube de ezviz<\/td>\n<\/tr>\n<tr>\n<td>Interfaz<\/td>\n<\/tr>\n<tr>\n<td>Almacenamiento: ranura para tarjeta microsd (hasta 512 and #8239;gb)<\/td>\n<\/tr>\n<tr>\n<td>Alimentaci\u00f3n: tipo-c<\/td>\n<\/tr>\n<tr>\n<td>Red cableada: 1 puerto rj45 (ethernet auto-adaptativo 10m\/100m)<\/td>\n<\/tr>\n<tr>\n<td>Wi-fi<\/td>\n<\/tr>\n<tr>\n<td>Est\u00e1ndares: ieee 802.11 a\/b\/g\/n<\/td>\n<\/tr>\n<tr>\n<td>Rango de frecuencia:<\/td>\n<\/tr>\n<tr>\n<td>2.4 ghz: 2.4 ghz ~ 2.4835 ghz<\/td>\n<\/tr>\n<tr>\n<td>5 ghz: 5.17 ghz ~ 5.25 ghz<\/td>\n<\/tr>\n<tr>\n<td>Ancho de canal:<\/td>\n<\/tr>\n<tr>\n<td>2.4 ghz: soporta 20 mhz<\/td>\n<\/tr>\n<tr>\n<td>5 ghz: soporta 80 mhz<\/td>\n<\/tr>\n<tr>\n<td>Seguridad: wpa \/ wpa2, wpa-psk \/ wpa2-psk<\/td>\n<\/tr>\n<tr>\n<td>Tasa de transmisi\u00f3n:<\/td>\n<\/tr>\n<tr>\n<td>11b: 11 mbps<\/td>\n<\/tr>\n<tr>\n<td>11g: 54 mbps<\/td>\n<\/tr>\n<tr>\n<td>11n: mcs7<\/td>\n<\/tr>\n<tr>\n<td>11a: 54 mbps<\/td>\n<\/tr>\n<tr>\n<td>11ac: mcs9<\/td>\n<\/tr>\n<tr>\n<td>11ax: mcs11<\/td>\n<\/tr>\n<tr>\n<td>Potencia de salida (eirp): 19 dbm<\/td>\n<\/tr>\n<tr>\n<td>Ganancia de antena: 1.9 dbi<\/td>\n<\/tr>\n<tr>\n<td>General<\/td>\n<\/tr>\n<tr>\n<td>Condiciones de funcionamiento:<\/td>\n<\/tr>\n<tr>\n<td>Temperatura: -10\u00b0c a 45\u00b0c (14\u00b0f a 113\u00b0f)<\/td>\n<\/tr>\n<tr>\n<td>Humedad: 95% o menos (sin condensaci\u00f3n)<\/td>\n<\/tr>\n<tr>\n<td>Fuente de alimentaci\u00f3n: dc 5v \/ 2a<\/td>\n<\/tr>\n<tr>\n<td>Consumo de energ\u00eda: m\u00e1ximo 8w<\/td>\n<\/tr>\n<tr>\n<td>Alcance del ir (visi\u00f3n nocturna): hasta 10 metros (32.81 pies)<\/td>\n<\/tr>\n<tr>\n<td>Dimensiones del dispositivo: 88 mm \u00d7 88 mm \u00d7 113 mm (3.46\u0094 \u00d7 3.46\u0094 \u00d7 4.45\u0094)<\/td>\n<\/tr>\n<tr>\n<td>Dimensiones del empaque: 103 mm \u00d7 103 mm \u00d7 168 mm (4.06\u0094 \u00d7 4.06\u0094 \u00d7 6.61\u0094)<\/td>\n<\/tr>\n<tr>\n<td>Peso neto (sin empaque): 222 g (0.49 lb)<\/td>\n<\/tr>\n<\/table>\n","protected":false},"excerpt":{"rendered":"<p>C\u00e1mara Sensor de imagen: cmos de escaneo progresivo de 1\/3 Velocidad de obturaci\u00f3n: obturador auto-adaptativo Lente: 4 mm @ f1.6, \u00e1ngulo de visi\u00f3n: 110\u00b0 (diagonal) 92\u00b0 (horizontal) 51\u00b0 (vertical) Montura de lente: m12 Modo d\u00eda\/noche: filtro ir (infrarrojo) con conmutaci\u00f3n autom\u00e1tica Reducci\u00f3n de ruido digital (dnr): 3d dnr Alto rango din\u00e1mico (wdr): wdr real (true [&hellip;]<\/p>\n","protected":false},"featured_media":259479,"comment_status":"open","ping_status":"open","template":"","meta":[],"product_cat":[1608,1681],"product_tag":[2123],"acf":[],"yoast_head":"<!-- This site is optimized with the Yoast SEO plugin v21.7 - https:\/\/yoast.com\/wordpress\/plugins\/seo\/ -->\n<title>[ Ezviz ] &#129351; C6n G1 4k Camara \/ 8 Mp \/ Wi Fi \/ Detecccion Inteligente \/ Vision Nocturna \/ Audio Dos Vias \/ Microsd Hasta 5128239gb \/ Rj45 \/ Compresion H.264 Y H.265<\/title>\n<meta name=\"description\" content=\"Compra C6n G1 4k Camara \/ 8 Mp \/ Wi Fi \/ Detecccion Inteligente \/ Vision Nocturna \/ Audio Dos Vias \/ Microsd Hasta 5128239gb \/ Rj45 \/ Compresion H.264 Y H.265 + Env\u00edo a domicilio + Pago seguro + Garant\u00eda\" \/>\n<meta name=\"robots\" content=\"index, follow, max-snippet:-1, max-image-preview:large, max-video-preview:-1\" \/>\n<link rel=\"canonical\" href=\"https:\/\/compuviper.mx\/tienda\/producto\/ezviz-c6n-g1-4k-camara-8-mp-wi-fi-detecccion-inteligente-vision-nocturna-audio-dos-vias-microsd-hasta-5128239gb-rj45-compresion-h-264-y-h-265\/\" \/>\n<meta property=\"og:locale\" content=\"es_MX\" \/>\n<meta property=\"og:type\" content=\"article\" \/>\n<meta property=\"og:title\" content=\"[ Ezviz ] &#129351; C6n G1 4k Camara \/ 8 Mp \/ Wi Fi \/ Detecccion Inteligente \/ Vision Nocturna \/ Audio Dos Vias \/ Microsd Hasta 5128239gb \/ Rj45 \/ Compresion H.264 Y H.265\" \/>\n<meta property=\"og:description\" content=\"Compra C6n G1 4k Camara \/ 8 Mp \/ Wi Fi \/ Detecccion Inteligente \/ Vision Nocturna \/ Audio Dos Vias \/ Microsd Hasta 5128239gb \/ Rj45 \/ Compresion H.264 Y H.265 + Env\u00edo a domicilio + Pago seguro + Garant\u00eda\" \/>\n<meta property=\"og:url\" content=\"https:\/\/compuviper.mx\/tienda\/producto\/ezviz-c6n-g1-4k-camara-8-mp-wi-fi-detecccion-inteligente-vision-nocturna-audio-dos-vias-microsd-hasta-5128239gb-rj45-compresion-h-264-y-h-265\/\" \/>\n<meta property=\"og:site_name\" content=\"Compuviper\" \/>\n<meta property=\"article:publisher\" content=\"https:\/\/www.facebook.com\/compuviper\" \/>\n<meta property=\"og:image\" content=\"https:\/\/compuviper.mx\/tienda\/wp-content\/uploads\/2025\/10\/Camara-ezviz-c6n-g1-4k-8-mp-wi-fi-detecccion-inteligente-vision-nocturna-audio-dos-vias-microsd-hasta-512-and-8239gb-rj45-compresion-h.264-y-h.265.jpg\" \/>\n\t<meta property=\"og:image:width\" content=\"200\" \/>\n\t<meta property=\"og:image:height\" content=\"200\" \/>\n\t<meta property=\"og:image:type\" content=\"image\/jpeg\" \/>\n<meta name=\"twitter:card\" content=\"summary_large_image\" \/>\n<meta name=\"twitter:label1\" content=\"Precio\" \/>\n\t<meta name=\"twitter:data1\" content=\"&#36;679 con IVA\" \/>\n\t<meta name=\"twitter:label2\" content=\"Availability\" \/>\n\t<meta name=\"twitter:data2\" content=\"In stock\" \/>\n<script type=\"application\/ld+json\" class=\"yoast-schema-graph\">{\"@context\":\"https:\/\/schema.org\",\"@graph\":[{\"@type\":\"WebPage\",\"@id\":\"https:\/\/compuviper.mx\/tienda\/producto\/ezviz-c6n-g1-4k-camara-8-mp-wi-fi-detecccion-inteligente-vision-nocturna-audio-dos-vias-microsd-hasta-5128239gb-rj45-compresion-h-264-y-h-265\/\",\"url\":\"https:\/\/compuviper.mx\/tienda\/producto\/ezviz-c6n-g1-4k-camara-8-mp-wi-fi-detecccion-inteligente-vision-nocturna-audio-dos-vias-microsd-hasta-5128239gb-rj45-compresion-h-264-y-h-265\/\",\"name\":\"[ Ezviz ] &#129351; C6n G1 4k Camara \/ 8 Mp \/ Wi Fi \/ Detecccion Inteligente \/ Vision Nocturna \/ Audio Dos Vias \/ Microsd Hasta 5128239gb \/ Rj45 \/ Compresion H.264 Y H.265\",\"isPartOf\":{\"@id\":\"https:\/\/compuviper.mx\/tienda\/#website\"},\"datePublished\":\"2026-04-16T06:19:35+00:00\",\"dateModified\":\"2026-04-16T06:19:35+00:00\",\"description\":\"Compra C6n G1 4k Camara \/ 8 Mp \/ Wi Fi \/ Detecccion Inteligente \/ Vision Nocturna \/ Audio Dos Vias \/ Microsd Hasta 5128239gb \/ Rj45 \/ Compresion H.264 Y H.265 + Env\u00edo a domicilio + Pago seguro + Garant\u00eda\",\"breadcrumb\":{\"@id\":\"https:\/\/compuviper.mx\/tienda\/producto\/ezviz-c6n-g1-4k-camara-8-mp-wi-fi-detecccion-inteligente-vision-nocturna-audio-dos-vias-microsd-hasta-5128239gb-rj45-compresion-h-264-y-h-265\/#breadcrumb\"},\"inLanguage\":\"es-MX\",\"potentialAction\":[{\"@type\":\"ReadAction\",\"target\":[\"https:\/\/compuviper.mx\/tienda\/producto\/ezviz-c6n-g1-4k-camara-8-mp-wi-fi-detecccion-inteligente-vision-nocturna-audio-dos-vias-microsd-hasta-5128239gb-rj45-compresion-h-264-y-h-265\/\"]}]},{\"@type\":\"BreadcrumbList\",\"@id\":\"https:\/\/compuviper.mx\/tienda\/producto\/ezviz-c6n-g1-4k-camara-8-mp-wi-fi-detecccion-inteligente-vision-nocturna-audio-dos-vias-microsd-hasta-5128239gb-rj45-compresion-h-264-y-h-265\/#breadcrumb\",\"itemListElement\":[{\"@type\":\"ListItem\",\"position\":1,\"name\":\"Inicio\",\"item\":\"https:\/\/compuviper.mx\/tienda\/\"},{\"@type\":\"ListItem\",\"position\":2,\"name\":\"Productos\",\"item\":\"https:\/\/compuviper.mx\/tienda\/productos\/\"},{\"@type\":\"ListItem\",\"position\":3,\"name\":\"Camaras\",\"item\":\"https:\/\/compuviper.mx\/tienda\/categoria-producto\/camaras-2\/\"},{\"@type\":\"ListItem\",\"position\":4,\"name\":\"Camara De Videovigilancia\",\"item\":\"https:\/\/compuviper.mx\/tienda\/categoria-producto\/camaras-2\/camara-de-videovigilancia\/\"},{\"@type\":\"ListItem\",\"position\":5,\"name\":\"Ezviz C6n G1 4k Camara \/ 8 Mp \/ Wi Fi \/ Detecccion Inteligente \/ Vision Nocturna \/ Audio Dos Vias \/ Microsd Hasta 5128239gb \/ Rj45 \/ Compresion H.264 Y H.265\"}]},{\"@type\":\"WebSite\",\"@id\":\"https:\/\/compuviper.mx\/tienda\/#website\",\"url\":\"https:\/\/compuviper.mx\/tienda\/\",\"name\":\"Compuviper\",\"description\":\"Proveedor de Computadoras, Laptops, Servidores, Monitores, Puntos de Venta, Teclados,   Impresoras, T\u00f3ner, C\u00e1maras de Seguridad y m\u00e1s en tu tienda en l\u00ednea\",\"publisher\":{\"@id\":\"https:\/\/compuviper.mx\/tienda\/#organization\"},\"potentialAction\":[{\"@type\":\"SearchAction\",\"target\":{\"@type\":\"EntryPoint\",\"urlTemplate\":\"https:\/\/compuviper.mx\/tienda\/?s={search_term_string}\"},\"query-input\":\"required name=search_term_string\"}],\"inLanguage\":\"es-MX\"},{\"@type\":\"Organization\",\"@id\":\"https:\/\/compuviper.mx\/tienda\/#organization\",\"name\":\"Compuviper\",\"url\":\"https:\/\/compuviper.mx\/tienda\/\",\"logo\":{\"@type\":\"ImageObject\",\"inLanguage\":\"es-MX\",\"@id\":\"https:\/\/compuviper.mx\/tienda\/#\/schema\/logo\/image\/\",\"url\":\"https:\/\/compuviper.mx\/tienda\/wp-content\/uploads\/2021\/08\/Logo-Compuviper-10.png\",\"contentUrl\":\"https:\/\/compuviper.mx\/tienda\/wp-content\/uploads\/2021\/08\/Logo-Compuviper-10.png\",\"width\":1000,\"height\":500,\"caption\":\"Compuviper\"},\"image\":{\"@id\":\"https:\/\/compuviper.mx\/tienda\/#\/schema\/logo\/image\/\"},\"sameAs\":[\"https:\/\/www.facebook.com\/compuviper\",\"https:\/\/www.youtube.com\/channel\/UCf73dERp9Y3cfOq7q8BhLjA?view_as=subscriber\"]}]}<\/script>\n<meta property=\"product:brand\" content=\"Ezviz\" \/>\n<meta property=\"product:price:amount\" content=\"679\" \/>\n<meta property=\"product:price:currency\" content=\"MXN\" \/>\n<meta property=\"og:availability\" content=\"instock\" \/>\n<meta property=\"product:availability\" content=\"instock\" \/>\n<meta property=\"product:retailer_item_id\" content=\"C6N G1 4K\" \/>\n<meta property=\"product:condition\" content=\"new\" \/>\n<!-- \/ Yoast SEO plugin. -->","yoast_head_json":{"title":"[ Ezviz ] &#129351; C6n G1 4k Camara \/ 8 Mp \/ Wi Fi \/ Detecccion Inteligente \/ Vision Nocturna \/ Audio Dos Vias \/ Microsd Hasta 5128239gb \/ Rj45 \/ Compresion H.264 Y H.265","description":"Compra C6n G1 4k Camara \/ 8 Mp \/ Wi Fi \/ Detecccion Inteligente \/ Vision Nocturna \/ Audio Dos Vias \/ Microsd Hasta 5128239gb \/ Rj45 \/ Compresion H.264 Y H.265 + Env\u00edo a domicilio + Pago seguro + Garant\u00eda","robots":{"index":"index","follow":"follow","max-snippet":"max-snippet:-1","max-image-preview":"max-image-preview:large","max-video-preview":"max-video-preview:-1"},"canonical":"https:\/\/compuviper.mx\/tienda\/producto\/ezviz-c6n-g1-4k-camara-8-mp-wi-fi-detecccion-inteligente-vision-nocturna-audio-dos-vias-microsd-hasta-5128239gb-rj45-compresion-h-264-y-h-265\/","og_locale":"es_MX","og_type":"article","og_title":"[ Ezviz ] &#129351; C6n G1 4k Camara \/ 8 Mp \/ Wi Fi \/ Detecccion Inteligente \/ Vision Nocturna \/ Audio Dos Vias \/ Microsd Hasta 5128239gb \/ Rj45 \/ Compresion H.264 Y H.265","og_description":"Compra C6n G1 4k Camara \/ 8 Mp \/ Wi Fi \/ Detecccion Inteligente \/ Vision Nocturna \/ Audio Dos Vias \/ Microsd Hasta 5128239gb \/ Rj45 \/ Compresion H.264 Y H.265 + Env\u00edo a domicilio + Pago seguro + Garant\u00eda","og_url":"https:\/\/compuviper.mx\/tienda\/producto\/ezviz-c6n-g1-4k-camara-8-mp-wi-fi-detecccion-inteligente-vision-nocturna-audio-dos-vias-microsd-hasta-5128239gb-rj45-compresion-h-264-y-h-265\/","og_site_name":"Compuviper","article_publisher":"https:\/\/www.facebook.com\/compuviper","og_image":[{"width":200,"height":200,"url":"https:\/\/compuviper.mx\/tienda\/wp-content\/uploads\/2025\/10\/Camara-ezviz-c6n-g1-4k-8-mp-wi-fi-detecccion-inteligente-vision-nocturna-audio-dos-vias-microsd-hasta-512-and-8239gb-rj45-compresion-h.264-y-h.265.jpg","type":"image\/jpeg"}],"twitter_card":"summary_large_image","twitter_misc":{"Precio":"&#36;679 con IVA","Availability":"In stock"},"schema":{"@context":"https:\/\/schema.org","@graph":[{"@type":"WebPage","@id":"https:\/\/compuviper.mx\/tienda\/producto\/ezviz-c6n-g1-4k-camara-8-mp-wi-fi-detecccion-inteligente-vision-nocturna-audio-dos-vias-microsd-hasta-5128239gb-rj45-compresion-h-264-y-h-265\/","url":"https:\/\/compuviper.mx\/tienda\/producto\/ezviz-c6n-g1-4k-camara-8-mp-wi-fi-detecccion-inteligente-vision-nocturna-audio-dos-vias-microsd-hasta-5128239gb-rj45-compresion-h-264-y-h-265\/","name":"[ Ezviz ] &#129351; C6n G1 4k Camara \/ 8 Mp \/ Wi Fi \/ Detecccion Inteligente \/ Vision Nocturna \/ Audio Dos Vias \/ Microsd Hasta 5128239gb \/ Rj45 \/ Compresion H.264 Y H.265","isPartOf":{"@id":"https:\/\/compuviper.mx\/tienda\/#website"},"datePublished":"2026-04-16T06:19:35+00:00","dateModified":"2026-04-16T06:19:35+00:00","description":"Compra C6n G1 4k Camara \/ 8 Mp \/ Wi Fi \/ Detecccion Inteligente \/ Vision Nocturna \/ Audio Dos Vias \/ Microsd Hasta 5128239gb \/ Rj45 \/ Compresion H.264 Y H.265 + Env\u00edo a domicilio + Pago seguro + Garant\u00eda","breadcrumb":{"@id":"https:\/\/compuviper.mx\/tienda\/producto\/ezviz-c6n-g1-4k-camara-8-mp-wi-fi-detecccion-inteligente-vision-nocturna-audio-dos-vias-microsd-hasta-5128239gb-rj45-compresion-h-264-y-h-265\/#breadcrumb"},"inLanguage":"es-MX","potentialAction":[{"@type":"ReadAction","target":["https:\/\/compuviper.mx\/tienda\/producto\/ezviz-c6n-g1-4k-camara-8-mp-wi-fi-detecccion-inteligente-vision-nocturna-audio-dos-vias-microsd-hasta-5128239gb-rj45-compresion-h-264-y-h-265\/"]}]},{"@type":"BreadcrumbList","@id":"https:\/\/compuviper.mx\/tienda\/producto\/ezviz-c6n-g1-4k-camara-8-mp-wi-fi-detecccion-inteligente-vision-nocturna-audio-dos-vias-microsd-hasta-5128239gb-rj45-compresion-h-264-y-h-265\/#breadcrumb","itemListElement":[{"@type":"ListItem","position":1,"name":"Inicio","item":"https:\/\/compuviper.mx\/tienda\/"},{"@type":"ListItem","position":2,"name":"Productos","item":"https:\/\/compuviper.mx\/tienda\/productos\/"},{"@type":"ListItem","position":3,"name":"Camaras","item":"https:\/\/compuviper.mx\/tienda\/categoria-producto\/camaras-2\/"},{"@type":"ListItem","position":4,"name":"Camara De Videovigilancia","item":"https:\/\/compuviper.mx\/tienda\/categoria-producto\/camaras-2\/camara-de-videovigilancia\/"},{"@type":"ListItem","position":5,"name":"Ezviz C6n G1 4k Camara \/ 8 Mp \/ Wi Fi \/ Detecccion Inteligente \/ Vision Nocturna \/ Audio Dos Vias \/ Microsd Hasta 5128239gb \/ Rj45 \/ Compresion H.264 Y H.265"}]},{"@type":"WebSite","@id":"https:\/\/compuviper.mx\/tienda\/#website","url":"https:\/\/compuviper.mx\/tienda\/","name":"Compuviper","description":"Proveedor de Computadoras, Laptops, Servidores, Monitores, Puntos de Venta, Teclados,   Impresoras, T\u00f3ner, C\u00e1maras de Seguridad y m\u00e1s en tu tienda en l\u00ednea","publisher":{"@id":"https:\/\/compuviper.mx\/tienda\/#organization"},"potentialAction":[{"@type":"SearchAction","target":{"@type":"EntryPoint","urlTemplate":"https:\/\/compuviper.mx\/tienda\/?s={search_term_string}"},"query-input":"required name=search_term_string"}],"inLanguage":"es-MX"},{"@type":"Organization","@id":"https:\/\/compuviper.mx\/tienda\/#organization","name":"Compuviper","url":"https:\/\/compuviper.mx\/tienda\/","logo":{"@type":"ImageObject","inLanguage":"es-MX","@id":"https:\/\/compuviper.mx\/tienda\/#\/schema\/logo\/image\/","url":"https:\/\/compuviper.mx\/tienda\/wp-content\/uploads\/2021\/08\/Logo-Compuviper-10.png","contentUrl":"https:\/\/compuviper.mx\/tienda\/wp-content\/uploads\/2021\/08\/Logo-Compuviper-10.png","width":1000,"height":500,"caption":"Compuviper"},"image":{"@id":"https:\/\/compuviper.mx\/tienda\/#\/schema\/logo\/image\/"},"sameAs":["https:\/\/www.facebook.com\/compuviper","https:\/\/www.youtube.com\/channel\/UCf73dERp9Y3cfOq7q8BhLjA?view_as=subscriber"]}]},"product_brand":"Ezviz","product_price_amount":"679","product_price_currency":"MXN","og_availability":"instock","product_availability":"instock","product_retailer_item_id":"C6N G1 4K","product_condition":"new"},"_links":{"self":[{"href":"https:\/\/compuviper.mx\/tienda\/wp-json\/wp\/v2\/product\/257111"}],"collection":[{"href":"https:\/\/compuviper.mx\/tienda\/wp-json\/wp\/v2\/product"}],"about":[{"href":"https:\/\/compuviper.mx\/tienda\/wp-json\/wp\/v2\/types\/product"}],"replies":[{"embeddable":true,"href":"https:\/\/compuviper.mx\/tienda\/wp-json\/wp\/v2\/comments?post=257111"}],"wp:featuredmedia":[{"embeddable":true,"href":"https:\/\/compuviper.mx\/tienda\/wp-json\/wp\/v2\/media\/259479"}],"wp:attachment":[{"href":"https:\/\/compuviper.mx\/tienda\/wp-json\/wp\/v2\/media?parent=257111"}],"wp:term":[{"taxonomy":"product_cat","embeddable":true,"href":"https:\/\/compuviper.mx\/tienda\/wp-json\/wp\/v2\/product_cat?post=257111"},{"taxonomy":"product_tag","embeddable":true,"href":"https:\/\/compuviper.mx\/tienda\/wp-json\/wp\/v2\/product_tag?post=257111"}],"curies":[{"name":"wp","href":"https:\/\/api.w.org\/{rel}","templated":true}]}}