{"id":257058,"date":"2026-04-25T00:45:30","date_gmt":"2026-04-25T06:45:30","guid":{"rendered":"https:\/\/compuviper.mx\/tienda\/producto\/sharp-display-pn-m652-monitor-profesional-sharp-65-uhd-3840-x-2160-24-7-550-cd-m2-80001-hdmi-displayport-hdcp-usb-rj-45-intel-sdm-y-rpi4\/"},"modified":"2026-04-25T00:45:30","modified_gmt":"2026-04-25T06:45:30","slug":"sharp-display-pn-m652-monitor-profesional-sharp-65-uhd-3840-x-2160-24-7-550-cd-m2-80001-hdmi-displayport-hdcp-usb-rj-45-intel-sdm-y-rpi4","status":"publish","type":"product","link":"https:\/\/compuviper.mx\/tienda\/producto\/sharp-display-pn-m652-monitor-profesional-sharp-65-uhd-3840-x-2160-24-7-550-cd-m2-80001-hdmi-displayport-hdcp-usb-rj-45-intel-sdm-y-rpi4\/","title":{"rendered":"Sharp Display Pn-m652 Monitor Profesional Sharp 65  Uhd 3840 X 2160 24\/7, 550 Cd\/m2, 80001, Hdmi, Displayport Hdcp, Usb, Rj-45, Intel Sdm Y Rpi4"},"content":{"rendered":"<table class=\"descripcion\">\n<tr>\n<td>Tecnolog\u00eda de paneles ips con retroiluminaci\u00f3n led directa<\/td>\n<\/tr>\n<tr>\n<td>\u00e1rea de pantalla activa (an. x al.) [mm] 1.428,5 x 803,5<\/td>\n<\/tr>\n<tr>\n<td>Tama\u00f1o de pantalla [pulgadas\/cm] 64,5 \/ 163,9<\/td>\n<\/tr>\n<tr>\n<td>Relaci\u00f3n de aspecto 16:9<\/td>\n<\/tr>\n<tr>\n<td>Paso de p\u00edxeles [mm] 0.372<\/td>\n<\/tr>\n<tr>\n<td>Brillo [cd\/m\u00b2] 550<\/td>\n<\/tr>\n<tr>\n<td>Relaci\u00f3n de contraste  and #8805; 8000:1 1<\/td>\n<\/tr>\n<tr>\n<td>\u00e1ngulo de visi\u00f3n [\u00b0] 178 horizontales \/ 178 verticales (t\u00edpico con una relaci\u00f3n de contraste de 10:1)<\/td>\n<\/tr>\n<tr>\n<td>Profundidad de color [bn] 1.073 (10 bits)<\/td>\n<\/tr>\n<tr>\n<td>Gama de colores 72% de ntsc<\/td>\n<\/tr>\n<tr>\n<td>Tiempo de respuesta (t\u00edpico) [ms] 8<\/td>\n<\/tr>\n<tr>\n<td>Frecuencia de actualizaci\u00f3n del panel [hz] 60<\/td>\n<\/tr>\n<tr>\n<td>Nivel de neblina [%] pro (25)<\/td>\n<\/tr>\n<tr>\n<td>Orientaci\u00f3n con apoyo boca arriba 2 ; paisaje; retrato<\/td>\n<\/tr>\n<tr>\n<td>Resoluci\u00f3n<\/td>\n<\/tr>\n<tr>\n<td>Resoluci\u00f3n nativa<\/td>\n<\/tr>\n<tr>\n<td>3840 x 2160<\/td>\n<\/tr>\n<tr>\n<td>Resoluciones admitidas<\/td>\n<\/tr>\n<tr>\n<td>1024 x 768;<\/td>\n<\/tr>\n<tr>\n<td>1270 x 720;<\/td>\n<\/tr>\n<tr>\n<td>1280 x 1024;<\/td>\n<\/tr>\n<tr>\n<td>1280 x 720;<\/td>\n<\/tr>\n<tr>\n<td>1280 x 800;<\/td>\n<\/tr>\n<tr>\n<td>1360 x 768;<\/td>\n<\/tr>\n<tr>\n<td>1366 x 768;<\/td>\n<\/tr>\n<tr>\n<td>1400 x 1050;<\/td>\n<\/tr>\n<tr>\n<td>1440 x 900;<\/td>\n<\/tr>\n<tr>\n<td>1600 x 1200;<\/td>\n<\/tr>\n<tr>\n<td>1680 x 1050;<\/td>\n<\/tr>\n<tr>\n<td>1920 x 1080;<\/td>\n<\/tr>\n<tr>\n<td>1920 x 1200;<\/td>\n<\/tr>\n<tr>\n<td>1920 x 1200;<\/td>\n<\/tr>\n<tr>\n<td>1920 x 2160;<\/td>\n<\/tr>\n<tr>\n<td>3840 x 2160;<\/td>\n<\/tr>\n<tr>\n<td>4096 x 2160;<\/td>\n<\/tr>\n<tr>\n<td>640 x 480;<\/td>\n<\/tr>\n<tr>\n<td>720 x 400;<\/td>\n<\/tr>\n<tr>\n<td>720 x 480;<\/td>\n<\/tr>\n<tr>\n<td>720 x 576;<\/td>\n<\/tr>\n<tr>\n<td>800 x 600<\/td>\n<\/tr>\n<tr>\n<td>Tasa de sincronizaci\u00f3n<\/td>\n<\/tr>\n<tr>\n<td>Frecuencia horizontal [khz] 15 &#8211; 135<\/td>\n<\/tr>\n<tr>\n<td>Frecuencia vertical [hz] 23 &#8211; 76<\/td>\n<\/tr>\n<tr>\n<td>Conectividad<\/td>\n<\/tr>\n<tr>\n<td>Entrada hdmi 1 entrada de v\u00eddeo; uhd (60 hz) hdcp (2.2); entrada de audio; arc; cec<\/td>\n<\/tr>\n<tr>\n<td>Entrada hdmi 2 entrada de v\u00eddeo; uhd (60 hz) hdcp (2.2); entrada de audio; cec<\/td>\n<\/tr>\n<tr>\n<td>Salida hdmi salida de video; uhd (60 hz) hdcp (2.2); salida de audio; conexi\u00f3n en bucle: hdmi in 2, opci\u00f3n, m\u00f3dulo de c\u00f3mputo<\/td>\n<\/tr>\n<tr>\n<td>Dp en 1 entrada de v\u00eddeo; uhd (60 hz) dp 1.2; hdcp (2.2); entrada de audio<\/td>\n<\/tr>\n<tr>\n<td>Salida dp salida de video; uhd (60 hz) dp 1.2; hdcp (2.2); salida de audio; conexi\u00f3n en bucle: displayport in, usb-c 2<\/td>\n<\/tr>\n<tr>\n<td>Usb-a 1 usb (2.0\/3.2); 4,5 w; perif\u00e9ricos; almacenamiento usb<\/td>\n<\/tr>\n<tr>\n<td>Usb-a (servicio) 2,5 w; servicio<\/td>\n<\/tr>\n<tr>\n<td>Usb-c 1 entrada de v\u00eddeo; uhd (60 hz); dp alt. 1.2; hdcp (2.2); entrada de audio; usb 2.0\/3.2; 65 w<\/td>\n<\/tr>\n<tr>\n<td>Usb-c 2 usb 2.0\/3.2; 7,5 w; perif\u00e9ricos; almacenamiento<\/td>\n<\/tr>\n<tr>\n<td>Salida de audio (3,5 mm) salida de audio; salida de l\u00ednea<\/td>\n<\/tr>\n<tr>\n<td>Lan 1 100 mbit\/s<\/td>\n<\/tr>\n<tr>\n<td>Lan 2 bucle: lan 1, rs-232c, ir; 100 mbit\/s<\/td>\n<\/tr>\n<tr>\n<td>Rs-232c 9600 bps<\/td>\n<\/tr>\n<tr>\n<td>Entrada remota (3,5 mm) sensor ecol\u00f3gico (extensor ir, ambiente y presencia)<\/td>\n<\/tr>\n<tr>\n<td>Detecci\u00f3n de entrada personalizado; apellido; nombre<\/td>\n<\/tr>\n<tr>\n<td>Pip\/pbp 2-split; tama\u00f1o de imagen escalable<\/td>\n<\/tr>\n<tr>\n<td>Calibraci\u00f3n<\/td>\n<\/tr>\n<tr>\n<td>Calibraci\u00f3n de f\u00e1brica gamma; intensidad; rgb; uniformidad; punto blanco<\/td>\n<\/tr>\n<tr>\n<td>Calibraci\u00f3n con software uniformidad de esquinas; gamma; intensidad; rgb; actualizar calibraci\u00f3n de f\u00e1brica; punto blanco<\/td>\n<\/tr>\n<tr>\n<td>Software de calibraci\u00f3n calibrador de pared de visualizaci\u00f3n<\/td>\n<\/tr>\n<tr>\n<td>Inteligencia modular abierta<\/td>\n<\/tr>\n<tr>\n<td>Intel\u00ae sdm acepta m\u00f3dulos intel\u00ae smart display grandes y peque\u00f1os de hasta 66 w<\/td>\n<\/tr>\n<tr>\n<td>Ranura del m\u00f3dulo de c\u00f3mputo m\u00f3dulo de c\u00f3mputo 4 de rpi<\/td>\n<\/tr>\n<tr>\n<td>Sensores<\/td>\n<\/tr>\n<tr>\n<td>Sensor de luz ambiental acciones integradas, activadas y programables<\/td>\n<\/tr>\n<tr>\n<td>Sensor humano opcional mediante sensor ecol\u00f3gico (ktes1)<\/td>\n<\/tr>\n<tr>\n<td>Sensor de temperatura integrado, 3 sensores, acciones activadas programables<\/td>\n<\/tr>\n<tr>\n<td>El\u00e9ctrico<\/td>\n<\/tr>\n<tr>\n<td>Consumo de energ\u00eda [w] 135 env\u00edos<\/td>\n<\/tr>\n<tr>\n<td>Modo de ahorro de energ\u00eda [w]   0,5;   2 (modo de espera en red)<\/td>\n<\/tr>\n<tr>\n<td>Administraci\u00f3n de energ\u00eda vesa dpms<\/td>\n<\/tr>\n<tr>\n<td>Fuente de alimentaci\u00f3n 100-240 v ca; 50\/60 hz; interna<\/td>\n<\/tr>\n<tr>\n<td>Condiciones ambientales<\/td>\n<\/tr>\n<tr>\n<td>Temperatura de funcionamiento [\u00b0c] +0 a +40<\/td>\n<\/tr>\n<tr>\n<td>Humedad de funcionamiento [%] 20 a 80<\/td>\n<\/tr>\n<tr>\n<td>Humedad de almacenamiento [%] 10 a 80<\/td>\n<\/tr>\n<tr>\n<td>Temperatura de almacenamiento [\u00b0c] -20 a 60<\/td>\n<\/tr>\n<tr>\n<td>Mec\u00e1nico<\/td>\n<\/tr>\n<tr>\n<td>Dimensiones (an x al x pr) [mm] 1.454,5 x 832,4 x 59,5<\/td>\n<\/tr>\n<tr>\n<td>Peso [kg] 26<\/td>\n<\/tr>\n<tr>\n<td>Ancho del bisel [mm] 11 (izquierda, derecha y arriba); 13,9 (abajo)<\/td>\n<\/tr>\n<tr>\n<td>Montaje vesa [mm] 4 agujeros; 400 x 400 (fdmi); m6<\/td>\n<\/tr>\n<tr>\n<td>Protecci\u00f3n contra la entrada ip5x (frontal); ip2x (trasera)<\/td>\n<\/tr>\n<tr>\n<td>Dimensiones del embalaje (an. x al. x pr.) [mm] 1.620 x 950 x 185<\/td>\n<\/tr>\n<tr>\n<td>Peso del embalaje [kg] 35<\/td>\n<\/tr>\n<tr>\n<td>Material metal<\/td>\n<\/tr>\n<tr>\n<td>Opciones disponibles<\/td>\n<\/tr>\n<tr>\n<td>Accesorios sensor ecol\u00f3gico (ktes1); base (st-65m); kit de control remoto (ktrc3); barra de sonido (pn-zcms1); altavoz (sp-rm3a); carrito (pd04 tipster, l20pnsr780meu); cable usb-c (usb-c 5m, usb-c 7m); soporte de pared (pdw s 32-65 l, pdw s 32-65 p, l20pnwall90eu, pdw t xl-2)<\/td>\n<\/tr>\n<tr>\n<td>Regulador<\/td>\n<\/tr>\n<tr>\n<td>Seguridad y ergonom\u00eda ce; emc clase b; energy star 8; fcc clase b; reach; rohs; ukca; ul\/c-ul o csa<\/td>\n<\/tr>\n<tr>\n<td>Clase de falla de p\u00edxel iso 9241-307, clase 1<\/td>\n<\/tr>\n<tr>\n<td>Resistencia al fuego cubierta trasera de metal, material pl\u00e1stico certificado seg\u00fan ul94-5vb<\/td>\n<\/tr>\n<tr>\n<td>Caracter\u00edsticas ecol\u00f3gicas<\/td>\n<\/tr>\n<tr>\n<td>Eficiencia energ\u00e9tica consumo de energ\u00eda: 130 kwh\/1000 h; clase de eficiencia energ\u00e9tica: g; retroiluminaci\u00f3n led<\/td>\n<\/tr>\n<tr>\n<td>Est\u00e1ndares ecol\u00f3gicos energystar 8.0<\/td>\n<\/tr>\n<tr>\n<td>Certificaciones de terceros<\/td>\n<\/tr>\n<tr>\n<td>Crestron certificado para crestron ccv2 y xio cloud<\/td>\n<\/tr>\n<tr>\n<td>Caracter\u00edsticas adicionales<\/td>\n<\/tr>\n<tr>\n<td>Caracter\u00edsticas especiales compatibilidad con cec; configuraci\u00f3n de clonaci\u00f3n; simulaci\u00f3n dicom; hdmi arc; programador<\/td>\n<\/tr>\n<tr>\n<td>Versiones en color bisel frontal negro, gabinete trasero negro<\/td>\n<\/tr>\n<tr>\n<td>Audio altavoces integrados (10 w + 10 w)<\/td>\n<\/tr>\n<tr>\n<td>Contenido del env\u00edo 2 pilas aaa; pantalla; cable hdmi; cable de alimentaci\u00f3n; control remoto; manual de instalaci\u00f3n<\/td>\n<\/tr>\n<tr>\n<td>Garant\u00eda 3 a\u00f1os<\/td>\n<\/tr>\n<tr>\n<td>Horario de atenci\u00f3n 24\/7<\/td>\n<\/tr>\n<tr>\n<td>Control externo compatibilidad con amx netlinx; crestron v2; hdmi cec; navegador http; pjlink; temporizador programado; snmp<\/td>\n<\/tr>\n<tr>\n<td>Gesti\u00f3n remota administrador de naviset 2<\/td>\n<\/tr>\n<tr>\n<td>Seguridad deshabilitar botones hw; deshabilitar funcionalidad ir; ieee802.1x (lan)<\/td>\n<\/tr>\n<\/table>\n","protected":false},"excerpt":{"rendered":"<p>Cree im\u00e1genes con una nitidez excepcional con la alta calidad de panel de las nuevas pantallas de gran formato sharp serie pn-m, totalmente comerciales. Al implementar funciones premium y centrarse en crear experiencias de se\u00f1alizaci\u00f3n digital impactantes, la serie pn-m ofrece a los clientes una opci\u00f3n de visualizaci\u00f3n de \u00e9lite con las exclusivas capacidades de su motor spectraview. Estas pantallas ofrecen calibraci\u00f3n de panel de f\u00e1brica, lo que permite im\u00e1genes consistentes desde el primer momento. Adem\u00e1s, estos productos ofrecen a los clientes la modularidad necesaria para personalizar su producto seg\u00fan sus necesidades y aplicaciones. La nueva serie cuenta con un chasis mec\u00e1nico completamente met\u00e1lico, lo que permite un dise\u00f1o m\u00e1s robusto, necesario para aplicaciones comerciales, a la vez que mantiene una est\u00e9tica atractiva que permite que los espectadores se concentren en lo que importa: el mensaje. Su robusta interfaz de conectividad permite a los clientes contar con opciones de conectividad actualizadas, a la vez que optimiza las capacidades de conexi\u00f3n en cadena al conectar pantallas para la distribuci\u00f3n de se\u00f1ales de video o control. La serie pn-m de sharp cuenta con un brillo de 550 cd\/m2, lo cual es ideal para la mayor\u00eda de las aplicaciones de se\u00f1alizaci\u00f3n digital de alta gama en restaurantes, comando y control, comercio minorista, atenci\u00f3n m\u00e9dica y entornos corporativos donde se necesitan pantallas de alta gama y con muchas funciones para transmitir mensajes importantes. Panel de primera calidad y resistencia industrial con protecci\u00f3n t\u00e9rmica adicional, sensores de temperatura internos con autodiagn\u00f3stico y tecnolog\u00eda basada en ventiladores que permiten un funcionamiento 24 horas al d\u00eda, 7 d\u00edas a la semana. \u00a1la resoluci\u00f3n nativa 4k uhd permite im\u00e1genes y mensajes n\u00edtidos que se vuelven m\u00e1s v\u00edvidos y realistas que nunca. La entrada usb-c integrada con modo dp-alt, suministro de energ\u00eda de 65 w y funcionalidad de concentrador permiten operaciones m\u00e1s optimizadas cuando se usa como un tipo de dispositivo de presentaci\u00f3n. La orientaci\u00f3n horizontal y vertical permite flexibilidad de instalaci\u00f3n seg\u00fan sus necesidades. El control externo completo y bidireccional permite una f\u00e1cil integraci\u00f3n en sistemas de control a trav\u00e9s de lan o rs232c. La cadena lan daisy pasa se\u00f1ales rs-232c, tcp-ip e ir para controlar f\u00e1cilmente grupos de pantallas sin tener que utilizar cables adicionales. El brillo de 550 cd\/m2 con panel de alta opacidad captar\u00e1 la atenci\u00f3n de la audiencia en casi cualquier situaci\u00f3n. Capacidades mejoradas de conexi\u00f3n en cadena mediante conexiones de salida hdmi y displayport que pasan cualquier entrada digital a la pantalla. Las capacidades de conmutaci\u00f3n por error con funcionalidad completa de cambio de entrada brindan tranquilidad, ya que la pantalla cambiar\u00e1 autom\u00e1ticamente a una fuente secundaria o terciaria si falla la fuente principal. Producto con certificaci\u00f3n energy star 8.0. Garant\u00eda comercial completa de 3 a\u00f1os para brindar tranquilidad y protecci\u00f3n a su inversi\u00f3n. Naviset administrator 2 soluci\u00f3n de software gratuita que facilita enormemente la administraci\u00f3n y gesti\u00f3n de instalaciones de dispositivos de visualizaci\u00f3n de mayor tama\u00f1o.<\/p>\n","protected":false},"featured_media":260012,"comment_status":"open","ping_status":"open","template":"","meta":[],"product_cat":[1740,1741],"product_tag":[2237],"acf":[],"yoast_head":"<!-- This site is optimized with the Yoast SEO plugin v21.7 - https:\/\/yoast.com\/wordpress\/plugins\/seo\/ -->\n<title>[ Sharp Display ] &#129351; Pn-m652 Monitor Profesional Sharp 65 Uhd 3840 X 2160 24\/7, 550 Cd\/m2, 80001, Hdmi, Displayport Hdcp, Usb, Rj-45, Intel Sdm Y Rpi4<\/title>\n<meta name=\"description\" content=\"Compra Pn-m652 Monitor Profesional Sharp 65 Uhd 3840 X 2160 24\/7, 550 Cd\/m2, 80001, Hdmi, Displayport Hdcp, Usb, Rj-45, Intel Sdm Y Rpi4 + Env\u00edo a domicilio + Pago seguro + Garant\u00eda\" \/>\n<meta name=\"robots\" content=\"index, follow, max-snippet:-1, max-image-preview:large, max-video-preview:-1\" \/>\n<link rel=\"canonical\" href=\"https:\/\/compuviper.mx\/tienda\/producto\/sharp-display-pn-m652-monitor-profesional-sharp-65-uhd-3840-x-2160-24-7-550-cd-m2-80001-hdmi-displayport-hdcp-usb-rj-45-intel-sdm-y-rpi4\/\" \/>\n<meta property=\"og:locale\" content=\"es_MX\" \/>\n<meta property=\"og:type\" content=\"article\" \/>\n<meta property=\"og:title\" content=\"[ Sharp Display ] &#129351; Pn-m652 Monitor Profesional Sharp 65 Uhd 3840 X 2160 24\/7, 550 Cd\/m2, 80001, Hdmi, Displayport Hdcp, Usb, Rj-45, Intel Sdm Y Rpi4\" \/>\n<meta property=\"og:description\" content=\"Compra Pn-m652 Monitor Profesional Sharp 65 Uhd 3840 X 2160 24\/7, 550 Cd\/m2, 80001, Hdmi, Displayport Hdcp, Usb, Rj-45, Intel Sdm Y Rpi4 + Env\u00edo a domicilio + Pago seguro + Garant\u00eda\" \/>\n<meta property=\"og:url\" content=\"https:\/\/compuviper.mx\/tienda\/producto\/sharp-display-pn-m652-monitor-profesional-sharp-65-uhd-3840-x-2160-24-7-550-cd-m2-80001-hdmi-displayport-hdcp-usb-rj-45-intel-sdm-y-rpi4\/\" \/>\n<meta property=\"og:site_name\" content=\"Compuviper\" \/>\n<meta property=\"article:publisher\" content=\"https:\/\/www.facebook.com\/compuviper\" \/>\n<meta property=\"og:image\" content=\"https:\/\/compuviper.mx\/tienda\/wp-content\/uploads\/2025\/10\/Monitor-profesional-sharp-65\u0094-pn-m652-uhd-3840-x-2160-247-550-cdm2-80001-hdmi-displayport-hdcp-usb-rj-45-intel-sdm-y-rpi4.jpg\" \/>\n\t<meta property=\"og:image:width\" content=\"200\" \/>\n\t<meta property=\"og:image:height\" content=\"200\" \/>\n\t<meta property=\"og:image:type\" content=\"image\/jpeg\" \/>\n<meta name=\"twitter:card\" content=\"summary_large_image\" \/>\n<meta name=\"twitter:label1\" content=\"Precio\" \/>\n\t<meta name=\"twitter:data1\" content=\"&#36;34,635 con IVA\" \/>\n\t<meta name=\"twitter:label2\" content=\"Availability\" \/>\n\t<meta name=\"twitter:data2\" content=\"Out of stock\" \/>\n<script type=\"application\/ld+json\" class=\"yoast-schema-graph\">{\"@context\":\"https:\/\/schema.org\",\"@graph\":[{\"@type\":\"WebPage\",\"@id\":\"https:\/\/compuviper.mx\/tienda\/producto\/sharp-display-pn-m652-monitor-profesional-sharp-65-uhd-3840-x-2160-24-7-550-cd-m2-80001-hdmi-displayport-hdcp-usb-rj-45-intel-sdm-y-rpi4\/\",\"url\":\"https:\/\/compuviper.mx\/tienda\/producto\/sharp-display-pn-m652-monitor-profesional-sharp-65-uhd-3840-x-2160-24-7-550-cd-m2-80001-hdmi-displayport-hdcp-usb-rj-45-intel-sdm-y-rpi4\/\",\"name\":\"[ Sharp Display ] &#129351; Pn-m652 Monitor Profesional Sharp 65 Uhd 3840 X 2160 24\/7, 550 Cd\/m2, 80001, Hdmi, Displayport Hdcp, Usb, Rj-45, Intel Sdm Y Rpi4\",\"isPartOf\":{\"@id\":\"https:\/\/compuviper.mx\/tienda\/#website\"},\"datePublished\":\"2026-04-25T06:45:30+00:00\",\"dateModified\":\"2026-04-25T06:45:30+00:00\",\"description\":\"Compra Pn-m652 Monitor Profesional Sharp 65 Uhd 3840 X 2160 24\/7, 550 Cd\/m2, 80001, Hdmi, Displayport Hdcp, Usb, Rj-45, Intel Sdm Y Rpi4 + Env\u00edo a domicilio + Pago seguro + Garant\u00eda\",\"breadcrumb\":{\"@id\":\"https:\/\/compuviper.mx\/tienda\/producto\/sharp-display-pn-m652-monitor-profesional-sharp-65-uhd-3840-x-2160-24-7-550-cd-m2-80001-hdmi-displayport-hdcp-usb-rj-45-intel-sdm-y-rpi4\/#breadcrumb\"},\"inLanguage\":\"es-MX\",\"potentialAction\":[{\"@type\":\"ReadAction\",\"target\":[\"https:\/\/compuviper.mx\/tienda\/producto\/sharp-display-pn-m652-monitor-profesional-sharp-65-uhd-3840-x-2160-24-7-550-cd-m2-80001-hdmi-displayport-hdcp-usb-rj-45-intel-sdm-y-rpi4\/\"]}]},{\"@type\":\"BreadcrumbList\",\"@id\":\"https:\/\/compuviper.mx\/tienda\/producto\/sharp-display-pn-m652-monitor-profesional-sharp-65-uhd-3840-x-2160-24-7-550-cd-m2-80001-hdmi-displayport-hdcp-usb-rj-45-intel-sdm-y-rpi4\/#breadcrumb\",\"itemListElement\":[{\"@type\":\"ListItem\",\"position\":1,\"name\":\"Inicio\",\"item\":\"https:\/\/compuviper.mx\/tienda\/\"},{\"@type\":\"ListItem\",\"position\":2,\"name\":\"Productos\",\"item\":\"https:\/\/compuviper.mx\/tienda\/productos\/\"},{\"@type\":\"ListItem\",\"position\":3,\"name\":\"Monitores\",\"item\":\"https:\/\/compuviper.mx\/tienda\/categoria-producto\/monitores\/\"},{\"@type\":\"ListItem\",\"position\":4,\"name\":\"Led\",\"item\":\"https:\/\/compuviper.mx\/tienda\/categoria-producto\/monitores\/led\/\"},{\"@type\":\"ListItem\",\"position\":5,\"name\":\"Sharp Display Pn-m652 Monitor Profesional Sharp 65 Uhd 3840 X 2160 24\/7, 550 Cd\/m2, 80001, Hdmi, Displayport Hdcp, Usb, Rj-45, Intel Sdm Y Rpi4\"}]},{\"@type\":\"WebSite\",\"@id\":\"https:\/\/compuviper.mx\/tienda\/#website\",\"url\":\"https:\/\/compuviper.mx\/tienda\/\",\"name\":\"Compuviper\",\"description\":\"Proveedor de Computadoras, Laptops, Servidores, Monitores, Puntos de Venta, Teclados,   Impresoras, T\u00f3ner, C\u00e1maras de Seguridad y m\u00e1s en tu tienda en l\u00ednea\",\"publisher\":{\"@id\":\"https:\/\/compuviper.mx\/tienda\/#organization\"},\"potentialAction\":[{\"@type\":\"SearchAction\",\"target\":{\"@type\":\"EntryPoint\",\"urlTemplate\":\"https:\/\/compuviper.mx\/tienda\/?s={search_term_string}\"},\"query-input\":\"required name=search_term_string\"}],\"inLanguage\":\"es-MX\"},{\"@type\":\"Organization\",\"@id\":\"https:\/\/compuviper.mx\/tienda\/#organization\",\"name\":\"Compuviper\",\"url\":\"https:\/\/compuviper.mx\/tienda\/\",\"logo\":{\"@type\":\"ImageObject\",\"inLanguage\":\"es-MX\",\"@id\":\"https:\/\/compuviper.mx\/tienda\/#\/schema\/logo\/image\/\",\"url\":\"https:\/\/compuviper.mx\/tienda\/wp-content\/uploads\/2021\/08\/Logo-Compuviper-10.png\",\"contentUrl\":\"https:\/\/compuviper.mx\/tienda\/wp-content\/uploads\/2021\/08\/Logo-Compuviper-10.png\",\"width\":1000,\"height\":500,\"caption\":\"Compuviper\"},\"image\":{\"@id\":\"https:\/\/compuviper.mx\/tienda\/#\/schema\/logo\/image\/\"},\"sameAs\":[\"https:\/\/www.facebook.com\/compuviper\",\"https:\/\/www.youtube.com\/channel\/UCf73dERp9Y3cfOq7q8BhLjA?view_as=subscriber\"]}]}<\/script>\n<meta property=\"product:brand\" content=\"Sharp Display\" \/>\n<meta property=\"product:price:amount\" content=\"34635\" \/>\n<meta property=\"product:price:currency\" content=\"MXN\" \/>\n<meta property=\"og:availability\" content=\"out of stock\" \/>\n<meta property=\"product:availability\" content=\"out of stock\" \/>\n<meta property=\"product:retailer_item_id\" content=\"PN-M652\" \/>\n<meta property=\"product:condition\" content=\"new\" \/>\n<!-- \/ Yoast SEO plugin. -->","yoast_head_json":{"title":"[ Sharp Display ] &#129351; Pn-m652 Monitor Profesional Sharp 65 Uhd 3840 X 2160 24\/7, 550 Cd\/m2, 80001, Hdmi, Displayport Hdcp, Usb, Rj-45, Intel Sdm Y Rpi4","description":"Compra Pn-m652 Monitor Profesional Sharp 65 Uhd 3840 X 2160 24\/7, 550 Cd\/m2, 80001, Hdmi, Displayport Hdcp, Usb, Rj-45, Intel Sdm Y Rpi4 + Env\u00edo a domicilio + Pago seguro + Garant\u00eda","robots":{"index":"index","follow":"follow","max-snippet":"max-snippet:-1","max-image-preview":"max-image-preview:large","max-video-preview":"max-video-preview:-1"},"canonical":"https:\/\/compuviper.mx\/tienda\/producto\/sharp-display-pn-m652-monitor-profesional-sharp-65-uhd-3840-x-2160-24-7-550-cd-m2-80001-hdmi-displayport-hdcp-usb-rj-45-intel-sdm-y-rpi4\/","og_locale":"es_MX","og_type":"article","og_title":"[ Sharp Display ] &#129351; Pn-m652 Monitor Profesional Sharp 65 Uhd 3840 X 2160 24\/7, 550 Cd\/m2, 80001, Hdmi, Displayport Hdcp, Usb, Rj-45, Intel Sdm Y Rpi4","og_description":"Compra Pn-m652 Monitor Profesional Sharp 65 Uhd 3840 X 2160 24\/7, 550 Cd\/m2, 80001, Hdmi, Displayport Hdcp, Usb, Rj-45, Intel Sdm Y Rpi4 + Env\u00edo a domicilio + Pago seguro + Garant\u00eda","og_url":"https:\/\/compuviper.mx\/tienda\/producto\/sharp-display-pn-m652-monitor-profesional-sharp-65-uhd-3840-x-2160-24-7-550-cd-m2-80001-hdmi-displayport-hdcp-usb-rj-45-intel-sdm-y-rpi4\/","og_site_name":"Compuviper","article_publisher":"https:\/\/www.facebook.com\/compuviper","og_image":[{"width":200,"height":200,"url":"https:\/\/compuviper.mx\/tienda\/wp-content\/uploads\/2025\/10\/Monitor-profesional-sharp-65\u0094-pn-m652-uhd-3840-x-2160-247-550-cdm2-80001-hdmi-displayport-hdcp-usb-rj-45-intel-sdm-y-rpi4.jpg","type":"image\/jpeg"}],"twitter_card":"summary_large_image","twitter_misc":{"Precio":"&#36;34,635 con IVA","Availability":"Out of stock"},"schema":{"@context":"https:\/\/schema.org","@graph":[{"@type":"WebPage","@id":"https:\/\/compuviper.mx\/tienda\/producto\/sharp-display-pn-m652-monitor-profesional-sharp-65-uhd-3840-x-2160-24-7-550-cd-m2-80001-hdmi-displayport-hdcp-usb-rj-45-intel-sdm-y-rpi4\/","url":"https:\/\/compuviper.mx\/tienda\/producto\/sharp-display-pn-m652-monitor-profesional-sharp-65-uhd-3840-x-2160-24-7-550-cd-m2-80001-hdmi-displayport-hdcp-usb-rj-45-intel-sdm-y-rpi4\/","name":"[ Sharp Display ] &#129351; Pn-m652 Monitor Profesional Sharp 65 Uhd 3840 X 2160 24\/7, 550 Cd\/m2, 80001, Hdmi, Displayport Hdcp, Usb, Rj-45, Intel Sdm Y Rpi4","isPartOf":{"@id":"https:\/\/compuviper.mx\/tienda\/#website"},"datePublished":"2026-04-25T06:45:30+00:00","dateModified":"2026-04-25T06:45:30+00:00","description":"Compra Pn-m652 Monitor Profesional Sharp 65 Uhd 3840 X 2160 24\/7, 550 Cd\/m2, 80001, Hdmi, Displayport Hdcp, Usb, Rj-45, Intel Sdm Y Rpi4 + Env\u00edo a domicilio + Pago seguro + Garant\u00eda","breadcrumb":{"@id":"https:\/\/compuviper.mx\/tienda\/producto\/sharp-display-pn-m652-monitor-profesional-sharp-65-uhd-3840-x-2160-24-7-550-cd-m2-80001-hdmi-displayport-hdcp-usb-rj-45-intel-sdm-y-rpi4\/#breadcrumb"},"inLanguage":"es-MX","potentialAction":[{"@type":"ReadAction","target":["https:\/\/compuviper.mx\/tienda\/producto\/sharp-display-pn-m652-monitor-profesional-sharp-65-uhd-3840-x-2160-24-7-550-cd-m2-80001-hdmi-displayport-hdcp-usb-rj-45-intel-sdm-y-rpi4\/"]}]},{"@type":"BreadcrumbList","@id":"https:\/\/compuviper.mx\/tienda\/producto\/sharp-display-pn-m652-monitor-profesional-sharp-65-uhd-3840-x-2160-24-7-550-cd-m2-80001-hdmi-displayport-hdcp-usb-rj-45-intel-sdm-y-rpi4\/#breadcrumb","itemListElement":[{"@type":"ListItem","position":1,"name":"Inicio","item":"https:\/\/compuviper.mx\/tienda\/"},{"@type":"ListItem","position":2,"name":"Productos","item":"https:\/\/compuviper.mx\/tienda\/productos\/"},{"@type":"ListItem","position":3,"name":"Monitores","item":"https:\/\/compuviper.mx\/tienda\/categoria-producto\/monitores\/"},{"@type":"ListItem","position":4,"name":"Led","item":"https:\/\/compuviper.mx\/tienda\/categoria-producto\/monitores\/led\/"},{"@type":"ListItem","position":5,"name":"Sharp Display Pn-m652 Monitor Profesional Sharp 65 Uhd 3840 X 2160 24\/7, 550 Cd\/m2, 80001, Hdmi, Displayport Hdcp, Usb, Rj-45, Intel Sdm Y Rpi4"}]},{"@type":"WebSite","@id":"https:\/\/compuviper.mx\/tienda\/#website","url":"https:\/\/compuviper.mx\/tienda\/","name":"Compuviper","description":"Proveedor de Computadoras, Laptops, Servidores, Monitores, Puntos de Venta, Teclados,   Impresoras, T\u00f3ner, C\u00e1maras de Seguridad y m\u00e1s en tu tienda en l\u00ednea","publisher":{"@id":"https:\/\/compuviper.mx\/tienda\/#organization"},"potentialAction":[{"@type":"SearchAction","target":{"@type":"EntryPoint","urlTemplate":"https:\/\/compuviper.mx\/tienda\/?s={search_term_string}"},"query-input":"required name=search_term_string"}],"inLanguage":"es-MX"},{"@type":"Organization","@id":"https:\/\/compuviper.mx\/tienda\/#organization","name":"Compuviper","url":"https:\/\/compuviper.mx\/tienda\/","logo":{"@type":"ImageObject","inLanguage":"es-MX","@id":"https:\/\/compuviper.mx\/tienda\/#\/schema\/logo\/image\/","url":"https:\/\/compuviper.mx\/tienda\/wp-content\/uploads\/2021\/08\/Logo-Compuviper-10.png","contentUrl":"https:\/\/compuviper.mx\/tienda\/wp-content\/uploads\/2021\/08\/Logo-Compuviper-10.png","width":1000,"height":500,"caption":"Compuviper"},"image":{"@id":"https:\/\/compuviper.mx\/tienda\/#\/schema\/logo\/image\/"},"sameAs":["https:\/\/www.facebook.com\/compuviper","https:\/\/www.youtube.com\/channel\/UCf73dERp9Y3cfOq7q8BhLjA?view_as=subscriber"]}]},"product_brand":"Sharp Display","product_price_amount":"34635","product_price_currency":"MXN","og_availability":"out of stock","product_availability":"out of stock","product_retailer_item_id":"PN-M652","product_condition":"new"},"_links":{"self":[{"href":"https:\/\/compuviper.mx\/tienda\/wp-json\/wp\/v2\/product\/257058"}],"collection":[{"href":"https:\/\/compuviper.mx\/tienda\/wp-json\/wp\/v2\/product"}],"about":[{"href":"https:\/\/compuviper.mx\/tienda\/wp-json\/wp\/v2\/types\/product"}],"replies":[{"embeddable":true,"href":"https:\/\/compuviper.mx\/tienda\/wp-json\/wp\/v2\/comments?post=257058"}],"wp:featuredmedia":[{"embeddable":true,"href":"https:\/\/compuviper.mx\/tienda\/wp-json\/wp\/v2\/media\/260012"}],"wp:attachment":[{"href":"https:\/\/compuviper.mx\/tienda\/wp-json\/wp\/v2\/media?parent=257058"}],"wp:term":[{"taxonomy":"product_cat","embeddable":true,"href":"https:\/\/compuviper.mx\/tienda\/wp-json\/wp\/v2\/product_cat?post=257058"},{"taxonomy":"product_tag","embeddable":true,"href":"https:\/\/compuviper.mx\/tienda\/wp-json\/wp\/v2\/product_tag?post=257058"}],"curies":[{"name":"wp","href":"https:\/\/api.w.org\/{rel}","templated":true}]}}