{"id":257057,"date":"2026-04-25T00:45:30","date_gmt":"2026-04-25T06:45:30","guid":{"rendered":"https:\/\/compuviper.mx\/tienda\/producto\/sharp-display-pn-me862-monitor-profesional-sharp-de-86-uhd-3840-x-2160-18-7-450-cd-m2-cont-12001-usb-c-3-hdmi-hdcp-android-13\/"},"modified":"2026-04-25T00:45:30","modified_gmt":"2026-04-25T06:45:30","slug":"sharp-display-pn-me862-monitor-profesional-sharp-de-86-uhd-3840-x-2160-18-7-450-cd-m2-cont-12001-usb-c-3-hdmi-hdcp-android-13","status":"publish","type":"product","link":"https:\/\/compuviper.mx\/tienda\/producto\/sharp-display-pn-me862-monitor-profesional-sharp-de-86-uhd-3840-x-2160-18-7-450-cd-m2-cont-12001-usb-c-3-hdmi-hdcp-android-13\/","title":{"rendered":"Sharp Display Pn-me862 Monitor Profesional Sharp De 86  Uhd 3840 X 2160 18\/7, 450 Cd\/m2, Cont 12001, Usb-c, 3 Hdmi Hdcp, Android 13"},"content":{"rendered":"<table class=\"descripcion\">\n<tr>\n<td>Tecnolog\u00eda del panel ips con retroiluminaci\u00f3n led directa<\/td>\n<\/tr>\n<tr>\n<td>Tama\u00f1o de pantalla [pulgadas\/cm] 86 \/ 217,4<\/td>\n<\/tr>\n<tr>\n<td>Relaci\u00f3n de aspecto 16:9<\/td>\n<\/tr>\n<tr>\n<td>Brillo [cd\/m\u00b2] 450<\/td>\n<\/tr>\n<tr>\n<td>Ratio de contraste (t\u00edp.) 1200:1<\/td>\n<\/tr>\n<tr>\n<td>\u00e1ngulo de visi\u00f3n [\u00b0] 178 horizontal \/ 178 vertical (t\u00edp. en ratio de contraste 10:1)<\/td>\n<\/tr>\n<tr>\n<td>Colour depth [bn] 1.073 (8bit + frc)<\/td>\n<\/tr>\n<tr>\n<td>Hdr hdr10; hlg; pq<\/td>\n<\/tr>\n<tr>\n<td>Tiempo de respuesta (t\u00edp.) [msec] 8<\/td>\n<\/tr>\n<tr>\n<td>Frecuencia de refresco [hz] 60<\/td>\n<\/tr>\n<tr>\n<td>Haze level [%] pro (25)<\/td>\n<\/tr>\n<tr>\n<td>Orientaci\u00f3n posible horizontal; vertical<\/td>\n<\/tr>\n<tr>\n<td>Resoluci\u00f3n<\/td>\n<\/tr>\n<tr>\n<td>Resoluci\u00f3n nativa<\/td>\n<\/tr>\n<tr>\n<td>3840 x 2160<\/td>\n<\/tr>\n<tr>\n<td>Funciona con entradas digitales y an\u00e1logas (pc)<\/td>\n<\/tr>\n<tr>\n<td>1024 x 768;<\/td>\n<\/tr>\n<tr>\n<td>1024 x 768;<\/td>\n<\/tr>\n<tr>\n<td>1280 x 1024;<\/td>\n<\/tr>\n<tr>\n<td>1280 x 1024;<\/td>\n<\/tr>\n<tr>\n<td>1280 x 720;<\/td>\n<\/tr>\n<tr>\n<td>1280 x 800;<\/td>\n<\/tr>\n<tr>\n<td>1360 x 768;<\/td>\n<\/tr>\n<tr>\n<td>1366 x 768;<\/td>\n<\/tr>\n<tr>\n<td>1400 x 1050;<\/td>\n<\/tr>\n<tr>\n<td>1440 x 900;<\/td>\n<\/tr>\n<tr>\n<td>1600 x 1200;<\/td>\n<\/tr>\n<tr>\n<td>1680 x 1050;<\/td>\n<\/tr>\n<tr>\n<td>1920 x 1080;<\/td>\n<\/tr>\n<tr>\n<td>1920 x 1200;<\/td>\n<\/tr>\n<tr>\n<td>1920 x 2160;<\/td>\n<\/tr>\n<tr>\n<td>3840 x 2160;<\/td>\n<\/tr>\n<tr>\n<td>4096 x 2160;<\/td>\n<\/tr>\n<tr>\n<td>640 x 480;<\/td>\n<\/tr>\n<tr>\n<td>720 x 480;<\/td>\n<\/tr>\n<tr>\n<td>720 x 576;<\/td>\n<\/tr>\n<tr>\n<td>800 x 600<\/td>\n<\/tr>\n<tr>\n<td>Frecuencia de sincronizaci\u00f3n<\/td>\n<\/tr>\n<tr>\n<td>Frecuencia horizontal [khz] 15 &#8211; 135<\/td>\n<\/tr>\n<tr>\n<td>Frecuencia vertical [hz] 23 &#8211; 76<\/td>\n<\/tr>\n<tr>\n<td>Conectividad<\/td>\n<\/tr>\n<tr>\n<td>Entrada digital de v\u00eddeo 1 x usb-c (con hdcp 1.3\/2.2); 3 x hdmi (hdcp)<\/td>\n<\/tr>\n<tr>\n<td>Entrada digital de audio 1x usb-c; 3 x hdmi<\/td>\n<\/tr>\n<tr>\n<td>Control de entrada cable de control remoto (conector jack de 3,5mm); lan 100mbit; rs232<\/td>\n<\/tr>\n<tr>\n<td>Input data 3 x usb 2.0 (downstream)<\/td>\n<\/tr>\n<tr>\n<td>Salida an\u00e1loga de audio 1 x 3,5 mm jack<\/td>\n<\/tr>\n<tr>\n<td>Input detect custom; first; last<\/td>\n<\/tr>\n<tr>\n<td>El\u00e9ctrico<\/td>\n<\/tr>\n<tr>\n<td>Consumo [w] 162 env\u00edo<\/td>\n<\/tr>\n<tr>\n<td>Modo stand-by [w]   0,5;   2 (networked standby)<\/td>\n<\/tr>\n<tr>\n<td>Fuente de alimentaci\u00f3n 100-240 v ac; 50\/60 hz; interna<\/td>\n<\/tr>\n<tr>\n<td>Condiciones ambientales<\/td>\n<\/tr>\n<tr>\n<td>Temperatura ambiente de funcionamiento [\u00b0c] +0 a +40<\/td>\n<\/tr>\n<tr>\n<td>Humedad ambiental de funcionamiento [%] 20 a 80<\/td>\n<\/tr>\n<tr>\n<td>Humedad de almacenamiento [%] 10 a 90<\/td>\n<\/tr>\n<tr>\n<td>Temperatura de almacenamiento [\u00b0c] -20 a 60<\/td>\n<\/tr>\n<tr>\n<td>Mec\u00e1nico<\/td>\n<\/tr>\n<tr>\n<td>Medidas (an x al x prof) [mm] 1.931 x 1.102 x 68<\/td>\n<\/tr>\n<tr>\n<td>Peso [kg] 42<\/td>\n<\/tr>\n<tr>\n<td>Ancho del marco [mm] 15,9<\/td>\n<\/tr>\n<tr>\n<td>Montaje vesa [mm] 4 muescas; 800 x 600 (fdmi); m8<\/td>\n<\/tr>\n<tr>\n<td>Protecci\u00f3n contra penetraci\u00f3n ip5x (frente); ip5x (dorso)<\/td>\n<\/tr>\n<tr>\n<td>Dimensiones del embalaje (an x al x pr) [mm] 2,110 x 1,247 x 225<\/td>\n<\/tr>\n<tr>\n<td>Peso del embalaje [kg] 63<\/td>\n<\/tr>\n<tr>\n<td>Marco de color pantone (process black m)<\/td>\n<\/tr>\n<tr>\n<td>Material metal<\/td>\n<\/tr>\n<tr>\n<td>Mediaplayer<\/td>\n<\/tr>\n<tr>\n<td>Supported file storage \/ file system fat16 \/ fat32 @ usb 2.0<\/td>\n<\/tr>\n<tr>\n<td>Supported video formats mkv (mpeg1\/2\/3 layer1\/2\/3, max res 4096&#215;2160@60fps); mp4 (mpeg1\/2 layer1\/2\/3, h.264, hevc\/h.265, max res 4096&#215;2160@60fps)<\/td>\n<\/tr>\n<tr>\n<td>Supported audio formats .mp3 max. bit rate 320 kbps<\/td>\n<\/tr>\n<tr>\n<td>Embedded computing<\/td>\n<\/tr>\n<tr>\n<td>System version android 13<\/td>\n<\/tr>\n<tr>\n<td>System memory 4g ram<\/td>\n<\/tr>\n<tr>\n<td>Internal storage 32gb rom<\/td>\n<\/tr>\n<tr>\n<td>Built-in applications file manager; web browser<\/td>\n<\/tr>\n<tr>\n<td>Opciones disponibles<\/td>\n<\/tr>\n<tr>\n<td>Accesorios altavoces (sp-rm3a); carrito (pd02mha-cb86, pd03mha-cb86); montaje de pared (sf680p); pies (st-801); sensor de presencia (kt-rc3); soundbar (pn-zcms1); wifi dongle si07b<\/td>\n<\/tr>\n<tr>\n<td>Condiciones reglamentarias<\/td>\n<\/tr>\n<tr>\n<td>Seguridad y ergonom\u00eda bsmi; ce; emc class b; energy star 8; fcc class b; kc\/kcc; psb; rcm; rohs; vcci<\/td>\n<\/tr>\n<tr>\n<td>Tipo de error de p\u00edxel iso 9241-307, tipo 1<\/td>\n<\/tr>\n<tr>\n<td>Resistencia al fuego metal backcover, plastic material certified acc. to ul94-5vb<\/td>\n<\/tr>\n<tr>\n<td>Funciones ecol\u00f3gicas<\/td>\n<\/tr>\n<tr>\n<td>Eficiencia energ\u00e9tica clase de eficiencia energ\u00e9tica: g; consumo de energ\u00eda: 157 kwh\/1000 horas; retroiluminaci\u00f3n led<\/td>\n<\/tr>\n<tr>\n<td>Est\u00e1ndares ecol\u00f3gicos energystar 8.0<\/td>\n<\/tr>\n<tr>\n<td>Certificaciones externas<\/td>\n<\/tr>\n<tr>\n<td>Crestron certificado para crestron ccv2 y xio cloud<\/td>\n<\/tr>\n<tr>\n<td>Funciones adicionales<\/td>\n<\/tr>\n<tr>\n<td>Caracter\u00edsticas especiales hdmi arc; powered usb port (15 w); removable logo; simulaci\u00f3n dicom<\/td>\n<\/tr>\n<tr>\n<td>Audio altavoces integrados (10 w + 10 w)<\/td>\n<\/tr>\n<tr>\n<td>Accesorios inclu\u00eddos 2x bater\u00edas aaa; cable de alimentaci\u00f3n; cable hdmi; control remoto; manual de instalaci\u00f3n; pantalla<\/td>\n<\/tr>\n<tr>\n<td>Garant\u00eda 3 a\u00f1os de<\/td>\n<\/tr>\n<tr>\n<td>Horas de funcionamiento 18\/7<\/td>\n<\/tr>\n<tr>\n<td>External control amx netlinx support; ascii control commands; crestron connected; hdmi cec; scheduled timer<\/td>\n<\/tr>\n<tr>\n<td>Remote management automated email alerts; naviset administrator 2<\/td>\n<\/tr>\n<tr>\n<td>Security disable hw buttons; disable ir functionality<\/td>\n<\/tr>\n<\/table>\n","protected":false},"excerpt":{"rendered":"<p>La segunda generaci\u00f3n de la serie me es la de mejor rendimiento visual y valor de su clase. Esta serie cuenta con funciones profesionales para las salas de reuniones y para las aplicaciones de se\u00f1alizaci\u00f3n. El display sharp multisync\u00ae multifuncional con panel de alto brillo, conectividad usb-c nativa y con r\u00e1pida detecci\u00f3n de entrada, es atractivo para los usuarios corporativos, por su simplicidad para traer su propio dispositivo (byod), ya que de esta forma soporta el trabajo h\u00edbrido y las reuniones espont\u00e1neas. Un sistema en chip (soc) integrado con android 13 y su sistema operativo en conformidad con cts le brindar\u00e1n lo m\u00e1s novedoso en funciones y seguridad, suministrando las aplicaciones de se\u00f1alizaci\u00f3n y controlando una alta compatibilidad con los sistemas de gesti\u00f3n de contenido. Es por eso que la serie sharp multisync\u00ae me es una serie multiuso, ideal para las aplicaciones de bajo coste de se\u00f1alizaci\u00f3n en ventas. Obtenga el acceso inmediato a las aplicaciones android e instale las aplicaciones de forma directa en el display, utilizando el navegador integrado, sin tener que agregar un reproductor de medios externo. La fiabilidad de toda la vida est\u00e1 garantizada seg\u00fan los est\u00e1ndares de la ingenier\u00eda japonesa y la alta calidad de los componentes. La serie sharp multisync\u00ae me es una soluci\u00f3n l\u00edder en su clase para los desaf\u00edos del lugar de trabajo de hoy, aportando valor y rendimiento profesional, sin concesiones. Beneficios. Conectividad perfecta \u0096 el usb-c nativo soporta el trabajo cuando se trae su propio dispositivo, garantiza la inclusi\u00f3n y mejora la productividad, con tan solo un cable de conexi\u00f3n entre un port\u00e1til y el monitor. Mejor legibilidad \u0096 para mantener la productividad en lo alto en espacios de reuniones muy iluminados, el filtro de alto brillo elimina el resplandor y el reflejo de ventanas u otras fuentes de luz. Detecci\u00f3n r\u00e1pida de entrada \u0096 menos frustraci\u00f3n y mayor facilidad para que las reuniones sean de resultados productivos, el monitor responde de forma inmediata en cuanto se conecta un dispositivo. Compatibilidad con terceros \u0096 una plataforma de se\u00f1alizaci\u00f3n flexible que admite la integraci\u00f3n con una amplia gama de sistemas de gesti\u00f3n de contenidos y lugares de trabajo. Para el nuevo futuro \u0096 las actualizaciones regulares del sistema operativo de android por ota aseguran el acceso a las novedades en cuanto a funciones y seguridad de sistema.<\/p>\n","protected":false},"featured_media":260011,"comment_status":"open","ping_status":"open","template":"","meta":[],"product_cat":[1740,1741],"product_tag":[2237],"acf":[],"yoast_head":"<!-- This site is optimized with the Yoast SEO plugin v21.7 - https:\/\/yoast.com\/wordpress\/plugins\/seo\/ -->\n<title>[ Sharp Display ] &#129351; Pn-me862 Monitor Profesional Sharp De 86 Uhd 3840 X 2160 18\/7, 450 Cd\/m2, Cont 12001, Usb-c, 3 Hdmi Hdcp, Android 13<\/title>\n<meta name=\"description\" content=\"Compra Pn-me862 Monitor Profesional Sharp De 86 Uhd 3840 X 2160 18\/7, 450 Cd\/m2, Cont 12001, Usb-c, 3 Hdmi Hdcp, Android 13 + Env\u00edo a domicilio + Pago seguro + Garant\u00eda\" \/>\n<meta name=\"robots\" content=\"index, follow, max-snippet:-1, max-image-preview:large, max-video-preview:-1\" \/>\n<link rel=\"canonical\" href=\"https:\/\/compuviper.mx\/tienda\/producto\/sharp-display-pn-me862-monitor-profesional-sharp-de-86-uhd-3840-x-2160-18-7-450-cd-m2-cont-12001-usb-c-3-hdmi-hdcp-android-13\/\" \/>\n<meta property=\"og:locale\" content=\"es_MX\" \/>\n<meta property=\"og:type\" content=\"article\" \/>\n<meta property=\"og:title\" content=\"[ Sharp Display ] &#129351; Pn-me862 Monitor Profesional Sharp De 86 Uhd 3840 X 2160 18\/7, 450 Cd\/m2, Cont 12001, Usb-c, 3 Hdmi Hdcp, Android 13\" \/>\n<meta property=\"og:description\" content=\"Compra Pn-me862 Monitor Profesional Sharp De 86 Uhd 3840 X 2160 18\/7, 450 Cd\/m2, Cont 12001, Usb-c, 3 Hdmi Hdcp, Android 13 + Env\u00edo a domicilio + Pago seguro + Garant\u00eda\" \/>\n<meta property=\"og:url\" content=\"https:\/\/compuviper.mx\/tienda\/producto\/sharp-display-pn-me862-monitor-profesional-sharp-de-86-uhd-3840-x-2160-18-7-450-cd-m2-cont-12001-usb-c-3-hdmi-hdcp-android-13\/\" \/>\n<meta property=\"og:site_name\" content=\"Compuviper\" \/>\n<meta property=\"article:publisher\" content=\"https:\/\/www.facebook.com\/compuviper\" \/>\n<meta property=\"og:image\" content=\"https:\/\/compuviper.mx\/tienda\/wp-content\/uploads\/2025\/10\/Monitor-profesional-sharp-de-86\u0094-pn-me862-uhd-3840-x-2160-187-450-cdm2-cont-12001-usb-c-3-hdmi-hdcp-android-13.jpg\" \/>\n\t<meta property=\"og:image:width\" content=\"200\" \/>\n\t<meta property=\"og:image:height\" content=\"200\" \/>\n\t<meta property=\"og:image:type\" content=\"image\/jpeg\" \/>\n<meta name=\"twitter:card\" content=\"summary_large_image\" \/>\n<meta name=\"twitter:label1\" content=\"Precio\" \/>\n\t<meta name=\"twitter:data1\" content=\"&#36;58,370 con IVA\" \/>\n\t<meta name=\"twitter:label2\" content=\"Availability\" \/>\n\t<meta name=\"twitter:data2\" content=\"On backorder\" \/>\n<script type=\"application\/ld+json\" class=\"yoast-schema-graph\">{\"@context\":\"https:\/\/schema.org\",\"@graph\":[{\"@type\":\"WebPage\",\"@id\":\"https:\/\/compuviper.mx\/tienda\/producto\/sharp-display-pn-me862-monitor-profesional-sharp-de-86-uhd-3840-x-2160-18-7-450-cd-m2-cont-12001-usb-c-3-hdmi-hdcp-android-13\/\",\"url\":\"https:\/\/compuviper.mx\/tienda\/producto\/sharp-display-pn-me862-monitor-profesional-sharp-de-86-uhd-3840-x-2160-18-7-450-cd-m2-cont-12001-usb-c-3-hdmi-hdcp-android-13\/\",\"name\":\"[ Sharp Display ] &#129351; Pn-me862 Monitor Profesional Sharp De 86 Uhd 3840 X 2160 18\/7, 450 Cd\/m2, Cont 12001, Usb-c, 3 Hdmi Hdcp, Android 13\",\"isPartOf\":{\"@id\":\"https:\/\/compuviper.mx\/tienda\/#website\"},\"datePublished\":\"2026-04-25T06:45:30+00:00\",\"dateModified\":\"2026-04-25T06:45:30+00:00\",\"description\":\"Compra Pn-me862 Monitor Profesional Sharp De 86 Uhd 3840 X 2160 18\/7, 450 Cd\/m2, Cont 12001, Usb-c, 3 Hdmi Hdcp, Android 13 + Env\u00edo a domicilio + Pago seguro + Garant\u00eda\",\"breadcrumb\":{\"@id\":\"https:\/\/compuviper.mx\/tienda\/producto\/sharp-display-pn-me862-monitor-profesional-sharp-de-86-uhd-3840-x-2160-18-7-450-cd-m2-cont-12001-usb-c-3-hdmi-hdcp-android-13\/#breadcrumb\"},\"inLanguage\":\"es-MX\",\"potentialAction\":[{\"@type\":\"ReadAction\",\"target\":[\"https:\/\/compuviper.mx\/tienda\/producto\/sharp-display-pn-me862-monitor-profesional-sharp-de-86-uhd-3840-x-2160-18-7-450-cd-m2-cont-12001-usb-c-3-hdmi-hdcp-android-13\/\"]}]},{\"@type\":\"BreadcrumbList\",\"@id\":\"https:\/\/compuviper.mx\/tienda\/producto\/sharp-display-pn-me862-monitor-profesional-sharp-de-86-uhd-3840-x-2160-18-7-450-cd-m2-cont-12001-usb-c-3-hdmi-hdcp-android-13\/#breadcrumb\",\"itemListElement\":[{\"@type\":\"ListItem\",\"position\":1,\"name\":\"Inicio\",\"item\":\"https:\/\/compuviper.mx\/tienda\/\"},{\"@type\":\"ListItem\",\"position\":2,\"name\":\"Productos\",\"item\":\"https:\/\/compuviper.mx\/tienda\/productos\/\"},{\"@type\":\"ListItem\",\"position\":3,\"name\":\"Monitores\",\"item\":\"https:\/\/compuviper.mx\/tienda\/categoria-producto\/monitores\/\"},{\"@type\":\"ListItem\",\"position\":4,\"name\":\"Led\",\"item\":\"https:\/\/compuviper.mx\/tienda\/categoria-producto\/monitores\/led\/\"},{\"@type\":\"ListItem\",\"position\":5,\"name\":\"Sharp Display Pn-me862 Monitor Profesional Sharp De 86 Uhd 3840 X 2160 18\/7, 450 Cd\/m2, Cont 12001, Usb-c, 3 Hdmi Hdcp, Android 13\"}]},{\"@type\":\"WebSite\",\"@id\":\"https:\/\/compuviper.mx\/tienda\/#website\",\"url\":\"https:\/\/compuviper.mx\/tienda\/\",\"name\":\"Compuviper\",\"description\":\"Proveedor de Computadoras, Laptops, Servidores, Monitores, Puntos de Venta, Teclados,   Impresoras, T\u00f3ner, C\u00e1maras de Seguridad y m\u00e1s en tu tienda en l\u00ednea\",\"publisher\":{\"@id\":\"https:\/\/compuviper.mx\/tienda\/#organization\"},\"potentialAction\":[{\"@type\":\"SearchAction\",\"target\":{\"@type\":\"EntryPoint\",\"urlTemplate\":\"https:\/\/compuviper.mx\/tienda\/?s={search_term_string}\"},\"query-input\":\"required name=search_term_string\"}],\"inLanguage\":\"es-MX\"},{\"@type\":\"Organization\",\"@id\":\"https:\/\/compuviper.mx\/tienda\/#organization\",\"name\":\"Compuviper\",\"url\":\"https:\/\/compuviper.mx\/tienda\/\",\"logo\":{\"@type\":\"ImageObject\",\"inLanguage\":\"es-MX\",\"@id\":\"https:\/\/compuviper.mx\/tienda\/#\/schema\/logo\/image\/\",\"url\":\"https:\/\/compuviper.mx\/tienda\/wp-content\/uploads\/2021\/08\/Logo-Compuviper-10.png\",\"contentUrl\":\"https:\/\/compuviper.mx\/tienda\/wp-content\/uploads\/2021\/08\/Logo-Compuviper-10.png\",\"width\":1000,\"height\":500,\"caption\":\"Compuviper\"},\"image\":{\"@id\":\"https:\/\/compuviper.mx\/tienda\/#\/schema\/logo\/image\/\"},\"sameAs\":[\"https:\/\/www.facebook.com\/compuviper\",\"https:\/\/www.youtube.com\/channel\/UCf73dERp9Y3cfOq7q8BhLjA?view_as=subscriber\"]}]}<\/script>\n<meta property=\"product:brand\" content=\"Sharp Display\" \/>\n<meta property=\"product:price:amount\" content=\"58370\" \/>\n<meta property=\"product:price:currency\" content=\"MXN\" \/>\n<meta property=\"og:availability\" content=\"backorder\" \/>\n<meta property=\"product:availability\" content=\"available for order\" \/>\n<meta property=\"product:retailer_item_id\" content=\"PN-ME862\" \/>\n<meta property=\"product:condition\" content=\"new\" \/>\n<!-- \/ Yoast SEO plugin. -->","yoast_head_json":{"title":"[ Sharp Display ] &#129351; Pn-me862 Monitor Profesional Sharp De 86 Uhd 3840 X 2160 18\/7, 450 Cd\/m2, Cont 12001, Usb-c, 3 Hdmi Hdcp, Android 13","description":"Compra Pn-me862 Monitor Profesional Sharp De 86 Uhd 3840 X 2160 18\/7, 450 Cd\/m2, Cont 12001, Usb-c, 3 Hdmi Hdcp, Android 13 + Env\u00edo a domicilio + Pago seguro + Garant\u00eda","robots":{"index":"index","follow":"follow","max-snippet":"max-snippet:-1","max-image-preview":"max-image-preview:large","max-video-preview":"max-video-preview:-1"},"canonical":"https:\/\/compuviper.mx\/tienda\/producto\/sharp-display-pn-me862-monitor-profesional-sharp-de-86-uhd-3840-x-2160-18-7-450-cd-m2-cont-12001-usb-c-3-hdmi-hdcp-android-13\/","og_locale":"es_MX","og_type":"article","og_title":"[ Sharp Display ] &#129351; Pn-me862 Monitor Profesional Sharp De 86 Uhd 3840 X 2160 18\/7, 450 Cd\/m2, Cont 12001, Usb-c, 3 Hdmi Hdcp, Android 13","og_description":"Compra Pn-me862 Monitor Profesional Sharp De 86 Uhd 3840 X 2160 18\/7, 450 Cd\/m2, Cont 12001, Usb-c, 3 Hdmi Hdcp, Android 13 + Env\u00edo a domicilio + Pago seguro + Garant\u00eda","og_url":"https:\/\/compuviper.mx\/tienda\/producto\/sharp-display-pn-me862-monitor-profesional-sharp-de-86-uhd-3840-x-2160-18-7-450-cd-m2-cont-12001-usb-c-3-hdmi-hdcp-android-13\/","og_site_name":"Compuviper","article_publisher":"https:\/\/www.facebook.com\/compuviper","og_image":[{"width":200,"height":200,"url":"https:\/\/compuviper.mx\/tienda\/wp-content\/uploads\/2025\/10\/Monitor-profesional-sharp-de-86\u0094-pn-me862-uhd-3840-x-2160-187-450-cdm2-cont-12001-usb-c-3-hdmi-hdcp-android-13.jpg","type":"image\/jpeg"}],"twitter_card":"summary_large_image","twitter_misc":{"Precio":"&#36;58,370 con IVA","Availability":"On backorder"},"schema":{"@context":"https:\/\/schema.org","@graph":[{"@type":"WebPage","@id":"https:\/\/compuviper.mx\/tienda\/producto\/sharp-display-pn-me862-monitor-profesional-sharp-de-86-uhd-3840-x-2160-18-7-450-cd-m2-cont-12001-usb-c-3-hdmi-hdcp-android-13\/","url":"https:\/\/compuviper.mx\/tienda\/producto\/sharp-display-pn-me862-monitor-profesional-sharp-de-86-uhd-3840-x-2160-18-7-450-cd-m2-cont-12001-usb-c-3-hdmi-hdcp-android-13\/","name":"[ Sharp Display ] &#129351; Pn-me862 Monitor Profesional Sharp De 86 Uhd 3840 X 2160 18\/7, 450 Cd\/m2, Cont 12001, Usb-c, 3 Hdmi Hdcp, Android 13","isPartOf":{"@id":"https:\/\/compuviper.mx\/tienda\/#website"},"datePublished":"2026-04-25T06:45:30+00:00","dateModified":"2026-04-25T06:45:30+00:00","description":"Compra Pn-me862 Monitor Profesional Sharp De 86 Uhd 3840 X 2160 18\/7, 450 Cd\/m2, Cont 12001, Usb-c, 3 Hdmi Hdcp, Android 13 + Env\u00edo a domicilio + Pago seguro + Garant\u00eda","breadcrumb":{"@id":"https:\/\/compuviper.mx\/tienda\/producto\/sharp-display-pn-me862-monitor-profesional-sharp-de-86-uhd-3840-x-2160-18-7-450-cd-m2-cont-12001-usb-c-3-hdmi-hdcp-android-13\/#breadcrumb"},"inLanguage":"es-MX","potentialAction":[{"@type":"ReadAction","target":["https:\/\/compuviper.mx\/tienda\/producto\/sharp-display-pn-me862-monitor-profesional-sharp-de-86-uhd-3840-x-2160-18-7-450-cd-m2-cont-12001-usb-c-3-hdmi-hdcp-android-13\/"]}]},{"@type":"BreadcrumbList","@id":"https:\/\/compuviper.mx\/tienda\/producto\/sharp-display-pn-me862-monitor-profesional-sharp-de-86-uhd-3840-x-2160-18-7-450-cd-m2-cont-12001-usb-c-3-hdmi-hdcp-android-13\/#breadcrumb","itemListElement":[{"@type":"ListItem","position":1,"name":"Inicio","item":"https:\/\/compuviper.mx\/tienda\/"},{"@type":"ListItem","position":2,"name":"Productos","item":"https:\/\/compuviper.mx\/tienda\/productos\/"},{"@type":"ListItem","position":3,"name":"Monitores","item":"https:\/\/compuviper.mx\/tienda\/categoria-producto\/monitores\/"},{"@type":"ListItem","position":4,"name":"Led","item":"https:\/\/compuviper.mx\/tienda\/categoria-producto\/monitores\/led\/"},{"@type":"ListItem","position":5,"name":"Sharp Display Pn-me862 Monitor Profesional Sharp De 86 Uhd 3840 X 2160 18\/7, 450 Cd\/m2, Cont 12001, Usb-c, 3 Hdmi Hdcp, Android 13"}]},{"@type":"WebSite","@id":"https:\/\/compuviper.mx\/tienda\/#website","url":"https:\/\/compuviper.mx\/tienda\/","name":"Compuviper","description":"Proveedor de Computadoras, Laptops, Servidores, Monitores, Puntos de Venta, Teclados,   Impresoras, T\u00f3ner, C\u00e1maras de Seguridad y m\u00e1s en tu tienda en l\u00ednea","publisher":{"@id":"https:\/\/compuviper.mx\/tienda\/#organization"},"potentialAction":[{"@type":"SearchAction","target":{"@type":"EntryPoint","urlTemplate":"https:\/\/compuviper.mx\/tienda\/?s={search_term_string}"},"query-input":"required name=search_term_string"}],"inLanguage":"es-MX"},{"@type":"Organization","@id":"https:\/\/compuviper.mx\/tienda\/#organization","name":"Compuviper","url":"https:\/\/compuviper.mx\/tienda\/","logo":{"@type":"ImageObject","inLanguage":"es-MX","@id":"https:\/\/compuviper.mx\/tienda\/#\/schema\/logo\/image\/","url":"https:\/\/compuviper.mx\/tienda\/wp-content\/uploads\/2021\/08\/Logo-Compuviper-10.png","contentUrl":"https:\/\/compuviper.mx\/tienda\/wp-content\/uploads\/2021\/08\/Logo-Compuviper-10.png","width":1000,"height":500,"caption":"Compuviper"},"image":{"@id":"https:\/\/compuviper.mx\/tienda\/#\/schema\/logo\/image\/"},"sameAs":["https:\/\/www.facebook.com\/compuviper","https:\/\/www.youtube.com\/channel\/UCf73dERp9Y3cfOq7q8BhLjA?view_as=subscriber"]}]},"product_brand":"Sharp Display","product_price_amount":"58370","product_price_currency":"MXN","og_availability":"backorder","product_availability":"available for order","product_retailer_item_id":"PN-ME862","product_condition":"new"},"_links":{"self":[{"href":"https:\/\/compuviper.mx\/tienda\/wp-json\/wp\/v2\/product\/257057"}],"collection":[{"href":"https:\/\/compuviper.mx\/tienda\/wp-json\/wp\/v2\/product"}],"about":[{"href":"https:\/\/compuviper.mx\/tienda\/wp-json\/wp\/v2\/types\/product"}],"replies":[{"embeddable":true,"href":"https:\/\/compuviper.mx\/tienda\/wp-json\/wp\/v2\/comments?post=257057"}],"wp:featuredmedia":[{"embeddable":true,"href":"https:\/\/compuviper.mx\/tienda\/wp-json\/wp\/v2\/media\/260011"}],"wp:attachment":[{"href":"https:\/\/compuviper.mx\/tienda\/wp-json\/wp\/v2\/media?parent=257057"}],"wp:term":[{"taxonomy":"product_cat","embeddable":true,"href":"https:\/\/compuviper.mx\/tienda\/wp-json\/wp\/v2\/product_cat?post=257057"},{"taxonomy":"product_tag","embeddable":true,"href":"https:\/\/compuviper.mx\/tienda\/wp-json\/wp\/v2\/product_tag?post=257057"}],"curies":[{"name":"wp","href":"https:\/\/api.w.org\/{rel}","templated":true}]}}