{"id":257056,"date":"2026-04-10T00:47:09","date_gmt":"2026-04-10T06:47:09","guid":{"rendered":"https:\/\/compuviper.mx\/tienda\/producto\/lg-98tr3dk-b-monitor-interactivo-touchscreen-de-98-p-uhd-390-nits-de-brillo-puntos-multi-tactil-de-escritura-40-hdmi-3-entrada-rgb-audio-entrada-rs232c-rj45-usb-2-0-sistema-android\/"},"modified":"2026-04-10T00:47:09","modified_gmt":"2026-04-10T06:47:09","slug":"lg-98tr3dk-b-monitor-interactivo-touchscreen-de-98-p-uhd-390-nits-de-brillo-puntos-multi-tactil-de-escritura-40-hdmi-3-entrada-rgb-audio-entrada-rs232c-rj45-usb-2-0-sistema-android","status":"publish","type":"product","link":"https:\/\/compuviper.mx\/tienda\/producto\/lg-98tr3dk-b-monitor-interactivo-touchscreen-de-98-p-uhd-390-nits-de-brillo-puntos-multi-tactil-de-escritura-40-hdmi-3-entrada-rgb-audio-entrada-rs232c-rj45-usb-2-0-sistema-android\/","title":{"rendered":"Lg 98tr3dk-b Monitor Interactivo Touchscreen  De 98 P, , Uhd, 390 Nits De Brillo, Puntos Multi-tactil De Escritura 40 Hdmi 3, Entrada Rgb\/audio, Entrada Rs232c, Rj45, Usb 2.0, Sistema Android"},"content":{"rendered":"<table class=\"descripcion\">\n<tr>\n<td>Panel<\/td>\n<\/tr>\n<tr>\n<td>Tama\u00f1o de pantalla (pulgadas)<\/td>\n<\/tr>\n<tr>\n<td>98<\/td>\n<\/tr>\n<tr>\n<td>Tecnolog\u00eda de paneles<\/td>\n<\/tr>\n<tr>\n<td>Ips<\/td>\n<\/tr>\n<tr>\n<td>Tipo de luz de fondo<\/td>\n<\/tr>\n<tr>\n<td>Directo<\/td>\n<\/tr>\n<tr>\n<td>Relaci\u00f3n de aspecto<\/td>\n<\/tr>\n<tr>\n<td>16:9<\/td>\n<\/tr>\n<tr>\n<td>Resoluci\u00f3n nativa<\/td>\n<\/tr>\n<tr>\n<td>3840&#215;2160 (uhd)<\/td>\n<\/tr>\n<tr>\n<td>Frecuencia de actualizaci\u00f3n<\/td>\n<\/tr>\n<tr>\n<td>60hz<\/td>\n<\/tr>\n<tr>\n<td>Brillo<\/td>\n<\/tr>\n<tr>\n<td>440nit (sin vidrio, m\u00e1x), 390nit (sin vidrio, tip)<\/td>\n<\/tr>\n<tr>\n<td>Relaci\u00f3n de contraste<\/td>\n<\/tr>\n<tr>\n<td>1200:1<\/td>\n<\/tr>\n<tr>\n<td>Din\u00e1mica cr<\/td>\n<\/tr>\n<tr>\n<td>3000:1<\/td>\n<\/tr>\n<tr>\n<td>Gama de colores<\/td>\n<\/tr>\n<tr>\n<td>Ntsc 72%<\/td>\n<\/tr>\n<tr>\n<td>\u00e1ngulo de visi\u00f3n (axv)<\/td>\n<\/tr>\n<tr>\n<td>178\u00b0 (h\/v)<\/td>\n<\/tr>\n<tr>\n<td>Profundidad de color (cantidad de colores)<\/td>\n<\/tr>\n<tr>\n<td>1.07b (10bit)<\/td>\n<\/tr>\n<tr>\n<td>Tiempo de respuesta<\/td>\n<\/tr>\n<tr>\n<td>8ms<\/td>\n<\/tr>\n<tr>\n<td>Tratamiento de la superficie (niebla)<\/td>\n<\/tr>\n<tr>\n<td>25%<\/td>\n<\/tr>\n<tr>\n<td>Vida \u00fatil<\/td>\n<\/tr>\n<tr>\n<td>30,000 hrs (l50, min.), 50,000 hrs (l30)<\/td>\n<\/tr>\n<tr>\n<td>Horas de operaci\u00f3n (horas\/d\u00eda)<\/td>\n<\/tr>\n<tr>\n<td>16\/7<\/td>\n<\/tr>\n<tr>\n<td>Retrato\/paisaje<\/td>\n<\/tr>\n<tr>\n<td>No \/ s\u00ed<\/td>\n<\/tr>\n<tr>\n<td>Conectividad<\/td>\n<\/tr>\n<tr>\n<td>Entrada hdmi<\/td>\n<\/tr>\n<tr>\n<td>S\u00ed (3) hdcp2.2<\/td>\n<\/tr>\n<tr>\n<td>Entrada rgb<\/td>\n<\/tr>\n<tr>\n<td>S\u00ed (1, vga)<\/td>\n<\/tr>\n<tr>\n<td>Entrada de audio<\/td>\n<\/tr>\n<tr>\n<td>S\u00ed (1)<\/td>\n<\/tr>\n<tr>\n<td>Entrada rs232c<\/td>\n<\/tr>\n<tr>\n<td>S\u00ed (1)<\/td>\n<\/tr>\n<tr>\n<td>Entrada rj45 (lan)<\/td>\n<\/tr>\n<tr>\n<td>S\u00ed (1)<\/td>\n<\/tr>\n<tr>\n<td>Entrada usb<\/td>\n<\/tr>\n<tr>\n<td>Usb3.0 tipo a (4), usb2.0 tipo a (1), usb tipo-c (1, usb-pd, dp-alt)<\/td>\n<\/tr>\n<tr>\n<td>Salida de hdmi<\/td>\n<\/tr>\n<tr>\n<td>O (1)<\/td>\n<\/tr>\n<tr>\n<td>Salida de audio<\/td>\n<\/tr>\n<tr>\n<td>S\u00ed (1), \u00f3ptico s\u00ed (1, spdif)<\/td>\n<\/tr>\n<tr>\n<td>Usb t\u00e1ctil<\/td>\n<\/tr>\n<tr>\n<td>S\u00ed (2)<\/td>\n<\/tr>\n<tr>\n<td>Salida rj45 (lan)<\/td>\n<\/tr>\n<tr>\n<td>O (1)<\/td>\n<\/tr>\n<tr>\n<td>Especificaciones mec\u00e1nicas<\/td>\n<\/tr>\n<tr>\n<td>Color del marco<\/td>\n<\/tr>\n<tr>\n<td>Negro<\/td>\n<\/tr>\n<tr>\n<td>Ancho del marco<\/td>\n<\/tr>\n<tr>\n<td>T\/r\/l\/b : 30\/27\/27\/45mm<\/td>\n<\/tr>\n<tr>\n<td>Peso (cabezales)<\/td>\n<\/tr>\n<tr>\n<td>103.6kg<\/td>\n<\/tr>\n<tr>\n<td>Peso empaquetado<\/td>\n<\/tr>\n<tr>\n<td>133.2kg<\/td>\n<\/tr>\n<tr>\n<td>Dimensiones del monitor (ancho x alto x profundidad)<\/td>\n<\/tr>\n<tr>\n<td>2244 \u00d7 1323 \u00d7 91mm<\/td>\n<\/tr>\n<tr>\n<td>Dimensiones de la caja (ancho x alto x profundidad)<\/td>\n<\/tr>\n<tr>\n<td>2406 \u00d7 1474 \u00d7 280mm<\/td>\n<\/tr>\n<tr>\n<td>Manija<\/td>\n<\/tr>\n<tr>\n<td>S\u00ed<\/td>\n<\/tr>\n<tr>\n<td>Interfaz de montaje est\u00e1ndar vesa<\/td>\n<\/tr>\n<tr>\n<td>800\u00d7600mm<\/td>\n<\/tr>\n<tr>\n<td>Caracter\u00edstica &#8211; hardware<\/td>\n<\/tr>\n<tr>\n<td>Memoria interna (emmc)<\/td>\n<\/tr>\n<tr>\n<td>64gb<\/td>\n<\/tr>\n<tr>\n<td>Wi-fi\/bt (incorporado)<\/td>\n<\/tr>\n<tr>\n<td>S\u00ed (tipo ranura)<\/td>\n<\/tr>\n<tr>\n<td>Sensor de brillo autom\u00e1tico<\/td>\n<\/tr>\n<tr>\n<td>S\u00ed<\/td>\n<\/tr>\n<tr>\n<td>Indicador de encendido<\/td>\n<\/tr>\n<tr>\n<td>S\u00ed<\/td>\n<\/tr>\n<tr>\n<td>Caracter\u00edstica &#8211; software<\/td>\n<\/tr>\n<tr>\n<td>Versi\u00f3n del sistema operativo (webos)<\/td>\n<\/tr>\n<tr>\n<td>Android 11<\/td>\n<\/tr>\n<tr>\n<td>Pip<\/td>\n<\/tr>\n<tr>\n<td>S\u00ed (1) fuente externa<\/td>\n<\/tr>\n<tr>\n<td>Pbp<\/td>\n<\/tr>\n<tr>\n<td>S\u00ed (1) fuente externa<\/td>\n<\/tr>\n<tr>\n<td>Compartir pantalla<\/td>\n<\/tr>\n<tr>\n<td>S\u00ed (createboard share)<\/td>\n<\/tr>\n<tr>\n<td>Ahorro de energ\u00eda inteligente<\/td>\n<\/tr>\n<tr>\n<td>S\u00ed<\/td>\n<\/tr>\n<tr>\n<td>Condiciones ambientales<\/td>\n<\/tr>\n<tr>\n<td>Temperatura de funcionamiento<\/td>\n<\/tr>\n<tr>\n<td>0 \u00b0c hasta 40 \u00b0c<\/td>\n<\/tr>\n<tr>\n<td>Humedad de funcionamiento<\/td>\n<\/tr>\n<tr>\n<td>10% hasta 90%<\/td>\n<\/tr>\n<tr>\n<td>Energ\u00eda<\/td>\n<\/tr>\n<tr>\n<td>Fuente de alimentaci\u00f3n<\/td>\n<\/tr>\n<tr>\n<td>Ac 100-240v~, 50\/60hz<\/td>\n<\/tr>\n<tr>\n<td>Tipo de alimentaci\u00f3n<\/td>\n<\/tr>\n<tr>\n<td>Alimentaci\u00f3n incorporada<\/td>\n<\/tr>\n<tr>\n<td>Consumo de energ\u00eda<\/td>\n<\/tr>\n<tr>\n<td>T\u00edp.<\/td>\n<\/tr>\n<tr>\n<td>395w<\/td>\n<\/tr>\n<tr>\n<td>M\u00e1x.<\/td>\n<\/tr>\n<tr>\n<td>610w<\/td>\n<\/tr>\n<tr>\n<td>Btu (unidad t\u00e9rmica brit\u00e1nica)<\/td>\n<\/tr>\n<tr>\n<td>1348 btu\/hr (tip.), 2081 btu\/hr (max)<\/td>\n<\/tr>\n<tr>\n<td>Dpm<\/td>\n<\/tr>\n<tr>\n<td> and #8804;0.5w<\/td>\n<\/tr>\n<tr>\n<td>Apagado<\/td>\n<\/tr>\n<tr>\n<td> and #8804;0.5w<\/td>\n<\/tr>\n<tr>\n<td>Sonido<\/td>\n<\/tr>\n<tr>\n<td>Altavoz (incorporado)<\/td>\n<\/tr>\n<tr>\n<td>S\u00ed (15w x 2)<\/td>\n<\/tr>\n<tr>\n<td>Certificaci\u00f3n<\/td>\n<\/tr>\n<tr>\n<td>Seguridad<\/td>\n<\/tr>\n<tr>\n<td>Cb \/ nrtl<\/td>\n<\/tr>\n<tr>\n<td>Emc<\/td>\n<\/tr>\n<tr>\n<td>Fcc clase a \/ ce \/ kc<\/td>\n<\/tr>\n<tr>\n<td>Erp\/energy star<\/td>\n<\/tr>\n<tr>\n<td>S\u00ed\/s\u00ed<\/td>\n<\/tr>\n<tr>\n<td>Compatibilidad de operaciones<\/td>\n<\/tr>\n<tr>\n<td>Compatible con tipo ops<\/td>\n<\/tr>\n<tr>\n<td>S\u00ed (ranura)<\/td>\n<\/tr>\n<tr>\n<td>Potencia ops integrada<\/td>\n<\/tr>\n<tr>\n<td>S\u00ed<\/td>\n<\/tr>\n<tr>\n<td>Compatibilidad de software<\/td>\n<\/tr>\n<tr>\n<td>Connected care<\/td>\n<\/tr>\n<tr>\n<td>S\u00ed \/ s\u00ed (dms)<\/td>\n<\/tr>\n<tr>\n<td>Idioma<\/td>\n<\/tr>\n<tr>\n<td>Osd<\/td>\n<\/tr>\n<tr>\n<td>Espa\u00f1ol, chino simplificado, checo, dinamarca, \u00e1rabe (egipto), fin\u00e9s, franc\u00e9s, griego, ingl\u00e9s, italiano, neerland\u00e9s, pa\u00edses bajos (neerland\u00e9s), noruego, polski, portugu\u00e9s (europa), portugu\u00e9s (brasil), rumano, ruso, sueco, t\u00fcrk\u00e7e, ucraniano, h\u00fangaro, tailand\u00e9s, indonesio, qajaq, catal\u00e1n, euskera<\/td>\n<\/tr>\n<tr>\n<td>Accesorio<\/td>\n<\/tr>\n<tr>\n<td>B\u00e1sico<\/td>\n<\/tr>\n<tr>\n<td>Cable de alimentaci\u00f3n 3 m * 1, cable usb (tipo a-tipo b) 5 m * 1, cable usb tipo c (c a c) 1.8 m * 1, cable hdmi 3 m * 1, bol\u00edgrafo de escritura * 2 piezas, manual de usuario, qsg, caja de cart\u00f3n, control remoto (incluye bater\u00eda 2ea), m\u00f3dulo wifi<\/td>\n<\/tr>\n<tr>\n<td>Opcional<\/td>\n<\/tr>\n<tr>\n<td>Montaje en pared (wm-l000s), soporte de suelo (st-000f)<\/td>\n<\/tr>\n<tr>\n<td>Caracter\u00edstica especial<\/td>\n<\/tr>\n<tr>\n<td>Recubrimiento conformado (tablero de potencia)<\/td>\n<\/tr>\n<tr>\n<td>S\u00ed, parcial<\/td>\n<\/tr>\n<tr>\n<td>Caracter\u00edstica dedicada &#8211; t\u00e1ctil<\/td>\n<\/tr>\n<tr>\n<td>Tama\u00f1o de objeto disponible para tocar<\/td>\n<\/tr>\n<tr>\n<td>\u00f82 mm  and #8593;<\/td>\n<\/tr>\n<tr>\n<td>Precisi\u00f3n (t\u00edp.)<\/td>\n<\/tr>\n<tr>\n<td>\u00b11.5mm<\/td>\n<\/tr>\n<tr>\n<td>Interfaz<\/td>\n<\/tr>\n<tr>\n<td>Usb2.0<\/td>\n<\/tr>\n<tr>\n<td>Espesor del vidrio protector<\/td>\n<\/tr>\n<tr>\n<td>4t (anti-reflejo)<\/td>\n<\/tr>\n<tr>\n<td>Transmisi\u00f3n del vidrio protector<\/td>\n<\/tr>\n<tr>\n<td>88%<\/td>\n<\/tr>\n<tr>\n<td>Soporte del sistema operativo<\/td>\n<\/tr>\n<tr>\n<td>Windows 7\/8\/10\/linux\/mac\/android (soporte para linux\/mac con un solo punto t\u00e1ctil)<\/td>\n<\/tr>\n<tr>\n<td>Punto multit\u00e1ctil<\/td>\n<\/tr>\n<tr>\n<td>Max 40 puntos (windows), max 32 puntos (android)<\/td>\n<\/tr>\n<tr>\n<td>Caracter\u00edstica dedicada &#8211; crear tablero<\/td>\n<\/tr>\n<tr>\n<td>Cpu<\/td>\n<\/tr>\n<tr>\n<td>Quad core a55<\/td>\n<\/tr>\n<tr>\n<td>Gpu<\/td>\n<\/tr>\n<tr>\n<td>Mali g52mp2<\/td>\n<\/tr>\n<tr>\n<td>Memoria (ram)<\/td>\n<\/tr>\n<tr>\n<td>8gb<\/td>\n<\/tr>\n<tr>\n<td>Almacenamiento<\/td>\n<\/tr>\n<tr>\n<td>64gb<\/td>\n<\/tr>\n<tr>\n<td>Wifi<\/td>\n<\/tr>\n<tr>\n<td>802.11a\/b\/g\/n\/ac\/ax (wifi 6)<\/td>\n<\/tr>\n<tr>\n<td>Lan<\/td>\n<\/tr>\n<tr>\n<td>Gigabit lan<\/td>\n<\/tr>\n<tr>\n<td>Bluetooth<\/td>\n<\/tr>\n<tr>\n<td>Bluetooth 5.0<\/td>\n<\/tr>\n<tr>\n<td>Versi\u00f3n del sistema operativo (android)<\/td>\n<\/tr>\n<tr>\n<td>Android 11<\/td>\n<\/tr>\n<\/table>\n","protected":false},"excerpt":{"rendered":"<p>Un nuevo nivel de educaci\u00f3n con los pantallas interactivas de lg. Varias plantillas de ense\u00f1anza. Las pantallas  interactivos de lg ofrecen una variedad de plantillas educativas y herramientas de ense\u00f1anza, como reglas, tablas y notas adhesivas, lo que permite la participaci\u00f3n activa de los estudiantes y permite clases intuitivas y f\u00e1ciles. La edici\u00f3n de im\u00e1genes y videos se vuelve f\u00e1cil con lg createboard, y los recursos creados se pueden compartir f\u00e1cilmente con otros a trav\u00e9s de c\u00f3digos qr. Multit\u00e1ctil. Estos tableros pueden detectar simult\u00e1neamente hasta 40 puntos para la funcionalidad multit\u00e1ctil. Esto crea una experiencia t\u00e1ctil de pizarra realista, lo que ayuda a los estudiantes a acostumbrarse f\u00e1cilmente y participar verdaderamente en las clases. Esto conduce a la m\u00e1xima concentraci\u00f3n y compromiso org\u00e1nico de los estudiantes. F\u00e1cil de guardar\/importar\/exportar. Lg incluye funciones simples de importaci\u00f3n y exportaci\u00f3n. Los recursos se pueden guardar e importar directamente desde y hacia google drive o onedrive, y los archivos se pueden importar desde una unidad usb (los usuarios pueden explorar los recursos guardados en el almacenamiento usb). Compartir pantalla inal\u00e1mbrica. Nuestros tableros permiten compartir a los usuarios pantalla de forma f\u00e1cil y mostrar hasta 9 pantallas o un archivo en una pantalla en tiempo real. Esto sucede cuando la aplicaci\u00f3n lg createboard share est\u00e1 instalada en el dispositivo. Adem\u00e1s, los archivos del anfitri\u00f3n se pueden enviar f\u00e1cilmente a cualquier dispositivo conectado a la aplicaci\u00f3n lg createboard share, y el anfitri\u00f3n dispone de varios controles r\u00e1pidos. Dms de lg connectedcare. Lg connectedcare dms es una soluci\u00f3n en la nube para monitorear, controlar y administrar de forma remota el estado de lg createboard instalado en entornos educativos. Esta funci\u00f3n permite a los administradores de ti operar y administrar recursos importantes en dispositivos operativos sin visitar los sitios f\u00edsicamente.<\/p>\n","protected":false},"featured_media":260010,"comment_status":"open","ping_status":"open","template":"","meta":[],"product_cat":[1740,1742],"product_tag":[1687],"acf":[],"yoast_head":"<!-- This site is optimized with the Yoast SEO plugin v21.7 - https:\/\/yoast.com\/wordpress\/plugins\/seo\/ -->\n<title>[ Lg ] &#129351; 98tr3dk-b Monitor Interactivo Touchscreen De 98 P, , Uhd, 390 Nits De Brillo, Puntos Multi-tactil De Escritura 40 Hdmi 3, Entrada Rgb\/audio, Entrada Rs232c, Rj45, Usb 2.0, Sistema Android<\/title>\n<meta name=\"description\" content=\"Compra 98tr3dk-b Monitor Interactivo Touchscreen De 98 P, , Uhd, 390 Nits De Brillo, Puntos Multi-tactil De Escritura 40 Hdmi 3, Entrada Rgb\/audio, Entrada Rs232c, Rj45, Usb 2.0, Sistema Android + Env\u00edo a domicilio + Pago seguro + Garant\u00eda\" \/>\n<meta name=\"robots\" content=\"index, follow, max-snippet:-1, max-image-preview:large, max-video-preview:-1\" \/>\n<link rel=\"canonical\" href=\"https:\/\/compuviper.mx\/tienda\/producto\/lg-98tr3dk-b-monitor-interactivo-touchscreen-de-98-p-uhd-390-nits-de-brillo-puntos-multi-tactil-de-escritura-40-hdmi-3-entrada-rgb-audio-entrada-rs232c-rj45-usb-2-0-sistema-android\/\" \/>\n<meta property=\"og:locale\" content=\"es_MX\" \/>\n<meta property=\"og:type\" content=\"article\" \/>\n<meta property=\"og:title\" content=\"[ Lg ] &#129351; 98tr3dk-b Monitor Interactivo Touchscreen De 98 P, , Uhd, 390 Nits De Brillo, Puntos Multi-tactil De Escritura 40 Hdmi 3, Entrada Rgb\/audio, Entrada Rs232c, Rj45, Usb 2.0, Sistema Android\" \/>\n<meta property=\"og:description\" content=\"Compra 98tr3dk-b Monitor Interactivo Touchscreen De 98 P, , Uhd, 390 Nits De Brillo, Puntos Multi-tactil De Escritura 40 Hdmi 3, Entrada Rgb\/audio, Entrada Rs232c, Rj45, Usb 2.0, Sistema Android + Env\u00edo a domicilio + Pago seguro + Garant\u00eda\" \/>\n<meta property=\"og:url\" content=\"https:\/\/compuviper.mx\/tienda\/producto\/lg-98tr3dk-b-monitor-interactivo-touchscreen-de-98-p-uhd-390-nits-de-brillo-puntos-multi-tactil-de-escritura-40-hdmi-3-entrada-rgb-audio-entrada-rs232c-rj45-usb-2-0-sistema-android\/\" \/>\n<meta property=\"og:site_name\" content=\"Compuviper\" \/>\n<meta property=\"article:publisher\" content=\"https:\/\/www.facebook.com\/compuviper\" \/>\n<meta property=\"og:image\" content=\"https:\/\/compuviper.mx\/tienda\/wp-content\/uploads\/2025\/10\/Monitor-interactivo-touchscreen-lg-de-98-plg-98tr3dk-b-uhd-390-nits-de-brillo-puntos-multi-tactil-de-escritura-40-hdmi-3-entrada-rgbaudio-entrada-rs232c-rj45-usb-2.0-sistema-android.jpg\" \/>\n\t<meta property=\"og:image:width\" content=\"200\" \/>\n\t<meta property=\"og:image:height\" content=\"200\" \/>\n\t<meta property=\"og:image:type\" content=\"image\/jpeg\" \/>\n<meta name=\"twitter:card\" content=\"summary_large_image\" \/>\n<meta name=\"twitter:label1\" content=\"Precio\" \/>\n\t<meta name=\"twitter:data1\" content=\"&#36;123,929 con IVA\" \/>\n\t<meta name=\"twitter:label2\" content=\"Availability\" \/>\n\t<meta name=\"twitter:data2\" content=\"In stock\" \/>\n<script type=\"application\/ld+json\" class=\"yoast-schema-graph\">{\"@context\":\"https:\/\/schema.org\",\"@graph\":[{\"@type\":\"WebPage\",\"@id\":\"https:\/\/compuviper.mx\/tienda\/producto\/lg-98tr3dk-b-monitor-interactivo-touchscreen-de-98-p-uhd-390-nits-de-brillo-puntos-multi-tactil-de-escritura-40-hdmi-3-entrada-rgb-audio-entrada-rs232c-rj45-usb-2-0-sistema-android\/\",\"url\":\"https:\/\/compuviper.mx\/tienda\/producto\/lg-98tr3dk-b-monitor-interactivo-touchscreen-de-98-p-uhd-390-nits-de-brillo-puntos-multi-tactil-de-escritura-40-hdmi-3-entrada-rgb-audio-entrada-rs232c-rj45-usb-2-0-sistema-android\/\",\"name\":\"[ Lg ] &#129351; 98tr3dk-b Monitor Interactivo Touchscreen De 98 P, , Uhd, 390 Nits De Brillo, Puntos Multi-tactil De Escritura 40 Hdmi 3, Entrada Rgb\/audio, Entrada Rs232c, Rj45, Usb 2.0, Sistema Android\",\"isPartOf\":{\"@id\":\"https:\/\/compuviper.mx\/tienda\/#website\"},\"datePublished\":\"2026-04-10T06:47:09+00:00\",\"dateModified\":\"2026-04-10T06:47:09+00:00\",\"description\":\"Compra 98tr3dk-b Monitor Interactivo Touchscreen De 98 P, , Uhd, 390 Nits De Brillo, Puntos Multi-tactil De Escritura 40 Hdmi 3, Entrada Rgb\/audio, Entrada Rs232c, Rj45, Usb 2.0, Sistema Android + Env\u00edo a domicilio + Pago seguro + Garant\u00eda\",\"breadcrumb\":{\"@id\":\"https:\/\/compuviper.mx\/tienda\/producto\/lg-98tr3dk-b-monitor-interactivo-touchscreen-de-98-p-uhd-390-nits-de-brillo-puntos-multi-tactil-de-escritura-40-hdmi-3-entrada-rgb-audio-entrada-rs232c-rj45-usb-2-0-sistema-android\/#breadcrumb\"},\"inLanguage\":\"es-MX\",\"potentialAction\":[{\"@type\":\"ReadAction\",\"target\":[\"https:\/\/compuviper.mx\/tienda\/producto\/lg-98tr3dk-b-monitor-interactivo-touchscreen-de-98-p-uhd-390-nits-de-brillo-puntos-multi-tactil-de-escritura-40-hdmi-3-entrada-rgb-audio-entrada-rs232c-rj45-usb-2-0-sistema-android\/\"]}]},{\"@type\":\"BreadcrumbList\",\"@id\":\"https:\/\/compuviper.mx\/tienda\/producto\/lg-98tr3dk-b-monitor-interactivo-touchscreen-de-98-p-uhd-390-nits-de-brillo-puntos-multi-tactil-de-escritura-40-hdmi-3-entrada-rgb-audio-entrada-rs232c-rj45-usb-2-0-sistema-android\/#breadcrumb\",\"itemListElement\":[{\"@type\":\"ListItem\",\"position\":1,\"name\":\"Inicio\",\"item\":\"https:\/\/compuviper.mx\/tienda\/\"},{\"@type\":\"ListItem\",\"position\":2,\"name\":\"Productos\",\"item\":\"https:\/\/compuviper.mx\/tienda\/productos\/\"},{\"@type\":\"ListItem\",\"position\":3,\"name\":\"Monitores\",\"item\":\"https:\/\/compuviper.mx\/tienda\/categoria-producto\/monitores\/\"},{\"@type\":\"ListItem\",\"position\":4,\"name\":\"Touch Screen\",\"item\":\"https:\/\/compuviper.mx\/tienda\/categoria-producto\/monitores\/touch-screen\/\"},{\"@type\":\"ListItem\",\"position\":5,\"name\":\"Lg 98tr3dk-b Monitor Interactivo Touchscreen De 98 P, , Uhd, 390 Nits De Brillo, Puntos Multi-tactil De Escritura 40 Hdmi 3, Entrada Rgb\/audio, Entrada Rs232c, Rj45, Usb 2.0, Sistema Android\"}]},{\"@type\":\"WebSite\",\"@id\":\"https:\/\/compuviper.mx\/tienda\/#website\",\"url\":\"https:\/\/compuviper.mx\/tienda\/\",\"name\":\"Compuviper\",\"description\":\"Proveedor de Computadoras, Laptops, Servidores, Monitores, Puntos de Venta, Teclados,   Impresoras, T\u00f3ner, C\u00e1maras de Seguridad y m\u00e1s en tu tienda en l\u00ednea\",\"publisher\":{\"@id\":\"https:\/\/compuviper.mx\/tienda\/#organization\"},\"potentialAction\":[{\"@type\":\"SearchAction\",\"target\":{\"@type\":\"EntryPoint\",\"urlTemplate\":\"https:\/\/compuviper.mx\/tienda\/?s={search_term_string}\"},\"query-input\":\"required name=search_term_string\"}],\"inLanguage\":\"es-MX\"},{\"@type\":\"Organization\",\"@id\":\"https:\/\/compuviper.mx\/tienda\/#organization\",\"name\":\"Compuviper\",\"url\":\"https:\/\/compuviper.mx\/tienda\/\",\"logo\":{\"@type\":\"ImageObject\",\"inLanguage\":\"es-MX\",\"@id\":\"https:\/\/compuviper.mx\/tienda\/#\/schema\/logo\/image\/\",\"url\":\"https:\/\/compuviper.mx\/tienda\/wp-content\/uploads\/2021\/08\/Logo-Compuviper-10.png\",\"contentUrl\":\"https:\/\/compuviper.mx\/tienda\/wp-content\/uploads\/2021\/08\/Logo-Compuviper-10.png\",\"width\":1000,\"height\":500,\"caption\":\"Compuviper\"},\"image\":{\"@id\":\"https:\/\/compuviper.mx\/tienda\/#\/schema\/logo\/image\/\"},\"sameAs\":[\"https:\/\/www.facebook.com\/compuviper\",\"https:\/\/www.youtube.com\/channel\/UCf73dERp9Y3cfOq7q8BhLjA?view_as=subscriber\"]}]}<\/script>\n<meta property=\"product:brand\" content=\"LG\" \/>\n<meta property=\"product:price:amount\" content=\"123929\" \/>\n<meta property=\"product:price:currency\" content=\"MXN\" \/>\n<meta property=\"og:availability\" content=\"instock\" \/>\n<meta property=\"product:availability\" content=\"instock\" \/>\n<meta property=\"product:retailer_item_id\" content=\"98TR3DK-B\" \/>\n<meta property=\"product:condition\" content=\"new\" \/>\n<!-- \/ Yoast SEO plugin. -->","yoast_head_json":{"title":"[ Lg ] &#129351; 98tr3dk-b Monitor Interactivo Touchscreen De 98 P, , Uhd, 390 Nits De Brillo, Puntos Multi-tactil De Escritura 40 Hdmi 3, Entrada Rgb\/audio, Entrada Rs232c, Rj45, Usb 2.0, Sistema Android","description":"Compra 98tr3dk-b Monitor Interactivo Touchscreen De 98 P, , Uhd, 390 Nits De Brillo, Puntos Multi-tactil De Escritura 40 Hdmi 3, Entrada Rgb\/audio, Entrada Rs232c, Rj45, Usb 2.0, Sistema Android + Env\u00edo a domicilio + Pago seguro + Garant\u00eda","robots":{"index":"index","follow":"follow","max-snippet":"max-snippet:-1","max-image-preview":"max-image-preview:large","max-video-preview":"max-video-preview:-1"},"canonical":"https:\/\/compuviper.mx\/tienda\/producto\/lg-98tr3dk-b-monitor-interactivo-touchscreen-de-98-p-uhd-390-nits-de-brillo-puntos-multi-tactil-de-escritura-40-hdmi-3-entrada-rgb-audio-entrada-rs232c-rj45-usb-2-0-sistema-android\/","og_locale":"es_MX","og_type":"article","og_title":"[ Lg ] &#129351; 98tr3dk-b Monitor Interactivo Touchscreen De 98 P, , Uhd, 390 Nits De Brillo, Puntos Multi-tactil De Escritura 40 Hdmi 3, Entrada Rgb\/audio, Entrada Rs232c, Rj45, Usb 2.0, Sistema Android","og_description":"Compra 98tr3dk-b Monitor Interactivo Touchscreen De 98 P, , Uhd, 390 Nits De Brillo, Puntos Multi-tactil De Escritura 40 Hdmi 3, Entrada Rgb\/audio, Entrada Rs232c, Rj45, Usb 2.0, Sistema Android + Env\u00edo a domicilio + Pago seguro + Garant\u00eda","og_url":"https:\/\/compuviper.mx\/tienda\/producto\/lg-98tr3dk-b-monitor-interactivo-touchscreen-de-98-p-uhd-390-nits-de-brillo-puntos-multi-tactil-de-escritura-40-hdmi-3-entrada-rgb-audio-entrada-rs232c-rj45-usb-2-0-sistema-android\/","og_site_name":"Compuviper","article_publisher":"https:\/\/www.facebook.com\/compuviper","og_image":[{"width":200,"height":200,"url":"https:\/\/compuviper.mx\/tienda\/wp-content\/uploads\/2025\/10\/Monitor-interactivo-touchscreen-lg-de-98-plg-98tr3dk-b-uhd-390-nits-de-brillo-puntos-multi-tactil-de-escritura-40-hdmi-3-entrada-rgbaudio-entrada-rs232c-rj45-usb-2.0-sistema-android.jpg","type":"image\/jpeg"}],"twitter_card":"summary_large_image","twitter_misc":{"Precio":"&#36;123,929 con IVA","Availability":"In stock"},"schema":{"@context":"https:\/\/schema.org","@graph":[{"@type":"WebPage","@id":"https:\/\/compuviper.mx\/tienda\/producto\/lg-98tr3dk-b-monitor-interactivo-touchscreen-de-98-p-uhd-390-nits-de-brillo-puntos-multi-tactil-de-escritura-40-hdmi-3-entrada-rgb-audio-entrada-rs232c-rj45-usb-2-0-sistema-android\/","url":"https:\/\/compuviper.mx\/tienda\/producto\/lg-98tr3dk-b-monitor-interactivo-touchscreen-de-98-p-uhd-390-nits-de-brillo-puntos-multi-tactil-de-escritura-40-hdmi-3-entrada-rgb-audio-entrada-rs232c-rj45-usb-2-0-sistema-android\/","name":"[ Lg ] &#129351; 98tr3dk-b Monitor Interactivo Touchscreen De 98 P, , Uhd, 390 Nits De Brillo, Puntos Multi-tactil De Escritura 40 Hdmi 3, Entrada Rgb\/audio, Entrada Rs232c, Rj45, Usb 2.0, Sistema Android","isPartOf":{"@id":"https:\/\/compuviper.mx\/tienda\/#website"},"datePublished":"2026-04-10T06:47:09+00:00","dateModified":"2026-04-10T06:47:09+00:00","description":"Compra 98tr3dk-b Monitor Interactivo Touchscreen De 98 P, , Uhd, 390 Nits De Brillo, Puntos Multi-tactil De Escritura 40 Hdmi 3, Entrada Rgb\/audio, Entrada Rs232c, Rj45, Usb 2.0, Sistema Android + Env\u00edo a domicilio + Pago seguro + Garant\u00eda","breadcrumb":{"@id":"https:\/\/compuviper.mx\/tienda\/producto\/lg-98tr3dk-b-monitor-interactivo-touchscreen-de-98-p-uhd-390-nits-de-brillo-puntos-multi-tactil-de-escritura-40-hdmi-3-entrada-rgb-audio-entrada-rs232c-rj45-usb-2-0-sistema-android\/#breadcrumb"},"inLanguage":"es-MX","potentialAction":[{"@type":"ReadAction","target":["https:\/\/compuviper.mx\/tienda\/producto\/lg-98tr3dk-b-monitor-interactivo-touchscreen-de-98-p-uhd-390-nits-de-brillo-puntos-multi-tactil-de-escritura-40-hdmi-3-entrada-rgb-audio-entrada-rs232c-rj45-usb-2-0-sistema-android\/"]}]},{"@type":"BreadcrumbList","@id":"https:\/\/compuviper.mx\/tienda\/producto\/lg-98tr3dk-b-monitor-interactivo-touchscreen-de-98-p-uhd-390-nits-de-brillo-puntos-multi-tactil-de-escritura-40-hdmi-3-entrada-rgb-audio-entrada-rs232c-rj45-usb-2-0-sistema-android\/#breadcrumb","itemListElement":[{"@type":"ListItem","position":1,"name":"Inicio","item":"https:\/\/compuviper.mx\/tienda\/"},{"@type":"ListItem","position":2,"name":"Productos","item":"https:\/\/compuviper.mx\/tienda\/productos\/"},{"@type":"ListItem","position":3,"name":"Monitores","item":"https:\/\/compuviper.mx\/tienda\/categoria-producto\/monitores\/"},{"@type":"ListItem","position":4,"name":"Touch Screen","item":"https:\/\/compuviper.mx\/tienda\/categoria-producto\/monitores\/touch-screen\/"},{"@type":"ListItem","position":5,"name":"Lg 98tr3dk-b Monitor Interactivo Touchscreen De 98 P, , Uhd, 390 Nits De Brillo, Puntos Multi-tactil De Escritura 40 Hdmi 3, Entrada Rgb\/audio, Entrada Rs232c, Rj45, Usb 2.0, Sistema Android"}]},{"@type":"WebSite","@id":"https:\/\/compuviper.mx\/tienda\/#website","url":"https:\/\/compuviper.mx\/tienda\/","name":"Compuviper","description":"Proveedor de Computadoras, Laptops, Servidores, Monitores, Puntos de Venta, Teclados,   Impresoras, T\u00f3ner, C\u00e1maras de Seguridad y m\u00e1s en tu tienda en l\u00ednea","publisher":{"@id":"https:\/\/compuviper.mx\/tienda\/#organization"},"potentialAction":[{"@type":"SearchAction","target":{"@type":"EntryPoint","urlTemplate":"https:\/\/compuviper.mx\/tienda\/?s={search_term_string}"},"query-input":"required name=search_term_string"}],"inLanguage":"es-MX"},{"@type":"Organization","@id":"https:\/\/compuviper.mx\/tienda\/#organization","name":"Compuviper","url":"https:\/\/compuviper.mx\/tienda\/","logo":{"@type":"ImageObject","inLanguage":"es-MX","@id":"https:\/\/compuviper.mx\/tienda\/#\/schema\/logo\/image\/","url":"https:\/\/compuviper.mx\/tienda\/wp-content\/uploads\/2021\/08\/Logo-Compuviper-10.png","contentUrl":"https:\/\/compuviper.mx\/tienda\/wp-content\/uploads\/2021\/08\/Logo-Compuviper-10.png","width":1000,"height":500,"caption":"Compuviper"},"image":{"@id":"https:\/\/compuviper.mx\/tienda\/#\/schema\/logo\/image\/"},"sameAs":["https:\/\/www.facebook.com\/compuviper","https:\/\/www.youtube.com\/channel\/UCf73dERp9Y3cfOq7q8BhLjA?view_as=subscriber"]}]},"product_brand":"LG","product_price_amount":"123929","product_price_currency":"MXN","og_availability":"instock","product_availability":"instock","product_retailer_item_id":"98TR3DK-B","product_condition":"new"},"_links":{"self":[{"href":"https:\/\/compuviper.mx\/tienda\/wp-json\/wp\/v2\/product\/257056"}],"collection":[{"href":"https:\/\/compuviper.mx\/tienda\/wp-json\/wp\/v2\/product"}],"about":[{"href":"https:\/\/compuviper.mx\/tienda\/wp-json\/wp\/v2\/types\/product"}],"replies":[{"embeddable":true,"href":"https:\/\/compuviper.mx\/tienda\/wp-json\/wp\/v2\/comments?post=257056"}],"wp:featuredmedia":[{"embeddable":true,"href":"https:\/\/compuviper.mx\/tienda\/wp-json\/wp\/v2\/media\/260010"}],"wp:attachment":[{"href":"https:\/\/compuviper.mx\/tienda\/wp-json\/wp\/v2\/media?parent=257056"}],"wp:term":[{"taxonomy":"product_cat","embeddable":true,"href":"https:\/\/compuviper.mx\/tienda\/wp-json\/wp\/v2\/product_cat?post=257056"},{"taxonomy":"product_tag","embeddable":true,"href":"https:\/\/compuviper.mx\/tienda\/wp-json\/wp\/v2\/product_tag?post=257056"}],"curies":[{"name":"wp","href":"https:\/\/api.w.org\/{rel}","templated":true}]}}