{"id":257050,"date":"2026-04-02T00:39:37","date_gmt":"2026-04-02T06:39:37","guid":{"rendered":"https:\/\/compuviper.mx\/tienda\/producto\/synology-snv5420-800g-unidad-de-estado-solido-ssd-m-2-2280-nvme-snv5420-800-gb-pcie-gen3-x4-lect-3000mb-s-escrit-1000mb-s-solo-para-equipos-para-aumento-de-cache\/"},"modified":"2026-04-02T00:39:38","modified_gmt":"2026-04-02T06:39:38","slug":"synology-snv5420-800g-unidad-de-estado-solido-ssd-m-2-2280-nvme-snv5420-800-gb-pcie-gen3-x4-lect-3000mb-s-escrit-1000mb-s-solo-para-equipos-para-aumento-de-cache","status":"publish","type":"product","link":"https:\/\/compuviper.mx\/tienda\/producto\/synology-snv5420-800g-unidad-de-estado-solido-ssd-m-2-2280-nvme-snv5420-800-gb-pcie-gen3-x4-lect-3000mb-s-escrit-1000mb-s-solo-para-equipos-para-aumento-de-cache\/","title":{"rendered":"Synology Snv5420-800g Unidad De Estado Solido  Ssd M.2 2280 Nvme Snv5420-800 Gb Pcie Gen3 X4 Lect 3000mb\/s Escrit 1000mb\/s, Solo Para Equipos , Para Aumento De Cache"},"content":{"rendered":"<table class=\"descripcion\">\n<tr>\n<td>Especificaciones de hardware<\/td>\n<\/tr>\n<tr>\n<td>Serie snv5400<\/td>\n<\/tr>\n<tr>\n<td>N\u00famero de modelo snv5420-800g<\/td>\n<\/tr>\n<tr>\n<td>Capacidad 800 gb<\/td>\n<\/tr>\n<tr>\n<td>Factor de forma m.2 2280<\/td>\n<\/tr>\n<tr>\n<td>Interfaz nvme pcie 3.0 x4<\/td>\n<\/tr>\n<tr>\n<td>Rendimiento<\/td>\n<\/tr>\n<tr>\n<td>Lectura secuencial 3.000 mb\/s<\/td>\n<\/tr>\n<tr>\n<td>Escritura secuencial 1.000 mb\/s<\/td>\n<\/tr>\n<tr>\n<td>Lectura aleatoria  400 000 iops<\/td>\n<\/tr>\n<tr>\n<td>Escritura aleatoria 70 000 iops<\/td>\n<\/tr>\n<\/table>\n","protected":false},"excerpt":{"rendered":"<p>Modelos compatibles. Sa series:sa6400, sa3610, sa3600, sa3410, sa3400. 25 series:rs2825rp. 23 series:rs2423rp+, rs2423. 22 series:rs822rp+, rs822+, ds3622xs+, ds2422. 21 series:rs4021xs+, rs3621xs+, rs3621rpxs, rs2821rp+, rs2421rp+, rs2421+, rs1221rp+, rs1221. 20 series:rs820rp+, rs820. 19 series:ds2419+ii, ds2419+, ds1819. 18 series:rs3618xs, rs2818rp+, rs2418rp+, rs2418+, ds3018xs, ds1618. 17 series:rs18017xs+, rs4017xs+, rs3617xs+, rs3617rpxs, ds3617xsii, ds3617xs. Las ssd nvme m.2 de la serie enterprise de synology se han dise\u00f1ado para gestionar cargas de trabajo de almacenamiento en. Cach\u00e9 exigentes en situaciones de gran nivel de simultaneidad ininterrumpida<\/p>\n","protected":false},"featured_media":259717,"comment_status":"open","ping_status":"open","template":"","meta":[],"product_cat":[1703,1708],"product_tag":[1561],"acf":[],"yoast_head":"<!-- This site is optimized with the Yoast SEO plugin v21.7 - https:\/\/yoast.com\/wordpress\/plugins\/seo\/ -->\n<title>[ Synology ] &#129351; Snv5420-800g Unidad De Estado Solido Ssd M.2 2280 Nvme Snv5420-800 Gb Pcie Gen3 X4 Lect 3000mb\/s Escrit 1000mb\/s, Solo Para Equipos , Para Aumento De Cache<\/title>\n<meta name=\"description\" content=\"Compra Snv5420-800g Unidad De Estado Solido Ssd M.2 2280 Nvme Snv5420-800 Gb Pcie Gen3 X4 Lect 3000mb\/s Escrit 1000mb\/s, Solo Para Equipos , Para Aumento De Cache + Env\u00edo a domicilio + Pago seguro + Garant\u00eda\" \/>\n<meta name=\"robots\" content=\"index, follow, max-snippet:-1, max-image-preview:large, max-video-preview:-1\" \/>\n<link rel=\"canonical\" href=\"https:\/\/compuviper.mx\/tienda\/producto\/synology-snv5420-800g-unidad-de-estado-solido-ssd-m-2-2280-nvme-snv5420-800-gb-pcie-gen3-x4-lect-3000mb-s-escrit-1000mb-s-solo-para-equipos-para-aumento-de-cache\/\" \/>\n<meta property=\"og:locale\" content=\"es_MX\" \/>\n<meta property=\"og:type\" content=\"article\" \/>\n<meta property=\"og:title\" content=\"[ Synology ] &#129351; Snv5420-800g Unidad De Estado Solido Ssd M.2 2280 Nvme Snv5420-800 Gb Pcie Gen3 X4 Lect 3000mb\/s Escrit 1000mb\/s, Solo Para Equipos , Para Aumento De Cache\" \/>\n<meta property=\"og:description\" content=\"Compra Snv5420-800g Unidad De Estado Solido Ssd M.2 2280 Nvme Snv5420-800 Gb Pcie Gen3 X4 Lect 3000mb\/s Escrit 1000mb\/s, Solo Para Equipos , Para Aumento De Cache + Env\u00edo a domicilio + Pago seguro + Garant\u00eda\" \/>\n<meta property=\"og:url\" content=\"https:\/\/compuviper.mx\/tienda\/producto\/synology-snv5420-800g-unidad-de-estado-solido-ssd-m-2-2280-nvme-snv5420-800-gb-pcie-gen3-x4-lect-3000mb-s-escrit-1000mb-s-solo-para-equipos-para-aumento-de-cache\/\" \/>\n<meta property=\"og:site_name\" content=\"Compuviper\" \/>\n<meta property=\"article:publisher\" content=\"https:\/\/www.facebook.com\/compuviper\" \/>\n<meta property=\"article:modified_time\" content=\"2026-04-02T06:39:38+00:00\" \/>\n<meta property=\"og:image\" content=\"https:\/\/compuviper.mx\/tienda\/wp-content\/uploads\/2025\/10\/Unidad-de-estado-solido-synology-ssd-m.2-2280-nvme-snv5420-800-gb-pcie-gen3-x4-lect-3000mbs-escrit-1000mbs-solo-para-equipos-synology-para-aumento-de-cache.jpg\" \/>\n\t<meta property=\"og:image:width\" content=\"200\" \/>\n\t<meta property=\"og:image:height\" content=\"200\" \/>\n\t<meta property=\"og:image:type\" content=\"image\/jpeg\" \/>\n<meta name=\"twitter:card\" content=\"summary_large_image\" \/>\n<meta name=\"twitter:label1\" content=\"Precio\" \/>\n\t<meta name=\"twitter:data1\" content=\"&#36;16,299 con IVA\" \/>\n\t<meta name=\"twitter:label2\" content=\"Availability\" \/>\n\t<meta name=\"twitter:data2\" content=\"On backorder\" \/>\n<script type=\"application\/ld+json\" class=\"yoast-schema-graph\">{\"@context\":\"https:\/\/schema.org\",\"@graph\":[{\"@type\":\"WebPage\",\"@id\":\"https:\/\/compuviper.mx\/tienda\/producto\/synology-snv5420-800g-unidad-de-estado-solido-ssd-m-2-2280-nvme-snv5420-800-gb-pcie-gen3-x4-lect-3000mb-s-escrit-1000mb-s-solo-para-equipos-para-aumento-de-cache\/\",\"url\":\"https:\/\/compuviper.mx\/tienda\/producto\/synology-snv5420-800g-unidad-de-estado-solido-ssd-m-2-2280-nvme-snv5420-800-gb-pcie-gen3-x4-lect-3000mb-s-escrit-1000mb-s-solo-para-equipos-para-aumento-de-cache\/\",\"name\":\"[ Synology ] &#129351; Snv5420-800g Unidad De Estado Solido Ssd M.2 2280 Nvme Snv5420-800 Gb Pcie Gen3 X4 Lect 3000mb\/s Escrit 1000mb\/s, Solo Para Equipos , Para Aumento De Cache\",\"isPartOf\":{\"@id\":\"https:\/\/compuviper.mx\/tienda\/#website\"},\"datePublished\":\"2026-04-02T06:39:37+00:00\",\"dateModified\":\"2026-04-02T06:39:38+00:00\",\"description\":\"Compra Snv5420-800g Unidad De Estado Solido Ssd M.2 2280 Nvme Snv5420-800 Gb Pcie Gen3 X4 Lect 3000mb\/s Escrit 1000mb\/s, Solo Para Equipos , Para Aumento De Cache + Env\u00edo a domicilio + Pago seguro + Garant\u00eda\",\"breadcrumb\":{\"@id\":\"https:\/\/compuviper.mx\/tienda\/producto\/synology-snv5420-800g-unidad-de-estado-solido-ssd-m-2-2280-nvme-snv5420-800-gb-pcie-gen3-x4-lect-3000mb-s-escrit-1000mb-s-solo-para-equipos-para-aumento-de-cache\/#breadcrumb\"},\"inLanguage\":\"es-MX\",\"potentialAction\":[{\"@type\":\"ReadAction\",\"target\":[\"https:\/\/compuviper.mx\/tienda\/producto\/synology-snv5420-800g-unidad-de-estado-solido-ssd-m-2-2280-nvme-snv5420-800-gb-pcie-gen3-x4-lect-3000mb-s-escrit-1000mb-s-solo-para-equipos-para-aumento-de-cache\/\"]}]},{\"@type\":\"BreadcrumbList\",\"@id\":\"https:\/\/compuviper.mx\/tienda\/producto\/synology-snv5420-800g-unidad-de-estado-solido-ssd-m-2-2280-nvme-snv5420-800-gb-pcie-gen3-x4-lect-3000mb-s-escrit-1000mb-s-solo-para-equipos-para-aumento-de-cache\/#breadcrumb\",\"itemListElement\":[{\"@type\":\"ListItem\",\"position\":1,\"name\":\"Inicio\",\"item\":\"https:\/\/compuviper.mx\/tienda\/\"},{\"@type\":\"ListItem\",\"position\":2,\"name\":\"Productos\",\"item\":\"https:\/\/compuviper.mx\/tienda\/productos\/\"},{\"@type\":\"ListItem\",\"position\":3,\"name\":\"Discos Duros\",\"item\":\"https:\/\/compuviper.mx\/tienda\/categoria-producto\/discos-duros\/\"},{\"@type\":\"ListItem\",\"position\":4,\"name\":\"Unidad De Estado Solido\",\"item\":\"https:\/\/compuviper.mx\/tienda\/categoria-producto\/discos-duros\/unidad-de-estado-solido\/\"},{\"@type\":\"ListItem\",\"position\":5,\"name\":\"Synology Snv5420-800g Unidad De Estado Solido Ssd M.2 2280 Nvme Snv5420-800 Gb Pcie Gen3 X4 Lect 3000mb\/s Escrit 1000mb\/s, Solo Para Equipos , Para Aumento De Cache\"}]},{\"@type\":\"WebSite\",\"@id\":\"https:\/\/compuviper.mx\/tienda\/#website\",\"url\":\"https:\/\/compuviper.mx\/tienda\/\",\"name\":\"Compuviper\",\"description\":\"Proveedor de Computadoras, Laptops, Servidores, Monitores, Puntos de Venta, Teclados,   Impresoras, T\u00f3ner, C\u00e1maras de Seguridad y m\u00e1s en tu tienda en l\u00ednea\",\"publisher\":{\"@id\":\"https:\/\/compuviper.mx\/tienda\/#organization\"},\"potentialAction\":[{\"@type\":\"SearchAction\",\"target\":{\"@type\":\"EntryPoint\",\"urlTemplate\":\"https:\/\/compuviper.mx\/tienda\/?s={search_term_string}\"},\"query-input\":\"required name=search_term_string\"}],\"inLanguage\":\"es-MX\"},{\"@type\":\"Organization\",\"@id\":\"https:\/\/compuviper.mx\/tienda\/#organization\",\"name\":\"Compuviper\",\"url\":\"https:\/\/compuviper.mx\/tienda\/\",\"logo\":{\"@type\":\"ImageObject\",\"inLanguage\":\"es-MX\",\"@id\":\"https:\/\/compuviper.mx\/tienda\/#\/schema\/logo\/image\/\",\"url\":\"https:\/\/compuviper.mx\/tienda\/wp-content\/uploads\/2021\/08\/Logo-Compuviper-10.png\",\"contentUrl\":\"https:\/\/compuviper.mx\/tienda\/wp-content\/uploads\/2021\/08\/Logo-Compuviper-10.png\",\"width\":1000,\"height\":500,\"caption\":\"Compuviper\"},\"image\":{\"@id\":\"https:\/\/compuviper.mx\/tienda\/#\/schema\/logo\/image\/\"},\"sameAs\":[\"https:\/\/www.facebook.com\/compuviper\",\"https:\/\/www.youtube.com\/channel\/UCf73dERp9Y3cfOq7q8BhLjA?view_as=subscriber\"]}]}<\/script>\n<meta property=\"product:brand\" content=\"SYNOLOGY\" \/>\n<meta property=\"product:price:amount\" content=\"16299\" \/>\n<meta property=\"product:price:currency\" content=\"MXN\" \/>\n<meta property=\"og:availability\" content=\"backorder\" \/>\n<meta property=\"product:availability\" content=\"available for order\" \/>\n<meta property=\"product:retailer_item_id\" content=\"SNV5420-800G\" \/>\n<meta property=\"product:condition\" content=\"new\" \/>\n<!-- \/ Yoast SEO plugin. -->","yoast_head_json":{"title":"[ Synology ] &#129351; Snv5420-800g Unidad De Estado Solido Ssd M.2 2280 Nvme Snv5420-800 Gb Pcie Gen3 X4 Lect 3000mb\/s Escrit 1000mb\/s, Solo Para Equipos , Para Aumento De Cache","description":"Compra Snv5420-800g Unidad De Estado Solido Ssd M.2 2280 Nvme Snv5420-800 Gb Pcie Gen3 X4 Lect 3000mb\/s Escrit 1000mb\/s, Solo Para Equipos , Para Aumento De Cache + Env\u00edo a domicilio + Pago seguro + Garant\u00eda","robots":{"index":"index","follow":"follow","max-snippet":"max-snippet:-1","max-image-preview":"max-image-preview:large","max-video-preview":"max-video-preview:-1"},"canonical":"https:\/\/compuviper.mx\/tienda\/producto\/synology-snv5420-800g-unidad-de-estado-solido-ssd-m-2-2280-nvme-snv5420-800-gb-pcie-gen3-x4-lect-3000mb-s-escrit-1000mb-s-solo-para-equipos-para-aumento-de-cache\/","og_locale":"es_MX","og_type":"article","og_title":"[ Synology ] &#129351; Snv5420-800g Unidad De Estado Solido Ssd M.2 2280 Nvme Snv5420-800 Gb Pcie Gen3 X4 Lect 3000mb\/s Escrit 1000mb\/s, Solo Para Equipos , Para Aumento De Cache","og_description":"Compra Snv5420-800g Unidad De Estado Solido Ssd M.2 2280 Nvme Snv5420-800 Gb Pcie Gen3 X4 Lect 3000mb\/s Escrit 1000mb\/s, Solo Para Equipos , Para Aumento De Cache + Env\u00edo a domicilio + Pago seguro + Garant\u00eda","og_url":"https:\/\/compuviper.mx\/tienda\/producto\/synology-snv5420-800g-unidad-de-estado-solido-ssd-m-2-2280-nvme-snv5420-800-gb-pcie-gen3-x4-lect-3000mb-s-escrit-1000mb-s-solo-para-equipos-para-aumento-de-cache\/","og_site_name":"Compuviper","article_publisher":"https:\/\/www.facebook.com\/compuviper","article_modified_time":"2026-04-02T06:39:38+00:00","og_image":[{"width":200,"height":200,"url":"https:\/\/compuviper.mx\/tienda\/wp-content\/uploads\/2025\/10\/Unidad-de-estado-solido-synology-ssd-m.2-2280-nvme-snv5420-800-gb-pcie-gen3-x4-lect-3000mbs-escrit-1000mbs-solo-para-equipos-synology-para-aumento-de-cache.jpg","type":"image\/jpeg"}],"twitter_card":"summary_large_image","twitter_misc":{"Precio":"&#36;16,299 con IVA","Availability":"On backorder"},"schema":{"@context":"https:\/\/schema.org","@graph":[{"@type":"WebPage","@id":"https:\/\/compuviper.mx\/tienda\/producto\/synology-snv5420-800g-unidad-de-estado-solido-ssd-m-2-2280-nvme-snv5420-800-gb-pcie-gen3-x4-lect-3000mb-s-escrit-1000mb-s-solo-para-equipos-para-aumento-de-cache\/","url":"https:\/\/compuviper.mx\/tienda\/producto\/synology-snv5420-800g-unidad-de-estado-solido-ssd-m-2-2280-nvme-snv5420-800-gb-pcie-gen3-x4-lect-3000mb-s-escrit-1000mb-s-solo-para-equipos-para-aumento-de-cache\/","name":"[ Synology ] &#129351; Snv5420-800g Unidad De Estado Solido Ssd M.2 2280 Nvme Snv5420-800 Gb Pcie Gen3 X4 Lect 3000mb\/s Escrit 1000mb\/s, Solo Para Equipos , Para Aumento De Cache","isPartOf":{"@id":"https:\/\/compuviper.mx\/tienda\/#website"},"datePublished":"2026-04-02T06:39:37+00:00","dateModified":"2026-04-02T06:39:38+00:00","description":"Compra Snv5420-800g Unidad De Estado Solido Ssd M.2 2280 Nvme Snv5420-800 Gb Pcie Gen3 X4 Lect 3000mb\/s Escrit 1000mb\/s, Solo Para Equipos , Para Aumento De Cache + Env\u00edo a domicilio + Pago seguro + Garant\u00eda","breadcrumb":{"@id":"https:\/\/compuviper.mx\/tienda\/producto\/synology-snv5420-800g-unidad-de-estado-solido-ssd-m-2-2280-nvme-snv5420-800-gb-pcie-gen3-x4-lect-3000mb-s-escrit-1000mb-s-solo-para-equipos-para-aumento-de-cache\/#breadcrumb"},"inLanguage":"es-MX","potentialAction":[{"@type":"ReadAction","target":["https:\/\/compuviper.mx\/tienda\/producto\/synology-snv5420-800g-unidad-de-estado-solido-ssd-m-2-2280-nvme-snv5420-800-gb-pcie-gen3-x4-lect-3000mb-s-escrit-1000mb-s-solo-para-equipos-para-aumento-de-cache\/"]}]},{"@type":"BreadcrumbList","@id":"https:\/\/compuviper.mx\/tienda\/producto\/synology-snv5420-800g-unidad-de-estado-solido-ssd-m-2-2280-nvme-snv5420-800-gb-pcie-gen3-x4-lect-3000mb-s-escrit-1000mb-s-solo-para-equipos-para-aumento-de-cache\/#breadcrumb","itemListElement":[{"@type":"ListItem","position":1,"name":"Inicio","item":"https:\/\/compuviper.mx\/tienda\/"},{"@type":"ListItem","position":2,"name":"Productos","item":"https:\/\/compuviper.mx\/tienda\/productos\/"},{"@type":"ListItem","position":3,"name":"Discos Duros","item":"https:\/\/compuviper.mx\/tienda\/categoria-producto\/discos-duros\/"},{"@type":"ListItem","position":4,"name":"Unidad De Estado Solido","item":"https:\/\/compuviper.mx\/tienda\/categoria-producto\/discos-duros\/unidad-de-estado-solido\/"},{"@type":"ListItem","position":5,"name":"Synology Snv5420-800g Unidad De Estado Solido Ssd M.2 2280 Nvme Snv5420-800 Gb Pcie Gen3 X4 Lect 3000mb\/s Escrit 1000mb\/s, Solo Para Equipos , Para Aumento De Cache"}]},{"@type":"WebSite","@id":"https:\/\/compuviper.mx\/tienda\/#website","url":"https:\/\/compuviper.mx\/tienda\/","name":"Compuviper","description":"Proveedor de Computadoras, Laptops, Servidores, Monitores, Puntos de Venta, Teclados,   Impresoras, T\u00f3ner, C\u00e1maras de Seguridad y m\u00e1s en tu tienda en l\u00ednea","publisher":{"@id":"https:\/\/compuviper.mx\/tienda\/#organization"},"potentialAction":[{"@type":"SearchAction","target":{"@type":"EntryPoint","urlTemplate":"https:\/\/compuviper.mx\/tienda\/?s={search_term_string}"},"query-input":"required name=search_term_string"}],"inLanguage":"es-MX"},{"@type":"Organization","@id":"https:\/\/compuviper.mx\/tienda\/#organization","name":"Compuviper","url":"https:\/\/compuviper.mx\/tienda\/","logo":{"@type":"ImageObject","inLanguage":"es-MX","@id":"https:\/\/compuviper.mx\/tienda\/#\/schema\/logo\/image\/","url":"https:\/\/compuviper.mx\/tienda\/wp-content\/uploads\/2021\/08\/Logo-Compuviper-10.png","contentUrl":"https:\/\/compuviper.mx\/tienda\/wp-content\/uploads\/2021\/08\/Logo-Compuviper-10.png","width":1000,"height":500,"caption":"Compuviper"},"image":{"@id":"https:\/\/compuviper.mx\/tienda\/#\/schema\/logo\/image\/"},"sameAs":["https:\/\/www.facebook.com\/compuviper","https:\/\/www.youtube.com\/channel\/UCf73dERp9Y3cfOq7q8BhLjA?view_as=subscriber"]}]},"product_brand":"SYNOLOGY","product_price_amount":"16299","product_price_currency":"MXN","og_availability":"backorder","product_availability":"available for order","product_retailer_item_id":"SNV5420-800G","product_condition":"new"},"_links":{"self":[{"href":"https:\/\/compuviper.mx\/tienda\/wp-json\/wp\/v2\/product\/257050"}],"collection":[{"href":"https:\/\/compuviper.mx\/tienda\/wp-json\/wp\/v2\/product"}],"about":[{"href":"https:\/\/compuviper.mx\/tienda\/wp-json\/wp\/v2\/types\/product"}],"replies":[{"embeddable":true,"href":"https:\/\/compuviper.mx\/tienda\/wp-json\/wp\/v2\/comments?post=257050"}],"wp:featuredmedia":[{"embeddable":true,"href":"https:\/\/compuviper.mx\/tienda\/wp-json\/wp\/v2\/media\/259717"}],"wp:attachment":[{"href":"https:\/\/compuviper.mx\/tienda\/wp-json\/wp\/v2\/media?parent=257050"}],"wp:term":[{"taxonomy":"product_cat","embeddable":true,"href":"https:\/\/compuviper.mx\/tienda\/wp-json\/wp\/v2\/product_cat?post=257050"},{"taxonomy":"product_tag","embeddable":true,"href":"https:\/\/compuviper.mx\/tienda\/wp-json\/wp\/v2\/product_tag?post=257050"}],"curies":[{"name":"wp","href":"https:\/\/api.w.org\/{rel}","templated":true}]}}