{"id":257022,"date":"2026-04-11T01:50:09","date_gmt":"2026-04-11T07:50:09","guid":{"rendered":"https:\/\/compuviper.mx\/tienda\/producto\/x-fusion-0251y143n-xf-memoria-ram-ddr5-rdimm32gb288pin0-357ns5600000khz1-1vecc2rank2g8bit\/"},"modified":"2026-04-11T01:50:09","modified_gmt":"2026-04-11T07:50:09","slug":"x-fusion-0251y143n-xf-memoria-ram-ddr5-rdimm32gb288pin0-357ns5600000khz1-1vecc2rank2g8bit","status":"publish","type":"product","link":"https:\/\/compuviper.mx\/tienda\/producto\/x-fusion-0251y143n-xf-memoria-ram-ddr5-rdimm32gb288pin0-357ns5600000khz1-1vecc2rank2g8bit\/","title":{"rendered":"X-fusion 0251y143n-xf Memoria Ram Ddr5 Rdimm,32gb,288pin,0.357ns,5600000khz,1.1v,ecc,2rank(2g*8bit)"},"content":{"rendered":"<table class=\"descripcion\">\n<tr>\n<td>Nombre del producto: 32gb 2rank  2g*8bit -1.1v 5600mhz rdimm ddr5<\/td>\n<\/tr>\n<tr>\n<td>Tipo de producto: modulo ram<\/td>\n<\/tr>\n<tr>\n<td>Informacion tecnica<\/td>\n<\/tr>\n<tr>\n<td>Capacidad de la memoria: 32 gb<\/td>\n<\/tr>\n<tr>\n<td>Tecnologia de memoria ddr5<\/td>\n<\/tr>\n<tr>\n<td>Voltaje de memoria: 1.1 v<\/td>\n<\/tr>\n<tr>\n<td>Velocidad de la memoria: 5600 mhz<\/td>\n<\/tr>\n<tr>\n<td>Comprobacion de errores: ecc<\/td>\n<\/tr>\n<tr>\n<td>Dispositivo compatible: servidor<\/td>\n<\/tr>\n<tr>\n<td>Caracteristicas fisicas<\/td>\n<\/tr>\n<tr>\n<td>Numero de pines: 288 pines<\/td>\n<\/tr>\n<tr>\n<td>Factor de forma: dimm<\/td>\n<\/tr>\n<tr>\n<td>Rango (2g * 8 bits)<\/td>\n<\/tr>\n<tr>\n<td>Modelo: m556r32<\/td>\n<\/tr>\n<\/table>\n","protected":false},"excerpt":{"rendered":"<p>Lleva el rendimiento de tu infraestructura de ti al siguiente nivel con la memoria ram ddr5 rdimm de 32gb. Dise\u00f1ada para entornos empresariales que demandan alta velocidad, confiabilidad y eficiencia energ\u00e9tica, esta memoria es la opci\u00f3n ideal para servidores y estaciones de trabajo de misi\u00f3n cr\u00edtica. Caracter\u00edsticas principales. Capacidad: 32gb. Tipo: ddr5 rdimm (registered dimm. Velocidad: 5600 mhz (5,600,000 khz. Latencia ultra baja: 0.357 ns para m\u00e1xima rapidez en el procesamiento de datos. Voltaje optimizado: 1.1v, mejor eficiencia energ\u00e9tica y menor consumo. Ecc (error-correcting code): garantiza integridad y estabilidad en aplicaciones cr\u00edticas, minimizando errores en la memoria. Arquitectura: 2 rank (2g x 8bit), dise\u00f1ada para mayor capacidad de transferencia. Formato: 288 pines, compatible con plataformas de \u00faltima generaci\u00f3n. Beneficios. M\u00e1ximo rendimiento en cargas de trabajo intensivas (bases de datos, virtualizaci\u00f3n, an\u00e1lisis en tiempo real). Confiabilidad reforzada con tecnolog\u00eda ecc para operaciones sin interrupciones. Preparada para soportar los entornos de servidor m\u00e1s exigentes<\/p>\n","protected":false},"featured_media":260660,"comment_status":"open","ping_status":"open","template":"","meta":[],"product_cat":[1793,1797],"product_tag":[2205],"acf":[],"yoast_head":"<!-- This site is optimized with the Yoast SEO plugin v21.7 - https:\/\/yoast.com\/wordpress\/plugins\/seo\/ -->\n<title>[ X-fusion ] &#129351; 0251y143n-xf Memoria Ram Ddr5 Rdimm,32gb,288pin,0.357ns,5600000khz,1.1v,ecc,2rank(2g*8bit)<\/title>\n<meta name=\"description\" content=\"Compra 0251y143n-xf Memoria Ram Ddr5 Rdimm,32gb,288pin,0.357ns,5600000khz,1.1v,ecc,2rank(2g*8bit) + Env\u00edo a domicilio + Pago seguro + Garant\u00eda\" \/>\n<meta name=\"robots\" content=\"index, follow, max-snippet:-1, max-image-preview:large, max-video-preview:-1\" \/>\n<link rel=\"canonical\" href=\"https:\/\/compuviper.mx\/tienda\/producto\/x-fusion-0251y143n-xf-memoria-ram-ddr5-rdimm32gb288pin0-357ns5600000khz1-1vecc2rank2g8bit\/\" \/>\n<meta property=\"og:locale\" content=\"es_MX\" \/>\n<meta property=\"og:type\" content=\"article\" \/>\n<meta property=\"og:title\" content=\"[ X-fusion ] &#129351; 0251y143n-xf Memoria Ram Ddr5 Rdimm,32gb,288pin,0.357ns,5600000khz,1.1v,ecc,2rank(2g*8bit)\" \/>\n<meta property=\"og:description\" content=\"Compra 0251y143n-xf Memoria Ram Ddr5 Rdimm,32gb,288pin,0.357ns,5600000khz,1.1v,ecc,2rank(2g*8bit) + Env\u00edo a domicilio + Pago seguro + Garant\u00eda\" \/>\n<meta property=\"og:url\" content=\"https:\/\/compuviper.mx\/tienda\/producto\/x-fusion-0251y143n-xf-memoria-ram-ddr5-rdimm32gb288pin0-357ns5600000khz1-1vecc2rank2g8bit\/\" \/>\n<meta property=\"og:site_name\" content=\"Compuviper\" \/>\n<meta property=\"article:publisher\" content=\"https:\/\/www.facebook.com\/compuviper\" \/>\n<meta property=\"og:image\" content=\"https:\/\/compuviper.mx\/tienda\/wp-content\/uploads\/2025\/10\/Memoria-ram-ddr5-rdimm32gb288pin0.357ns5600000khz1.1vecc2rank2g8bit.jpg\" \/>\n\t<meta property=\"og:image:width\" content=\"200\" \/>\n\t<meta property=\"og:image:height\" content=\"200\" \/>\n\t<meta property=\"og:image:type\" content=\"image\/jpeg\" \/>\n<meta name=\"twitter:card\" content=\"summary_large_image\" \/>\n<meta name=\"twitter:label1\" content=\"Precio\" \/>\n\t<meta name=\"twitter:data1\" content=\"&#36;10,319 con IVA\" \/>\n\t<meta name=\"twitter:label2\" content=\"Availability\" \/>\n\t<meta name=\"twitter:data2\" content=\"Out of stock\" \/>\n<script type=\"application\/ld+json\" class=\"yoast-schema-graph\">{\"@context\":\"https:\/\/schema.org\",\"@graph\":[{\"@type\":\"WebPage\",\"@id\":\"https:\/\/compuviper.mx\/tienda\/producto\/x-fusion-0251y143n-xf-memoria-ram-ddr5-rdimm32gb288pin0-357ns5600000khz1-1vecc2rank2g8bit\/\",\"url\":\"https:\/\/compuviper.mx\/tienda\/producto\/x-fusion-0251y143n-xf-memoria-ram-ddr5-rdimm32gb288pin0-357ns5600000khz1-1vecc2rank2g8bit\/\",\"name\":\"[ X-fusion ] &#129351; 0251y143n-xf Memoria Ram Ddr5 Rdimm,32gb,288pin,0.357ns,5600000khz,1.1v,ecc,2rank(2g*8bit)\",\"isPartOf\":{\"@id\":\"https:\/\/compuviper.mx\/tienda\/#website\"},\"datePublished\":\"2026-04-11T07:50:09+00:00\",\"dateModified\":\"2026-04-11T07:50:09+00:00\",\"description\":\"Compra 0251y143n-xf Memoria Ram Ddr5 Rdimm,32gb,288pin,0.357ns,5600000khz,1.1v,ecc,2rank(2g*8bit) + Env\u00edo a domicilio + Pago seguro + Garant\u00eda\",\"breadcrumb\":{\"@id\":\"https:\/\/compuviper.mx\/tienda\/producto\/x-fusion-0251y143n-xf-memoria-ram-ddr5-rdimm32gb288pin0-357ns5600000khz1-1vecc2rank2g8bit\/#breadcrumb\"},\"inLanguage\":\"es-MX\",\"potentialAction\":[{\"@type\":\"ReadAction\",\"target\":[\"https:\/\/compuviper.mx\/tienda\/producto\/x-fusion-0251y143n-xf-memoria-ram-ddr5-rdimm32gb288pin0-357ns5600000khz1-1vecc2rank2g8bit\/\"]}]},{\"@type\":\"BreadcrumbList\",\"@id\":\"https:\/\/compuviper.mx\/tienda\/producto\/x-fusion-0251y143n-xf-memoria-ram-ddr5-rdimm32gb288pin0-357ns5600000khz1-1vecc2rank2g8bit\/#breadcrumb\",\"itemListElement\":[{\"@type\":\"ListItem\",\"position\":1,\"name\":\"Inicio\",\"item\":\"https:\/\/compuviper.mx\/tienda\/\"},{\"@type\":\"ListItem\",\"position\":2,\"name\":\"Productos\",\"item\":\"https:\/\/compuviper.mx\/tienda\/productos\/\"},{\"@type\":\"ListItem\",\"position\":3,\"name\":\"Memorias\",\"item\":\"https:\/\/compuviper.mx\/tienda\/categoria-producto\/memorias\/\"},{\"@type\":\"ListItem\",\"position\":4,\"name\":\"Memoria Ram\",\"item\":\"https:\/\/compuviper.mx\/tienda\/categoria-producto\/memorias\/memoria-ram\/\"},{\"@type\":\"ListItem\",\"position\":5,\"name\":\"X-fusion 0251y143n-xf Memoria Ram Ddr5 Rdimm,32gb,288pin,0.357ns,5600000khz,1.1v,ecc,2rank(2g*8bit)\"}]},{\"@type\":\"WebSite\",\"@id\":\"https:\/\/compuviper.mx\/tienda\/#website\",\"url\":\"https:\/\/compuviper.mx\/tienda\/\",\"name\":\"Compuviper\",\"description\":\"Proveedor de Computadoras, Laptops, Servidores, Monitores, Puntos de Venta, Teclados,   Impresoras, T\u00f3ner, C\u00e1maras de Seguridad y m\u00e1s en tu tienda en l\u00ednea\",\"publisher\":{\"@id\":\"https:\/\/compuviper.mx\/tienda\/#organization\"},\"potentialAction\":[{\"@type\":\"SearchAction\",\"target\":{\"@type\":\"EntryPoint\",\"urlTemplate\":\"https:\/\/compuviper.mx\/tienda\/?s={search_term_string}\"},\"query-input\":\"required name=search_term_string\"}],\"inLanguage\":\"es-MX\"},{\"@type\":\"Organization\",\"@id\":\"https:\/\/compuviper.mx\/tienda\/#organization\",\"name\":\"Compuviper\",\"url\":\"https:\/\/compuviper.mx\/tienda\/\",\"logo\":{\"@type\":\"ImageObject\",\"inLanguage\":\"es-MX\",\"@id\":\"https:\/\/compuviper.mx\/tienda\/#\/schema\/logo\/image\/\",\"url\":\"https:\/\/compuviper.mx\/tienda\/wp-content\/uploads\/2021\/08\/Logo-Compuviper-10.png\",\"contentUrl\":\"https:\/\/compuviper.mx\/tienda\/wp-content\/uploads\/2021\/08\/Logo-Compuviper-10.png\",\"width\":1000,\"height\":500,\"caption\":\"Compuviper\"},\"image\":{\"@id\":\"https:\/\/compuviper.mx\/tienda\/#\/schema\/logo\/image\/\"},\"sameAs\":[\"https:\/\/www.facebook.com\/compuviper\",\"https:\/\/www.youtube.com\/channel\/UCf73dERp9Y3cfOq7q8BhLjA?view_as=subscriber\"]}]}<\/script>\n<meta property=\"product:brand\" content=\"X-fusion\" \/>\n<meta property=\"product:price:amount\" content=\"10319\" \/>\n<meta property=\"product:price:currency\" content=\"MXN\" \/>\n<meta property=\"og:availability\" content=\"out of stock\" \/>\n<meta property=\"product:availability\" content=\"out of stock\" \/>\n<meta property=\"product:retailer_item_id\" content=\"0251Y143N-XF\" \/>\n<meta property=\"product:condition\" content=\"new\" \/>\n<!-- \/ Yoast SEO plugin. -->","yoast_head_json":{"title":"[ X-fusion ] &#129351; 0251y143n-xf Memoria Ram Ddr5 Rdimm,32gb,288pin,0.357ns,5600000khz,1.1v,ecc,2rank(2g*8bit)","description":"Compra 0251y143n-xf Memoria Ram Ddr5 Rdimm,32gb,288pin,0.357ns,5600000khz,1.1v,ecc,2rank(2g*8bit) + Env\u00edo a domicilio + Pago seguro + Garant\u00eda","robots":{"index":"index","follow":"follow","max-snippet":"max-snippet:-1","max-image-preview":"max-image-preview:large","max-video-preview":"max-video-preview:-1"},"canonical":"https:\/\/compuviper.mx\/tienda\/producto\/x-fusion-0251y143n-xf-memoria-ram-ddr5-rdimm32gb288pin0-357ns5600000khz1-1vecc2rank2g8bit\/","og_locale":"es_MX","og_type":"article","og_title":"[ X-fusion ] &#129351; 0251y143n-xf Memoria Ram Ddr5 Rdimm,32gb,288pin,0.357ns,5600000khz,1.1v,ecc,2rank(2g*8bit)","og_description":"Compra 0251y143n-xf Memoria Ram Ddr5 Rdimm,32gb,288pin,0.357ns,5600000khz,1.1v,ecc,2rank(2g*8bit) + Env\u00edo a domicilio + Pago seguro + Garant\u00eda","og_url":"https:\/\/compuviper.mx\/tienda\/producto\/x-fusion-0251y143n-xf-memoria-ram-ddr5-rdimm32gb288pin0-357ns5600000khz1-1vecc2rank2g8bit\/","og_site_name":"Compuviper","article_publisher":"https:\/\/www.facebook.com\/compuviper","og_image":[{"width":200,"height":200,"url":"https:\/\/compuviper.mx\/tienda\/wp-content\/uploads\/2025\/10\/Memoria-ram-ddr5-rdimm32gb288pin0.357ns5600000khz1.1vecc2rank2g8bit.jpg","type":"image\/jpeg"}],"twitter_card":"summary_large_image","twitter_misc":{"Precio":"&#36;10,319 con IVA","Availability":"Out of stock"},"schema":{"@context":"https:\/\/schema.org","@graph":[{"@type":"WebPage","@id":"https:\/\/compuviper.mx\/tienda\/producto\/x-fusion-0251y143n-xf-memoria-ram-ddr5-rdimm32gb288pin0-357ns5600000khz1-1vecc2rank2g8bit\/","url":"https:\/\/compuviper.mx\/tienda\/producto\/x-fusion-0251y143n-xf-memoria-ram-ddr5-rdimm32gb288pin0-357ns5600000khz1-1vecc2rank2g8bit\/","name":"[ X-fusion ] &#129351; 0251y143n-xf Memoria Ram Ddr5 Rdimm,32gb,288pin,0.357ns,5600000khz,1.1v,ecc,2rank(2g*8bit)","isPartOf":{"@id":"https:\/\/compuviper.mx\/tienda\/#website"},"datePublished":"2026-04-11T07:50:09+00:00","dateModified":"2026-04-11T07:50:09+00:00","description":"Compra 0251y143n-xf Memoria Ram Ddr5 Rdimm,32gb,288pin,0.357ns,5600000khz,1.1v,ecc,2rank(2g*8bit) + Env\u00edo a domicilio + Pago seguro + Garant\u00eda","breadcrumb":{"@id":"https:\/\/compuviper.mx\/tienda\/producto\/x-fusion-0251y143n-xf-memoria-ram-ddr5-rdimm32gb288pin0-357ns5600000khz1-1vecc2rank2g8bit\/#breadcrumb"},"inLanguage":"es-MX","potentialAction":[{"@type":"ReadAction","target":["https:\/\/compuviper.mx\/tienda\/producto\/x-fusion-0251y143n-xf-memoria-ram-ddr5-rdimm32gb288pin0-357ns5600000khz1-1vecc2rank2g8bit\/"]}]},{"@type":"BreadcrumbList","@id":"https:\/\/compuviper.mx\/tienda\/producto\/x-fusion-0251y143n-xf-memoria-ram-ddr5-rdimm32gb288pin0-357ns5600000khz1-1vecc2rank2g8bit\/#breadcrumb","itemListElement":[{"@type":"ListItem","position":1,"name":"Inicio","item":"https:\/\/compuviper.mx\/tienda\/"},{"@type":"ListItem","position":2,"name":"Productos","item":"https:\/\/compuviper.mx\/tienda\/productos\/"},{"@type":"ListItem","position":3,"name":"Memorias","item":"https:\/\/compuviper.mx\/tienda\/categoria-producto\/memorias\/"},{"@type":"ListItem","position":4,"name":"Memoria Ram","item":"https:\/\/compuviper.mx\/tienda\/categoria-producto\/memorias\/memoria-ram\/"},{"@type":"ListItem","position":5,"name":"X-fusion 0251y143n-xf Memoria Ram Ddr5 Rdimm,32gb,288pin,0.357ns,5600000khz,1.1v,ecc,2rank(2g*8bit)"}]},{"@type":"WebSite","@id":"https:\/\/compuviper.mx\/tienda\/#website","url":"https:\/\/compuviper.mx\/tienda\/","name":"Compuviper","description":"Proveedor de Computadoras, Laptops, Servidores, Monitores, Puntos de Venta, Teclados,   Impresoras, T\u00f3ner, C\u00e1maras de Seguridad y m\u00e1s en tu tienda en l\u00ednea","publisher":{"@id":"https:\/\/compuviper.mx\/tienda\/#organization"},"potentialAction":[{"@type":"SearchAction","target":{"@type":"EntryPoint","urlTemplate":"https:\/\/compuviper.mx\/tienda\/?s={search_term_string}"},"query-input":"required name=search_term_string"}],"inLanguage":"es-MX"},{"@type":"Organization","@id":"https:\/\/compuviper.mx\/tienda\/#organization","name":"Compuviper","url":"https:\/\/compuviper.mx\/tienda\/","logo":{"@type":"ImageObject","inLanguage":"es-MX","@id":"https:\/\/compuviper.mx\/tienda\/#\/schema\/logo\/image\/","url":"https:\/\/compuviper.mx\/tienda\/wp-content\/uploads\/2021\/08\/Logo-Compuviper-10.png","contentUrl":"https:\/\/compuviper.mx\/tienda\/wp-content\/uploads\/2021\/08\/Logo-Compuviper-10.png","width":1000,"height":500,"caption":"Compuviper"},"image":{"@id":"https:\/\/compuviper.mx\/tienda\/#\/schema\/logo\/image\/"},"sameAs":["https:\/\/www.facebook.com\/compuviper","https:\/\/www.youtube.com\/channel\/UCf73dERp9Y3cfOq7q8BhLjA?view_as=subscriber"]}]},"product_brand":"X-fusion","product_price_amount":"10319","product_price_currency":"MXN","og_availability":"out of stock","product_availability":"out of stock","product_retailer_item_id":"0251Y143N-XF","product_condition":"new"},"_links":{"self":[{"href":"https:\/\/compuviper.mx\/tienda\/wp-json\/wp\/v2\/product\/257022"}],"collection":[{"href":"https:\/\/compuviper.mx\/tienda\/wp-json\/wp\/v2\/product"}],"about":[{"href":"https:\/\/compuviper.mx\/tienda\/wp-json\/wp\/v2\/types\/product"}],"replies":[{"embeddable":true,"href":"https:\/\/compuviper.mx\/tienda\/wp-json\/wp\/v2\/comments?post=257022"}],"wp:featuredmedia":[{"embeddable":true,"href":"https:\/\/compuviper.mx\/tienda\/wp-json\/wp\/v2\/media\/260660"}],"wp:attachment":[{"href":"https:\/\/compuviper.mx\/tienda\/wp-json\/wp\/v2\/media?parent=257022"}],"wp:term":[{"taxonomy":"product_cat","embeddable":true,"href":"https:\/\/compuviper.mx\/tienda\/wp-json\/wp\/v2\/product_cat?post=257022"},{"taxonomy":"product_tag","embeddable":true,"href":"https:\/\/compuviper.mx\/tienda\/wp-json\/wp\/v2\/product_tag?post=257022"}],"curies":[{"name":"wp","href":"https:\/\/api.w.org\/{rel}","templated":true}]}}