{"id":257013,"date":"2026-04-25T00:40:21","date_gmt":"2026-04-25T06:40:21","guid":{"rendered":"https:\/\/compuviper.mx\/tienda\/producto\/gigabyte-h510m-k-v2-mb-intel-s-1200-11a-gen-2xddr4-3200mhz-pcie-3-0-hdmi-4xusb-3-1-m-2-micro-atx-gama-basica\/"},"modified":"2026-04-26T00:00:19","modified_gmt":"2026-04-26T06:00:19","slug":"gigabyte-h510m-k-v2-mb-intel-s-1200-11a-gen-2xddr4-3200mhz-pcie-3-0-hdmi-4xusb-3-1-m-2-micro-atx-gama-basica","status":"publish","type":"product","link":"https:\/\/compuviper.mx\/tienda\/producto\/gigabyte-h510m-k-v2-mb-intel-s-1200-11a-gen-2xddr4-3200mhz-pcie-3-0-hdmi-4xusb-3-1-m-2-micro-atx-gama-basica\/","title":{"rendered":"Gigabyte H510m K V2 Mb   Intel S-1200 11a Gen\/2xddr4 3200mhz\/pcie 3.0\/hdmi\/4xusb 3.1\/m.2\/micro Atx\/gama Basica"},"content":{"rendered":"<table class=\"descripcion\">\n<tr>\n<td>Procesador<\/td>\n<\/tr>\n<tr>\n<td>Conjunto de chips<\/td>\n<\/tr>\n<tr>\n<td>Memoria<\/td>\n<\/tr>\n<tr>\n<td>Gr\u00e1fica integrada<\/td>\n<\/tr>\n<tr>\n<td>Audio<\/td>\n<\/tr>\n<tr>\n<td>Lan<\/td>\n<\/tr>\n<tr>\n<td>Z\u00f3calos de expansi\u00f3n<\/td>\n<\/tr>\n<tr>\n<td>Interfaz de almacenamiento<\/td>\n<\/tr>\n<tr>\n<td>Usb<\/td>\n<\/tr>\n<tr>\n<td>Conectores internos e\/s<\/td>\n<\/tr>\n<tr>\n<td>Panel e\/s trasero<\/td>\n<\/tr>\n<tr>\n<td>Controlador e\/s<\/td>\n<\/tr>\n<tr>\n<td>Hardware de monitorizaci\u00f3n<\/td>\n<\/tr>\n<tr>\n<td>Bios<\/td>\n<\/tr>\n<tr>\n<td>Otras caracter\u00edsticas<\/td>\n<\/tr>\n<tr>\n<td>Software incluido<\/td>\n<\/tr>\n<tr>\n<td>Sistema operativo<\/td>\n<\/tr>\n<tr>\n<td>Formato<\/td>\n<\/tr>\n<tr>\n<td>Observaciones<\/td>\n<\/tr>\n<tr>\n<td>Paquete lga1200:<\/td>\n<\/tr>\n<tr>\n<td>Procesadores intel \u00ae core\u0099 i9 de 11.\u00aa generaci\u00f3n \/ procesadores intel \u00ae core\u0099 i7\/ procesadores intel \u00ae core\u0099 i5<\/td>\n<\/tr>\n<tr>\n<td>Procesadores intel \u00ae core\u0099 i9 de 10.\u00aa generaci\u00f3n \/procesadores intel \u00ae core\u0099 i7\/procesadores intel \u00ae core\u0099 i5\/procesadores intel \u00ae core\u0099 i3\/procesadores intel \u00ae pentium \u00ae \/ procesadores intel \u00ae celeron \u00ae<\/td>\n<\/tr>\n<tr>\n<td>La cach\u00e9 l3 var\u00eda seg\u00fan la cpu<\/td>\n<\/tr>\n<tr>\n<td>(consulte la lista de compatibilidad de cpu para obtener m\u00e1s informaci\u00f3n).<\/td>\n<\/tr>\n<tr>\n<td>Conjunto de chips intel\u00ae h470 express<\/td>\n<\/tr>\n<tr>\n<td>Procesadores intel\u00ae core\u0099 i9\/i7\/i5 de 11.\u00aa generaci\u00f3n :<\/td>\n<\/tr>\n<tr>\n<td>Compatibilidad con m\u00f3dulos de memoria ddr4 3200\/3000\/2933\/2666\/2400\/2133 mt\/s<\/td>\n<\/tr>\n<tr>\n<td>Procesadores intel \u00ae core\u0099 i9\/i7 de 10.\u00aa generaci\u00f3n :<\/td>\n<\/tr>\n<tr>\n<td>Compatibilidad con m\u00f3dulos de memoria ddr4 2933\/2666\/2400\/2133 mt\/s<\/td>\n<\/tr>\n<tr>\n<td>Procesadores intel \u00ae core\u0099 i5\/i3\/pentium\u00ae\/celeron\u00ae de 10.\u00aa generaci\u00f3n :<\/td>\n<\/tr>\n<tr>\n<td>Compatibilidad con m\u00f3dulos de memoria ddr4 2666\/2400\/2133 mt\/s<\/td>\n<\/tr>\n<tr>\n<td>2 x z\u00f3calos dimm ddr4 que admiten hasta 64 gb (32 gb de capacidad dimm \u00fanica) de memoria del sistema<\/td>\n<\/tr>\n<tr>\n<td>Arquitectura de memoria de doble canal<\/td>\n<\/tr>\n<tr>\n<td>Compatibilidad con m\u00f3dulos de memoria dimm 1rx8\/2rx8 sin b\u00fafer ecc (funcionan en modo no ecc)<\/td>\n<\/tr>\n<tr>\n<td>Compatibilidad con m\u00f3dulos de memoria dimm 1rx8\/2rx8\/1rx16 sin b\u00fafer y sin ecc<\/td>\n<\/tr>\n<tr>\n<td>Soporte para m\u00f3dulos de memoria extreme memory profile (xmp)<\/td>\n<\/tr>\n<tr>\n<td>(consulte la lista de soporte de memoria para obtener m\u00e1s informaci\u00f3n).<\/td>\n<\/tr>\n<tr>\n<td>Procesador de gr\u00e1ficos integrado: compatibilidad con gr\u00e1ficos intel\u00ae hd :<\/td>\n<\/tr>\n<tr>\n<td>1 x puerto hdmi, que admite una resoluci\u00f3n m\u00e1xima de 4096&#215;2160@30 hz<\/td>\n<\/tr>\n<tr>\n<td>* compatibilidad con la versi\u00f3n hdmi 1.4 y hdcp 2.3.<\/td>\n<\/tr>\n<tr>\n<td>(las especificaciones gr\u00e1ficas pueden variar seg\u00fan la compatibilidad de la cpu).<\/td>\n<\/tr>\n<tr>\n<td>Codec de audio realtek\u00ae<\/td>\n<\/tr>\n<tr>\n<td>Audio de alta definici\u00f3n<\/td>\n<\/tr>\n<tr>\n<td>2\/4\/5.1\/7.1 canales<\/td>\n<\/tr>\n<tr>\n<td>* puede cambiar la funcionalidad de un conector de audio utilizando el software de audio. para configurar el audio de 7.1 canales, acceda al software de audio para realizar la configuraci\u00f3n de audio.<\/td>\n<\/tr>\n<tr>\n<td>Chip lan realtek\u00ae gbe (1 gbps\/100 mbps\/10 mbps)<\/td>\n<\/tr>\n<tr>\n<td>Upc:<\/td>\n<\/tr>\n<tr>\n<td>1 x ranura pci express x16, compatible con pcie 3.0 y funcionando en x16<\/td>\n<\/tr>\n<tr>\n<td>Conjunto de chips:<\/td>\n<\/tr>\n<tr>\n<td>1 x ranura pci express x1, compatible con pcie 3.0 y funcionando en x1<\/td>\n<\/tr>\n<tr>\n<td>Conjunto de chips:<\/td>\n<\/tr>\n<tr>\n<td>1 x conector m.2 (socket 3, clave m, tipo 2280 sata y compatibilidad con ssd pcie 3.0 x4\/x2)<\/td>\n<\/tr>\n<tr>\n<td>2 conectores sata de 6 gb\/s<\/td>\n<\/tr>\n<tr>\n<td>Compatibilidad con raid 0, raid 1 y raid5 para dispositivos de almacenamiento ssd nvme<\/td>\n<\/tr>\n<tr>\n<td>Compatibilidad con raid 0, raid 1 y raid5 para dispositivos de almacenamiento sata<\/td>\n<\/tr>\n<tr>\n<td>Conjunto de chips:<\/td>\n<\/tr>\n<tr>\n<td>4 x puertos usb 3.2 gen 1 (2 puertos en el panel posterior, 2 puertos disponibles a trav\u00e9s del encabezado usb interno)<\/td>\n<\/tr>\n<tr>\n<td>6 puertos usb 2.0\/1.1 (4 puertos en el panel posterior, 2 puertos disponibles a trav\u00e9s del encabezado usb interno)<\/td>\n<\/tr>\n<tr>\n<td>1 conector de alimentaci\u00f3n principal atx de 24 pines<\/td>\n<\/tr>\n<tr>\n<td>1 conector de alimentaci\u00f3n atx de 12 v de 8 pines<\/td>\n<\/tr>\n<tr>\n<td>1 x encabezado del ventilador de la cpu<\/td>\n<\/tr>\n<tr>\n<td>1 x cabezal del ventilador del sistema<\/td>\n<\/tr>\n<tr>\n<td>1 cabezal de tira led rgb<\/td>\n<\/tr>\n<tr>\n<td>1 conector m.2 hembra 3<\/td>\n<\/tr>\n<tr>\n<td>2 conectores sata de 6 gb\/s<\/td>\n<\/tr>\n<tr>\n<td>1 x encabezado del panel frontal<\/td>\n<\/tr>\n<tr>\n<td>1 x encabezado de audio del panel frontal<\/td>\n<\/tr>\n<tr>\n<td>1 conector usb 3.2 gen 1<\/td>\n<\/tr>\n<tr>\n<td>1 cabezal usb 2.0\/1.1<\/td>\n<\/tr>\n<tr>\n<td>1 x encabezado de puerto serie<\/td>\n<\/tr>\n<tr>\n<td>1 x puente cmos transparente<\/td>\n<\/tr>\n<tr>\n<td>1 puerto hdmi<\/td>\n<\/tr>\n<tr>\n<td>2 puertos usb 3.2 gen 1<\/td>\n<\/tr>\n<tr>\n<td>4 puertos usb 2.0\/1.1<\/td>\n<\/tr>\n<tr>\n<td>1 puerto rj-45<\/td>\n<\/tr>\n<tr>\n<td>3 x conectores de audio<\/td>\n<\/tr>\n<tr>\n<td>Chip controlador de e\/ s ite\u00ae<\/td>\n<\/tr>\n<tr>\n<td>Detecci\u00f3n de voltaje<\/td>\n<\/tr>\n<tr>\n<td>Detecci\u00f3n de temperatura<\/td>\n<\/tr>\n<tr>\n<td>Detecci\u00f3n de velocidad del ventilador<\/td>\n<\/tr>\n<tr>\n<td>Advertencia de falla del ventilador<\/td>\n<\/tr>\n<tr>\n<td>Control de velocidad del ventilador<\/td>\n<\/tr>\n<tr>\n<td>* la compatibilidad de la funci\u00f3n de control de velocidad del ventilador depender\u00e1 del refrigerador que instale.<\/td>\n<\/tr>\n<tr>\n<td>1 flash de 128 mbit<\/td>\n<\/tr>\n<tr>\n<td>Uso de bios ami uefi con licencia<\/td>\n<\/tr>\n<tr>\n<td>Pnp 1.0a, dmi 2.7, wfm 2.0, sm bios 2.7, acpi 5.0<\/td>\n<\/tr>\n<tr>\n<td>Soporte para app center<\/td>\n<\/tr>\n<tr>\n<td>* las aplicaciones disponibles en app center pueden variar seg\u00fan el modelo de placa base. las funciones admitidas de cada aplicaci\u00f3n tambi\u00e9n pueden variar seg\u00fan las especificaciones de la placa base.<\/td>\n<\/tr>\n<tr>\n<td>@bios<\/td>\n<\/tr>\n<tr>\n<td>Led ambiental visor de informaci\u00f3n del sistema de copia de seguridad inteligente<\/td>\n<\/tr>\n<tr>\n<td>Easytune<\/td>\n<\/tr>\n<tr>\n<td>Soporte para q-flash<\/td>\n<\/tr>\n<tr>\n<td>Soporte para instalaci\u00f3n xpress<\/td>\n<\/tr>\n<tr>\n<td>Norton\u00ae internet security ( versi\u00f3n oem)<\/td>\n<\/tr>\n<tr>\n<td>Software de gesti\u00f3n de ancho de banda lan<\/td>\n<\/tr>\n<tr>\n<td>Soporte para windows 11 de 64 bits<\/td>\n<\/tr>\n<tr>\n<td>Soporte para windows 10 de 64 bits<\/td>\n<\/tr>\n<tr>\n<td>Factor de forma micro atx; 22,6 x 18,5 cm.<\/td>\n<\/tr>\n<tr>\n<td>Debido a las diferentes condiciones de soporte de linux proporcionadas por los proveedores de chipsets, descargue el controlador de linux desde el sitio web de los proveedores de chipsets o desde el sitio web de terceros.<\/td>\n<\/tr>\n<tr>\n<td>Es posible que la mayor\u00eda de los proveedores de hardware\/software ya no ofrezcan controladores compatibles con win9x\/me\/2000\/xp. si los proveedores ofrecen controladores, los actualizaremos en el sitio web de gigabyte.<\/td>\n<\/tr>\n<\/table>\n","protected":false},"excerpt":{"rendered":"<p>Placa base intel\u00ae ultraduradera con lan gbe, resistencia antiazufre y ventilador inteligente 5. Admite procesadores intel\u00ae core\u0099 de 11.\u00aa y 10.\u00aa generaci\u00f3n. Ddr4 sin b\u00fafer sin ecc de doble canal, 2 dimm. Audio hd de 8 canales con condensadores de audio de alta calidad. Conector nvme pcie gen3 x4 2280 m.2. Lan gbe con gesti\u00f3n de ancho de banda. Smart fan 5 cuenta con m\u00faltiples sensores de temperatura y cabezales de ventilador h\u00edbridos con fan stop. Centro de app de gigabyte, uso sencillo y f\u00e1cil. Dise\u00f1o de resistencias anti-azufre<\/p>\n","protected":false},"featured_media":257014,"comment_status":"open","ping_status":"open","template":"","meta":[],"product_cat":[1727,2016],"product_tag":[1732],"acf":[],"yoast_head":"<!-- This site is optimized with the Yoast SEO plugin v21.7 - https:\/\/yoast.com\/wordpress\/plugins\/seo\/ -->\n<title>[ Gigabyte ] &#129351; H510m K V2 Mb Intel S-1200 11a Gen\/2xddr4 3200mhz\/pcie 3.0\/hdmi\/4xusb 3.1\/m.2\/micro Atx\/gama Basica<\/title>\n<meta name=\"description\" content=\"Compra H510m K V2 Mb Intel S-1200 11a Gen\/2xddr4 3200mhz\/pcie 3.0\/hdmi\/4xusb 3.1\/m.2\/micro Atx\/gama Basica + Env\u00edo a domicilio + Pago seguro + Garant\u00eda\" \/>\n<meta name=\"robots\" content=\"index, follow, max-snippet:-1, max-image-preview:large, max-video-preview:-1\" \/>\n<link rel=\"canonical\" href=\"https:\/\/compuviper.mx\/tienda\/producto\/gigabyte-h510m-k-v2-mb-intel-s-1200-11a-gen-2xddr4-3200mhz-pcie-3-0-hdmi-4xusb-3-1-m-2-micro-atx-gama-basica\/\" \/>\n<meta property=\"og:locale\" content=\"es_MX\" \/>\n<meta property=\"og:type\" content=\"article\" \/>\n<meta property=\"og:title\" content=\"[ Gigabyte ] &#129351; H510m K V2 Mb Intel S-1200 11a Gen\/2xddr4 3200mhz\/pcie 3.0\/hdmi\/4xusb 3.1\/m.2\/micro Atx\/gama Basica\" \/>\n<meta property=\"og:description\" content=\"Compra H510m K V2 Mb Intel S-1200 11a Gen\/2xddr4 3200mhz\/pcie 3.0\/hdmi\/4xusb 3.1\/m.2\/micro Atx\/gama Basica + Env\u00edo a domicilio + Pago seguro + Garant\u00eda\" \/>\n<meta property=\"og:url\" content=\"https:\/\/compuviper.mx\/tienda\/producto\/gigabyte-h510m-k-v2-mb-intel-s-1200-11a-gen-2xddr4-3200mhz-pcie-3-0-hdmi-4xusb-3-1-m-2-micro-atx-gama-basica\/\" \/>\n<meta property=\"og:site_name\" content=\"Compuviper\" \/>\n<meta property=\"article:publisher\" content=\"https:\/\/www.facebook.com\/compuviper\" \/>\n<meta property=\"article:modified_time\" content=\"2026-04-26T06:00:19+00:00\" \/>\n<meta property=\"og:image\" content=\"https:\/\/compuviper.mx\/tienda\/wp-content\/uploads\/2025\/08\/Mb-gigabyte-h510m-k-v2-intel-s-1200-11a-gen2xddr4-3200mhzpcie-3.0hdmi4xusb-3.1m.2micro-atxgama-basica.jpg\" \/>\n\t<meta property=\"og:image:width\" content=\"200\" \/>\n\t<meta property=\"og:image:height\" content=\"200\" \/>\n\t<meta property=\"og:image:type\" content=\"image\/jpeg\" \/>\n<meta name=\"twitter:card\" content=\"summary_large_image\" \/>\n<meta name=\"twitter:label1\" content=\"Precio\" \/>\n\t<meta name=\"twitter:data1\" content=\"&#36;997 con IVA\" \/>\n\t<meta name=\"twitter:label2\" content=\"Availability\" \/>\n\t<meta name=\"twitter:data2\" content=\"In stock\" \/>\n<script type=\"application\/ld+json\" class=\"yoast-schema-graph\">{\"@context\":\"https:\/\/schema.org\",\"@graph\":[{\"@type\":\"WebPage\",\"@id\":\"https:\/\/compuviper.mx\/tienda\/producto\/gigabyte-h510m-k-v2-mb-intel-s-1200-11a-gen-2xddr4-3200mhz-pcie-3-0-hdmi-4xusb-3-1-m-2-micro-atx-gama-basica\/\",\"url\":\"https:\/\/compuviper.mx\/tienda\/producto\/gigabyte-h510m-k-v2-mb-intel-s-1200-11a-gen-2xddr4-3200mhz-pcie-3-0-hdmi-4xusb-3-1-m-2-micro-atx-gama-basica\/\",\"name\":\"[ Gigabyte ] &#129351; H510m K V2 Mb Intel S-1200 11a Gen\/2xddr4 3200mhz\/pcie 3.0\/hdmi\/4xusb 3.1\/m.2\/micro Atx\/gama Basica\",\"isPartOf\":{\"@id\":\"https:\/\/compuviper.mx\/tienda\/#website\"},\"datePublished\":\"2026-04-25T06:40:21+00:00\",\"dateModified\":\"2026-04-26T06:00:19+00:00\",\"description\":\"Compra H510m K V2 Mb Intel S-1200 11a Gen\/2xddr4 3200mhz\/pcie 3.0\/hdmi\/4xusb 3.1\/m.2\/micro Atx\/gama Basica + Env\u00edo a domicilio + Pago seguro + Garant\u00eda\",\"breadcrumb\":{\"@id\":\"https:\/\/compuviper.mx\/tienda\/producto\/gigabyte-h510m-k-v2-mb-intel-s-1200-11a-gen-2xddr4-3200mhz-pcie-3-0-hdmi-4xusb-3-1-m-2-micro-atx-gama-basica\/#breadcrumb\"},\"inLanguage\":\"es-MX\",\"potentialAction\":[{\"@type\":\"ReadAction\",\"target\":[\"https:\/\/compuviper.mx\/tienda\/producto\/gigabyte-h510m-k-v2-mb-intel-s-1200-11a-gen-2xddr4-3200mhz-pcie-3-0-hdmi-4xusb-3-1-m-2-micro-atx-gama-basica\/\"]}]},{\"@type\":\"BreadcrumbList\",\"@id\":\"https:\/\/compuviper.mx\/tienda\/producto\/gigabyte-h510m-k-v2-mb-intel-s-1200-11a-gen-2xddr4-3200mhz-pcie-3-0-hdmi-4xusb-3-1-m-2-micro-atx-gama-basica\/#breadcrumb\",\"itemListElement\":[{\"@type\":\"ListItem\",\"position\":1,\"name\":\"Inicio\",\"item\":\"https:\/\/compuviper.mx\/tienda\/\"},{\"@type\":\"ListItem\",\"position\":2,\"name\":\"Productos\",\"item\":\"https:\/\/compuviper.mx\/tienda\/productos\/\"},{\"@type\":\"ListItem\",\"position\":3,\"name\":\"Tarjeta Madre\",\"item\":\"https:\/\/compuviper.mx\/tienda\/categoria-producto\/tarjeta-madre\/\"},{\"@type\":\"ListItem\",\"position\":4,\"name\":\"Socket 1200\",\"item\":\"https:\/\/compuviper.mx\/tienda\/categoria-producto\/tarjeta-madre\/socket-1200\/\"},{\"@type\":\"ListItem\",\"position\":5,\"name\":\"Gigabyte H510m K V2 Mb Intel S-1200 11a Gen\/2xddr4 3200mhz\/pcie 3.0\/hdmi\/4xusb 3.1\/m.2\/micro Atx\/gama Basica\"}]},{\"@type\":\"WebSite\",\"@id\":\"https:\/\/compuviper.mx\/tienda\/#website\",\"url\":\"https:\/\/compuviper.mx\/tienda\/\",\"name\":\"Compuviper\",\"description\":\"Proveedor de Computadoras, Laptops, Servidores, Monitores, Puntos de Venta, Teclados,   Impresoras, T\u00f3ner, C\u00e1maras de Seguridad y m\u00e1s en tu tienda en l\u00ednea\",\"publisher\":{\"@id\":\"https:\/\/compuviper.mx\/tienda\/#organization\"},\"potentialAction\":[{\"@type\":\"SearchAction\",\"target\":{\"@type\":\"EntryPoint\",\"urlTemplate\":\"https:\/\/compuviper.mx\/tienda\/?s={search_term_string}\"},\"query-input\":\"required name=search_term_string\"}],\"inLanguage\":\"es-MX\"},{\"@type\":\"Organization\",\"@id\":\"https:\/\/compuviper.mx\/tienda\/#organization\",\"name\":\"Compuviper\",\"url\":\"https:\/\/compuviper.mx\/tienda\/\",\"logo\":{\"@type\":\"ImageObject\",\"inLanguage\":\"es-MX\",\"@id\":\"https:\/\/compuviper.mx\/tienda\/#\/schema\/logo\/image\/\",\"url\":\"https:\/\/compuviper.mx\/tienda\/wp-content\/uploads\/2021\/08\/Logo-Compuviper-10.png\",\"contentUrl\":\"https:\/\/compuviper.mx\/tienda\/wp-content\/uploads\/2021\/08\/Logo-Compuviper-10.png\",\"width\":1000,\"height\":500,\"caption\":\"Compuviper\"},\"image\":{\"@id\":\"https:\/\/compuviper.mx\/tienda\/#\/schema\/logo\/image\/\"},\"sameAs\":[\"https:\/\/www.facebook.com\/compuviper\",\"https:\/\/www.youtube.com\/channel\/UCf73dERp9Y3cfOq7q8BhLjA?view_as=subscriber\"]}]}<\/script>\n<meta property=\"product:brand\" content=\"GIGABYTE\" \/>\n<meta property=\"product:price:amount\" content=\"997\" \/>\n<meta property=\"product:price:currency\" content=\"MXN\" \/>\n<meta property=\"og:availability\" content=\"instock\" \/>\n<meta property=\"product:availability\" content=\"instock\" \/>\n<meta property=\"product:retailer_item_id\" content=\"H510M K V2\" \/>\n<meta property=\"product:condition\" content=\"new\" \/>\n<!-- \/ Yoast SEO plugin. -->","yoast_head_json":{"title":"[ Gigabyte ] &#129351; H510m K V2 Mb Intel S-1200 11a Gen\/2xddr4 3200mhz\/pcie 3.0\/hdmi\/4xusb 3.1\/m.2\/micro Atx\/gama Basica","description":"Compra H510m K V2 Mb Intel S-1200 11a Gen\/2xddr4 3200mhz\/pcie 3.0\/hdmi\/4xusb 3.1\/m.2\/micro Atx\/gama Basica + Env\u00edo a domicilio + Pago seguro + Garant\u00eda","robots":{"index":"index","follow":"follow","max-snippet":"max-snippet:-1","max-image-preview":"max-image-preview:large","max-video-preview":"max-video-preview:-1"},"canonical":"https:\/\/compuviper.mx\/tienda\/producto\/gigabyte-h510m-k-v2-mb-intel-s-1200-11a-gen-2xddr4-3200mhz-pcie-3-0-hdmi-4xusb-3-1-m-2-micro-atx-gama-basica\/","og_locale":"es_MX","og_type":"article","og_title":"[ Gigabyte ] &#129351; H510m K V2 Mb Intel S-1200 11a Gen\/2xddr4 3200mhz\/pcie 3.0\/hdmi\/4xusb 3.1\/m.2\/micro Atx\/gama Basica","og_description":"Compra H510m K V2 Mb Intel S-1200 11a Gen\/2xddr4 3200mhz\/pcie 3.0\/hdmi\/4xusb 3.1\/m.2\/micro Atx\/gama Basica + Env\u00edo a domicilio + Pago seguro + Garant\u00eda","og_url":"https:\/\/compuviper.mx\/tienda\/producto\/gigabyte-h510m-k-v2-mb-intel-s-1200-11a-gen-2xddr4-3200mhz-pcie-3-0-hdmi-4xusb-3-1-m-2-micro-atx-gama-basica\/","og_site_name":"Compuviper","article_publisher":"https:\/\/www.facebook.com\/compuviper","article_modified_time":"2026-04-26T06:00:19+00:00","og_image":[{"width":200,"height":200,"url":"https:\/\/compuviper.mx\/tienda\/wp-content\/uploads\/2025\/08\/Mb-gigabyte-h510m-k-v2-intel-s-1200-11a-gen2xddr4-3200mhzpcie-3.0hdmi4xusb-3.1m.2micro-atxgama-basica.jpg","type":"image\/jpeg"}],"twitter_card":"summary_large_image","twitter_misc":{"Precio":"&#36;997 con IVA","Availability":"In stock"},"schema":{"@context":"https:\/\/schema.org","@graph":[{"@type":"WebPage","@id":"https:\/\/compuviper.mx\/tienda\/producto\/gigabyte-h510m-k-v2-mb-intel-s-1200-11a-gen-2xddr4-3200mhz-pcie-3-0-hdmi-4xusb-3-1-m-2-micro-atx-gama-basica\/","url":"https:\/\/compuviper.mx\/tienda\/producto\/gigabyte-h510m-k-v2-mb-intel-s-1200-11a-gen-2xddr4-3200mhz-pcie-3-0-hdmi-4xusb-3-1-m-2-micro-atx-gama-basica\/","name":"[ Gigabyte ] &#129351; H510m K V2 Mb Intel S-1200 11a Gen\/2xddr4 3200mhz\/pcie 3.0\/hdmi\/4xusb 3.1\/m.2\/micro Atx\/gama Basica","isPartOf":{"@id":"https:\/\/compuviper.mx\/tienda\/#website"},"datePublished":"2026-04-25T06:40:21+00:00","dateModified":"2026-04-26T06:00:19+00:00","description":"Compra H510m K V2 Mb Intel S-1200 11a Gen\/2xddr4 3200mhz\/pcie 3.0\/hdmi\/4xusb 3.1\/m.2\/micro Atx\/gama Basica + Env\u00edo a domicilio + Pago seguro + Garant\u00eda","breadcrumb":{"@id":"https:\/\/compuviper.mx\/tienda\/producto\/gigabyte-h510m-k-v2-mb-intel-s-1200-11a-gen-2xddr4-3200mhz-pcie-3-0-hdmi-4xusb-3-1-m-2-micro-atx-gama-basica\/#breadcrumb"},"inLanguage":"es-MX","potentialAction":[{"@type":"ReadAction","target":["https:\/\/compuviper.mx\/tienda\/producto\/gigabyte-h510m-k-v2-mb-intel-s-1200-11a-gen-2xddr4-3200mhz-pcie-3-0-hdmi-4xusb-3-1-m-2-micro-atx-gama-basica\/"]}]},{"@type":"BreadcrumbList","@id":"https:\/\/compuviper.mx\/tienda\/producto\/gigabyte-h510m-k-v2-mb-intel-s-1200-11a-gen-2xddr4-3200mhz-pcie-3-0-hdmi-4xusb-3-1-m-2-micro-atx-gama-basica\/#breadcrumb","itemListElement":[{"@type":"ListItem","position":1,"name":"Inicio","item":"https:\/\/compuviper.mx\/tienda\/"},{"@type":"ListItem","position":2,"name":"Productos","item":"https:\/\/compuviper.mx\/tienda\/productos\/"},{"@type":"ListItem","position":3,"name":"Tarjeta Madre","item":"https:\/\/compuviper.mx\/tienda\/categoria-producto\/tarjeta-madre\/"},{"@type":"ListItem","position":4,"name":"Socket 1200","item":"https:\/\/compuviper.mx\/tienda\/categoria-producto\/tarjeta-madre\/socket-1200\/"},{"@type":"ListItem","position":5,"name":"Gigabyte H510m K V2 Mb Intel S-1200 11a Gen\/2xddr4 3200mhz\/pcie 3.0\/hdmi\/4xusb 3.1\/m.2\/micro Atx\/gama Basica"}]},{"@type":"WebSite","@id":"https:\/\/compuviper.mx\/tienda\/#website","url":"https:\/\/compuviper.mx\/tienda\/","name":"Compuviper","description":"Proveedor de Computadoras, Laptops, Servidores, Monitores, Puntos de Venta, Teclados,   Impresoras, T\u00f3ner, C\u00e1maras de Seguridad y m\u00e1s en tu tienda en l\u00ednea","publisher":{"@id":"https:\/\/compuviper.mx\/tienda\/#organization"},"potentialAction":[{"@type":"SearchAction","target":{"@type":"EntryPoint","urlTemplate":"https:\/\/compuviper.mx\/tienda\/?s={search_term_string}"},"query-input":"required name=search_term_string"}],"inLanguage":"es-MX"},{"@type":"Organization","@id":"https:\/\/compuviper.mx\/tienda\/#organization","name":"Compuviper","url":"https:\/\/compuviper.mx\/tienda\/","logo":{"@type":"ImageObject","inLanguage":"es-MX","@id":"https:\/\/compuviper.mx\/tienda\/#\/schema\/logo\/image\/","url":"https:\/\/compuviper.mx\/tienda\/wp-content\/uploads\/2021\/08\/Logo-Compuviper-10.png","contentUrl":"https:\/\/compuviper.mx\/tienda\/wp-content\/uploads\/2021\/08\/Logo-Compuviper-10.png","width":1000,"height":500,"caption":"Compuviper"},"image":{"@id":"https:\/\/compuviper.mx\/tienda\/#\/schema\/logo\/image\/"},"sameAs":["https:\/\/www.facebook.com\/compuviper","https:\/\/www.youtube.com\/channel\/UCf73dERp9Y3cfOq7q8BhLjA?view_as=subscriber"]}]},"product_brand":"GIGABYTE","product_price_amount":"997","product_price_currency":"MXN","og_availability":"instock","product_availability":"instock","product_retailer_item_id":"H510M K V2","product_condition":"new"},"_links":{"self":[{"href":"https:\/\/compuviper.mx\/tienda\/wp-json\/wp\/v2\/product\/257013"}],"collection":[{"href":"https:\/\/compuviper.mx\/tienda\/wp-json\/wp\/v2\/product"}],"about":[{"href":"https:\/\/compuviper.mx\/tienda\/wp-json\/wp\/v2\/types\/product"}],"replies":[{"embeddable":true,"href":"https:\/\/compuviper.mx\/tienda\/wp-json\/wp\/v2\/comments?post=257013"}],"wp:featuredmedia":[{"embeddable":true,"href":"https:\/\/compuviper.mx\/tienda\/wp-json\/wp\/v2\/media\/257014"}],"wp:attachment":[{"href":"https:\/\/compuviper.mx\/tienda\/wp-json\/wp\/v2\/media?parent=257013"}],"wp:term":[{"taxonomy":"product_cat","embeddable":true,"href":"https:\/\/compuviper.mx\/tienda\/wp-json\/wp\/v2\/product_cat?post=257013"},{"taxonomy":"product_tag","embeddable":true,"href":"https:\/\/compuviper.mx\/tienda\/wp-json\/wp\/v2\/product_tag?post=257013"}],"curies":[{"name":"wp","href":"https:\/\/api.w.org\/{rel}","templated":true}]}}