{"id":256994,"date":"2026-04-11T01:59:29","date_gmt":"2026-04-11T07:59:29","guid":{"rendered":"https:\/\/compuviper.mx\/tienda\/producto\/x-fusion-0231ybfwrr-xf-servidor-xfusion-2288h-v7-intel-xeon-silver-4510-64gb-ddr5-max-192tb-incluye-tarjeta-de-red-dual-tarjeta-raid-2-5-sas-sata-2u-no-sistema-operativo-instalado\/"},"modified":"2026-04-11T01:59:30","modified_gmt":"2026-04-11T07:59:30","slug":"x-fusion-0231ybfwrr-xf0619kyaa-servidor-xfusion-2288h-v7-intel-xeon-silver-4510-64gb-ddr5-max-192tb-incluye-tarjeta-de-red-dual-tarjeta-raid-2-5-sas-sata-2u-no-sistema-operativo-instalado","status":"publish","type":"product","link":"https:\/\/compuviper.mx\/tienda\/producto\/x-fusion-0231ybfwrr-xf0619kyaa-servidor-xfusion-2288h-v7-intel-xeon-silver-4510-64gb-ddr5-max-192tb-incluye-tarjeta-de-red-dual-tarjeta-raid-2-5-sas-sata-2u-no-sistema-operativo-instalado\/","title":{"rendered":"X-fusion 0231ybfwrr-xf,0619kyaa Servidor Xfusion 2288h V7 &#8211; Intel Xeon Silver 4510, 64gb Ddr5, Max 192tb, Incluye Tarjeta De Red Dual, Tarjeta Raid, 2.5, Sas\/sata, 2u &#8211; No Sistema Operativo Instalado"},"content":{"rendered":"<table class=\"descripcion\">\n<tr>\n<td>Servidor xfusion 2288h v7 2 cpu 12 core c\/u \/ 64 gb en ram\/ 2 ssd, raid card mr 0,1,5,6,10,50,60,4gb cache<\/td>\n<\/tr>\n<tr>\n<td>Arquitectura:<\/td>\n<\/tr>\n<tr>\n<td>-formato: 2u rack<\/td>\n<\/tr>\n<tr>\n<td>-chipset intel emmitsburg pch<\/td>\n<\/tr>\n<tr>\n<td>-bahias instaladas: 25 de 2.5 sas\/sata hdd\/sdd<\/td>\n<\/tr>\n<tr>\n<td>-sockets para micro: 2<\/td>\n<\/tr>\n<tr>\n<td>-bancos de memoria ram: 32 dimm<\/td>\n<\/tr>\n<tr>\n<td>-ram maxima soportada: hasta 4,096 tb no incluidas<\/td>\n<\/tr>\n<tr>\n<td>-banco para fuente: 2<\/td>\n<\/tr>\n<tr>\n<td>-raid0,1,5,6,10,50,60<\/td>\n<\/tr>\n<tr>\n<td>-soporta \u0095 2 x m.2 ssd<\/td>\n<\/tr>\n<tr>\n<td>-sistemas operativos soportados: microsoft windows server, suse linux enterprise server, vmware esxi, red hat enterprise linux, centos, oracle linux, ubuntu, debian, openeuler, etc<\/td>\n<\/tr>\n<tr>\n<td>-temperatura en operacion: 5\u00b0c to 45\u00b0c 41\u00b0f to 113\u00b0f ashrae classes a1 to a4 compliant<\/td>\n<\/tr>\n<tr>\n<td>-certificaciones: ce, ul, ccc, fcc, vcci, rohs, etc<\/td>\n<\/tr>\n<tr>\n<td>-dimensiones: chassis with 2.5 drives: 86.1 mm  447 mm  798 mm 3.39 in. x 17.60 in. x 31.42 in.<\/td>\n<\/tr>\n<tr>\n<td>Accesorios incluidos<\/td>\n<\/tr>\n<tr>\n<td>Procesador.-<\/td>\n<\/tr>\n<tr>\n<td>-2x intel xeon silver 4510 12 core &#8211; 2.4ghz &#8211; 30mb cache &#8211; 150w<\/td>\n<\/tr>\n<tr>\n<td>Memoria.-<\/td>\n<\/tr>\n<tr>\n<td>-memoria ram instalada: 2x 32gb 5600mhz rdimm ddr5 1.1v ecc, 2rank, 2g8bit<\/td>\n<\/tr>\n<tr>\n<td>Fuente de poder.-<\/td>\n<\/tr>\n<tr>\n<td>-2x 900w platinum ac<\/td>\n<\/tr>\n<tr>\n<td>Cables.-<\/td>\n<\/tr>\n<tr>\n<td>-wall plug 3m c13<\/td>\n<\/tr>\n<tr>\n<td>-pdu style 1.8m c13<\/td>\n<\/tr>\n<tr>\n<td>Tarjeta controladora raid.-<\/td>\n<\/tr>\n<tr>\n<td>-xc-470c pcie 4gb cache &#8211; sas\/sata &#8211; raid0,1,5,6,10,50,60-12gb\/s-4gb cache<\/td>\n<\/tr>\n<tr>\n<td>Tarjeta de red.-<\/td>\n<\/tr>\n<tr>\n<td>Ge350-ocp3.0 &#8211; t2 2ptos 1gb electric interface card intel i350<\/td>\n<\/tr>\n<tr>\n<td>2 slots pcie libres<\/td>\n<\/tr>\n<\/table>\n","protected":false},"excerpt":{"rendered":"<p>\u00a1potencia y rendimiento extraordinario en un servidor confiable y verstil. Presentamos el servidor xfusion 2288h v6, una solucin robusta diseada para llevar tus operaciones de ti al siguiente nivel. Ideal para entornos exigentes como. Servicios empresariales. Cloud computing. Virtualizacin. High-performance computing hpc. Almacenamiento distribuido. Procesamiento de big data. Aplicaciones empresariales o de telecomunicaciones. Y otras cargas de trabajo crticas. Certificaciones de calidad y fiabilidad. El xfusion 2288h v6 cuenta con certificaciones internacionales que garantizan un rendimiento seguro y consistente. Ce, ul, ccc, fcc, vcci, rohs. Temperatura operativa: de  5\u00b0c to 45\u00b0c 41\u00b0f to 113\u00b0f ashrae classes a1 to a4 compliant, cumpliendo con altos estndares de eficiencia y durabilidad. Compatibilidad con sistemas operativos. Compatible con una amplia gama de sistemas operativos, entre ellos. Microsoft windows server. Suse linux enterprise server. Vmware esxi. Fusionone hci. Fusionone compute. Fusionone center. Red hat enterprise linux. Centos, oracle linux, ubuntu, debian, openeuler, y ms. Huawei dcs. La imagen presentada es ilustrativa y puede variar.<\/p>\n","protected":false},"featured_media":260807,"comment_status":"open","ping_status":"open","template":"","meta":[],"product_cat":[1808,1809],"product_tag":[2205],"acf":[],"yoast_head":"<!-- This site is optimized with the Yoast SEO plugin v21.7 - https:\/\/yoast.com\/wordpress\/plugins\/seo\/ -->\n<title>[ X-fusion ] &#129351; 0231ybfwrr-xf,0619kyaa Servidor Xfusion 2288h V7 - Intel Xeon Silver 4510, 64gb Ddr5, Max 192tb, Incluye Tarjeta De Red Dual, Tarjeta Raid, 2.5, Sas\/sata, 2u - No Sistema Operativo Instalado<\/title>\n<meta name=\"description\" content=\"Compra 0231ybfwrr-xf,0619kyaa Servidor Xfusion 2288h V7 - Intel Xeon Silver 4510, 64gb Ddr5, Max 192tb, Incluye Tarjeta De Red Dual, Tarjeta Raid, 2.5, Sas\/sata, 2u - No Sistema Operativo Instalado + Env\u00edo a domicilio + Pago seguro + Garant\u00eda\" \/>\n<meta name=\"robots\" content=\"index, follow, max-snippet:-1, max-image-preview:large, max-video-preview:-1\" \/>\n<link rel=\"canonical\" href=\"https:\/\/compuviper.mx\/tienda\/producto\/x-fusion-0231ybfwrr-xf0619kyaa-servidor-xfusion-2288h-v7-intel-xeon-silver-4510-64gb-ddr5-max-192tb-incluye-tarjeta-de-red-dual-tarjeta-raid-2-5-sas-sata-2u-no-sistema-operativo-instalado\/\" \/>\n<meta property=\"og:locale\" content=\"es_MX\" \/>\n<meta property=\"og:type\" content=\"article\" \/>\n<meta property=\"og:title\" content=\"[ X-fusion ] &#129351; 0231ybfwrr-xf,0619kyaa Servidor Xfusion 2288h V7 - Intel Xeon Silver 4510, 64gb Ddr5, Max 192tb, Incluye Tarjeta De Red Dual, Tarjeta Raid, 2.5, Sas\/sata, 2u - No Sistema Operativo Instalado\" \/>\n<meta property=\"og:description\" content=\"Compra 0231ybfwrr-xf,0619kyaa Servidor Xfusion 2288h V7 - Intel Xeon Silver 4510, 64gb Ddr5, Max 192tb, Incluye Tarjeta De Red Dual, Tarjeta Raid, 2.5, Sas\/sata, 2u - No Sistema Operativo Instalado + Env\u00edo a domicilio + Pago seguro + Garant\u00eda\" \/>\n<meta property=\"og:url\" content=\"https:\/\/compuviper.mx\/tienda\/producto\/x-fusion-0231ybfwrr-xf0619kyaa-servidor-xfusion-2288h-v7-intel-xeon-silver-4510-64gb-ddr5-max-192tb-incluye-tarjeta-de-red-dual-tarjeta-raid-2-5-sas-sata-2u-no-sistema-operativo-instalado\/\" \/>\n<meta property=\"og:site_name\" content=\"Compuviper\" \/>\n<meta property=\"article:publisher\" content=\"https:\/\/www.facebook.com\/compuviper\" \/>\n<meta property=\"article:modified_time\" content=\"2026-04-11T07:59:30+00:00\" \/>\n<meta property=\"og:image\" content=\"https:\/\/compuviper.mx\/tienda\/wp-content\/uploads\/2025\/10\/Servidor-xfusion-2288h-v7-intel-xeon-silver-4510-64gb-ddr5-max-192tb-incluye-tarjeta-de-red-dual-tarjeta-raid-2.5-sassata-2u-no-sistema-operativo-instalado.jpg\" \/>\n\t<meta property=\"og:image:width\" content=\"200\" \/>\n\t<meta property=\"og:image:height\" content=\"200\" \/>\n\t<meta property=\"og:image:type\" content=\"image\/jpeg\" \/>\n<meta name=\"twitter:card\" content=\"summary_large_image\" \/>\n<meta name=\"twitter:label1\" content=\"Precio\" \/>\n\t<meta name=\"twitter:data1\" content=\"&#36;64,568 con IVA\" \/>\n\t<meta name=\"twitter:label2\" content=\"Availability\" \/>\n\t<meta name=\"twitter:data2\" content=\"In stock\" \/>\n<script type=\"application\/ld+json\" class=\"yoast-schema-graph\">{\"@context\":\"https:\/\/schema.org\",\"@graph\":[{\"@type\":\"WebPage\",\"@id\":\"https:\/\/compuviper.mx\/tienda\/producto\/x-fusion-0231ybfwrr-xf0619kyaa-servidor-xfusion-2288h-v7-intel-xeon-silver-4510-64gb-ddr5-max-192tb-incluye-tarjeta-de-red-dual-tarjeta-raid-2-5-sas-sata-2u-no-sistema-operativo-instalado\/\",\"url\":\"https:\/\/compuviper.mx\/tienda\/producto\/x-fusion-0231ybfwrr-xf0619kyaa-servidor-xfusion-2288h-v7-intel-xeon-silver-4510-64gb-ddr5-max-192tb-incluye-tarjeta-de-red-dual-tarjeta-raid-2-5-sas-sata-2u-no-sistema-operativo-instalado\/\",\"name\":\"[ X-fusion ] &#129351; 0231ybfwrr-xf,0619kyaa Servidor Xfusion 2288h V7 - Intel Xeon Silver 4510, 64gb Ddr5, Max 192tb, Incluye Tarjeta De Red Dual, Tarjeta Raid, 2.5, Sas\/sata, 2u - No Sistema Operativo Instalado\",\"isPartOf\":{\"@id\":\"https:\/\/compuviper.mx\/tienda\/#website\"},\"datePublished\":\"2026-04-11T07:59:29+00:00\",\"dateModified\":\"2026-04-11T07:59:30+00:00\",\"description\":\"Compra 0231ybfwrr-xf,0619kyaa Servidor Xfusion 2288h V7 - Intel Xeon Silver 4510, 64gb Ddr5, Max 192tb, Incluye Tarjeta De Red Dual, Tarjeta Raid, 2.5, Sas\/sata, 2u - No Sistema Operativo Instalado + Env\u00edo a domicilio + Pago seguro + Garant\u00eda\",\"breadcrumb\":{\"@id\":\"https:\/\/compuviper.mx\/tienda\/producto\/x-fusion-0231ybfwrr-xf0619kyaa-servidor-xfusion-2288h-v7-intel-xeon-silver-4510-64gb-ddr5-max-192tb-incluye-tarjeta-de-red-dual-tarjeta-raid-2-5-sas-sata-2u-no-sistema-operativo-instalado\/#breadcrumb\"},\"inLanguage\":\"es-MX\",\"potentialAction\":[{\"@type\":\"ReadAction\",\"target\":[\"https:\/\/compuviper.mx\/tienda\/producto\/x-fusion-0231ybfwrr-xf0619kyaa-servidor-xfusion-2288h-v7-intel-xeon-silver-4510-64gb-ddr5-max-192tb-incluye-tarjeta-de-red-dual-tarjeta-raid-2-5-sas-sata-2u-no-sistema-operativo-instalado\/\"]}]},{\"@type\":\"BreadcrumbList\",\"@id\":\"https:\/\/compuviper.mx\/tienda\/producto\/x-fusion-0231ybfwrr-xf0619kyaa-servidor-xfusion-2288h-v7-intel-xeon-silver-4510-64gb-ddr5-max-192tb-incluye-tarjeta-de-red-dual-tarjeta-raid-2-5-sas-sata-2u-no-sistema-operativo-instalado\/#breadcrumb\",\"itemListElement\":[{\"@type\":\"ListItem\",\"position\":1,\"name\":\"Inicio\",\"item\":\"https:\/\/compuviper.mx\/tienda\/\"},{\"@type\":\"ListItem\",\"position\":2,\"name\":\"Productos\",\"item\":\"https:\/\/compuviper.mx\/tienda\/productos\/\"},{\"@type\":\"ListItem\",\"position\":3,\"name\":\"Servidores\",\"item\":\"https:\/\/compuviper.mx\/tienda\/categoria-producto\/servidores-2\/\"},{\"@type\":\"ListItem\",\"position\":4,\"name\":\"Rack (dl)\",\"item\":\"https:\/\/compuviper.mx\/tienda\/categoria-producto\/servidores-2\/rack-dl\/\"},{\"@type\":\"ListItem\",\"position\":5,\"name\":\"X-fusion 0231ybfwrr-xf,0619kyaa Servidor Xfusion 2288h V7 &#8211; Intel Xeon Silver 4510, 64gb Ddr5, Max 192tb, Incluye Tarjeta De Red Dual, Tarjeta Raid, 2.5, Sas\/sata, 2u &#8211; No Sistema Operativo Instalado\"}]},{\"@type\":\"WebSite\",\"@id\":\"https:\/\/compuviper.mx\/tienda\/#website\",\"url\":\"https:\/\/compuviper.mx\/tienda\/\",\"name\":\"Compuviper\",\"description\":\"Proveedor de Computadoras, Laptops, Servidores, Monitores, Puntos de Venta, Teclados,   Impresoras, T\u00f3ner, C\u00e1maras de Seguridad y m\u00e1s en tu tienda en l\u00ednea\",\"publisher\":{\"@id\":\"https:\/\/compuviper.mx\/tienda\/#organization\"},\"potentialAction\":[{\"@type\":\"SearchAction\",\"target\":{\"@type\":\"EntryPoint\",\"urlTemplate\":\"https:\/\/compuviper.mx\/tienda\/?s={search_term_string}\"},\"query-input\":\"required name=search_term_string\"}],\"inLanguage\":\"es-MX\"},{\"@type\":\"Organization\",\"@id\":\"https:\/\/compuviper.mx\/tienda\/#organization\",\"name\":\"Compuviper\",\"url\":\"https:\/\/compuviper.mx\/tienda\/\",\"logo\":{\"@type\":\"ImageObject\",\"inLanguage\":\"es-MX\",\"@id\":\"https:\/\/compuviper.mx\/tienda\/#\/schema\/logo\/image\/\",\"url\":\"https:\/\/compuviper.mx\/tienda\/wp-content\/uploads\/2021\/08\/Logo-Compuviper-10.png\",\"contentUrl\":\"https:\/\/compuviper.mx\/tienda\/wp-content\/uploads\/2021\/08\/Logo-Compuviper-10.png\",\"width\":1000,\"height\":500,\"caption\":\"Compuviper\"},\"image\":{\"@id\":\"https:\/\/compuviper.mx\/tienda\/#\/schema\/logo\/image\/\"},\"sameAs\":[\"https:\/\/www.facebook.com\/compuviper\",\"https:\/\/www.youtube.com\/channel\/UCf73dERp9Y3cfOq7q8BhLjA?view_as=subscriber\"]}]}<\/script>\n<meta property=\"product:brand\" content=\"X-fusion\" \/>\n<meta property=\"product:price:amount\" content=\"64568\" \/>\n<meta property=\"product:price:currency\" content=\"MXN\" \/>\n<meta property=\"og:availability\" content=\"instock\" \/>\n<meta property=\"product:availability\" content=\"instock\" \/>\n<meta property=\"product:retailer_item_id\" content=\"0231YBFWRR-XF,0619KYAA\" \/>\n<meta property=\"product:condition\" content=\"new\" \/>\n<!-- \/ Yoast SEO plugin. -->","yoast_head_json":{"title":"[ X-fusion ] &#129351; 0231ybfwrr-xf,0619kyaa Servidor Xfusion 2288h V7 - Intel Xeon Silver 4510, 64gb Ddr5, Max 192tb, Incluye Tarjeta De Red Dual, Tarjeta Raid, 2.5, Sas\/sata, 2u - No Sistema Operativo Instalado","description":"Compra 0231ybfwrr-xf,0619kyaa Servidor Xfusion 2288h V7 - Intel Xeon Silver 4510, 64gb Ddr5, Max 192tb, Incluye Tarjeta De Red Dual, Tarjeta Raid, 2.5, Sas\/sata, 2u - No Sistema Operativo Instalado + Env\u00edo a domicilio + Pago seguro + Garant\u00eda","robots":{"index":"index","follow":"follow","max-snippet":"max-snippet:-1","max-image-preview":"max-image-preview:large","max-video-preview":"max-video-preview:-1"},"canonical":"https:\/\/compuviper.mx\/tienda\/producto\/x-fusion-0231ybfwrr-xf0619kyaa-servidor-xfusion-2288h-v7-intel-xeon-silver-4510-64gb-ddr5-max-192tb-incluye-tarjeta-de-red-dual-tarjeta-raid-2-5-sas-sata-2u-no-sistema-operativo-instalado\/","og_locale":"es_MX","og_type":"article","og_title":"[ X-fusion ] &#129351; 0231ybfwrr-xf,0619kyaa Servidor Xfusion 2288h V7 - Intel Xeon Silver 4510, 64gb Ddr5, Max 192tb, Incluye Tarjeta De Red Dual, Tarjeta Raid, 2.5, Sas\/sata, 2u - No Sistema Operativo Instalado","og_description":"Compra 0231ybfwrr-xf,0619kyaa Servidor Xfusion 2288h V7 - Intel Xeon Silver 4510, 64gb Ddr5, Max 192tb, Incluye Tarjeta De Red Dual, Tarjeta Raid, 2.5, Sas\/sata, 2u - No Sistema Operativo Instalado + Env\u00edo a domicilio + Pago seguro + Garant\u00eda","og_url":"https:\/\/compuviper.mx\/tienda\/producto\/x-fusion-0231ybfwrr-xf0619kyaa-servidor-xfusion-2288h-v7-intel-xeon-silver-4510-64gb-ddr5-max-192tb-incluye-tarjeta-de-red-dual-tarjeta-raid-2-5-sas-sata-2u-no-sistema-operativo-instalado\/","og_site_name":"Compuviper","article_publisher":"https:\/\/www.facebook.com\/compuviper","article_modified_time":"2026-04-11T07:59:30+00:00","og_image":[{"width":200,"height":200,"url":"https:\/\/compuviper.mx\/tienda\/wp-content\/uploads\/2025\/10\/Servidor-xfusion-2288h-v7-intel-xeon-silver-4510-64gb-ddr5-max-192tb-incluye-tarjeta-de-red-dual-tarjeta-raid-2.5-sassata-2u-no-sistema-operativo-instalado.jpg","type":"image\/jpeg"}],"twitter_card":"summary_large_image","twitter_misc":{"Precio":"&#36;64,568 con IVA","Availability":"In stock"},"schema":{"@context":"https:\/\/schema.org","@graph":[{"@type":"WebPage","@id":"https:\/\/compuviper.mx\/tienda\/producto\/x-fusion-0231ybfwrr-xf0619kyaa-servidor-xfusion-2288h-v7-intel-xeon-silver-4510-64gb-ddr5-max-192tb-incluye-tarjeta-de-red-dual-tarjeta-raid-2-5-sas-sata-2u-no-sistema-operativo-instalado\/","url":"https:\/\/compuviper.mx\/tienda\/producto\/x-fusion-0231ybfwrr-xf0619kyaa-servidor-xfusion-2288h-v7-intel-xeon-silver-4510-64gb-ddr5-max-192tb-incluye-tarjeta-de-red-dual-tarjeta-raid-2-5-sas-sata-2u-no-sistema-operativo-instalado\/","name":"[ X-fusion ] &#129351; 0231ybfwrr-xf,0619kyaa Servidor Xfusion 2288h V7 - Intel Xeon Silver 4510, 64gb Ddr5, Max 192tb, Incluye Tarjeta De Red Dual, Tarjeta Raid, 2.5, Sas\/sata, 2u - No Sistema Operativo Instalado","isPartOf":{"@id":"https:\/\/compuviper.mx\/tienda\/#website"},"datePublished":"2026-04-11T07:59:29+00:00","dateModified":"2026-04-11T07:59:30+00:00","description":"Compra 0231ybfwrr-xf,0619kyaa Servidor Xfusion 2288h V7 - Intel Xeon Silver 4510, 64gb Ddr5, Max 192tb, Incluye Tarjeta De Red Dual, Tarjeta Raid, 2.5, Sas\/sata, 2u - No Sistema Operativo Instalado + Env\u00edo a domicilio + Pago seguro + Garant\u00eda","breadcrumb":{"@id":"https:\/\/compuviper.mx\/tienda\/producto\/x-fusion-0231ybfwrr-xf0619kyaa-servidor-xfusion-2288h-v7-intel-xeon-silver-4510-64gb-ddr5-max-192tb-incluye-tarjeta-de-red-dual-tarjeta-raid-2-5-sas-sata-2u-no-sistema-operativo-instalado\/#breadcrumb"},"inLanguage":"es-MX","potentialAction":[{"@type":"ReadAction","target":["https:\/\/compuviper.mx\/tienda\/producto\/x-fusion-0231ybfwrr-xf0619kyaa-servidor-xfusion-2288h-v7-intel-xeon-silver-4510-64gb-ddr5-max-192tb-incluye-tarjeta-de-red-dual-tarjeta-raid-2-5-sas-sata-2u-no-sistema-operativo-instalado\/"]}]},{"@type":"BreadcrumbList","@id":"https:\/\/compuviper.mx\/tienda\/producto\/x-fusion-0231ybfwrr-xf0619kyaa-servidor-xfusion-2288h-v7-intel-xeon-silver-4510-64gb-ddr5-max-192tb-incluye-tarjeta-de-red-dual-tarjeta-raid-2-5-sas-sata-2u-no-sistema-operativo-instalado\/#breadcrumb","itemListElement":[{"@type":"ListItem","position":1,"name":"Inicio","item":"https:\/\/compuviper.mx\/tienda\/"},{"@type":"ListItem","position":2,"name":"Productos","item":"https:\/\/compuviper.mx\/tienda\/productos\/"},{"@type":"ListItem","position":3,"name":"Servidores","item":"https:\/\/compuviper.mx\/tienda\/categoria-producto\/servidores-2\/"},{"@type":"ListItem","position":4,"name":"Rack (dl)","item":"https:\/\/compuviper.mx\/tienda\/categoria-producto\/servidores-2\/rack-dl\/"},{"@type":"ListItem","position":5,"name":"X-fusion 0231ybfwrr-xf,0619kyaa Servidor Xfusion 2288h V7 &#8211; Intel Xeon Silver 4510, 64gb Ddr5, Max 192tb, Incluye Tarjeta De Red Dual, Tarjeta Raid, 2.5, Sas\/sata, 2u &#8211; No Sistema Operativo Instalado"}]},{"@type":"WebSite","@id":"https:\/\/compuviper.mx\/tienda\/#website","url":"https:\/\/compuviper.mx\/tienda\/","name":"Compuviper","description":"Proveedor de Computadoras, Laptops, Servidores, Monitores, Puntos de Venta, Teclados,   Impresoras, T\u00f3ner, C\u00e1maras de Seguridad y m\u00e1s en tu tienda en l\u00ednea","publisher":{"@id":"https:\/\/compuviper.mx\/tienda\/#organization"},"potentialAction":[{"@type":"SearchAction","target":{"@type":"EntryPoint","urlTemplate":"https:\/\/compuviper.mx\/tienda\/?s={search_term_string}"},"query-input":"required name=search_term_string"}],"inLanguage":"es-MX"},{"@type":"Organization","@id":"https:\/\/compuviper.mx\/tienda\/#organization","name":"Compuviper","url":"https:\/\/compuviper.mx\/tienda\/","logo":{"@type":"ImageObject","inLanguage":"es-MX","@id":"https:\/\/compuviper.mx\/tienda\/#\/schema\/logo\/image\/","url":"https:\/\/compuviper.mx\/tienda\/wp-content\/uploads\/2021\/08\/Logo-Compuviper-10.png","contentUrl":"https:\/\/compuviper.mx\/tienda\/wp-content\/uploads\/2021\/08\/Logo-Compuviper-10.png","width":1000,"height":500,"caption":"Compuviper"},"image":{"@id":"https:\/\/compuviper.mx\/tienda\/#\/schema\/logo\/image\/"},"sameAs":["https:\/\/www.facebook.com\/compuviper","https:\/\/www.youtube.com\/channel\/UCf73dERp9Y3cfOq7q8BhLjA?view_as=subscriber"]}]},"product_brand":"X-fusion","product_price_amount":"64568","product_price_currency":"MXN","og_availability":"instock","product_availability":"instock","product_retailer_item_id":"0231YBFWRR-XF,0619KYAA","product_condition":"new"},"_links":{"self":[{"href":"https:\/\/compuviper.mx\/tienda\/wp-json\/wp\/v2\/product\/256994"}],"collection":[{"href":"https:\/\/compuviper.mx\/tienda\/wp-json\/wp\/v2\/product"}],"about":[{"href":"https:\/\/compuviper.mx\/tienda\/wp-json\/wp\/v2\/types\/product"}],"replies":[{"embeddable":true,"href":"https:\/\/compuviper.mx\/tienda\/wp-json\/wp\/v2\/comments?post=256994"}],"wp:featuredmedia":[{"embeddable":true,"href":"https:\/\/compuviper.mx\/tienda\/wp-json\/wp\/v2\/media\/260807"}],"wp:attachment":[{"href":"https:\/\/compuviper.mx\/tienda\/wp-json\/wp\/v2\/media?parent=256994"}],"wp:term":[{"taxonomy":"product_cat","embeddable":true,"href":"https:\/\/compuviper.mx\/tienda\/wp-json\/wp\/v2\/product_cat?post=256994"},{"taxonomy":"product_tag","embeddable":true,"href":"https:\/\/compuviper.mx\/tienda\/wp-json\/wp\/v2\/product_tag?post=256994"}],"curies":[{"name":"wp","href":"https:\/\/api.w.org\/{rel}","templated":true}]}}