{"id":256989,"date":"2026-04-02T00:51:40","date_gmt":"2026-04-02T06:51:40","guid":{"rendered":"https:\/\/compuviper.mx\/tienda\/producto\/lg-27u421a-monitor-pc-b-curvo-fhd-27-puusb-cpanel-va100hztr-5msgtgresol-1920x1080asp-169brillo-250cd-m2contr-300011500rhdr10srgb-99hdmidynamic-action-syncvesa-100x100-mm\/"},"modified":"2026-04-02T00:51:40","modified_gmt":"2026-04-02T06:51:40","slug":"lg-27u421a-monitor-pc-b-curvo-fhd-27-puusb-cpanel-va100hztr-5msgtgresol-1920x1080asp-169brillo-250cd-m2contr-300011500rhdr10srgb-99hdmidynamic-action-syncvesa-100x100-mm","status":"publish","type":"product","link":"https:\/\/compuviper.mx\/tienda\/producto\/lg-27u421a-monitor-pc-b-curvo-fhd-27-puusb-cpanel-va100hztr-5msgtgresol-1920x1080asp-169brillo-250cd-m2contr-300011500rhdr10srgb-99hdmidynamic-action-syncvesa-100x100-mm\/","title":{"rendered":"Lg 27u421a Monitor Pc  -b Curvo Fhd 27 Pu,usb-c,panel Va,100hz,tr 5ms(gtg),resol 1920&#215;1080,asp 16:9,brillo 250cd\/m2,contr 3000:1,1500r,hdr10,srgb 99%,hdmi,dynamic Action Sync,vesa 100&#215;100 Mm."},"content":{"rendered":"<table class=\"descripcion\">\n<tr>\n<td>Especificaciones tecnicas lg: 27u421a-b<\/td>\n<\/tr>\n<tr>\n<td> tama\u00f1o 27<\/td>\n<\/tr>\n<tr>\n<td> resolucion 1920 x 1080<\/td>\n<\/tr>\n<tr>\n<td> tipo de panel va<\/td>\n<\/tr>\n<tr>\n<td> relacion de aspecto 16:9<\/td>\n<\/tr>\n<tr>\n<td> brillo (typ) 250 cd\/m2<\/td>\n<\/tr>\n<tr>\n<td>Display no. de colores 16.7m<\/td>\n<\/tr>\n<tr>\n<td> contraste ratio 3000 a 1<\/td>\n<\/tr>\n<tr>\n<td> tiempo de respuesta 5 ms (gtg)<\/td>\n<\/tr>\n<tr>\n<td> frecuencia 100 hz<\/td>\n<\/tr>\n<tr>\n<td> curvo 1500r<\/td>\n<\/tr>\n<tr>\n<td> angulo de vision 178\u00ba(r\/l),178\u00ba(u\/d)<\/td>\n<\/tr>\n<tr>\n<td> hdr 10 si<\/td>\n<\/tr>\n<tr>\n<td> hdr effect si<\/td>\n<\/tr>\n<tr>\n<td> flicker safe si<\/td>\n<\/tr>\n<tr>\n<td> reader mode si<\/td>\n<\/tr>\n<tr>\n<td> color weakness si<\/td>\n<\/tr>\n<tr>\n<td>Caracteristicas super resolution si<\/td>\n<\/tr>\n<tr>\n<td> black stabilizer si<\/td>\n<\/tr>\n<tr>\n<td> dynamic action sync si<\/td>\n<\/tr>\n<tr>\n<td> auto input switch si<\/td>\n<\/tr>\n<tr>\n<td> smart energy saving si<\/td>\n<\/tr>\n<tr>\n<td> lg switch si<\/td>\n<\/tr>\n<tr>\n<td> usb-c yes(1ea) ver 2.2 15w<\/td>\n<\/tr>\n<tr>\n<td>Conectividad hdmi yes(1ea) ver 2.0<\/td>\n<\/tr>\n<tr>\n<td> headphone out si 3-pole<\/td>\n<\/tr>\n<tr>\n<td> type external power(adapter)<\/td>\n<\/tr>\n<tr>\n<td> ac input 100~240v (50\/60hz)<\/td>\n<\/tr>\n<tr>\n<td>Alimentacion power consumption (typ.) 14.4w<\/td>\n<\/tr>\n<tr>\n<td> power consumption (max.) 17w<\/td>\n<\/tr>\n<tr>\n<td> power consumption (sleep mode) less than 0.5w<\/td>\n<\/tr>\n<tr>\n<td> power consumption (dc off) less than 0.3w<\/td>\n<\/tr>\n<tr>\n<td>Mechanical display position adjustments tilt<\/td>\n<\/tr>\n<tr>\n<td> wall mountable 100 x 100 mm<\/td>\n<\/tr>\n<tr>\n<td> dimension with stand (w x h x d) 609.58 x 451.48 x 170 mm<\/td>\n<\/tr>\n<tr>\n<td> dimension w\/o stand (w x h x d) 609.58 x 360.32 x 43.67 mm<\/td>\n<\/tr>\n<tr>\n<td>Dimensiones dimension in shiping (w x h x d) 690 x 448 x 143 mm<\/td>\n<\/tr>\n<tr>\n<td> weight with stand 3.72 kg<\/td>\n<\/tr>\n<tr>\n<td> weight without stand 3.02 kg<\/td>\n<\/tr>\n<tr>\n<td> weight in shipping 4.94 kg<\/td>\n<\/tr>\n<tr>\n<td>Accesorios cable hdmi si<\/td>\n<\/tr>\n<\/table>\n","protected":false},"excerpt":{"rendered":"<p>Monitor lg 27 curvo fhd de 100 hz. 27u421a-b. Caracter\u00edsticas clave. Pantalla fhd curva (1500r) de 27. Srgb 99% (tip.)\/ frecuencia de actualizaci\u00f3n 100hz. Usb-c (pd 15w. Modo lector  and  flicker safe. Soporte inclinable ajustable. App lg switch. Nuestra pantalla fhd (1920 x 1080) ofrece im\u00e1genes claras con una gama de colores srgb del 99 % (t\u00edpico) y una curvatura de 1500r, lo que mejora la productividad laboral. Una frecuencia de actualizaci\u00f3n r\u00e1pida de 100 hz proporciona una carga de cuadros fluida. En varios programas. Adem\u00e1s, puede disfrutar de un juego realista con. Menos parpadeos en la pantalla y menos desenfoque de movimiento. Conecta tu computadora port\u00e1til al monitor con un cable usb-c** para obtener hasta 15 w de suministro de energ\u00eda y conectividad de pantalla. El modo de lectura ajusta la temperatura del color y la luminancia, lo que permite una experiencia de visualizaci\u00f3n adecuada para leer en un monitor. Flicker safe reduce el parpadeo invisible en la pantalla, lo que proporciona una vista c\u00f3moda. Al reducir el retraso de entrada con dynamic action sync, los jugadores pueden captar momentos cr\u00edticos en tiempo real y responder r\u00e1pidamente. Black stabilizer ayuda a los jugadores a detectar francotiradores que acechan en los rincones m\u00e1s oscuros y a navegar r\u00e1pidamente entre explosiones de flash.<\/p>\n","protected":false},"featured_media":260009,"comment_status":"open","ping_status":"open","template":"","meta":[],"product_cat":[1740,1741],"product_tag":[1687],"acf":[],"yoast_head":"<!-- This site is optimized with the Yoast SEO plugin v21.7 - https:\/\/yoast.com\/wordpress\/plugins\/seo\/ -->\n<title>[ Lg ] &#129351; 27u421a Monitor Pc -b Curvo Fhd 27 Pu,usb-c,panel Va,100hz,tr 5ms(gtg),resol 1920x1080,asp 16:9,brillo 250cd\/m2,contr 3000:1,1500r,hdr10,srgb 99%,hdmi,dynamic Action Sync,vesa 100x100 Mm.<\/title>\n<meta name=\"description\" content=\"Compra 27u421a Monitor Pc -b Curvo Fhd 27 Pu,usb-c,panel Va,100hz,tr 5ms(gtg),resol 1920x1080,asp 16:9,brillo 250cd\/m2,contr 3000:1,1500r,hdr10,srgb 99%,hdmi,dynamic Action Sync,vesa 100x100 Mm. + Env\u00edo a domicilio + Pago seguro + Garant\u00eda\" \/>\n<meta name=\"robots\" content=\"index, follow, max-snippet:-1, max-image-preview:large, max-video-preview:-1\" \/>\n<link rel=\"canonical\" href=\"https:\/\/compuviper.mx\/tienda\/producto\/lg-27u421a-monitor-pc-b-curvo-fhd-27-puusb-cpanel-va100hztr-5msgtgresol-1920x1080asp-169brillo-250cd-m2contr-300011500rhdr10srgb-99hdmidynamic-action-syncvesa-100x100-mm\/\" \/>\n<meta property=\"og:locale\" content=\"es_MX\" \/>\n<meta property=\"og:type\" content=\"article\" \/>\n<meta property=\"og:title\" content=\"[ Lg ] &#129351; 27u421a Monitor Pc -b Curvo Fhd 27 Pu,usb-c,panel Va,100hz,tr 5ms(gtg),resol 1920x1080,asp 16:9,brillo 250cd\/m2,contr 3000:1,1500r,hdr10,srgb 99%,hdmi,dynamic Action Sync,vesa 100x100 Mm.\" \/>\n<meta property=\"og:description\" content=\"Compra 27u421a Monitor Pc -b Curvo Fhd 27 Pu,usb-c,panel Va,100hz,tr 5ms(gtg),resol 1920x1080,asp 16:9,brillo 250cd\/m2,contr 3000:1,1500r,hdr10,srgb 99%,hdmi,dynamic Action Sync,vesa 100x100 Mm. + Env\u00edo a domicilio + Pago seguro + Garant\u00eda\" \/>\n<meta property=\"og:url\" content=\"https:\/\/compuviper.mx\/tienda\/producto\/lg-27u421a-monitor-pc-b-curvo-fhd-27-puusb-cpanel-va100hztr-5msgtgresol-1920x1080asp-169brillo-250cd-m2contr-300011500rhdr10srgb-99hdmidynamic-action-syncvesa-100x100-mm\/\" \/>\n<meta property=\"og:site_name\" content=\"Compuviper\" \/>\n<meta property=\"article:publisher\" content=\"https:\/\/www.facebook.com\/compuviper\" \/>\n<meta property=\"og:image\" content=\"https:\/\/compuviper.mx\/tienda\/wp-content\/uploads\/2025\/10\/Monitor-pc-lg-27u421a-b-curvo-fhd-27-pulgusb-cpanel-va100hztr-5msgtgresol-1920x1080asp-169brillo-250cdm2contr-300011500rhdr10srgb-99hdmidynamic-action-syncvesa-100x100-mm.jpg\" \/>\n\t<meta property=\"og:image:width\" content=\"200\" \/>\n\t<meta property=\"og:image:height\" content=\"200\" \/>\n\t<meta property=\"og:image:type\" content=\"image\/jpeg\" \/>\n<meta name=\"twitter:card\" content=\"summary_large_image\" \/>\n<meta name=\"twitter:label1\" content=\"Precio\" \/>\n\t<meta name=\"twitter:data1\" content=\"&#36;3,204 con IVA\" \/>\n\t<meta name=\"twitter:label2\" content=\"Availability\" \/>\n\t<meta name=\"twitter:data2\" content=\"In stock\" \/>\n<script type=\"application\/ld+json\" class=\"yoast-schema-graph\">{\"@context\":\"https:\/\/schema.org\",\"@graph\":[{\"@type\":\"WebPage\",\"@id\":\"https:\/\/compuviper.mx\/tienda\/producto\/lg-27u421a-monitor-pc-b-curvo-fhd-27-puusb-cpanel-va100hztr-5msgtgresol-1920x1080asp-169brillo-250cd-m2contr-300011500rhdr10srgb-99hdmidynamic-action-syncvesa-100x100-mm\/\",\"url\":\"https:\/\/compuviper.mx\/tienda\/producto\/lg-27u421a-monitor-pc-b-curvo-fhd-27-puusb-cpanel-va100hztr-5msgtgresol-1920x1080asp-169brillo-250cd-m2contr-300011500rhdr10srgb-99hdmidynamic-action-syncvesa-100x100-mm\/\",\"name\":\"[ Lg ] &#129351; 27u421a Monitor Pc -b Curvo Fhd 27 Pu,usb-c,panel Va,100hz,tr 5ms(gtg),resol 1920x1080,asp 16:9,brillo 250cd\/m2,contr 3000:1,1500r,hdr10,srgb 99%,hdmi,dynamic Action Sync,vesa 100x100 Mm.\",\"isPartOf\":{\"@id\":\"https:\/\/compuviper.mx\/tienda\/#website\"},\"datePublished\":\"2026-04-02T06:51:40+00:00\",\"dateModified\":\"2026-04-02T06:51:40+00:00\",\"description\":\"Compra 27u421a Monitor Pc -b Curvo Fhd 27 Pu,usb-c,panel Va,100hz,tr 5ms(gtg),resol 1920x1080,asp 16:9,brillo 250cd\/m2,contr 3000:1,1500r,hdr10,srgb 99%,hdmi,dynamic Action Sync,vesa 100x100 Mm. + Env\u00edo a domicilio + Pago seguro + Garant\u00eda\",\"breadcrumb\":{\"@id\":\"https:\/\/compuviper.mx\/tienda\/producto\/lg-27u421a-monitor-pc-b-curvo-fhd-27-puusb-cpanel-va100hztr-5msgtgresol-1920x1080asp-169brillo-250cd-m2contr-300011500rhdr10srgb-99hdmidynamic-action-syncvesa-100x100-mm\/#breadcrumb\"},\"inLanguage\":\"es-MX\",\"potentialAction\":[{\"@type\":\"ReadAction\",\"target\":[\"https:\/\/compuviper.mx\/tienda\/producto\/lg-27u421a-monitor-pc-b-curvo-fhd-27-puusb-cpanel-va100hztr-5msgtgresol-1920x1080asp-169brillo-250cd-m2contr-300011500rhdr10srgb-99hdmidynamic-action-syncvesa-100x100-mm\/\"]}]},{\"@type\":\"BreadcrumbList\",\"@id\":\"https:\/\/compuviper.mx\/tienda\/producto\/lg-27u421a-monitor-pc-b-curvo-fhd-27-puusb-cpanel-va100hztr-5msgtgresol-1920x1080asp-169brillo-250cd-m2contr-300011500rhdr10srgb-99hdmidynamic-action-syncvesa-100x100-mm\/#breadcrumb\",\"itemListElement\":[{\"@type\":\"ListItem\",\"position\":1,\"name\":\"Inicio\",\"item\":\"https:\/\/compuviper.mx\/tienda\/\"},{\"@type\":\"ListItem\",\"position\":2,\"name\":\"Productos\",\"item\":\"https:\/\/compuviper.mx\/tienda\/productos\/\"},{\"@type\":\"ListItem\",\"position\":3,\"name\":\"Monitores\",\"item\":\"https:\/\/compuviper.mx\/tienda\/categoria-producto\/monitores\/\"},{\"@type\":\"ListItem\",\"position\":4,\"name\":\"Led\",\"item\":\"https:\/\/compuviper.mx\/tienda\/categoria-producto\/monitores\/led\/\"},{\"@type\":\"ListItem\",\"position\":5,\"name\":\"Lg 27u421a Monitor Pc -b Curvo Fhd 27 Pu,usb-c,panel Va,100hz,tr 5ms(gtg),resol 1920&#215;1080,asp 16:9,brillo 250cd\/m2,contr 3000:1,1500r,hdr10,srgb 99%,hdmi,dynamic Action Sync,vesa 100&#215;100 Mm.\"}]},{\"@type\":\"WebSite\",\"@id\":\"https:\/\/compuviper.mx\/tienda\/#website\",\"url\":\"https:\/\/compuviper.mx\/tienda\/\",\"name\":\"Compuviper\",\"description\":\"Proveedor de Computadoras, Laptops, Servidores, Monitores, Puntos de Venta, Teclados,   Impresoras, T\u00f3ner, C\u00e1maras de Seguridad y m\u00e1s en tu tienda en l\u00ednea\",\"publisher\":{\"@id\":\"https:\/\/compuviper.mx\/tienda\/#organization\"},\"potentialAction\":[{\"@type\":\"SearchAction\",\"target\":{\"@type\":\"EntryPoint\",\"urlTemplate\":\"https:\/\/compuviper.mx\/tienda\/?s={search_term_string}\"},\"query-input\":\"required name=search_term_string\"}],\"inLanguage\":\"es-MX\"},{\"@type\":\"Organization\",\"@id\":\"https:\/\/compuviper.mx\/tienda\/#organization\",\"name\":\"Compuviper\",\"url\":\"https:\/\/compuviper.mx\/tienda\/\",\"logo\":{\"@type\":\"ImageObject\",\"inLanguage\":\"es-MX\",\"@id\":\"https:\/\/compuviper.mx\/tienda\/#\/schema\/logo\/image\/\",\"url\":\"https:\/\/compuviper.mx\/tienda\/wp-content\/uploads\/2021\/08\/Logo-Compuviper-10.png\",\"contentUrl\":\"https:\/\/compuviper.mx\/tienda\/wp-content\/uploads\/2021\/08\/Logo-Compuviper-10.png\",\"width\":1000,\"height\":500,\"caption\":\"Compuviper\"},\"image\":{\"@id\":\"https:\/\/compuviper.mx\/tienda\/#\/schema\/logo\/image\/\"},\"sameAs\":[\"https:\/\/www.facebook.com\/compuviper\",\"https:\/\/www.youtube.com\/channel\/UCf73dERp9Y3cfOq7q8BhLjA?view_as=subscriber\"]}]}<\/script>\n<meta property=\"product:brand\" content=\"LG\" \/>\n<meta property=\"product:price:amount\" content=\"3204\" \/>\n<meta property=\"product:price:currency\" content=\"MXN\" \/>\n<meta property=\"og:availability\" content=\"instock\" \/>\n<meta property=\"product:availability\" content=\"instock\" \/>\n<meta property=\"product:retailer_item_id\" content=\"27U421A\" \/>\n<meta property=\"product:condition\" content=\"new\" \/>\n<!-- \/ Yoast SEO plugin. -->","yoast_head_json":{"title":"[ Lg ] &#129351; 27u421a Monitor Pc -b Curvo Fhd 27 Pu,usb-c,panel Va,100hz,tr 5ms(gtg),resol 1920x1080,asp 16:9,brillo 250cd\/m2,contr 3000:1,1500r,hdr10,srgb 99%,hdmi,dynamic Action Sync,vesa 100x100 Mm.","description":"Compra 27u421a Monitor Pc -b Curvo Fhd 27 Pu,usb-c,panel Va,100hz,tr 5ms(gtg),resol 1920x1080,asp 16:9,brillo 250cd\/m2,contr 3000:1,1500r,hdr10,srgb 99%,hdmi,dynamic Action Sync,vesa 100x100 Mm. + Env\u00edo a domicilio + Pago seguro + Garant\u00eda","robots":{"index":"index","follow":"follow","max-snippet":"max-snippet:-1","max-image-preview":"max-image-preview:large","max-video-preview":"max-video-preview:-1"},"canonical":"https:\/\/compuviper.mx\/tienda\/producto\/lg-27u421a-monitor-pc-b-curvo-fhd-27-puusb-cpanel-va100hztr-5msgtgresol-1920x1080asp-169brillo-250cd-m2contr-300011500rhdr10srgb-99hdmidynamic-action-syncvesa-100x100-mm\/","og_locale":"es_MX","og_type":"article","og_title":"[ Lg ] &#129351; 27u421a Monitor Pc -b Curvo Fhd 27 Pu,usb-c,panel Va,100hz,tr 5ms(gtg),resol 1920x1080,asp 16:9,brillo 250cd\/m2,contr 3000:1,1500r,hdr10,srgb 99%,hdmi,dynamic Action Sync,vesa 100x100 Mm.","og_description":"Compra 27u421a Monitor Pc -b Curvo Fhd 27 Pu,usb-c,panel Va,100hz,tr 5ms(gtg),resol 1920x1080,asp 16:9,brillo 250cd\/m2,contr 3000:1,1500r,hdr10,srgb 99%,hdmi,dynamic Action Sync,vesa 100x100 Mm. + Env\u00edo a domicilio + Pago seguro + Garant\u00eda","og_url":"https:\/\/compuviper.mx\/tienda\/producto\/lg-27u421a-monitor-pc-b-curvo-fhd-27-puusb-cpanel-va100hztr-5msgtgresol-1920x1080asp-169brillo-250cd-m2contr-300011500rhdr10srgb-99hdmidynamic-action-syncvesa-100x100-mm\/","og_site_name":"Compuviper","article_publisher":"https:\/\/www.facebook.com\/compuviper","og_image":[{"width":200,"height":200,"url":"https:\/\/compuviper.mx\/tienda\/wp-content\/uploads\/2025\/10\/Monitor-pc-lg-27u421a-b-curvo-fhd-27-pulgusb-cpanel-va100hztr-5msgtgresol-1920x1080asp-169brillo-250cdm2contr-300011500rhdr10srgb-99hdmidynamic-action-syncvesa-100x100-mm.jpg","type":"image\/jpeg"}],"twitter_card":"summary_large_image","twitter_misc":{"Precio":"&#36;3,204 con IVA","Availability":"In stock"},"schema":{"@context":"https:\/\/schema.org","@graph":[{"@type":"WebPage","@id":"https:\/\/compuviper.mx\/tienda\/producto\/lg-27u421a-monitor-pc-b-curvo-fhd-27-puusb-cpanel-va100hztr-5msgtgresol-1920x1080asp-169brillo-250cd-m2contr-300011500rhdr10srgb-99hdmidynamic-action-syncvesa-100x100-mm\/","url":"https:\/\/compuviper.mx\/tienda\/producto\/lg-27u421a-monitor-pc-b-curvo-fhd-27-puusb-cpanel-va100hztr-5msgtgresol-1920x1080asp-169brillo-250cd-m2contr-300011500rhdr10srgb-99hdmidynamic-action-syncvesa-100x100-mm\/","name":"[ Lg ] &#129351; 27u421a Monitor Pc -b Curvo Fhd 27 Pu,usb-c,panel Va,100hz,tr 5ms(gtg),resol 1920x1080,asp 16:9,brillo 250cd\/m2,contr 3000:1,1500r,hdr10,srgb 99%,hdmi,dynamic Action Sync,vesa 100x100 Mm.","isPartOf":{"@id":"https:\/\/compuviper.mx\/tienda\/#website"},"datePublished":"2026-04-02T06:51:40+00:00","dateModified":"2026-04-02T06:51:40+00:00","description":"Compra 27u421a Monitor Pc -b Curvo Fhd 27 Pu,usb-c,panel Va,100hz,tr 5ms(gtg),resol 1920x1080,asp 16:9,brillo 250cd\/m2,contr 3000:1,1500r,hdr10,srgb 99%,hdmi,dynamic Action Sync,vesa 100x100 Mm. + Env\u00edo a domicilio + Pago seguro + Garant\u00eda","breadcrumb":{"@id":"https:\/\/compuviper.mx\/tienda\/producto\/lg-27u421a-monitor-pc-b-curvo-fhd-27-puusb-cpanel-va100hztr-5msgtgresol-1920x1080asp-169brillo-250cd-m2contr-300011500rhdr10srgb-99hdmidynamic-action-syncvesa-100x100-mm\/#breadcrumb"},"inLanguage":"es-MX","potentialAction":[{"@type":"ReadAction","target":["https:\/\/compuviper.mx\/tienda\/producto\/lg-27u421a-monitor-pc-b-curvo-fhd-27-puusb-cpanel-va100hztr-5msgtgresol-1920x1080asp-169brillo-250cd-m2contr-300011500rhdr10srgb-99hdmidynamic-action-syncvesa-100x100-mm\/"]}]},{"@type":"BreadcrumbList","@id":"https:\/\/compuviper.mx\/tienda\/producto\/lg-27u421a-monitor-pc-b-curvo-fhd-27-puusb-cpanel-va100hztr-5msgtgresol-1920x1080asp-169brillo-250cd-m2contr-300011500rhdr10srgb-99hdmidynamic-action-syncvesa-100x100-mm\/#breadcrumb","itemListElement":[{"@type":"ListItem","position":1,"name":"Inicio","item":"https:\/\/compuviper.mx\/tienda\/"},{"@type":"ListItem","position":2,"name":"Productos","item":"https:\/\/compuviper.mx\/tienda\/productos\/"},{"@type":"ListItem","position":3,"name":"Monitores","item":"https:\/\/compuviper.mx\/tienda\/categoria-producto\/monitores\/"},{"@type":"ListItem","position":4,"name":"Led","item":"https:\/\/compuviper.mx\/tienda\/categoria-producto\/monitores\/led\/"},{"@type":"ListItem","position":5,"name":"Lg 27u421a Monitor Pc -b Curvo Fhd 27 Pu,usb-c,panel Va,100hz,tr 5ms(gtg),resol 1920&#215;1080,asp 16:9,brillo 250cd\/m2,contr 3000:1,1500r,hdr10,srgb 99%,hdmi,dynamic Action Sync,vesa 100&#215;100 Mm."}]},{"@type":"WebSite","@id":"https:\/\/compuviper.mx\/tienda\/#website","url":"https:\/\/compuviper.mx\/tienda\/","name":"Compuviper","description":"Proveedor de Computadoras, Laptops, Servidores, Monitores, Puntos de Venta, Teclados,   Impresoras, T\u00f3ner, C\u00e1maras de Seguridad y m\u00e1s en tu tienda en l\u00ednea","publisher":{"@id":"https:\/\/compuviper.mx\/tienda\/#organization"},"potentialAction":[{"@type":"SearchAction","target":{"@type":"EntryPoint","urlTemplate":"https:\/\/compuviper.mx\/tienda\/?s={search_term_string}"},"query-input":"required name=search_term_string"}],"inLanguage":"es-MX"},{"@type":"Organization","@id":"https:\/\/compuviper.mx\/tienda\/#organization","name":"Compuviper","url":"https:\/\/compuviper.mx\/tienda\/","logo":{"@type":"ImageObject","inLanguage":"es-MX","@id":"https:\/\/compuviper.mx\/tienda\/#\/schema\/logo\/image\/","url":"https:\/\/compuviper.mx\/tienda\/wp-content\/uploads\/2021\/08\/Logo-Compuviper-10.png","contentUrl":"https:\/\/compuviper.mx\/tienda\/wp-content\/uploads\/2021\/08\/Logo-Compuviper-10.png","width":1000,"height":500,"caption":"Compuviper"},"image":{"@id":"https:\/\/compuviper.mx\/tienda\/#\/schema\/logo\/image\/"},"sameAs":["https:\/\/www.facebook.com\/compuviper","https:\/\/www.youtube.com\/channel\/UCf73dERp9Y3cfOq7q8BhLjA?view_as=subscriber"]}]},"product_brand":"LG","product_price_amount":"3204","product_price_currency":"MXN","og_availability":"instock","product_availability":"instock","product_retailer_item_id":"27U421A","product_condition":"new"},"_links":{"self":[{"href":"https:\/\/compuviper.mx\/tienda\/wp-json\/wp\/v2\/product\/256989"}],"collection":[{"href":"https:\/\/compuviper.mx\/tienda\/wp-json\/wp\/v2\/product"}],"about":[{"href":"https:\/\/compuviper.mx\/tienda\/wp-json\/wp\/v2\/types\/product"}],"replies":[{"embeddable":true,"href":"https:\/\/compuviper.mx\/tienda\/wp-json\/wp\/v2\/comments?post=256989"}],"wp:featuredmedia":[{"embeddable":true,"href":"https:\/\/compuviper.mx\/tienda\/wp-json\/wp\/v2\/media\/260009"}],"wp:attachment":[{"href":"https:\/\/compuviper.mx\/tienda\/wp-json\/wp\/v2\/media?parent=256989"}],"wp:term":[{"taxonomy":"product_cat","embeddable":true,"href":"https:\/\/compuviper.mx\/tienda\/wp-json\/wp\/v2\/product_cat?post=256989"},{"taxonomy":"product_tag","embeddable":true,"href":"https:\/\/compuviper.mx\/tienda\/wp-json\/wp\/v2\/product_tag?post=256989"}],"curies":[{"name":"wp","href":"https:\/\/api.w.org\/{rel}","templated":true}]}}