{"id":256956,"date":"2026-04-11T01:22:44","date_gmt":"2026-04-11T07:22:44","guid":{"rendered":"https:\/\/compuviper.mx\/tienda\/producto\/dahua-dhi-nvr2104hs-p-i2-nvr-nvr2104hs-p-i2-8-mp-4k-4-canales-ip-wizsense-4-puertos-poe-h265-rendimiento-de-80-mbps-hdmi-y-vga-1-ch-de-reconocimiento-facial-proteccion-perimetral-smd-plu\/"},"modified":"2026-04-12T00:00:17","modified_gmt":"2026-04-12T06:00:17","slug":"dahua-dhi-nvr2104hs-p-i2-nvr-nvr2104hs-p-i2-8-mp-4k-4-canales-ip-wizsense-4-puertos-poe-h265-rendimiento-de-80-mbps-hdmi-y-vga-1-ch-de-reconocimiento-facial-proteccion-perimetral-smd-plu","status":"publish","type":"product","link":"https:\/\/compuviper.mx\/tienda\/producto\/dahua-dhi-nvr2104hs-p-i2-nvr-nvr2104hs-p-i2-8-mp-4k-4-canales-ip-wizsense-4-puertos-poe-h265-rendimiento-de-80-mbps-hdmi-y-vga-1-ch-de-reconocimiento-facial-proteccion-perimetral-smd-plu\/","title":{"rendered":"Dahua Dhi-nvr2104hs-p-i2 Nvr\/ \/ Nvr2104hs-p-i2\/8 Mp\/ 4k\/ 4 Canales Ip\/ Wizsense\/ 4 Puertos Poe\/ H265+\/ Rendimiento De 80 Mbps\/ Hdmi Y Vga\/ 1 Ch De Reconocimiento Facial\/ Proteccion Perimetral\/ Smd Plus\/ 1 Bahia De Disco"},"content":{"rendered":"<table class=\"descripcion\">\n<tr>\n<td>Especificaciones tecnicas<\/td>\n<\/tr>\n<tr>\n<td>\u0095 fuente de alimentacion: 53 v cc, 1,13 a.<\/td>\n<\/tr>\n<tr>\n<td>\u0095 peso: 0.86kg.<\/td>\n<\/tr>\n<tr>\n<td>\u0095 dimensiones del producto: 260 mm \u00d7 232,7 mm \u00d7 47,6 mm.<\/td>\n<\/tr>\n<tr>\n<td>\u0095 temperatura de funcionamiento: \u0096 10 \u00b0c a +55 \u00b0c.<\/td>\n<\/tr>\n<tr>\n<td>\u0095 temperatura de almacenamiento: 0 \u00b0c a 40 \u00b0c.<\/td>\n<\/tr>\n<tr>\n<td>Incluye<\/td>\n<\/tr>\n<tr>\n<td>\u0095 x1 manual de usuario.<\/td>\n<\/tr>\n<tr>\n<td>\u0095 x1 poliza de garantia.<\/td>\n<\/tr>\n<tr>\n<td>\u0095 x1 fuente de poder 12v.<\/td>\n<\/tr>\n<tr>\n<td>\u0095 x1 mouse.<\/td>\n<\/tr>\n<tr>\n<td>\u0095 x1 cable ethernet.<\/td>\n<\/tr>\n<\/table>\n","protected":false},"excerpt":{"rendered":"<p>Informacion general. Esta grabadora de video en red con ia es un producto altamente rentable que brinda funciones como vista local en vivo, visualizacion en multiples pantallas, almacenamiento en tiempo real en hdd local, operacion r rapida con mouse y administracion y control remotos. Este producto es adecuado para la deteccion y reconocimiento d e rostros en entradas y salidas, y proteccion perimetral de personas y vehiculos. Caracteristicas principales. \u0095 decodificacion inteligente: compatible con smart h.265+, h.265, smart h.264+, h.264 y mjpeg. \u0095 capacidad: hasta 6 canales en 1080p a 30 fps con decodificacion adaptativa. \u0095 ia por nvr: reconocimiento facial y proteccion perimetral (1 canal), smd plus (4 canales) y bases de datos para 5000 rostros. \u0095 ia por camara: deteccion facial, proteccion perimetral y smd plus. \u0095 compatibilidad: funciona con camaras de red de terceros.<\/p>\n","protected":false},"featured_media":260428,"comment_status":"open","ping_status":"open","template":"","meta":[],"product_cat":[1689,1768],"product_tag":[1555],"acf":[],"yoast_head":"<!-- This site is optimized with the Yoast SEO plugin v21.7 - https:\/\/yoast.com\/wordpress\/plugins\/seo\/ -->\n<title>[ Dahua ] &#129351; Dhi-nvr2104hs-p-i2 Nvr\/ \/ Nvr2104hs-p-i2\/8 Mp\/ 4k\/ 4 Canales Ip\/ Wizsense\/ 4 Puertos Poe\/ H265+\/ Rendimiento De 80 Mbps\/ Hdmi Y Vga\/ 1 Ch De Reconocimiento Facial\/ Proteccion Perimetral\/ Smd Plus\/ 1 Bahia De Disco<\/title>\n<meta name=\"description\" content=\"Compra Dhi-nvr2104hs-p-i2 Nvr\/ \/ Nvr2104hs-p-i2\/8 Mp\/ 4k\/ 4 Canales Ip\/ Wizsense\/ 4 Puertos Poe\/ H265+\/ Rendimiento De 80 Mbps\/ Hdmi Y Vga\/ 1 Ch De Reconocimiento Facial\/ Proteccion Perimetral\/ Smd Plus\/ 1 Bahia De Disco + Env\u00edo a domicilio + Pago seguro + Garant\u00eda\" \/>\n<meta name=\"robots\" content=\"index, follow, max-snippet:-1, max-image-preview:large, max-video-preview:-1\" \/>\n<link rel=\"canonical\" href=\"https:\/\/compuviper.mx\/tienda\/producto\/dahua-dhi-nvr2104hs-p-i2-nvr-nvr2104hs-p-i2-8-mp-4k-4-canales-ip-wizsense-4-puertos-poe-h265-rendimiento-de-80-mbps-hdmi-y-vga-1-ch-de-reconocimiento-facial-proteccion-perimetral-smd-plu\/\" \/>\n<meta property=\"og:locale\" content=\"es_MX\" \/>\n<meta property=\"og:type\" content=\"article\" \/>\n<meta property=\"og:title\" content=\"[ Dahua ] &#129351; Dhi-nvr2104hs-p-i2 Nvr\/ \/ Nvr2104hs-p-i2\/8 Mp\/ 4k\/ 4 Canales Ip\/ Wizsense\/ 4 Puertos Poe\/ H265+\/ Rendimiento De 80 Mbps\/ Hdmi Y Vga\/ 1 Ch De Reconocimiento Facial\/ Proteccion Perimetral\/ Smd Plus\/ 1 Bahia De Disco\" \/>\n<meta property=\"og:description\" content=\"Compra Dhi-nvr2104hs-p-i2 Nvr\/ \/ Nvr2104hs-p-i2\/8 Mp\/ 4k\/ 4 Canales Ip\/ Wizsense\/ 4 Puertos Poe\/ H265+\/ Rendimiento De 80 Mbps\/ Hdmi Y Vga\/ 1 Ch De Reconocimiento Facial\/ Proteccion Perimetral\/ Smd Plus\/ 1 Bahia De Disco + Env\u00edo a domicilio + Pago seguro + Garant\u00eda\" \/>\n<meta property=\"og:url\" content=\"https:\/\/compuviper.mx\/tienda\/producto\/dahua-dhi-nvr2104hs-p-i2-nvr-nvr2104hs-p-i2-8-mp-4k-4-canales-ip-wizsense-4-puertos-poe-h265-rendimiento-de-80-mbps-hdmi-y-vga-1-ch-de-reconocimiento-facial-proteccion-perimetral-smd-plu\/\" \/>\n<meta property=\"og:site_name\" content=\"Compuviper\" \/>\n<meta property=\"article:publisher\" content=\"https:\/\/www.facebook.com\/compuviper\" \/>\n<meta property=\"article:modified_time\" content=\"2026-04-12T06:00:17+00:00\" \/>\n<meta property=\"og:image\" content=\"https:\/\/compuviper.mx\/tienda\/wp-content\/uploads\/2025\/10\/Nvr-dahua-nvr2104hs-p-i28-mp-4k-4-canales-ip-wizsense-4-puertos-poe-h265-rendimiento-de-80-mbps-hdmi-y-vga-1-ch-de-reconocimiento-facial-proteccion-perimetral-smd-plus-1-bahia-de-disco.jpg\" \/>\n\t<meta property=\"og:image:width\" content=\"200\" \/>\n\t<meta property=\"og:image:height\" content=\"200\" \/>\n\t<meta property=\"og:image:type\" content=\"image\/jpeg\" \/>\n<meta name=\"twitter:card\" content=\"summary_large_image\" \/>\n<meta name=\"twitter:label1\" content=\"Precio\" \/>\n\t<meta name=\"twitter:data1\" content=\"&#36;2,061 con IVA\" \/>\n\t<meta name=\"twitter:label2\" content=\"Availability\" \/>\n\t<meta name=\"twitter:data2\" content=\"In stock\" \/>\n<script type=\"application\/ld+json\" class=\"yoast-schema-graph\">{\"@context\":\"https:\/\/schema.org\",\"@graph\":[{\"@type\":\"WebPage\",\"@id\":\"https:\/\/compuviper.mx\/tienda\/producto\/dahua-dhi-nvr2104hs-p-i2-nvr-nvr2104hs-p-i2-8-mp-4k-4-canales-ip-wizsense-4-puertos-poe-h265-rendimiento-de-80-mbps-hdmi-y-vga-1-ch-de-reconocimiento-facial-proteccion-perimetral-smd-plu\/\",\"url\":\"https:\/\/compuviper.mx\/tienda\/producto\/dahua-dhi-nvr2104hs-p-i2-nvr-nvr2104hs-p-i2-8-mp-4k-4-canales-ip-wizsense-4-puertos-poe-h265-rendimiento-de-80-mbps-hdmi-y-vga-1-ch-de-reconocimiento-facial-proteccion-perimetral-smd-plu\/\",\"name\":\"[ Dahua ] &#129351; Dhi-nvr2104hs-p-i2 Nvr\/ \/ Nvr2104hs-p-i2\/8 Mp\/ 4k\/ 4 Canales Ip\/ Wizsense\/ 4 Puertos Poe\/ H265+\/ Rendimiento De 80 Mbps\/ Hdmi Y Vga\/ 1 Ch De Reconocimiento Facial\/ Proteccion Perimetral\/ Smd Plus\/ 1 Bahia De Disco\",\"isPartOf\":{\"@id\":\"https:\/\/compuviper.mx\/tienda\/#website\"},\"datePublished\":\"2026-04-11T07:22:44+00:00\",\"dateModified\":\"2026-04-12T06:00:17+00:00\",\"description\":\"Compra Dhi-nvr2104hs-p-i2 Nvr\/ \/ Nvr2104hs-p-i2\/8 Mp\/ 4k\/ 4 Canales Ip\/ Wizsense\/ 4 Puertos Poe\/ H265+\/ Rendimiento De 80 Mbps\/ Hdmi Y Vga\/ 1 Ch De Reconocimiento Facial\/ Proteccion Perimetral\/ Smd Plus\/ 1 Bahia De Disco + Env\u00edo a domicilio + Pago seguro + Garant\u00eda\",\"breadcrumb\":{\"@id\":\"https:\/\/compuviper.mx\/tienda\/producto\/dahua-dhi-nvr2104hs-p-i2-nvr-nvr2104hs-p-i2-8-mp-4k-4-canales-ip-wizsense-4-puertos-poe-h265-rendimiento-de-80-mbps-hdmi-y-vga-1-ch-de-reconocimiento-facial-proteccion-perimetral-smd-plu\/#breadcrumb\"},\"inLanguage\":\"es-MX\",\"potentialAction\":[{\"@type\":\"ReadAction\",\"target\":[\"https:\/\/compuviper.mx\/tienda\/producto\/dahua-dhi-nvr2104hs-p-i2-nvr-nvr2104hs-p-i2-8-mp-4k-4-canales-ip-wizsense-4-puertos-poe-h265-rendimiento-de-80-mbps-hdmi-y-vga-1-ch-de-reconocimiento-facial-proteccion-perimetral-smd-plu\/\"]}]},{\"@type\":\"BreadcrumbList\",\"@id\":\"https:\/\/compuviper.mx\/tienda\/producto\/dahua-dhi-nvr2104hs-p-i2-nvr-nvr2104hs-p-i2-8-mp-4k-4-canales-ip-wizsense-4-puertos-poe-h265-rendimiento-de-80-mbps-hdmi-y-vga-1-ch-de-reconocimiento-facial-proteccion-perimetral-smd-plu\/#breadcrumb\",\"itemListElement\":[{\"@type\":\"ListItem\",\"position\":1,\"name\":\"Inicio\",\"item\":\"https:\/\/compuviper.mx\/tienda\/\"},{\"@type\":\"ListItem\",\"position\":2,\"name\":\"Productos\",\"item\":\"https:\/\/compuviper.mx\/tienda\/productos\/\"},{\"@type\":\"ListItem\",\"position\":3,\"name\":\"Videograbadores\",\"item\":\"https:\/\/compuviper.mx\/tienda\/categoria-producto\/videograbadores\/\"},{\"@type\":\"ListItem\",\"position\":4,\"name\":\"Nvr\",\"item\":\"https:\/\/compuviper.mx\/tienda\/categoria-producto\/videograbadores\/nvr\/\"},{\"@type\":\"ListItem\",\"position\":5,\"name\":\"Dahua Dhi-nvr2104hs-p-i2 Nvr\/ \/ Nvr2104hs-p-i2\/8 Mp\/ 4k\/ 4 Canales Ip\/ Wizsense\/ 4 Puertos Poe\/ H265+\/ Rendimiento De 80 Mbps\/ Hdmi Y Vga\/ 1 Ch De Reconocimiento Facial\/ Proteccion Perimetral\/ Smd Plus\/ 1 Bahia De Disco\"}]},{\"@type\":\"WebSite\",\"@id\":\"https:\/\/compuviper.mx\/tienda\/#website\",\"url\":\"https:\/\/compuviper.mx\/tienda\/\",\"name\":\"Compuviper\",\"description\":\"Proveedor de Computadoras, Laptops, Servidores, Monitores, Puntos de Venta, Teclados,   Impresoras, T\u00f3ner, C\u00e1maras de Seguridad y m\u00e1s en tu tienda en l\u00ednea\",\"publisher\":{\"@id\":\"https:\/\/compuviper.mx\/tienda\/#organization\"},\"potentialAction\":[{\"@type\":\"SearchAction\",\"target\":{\"@type\":\"EntryPoint\",\"urlTemplate\":\"https:\/\/compuviper.mx\/tienda\/?s={search_term_string}\"},\"query-input\":\"required name=search_term_string\"}],\"inLanguage\":\"es-MX\"},{\"@type\":\"Organization\",\"@id\":\"https:\/\/compuviper.mx\/tienda\/#organization\",\"name\":\"Compuviper\",\"url\":\"https:\/\/compuviper.mx\/tienda\/\",\"logo\":{\"@type\":\"ImageObject\",\"inLanguage\":\"es-MX\",\"@id\":\"https:\/\/compuviper.mx\/tienda\/#\/schema\/logo\/image\/\",\"url\":\"https:\/\/compuviper.mx\/tienda\/wp-content\/uploads\/2021\/08\/Logo-Compuviper-10.png\",\"contentUrl\":\"https:\/\/compuviper.mx\/tienda\/wp-content\/uploads\/2021\/08\/Logo-Compuviper-10.png\",\"width\":1000,\"height\":500,\"caption\":\"Compuviper\"},\"image\":{\"@id\":\"https:\/\/compuviper.mx\/tienda\/#\/schema\/logo\/image\/\"},\"sameAs\":[\"https:\/\/www.facebook.com\/compuviper\",\"https:\/\/www.youtube.com\/channel\/UCf73dERp9Y3cfOq7q8BhLjA?view_as=subscriber\"]}]}<\/script>\n<meta property=\"product:brand\" content=\"DAHUA\" \/>\n<meta property=\"product:price:amount\" content=\"2061\" \/>\n<meta property=\"product:price:currency\" content=\"MXN\" \/>\n<meta property=\"og:availability\" content=\"instock\" \/>\n<meta property=\"product:availability\" content=\"instock\" \/>\n<meta property=\"product:retailer_item_id\" content=\"DHI-NVR2104HS-P-I2\" \/>\n<meta property=\"product:condition\" content=\"new\" \/>\n<!-- \/ Yoast SEO plugin. -->","yoast_head_json":{"title":"[ Dahua ] &#129351; Dhi-nvr2104hs-p-i2 Nvr\/ \/ Nvr2104hs-p-i2\/8 Mp\/ 4k\/ 4 Canales Ip\/ Wizsense\/ 4 Puertos Poe\/ H265+\/ Rendimiento De 80 Mbps\/ Hdmi Y Vga\/ 1 Ch De Reconocimiento Facial\/ Proteccion Perimetral\/ Smd Plus\/ 1 Bahia De Disco","description":"Compra Dhi-nvr2104hs-p-i2 Nvr\/ \/ Nvr2104hs-p-i2\/8 Mp\/ 4k\/ 4 Canales Ip\/ Wizsense\/ 4 Puertos Poe\/ H265+\/ Rendimiento De 80 Mbps\/ Hdmi Y Vga\/ 1 Ch De Reconocimiento Facial\/ Proteccion Perimetral\/ Smd Plus\/ 1 Bahia De Disco + Env\u00edo a domicilio + Pago seguro + Garant\u00eda","robots":{"index":"index","follow":"follow","max-snippet":"max-snippet:-1","max-image-preview":"max-image-preview:large","max-video-preview":"max-video-preview:-1"},"canonical":"https:\/\/compuviper.mx\/tienda\/producto\/dahua-dhi-nvr2104hs-p-i2-nvr-nvr2104hs-p-i2-8-mp-4k-4-canales-ip-wizsense-4-puertos-poe-h265-rendimiento-de-80-mbps-hdmi-y-vga-1-ch-de-reconocimiento-facial-proteccion-perimetral-smd-plu\/","og_locale":"es_MX","og_type":"article","og_title":"[ Dahua ] &#129351; Dhi-nvr2104hs-p-i2 Nvr\/ \/ Nvr2104hs-p-i2\/8 Mp\/ 4k\/ 4 Canales Ip\/ Wizsense\/ 4 Puertos Poe\/ H265+\/ Rendimiento De 80 Mbps\/ Hdmi Y Vga\/ 1 Ch De Reconocimiento Facial\/ Proteccion Perimetral\/ Smd Plus\/ 1 Bahia De Disco","og_description":"Compra Dhi-nvr2104hs-p-i2 Nvr\/ \/ Nvr2104hs-p-i2\/8 Mp\/ 4k\/ 4 Canales Ip\/ Wizsense\/ 4 Puertos Poe\/ H265+\/ Rendimiento De 80 Mbps\/ Hdmi Y Vga\/ 1 Ch De Reconocimiento Facial\/ Proteccion Perimetral\/ Smd Plus\/ 1 Bahia De Disco + Env\u00edo a domicilio + Pago seguro + Garant\u00eda","og_url":"https:\/\/compuviper.mx\/tienda\/producto\/dahua-dhi-nvr2104hs-p-i2-nvr-nvr2104hs-p-i2-8-mp-4k-4-canales-ip-wizsense-4-puertos-poe-h265-rendimiento-de-80-mbps-hdmi-y-vga-1-ch-de-reconocimiento-facial-proteccion-perimetral-smd-plu\/","og_site_name":"Compuviper","article_publisher":"https:\/\/www.facebook.com\/compuviper","article_modified_time":"2026-04-12T06:00:17+00:00","og_image":[{"width":200,"height":200,"url":"https:\/\/compuviper.mx\/tienda\/wp-content\/uploads\/2025\/10\/Nvr-dahua-nvr2104hs-p-i28-mp-4k-4-canales-ip-wizsense-4-puertos-poe-h265-rendimiento-de-80-mbps-hdmi-y-vga-1-ch-de-reconocimiento-facial-proteccion-perimetral-smd-plus-1-bahia-de-disco.jpg","type":"image\/jpeg"}],"twitter_card":"summary_large_image","twitter_misc":{"Precio":"&#36;2,061 con IVA","Availability":"In stock"},"schema":{"@context":"https:\/\/schema.org","@graph":[{"@type":"WebPage","@id":"https:\/\/compuviper.mx\/tienda\/producto\/dahua-dhi-nvr2104hs-p-i2-nvr-nvr2104hs-p-i2-8-mp-4k-4-canales-ip-wizsense-4-puertos-poe-h265-rendimiento-de-80-mbps-hdmi-y-vga-1-ch-de-reconocimiento-facial-proteccion-perimetral-smd-plu\/","url":"https:\/\/compuviper.mx\/tienda\/producto\/dahua-dhi-nvr2104hs-p-i2-nvr-nvr2104hs-p-i2-8-mp-4k-4-canales-ip-wizsense-4-puertos-poe-h265-rendimiento-de-80-mbps-hdmi-y-vga-1-ch-de-reconocimiento-facial-proteccion-perimetral-smd-plu\/","name":"[ Dahua ] &#129351; Dhi-nvr2104hs-p-i2 Nvr\/ \/ Nvr2104hs-p-i2\/8 Mp\/ 4k\/ 4 Canales Ip\/ Wizsense\/ 4 Puertos Poe\/ H265+\/ Rendimiento De 80 Mbps\/ Hdmi Y Vga\/ 1 Ch De Reconocimiento Facial\/ Proteccion Perimetral\/ Smd Plus\/ 1 Bahia De Disco","isPartOf":{"@id":"https:\/\/compuviper.mx\/tienda\/#website"},"datePublished":"2026-04-11T07:22:44+00:00","dateModified":"2026-04-12T06:00:17+00:00","description":"Compra Dhi-nvr2104hs-p-i2 Nvr\/ \/ Nvr2104hs-p-i2\/8 Mp\/ 4k\/ 4 Canales Ip\/ Wizsense\/ 4 Puertos Poe\/ H265+\/ Rendimiento De 80 Mbps\/ Hdmi Y Vga\/ 1 Ch De Reconocimiento Facial\/ Proteccion Perimetral\/ Smd Plus\/ 1 Bahia De Disco + Env\u00edo a domicilio + Pago seguro + Garant\u00eda","breadcrumb":{"@id":"https:\/\/compuviper.mx\/tienda\/producto\/dahua-dhi-nvr2104hs-p-i2-nvr-nvr2104hs-p-i2-8-mp-4k-4-canales-ip-wizsense-4-puertos-poe-h265-rendimiento-de-80-mbps-hdmi-y-vga-1-ch-de-reconocimiento-facial-proteccion-perimetral-smd-plu\/#breadcrumb"},"inLanguage":"es-MX","potentialAction":[{"@type":"ReadAction","target":["https:\/\/compuviper.mx\/tienda\/producto\/dahua-dhi-nvr2104hs-p-i2-nvr-nvr2104hs-p-i2-8-mp-4k-4-canales-ip-wizsense-4-puertos-poe-h265-rendimiento-de-80-mbps-hdmi-y-vga-1-ch-de-reconocimiento-facial-proteccion-perimetral-smd-plu\/"]}]},{"@type":"BreadcrumbList","@id":"https:\/\/compuviper.mx\/tienda\/producto\/dahua-dhi-nvr2104hs-p-i2-nvr-nvr2104hs-p-i2-8-mp-4k-4-canales-ip-wizsense-4-puertos-poe-h265-rendimiento-de-80-mbps-hdmi-y-vga-1-ch-de-reconocimiento-facial-proteccion-perimetral-smd-plu\/#breadcrumb","itemListElement":[{"@type":"ListItem","position":1,"name":"Inicio","item":"https:\/\/compuviper.mx\/tienda\/"},{"@type":"ListItem","position":2,"name":"Productos","item":"https:\/\/compuviper.mx\/tienda\/productos\/"},{"@type":"ListItem","position":3,"name":"Videograbadores","item":"https:\/\/compuviper.mx\/tienda\/categoria-producto\/videograbadores\/"},{"@type":"ListItem","position":4,"name":"Nvr","item":"https:\/\/compuviper.mx\/tienda\/categoria-producto\/videograbadores\/nvr\/"},{"@type":"ListItem","position":5,"name":"Dahua Dhi-nvr2104hs-p-i2 Nvr\/ \/ Nvr2104hs-p-i2\/8 Mp\/ 4k\/ 4 Canales Ip\/ Wizsense\/ 4 Puertos Poe\/ H265+\/ Rendimiento De 80 Mbps\/ Hdmi Y Vga\/ 1 Ch De Reconocimiento Facial\/ Proteccion Perimetral\/ Smd Plus\/ 1 Bahia De Disco"}]},{"@type":"WebSite","@id":"https:\/\/compuviper.mx\/tienda\/#website","url":"https:\/\/compuviper.mx\/tienda\/","name":"Compuviper","description":"Proveedor de Computadoras, Laptops, Servidores, Monitores, Puntos de Venta, Teclados,   Impresoras, T\u00f3ner, C\u00e1maras de Seguridad y m\u00e1s en tu tienda en l\u00ednea","publisher":{"@id":"https:\/\/compuviper.mx\/tienda\/#organization"},"potentialAction":[{"@type":"SearchAction","target":{"@type":"EntryPoint","urlTemplate":"https:\/\/compuviper.mx\/tienda\/?s={search_term_string}"},"query-input":"required name=search_term_string"}],"inLanguage":"es-MX"},{"@type":"Organization","@id":"https:\/\/compuviper.mx\/tienda\/#organization","name":"Compuviper","url":"https:\/\/compuviper.mx\/tienda\/","logo":{"@type":"ImageObject","inLanguage":"es-MX","@id":"https:\/\/compuviper.mx\/tienda\/#\/schema\/logo\/image\/","url":"https:\/\/compuviper.mx\/tienda\/wp-content\/uploads\/2021\/08\/Logo-Compuviper-10.png","contentUrl":"https:\/\/compuviper.mx\/tienda\/wp-content\/uploads\/2021\/08\/Logo-Compuviper-10.png","width":1000,"height":500,"caption":"Compuviper"},"image":{"@id":"https:\/\/compuviper.mx\/tienda\/#\/schema\/logo\/image\/"},"sameAs":["https:\/\/www.facebook.com\/compuviper","https:\/\/www.youtube.com\/channel\/UCf73dERp9Y3cfOq7q8BhLjA?view_as=subscriber"]}]},"product_brand":"DAHUA","product_price_amount":"2061","product_price_currency":"MXN","og_availability":"instock","product_availability":"instock","product_retailer_item_id":"DHI-NVR2104HS-P-I2","product_condition":"new"},"_links":{"self":[{"href":"https:\/\/compuviper.mx\/tienda\/wp-json\/wp\/v2\/product\/256956"}],"collection":[{"href":"https:\/\/compuviper.mx\/tienda\/wp-json\/wp\/v2\/product"}],"about":[{"href":"https:\/\/compuviper.mx\/tienda\/wp-json\/wp\/v2\/types\/product"}],"replies":[{"embeddable":true,"href":"https:\/\/compuviper.mx\/tienda\/wp-json\/wp\/v2\/comments?post=256956"}],"wp:featuredmedia":[{"embeddable":true,"href":"https:\/\/compuviper.mx\/tienda\/wp-json\/wp\/v2\/media\/260428"}],"wp:attachment":[{"href":"https:\/\/compuviper.mx\/tienda\/wp-json\/wp\/v2\/media?parent=256956"}],"wp:term":[{"taxonomy":"product_cat","embeddable":true,"href":"https:\/\/compuviper.mx\/tienda\/wp-json\/wp\/v2\/product_cat?post=256956"},{"taxonomy":"product_tag","embeddable":true,"href":"https:\/\/compuviper.mx\/tienda\/wp-json\/wp\/v2\/product_tag?post=256956"}],"curies":[{"name":"wp","href":"https:\/\/api.w.org\/{rel}","templated":true}]}}