{"id":256926,"date":"2026-04-09T23:15:40","date_gmt":"2026-04-10T05:15:40","guid":{"rendered":"https:\/\/compuviper.mx\/tienda\/producto\/manhattan-996525-funda-rgida-de-uso-rudo-para-samsung-galaxy-tab-a9-8-7\/"},"modified":"2026-04-09T23:15:40","modified_gmt":"2026-04-10T05:15:40","slug":"manhattan-996525-funda-rgida-de-uso-rudo-para-samsung-galaxy-tab-a9-8-7","status":"publish","type":"product","link":"https:\/\/compuviper.mx\/tienda\/producto\/manhattan-996525-funda-rgida-de-uso-rudo-para-samsung-galaxy-tab-a9-8-7\/","title":{"rendered":"Manhattan 996525 Funda R?gida De Uso Rudo Para Samsung Galaxy Tab? A9 (8.7)"},"content":{"rendered":"<table class=\"descripcion\">\n<tr>\n<td>Funda rgida resistente y absorbente de golpes para samsung galaxy tab\u00ae a9 8.7 pulgadas<\/td>\n<\/tr>\n<tr>\n<td>Soporte manos libres con mltiples \u00e1ngulos de inclinacin y rotacin de 360\u00b0 para orientaciones horizontales y verticales<\/td>\n<\/tr>\n<tr>\n<td>La cmoda correa de mano aade un agarre seguro a la superficie lisa de la tableta<\/td>\n<\/tr>\n<tr>\n<td>El protector de pantalla transparente protege de araazos y conserva la buena resolucin, el color, el brillo y la sensibilidad t\u00e1ctil<\/td>\n<\/tr>\n<tr>\n<td>Carcasa con bisel envolvente y esquinas reforzadas para una m\u00e1xima proteccin contra cadas<\/td>\n<\/tr>\n<tr>\n<td>Correa de hombro desmontable para transportarla cmodamente y utilizarla como soporte para la tableta en el asiento posterior del automvil<\/td>\n<\/tr>\n<tr>\n<td>Recortes de precisin para un acceso completo a todos los puertos, botones, c\u00e1mara delantera y trasera<\/td>\n<\/tr>\n<tr>\n<td>Soporte de l\u00e1piz ptico integrado para un acceso r\u00e1pido<\/td>\n<\/tr>\n<tr>\n<td>3 aos de garanta consulta el tiempo de garanta en tu pas o ciudad<\/td>\n<\/tr>\n<\/table>\n","protected":false},"excerpt":{"rendered":"<p>Funda rgida para samsung galaxy tab a9 de 8.7 con soporte giratorio, correa para sostener con mayor comodidad la tablet en la mano y correa para el hombro para maximizar la seguridad en traslados. Protege tu galaxy tab a9 de 8.7 con una funda diseada para ofrecer durabilidad, funcionalidad y estilo. La funda durable manhattan combina una proteccin robusta con caractersticas pr\u00e1cticas para satisfacer las necesidades de los usuarios activos, ya sea que ests trabajando, viajando o simplemente disfrutando del entretenimiento en casa. Proteccin de tu equipo para el uso diario. Diseada para soportar las exigencias de la vida diaria, esta carcasa presenta un diseo que absorbe los golpes con un bisel envolvente y esquinas reforzadas. Proporciona una slida proteccin contra cadas e impactos, lo que garantiza que tu galaxy a9 permanezca segura en cualquier entorno. La bandeja a presin estilo folio sujeta el dispositivo de forma segura al tiempo que agrega una capa adicional de defensa. Vers\u00e1til funcionalidad de manos libres. El soporte integrado ofrece una rotacin de 360\u00b0, lo que te permite colocar tu tablet en orientacin horizontal y vertical sin esfuerzo. Ya sea que asistas a reuniones virtuales, transmitas tus programas favoritos o hagas presentaciones, la funcionalidad de manos libres lo hace increblemente conveniente. Agarre y comodidad mejorados. Con una cmoda correa de mano, la funda ofrece un agarre seguro y confiable, lo que facilita el manejo de la superficie lisa de la tablet sin temor a cadas accidentales. La correa de hombro desmontable aade m\u00e1s versatilidad, permitiendo un transporte cmodo y sirviendo como un pr\u00e1ctico soporte para tableta en el asiento posterior durante los viajes en auto. Proteccin de pantalla sin riesgos. El protector de pantalla transparente protege tu galaxy a9 de los araazos al tiempo que conserva el color vibrante, la resolucin completa, el brillo y la sensibilidad t\u00e1ctil del dispositivo. Disfruta de una claridad y un rendimiento ininterrumpidos sin sacrificar la proteccin. Acceso sin restricciones a las funciones. Los recortes de precisin garantizan que todos los puertos, botones y c\u00e1maras sean totalmente accesibles sin necesidad de quitar la funda. Ya sea que ests conectando accesorios, ajustando el volumen o capturando fotos y videos, tu tablet sigue siendo completamente funcional mientras permanece protegida. Pr\u00e1ctico portal\u00e1pices para el l\u00e1piz ptico. Para aquellos que usan un l\u00e1piz ptico capacitivo, la ranura integrada lo mantiene seguro en su lugar cuando no est\u00e1 en uso. Esta caracterstica bien pensada garantiza que el l\u00e1piz ptico est siempre a tu alcance, lo que mejora la productividad y creatividad. Construido para cada ocasin. La funda de alta durabilidad es ideal para estudiantes, profesionales y familias por igual. Su diseo robusto lo hace adecuado para estilos de vida activos, mientras que sus caractersticas vers\u00e1tiles mejoran la comodidad y la facilidad de uso. Desde actividades en el aula y reuniones de negocios hasta viajes familiares por carretera y entretenimiento personal, esta carcasa est\u00e1 diseada para mantenerte al da en tus actividades diarias.<\/p>\n","protected":false},"featured_media":258951,"comment_status":"open","ping_status":"open","template":"","meta":[],"product_cat":[1869,2144],"product_tag":[1487],"acf":[],"yoast_head":"<!-- This site is optimized with the Yoast SEO plugin v21.7 - https:\/\/yoast.com\/wordpress\/plugins\/seo\/ -->\n<title>[ Manhattan ] &#129351; 996525 Funda R\u00edgida De Uso Rudo Para Samsung Galaxy Tab\u00ae A9 (8.7)<\/title>\n<meta name=\"description\" content=\"Compra 996525 Funda R\u00edgida De Uso Rudo Para Samsung Galaxy Tab\u00ae A9 (8.7) + Env\u00edo a domicilio + Pago seguro + Garant\u00eda\" \/>\n<meta name=\"robots\" content=\"index, follow, max-snippet:-1, max-image-preview:large, max-video-preview:-1\" \/>\n<link rel=\"canonical\" href=\"https:\/\/compuviper.mx\/tienda\/producto\/manhattan-996525-funda-rgida-de-uso-rudo-para-samsung-galaxy-tab-a9-8-7\/\" \/>\n<meta property=\"og:locale\" content=\"es_MX\" \/>\n<meta property=\"og:type\" content=\"article\" \/>\n<meta property=\"og:title\" content=\"[ Manhattan ] &#129351; 996525 Funda R\u00edgida De Uso Rudo Para Samsung Galaxy Tab\u00ae A9 (8.7)\" \/>\n<meta property=\"og:description\" content=\"Compra 996525 Funda R\u00edgida De Uso Rudo Para Samsung Galaxy Tab\u00ae A9 (8.7) + Env\u00edo a domicilio + Pago seguro + Garant\u00eda\" \/>\n<meta property=\"og:url\" content=\"https:\/\/compuviper.mx\/tienda\/producto\/manhattan-996525-funda-rgida-de-uso-rudo-para-samsung-galaxy-tab-a9-8-7\/\" \/>\n<meta property=\"og:site_name\" content=\"Compuviper\" \/>\n<meta property=\"article:publisher\" content=\"https:\/\/www.facebook.com\/compuviper\" \/>\n<meta property=\"og:image\" content=\"https:\/\/compuviper.mx\/tienda\/wp-content\/uploads\/2025\/10\/Funda-rigida-de-uso-rudo-para-samsung-galaxy-tab\u00ae-a9-8.7.jpg\" \/>\n\t<meta property=\"og:image:width\" content=\"200\" \/>\n\t<meta property=\"og:image:height\" content=\"200\" \/>\n\t<meta property=\"og:image:type\" content=\"image\/jpeg\" \/>\n<meta name=\"twitter:card\" content=\"summary_large_image\" \/>\n<meta name=\"twitter:label1\" content=\"Precio\" \/>\n\t<meta name=\"twitter:data1\" content=\"&#36;383 con IVA\" \/>\n\t<meta name=\"twitter:label2\" content=\"Availability\" \/>\n\t<meta name=\"twitter:data2\" content=\"In stock\" \/>\n<script type=\"application\/ld+json\" class=\"yoast-schema-graph\">{\"@context\":\"https:\/\/schema.org\",\"@graph\":[{\"@type\":\"WebPage\",\"@id\":\"https:\/\/compuviper.mx\/tienda\/producto\/manhattan-996525-funda-rgida-de-uso-rudo-para-samsung-galaxy-tab-a9-8-7\/\",\"url\":\"https:\/\/compuviper.mx\/tienda\/producto\/manhattan-996525-funda-rgida-de-uso-rudo-para-samsung-galaxy-tab-a9-8-7\/\",\"name\":\"[ Manhattan ] &#129351; 996525 Funda R\u00edgida De Uso Rudo Para Samsung Galaxy Tab\u00ae A9 (8.7)\",\"isPartOf\":{\"@id\":\"https:\/\/compuviper.mx\/tienda\/#website\"},\"datePublished\":\"2026-04-10T05:15:40+00:00\",\"dateModified\":\"2026-04-10T05:15:40+00:00\",\"description\":\"Compra 996525 Funda R\u00edgida De Uso Rudo Para Samsung Galaxy Tab\u00ae A9 (8.7) + Env\u00edo a domicilio + Pago seguro + Garant\u00eda\",\"breadcrumb\":{\"@id\":\"https:\/\/compuviper.mx\/tienda\/producto\/manhattan-996525-funda-rgida-de-uso-rudo-para-samsung-galaxy-tab-a9-8-7\/#breadcrumb\"},\"inLanguage\":\"es-MX\",\"potentialAction\":[{\"@type\":\"ReadAction\",\"target\":[\"https:\/\/compuviper.mx\/tienda\/producto\/manhattan-996525-funda-rgida-de-uso-rudo-para-samsung-galaxy-tab-a9-8-7\/\"]}]},{\"@type\":\"BreadcrumbList\",\"@id\":\"https:\/\/compuviper.mx\/tienda\/producto\/manhattan-996525-funda-rgida-de-uso-rudo-para-samsung-galaxy-tab-a9-8-7\/#breadcrumb\",\"itemListElement\":[{\"@type\":\"ListItem\",\"position\":1,\"name\":\"Inicio\",\"item\":\"https:\/\/compuviper.mx\/tienda\/\"},{\"@type\":\"ListItem\",\"position\":2,\"name\":\"Productos\",\"item\":\"https:\/\/compuviper.mx\/tienda\/productos\/\"},{\"@type\":\"ListItem\",\"position\":3,\"name\":\"Fundas\",\"item\":\"https:\/\/compuviper.mx\/tienda\/categoria-producto\/fundas\/\"},{\"@type\":\"ListItem\",\"position\":4,\"name\":\"Tablet\",\"item\":\"https:\/\/compuviper.mx\/tienda\/categoria-producto\/fundas\/tablet\/\"},{\"@type\":\"ListItem\",\"position\":5,\"name\":\"Manhattan 996525 Funda R?gida De Uso Rudo Para Samsung Galaxy Tab? A9 (8.7)\"}]},{\"@type\":\"WebSite\",\"@id\":\"https:\/\/compuviper.mx\/tienda\/#website\",\"url\":\"https:\/\/compuviper.mx\/tienda\/\",\"name\":\"Compuviper\",\"description\":\"Proveedor de Computadoras, Laptops, Servidores, Monitores, Puntos de Venta, Teclados,   Impresoras, T\u00f3ner, C\u00e1maras de Seguridad y m\u00e1s en tu tienda en l\u00ednea\",\"publisher\":{\"@id\":\"https:\/\/compuviper.mx\/tienda\/#organization\"},\"potentialAction\":[{\"@type\":\"SearchAction\",\"target\":{\"@type\":\"EntryPoint\",\"urlTemplate\":\"https:\/\/compuviper.mx\/tienda\/?s={search_term_string}\"},\"query-input\":\"required name=search_term_string\"}],\"inLanguage\":\"es-MX\"},{\"@type\":\"Organization\",\"@id\":\"https:\/\/compuviper.mx\/tienda\/#organization\",\"name\":\"Compuviper\",\"url\":\"https:\/\/compuviper.mx\/tienda\/\",\"logo\":{\"@type\":\"ImageObject\",\"inLanguage\":\"es-MX\",\"@id\":\"https:\/\/compuviper.mx\/tienda\/#\/schema\/logo\/image\/\",\"url\":\"https:\/\/compuviper.mx\/tienda\/wp-content\/uploads\/2021\/08\/Logo-Compuviper-10.png\",\"contentUrl\":\"https:\/\/compuviper.mx\/tienda\/wp-content\/uploads\/2021\/08\/Logo-Compuviper-10.png\",\"width\":1000,\"height\":500,\"caption\":\"Compuviper\"},\"image\":{\"@id\":\"https:\/\/compuviper.mx\/tienda\/#\/schema\/logo\/image\/\"},\"sameAs\":[\"https:\/\/www.facebook.com\/compuviper\",\"https:\/\/www.youtube.com\/channel\/UCf73dERp9Y3cfOq7q8BhLjA?view_as=subscriber\"]}]}<\/script>\n<meta property=\"product:brand\" content=\"MANHATTAN\" \/>\n<meta property=\"product:price:amount\" content=\"383\" \/>\n<meta property=\"product:price:currency\" content=\"MXN\" \/>\n<meta property=\"og:availability\" content=\"instock\" \/>\n<meta property=\"product:availability\" content=\"instock\" \/>\n<meta property=\"product:retailer_item_id\" content=\"996525\" \/>\n<meta property=\"product:condition\" content=\"new\" \/>\n<!-- \/ Yoast SEO plugin. -->","yoast_head_json":{"title":"[ Manhattan ] &#129351; 996525 Funda R\u00edgida De Uso Rudo Para Samsung Galaxy Tab\u00ae A9 (8.7)","description":"Compra 996525 Funda R\u00edgida De Uso Rudo Para Samsung Galaxy Tab\u00ae A9 (8.7) + Env\u00edo a domicilio + Pago seguro + Garant\u00eda","robots":{"index":"index","follow":"follow","max-snippet":"max-snippet:-1","max-image-preview":"max-image-preview:large","max-video-preview":"max-video-preview:-1"},"canonical":"https:\/\/compuviper.mx\/tienda\/producto\/manhattan-996525-funda-rgida-de-uso-rudo-para-samsung-galaxy-tab-a9-8-7\/","og_locale":"es_MX","og_type":"article","og_title":"[ Manhattan ] &#129351; 996525 Funda R\u00edgida De Uso Rudo Para Samsung Galaxy Tab\u00ae A9 (8.7)","og_description":"Compra 996525 Funda R\u00edgida De Uso Rudo Para Samsung Galaxy Tab\u00ae A9 (8.7) + Env\u00edo a domicilio + Pago seguro + Garant\u00eda","og_url":"https:\/\/compuviper.mx\/tienda\/producto\/manhattan-996525-funda-rgida-de-uso-rudo-para-samsung-galaxy-tab-a9-8-7\/","og_site_name":"Compuviper","article_publisher":"https:\/\/www.facebook.com\/compuviper","og_image":[{"width":200,"height":200,"url":"https:\/\/compuviper.mx\/tienda\/wp-content\/uploads\/2025\/10\/Funda-rigida-de-uso-rudo-para-samsung-galaxy-tab\u00ae-a9-8.7.jpg","type":"image\/jpeg"}],"twitter_card":"summary_large_image","twitter_misc":{"Precio":"&#36;383 con IVA","Availability":"In stock"},"schema":{"@context":"https:\/\/schema.org","@graph":[{"@type":"WebPage","@id":"https:\/\/compuviper.mx\/tienda\/producto\/manhattan-996525-funda-rgida-de-uso-rudo-para-samsung-galaxy-tab-a9-8-7\/","url":"https:\/\/compuviper.mx\/tienda\/producto\/manhattan-996525-funda-rgida-de-uso-rudo-para-samsung-galaxy-tab-a9-8-7\/","name":"[ Manhattan ] &#129351; 996525 Funda R\u00edgida De Uso Rudo Para Samsung Galaxy Tab\u00ae A9 (8.7)","isPartOf":{"@id":"https:\/\/compuviper.mx\/tienda\/#website"},"datePublished":"2026-04-10T05:15:40+00:00","dateModified":"2026-04-10T05:15:40+00:00","description":"Compra 996525 Funda R\u00edgida De Uso Rudo Para Samsung Galaxy Tab\u00ae A9 (8.7) + Env\u00edo a domicilio + Pago seguro + Garant\u00eda","breadcrumb":{"@id":"https:\/\/compuviper.mx\/tienda\/producto\/manhattan-996525-funda-rgida-de-uso-rudo-para-samsung-galaxy-tab-a9-8-7\/#breadcrumb"},"inLanguage":"es-MX","potentialAction":[{"@type":"ReadAction","target":["https:\/\/compuviper.mx\/tienda\/producto\/manhattan-996525-funda-rgida-de-uso-rudo-para-samsung-galaxy-tab-a9-8-7\/"]}]},{"@type":"BreadcrumbList","@id":"https:\/\/compuviper.mx\/tienda\/producto\/manhattan-996525-funda-rgida-de-uso-rudo-para-samsung-galaxy-tab-a9-8-7\/#breadcrumb","itemListElement":[{"@type":"ListItem","position":1,"name":"Inicio","item":"https:\/\/compuviper.mx\/tienda\/"},{"@type":"ListItem","position":2,"name":"Productos","item":"https:\/\/compuviper.mx\/tienda\/productos\/"},{"@type":"ListItem","position":3,"name":"Fundas","item":"https:\/\/compuviper.mx\/tienda\/categoria-producto\/fundas\/"},{"@type":"ListItem","position":4,"name":"Tablet","item":"https:\/\/compuviper.mx\/tienda\/categoria-producto\/fundas\/tablet\/"},{"@type":"ListItem","position":5,"name":"Manhattan 996525 Funda R?gida De Uso Rudo Para Samsung Galaxy Tab? A9 (8.7)"}]},{"@type":"WebSite","@id":"https:\/\/compuviper.mx\/tienda\/#website","url":"https:\/\/compuviper.mx\/tienda\/","name":"Compuviper","description":"Proveedor de Computadoras, Laptops, Servidores, Monitores, Puntos de Venta, Teclados,   Impresoras, T\u00f3ner, C\u00e1maras de Seguridad y m\u00e1s en tu tienda en l\u00ednea","publisher":{"@id":"https:\/\/compuviper.mx\/tienda\/#organization"},"potentialAction":[{"@type":"SearchAction","target":{"@type":"EntryPoint","urlTemplate":"https:\/\/compuviper.mx\/tienda\/?s={search_term_string}"},"query-input":"required name=search_term_string"}],"inLanguage":"es-MX"},{"@type":"Organization","@id":"https:\/\/compuviper.mx\/tienda\/#organization","name":"Compuviper","url":"https:\/\/compuviper.mx\/tienda\/","logo":{"@type":"ImageObject","inLanguage":"es-MX","@id":"https:\/\/compuviper.mx\/tienda\/#\/schema\/logo\/image\/","url":"https:\/\/compuviper.mx\/tienda\/wp-content\/uploads\/2021\/08\/Logo-Compuviper-10.png","contentUrl":"https:\/\/compuviper.mx\/tienda\/wp-content\/uploads\/2021\/08\/Logo-Compuviper-10.png","width":1000,"height":500,"caption":"Compuviper"},"image":{"@id":"https:\/\/compuviper.mx\/tienda\/#\/schema\/logo\/image\/"},"sameAs":["https:\/\/www.facebook.com\/compuviper","https:\/\/www.youtube.com\/channel\/UCf73dERp9Y3cfOq7q8BhLjA?view_as=subscriber"]}]},"product_brand":"MANHATTAN","product_price_amount":"383","product_price_currency":"MXN","og_availability":"instock","product_availability":"instock","product_retailer_item_id":"996525","product_condition":"new"},"_links":{"self":[{"href":"https:\/\/compuviper.mx\/tienda\/wp-json\/wp\/v2\/product\/256926"}],"collection":[{"href":"https:\/\/compuviper.mx\/tienda\/wp-json\/wp\/v2\/product"}],"about":[{"href":"https:\/\/compuviper.mx\/tienda\/wp-json\/wp\/v2\/types\/product"}],"replies":[{"embeddable":true,"href":"https:\/\/compuviper.mx\/tienda\/wp-json\/wp\/v2\/comments?post=256926"}],"wp:featuredmedia":[{"embeddable":true,"href":"https:\/\/compuviper.mx\/tienda\/wp-json\/wp\/v2\/media\/258951"}],"wp:attachment":[{"href":"https:\/\/compuviper.mx\/tienda\/wp-json\/wp\/v2\/media?parent=256926"}],"wp:term":[{"taxonomy":"product_cat","embeddable":true,"href":"https:\/\/compuviper.mx\/tienda\/wp-json\/wp\/v2\/product_cat?post=256926"},{"taxonomy":"product_tag","embeddable":true,"href":"https:\/\/compuviper.mx\/tienda\/wp-json\/wp\/v2\/product_tag?post=256926"}],"curies":[{"name":"wp","href":"https:\/\/api.w.org\/{rel}","templated":true}]}}