{"id":256924,"date":"2026-04-17T02:30:33","date_gmt":"2026-04-17T08:30:33","guid":{"rendered":"https:\/\/compuviper.mx\/tienda\/producto\/logitech-960-000971-camara-web-empresarial-c930e-1080p-30-fps-hd-zoom-4x-compresion-de-video-h-264-micrfono-dual-omnidireccional\/"},"modified":"2026-04-17T02:30:34","modified_gmt":"2026-04-17T08:30:34","slug":"logitech-960-000971-camara-web-empresarial-c930e-1080p-30-fps-hd-zoom-4x-compresion-de-video-h-264-micrfono-dual-omnidireccional","status":"publish","type":"product","link":"https:\/\/compuviper.mx\/tienda\/producto\/logitech-960-000971-camara-web-empresarial-c930e-1080p-30-fps-hd-zoom-4x-compresion-de-video-h-264-micrfono-dual-omnidireccional\/","title":{"rendered":"Logitech 960-000971 Camara Web Empresarial  C930e 1080p 30 Fps Hd Zoom 4x Compresion De Video H.264 Micr?fono Dual Omnidireccional"},"content":{"rendered":"<table class=\"descripcion\">\n<tr>\n<td>Video estupendo en cualquier entorno<\/td>\n<\/tr>\n<tr>\n<td>Muestra tu lado bueno en todas las videoconferencias, dondequiera que est\u00e9s. la c\u00e1mara web c930e ofrece un campo visual de 90 grados, panor\u00e1mica, inclinaci\u00f3n y zoom digital 4x, lo que permite ajustar el encuadre para adaptarlo al entorno. la tecnolog\u00eda rightlight\u00bf 2 y una lente de precisi\u00f3n proporcionan video n\u00edtido incluso en condiciones de luz escasa.<\/td>\n<\/tr>\n<tr>\n<td>Certificaci\u00f3n para negocios<\/td>\n<\/tr>\n<tr>\n<td>La c\u00e1mara c930e cuenta con certificaci\u00f3n de compatibilidad con skype for business y cisco jabber\u00bf, y ofrece integraci\u00f3n mejorada con bluejeans, broadsoft, lifesize cloud, vidyo y zoom.<\/td>\n<\/tr>\n<tr>\n<td>Calidad alta, ancho de banda bajo<\/td>\n<\/tr>\n<tr>\n<td>Eleva la productividad de las reuniones con video realmente n\u00edtido en todas las ocasiones, incluso cuando existen limitaciones de ancho de banda. optimizada para skype for business, la c\u00e1mara web c930e webcam es compatible con h.264 con codificaci\u00f3n de video escalable y codificaci\u00f3n uvc 1.5 para minimizar tu dependencia de los recursos de computadora y de red.<\/td>\n<\/tr>\n<tr>\n<td>Campo visual ancho<\/td>\n<\/tr>\n<tr>\n<td>Con un generoso campo visual de 90 grados, la c\u00e1mara c930e da cabida a equipos y pizarras holgadamente.<\/td>\n<\/tr>\n<tr>\n<td>Zoom hd 4x<\/td>\n<\/tr>\n<tr>\n<td>Puedes ampliar la imagen y usar la funci\u00f3n de panor\u00e1mica para prescindir de fondos que causen distracciones. tambi\u00e9n puedes encuadrar a la perfecci\u00f3n tu imagen y la de otra persona o capturar toda la escena. el sensor de imagen de gama alta ofrece calidad hd sin crear desenfoques ni efectos dentados, incluso con valores de zoom altos.<\/td>\n<\/tr>\n<tr>\n<td>Opciones de montaje y privacidad<\/td>\n<\/tr>\n<tr>\n<td>Monta la c\u00e1mara donde m\u00e1s convenga (pantalla lcd, laptop o sobre la mesa) usando el clip ajustable. tambi\u00e9n puedes utilizar un tr\u00edpode, si tienes uno. la tapa extra\u00edble se puede colocar para garantizar la privacidad.<\/td>\n<\/tr>\n<tr>\n<td>Camera settings<\/td>\n<\/tr>\n<tr>\n<td>Personaliza la c\u00e1mara c930e y utiliza controles de panor\u00e1mica, zoom e imagen con el software logitech camera settings para windows y mac.<\/td>\n<\/tr>\n<tr>\n<td>Dimensiones<\/td>\n<\/tr>\n<tr>\n<td>C\u00e1mara<\/td>\n<\/tr>\n<tr>\n<td>Altura x anchura x profundidad:<\/td>\n<\/tr>\n<tr>\n<td>29 mm x 94 mm x 24 mm<\/td>\n<\/tr>\n<tr>\n<td>C\u00e1mara con clip<\/td>\n<\/tr>\n<tr>\n<td>Altura x anchura x profundidad:<\/td>\n<\/tr>\n<tr>\n<td>43,3 mm x 94 mm x 71 mm<\/td>\n<\/tr>\n<tr>\n<td>Peso con clip y cable 162 g<\/td>\n<\/tr>\n<tr>\n<td>Requisitos del sistema<\/td>\n<\/tr>\n<tr>\n<td>Windows\u00ae 7, windows 8 o windows 10<\/td>\n<\/tr>\n<tr>\n<td>Macos x 10.7 o posterior<\/td>\n<\/tr>\n<tr>\n<td>Chrome\u00bf os 29.0.1547.70 o posterior<\/td>\n<\/tr>\n<tr>\n<td>2 gb de ram o m\u00e1s<\/td>\n<\/tr>\n<tr>\n<td>Espacio en disco duro para los videos grabados<\/td>\n<\/tr>\n<tr>\n<td>Un puerto usb 2.0<\/td>\n<\/tr>\n<tr>\n<td>Compatibilidad<\/td>\n<\/tr>\n<tr>\n<td>Todas las aplicaciones uvc<\/td>\n<\/tr>\n<tr>\n<td>H.264 para skype for business<\/td>\n<\/tr>\n<tr>\n<td>Certificaciones<\/td>\n<\/tr>\n<tr>\n<td>Certificaci\u00f3n para skype for business<\/td>\n<\/tr>\n<tr>\n<td>Optimizaci\u00f3n para microsoft\u00ae<\/td>\n<\/tr>\n<tr>\n<td>Lync\u00ae<\/td>\n<\/tr>\n<tr>\n<td>Certificaci\u00f3n para skype\u00bf<\/td>\n<\/tr>\n<tr>\n<td>Compatibilidad con cisco\u00ae<\/td>\n<\/tr>\n<tr>\n<td>Webex\u00ae<\/td>\n<\/tr>\n<tr>\n<td>Especificaciones<\/td>\n<\/tr>\n<tr>\n<td>Videoconferencias full hd 1080p (hasta 1920 x 1080 p\u00edxeles)<\/td>\n<\/tr>\n<tr>\n<td>Videoconferencias hd 720p (hasta 1280 x 720 p\u00edxeles) con los clientes admitidos<\/td>\n<\/tr>\n<tr>\n<td>Compresi\u00f3n de video h.264<\/td>\n<\/tr>\n<tr>\n<td>Campo visual de 90\u00b0<\/td>\n<\/tr>\n<tr>\n<td>Zoom 4x en 1080p<\/td>\n<\/tr>\n<tr>\n<td>Tecnolog\u00eda rightlight\u0099 2 para nitidez en distintas condiciones de iluminaci\u00f3n, incluso con luz escasa<\/td>\n<\/tr>\n<tr>\n<td>Aplicaci\u00f3n camera settings opcional para controlar funciones de panor\u00e1mica, inclinaci\u00f3n y zoom<\/td>\n<\/tr>\n<tr>\n<td>Enfoque autom\u00e1tico<\/td>\n<\/tr>\n<tr>\n<td>Tapa de obturador externa<\/td>\n<\/tr>\n<tr>\n<td>Dos micr\u00f3fonos omnidireccionales<\/td>\n<\/tr>\n<tr>\n<td>Certificaci\u00f3n usb 2.0 de alta velocidad (compatible con usb 3.0)<\/td>\n<\/tr>\n<tr>\n<td>Clip universal compatible con tr\u00edpodes para monitores lcd, crt o laptops<\/td>\n<\/tr>\n<tr>\n<td>Esta caja contiene<\/td>\n<\/tr>\n<tr>\n<td>C\u00e1mara web logitech c930e<\/td>\n<\/tr>\n<tr>\n<td>Clip extra\u00edble<\/td>\n<\/tr>\n<tr>\n<td>Tapa de privacidad<\/td>\n<\/tr>\n<tr>\n<td>Documentaci\u00f3n<\/td>\n<\/tr>\n<tr>\n<td>Informaci\u00f3n de garant\u00eda<\/td>\n<\/tr>\n<tr>\n<td>Tres a\u00f1os de garant\u00eda de hardware limitada<\/td>\n<\/tr>\n<tr>\n<td>N\u00famero de referencia<\/td>\n<\/tr>\n<tr>\n<td>N\u00ba de referencia: 960-000971<\/td>\n<\/tr>\n<\/table>\n","protected":false},"excerpt":{"rendered":"<p>Una c\u00e1mara web emprendedora. Disfruta de videoconferencias que son lo m\u00e1s parecido a la comunicaci\u00f3n en persona. La sofisticada tecnolog\u00eda de logitech c930e webcam ofrece video y sonido n\u00edtidos pr\u00e1cticamente en cualquier entorno, incluso en condiciones de luz escasa. Con video de resoluci\u00f3n 1080p, compresi\u00f3n de video h.264 y un amplio campo visual de 90 grados, la c\u00e1mara c930e ofrece prestaciones avanzadas de c\u00e1mara web para videoconferencias de calidad superior. Para mas informacion. Https:\/\/www.Logitech.Com\/es-mx\/products\/webcams\/c930e-business-webcam.960-000971.Html<\/p>\n","protected":false},"featured_media":258580,"comment_status":"open","ping_status":"open","template":"","meta":[],"product_cat":[2011,2012],"product_tag":[1500],"acf":[],"yoast_head":"<!-- This site is optimized with the Yoast SEO plugin v21.7 - https:\/\/yoast.com\/wordpress\/plugins\/seo\/ -->\n<title>[ Logitech ] &#129351; 960-000971 Camara Web Empresarial C930e 1080p 30 Fps Hd Zoom 4x Compresion De Video H.264 Micr\u00f3fono Dual Omnidireccional<\/title>\n<meta name=\"description\" content=\"Compra 960-000971 Camara Web Empresarial C930e 1080p 30 Fps Hd Zoom 4x Compresion De Video H.264 Micr\u00f3fono Dual Omnidireccional + Env\u00edo a domicilio + Pago seguro + Garant\u00eda\" \/>\n<meta name=\"robots\" content=\"index, follow, max-snippet:-1, max-image-preview:large, max-video-preview:-1\" \/>\n<link rel=\"canonical\" href=\"https:\/\/compuviper.mx\/tienda\/producto\/logitech-960-000971-camara-web-empresarial-c930e-1080p-30-fps-hd-zoom-4x-compresion-de-video-h-264-micrfono-dual-omnidireccional\/\" \/>\n<meta property=\"og:locale\" content=\"es_MX\" \/>\n<meta property=\"og:type\" content=\"article\" \/>\n<meta property=\"og:title\" content=\"[ Logitech ] &#129351; 960-000971 Camara Web Empresarial C930e 1080p 30 Fps Hd Zoom 4x Compresion De Video H.264 Micr\u00f3fono Dual Omnidireccional\" \/>\n<meta property=\"og:description\" content=\"Compra 960-000971 Camara Web Empresarial C930e 1080p 30 Fps Hd Zoom 4x Compresion De Video H.264 Micr\u00f3fono Dual Omnidireccional + Env\u00edo a domicilio + Pago seguro + Garant\u00eda\" \/>\n<meta property=\"og:url\" content=\"https:\/\/compuviper.mx\/tienda\/producto\/logitech-960-000971-camara-web-empresarial-c930e-1080p-30-fps-hd-zoom-4x-compresion-de-video-h-264-micrfono-dual-omnidireccional\/\" \/>\n<meta property=\"og:site_name\" content=\"Compuviper\" \/>\n<meta property=\"article:publisher\" content=\"https:\/\/www.facebook.com\/compuviper\" \/>\n<meta property=\"article:modified_time\" content=\"2026-04-17T08:30:34+00:00\" \/>\n<meta property=\"og:image\" content=\"https:\/\/compuviper.mx\/tienda\/wp-content\/uploads\/2025\/10\/Camara-web-empresarial-logitech-c930e-1080p-30-fps-hd-zoom-4x-compresion-de-video-h.264-microfono-dual-omnidireccional.jpg\" \/>\n\t<meta property=\"og:image:width\" content=\"200\" \/>\n\t<meta property=\"og:image:height\" content=\"200\" \/>\n\t<meta property=\"og:image:type\" content=\"image\/jpeg\" \/>\n<meta name=\"twitter:card\" content=\"summary_large_image\" \/>\n<meta name=\"twitter:label1\" content=\"Precio\" \/>\n\t<meta name=\"twitter:data1\" content=\"&#36;3,398 con IVA\" \/>\n\t<meta name=\"twitter:label2\" content=\"Availability\" \/>\n\t<meta name=\"twitter:data2\" content=\"In stock\" \/>\n<script type=\"application\/ld+json\" class=\"yoast-schema-graph\">{\"@context\":\"https:\/\/schema.org\",\"@graph\":[{\"@type\":\"WebPage\",\"@id\":\"https:\/\/compuviper.mx\/tienda\/producto\/logitech-960-000971-camara-web-empresarial-c930e-1080p-30-fps-hd-zoom-4x-compresion-de-video-h-264-micrfono-dual-omnidireccional\/\",\"url\":\"https:\/\/compuviper.mx\/tienda\/producto\/logitech-960-000971-camara-web-empresarial-c930e-1080p-30-fps-hd-zoom-4x-compresion-de-video-h-264-micrfono-dual-omnidireccional\/\",\"name\":\"[ Logitech ] &#129351; 960-000971 Camara Web Empresarial C930e 1080p 30 Fps Hd Zoom 4x Compresion De Video H.264 Micr\u00f3fono Dual Omnidireccional\",\"isPartOf\":{\"@id\":\"https:\/\/compuviper.mx\/tienda\/#website\"},\"datePublished\":\"2026-04-17T08:30:33+00:00\",\"dateModified\":\"2026-04-17T08:30:34+00:00\",\"description\":\"Compra 960-000971 Camara Web Empresarial C930e 1080p 30 Fps Hd Zoom 4x Compresion De Video H.264 Micr\u00f3fono Dual Omnidireccional + Env\u00edo a domicilio + Pago seguro + Garant\u00eda\",\"breadcrumb\":{\"@id\":\"https:\/\/compuviper.mx\/tienda\/producto\/logitech-960-000971-camara-web-empresarial-c930e-1080p-30-fps-hd-zoom-4x-compresion-de-video-h-264-micrfono-dual-omnidireccional\/#breadcrumb\"},\"inLanguage\":\"es-MX\",\"potentialAction\":[{\"@type\":\"ReadAction\",\"target\":[\"https:\/\/compuviper.mx\/tienda\/producto\/logitech-960-000971-camara-web-empresarial-c930e-1080p-30-fps-hd-zoom-4x-compresion-de-video-h-264-micrfono-dual-omnidireccional\/\"]}]},{\"@type\":\"BreadcrumbList\",\"@id\":\"https:\/\/compuviper.mx\/tienda\/producto\/logitech-960-000971-camara-web-empresarial-c930e-1080p-30-fps-hd-zoom-4x-compresion-de-video-h-264-micrfono-dual-omnidireccional\/#breadcrumb\",\"itemListElement\":[{\"@type\":\"ListItem\",\"position\":1,\"name\":\"Inicio\",\"item\":\"https:\/\/compuviper.mx\/tienda\/\"},{\"@type\":\"ListItem\",\"position\":2,\"name\":\"Productos\",\"item\":\"https:\/\/compuviper.mx\/tienda\/productos\/\"},{\"@type\":\"ListItem\",\"position\":3,\"name\":\"Videoconferencia\",\"item\":\"https:\/\/compuviper.mx\/tienda\/categoria-producto\/videoconferencia\/\"},{\"@type\":\"ListItem\",\"position\":4,\"name\":\"Sin Categor\u00eda\",\"item\":\"https:\/\/compuviper.mx\/tienda\/categoria-producto\/videoconferencia\/sin-categoria-videoconferencia\/\"},{\"@type\":\"ListItem\",\"position\":5,\"name\":\"Logitech 960-000971 Camara Web Empresarial C930e 1080p 30 Fps Hd Zoom 4x Compresion De Video H.264 Micr?fono Dual Omnidireccional\"}]},{\"@type\":\"WebSite\",\"@id\":\"https:\/\/compuviper.mx\/tienda\/#website\",\"url\":\"https:\/\/compuviper.mx\/tienda\/\",\"name\":\"Compuviper\",\"description\":\"Proveedor de Computadoras, Laptops, Servidores, Monitores, Puntos de Venta, Teclados,   Impresoras, T\u00f3ner, C\u00e1maras de Seguridad y m\u00e1s en tu tienda en l\u00ednea\",\"publisher\":{\"@id\":\"https:\/\/compuviper.mx\/tienda\/#organization\"},\"potentialAction\":[{\"@type\":\"SearchAction\",\"target\":{\"@type\":\"EntryPoint\",\"urlTemplate\":\"https:\/\/compuviper.mx\/tienda\/?s={search_term_string}\"},\"query-input\":\"required name=search_term_string\"}],\"inLanguage\":\"es-MX\"},{\"@type\":\"Organization\",\"@id\":\"https:\/\/compuviper.mx\/tienda\/#organization\",\"name\":\"Compuviper\",\"url\":\"https:\/\/compuviper.mx\/tienda\/\",\"logo\":{\"@type\":\"ImageObject\",\"inLanguage\":\"es-MX\",\"@id\":\"https:\/\/compuviper.mx\/tienda\/#\/schema\/logo\/image\/\",\"url\":\"https:\/\/compuviper.mx\/tienda\/wp-content\/uploads\/2021\/08\/Logo-Compuviper-10.png\",\"contentUrl\":\"https:\/\/compuviper.mx\/tienda\/wp-content\/uploads\/2021\/08\/Logo-Compuviper-10.png\",\"width\":1000,\"height\":500,\"caption\":\"Compuviper\"},\"image\":{\"@id\":\"https:\/\/compuviper.mx\/tienda\/#\/schema\/logo\/image\/\"},\"sameAs\":[\"https:\/\/www.facebook.com\/compuviper\",\"https:\/\/www.youtube.com\/channel\/UCf73dERp9Y3cfOq7q8BhLjA?view_as=subscriber\"]}]}<\/script>\n<meta property=\"product:brand\" content=\"LOGITECH\" \/>\n<meta property=\"product:price:amount\" content=\"3398\" \/>\n<meta property=\"product:price:currency\" content=\"MXN\" \/>\n<meta property=\"og:availability\" content=\"instock\" \/>\n<meta property=\"product:availability\" content=\"instock\" \/>\n<meta property=\"product:retailer_item_id\" content=\"960-000971\" \/>\n<meta property=\"product:condition\" content=\"new\" \/>\n<!-- \/ Yoast SEO plugin. -->","yoast_head_json":{"title":"[ Logitech ] &#129351; 960-000971 Camara Web Empresarial C930e 1080p 30 Fps Hd Zoom 4x Compresion De Video H.264 Micr\u00f3fono Dual Omnidireccional","description":"Compra 960-000971 Camara Web Empresarial C930e 1080p 30 Fps Hd Zoom 4x Compresion De Video H.264 Micr\u00f3fono Dual Omnidireccional + Env\u00edo a domicilio + Pago seguro + Garant\u00eda","robots":{"index":"index","follow":"follow","max-snippet":"max-snippet:-1","max-image-preview":"max-image-preview:large","max-video-preview":"max-video-preview:-1"},"canonical":"https:\/\/compuviper.mx\/tienda\/producto\/logitech-960-000971-camara-web-empresarial-c930e-1080p-30-fps-hd-zoom-4x-compresion-de-video-h-264-micrfono-dual-omnidireccional\/","og_locale":"es_MX","og_type":"article","og_title":"[ Logitech ] &#129351; 960-000971 Camara Web Empresarial C930e 1080p 30 Fps Hd Zoom 4x Compresion De Video H.264 Micr\u00f3fono Dual Omnidireccional","og_description":"Compra 960-000971 Camara Web Empresarial C930e 1080p 30 Fps Hd Zoom 4x Compresion De Video H.264 Micr\u00f3fono Dual Omnidireccional + Env\u00edo a domicilio + Pago seguro + Garant\u00eda","og_url":"https:\/\/compuviper.mx\/tienda\/producto\/logitech-960-000971-camara-web-empresarial-c930e-1080p-30-fps-hd-zoom-4x-compresion-de-video-h-264-micrfono-dual-omnidireccional\/","og_site_name":"Compuviper","article_publisher":"https:\/\/www.facebook.com\/compuviper","article_modified_time":"2026-04-17T08:30:34+00:00","og_image":[{"width":200,"height":200,"url":"https:\/\/compuviper.mx\/tienda\/wp-content\/uploads\/2025\/10\/Camara-web-empresarial-logitech-c930e-1080p-30-fps-hd-zoom-4x-compresion-de-video-h.264-microfono-dual-omnidireccional.jpg","type":"image\/jpeg"}],"twitter_card":"summary_large_image","twitter_misc":{"Precio":"&#36;3,398 con IVA","Availability":"In stock"},"schema":{"@context":"https:\/\/schema.org","@graph":[{"@type":"WebPage","@id":"https:\/\/compuviper.mx\/tienda\/producto\/logitech-960-000971-camara-web-empresarial-c930e-1080p-30-fps-hd-zoom-4x-compresion-de-video-h-264-micrfono-dual-omnidireccional\/","url":"https:\/\/compuviper.mx\/tienda\/producto\/logitech-960-000971-camara-web-empresarial-c930e-1080p-30-fps-hd-zoom-4x-compresion-de-video-h-264-micrfono-dual-omnidireccional\/","name":"[ Logitech ] &#129351; 960-000971 Camara Web Empresarial C930e 1080p 30 Fps Hd Zoom 4x Compresion De Video H.264 Micr\u00f3fono Dual Omnidireccional","isPartOf":{"@id":"https:\/\/compuviper.mx\/tienda\/#website"},"datePublished":"2026-04-17T08:30:33+00:00","dateModified":"2026-04-17T08:30:34+00:00","description":"Compra 960-000971 Camara Web Empresarial C930e 1080p 30 Fps Hd Zoom 4x Compresion De Video H.264 Micr\u00f3fono Dual Omnidireccional + Env\u00edo a domicilio + Pago seguro + Garant\u00eda","breadcrumb":{"@id":"https:\/\/compuviper.mx\/tienda\/producto\/logitech-960-000971-camara-web-empresarial-c930e-1080p-30-fps-hd-zoom-4x-compresion-de-video-h-264-micrfono-dual-omnidireccional\/#breadcrumb"},"inLanguage":"es-MX","potentialAction":[{"@type":"ReadAction","target":["https:\/\/compuviper.mx\/tienda\/producto\/logitech-960-000971-camara-web-empresarial-c930e-1080p-30-fps-hd-zoom-4x-compresion-de-video-h-264-micrfono-dual-omnidireccional\/"]}]},{"@type":"BreadcrumbList","@id":"https:\/\/compuviper.mx\/tienda\/producto\/logitech-960-000971-camara-web-empresarial-c930e-1080p-30-fps-hd-zoom-4x-compresion-de-video-h-264-micrfono-dual-omnidireccional\/#breadcrumb","itemListElement":[{"@type":"ListItem","position":1,"name":"Inicio","item":"https:\/\/compuviper.mx\/tienda\/"},{"@type":"ListItem","position":2,"name":"Productos","item":"https:\/\/compuviper.mx\/tienda\/productos\/"},{"@type":"ListItem","position":3,"name":"Videoconferencia","item":"https:\/\/compuviper.mx\/tienda\/categoria-producto\/videoconferencia\/"},{"@type":"ListItem","position":4,"name":"Sin Categor\u00eda","item":"https:\/\/compuviper.mx\/tienda\/categoria-producto\/videoconferencia\/sin-categoria-videoconferencia\/"},{"@type":"ListItem","position":5,"name":"Logitech 960-000971 Camara Web Empresarial C930e 1080p 30 Fps Hd Zoom 4x Compresion De Video H.264 Micr?fono Dual Omnidireccional"}]},{"@type":"WebSite","@id":"https:\/\/compuviper.mx\/tienda\/#website","url":"https:\/\/compuviper.mx\/tienda\/","name":"Compuviper","description":"Proveedor de Computadoras, Laptops, Servidores, Monitores, Puntos de Venta, Teclados,   Impresoras, T\u00f3ner, C\u00e1maras de Seguridad y m\u00e1s en tu tienda en l\u00ednea","publisher":{"@id":"https:\/\/compuviper.mx\/tienda\/#organization"},"potentialAction":[{"@type":"SearchAction","target":{"@type":"EntryPoint","urlTemplate":"https:\/\/compuviper.mx\/tienda\/?s={search_term_string}"},"query-input":"required name=search_term_string"}],"inLanguage":"es-MX"},{"@type":"Organization","@id":"https:\/\/compuviper.mx\/tienda\/#organization","name":"Compuviper","url":"https:\/\/compuviper.mx\/tienda\/","logo":{"@type":"ImageObject","inLanguage":"es-MX","@id":"https:\/\/compuviper.mx\/tienda\/#\/schema\/logo\/image\/","url":"https:\/\/compuviper.mx\/tienda\/wp-content\/uploads\/2021\/08\/Logo-Compuviper-10.png","contentUrl":"https:\/\/compuviper.mx\/tienda\/wp-content\/uploads\/2021\/08\/Logo-Compuviper-10.png","width":1000,"height":500,"caption":"Compuviper"},"image":{"@id":"https:\/\/compuviper.mx\/tienda\/#\/schema\/logo\/image\/"},"sameAs":["https:\/\/www.facebook.com\/compuviper","https:\/\/www.youtube.com\/channel\/UCf73dERp9Y3cfOq7q8BhLjA?view_as=subscriber"]}]},"product_brand":"LOGITECH","product_price_amount":"3398","product_price_currency":"MXN","og_availability":"instock","product_availability":"instock","product_retailer_item_id":"960-000971","product_condition":"new"},"_links":{"self":[{"href":"https:\/\/compuviper.mx\/tienda\/wp-json\/wp\/v2\/product\/256924"}],"collection":[{"href":"https:\/\/compuviper.mx\/tienda\/wp-json\/wp\/v2\/product"}],"about":[{"href":"https:\/\/compuviper.mx\/tienda\/wp-json\/wp\/v2\/types\/product"}],"replies":[{"embeddable":true,"href":"https:\/\/compuviper.mx\/tienda\/wp-json\/wp\/v2\/comments?post=256924"}],"wp:featuredmedia":[{"embeddable":true,"href":"https:\/\/compuviper.mx\/tienda\/wp-json\/wp\/v2\/media\/258580"}],"wp:attachment":[{"href":"https:\/\/compuviper.mx\/tienda\/wp-json\/wp\/v2\/media?parent=256924"}],"wp:term":[{"taxonomy":"product_cat","embeddable":true,"href":"https:\/\/compuviper.mx\/tienda\/wp-json\/wp\/v2\/product_cat?post=256924"},{"taxonomy":"product_tag","embeddable":true,"href":"https:\/\/compuviper.mx\/tienda\/wp-json\/wp\/v2\/product_tag?post=256924"}],"curies":[{"name":"wp","href":"https:\/\/api.w.org\/{rel}","templated":true}]}}