{"id":256898,"date":"2026-04-06T23:15:56","date_gmt":"2026-04-07T05:15:56","guid":{"rendered":"https:\/\/compuviper.mx\/tienda\/producto\/dell-460-bfcw-mochila-alienware-18-backpack-aw7825p-hasta-18-pulgadas\/"},"modified":"2026-04-06T23:15:56","modified_gmt":"2026-04-07T05:15:56","slug":"dell-460-bfcw-mochila-alienware-18-backpack-aw7825p-hasta-18-pulgadas","status":"publish","type":"product","link":"https:\/\/compuviper.mx\/tienda\/producto\/dell-460-bfcw-mochila-alienware-18-backpack-aw7825p-hasta-18-pulgadas\/","title":{"rendered":"Dell 460-bfcw Mochila  Alienware 18 Backpack Aw7825p Hasta 18 Pulgadas |  |"},"content":{"rendered":"<table class=\"descripcion\">\n<tr>\n<td>Dise\u00f1o\/patr\u00f3n\/textura impresa<\/td>\n<\/tr>\n<tr>\n<td>Dise\u00f1o de alienware con logotipo reflectante iridiscente en 3d de alienware<\/td>\n<\/tr>\n<tr>\n<td>Opciones de transporte<\/td>\n<\/tr>\n<tr>\n<td>Correa para carrito<\/td>\n<\/tr>\n<tr>\n<td>Manejar<\/td>\n<\/tr>\n<tr>\n<td>Bandolera<\/td>\n<\/tr>\n<tr>\n<td>Caracter\u00edsticas del caso<\/td>\n<\/tr>\n<tr>\n<td>Espalda de malla<\/td>\n<\/tr>\n<tr>\n<td>Espalda transpirable<\/td>\n<\/tr>\n<tr>\n<td>Hebilla<\/td>\n<\/tr>\n<tr>\n<td>Tama\u00f1o m\u00e1ximo de pantalla admitido<\/td>\n<\/tr>\n<tr>\n<td>18<\/td>\n<\/tr>\n<tr>\n<td>Compartimento para tableta<\/td>\n<\/tr>\n<tr>\n<td>S\u00ed<\/td>\n<\/tr>\n<tr>\n<td>Compartimentos adicionales<\/td>\n<\/tr>\n<tr>\n<td>2 bolsillos laterales<\/td>\n<\/tr>\n<tr>\n<td>Bolsillo delantero<\/td>\n<\/tr>\n<tr>\n<td>Capacidad de volumen<\/td>\n<\/tr>\n<tr>\n<td>7,40 galones<\/td>\n<\/tr>\n<tr>\n<td>Compartimento para port\u00e1til<\/td>\n<\/tr>\n<tr>\n<td>S\u00ed<\/td>\n<\/tr>\n<tr>\n<td>Material del producto<\/td>\n<\/tr>\n<tr>\n<td>Pl\u00e1stico<\/td>\n<\/tr>\n<tr>\n<td>Poliuretano termopl\u00e1stico (tpu)<\/td>\n<\/tr>\n<tr>\n<td>Poliuretano<\/td>\n<\/tr>\n<tr>\n<td>Espuma de polietileno reticulado (xpe)<\/td>\n<\/tr>\n<tr>\n<td>Compatibilidad<\/td>\n<\/tr>\n<tr>\n<td>Port\u00e1tiles de hasta 18 (dimensiones m\u00e1ximas del port\u00e1til: 410 x 320 x 30 mm)<\/td>\n<\/tr>\n<tr>\n<td>Contenido reciclado<\/td>\n<\/tr>\n<tr>\n<td>100% pl\u00e1stico<\/td>\n<\/tr>\n<tr>\n<td>Tela oxford 600d<\/td>\n<\/tr>\n<tr>\n<td>Detalles del material<\/td>\n<\/tr>\n<tr>\n<td>Espuma de polietileno reticulado (xpe) &#8211; manga<\/td>\n<\/tr>\n<tr>\n<td>Poliuretano &#8211; recubrimiento (parte inferior y lateral)<\/td>\n<\/tr>\n<tr>\n<td>Tpu &#8211; tiradores de cremallera<\/td>\n<\/tr>\n<tr>\n<td>Durabilidad<\/td>\n<\/tr>\n<tr>\n<td>Resistente a la suciedad<\/td>\n<\/tr>\n<tr>\n<td>Resistente al agua<\/td>\n<\/tr>\n<tr>\n<td>Resistente a la intemperie<\/td>\n<\/tr>\n<tr>\n<td>Resistente a rfid<\/td>\n<\/tr>\n<\/table>\n","protected":false},"excerpt":{"rendered":"<p>Mantenga sus dispositivos de juego y accesorios organizados y protegidos con la mejor mochila de viaje. Upc:  884116493174. 3 a\u00f1os de garant\u00eda<\/p>\n","protected":false},"featured_media":258950,"comment_status":"open","ping_status":"open","template":"","meta":[],"product_cat":[1557,1558],"product_tag":[1537],"acf":[],"yoast_head":"<!-- This site is optimized with the Yoast SEO plugin v21.7 - https:\/\/yoast.com\/wordpress\/plugins\/seo\/ -->\n<title>[ Dell ] &#129351; 460-bfcw Mochila Alienware 18 Backpack Aw7825p Hasta 18 Pulgadas | |<\/title>\n<meta name=\"description\" content=\"Compra 460-bfcw Mochila Alienware 18 Backpack Aw7825p Hasta 18 Pulgadas | | + Env\u00edo a domicilio + Pago seguro + Garant\u00eda\" \/>\n<meta name=\"robots\" content=\"index, follow, max-snippet:-1, max-image-preview:large, max-video-preview:-1\" \/>\n<link rel=\"canonical\" href=\"https:\/\/compuviper.mx\/tienda\/producto\/dell-460-bfcw-mochila-alienware-18-backpack-aw7825p-hasta-18-pulgadas\/\" \/>\n<meta property=\"og:locale\" content=\"es_MX\" \/>\n<meta property=\"og:type\" content=\"article\" \/>\n<meta property=\"og:title\" content=\"[ Dell ] &#129351; 460-bfcw Mochila Alienware 18 Backpack Aw7825p Hasta 18 Pulgadas | |\" \/>\n<meta property=\"og:description\" content=\"Compra 460-bfcw Mochila Alienware 18 Backpack Aw7825p Hasta 18 Pulgadas | | + Env\u00edo a domicilio + Pago seguro + Garant\u00eda\" \/>\n<meta property=\"og:url\" content=\"https:\/\/compuviper.mx\/tienda\/producto\/dell-460-bfcw-mochila-alienware-18-backpack-aw7825p-hasta-18-pulgadas\/\" \/>\n<meta property=\"og:site_name\" content=\"Compuviper\" \/>\n<meta property=\"article:publisher\" content=\"https:\/\/www.facebook.com\/compuviper\" \/>\n<meta property=\"og:image\" content=\"https:\/\/compuviper.mx\/tienda\/wp-content\/uploads\/2025\/10\/Mochila-dell-alienware-18-backpack-aw7825p-hasta-18-pulgadas-460-bfcw.jpg\" \/>\n\t<meta property=\"og:image:width\" content=\"200\" \/>\n\t<meta property=\"og:image:height\" content=\"200\" \/>\n\t<meta property=\"og:image:type\" content=\"image\/jpeg\" \/>\n<meta name=\"twitter:card\" content=\"summary_large_image\" \/>\n<meta name=\"twitter:label1\" content=\"Precio\" \/>\n\t<meta name=\"twitter:data1\" content=\"&#36;1,963 &#36;1,774 con IVA\" \/>\n\t<meta name=\"twitter:label2\" content=\"Availability\" \/>\n\t<meta name=\"twitter:data2\" content=\"Out of stock\" \/>\n<script type=\"application\/ld+json\" class=\"yoast-schema-graph\">{\"@context\":\"https:\/\/schema.org\",\"@graph\":[{\"@type\":\"WebPage\",\"@id\":\"https:\/\/compuviper.mx\/tienda\/producto\/dell-460-bfcw-mochila-alienware-18-backpack-aw7825p-hasta-18-pulgadas\/\",\"url\":\"https:\/\/compuviper.mx\/tienda\/producto\/dell-460-bfcw-mochila-alienware-18-backpack-aw7825p-hasta-18-pulgadas\/\",\"name\":\"[ Dell ] &#129351; 460-bfcw Mochila Alienware 18 Backpack Aw7825p Hasta 18 Pulgadas | |\",\"isPartOf\":{\"@id\":\"https:\/\/compuviper.mx\/tienda\/#website\"},\"datePublished\":\"2026-04-07T05:15:56+00:00\",\"dateModified\":\"2026-04-07T05:15:56+00:00\",\"description\":\"Compra 460-bfcw Mochila Alienware 18 Backpack Aw7825p Hasta 18 Pulgadas | | + Env\u00edo a domicilio + Pago seguro + Garant\u00eda\",\"breadcrumb\":{\"@id\":\"https:\/\/compuviper.mx\/tienda\/producto\/dell-460-bfcw-mochila-alienware-18-backpack-aw7825p-hasta-18-pulgadas\/#breadcrumb\"},\"inLanguage\":\"es-MX\",\"potentialAction\":[{\"@type\":\"ReadAction\",\"target\":[\"https:\/\/compuviper.mx\/tienda\/producto\/dell-460-bfcw-mochila-alienware-18-backpack-aw7825p-hasta-18-pulgadas\/\"]}]},{\"@type\":\"BreadcrumbList\",\"@id\":\"https:\/\/compuviper.mx\/tienda\/producto\/dell-460-bfcw-mochila-alienware-18-backpack-aw7825p-hasta-18-pulgadas\/#breadcrumb\",\"itemListElement\":[{\"@type\":\"ListItem\",\"position\":1,\"name\":\"Inicio\",\"item\":\"https:\/\/compuviper.mx\/tienda\/\"},{\"@type\":\"ListItem\",\"position\":2,\"name\":\"Productos\",\"item\":\"https:\/\/compuviper.mx\/tienda\/productos\/\"},{\"@type\":\"ListItem\",\"position\":3,\"name\":\"Back Pack (mochila)\",\"item\":\"https:\/\/compuviper.mx\/tienda\/categoria-producto\/back-pack-mochila\/\"},{\"@type\":\"ListItem\",\"position\":4,\"name\":\"Sin Categor\u00eda\",\"item\":\"https:\/\/compuviper.mx\/tienda\/categoria-producto\/back-pack-mochila\/sin-categoria-back-pack-mochila\/\"},{\"@type\":\"ListItem\",\"position\":5,\"name\":\"Dell 460-bfcw Mochila Alienware 18 Backpack Aw7825p Hasta 18 Pulgadas | |\"}]},{\"@type\":\"WebSite\",\"@id\":\"https:\/\/compuviper.mx\/tienda\/#website\",\"url\":\"https:\/\/compuviper.mx\/tienda\/\",\"name\":\"Compuviper\",\"description\":\"Proveedor de Computadoras, Laptops, Servidores, Monitores, Puntos de Venta, Teclados,   Impresoras, T\u00f3ner, C\u00e1maras de Seguridad y m\u00e1s en tu tienda en l\u00ednea\",\"publisher\":{\"@id\":\"https:\/\/compuviper.mx\/tienda\/#organization\"},\"potentialAction\":[{\"@type\":\"SearchAction\",\"target\":{\"@type\":\"EntryPoint\",\"urlTemplate\":\"https:\/\/compuviper.mx\/tienda\/?s={search_term_string}\"},\"query-input\":\"required name=search_term_string\"}],\"inLanguage\":\"es-MX\"},{\"@type\":\"Organization\",\"@id\":\"https:\/\/compuviper.mx\/tienda\/#organization\",\"name\":\"Compuviper\",\"url\":\"https:\/\/compuviper.mx\/tienda\/\",\"logo\":{\"@type\":\"ImageObject\",\"inLanguage\":\"es-MX\",\"@id\":\"https:\/\/compuviper.mx\/tienda\/#\/schema\/logo\/image\/\",\"url\":\"https:\/\/compuviper.mx\/tienda\/wp-content\/uploads\/2021\/08\/Logo-Compuviper-10.png\",\"contentUrl\":\"https:\/\/compuviper.mx\/tienda\/wp-content\/uploads\/2021\/08\/Logo-Compuviper-10.png\",\"width\":1000,\"height\":500,\"caption\":\"Compuviper\"},\"image\":{\"@id\":\"https:\/\/compuviper.mx\/tienda\/#\/schema\/logo\/image\/\"},\"sameAs\":[\"https:\/\/www.facebook.com\/compuviper\",\"https:\/\/www.youtube.com\/channel\/UCf73dERp9Y3cfOq7q8BhLjA?view_as=subscriber\"]}]}<\/script>\n<meta property=\"product:brand\" content=\"DELL\" \/>\n<meta property=\"product:price:amount\" content=\"1774\" \/>\n<meta property=\"product:price:currency\" content=\"MXN\" \/>\n<meta property=\"og:availability\" content=\"out of stock\" \/>\n<meta property=\"product:availability\" content=\"out of stock\" \/>\n<meta property=\"product:retailer_item_id\" content=\"460-BFCW\" \/>\n<meta property=\"product:condition\" content=\"new\" \/>\n<!-- \/ Yoast SEO plugin. -->","yoast_head_json":{"title":"[ Dell ] &#129351; 460-bfcw Mochila Alienware 18 Backpack Aw7825p Hasta 18 Pulgadas | |","description":"Compra 460-bfcw Mochila Alienware 18 Backpack Aw7825p Hasta 18 Pulgadas | | + Env\u00edo a domicilio + Pago seguro + Garant\u00eda","robots":{"index":"index","follow":"follow","max-snippet":"max-snippet:-1","max-image-preview":"max-image-preview:large","max-video-preview":"max-video-preview:-1"},"canonical":"https:\/\/compuviper.mx\/tienda\/producto\/dell-460-bfcw-mochila-alienware-18-backpack-aw7825p-hasta-18-pulgadas\/","og_locale":"es_MX","og_type":"article","og_title":"[ Dell ] &#129351; 460-bfcw Mochila Alienware 18 Backpack Aw7825p Hasta 18 Pulgadas | |","og_description":"Compra 460-bfcw Mochila Alienware 18 Backpack Aw7825p Hasta 18 Pulgadas | | + Env\u00edo a domicilio + Pago seguro + Garant\u00eda","og_url":"https:\/\/compuviper.mx\/tienda\/producto\/dell-460-bfcw-mochila-alienware-18-backpack-aw7825p-hasta-18-pulgadas\/","og_site_name":"Compuviper","article_publisher":"https:\/\/www.facebook.com\/compuviper","og_image":[{"width":200,"height":200,"url":"https:\/\/compuviper.mx\/tienda\/wp-content\/uploads\/2025\/10\/Mochila-dell-alienware-18-backpack-aw7825p-hasta-18-pulgadas-460-bfcw.jpg","type":"image\/jpeg"}],"twitter_card":"summary_large_image","twitter_misc":{"Precio":"&#36;1,963 &#36;1,774 con IVA","Availability":"Out of stock"},"schema":{"@context":"https:\/\/schema.org","@graph":[{"@type":"WebPage","@id":"https:\/\/compuviper.mx\/tienda\/producto\/dell-460-bfcw-mochila-alienware-18-backpack-aw7825p-hasta-18-pulgadas\/","url":"https:\/\/compuviper.mx\/tienda\/producto\/dell-460-bfcw-mochila-alienware-18-backpack-aw7825p-hasta-18-pulgadas\/","name":"[ Dell ] &#129351; 460-bfcw Mochila Alienware 18 Backpack Aw7825p Hasta 18 Pulgadas | |","isPartOf":{"@id":"https:\/\/compuviper.mx\/tienda\/#website"},"datePublished":"2026-04-07T05:15:56+00:00","dateModified":"2026-04-07T05:15:56+00:00","description":"Compra 460-bfcw Mochila Alienware 18 Backpack Aw7825p Hasta 18 Pulgadas | | + Env\u00edo a domicilio + Pago seguro + Garant\u00eda","breadcrumb":{"@id":"https:\/\/compuviper.mx\/tienda\/producto\/dell-460-bfcw-mochila-alienware-18-backpack-aw7825p-hasta-18-pulgadas\/#breadcrumb"},"inLanguage":"es-MX","potentialAction":[{"@type":"ReadAction","target":["https:\/\/compuviper.mx\/tienda\/producto\/dell-460-bfcw-mochila-alienware-18-backpack-aw7825p-hasta-18-pulgadas\/"]}]},{"@type":"BreadcrumbList","@id":"https:\/\/compuviper.mx\/tienda\/producto\/dell-460-bfcw-mochila-alienware-18-backpack-aw7825p-hasta-18-pulgadas\/#breadcrumb","itemListElement":[{"@type":"ListItem","position":1,"name":"Inicio","item":"https:\/\/compuviper.mx\/tienda\/"},{"@type":"ListItem","position":2,"name":"Productos","item":"https:\/\/compuviper.mx\/tienda\/productos\/"},{"@type":"ListItem","position":3,"name":"Back Pack (mochila)","item":"https:\/\/compuviper.mx\/tienda\/categoria-producto\/back-pack-mochila\/"},{"@type":"ListItem","position":4,"name":"Sin Categor\u00eda","item":"https:\/\/compuviper.mx\/tienda\/categoria-producto\/back-pack-mochila\/sin-categoria-back-pack-mochila\/"},{"@type":"ListItem","position":5,"name":"Dell 460-bfcw Mochila Alienware 18 Backpack Aw7825p Hasta 18 Pulgadas | |"}]},{"@type":"WebSite","@id":"https:\/\/compuviper.mx\/tienda\/#website","url":"https:\/\/compuviper.mx\/tienda\/","name":"Compuviper","description":"Proveedor de Computadoras, Laptops, Servidores, Monitores, Puntos de Venta, Teclados,   Impresoras, T\u00f3ner, C\u00e1maras de Seguridad y m\u00e1s en tu tienda en l\u00ednea","publisher":{"@id":"https:\/\/compuviper.mx\/tienda\/#organization"},"potentialAction":[{"@type":"SearchAction","target":{"@type":"EntryPoint","urlTemplate":"https:\/\/compuviper.mx\/tienda\/?s={search_term_string}"},"query-input":"required name=search_term_string"}],"inLanguage":"es-MX"},{"@type":"Organization","@id":"https:\/\/compuviper.mx\/tienda\/#organization","name":"Compuviper","url":"https:\/\/compuviper.mx\/tienda\/","logo":{"@type":"ImageObject","inLanguage":"es-MX","@id":"https:\/\/compuviper.mx\/tienda\/#\/schema\/logo\/image\/","url":"https:\/\/compuviper.mx\/tienda\/wp-content\/uploads\/2021\/08\/Logo-Compuviper-10.png","contentUrl":"https:\/\/compuviper.mx\/tienda\/wp-content\/uploads\/2021\/08\/Logo-Compuviper-10.png","width":1000,"height":500,"caption":"Compuviper"},"image":{"@id":"https:\/\/compuviper.mx\/tienda\/#\/schema\/logo\/image\/"},"sameAs":["https:\/\/www.facebook.com\/compuviper","https:\/\/www.youtube.com\/channel\/UCf73dERp9Y3cfOq7q8BhLjA?view_as=subscriber"]}]},"product_brand":"DELL","product_price_amount":"1774","product_price_currency":"MXN","og_availability":"out of stock","product_availability":"out of stock","product_retailer_item_id":"460-BFCW","product_condition":"new"},"_links":{"self":[{"href":"https:\/\/compuviper.mx\/tienda\/wp-json\/wp\/v2\/product\/256898"}],"collection":[{"href":"https:\/\/compuviper.mx\/tienda\/wp-json\/wp\/v2\/product"}],"about":[{"href":"https:\/\/compuviper.mx\/tienda\/wp-json\/wp\/v2\/types\/product"}],"replies":[{"embeddable":true,"href":"https:\/\/compuviper.mx\/tienda\/wp-json\/wp\/v2\/comments?post=256898"}],"wp:featuredmedia":[{"embeddable":true,"href":"https:\/\/compuviper.mx\/tienda\/wp-json\/wp\/v2\/media\/258950"}],"wp:attachment":[{"href":"https:\/\/compuviper.mx\/tienda\/wp-json\/wp\/v2\/media?parent=256898"}],"wp:term":[{"taxonomy":"product_cat","embeddable":true,"href":"https:\/\/compuviper.mx\/tienda\/wp-json\/wp\/v2\/product_cat?post=256898"},{"taxonomy":"product_tag","embeddable":true,"href":"https:\/\/compuviper.mx\/tienda\/wp-json\/wp\/v2\/product_tag?post=256898"}],"curies":[{"name":"wp","href":"https:\/\/api.w.org\/{rel}","templated":true}]}}