{"id":256829,"date":"2026-04-02T02:23:32","date_gmt":"2026-04-02T08:23:32","guid":{"rendered":"https:\/\/compuviper.mx\/tienda\/producto\/hisense-55qd6qv-television-qled-55-55qd6av-smart-vidaa-tv-uhd-4k-dolby-vision-dolby-atmos\/"},"modified":"2026-04-02T02:23:32","modified_gmt":"2026-04-02T08:23:32","slug":"hisense-55qd6qv-television-55-pulgadas-qled-smart-vidaa-tv-uhd-4k-dolby-vision-dolby-atmos-wifi","status":"publish","type":"product","link":"https:\/\/compuviper.mx\/tienda\/producto\/hisense-55qd6qv-television-55-pulgadas-qled-smart-vidaa-tv-uhd-4k-dolby-vision-dolby-atmos-wifi\/","title":{"rendered":"Hisense 55qd6qv Television 55 Pulgadas Qled   Smart Vidaa Tv, Uhd 4k, Dolby Vision, Dolby Atmos, Wifi"},"content":{"rendered":"<table class=\"descripcion\">\n<tr>\n<td>Modelo 55qd6qv<\/td>\n<\/tr>\n<tr>\n<td>Marca hisense<\/td>\n<\/tr>\n<tr>\n<td>Tecnolog\u00eda premium<\/td>\n<\/tr>\n<tr>\n<td>Miniled technology no<\/td>\n<\/tr>\n<tr>\n<td>Quantum dot technology si<\/td>\n<\/tr>\n<tr>\n<td>Aglr(low reflection) no<\/td>\n<\/tr>\n<tr>\n<td>Ai\u00a0 aipq<\/td>\n<\/tr>\n<tr>\n<td>Calidad de imagen<\/td>\n<\/tr>\n<tr>\n<td>Tama\u00f1o 55<\/td>\n<\/tr>\n<tr>\n<td>Area del display 54.6\u0093\u00a0diagonal<\/td>\n<\/tr>\n<tr>\n<td>Tipo de panel  va<\/td>\n<\/tr>\n<tr>\n<td>Relacion de aspecto  16:09<\/td>\n<\/tr>\n<tr>\n<td>Display plano<\/td>\n<\/tr>\n<tr>\n<td>Resoluci\u00f3n 4k\u00a03840&#215;2160<\/td>\n<\/tr>\n<tr>\n<td>Frecuencia de actualizaci\u00f3n nativa (hz) 60hz<\/td>\n<\/tr>\n<tr>\n<td>Brillo nits 350typ<\/td>\n<\/tr>\n<tr>\n<td>Relaci\u00f3n de contraste est\u00e1tico (con atenuaci\u00f3n local) 5000typ<\/td>\n<\/tr>\n<tr>\n<td>\u00e1ngulo de visi\u00f3n h\/v 178\/178<\/td>\n<\/tr>\n<tr>\n<td>Tiempo de respuesta (ms) 8ms<\/td>\n<\/tr>\n<tr>\n<td>Profundidad de color 8bit+frc<\/td>\n<\/tr>\n<tr>\n<td>Backlight dled<\/td>\n<\/tr>\n<tr>\n<td>Atenuaci\u00f3n local no<\/td>\n<\/tr>\n<tr>\n<td>Zonas de atenuaci\u00f3n local na<\/td>\n<\/tr>\n<tr>\n<td>Wide color gamut si<\/td>\n<\/tr>\n<tr>\n<td>4k upscale si<\/td>\n<\/tr>\n<tr>\n<td>Memc si<\/td>\n<\/tr>\n<tr>\n<td>Motion rate 120<\/td>\n<\/tr>\n<tr>\n<td>Black frame insertion no<\/td>\n<\/tr>\n<tr>\n<td>Hdr: dolby vision si<\/td>\n<\/tr>\n<tr>\n<td>Hdr: hdr10+ si<\/td>\n<\/tr>\n<tr>\n<td>Hdr: hdr10 si<\/td>\n<\/tr>\n<tr>\n<td>Hdr: hybrid log gamma (hlg) si<\/td>\n<\/tr>\n<tr>\n<td>Hdr10+ adaptive no<\/td>\n<\/tr>\n<tr>\n<td>Hdr10+ gaming no<\/td>\n<\/tr>\n<tr>\n<td>Dolby vision iq no<\/td>\n<\/tr>\n<tr>\n<td>Dolby gaming si<\/td>\n<\/tr>\n<tr>\n<td>Imax enhanced no<\/td>\n<\/tr>\n<tr>\n<td>Film maker mode si<\/td>\n<\/tr>\n<tr>\n<td>Modo juego<\/td>\n<\/tr>\n<tr>\n<td>Hdr modo juego si<\/td>\n<\/tr>\n<tr>\n<td>Hsr hsr 120<\/td>\n<\/tr>\n<tr>\n<td>Vrr(variable refresh rate) 48-60hz vrr<\/td>\n<\/tr>\n<tr>\n<td>Allm(auto low-latency mode) si<\/td>\n<\/tr>\n<tr>\n<td>Freesync no<\/td>\n<\/tr>\n<tr>\n<td>G-sync no<\/td>\n<\/tr>\n<tr>\n<td>Otras caracter\u00edsticas del juego gamebar<\/td>\n<\/tr>\n<tr>\n<td>Audio<\/td>\n<\/tr>\n<tr>\n<td>Mejora de audio dolby\u00a0atmos<\/td>\n<\/tr>\n<tr>\n<td>Audio multicanal 2.0\u00a0ch<\/td>\n<\/tr>\n<tr>\n<td>Potencia de audio 2*8w<\/td>\n<\/tr>\n<tr>\n<td>Transmisi\u00f3n de sonido si<\/td>\n<\/tr>\n<tr>\n<td>Tipo de altavoz integrado<\/td>\n<\/tr>\n<tr>\n<td>Audio bluetooth si<\/td>\n<\/tr>\n<tr>\n<td>Audio dual: bluetooth + altavoz de tv si<\/td>\n<\/tr>\n<tr>\n<td>Audio dual: 2 bluetooth si<\/td>\n<\/tr>\n<tr>\n<td>Altavoz bluetooth para tv (cuando los dispositivos m\u00f3viles se conectan al televisor mediante bluetooth, el sonido se emite a trav\u00e9s del altavoz del televisor). si<\/td>\n<\/tr>\n<tr>\n<td>Hardware y puertos<\/td>\n<\/tr>\n<tr>\n<td>Wi-fi 802.11\u00a0a\/b\/g\/n\/ac\u00a0dual\u00a0band(2.4\/5\u00a0ghz)<\/td>\n<\/tr>\n<tr>\n<td>Bluetooth bt5.3<\/td>\n<\/tr>\n<tr>\n<td>Rf antenna 1<\/td>\n<\/tr>\n<tr>\n<td>Formato admitido 480i,480p,720p,1080i,1080p,2160p<\/td>\n<\/tr>\n<tr>\n<td>Hdmi inputs hdmi2.0*3<\/td>\n<\/tr>\n<tr>\n<td>Hdmi 4k@120hz n<\/td>\n<\/tr>\n<tr>\n<td>Hdmi-earc hdmi\u00a03<\/td>\n<\/tr>\n<tr>\n<td>Usb usb2.0*2<\/td>\n<\/tr>\n<tr>\n<td>Ethernet (lan) 1<\/td>\n<\/tr>\n<tr>\n<td>Composite video input 1<\/td>\n<\/tr>\n<tr>\n<td>L\/r\u00a0 audio input for composite 1<\/td>\n<\/tr>\n<tr>\n<td>Earphone\/audio output 1<\/td>\n<\/tr>\n<tr>\n<td>Digital audio output 1\u00a0optical<\/td>\n<\/tr>\n<tr>\n<td>Mainboard output signal p2p<\/td>\n<\/tr>\n<tr>\n<td>Conjuntos de chips<\/td>\n<\/tr>\n<tr>\n<td>Os version vidaa u9<\/td>\n<\/tr>\n<tr>\n<td>Chipset name mt9603baatac<\/td>\n<\/tr>\n<tr>\n<td>Cpu ca55 * 4 @\u00a01.53ghz<\/td>\n<\/tr>\n<tr>\n<td>Gpu g52 mc1 550mhz<\/td>\n<\/tr>\n<tr>\n<td>L1 \/<\/td>\n<\/tr>\n<tr>\n<td>L2\/l3 \/<\/td>\n<\/tr>\n<tr>\n<td>Ddr 1.5gb\u00a0<\/td>\n<\/tr>\n<tr>\n<td>Emmc 8gb\u00a0<\/td>\n<\/tr>\n<tr>\n<td>Energ\u00eda<\/td>\n<\/tr>\n<tr>\n<td>Consumo de energ\u00eda 130w<\/td>\n<\/tr>\n<tr>\n<td>Consumo en espera  and #8804;0.5w<\/td>\n<\/tr>\n<tr>\n<td>Fuente de alimentaci\u00f3n (voltaje\/hz) ac100-240v,50\/60hz<\/td>\n<\/tr>\n<tr>\n<td>Amplia fuente de alimentaci\u00f3n si<\/td>\n<\/tr>\n<tr>\n<td>Smart tv<\/td>\n<\/tr>\n<tr>\n<td>Plataforma smart  vidaa u9<\/td>\n<\/tr>\n<tr>\n<td>Visualizaci\u00f3n en pantalla english, french, spanish, german, simplified chinese, traditional chinese, portuguese<\/td>\n<\/tr>\n<tr>\n<td>App store vidaa app store<\/td>\n<\/tr>\n<tr>\n<td>Tv system atsc1.0\/clear\u00a0qam\/ntsc\/pal-m\/n\/isdb-t\/dvb-t2(6m)<\/td>\n<\/tr>\n<tr>\n<td>Navegador web si (odin)<\/td>\n<\/tr>\n<tr>\n<td>Subt\u00edtulos si<\/td>\n<\/tr>\n<tr>\n<td>Reducci\u00f3n de ruido si<\/td>\n<\/tr>\n<tr>\n<td>Control parental si<\/td>\n<\/tr>\n<tr>\n<td>Temporizador de apagado autom\u00e1tico si<\/td>\n<\/tr>\n<tr>\n<td>Reconocimiento de voz de larga distancia no<\/td>\n<\/tr>\n<tr>\n<td>Asistente de google no<\/td>\n<\/tr>\n<tr>\n<td>Alexa compatible con alexa<\/td>\n<\/tr>\n<tr>\n<td>Siri no<\/td>\n<\/tr>\n<tr>\n<td>Google home google smart home (works with ga)<\/td>\n<\/tr>\n<tr>\n<td>Chromecast no<\/td>\n<\/tr>\n<tr>\n<td>Apple homekit si<\/td>\n<\/tr>\n<tr>\n<td>Airplay si<\/td>\n<\/tr>\n<tr>\n<td>Screen mirror miracast<\/td>\n<\/tr>\n<tr>\n<td>Dimensiones y peso<\/td>\n<\/tr>\n<tr>\n<td>Dimensiones del televisor (sin el soporte) (mm) 1234\u00d7715\u00d772.6 mm<\/td>\n<\/tr>\n<tr>\n<td>Dimensiones del televisor (con el soporte) (mm) 1234\u00d7752\u00d7298 mm<\/td>\n<\/tr>\n<tr>\n<td>Peso del televisor (sin el soporte) (kg) 9.3 kg<\/td>\n<\/tr>\n<tr>\n<td>Peso del televisor (con el soporte) (kg) 9.5 kg<\/td>\n<\/tr>\n<tr>\n<td>Dimensiones del empaque 1360\u00d7125\u00d7846 mm<\/td>\n<\/tr>\n<tr>\n<td>Peso de envio 14.3 kg<\/td>\n<\/tr>\n<tr>\n<td>Montaje de pared<\/td>\n<\/tr>\n<tr>\n<td>Tama\u00f1o del soporte de pared 200\u00d7400<\/td>\n<\/tr>\n<tr>\n<td>Tornillo del soporte de pared m6<\/td>\n<\/tr>\n<tr>\n<td>Modelo de soporte de pared con soporte interno de hisense (se vende por separado) lg400065<\/td>\n<\/tr>\n<tr>\n<td>N\u00famero de material del soporte de pared con soporte interno de hisense 193085-0120\u00a0<\/td>\n<\/tr>\n<tr>\n<td>Accesorios<\/td>\n<\/tr>\n<tr>\n<td>Remote erf2f38h<\/td>\n<\/tr>\n<tr>\n<td>Baterias 2<\/td>\n<\/tr>\n<tr>\n<td>Cable de poder 1<\/td>\n<\/tr>\n<tr>\n<td>Hdmi cable no<\/td>\n<\/tr>\n<tr>\n<td>Qsg si<\/td>\n<\/tr>\n<tr>\n<td>Safety and warranty\u00a0 si<\/td>\n<\/tr>\n<tr>\n<td>Stand dual stand<\/td>\n<\/tr>\n<tr>\n<td>Garant\u00eda<\/td>\n<\/tr>\n<tr>\n<td>Garant\u00eda  2 a\u00f1os<\/td>\n<\/tr>\n<\/table>\n","protected":false},"excerpt":{"rendered":"<p>Disfruta de im\u00e1genes vibrantes con hisense qd6qv, con color qled para colores m\u00e1s puros y realistas. Vive el dolby vision y atmos para ver y escuchar detalles impresionantes en cada escena. Disfruta de su escalado ia a 4k que convierte im\u00e1genes borrosas en 4k o su ai smooth motion para im\u00e1genes m\u00e1s fluidas sin desenfoque. Adem\u00e1s el game mode plus, reduce el lag para una experiencia de juego fluida. Su sistema operativo vidaa te brinda acceso r\u00e1pido a tus apps favoritas. Adem\u00e1s, la compatibilidad con hdr10+ mejora la calidad de imagen en cualquier contenido. Vive el entretenimiento con un nivel de detalle inigualable.<\/p>\n","protected":false},"featured_media":258517,"comment_status":"open","ping_status":"open","template":"","meta":[],"product_cat":[1838,1839],"product_tag":[2128],"acf":[],"yoast_head":"<!-- This site is optimized with the Yoast SEO plugin v21.7 - https:\/\/yoast.com\/wordpress\/plugins\/seo\/ -->\n<title>[ Hisense ] &#129351; 55qd6qv Television 55 Pulgadas Qled Smart Vidaa Tv, Uhd 4k, Dolby Vision, Dolby Atmos, Wifi<\/title>\n<meta name=\"description\" content=\"Compra 55qd6qv Television 55 Pulgadas Qled Smart Vidaa Tv, Uhd 4k, Dolby Vision, Dolby Atmos, Wifi + Env\u00edo a domicilio + Pago seguro + Garant\u00eda\" \/>\n<meta name=\"robots\" content=\"index, follow, max-snippet:-1, max-image-preview:large, max-video-preview:-1\" \/>\n<link rel=\"canonical\" href=\"https:\/\/compuviper.mx\/tienda\/producto\/hisense-55qd6qv-television-55-pulgadas-qled-smart-vidaa-tv-uhd-4k-dolby-vision-dolby-atmos-wifi\/\" \/>\n<meta property=\"og:locale\" content=\"es_MX\" \/>\n<meta property=\"og:type\" content=\"article\" \/>\n<meta property=\"og:title\" content=\"[ Hisense ] &#129351; 55qd6qv Television 55 Pulgadas Qled Smart Vidaa Tv, Uhd 4k, Dolby Vision, Dolby Atmos, Wifi\" \/>\n<meta property=\"og:description\" content=\"Compra 55qd6qv Television 55 Pulgadas Qled Smart Vidaa Tv, Uhd 4k, Dolby Vision, Dolby Atmos, Wifi + Env\u00edo a domicilio + Pago seguro + Garant\u00eda\" \/>\n<meta property=\"og:url\" content=\"https:\/\/compuviper.mx\/tienda\/producto\/hisense-55qd6qv-television-55-pulgadas-qled-smart-vidaa-tv-uhd-4k-dolby-vision-dolby-atmos-wifi\/\" \/>\n<meta property=\"og:site_name\" content=\"Compuviper\" \/>\n<meta property=\"article:publisher\" content=\"https:\/\/www.facebook.com\/compuviper\" \/>\n<meta property=\"og:image\" content=\"https:\/\/compuviper.mx\/tienda\/wp-content\/uploads\/2025\/10\/Television-55-pulgadas-qled-hisense-55qd6qv-smart-vidaa-tv-uhd-4k-dolby-vision-dolby-atmos-wifi.jpg\" \/>\n\t<meta property=\"og:image:width\" content=\"200\" \/>\n\t<meta property=\"og:image:height\" content=\"200\" \/>\n\t<meta property=\"og:image:type\" content=\"image\/jpeg\" \/>\n<meta name=\"twitter:card\" content=\"summary_large_image\" \/>\n<meta name=\"twitter:label1\" content=\"Precio\" \/>\n\t<meta name=\"twitter:data1\" content=\"&#36;8,012 con IVA\" \/>\n\t<meta name=\"twitter:label2\" content=\"Availability\" \/>\n\t<meta name=\"twitter:data2\" content=\"Out of stock\" \/>\n<script type=\"application\/ld+json\" class=\"yoast-schema-graph\">{\"@context\":\"https:\/\/schema.org\",\"@graph\":[{\"@type\":\"WebPage\",\"@id\":\"https:\/\/compuviper.mx\/tienda\/producto\/hisense-55qd6qv-television-55-pulgadas-qled-smart-vidaa-tv-uhd-4k-dolby-vision-dolby-atmos-wifi\/\",\"url\":\"https:\/\/compuviper.mx\/tienda\/producto\/hisense-55qd6qv-television-55-pulgadas-qled-smart-vidaa-tv-uhd-4k-dolby-vision-dolby-atmos-wifi\/\",\"name\":\"[ Hisense ] &#129351; 55qd6qv Television 55 Pulgadas Qled Smart Vidaa Tv, Uhd 4k, Dolby Vision, Dolby Atmos, Wifi\",\"isPartOf\":{\"@id\":\"https:\/\/compuviper.mx\/tienda\/#website\"},\"datePublished\":\"2026-04-02T08:23:32+00:00\",\"dateModified\":\"2026-04-02T08:23:32+00:00\",\"description\":\"Compra 55qd6qv Television 55 Pulgadas Qled Smart Vidaa Tv, Uhd 4k, Dolby Vision, Dolby Atmos, Wifi + Env\u00edo a domicilio + Pago seguro + Garant\u00eda\",\"breadcrumb\":{\"@id\":\"https:\/\/compuviper.mx\/tienda\/producto\/hisense-55qd6qv-television-55-pulgadas-qled-smart-vidaa-tv-uhd-4k-dolby-vision-dolby-atmos-wifi\/#breadcrumb\"},\"inLanguage\":\"es-MX\",\"potentialAction\":[{\"@type\":\"ReadAction\",\"target\":[\"https:\/\/compuviper.mx\/tienda\/producto\/hisense-55qd6qv-television-55-pulgadas-qled-smart-vidaa-tv-uhd-4k-dolby-vision-dolby-atmos-wifi\/\"]}]},{\"@type\":\"BreadcrumbList\",\"@id\":\"https:\/\/compuviper.mx\/tienda\/producto\/hisense-55qd6qv-television-55-pulgadas-qled-smart-vidaa-tv-uhd-4k-dolby-vision-dolby-atmos-wifi\/#breadcrumb\",\"itemListElement\":[{\"@type\":\"ListItem\",\"position\":1,\"name\":\"Inicio\",\"item\":\"https:\/\/compuviper.mx\/tienda\/\"},{\"@type\":\"ListItem\",\"position\":2,\"name\":\"Productos\",\"item\":\"https:\/\/compuviper.mx\/tienda\/productos\/\"},{\"@type\":\"ListItem\",\"position\":3,\"name\":\"Televisor\",\"item\":\"https:\/\/compuviper.mx\/tienda\/categoria-producto\/televisor\/\"},{\"@type\":\"ListItem\",\"position\":4,\"name\":\"Led\",\"item\":\"https:\/\/compuviper.mx\/tienda\/categoria-producto\/televisor\/led-televisor\/\"},{\"@type\":\"ListItem\",\"position\":5,\"name\":\"Hisense 55qd6qv Television 55 Pulgadas Qled Smart Vidaa Tv, Uhd 4k, Dolby Vision, Dolby Atmos, Wifi\"}]},{\"@type\":\"WebSite\",\"@id\":\"https:\/\/compuviper.mx\/tienda\/#website\",\"url\":\"https:\/\/compuviper.mx\/tienda\/\",\"name\":\"Compuviper\",\"description\":\"Proveedor de Computadoras, Laptops, Servidores, Monitores, Puntos de Venta, Teclados,   Impresoras, T\u00f3ner, C\u00e1maras de Seguridad y m\u00e1s en tu tienda en l\u00ednea\",\"publisher\":{\"@id\":\"https:\/\/compuviper.mx\/tienda\/#organization\"},\"potentialAction\":[{\"@type\":\"SearchAction\",\"target\":{\"@type\":\"EntryPoint\",\"urlTemplate\":\"https:\/\/compuviper.mx\/tienda\/?s={search_term_string}\"},\"query-input\":\"required name=search_term_string\"}],\"inLanguage\":\"es-MX\"},{\"@type\":\"Organization\",\"@id\":\"https:\/\/compuviper.mx\/tienda\/#organization\",\"name\":\"Compuviper\",\"url\":\"https:\/\/compuviper.mx\/tienda\/\",\"logo\":{\"@type\":\"ImageObject\",\"inLanguage\":\"es-MX\",\"@id\":\"https:\/\/compuviper.mx\/tienda\/#\/schema\/logo\/image\/\",\"url\":\"https:\/\/compuviper.mx\/tienda\/wp-content\/uploads\/2021\/08\/Logo-Compuviper-10.png\",\"contentUrl\":\"https:\/\/compuviper.mx\/tienda\/wp-content\/uploads\/2021\/08\/Logo-Compuviper-10.png\",\"width\":1000,\"height\":500,\"caption\":\"Compuviper\"},\"image\":{\"@id\":\"https:\/\/compuviper.mx\/tienda\/#\/schema\/logo\/image\/\"},\"sameAs\":[\"https:\/\/www.facebook.com\/compuviper\",\"https:\/\/www.youtube.com\/channel\/UCf73dERp9Y3cfOq7q8BhLjA?view_as=subscriber\"]}]}<\/script>\n<meta property=\"product:brand\" content=\"Hisense\" \/>\n<meta property=\"product:price:amount\" content=\"8012\" \/>\n<meta property=\"product:price:currency\" content=\"MXN\" \/>\n<meta property=\"og:availability\" content=\"out of stock\" \/>\n<meta property=\"product:availability\" content=\"out of stock\" \/>\n<meta property=\"product:retailer_item_id\" content=\"55QD6QV\" \/>\n<meta property=\"product:condition\" content=\"new\" \/>\n<!-- \/ Yoast SEO plugin. -->","yoast_head_json":{"title":"[ Hisense ] &#129351; 55qd6qv Television 55 Pulgadas Qled Smart Vidaa Tv, Uhd 4k, Dolby Vision, Dolby Atmos, Wifi","description":"Compra 55qd6qv Television 55 Pulgadas Qled Smart Vidaa Tv, Uhd 4k, Dolby Vision, Dolby Atmos, Wifi + Env\u00edo a domicilio + Pago seguro + Garant\u00eda","robots":{"index":"index","follow":"follow","max-snippet":"max-snippet:-1","max-image-preview":"max-image-preview:large","max-video-preview":"max-video-preview:-1"},"canonical":"https:\/\/compuviper.mx\/tienda\/producto\/hisense-55qd6qv-television-55-pulgadas-qled-smart-vidaa-tv-uhd-4k-dolby-vision-dolby-atmos-wifi\/","og_locale":"es_MX","og_type":"article","og_title":"[ Hisense ] &#129351; 55qd6qv Television 55 Pulgadas Qled Smart Vidaa Tv, Uhd 4k, Dolby Vision, Dolby Atmos, Wifi","og_description":"Compra 55qd6qv Television 55 Pulgadas Qled Smart Vidaa Tv, Uhd 4k, Dolby Vision, Dolby Atmos, Wifi + Env\u00edo a domicilio + Pago seguro + Garant\u00eda","og_url":"https:\/\/compuviper.mx\/tienda\/producto\/hisense-55qd6qv-television-55-pulgadas-qled-smart-vidaa-tv-uhd-4k-dolby-vision-dolby-atmos-wifi\/","og_site_name":"Compuviper","article_publisher":"https:\/\/www.facebook.com\/compuviper","og_image":[{"width":200,"height":200,"url":"https:\/\/compuviper.mx\/tienda\/wp-content\/uploads\/2025\/10\/Television-55-pulgadas-qled-hisense-55qd6qv-smart-vidaa-tv-uhd-4k-dolby-vision-dolby-atmos-wifi.jpg","type":"image\/jpeg"}],"twitter_card":"summary_large_image","twitter_misc":{"Precio":"&#36;8,012 con IVA","Availability":"Out of stock"},"schema":{"@context":"https:\/\/schema.org","@graph":[{"@type":"WebPage","@id":"https:\/\/compuviper.mx\/tienda\/producto\/hisense-55qd6qv-television-55-pulgadas-qled-smart-vidaa-tv-uhd-4k-dolby-vision-dolby-atmos-wifi\/","url":"https:\/\/compuviper.mx\/tienda\/producto\/hisense-55qd6qv-television-55-pulgadas-qled-smart-vidaa-tv-uhd-4k-dolby-vision-dolby-atmos-wifi\/","name":"[ Hisense ] &#129351; 55qd6qv Television 55 Pulgadas Qled Smart Vidaa Tv, Uhd 4k, Dolby Vision, Dolby Atmos, Wifi","isPartOf":{"@id":"https:\/\/compuviper.mx\/tienda\/#website"},"datePublished":"2026-04-02T08:23:32+00:00","dateModified":"2026-04-02T08:23:32+00:00","description":"Compra 55qd6qv Television 55 Pulgadas Qled Smart Vidaa Tv, Uhd 4k, Dolby Vision, Dolby Atmos, Wifi + Env\u00edo a domicilio + Pago seguro + Garant\u00eda","breadcrumb":{"@id":"https:\/\/compuviper.mx\/tienda\/producto\/hisense-55qd6qv-television-55-pulgadas-qled-smart-vidaa-tv-uhd-4k-dolby-vision-dolby-atmos-wifi\/#breadcrumb"},"inLanguage":"es-MX","potentialAction":[{"@type":"ReadAction","target":["https:\/\/compuviper.mx\/tienda\/producto\/hisense-55qd6qv-television-55-pulgadas-qled-smart-vidaa-tv-uhd-4k-dolby-vision-dolby-atmos-wifi\/"]}]},{"@type":"BreadcrumbList","@id":"https:\/\/compuviper.mx\/tienda\/producto\/hisense-55qd6qv-television-55-pulgadas-qled-smart-vidaa-tv-uhd-4k-dolby-vision-dolby-atmos-wifi\/#breadcrumb","itemListElement":[{"@type":"ListItem","position":1,"name":"Inicio","item":"https:\/\/compuviper.mx\/tienda\/"},{"@type":"ListItem","position":2,"name":"Productos","item":"https:\/\/compuviper.mx\/tienda\/productos\/"},{"@type":"ListItem","position":3,"name":"Televisor","item":"https:\/\/compuviper.mx\/tienda\/categoria-producto\/televisor\/"},{"@type":"ListItem","position":4,"name":"Led","item":"https:\/\/compuviper.mx\/tienda\/categoria-producto\/televisor\/led-televisor\/"},{"@type":"ListItem","position":5,"name":"Hisense 55qd6qv Television 55 Pulgadas Qled Smart Vidaa Tv, Uhd 4k, Dolby Vision, Dolby Atmos, Wifi"}]},{"@type":"WebSite","@id":"https:\/\/compuviper.mx\/tienda\/#website","url":"https:\/\/compuviper.mx\/tienda\/","name":"Compuviper","description":"Proveedor de Computadoras, Laptops, Servidores, Monitores, Puntos de Venta, Teclados,   Impresoras, T\u00f3ner, C\u00e1maras de Seguridad y m\u00e1s en tu tienda en l\u00ednea","publisher":{"@id":"https:\/\/compuviper.mx\/tienda\/#organization"},"potentialAction":[{"@type":"SearchAction","target":{"@type":"EntryPoint","urlTemplate":"https:\/\/compuviper.mx\/tienda\/?s={search_term_string}"},"query-input":"required name=search_term_string"}],"inLanguage":"es-MX"},{"@type":"Organization","@id":"https:\/\/compuviper.mx\/tienda\/#organization","name":"Compuviper","url":"https:\/\/compuviper.mx\/tienda\/","logo":{"@type":"ImageObject","inLanguage":"es-MX","@id":"https:\/\/compuviper.mx\/tienda\/#\/schema\/logo\/image\/","url":"https:\/\/compuviper.mx\/tienda\/wp-content\/uploads\/2021\/08\/Logo-Compuviper-10.png","contentUrl":"https:\/\/compuviper.mx\/tienda\/wp-content\/uploads\/2021\/08\/Logo-Compuviper-10.png","width":1000,"height":500,"caption":"Compuviper"},"image":{"@id":"https:\/\/compuviper.mx\/tienda\/#\/schema\/logo\/image\/"},"sameAs":["https:\/\/www.facebook.com\/compuviper","https:\/\/www.youtube.com\/channel\/UCf73dERp9Y3cfOq7q8BhLjA?view_as=subscriber"]}]},"product_brand":"Hisense","product_price_amount":"8012","product_price_currency":"MXN","og_availability":"out of stock","product_availability":"out of stock","product_retailer_item_id":"55QD6QV","product_condition":"new"},"_links":{"self":[{"href":"https:\/\/compuviper.mx\/tienda\/wp-json\/wp\/v2\/product\/256829"}],"collection":[{"href":"https:\/\/compuviper.mx\/tienda\/wp-json\/wp\/v2\/product"}],"about":[{"href":"https:\/\/compuviper.mx\/tienda\/wp-json\/wp\/v2\/types\/product"}],"replies":[{"embeddable":true,"href":"https:\/\/compuviper.mx\/tienda\/wp-json\/wp\/v2\/comments?post=256829"}],"wp:featuredmedia":[{"embeddable":true,"href":"https:\/\/compuviper.mx\/tienda\/wp-json\/wp\/v2\/media\/258517"}],"wp:attachment":[{"href":"https:\/\/compuviper.mx\/tienda\/wp-json\/wp\/v2\/media?parent=256829"}],"wp:term":[{"taxonomy":"product_cat","embeddable":true,"href":"https:\/\/compuviper.mx\/tienda\/wp-json\/wp\/v2\/product_cat?post=256829"},{"taxonomy":"product_tag","embeddable":true,"href":"https:\/\/compuviper.mx\/tienda\/wp-json\/wp\/v2\/product_tag?post=256829"}],"curies":[{"name":"wp","href":"https:\/\/api.w.org\/{rel}","templated":true}]}}