{"id":256815,"date":"2026-04-21T01:24:48","date_gmt":"2026-04-21T07:24:48","guid":{"rendered":"https:\/\/compuviper.mx\/tienda\/producto\/ghia-gk523a24-tablet-kids-a523-octacore-10-1-pulg-ips-3gb-ram-64gb-usb-c-2cam-wifi-bluetooth-6000mah-android-14-astronauta\/"},"modified":"2026-04-21T01:24:49","modified_gmt":"2026-04-21T07:24:49","slug":"ghia-gk523a24-tablet-kids-a523-octacore-10-1-pulg-ips-3gb-ram-64gb-usb-c-2cam-wifi-bluetooth-6000mah-android-14-astronauta","status":"publish","type":"product","link":"https:\/\/compuviper.mx\/tienda\/producto\/ghia-gk523a24-tablet-kids-a523-octacore-10-1-pulg-ips-3gb-ram-64gb-usb-c-2cam-wifi-bluetooth-6000mah-android-14-astronauta\/","title":{"rendered":"Ghia Gk523a24 Tablet Kids A523 Octacore\/ 10.1 Pulg Ips \/3gb Ram\/64gb \/usb C\/2cam\/wifi\/bluetooth\/6000mah\/android 14 \/astronauta"},"content":{"rendered":"<table class=\"descripcion\">\n<tr>\n<td>Procesador a523 octa core hasta 1.8 ghz<\/td>\n<\/tr>\n<tr>\n<td>Sistema operativo android 14<\/td>\n<\/tr>\n<tr>\n<td>Memoria ram de 3gb<\/td>\n<\/tr>\n<tr>\n<td>Memoria rom de 64gb<\/td>\n<\/tr>\n<tr>\n<td>Expandible hasta 1tb<\/td>\n<\/tr>\n<tr>\n<td>Display 10.1 ips<\/td>\n<\/tr>\n<tr>\n<td>Multitouch de 5 puntos<\/td>\n<\/tr>\n<tr>\n<td>Resolucion 1280* 800<\/td>\n<\/tr>\n<tr>\n<td>Camara frontal 2 megapixeles<\/td>\n<\/tr>\n<tr>\n<td>Camara trasera 5 megapixeles<\/td>\n<\/tr>\n<tr>\n<td>1 usb c<\/td>\n<\/tr>\n<tr>\n<td>1 audio jack<\/td>\n<\/tr>\n<tr>\n<td>G sensor<\/td>\n<\/tr>\n<tr>\n<td>Wifi b\/g\/n<\/td>\n<\/tr>\n<tr>\n<td>Bt 4.0<\/td>\n<\/tr>\n<tr>\n<td>1 cable usb c<\/td>\n<\/tr>\n<tr>\n<td>Bateria de 3.7v 6000ma<\/td>\n<\/tr>\n<\/table>\n","protected":false},"excerpt":{"rendered":"<p>Este dispositivo cuenta con certificacion gms android 14, google mobile services otorgada por google, que segura su total compatibilidad con las aplicaciones del ecosistema google: google play, youtube, gmail, hangouts, google fotos y mas.<\/p>\n","protected":false},"featured_media":256816,"comment_status":"open","ping_status":"open","template":"","meta":[],"product_cat":[1758,1767],"product_tag":[1548],"acf":[],"yoast_head":"<!-- This site is optimized with the Yoast SEO plugin v21.7 - https:\/\/yoast.com\/wordpress\/plugins\/seo\/ -->\n<title>[ Ghia ] &#129351; Gk523a24 Tablet Kids A523 Octacore\/ 10.1 Pulg Ips \/3gb Ram\/64gb \/usb C\/2cam\/wifi\/bluetooth\/6000mah\/android 14 \/astronauta<\/title>\n<meta name=\"description\" content=\"Compra Gk523a24 Tablet Kids A523 Octacore\/ 10.1 Pulg Ips \/3gb Ram\/64gb \/usb C\/2cam\/wifi\/bluetooth\/6000mah\/android 14 \/astronauta + Env\u00edo a domicilio + Pago seguro + Garant\u00eda\" \/>\n<meta name=\"robots\" content=\"index, follow, max-snippet:-1, max-image-preview:large, max-video-preview:-1\" \/>\n<link rel=\"canonical\" href=\"https:\/\/compuviper.mx\/tienda\/producto\/ghia-gk523a24-tablet-kids-a523-octacore-10-1-pulg-ips-3gb-ram-64gb-usb-c-2cam-wifi-bluetooth-6000mah-android-14-astronauta\/\" \/>\n<meta property=\"og:locale\" content=\"es_MX\" \/>\n<meta property=\"og:type\" content=\"article\" \/>\n<meta property=\"og:title\" content=\"[ Ghia ] &#129351; Gk523a24 Tablet Kids A523 Octacore\/ 10.1 Pulg Ips \/3gb Ram\/64gb \/usb C\/2cam\/wifi\/bluetooth\/6000mah\/android 14 \/astronauta\" \/>\n<meta property=\"og:description\" content=\"Compra Gk523a24 Tablet Kids A523 Octacore\/ 10.1 Pulg Ips \/3gb Ram\/64gb \/usb C\/2cam\/wifi\/bluetooth\/6000mah\/android 14 \/astronauta + Env\u00edo a domicilio + Pago seguro + Garant\u00eda\" \/>\n<meta property=\"og:url\" content=\"https:\/\/compuviper.mx\/tienda\/producto\/ghia-gk523a24-tablet-kids-a523-octacore-10-1-pulg-ips-3gb-ram-64gb-usb-c-2cam-wifi-bluetooth-6000mah-android-14-astronauta\/\" \/>\n<meta property=\"og:site_name\" content=\"Compuviper\" \/>\n<meta property=\"article:publisher\" content=\"https:\/\/www.facebook.com\/compuviper\" \/>\n<meta property=\"article:modified_time\" content=\"2026-04-21T07:24:49+00:00\" \/>\n<meta property=\"og:image\" content=\"https:\/\/compuviper.mx\/tienda\/wp-content\/uploads\/2025\/08\/Tablet-kids-a523-octacore-10.1-pulg-ips-3gb-ram64gb-usb-c2camwifibluetooth6000mahandroid-14-astronauta.jpg\" \/>\n\t<meta property=\"og:image:width\" content=\"200\" \/>\n\t<meta property=\"og:image:height\" content=\"200\" \/>\n\t<meta property=\"og:image:type\" content=\"image\/jpeg\" \/>\n<meta name=\"twitter:card\" content=\"summary_large_image\" \/>\n<meta name=\"twitter:label1\" content=\"Precio\" \/>\n\t<meta name=\"twitter:data1\" content=\"&#36;1,277 con IVA\" \/>\n\t<meta name=\"twitter:label2\" content=\"Availability\" \/>\n\t<meta name=\"twitter:data2\" content=\"In stock\" \/>\n<script type=\"application\/ld+json\" class=\"yoast-schema-graph\">{\"@context\":\"https:\/\/schema.org\",\"@graph\":[{\"@type\":\"WebPage\",\"@id\":\"https:\/\/compuviper.mx\/tienda\/producto\/ghia-gk523a24-tablet-kids-a523-octacore-10-1-pulg-ips-3gb-ram-64gb-usb-c-2cam-wifi-bluetooth-6000mah-android-14-astronauta\/\",\"url\":\"https:\/\/compuviper.mx\/tienda\/producto\/ghia-gk523a24-tablet-kids-a523-octacore-10-1-pulg-ips-3gb-ram-64gb-usb-c-2cam-wifi-bluetooth-6000mah-android-14-astronauta\/\",\"name\":\"[ Ghia ] &#129351; Gk523a24 Tablet Kids A523 Octacore\/ 10.1 Pulg Ips \/3gb Ram\/64gb \/usb C\/2cam\/wifi\/bluetooth\/6000mah\/android 14 \/astronauta\",\"isPartOf\":{\"@id\":\"https:\/\/compuviper.mx\/tienda\/#website\"},\"datePublished\":\"2026-04-21T07:24:48+00:00\",\"dateModified\":\"2026-04-21T07:24:49+00:00\",\"description\":\"Compra Gk523a24 Tablet Kids A523 Octacore\/ 10.1 Pulg Ips \/3gb Ram\/64gb \/usb C\/2cam\/wifi\/bluetooth\/6000mah\/android 14 \/astronauta + Env\u00edo a domicilio + Pago seguro + Garant\u00eda\",\"breadcrumb\":{\"@id\":\"https:\/\/compuviper.mx\/tienda\/producto\/ghia-gk523a24-tablet-kids-a523-octacore-10-1-pulg-ips-3gb-ram-64gb-usb-c-2cam-wifi-bluetooth-6000mah-android-14-astronauta\/#breadcrumb\"},\"inLanguage\":\"es-MX\",\"potentialAction\":[{\"@type\":\"ReadAction\",\"target\":[\"https:\/\/compuviper.mx\/tienda\/producto\/ghia-gk523a24-tablet-kids-a523-octacore-10-1-pulg-ips-3gb-ram-64gb-usb-c-2cam-wifi-bluetooth-6000mah-android-14-astronauta\/\"]}]},{\"@type\":\"BreadcrumbList\",\"@id\":\"https:\/\/compuviper.mx\/tienda\/producto\/ghia-gk523a24-tablet-kids-a523-octacore-10-1-pulg-ips-3gb-ram-64gb-usb-c-2cam-wifi-bluetooth-6000mah-android-14-astronauta\/#breadcrumb\",\"itemListElement\":[{\"@type\":\"ListItem\",\"position\":1,\"name\":\"Inicio\",\"item\":\"https:\/\/compuviper.mx\/tienda\/\"},{\"@type\":\"ListItem\",\"position\":2,\"name\":\"Productos\",\"item\":\"https:\/\/compuviper.mx\/tienda\/productos\/\"},{\"@type\":\"ListItem\",\"position\":3,\"name\":\"Tabletas\",\"item\":\"https:\/\/compuviper.mx\/tienda\/categoria-producto\/tabletas\/\"},{\"@type\":\"ListItem\",\"position\":4,\"name\":\"Arm Octa Core\",\"item\":\"https:\/\/compuviper.mx\/tienda\/categoria-producto\/tabletas\/arm-octa-core\/\"},{\"@type\":\"ListItem\",\"position\":5,\"name\":\"Ghia Gk523a24 Tablet Kids A523 Octacore\/ 10.1 Pulg Ips \/3gb Ram\/64gb \/usb C\/2cam\/wifi\/bluetooth\/6000mah\/android 14 \/astronauta\"}]},{\"@type\":\"WebSite\",\"@id\":\"https:\/\/compuviper.mx\/tienda\/#website\",\"url\":\"https:\/\/compuviper.mx\/tienda\/\",\"name\":\"Compuviper\",\"description\":\"Proveedor de Computadoras, Laptops, Servidores, Monitores, Puntos de Venta, Teclados,   Impresoras, T\u00f3ner, C\u00e1maras de Seguridad y m\u00e1s en tu tienda en l\u00ednea\",\"publisher\":{\"@id\":\"https:\/\/compuviper.mx\/tienda\/#organization\"},\"potentialAction\":[{\"@type\":\"SearchAction\",\"target\":{\"@type\":\"EntryPoint\",\"urlTemplate\":\"https:\/\/compuviper.mx\/tienda\/?s={search_term_string}\"},\"query-input\":\"required name=search_term_string\"}],\"inLanguage\":\"es-MX\"},{\"@type\":\"Organization\",\"@id\":\"https:\/\/compuviper.mx\/tienda\/#organization\",\"name\":\"Compuviper\",\"url\":\"https:\/\/compuviper.mx\/tienda\/\",\"logo\":{\"@type\":\"ImageObject\",\"inLanguage\":\"es-MX\",\"@id\":\"https:\/\/compuviper.mx\/tienda\/#\/schema\/logo\/image\/\",\"url\":\"https:\/\/compuviper.mx\/tienda\/wp-content\/uploads\/2021\/08\/Logo-Compuviper-10.png\",\"contentUrl\":\"https:\/\/compuviper.mx\/tienda\/wp-content\/uploads\/2021\/08\/Logo-Compuviper-10.png\",\"width\":1000,\"height\":500,\"caption\":\"Compuviper\"},\"image\":{\"@id\":\"https:\/\/compuviper.mx\/tienda\/#\/schema\/logo\/image\/\"},\"sameAs\":[\"https:\/\/www.facebook.com\/compuviper\",\"https:\/\/www.youtube.com\/channel\/UCf73dERp9Y3cfOq7q8BhLjA?view_as=subscriber\"]}]}<\/script>\n<meta property=\"product:brand\" content=\"GHIA\" \/>\n<meta property=\"product:price:amount\" content=\"1277\" \/>\n<meta property=\"product:price:currency\" content=\"MXN\" \/>\n<meta property=\"og:availability\" content=\"instock\" \/>\n<meta property=\"product:availability\" content=\"instock\" \/>\n<meta property=\"product:retailer_item_id\" content=\"GK523A24\" \/>\n<meta property=\"product:condition\" content=\"new\" \/>\n<!-- \/ Yoast SEO plugin. -->","yoast_head_json":{"title":"[ Ghia ] &#129351; Gk523a24 Tablet Kids A523 Octacore\/ 10.1 Pulg Ips \/3gb Ram\/64gb \/usb C\/2cam\/wifi\/bluetooth\/6000mah\/android 14 \/astronauta","description":"Compra Gk523a24 Tablet Kids A523 Octacore\/ 10.1 Pulg Ips \/3gb Ram\/64gb \/usb C\/2cam\/wifi\/bluetooth\/6000mah\/android 14 \/astronauta + Env\u00edo a domicilio + Pago seguro + Garant\u00eda","robots":{"index":"index","follow":"follow","max-snippet":"max-snippet:-1","max-image-preview":"max-image-preview:large","max-video-preview":"max-video-preview:-1"},"canonical":"https:\/\/compuviper.mx\/tienda\/producto\/ghia-gk523a24-tablet-kids-a523-octacore-10-1-pulg-ips-3gb-ram-64gb-usb-c-2cam-wifi-bluetooth-6000mah-android-14-astronauta\/","og_locale":"es_MX","og_type":"article","og_title":"[ Ghia ] &#129351; Gk523a24 Tablet Kids A523 Octacore\/ 10.1 Pulg Ips \/3gb Ram\/64gb \/usb C\/2cam\/wifi\/bluetooth\/6000mah\/android 14 \/astronauta","og_description":"Compra Gk523a24 Tablet Kids A523 Octacore\/ 10.1 Pulg Ips \/3gb Ram\/64gb \/usb C\/2cam\/wifi\/bluetooth\/6000mah\/android 14 \/astronauta + Env\u00edo a domicilio + Pago seguro + Garant\u00eda","og_url":"https:\/\/compuviper.mx\/tienda\/producto\/ghia-gk523a24-tablet-kids-a523-octacore-10-1-pulg-ips-3gb-ram-64gb-usb-c-2cam-wifi-bluetooth-6000mah-android-14-astronauta\/","og_site_name":"Compuviper","article_publisher":"https:\/\/www.facebook.com\/compuviper","article_modified_time":"2026-04-21T07:24:49+00:00","og_image":[{"width":200,"height":200,"url":"https:\/\/compuviper.mx\/tienda\/wp-content\/uploads\/2025\/08\/Tablet-kids-a523-octacore-10.1-pulg-ips-3gb-ram64gb-usb-c2camwifibluetooth6000mahandroid-14-astronauta.jpg","type":"image\/jpeg"}],"twitter_card":"summary_large_image","twitter_misc":{"Precio":"&#36;1,277 con IVA","Availability":"In stock"},"schema":{"@context":"https:\/\/schema.org","@graph":[{"@type":"WebPage","@id":"https:\/\/compuviper.mx\/tienda\/producto\/ghia-gk523a24-tablet-kids-a523-octacore-10-1-pulg-ips-3gb-ram-64gb-usb-c-2cam-wifi-bluetooth-6000mah-android-14-astronauta\/","url":"https:\/\/compuviper.mx\/tienda\/producto\/ghia-gk523a24-tablet-kids-a523-octacore-10-1-pulg-ips-3gb-ram-64gb-usb-c-2cam-wifi-bluetooth-6000mah-android-14-astronauta\/","name":"[ Ghia ] &#129351; Gk523a24 Tablet Kids A523 Octacore\/ 10.1 Pulg Ips \/3gb Ram\/64gb \/usb C\/2cam\/wifi\/bluetooth\/6000mah\/android 14 \/astronauta","isPartOf":{"@id":"https:\/\/compuviper.mx\/tienda\/#website"},"datePublished":"2026-04-21T07:24:48+00:00","dateModified":"2026-04-21T07:24:49+00:00","description":"Compra Gk523a24 Tablet Kids A523 Octacore\/ 10.1 Pulg Ips \/3gb Ram\/64gb \/usb C\/2cam\/wifi\/bluetooth\/6000mah\/android 14 \/astronauta + Env\u00edo a domicilio + Pago seguro + Garant\u00eda","breadcrumb":{"@id":"https:\/\/compuviper.mx\/tienda\/producto\/ghia-gk523a24-tablet-kids-a523-octacore-10-1-pulg-ips-3gb-ram-64gb-usb-c-2cam-wifi-bluetooth-6000mah-android-14-astronauta\/#breadcrumb"},"inLanguage":"es-MX","potentialAction":[{"@type":"ReadAction","target":["https:\/\/compuviper.mx\/tienda\/producto\/ghia-gk523a24-tablet-kids-a523-octacore-10-1-pulg-ips-3gb-ram-64gb-usb-c-2cam-wifi-bluetooth-6000mah-android-14-astronauta\/"]}]},{"@type":"BreadcrumbList","@id":"https:\/\/compuviper.mx\/tienda\/producto\/ghia-gk523a24-tablet-kids-a523-octacore-10-1-pulg-ips-3gb-ram-64gb-usb-c-2cam-wifi-bluetooth-6000mah-android-14-astronauta\/#breadcrumb","itemListElement":[{"@type":"ListItem","position":1,"name":"Inicio","item":"https:\/\/compuviper.mx\/tienda\/"},{"@type":"ListItem","position":2,"name":"Productos","item":"https:\/\/compuviper.mx\/tienda\/productos\/"},{"@type":"ListItem","position":3,"name":"Tabletas","item":"https:\/\/compuviper.mx\/tienda\/categoria-producto\/tabletas\/"},{"@type":"ListItem","position":4,"name":"Arm Octa Core","item":"https:\/\/compuviper.mx\/tienda\/categoria-producto\/tabletas\/arm-octa-core\/"},{"@type":"ListItem","position":5,"name":"Ghia Gk523a24 Tablet Kids A523 Octacore\/ 10.1 Pulg Ips \/3gb Ram\/64gb \/usb C\/2cam\/wifi\/bluetooth\/6000mah\/android 14 \/astronauta"}]},{"@type":"WebSite","@id":"https:\/\/compuviper.mx\/tienda\/#website","url":"https:\/\/compuviper.mx\/tienda\/","name":"Compuviper","description":"Proveedor de Computadoras, Laptops, Servidores, Monitores, Puntos de Venta, Teclados,   Impresoras, T\u00f3ner, C\u00e1maras de Seguridad y m\u00e1s en tu tienda en l\u00ednea","publisher":{"@id":"https:\/\/compuviper.mx\/tienda\/#organization"},"potentialAction":[{"@type":"SearchAction","target":{"@type":"EntryPoint","urlTemplate":"https:\/\/compuviper.mx\/tienda\/?s={search_term_string}"},"query-input":"required name=search_term_string"}],"inLanguage":"es-MX"},{"@type":"Organization","@id":"https:\/\/compuviper.mx\/tienda\/#organization","name":"Compuviper","url":"https:\/\/compuviper.mx\/tienda\/","logo":{"@type":"ImageObject","inLanguage":"es-MX","@id":"https:\/\/compuviper.mx\/tienda\/#\/schema\/logo\/image\/","url":"https:\/\/compuviper.mx\/tienda\/wp-content\/uploads\/2021\/08\/Logo-Compuviper-10.png","contentUrl":"https:\/\/compuviper.mx\/tienda\/wp-content\/uploads\/2021\/08\/Logo-Compuviper-10.png","width":1000,"height":500,"caption":"Compuviper"},"image":{"@id":"https:\/\/compuviper.mx\/tienda\/#\/schema\/logo\/image\/"},"sameAs":["https:\/\/www.facebook.com\/compuviper","https:\/\/www.youtube.com\/channel\/UCf73dERp9Y3cfOq7q8BhLjA?view_as=subscriber"]}]},"product_brand":"GHIA","product_price_amount":"1277","product_price_currency":"MXN","og_availability":"instock","product_availability":"instock","product_retailer_item_id":"GK523A24","product_condition":"new"},"_links":{"self":[{"href":"https:\/\/compuviper.mx\/tienda\/wp-json\/wp\/v2\/product\/256815"}],"collection":[{"href":"https:\/\/compuviper.mx\/tienda\/wp-json\/wp\/v2\/product"}],"about":[{"href":"https:\/\/compuviper.mx\/tienda\/wp-json\/wp\/v2\/types\/product"}],"replies":[{"embeddable":true,"href":"https:\/\/compuviper.mx\/tienda\/wp-json\/wp\/v2\/comments?post=256815"}],"wp:featuredmedia":[{"embeddable":true,"href":"https:\/\/compuviper.mx\/tienda\/wp-json\/wp\/v2\/media\/256816"}],"wp:attachment":[{"href":"https:\/\/compuviper.mx\/tienda\/wp-json\/wp\/v2\/media?parent=256815"}],"wp:term":[{"taxonomy":"product_cat","embeddable":true,"href":"https:\/\/compuviper.mx\/tienda\/wp-json\/wp\/v2\/product_cat?post=256815"},{"taxonomy":"product_tag","embeddable":true,"href":"https:\/\/compuviper.mx\/tienda\/wp-json\/wp\/v2\/product_tag?post=256815"}],"curies":[{"name":"wp","href":"https:\/\/api.w.org\/{rel}","templated":true}]}}