{"id":256811,"date":"2026-04-02T00:39:36","date_gmt":"2026-04-02T06:39:36","guid":{"rendered":"https:\/\/compuviper.mx\/tienda\/producto\/synology-hat5320-8t-disco-duro-interno-enterprise-3-5-8tb-sata3-6gb-s-7200rpm-512-mb-hot-plug-consulta-modelos-compatibles-de-nas\/"},"modified":"2026-04-02T00:39:36","modified_gmt":"2026-04-02T06:39:36","slug":"synology-hat5320-8t-disco-duro-interno-enterprise-3-5-8tb-sata3-6gb-s-7200rpm-512-mb-hot-plug-consulta-modelos-compatibles-de-nas","status":"publish","type":"product","link":"https:\/\/compuviper.mx\/tienda\/producto\/synology-hat5320-8t-disco-duro-interno-enterprise-3-5-8tb-sata3-6gb-s-7200rpm-512-mb-hot-plug-consulta-modelos-compatibles-de-nas\/","title":{"rendered":"Synology Hat5320-8t Disco Duro Interno   Enterprise 3.5 8tb Sata3 6gb\/s 7200rpm 512 Mb Hot-plug Consulta Modelos Compatibles De Nas"},"content":{"rendered":"<table class=\"descripcion\">\n<tr>\n<td>Descripcion tecnica<\/td>\n<\/tr>\n<tr>\n<td>Especificaciones de hardware<\/td>\n<\/tr>\n<tr>\n<td>Capacidad 8 tb<\/td>\n<\/tr>\n<tr>\n<td>N\u00famero de modelo hat5320-8t<\/td>\n<\/tr>\n<tr>\n<td>Factor de forma 3,5<\/td>\n<\/tr>\n<tr>\n<td>Interfaz sata<\/td>\n<\/tr>\n<tr>\n<td>Tama\u00f1o del sector 512e<\/td>\n<\/tr>\n<tr>\n<td>Dise\u00f1o de la unidad aire<\/td>\n<\/tr>\n<tr>\n<td>Rendimiento<\/td>\n<\/tr>\n<tr>\n<td>Velocidad de rotaci\u00f3n 7200 rpm<\/td>\n<\/tr>\n<tr>\n<td>Velocidad de interfaz 6,0 gb\/s, 3,0 gb\/s, 1,5 gb\/s<\/td>\n<\/tr>\n<tr>\n<td>Cach\u00e9 (mb) 512 mb<\/td>\n<\/tr>\n<tr>\n<td>Velocidad m\u00e1xima de transferencia de datos sostenida (t\u00edp.) 281 mb\/s<\/td>\n<\/tr>\n<tr>\n<td>Fiabilidad<\/td>\n<\/tr>\n<tr>\n<td>Tiempo medio entre fallos (mtbf) 2 000 000 horas<\/td>\n<\/tr>\n<tr>\n<td>Clasificaci\u00f3n de carga de trabajo 550 tb\/a\u00f1o de escritura\/lectura de datos<\/td>\n<\/tr>\n<tr>\n<td>Consumo el\u00e9ctrico<\/td>\n<\/tr>\n<tr>\n<td>Tensi\u00f3n de alimentaci\u00f3n 12 v (\u00b110 %)\/5 v (+10\/-7 %)<\/td>\n<\/tr>\n<tr>\n<td>Consumo medio en reposo 4,92 w<\/td>\n<\/tr>\n<tr>\n<td>Consumo medio en funcionamiento 8,74 w<\/td>\n<\/tr>\n<tr>\n<td>Medioambiental<\/td>\n<\/tr>\n<tr>\n<td>Temperatura<\/td>\n<\/tr>\n<tr>\n<td>En funcionamiento de<\/td>\n<\/tr>\n<tr>\n<td>5 \u00b0c a 60 \u00b0c (sin condensaci\u00f3n)<\/td>\n<\/tr>\n<tr>\n<td>No en funcionamiento de<\/td>\n<\/tr>\n<tr>\n<td>-40 \u00b0c a 70 \u00b0c (sin condensaci\u00f3n)<\/td>\n<\/tr>\n<tr>\n<td>Impacto<\/td>\n<\/tr>\n<tr>\n<td>En funcionamiento<\/td>\n<\/tr>\n<tr>\n<td>686 m\/s2 (duraci\u00f3n de 2 ms)<\/td>\n<\/tr>\n<tr>\n<td>No en funcionamiento<\/td>\n<\/tr>\n<tr>\n<td>2450 m\/s2 (duraci\u00f3n de 2 ms)<\/td>\n<\/tr>\n<tr>\n<td>Vibraci\u00f3n<\/td>\n<\/tr>\n<tr>\n<td>Enfuncionamiento<\/td>\n<\/tr>\n<tr>\n<td>De 5 hz a 300 hz: 7,35 m\/s2 300 hz a 500 hz: 2,45 m\/s2<\/td>\n<\/tr>\n<tr>\n<td>No en funcionamiento<\/td>\n<\/tr>\n<tr>\n<td>De 5 hz a 500 hz: 29,4 m\/s2<\/td>\n<\/tr>\n<tr>\n<td>Altitud<\/td>\n<\/tr>\n<tr>\n<td>En funcionamiento<\/td>\n<\/tr>\n<tr>\n<td>De -304,8 m a 3 048 m<\/td>\n<\/tr>\n<tr>\n<td>No en funcionamiento<\/td>\n<\/tr>\n<tr>\n<td>De -304,8 m a 12 192 m<\/td>\n<\/tr>\n<tr>\n<td>Humedad relativa<\/td>\n<\/tr>\n<tr>\n<td>En funcionamiento<\/td>\n<\/tr>\n<tr>\n<td>De 5 % a 90 % de humedad relativa (sin condensaci\u00f3n)<\/td>\n<\/tr>\n<tr>\n<td>No en funcionamiento<\/td>\n<\/tr>\n<tr>\n<td>De 5 % a 95 % de humedad relativa (sin condensaci\u00f3n)<\/td>\n<\/tr>\n<tr>\n<td>Otros<\/td>\n<\/tr>\n<tr>\n<td>Tama\u00f1o (al. x an. x pr.) 26,1 mm x 101,85 mm x 147 mm<\/td>\n<\/tr>\n<tr>\n<td>Peso 730 g<\/td>\n<\/tr>\n<tr>\n<td>Certificaci\u00f3n ce, rcm, bsmi, kc, eac, ul, tuv, ices, ukca, rohs, morocco mark<\/td>\n<\/tr>\n<\/table>\n","protected":false},"excerpt":{"rendered":"<p>Descripcion comercial. Modelos compatibles. Sa series:sa6400, sa3610, sa3600, sa3410, sa3400. 25 series:rs2825rp+, ds1825+, ds1525+, ds925+, ds725+, ds425+, ds225. 24 series:ds224+, ds124. 23 series:rs2423rp+, rs2423+, ds1823xs+, ds923+, ds723+, ds423+, ds423, ds223, ds223j. 22 series:rs822rp+, rs822+, rs422+, ds3622xs+, ds2422+, ds1522+, dva1622. 21 series:rs4021xs+, rs3621xs+, rs3621rpxs, rs2821rp+, rs2421rp+, rs2421+, rs1221rp+, rs1221+, ds1821+, ds1621xs+, ds1621+, dva3221. 20 series:rs820rp+, rs820+, ds1520+, ds920+, ds720+, ds420+, ds220. 19 series:rs1619xs+, rs819, ds2419+ii, ds2419+, ds1819+, dva3219. 18 series:rs3618xs, rs2818rp+, rs2418rp+, rs2418+, ds1618. 17 series:rs4017xs+, rs3617xs+, rs3617rpxs, ds3617xsii, ds3617xs<\/p>\n","protected":false},"featured_media":259714,"comment_status":"open","ping_status":"open","template":"","meta":[],"product_cat":[1703,1706],"product_tag":[1561],"acf":[],"yoast_head":"<!-- This site is optimized with the Yoast SEO plugin v21.7 - https:\/\/yoast.com\/wordpress\/plugins\/seo\/ -->\n<title>[ Synology ] &#129351; Hat5320-8t Disco Duro Interno Enterprise 3.5 8tb Sata3 6gb\/s 7200rpm 512 Mb Hot-plug Consulta Modelos Compatibles De Nas<\/title>\n<meta name=\"description\" content=\"Compra Hat5320-8t Disco Duro Interno Enterprise 3.5 8tb Sata3 6gb\/s 7200rpm 512 Mb Hot-plug Consulta Modelos Compatibles De Nas + Env\u00edo a domicilio + Pago seguro + Garant\u00eda\" \/>\n<meta name=\"robots\" content=\"index, follow, max-snippet:-1, max-image-preview:large, max-video-preview:-1\" \/>\n<link rel=\"canonical\" href=\"https:\/\/compuviper.mx\/tienda\/producto\/synology-hat5320-8t-disco-duro-interno-enterprise-3-5-8tb-sata3-6gb-s-7200rpm-512-mb-hot-plug-consulta-modelos-compatibles-de-nas\/\" \/>\n<meta property=\"og:locale\" content=\"es_MX\" \/>\n<meta property=\"og:type\" content=\"article\" \/>\n<meta property=\"og:title\" content=\"[ Synology ] &#129351; Hat5320-8t Disco Duro Interno Enterprise 3.5 8tb Sata3 6gb\/s 7200rpm 512 Mb Hot-plug Consulta Modelos Compatibles De Nas\" \/>\n<meta property=\"og:description\" content=\"Compra Hat5320-8t Disco Duro Interno Enterprise 3.5 8tb Sata3 6gb\/s 7200rpm 512 Mb Hot-plug Consulta Modelos Compatibles De Nas + Env\u00edo a domicilio + Pago seguro + Garant\u00eda\" \/>\n<meta property=\"og:url\" content=\"https:\/\/compuviper.mx\/tienda\/producto\/synology-hat5320-8t-disco-duro-interno-enterprise-3-5-8tb-sata3-6gb-s-7200rpm-512-mb-hot-plug-consulta-modelos-compatibles-de-nas\/\" \/>\n<meta property=\"og:site_name\" content=\"Compuviper\" \/>\n<meta property=\"article:publisher\" content=\"https:\/\/www.facebook.com\/compuviper\" \/>\n<meta property=\"og:image\" content=\"https:\/\/compuviper.mx\/tienda\/wp-content\/uploads\/2025\/10\/Disco-duro-interno-synology-hat5320-8t-enterprise-3.5-8tb-sata3-6gbs-7200rpm-512-mb-hot-plug-consulta-modelos-compatibles-de-nas-synology.jpg\" \/>\n\t<meta property=\"og:image:width\" content=\"200\" \/>\n\t<meta property=\"og:image:height\" content=\"200\" \/>\n\t<meta property=\"og:image:type\" content=\"image\/jpeg\" \/>\n<meta name=\"twitter:card\" content=\"summary_large_image\" \/>\n<meta name=\"twitter:label1\" content=\"Precio\" \/>\n\t<meta name=\"twitter:data1\" content=\"&#36;12,109 con IVA\" \/>\n\t<meta name=\"twitter:label2\" content=\"Availability\" \/>\n\t<meta name=\"twitter:data2\" content=\"In stock\" \/>\n<script type=\"application\/ld+json\" class=\"yoast-schema-graph\">{\"@context\":\"https:\/\/schema.org\",\"@graph\":[{\"@type\":\"WebPage\",\"@id\":\"https:\/\/compuviper.mx\/tienda\/producto\/synology-hat5320-8t-disco-duro-interno-enterprise-3-5-8tb-sata3-6gb-s-7200rpm-512-mb-hot-plug-consulta-modelos-compatibles-de-nas\/\",\"url\":\"https:\/\/compuviper.mx\/tienda\/producto\/synology-hat5320-8t-disco-duro-interno-enterprise-3-5-8tb-sata3-6gb-s-7200rpm-512-mb-hot-plug-consulta-modelos-compatibles-de-nas\/\",\"name\":\"[ Synology ] &#129351; Hat5320-8t Disco Duro Interno Enterprise 3.5 8tb Sata3 6gb\/s 7200rpm 512 Mb Hot-plug Consulta Modelos Compatibles De Nas\",\"isPartOf\":{\"@id\":\"https:\/\/compuviper.mx\/tienda\/#website\"},\"datePublished\":\"2026-04-02T06:39:36+00:00\",\"dateModified\":\"2026-04-02T06:39:36+00:00\",\"description\":\"Compra Hat5320-8t Disco Duro Interno Enterprise 3.5 8tb Sata3 6gb\/s 7200rpm 512 Mb Hot-plug Consulta Modelos Compatibles De Nas + Env\u00edo a domicilio + Pago seguro + Garant\u00eda\",\"breadcrumb\":{\"@id\":\"https:\/\/compuviper.mx\/tienda\/producto\/synology-hat5320-8t-disco-duro-interno-enterprise-3-5-8tb-sata3-6gb-s-7200rpm-512-mb-hot-plug-consulta-modelos-compatibles-de-nas\/#breadcrumb\"},\"inLanguage\":\"es-MX\",\"potentialAction\":[{\"@type\":\"ReadAction\",\"target\":[\"https:\/\/compuviper.mx\/tienda\/producto\/synology-hat5320-8t-disco-duro-interno-enterprise-3-5-8tb-sata3-6gb-s-7200rpm-512-mb-hot-plug-consulta-modelos-compatibles-de-nas\/\"]}]},{\"@type\":\"BreadcrumbList\",\"@id\":\"https:\/\/compuviper.mx\/tienda\/producto\/synology-hat5320-8t-disco-duro-interno-enterprise-3-5-8tb-sata3-6gb-s-7200rpm-512-mb-hot-plug-consulta-modelos-compatibles-de-nas\/#breadcrumb\",\"itemListElement\":[{\"@type\":\"ListItem\",\"position\":1,\"name\":\"Inicio\",\"item\":\"https:\/\/compuviper.mx\/tienda\/\"},{\"@type\":\"ListItem\",\"position\":2,\"name\":\"Productos\",\"item\":\"https:\/\/compuviper.mx\/tienda\/productos\/\"},{\"@type\":\"ListItem\",\"position\":3,\"name\":\"Discos Duros\",\"item\":\"https:\/\/compuviper.mx\/tienda\/categoria-producto\/discos-duros\/\"},{\"@type\":\"ListItem\",\"position\":4,\"name\":\"Disco Duro\",\"item\":\"https:\/\/compuviper.mx\/tienda\/categoria-producto\/discos-duros\/disco-duro\/\"},{\"@type\":\"ListItem\",\"position\":5,\"name\":\"Synology Hat5320-8t Disco Duro Interno Enterprise 3.5 8tb Sata3 6gb\/s 7200rpm 512 Mb Hot-plug Consulta Modelos Compatibles De Nas\"}]},{\"@type\":\"WebSite\",\"@id\":\"https:\/\/compuviper.mx\/tienda\/#website\",\"url\":\"https:\/\/compuviper.mx\/tienda\/\",\"name\":\"Compuviper\",\"description\":\"Proveedor de Computadoras, Laptops, Servidores, Monitores, Puntos de Venta, Teclados,   Impresoras, T\u00f3ner, C\u00e1maras de Seguridad y m\u00e1s en tu tienda en l\u00ednea\",\"publisher\":{\"@id\":\"https:\/\/compuviper.mx\/tienda\/#organization\"},\"potentialAction\":[{\"@type\":\"SearchAction\",\"target\":{\"@type\":\"EntryPoint\",\"urlTemplate\":\"https:\/\/compuviper.mx\/tienda\/?s={search_term_string}\"},\"query-input\":\"required name=search_term_string\"}],\"inLanguage\":\"es-MX\"},{\"@type\":\"Organization\",\"@id\":\"https:\/\/compuviper.mx\/tienda\/#organization\",\"name\":\"Compuviper\",\"url\":\"https:\/\/compuviper.mx\/tienda\/\",\"logo\":{\"@type\":\"ImageObject\",\"inLanguage\":\"es-MX\",\"@id\":\"https:\/\/compuviper.mx\/tienda\/#\/schema\/logo\/image\/\",\"url\":\"https:\/\/compuviper.mx\/tienda\/wp-content\/uploads\/2021\/08\/Logo-Compuviper-10.png\",\"contentUrl\":\"https:\/\/compuviper.mx\/tienda\/wp-content\/uploads\/2021\/08\/Logo-Compuviper-10.png\",\"width\":1000,\"height\":500,\"caption\":\"Compuviper\"},\"image\":{\"@id\":\"https:\/\/compuviper.mx\/tienda\/#\/schema\/logo\/image\/\"},\"sameAs\":[\"https:\/\/www.facebook.com\/compuviper\",\"https:\/\/www.youtube.com\/channel\/UCf73dERp9Y3cfOq7q8BhLjA?view_as=subscriber\"]}]}<\/script>\n<meta property=\"product:brand\" content=\"SYNOLOGY\" \/>\n<meta property=\"product:price:amount\" content=\"12109\" \/>\n<meta property=\"product:price:currency\" content=\"MXN\" \/>\n<meta property=\"og:availability\" content=\"instock\" \/>\n<meta property=\"product:availability\" content=\"instock\" \/>\n<meta property=\"product:retailer_item_id\" content=\"HAT5320-8T\" \/>\n<meta property=\"product:condition\" content=\"new\" \/>\n<!-- \/ Yoast SEO plugin. -->","yoast_head_json":{"title":"[ Synology ] &#129351; Hat5320-8t Disco Duro Interno Enterprise 3.5 8tb Sata3 6gb\/s 7200rpm 512 Mb Hot-plug Consulta Modelos Compatibles De Nas","description":"Compra Hat5320-8t Disco Duro Interno Enterprise 3.5 8tb Sata3 6gb\/s 7200rpm 512 Mb Hot-plug Consulta Modelos Compatibles De Nas + Env\u00edo a domicilio + Pago seguro + Garant\u00eda","robots":{"index":"index","follow":"follow","max-snippet":"max-snippet:-1","max-image-preview":"max-image-preview:large","max-video-preview":"max-video-preview:-1"},"canonical":"https:\/\/compuviper.mx\/tienda\/producto\/synology-hat5320-8t-disco-duro-interno-enterprise-3-5-8tb-sata3-6gb-s-7200rpm-512-mb-hot-plug-consulta-modelos-compatibles-de-nas\/","og_locale":"es_MX","og_type":"article","og_title":"[ Synology ] &#129351; Hat5320-8t Disco Duro Interno Enterprise 3.5 8tb Sata3 6gb\/s 7200rpm 512 Mb Hot-plug Consulta Modelos Compatibles De Nas","og_description":"Compra Hat5320-8t Disco Duro Interno Enterprise 3.5 8tb Sata3 6gb\/s 7200rpm 512 Mb Hot-plug Consulta Modelos Compatibles De Nas + Env\u00edo a domicilio + Pago seguro + Garant\u00eda","og_url":"https:\/\/compuviper.mx\/tienda\/producto\/synology-hat5320-8t-disco-duro-interno-enterprise-3-5-8tb-sata3-6gb-s-7200rpm-512-mb-hot-plug-consulta-modelos-compatibles-de-nas\/","og_site_name":"Compuviper","article_publisher":"https:\/\/www.facebook.com\/compuviper","og_image":[{"width":200,"height":200,"url":"https:\/\/compuviper.mx\/tienda\/wp-content\/uploads\/2025\/10\/Disco-duro-interno-synology-hat5320-8t-enterprise-3.5-8tb-sata3-6gbs-7200rpm-512-mb-hot-plug-consulta-modelos-compatibles-de-nas-synology.jpg","type":"image\/jpeg"}],"twitter_card":"summary_large_image","twitter_misc":{"Precio":"&#36;12,109 con IVA","Availability":"In stock"},"schema":{"@context":"https:\/\/schema.org","@graph":[{"@type":"WebPage","@id":"https:\/\/compuviper.mx\/tienda\/producto\/synology-hat5320-8t-disco-duro-interno-enterprise-3-5-8tb-sata3-6gb-s-7200rpm-512-mb-hot-plug-consulta-modelos-compatibles-de-nas\/","url":"https:\/\/compuviper.mx\/tienda\/producto\/synology-hat5320-8t-disco-duro-interno-enterprise-3-5-8tb-sata3-6gb-s-7200rpm-512-mb-hot-plug-consulta-modelos-compatibles-de-nas\/","name":"[ Synology ] &#129351; Hat5320-8t Disco Duro Interno Enterprise 3.5 8tb Sata3 6gb\/s 7200rpm 512 Mb Hot-plug Consulta Modelos Compatibles De Nas","isPartOf":{"@id":"https:\/\/compuviper.mx\/tienda\/#website"},"datePublished":"2026-04-02T06:39:36+00:00","dateModified":"2026-04-02T06:39:36+00:00","description":"Compra Hat5320-8t Disco Duro Interno Enterprise 3.5 8tb Sata3 6gb\/s 7200rpm 512 Mb Hot-plug Consulta Modelos Compatibles De Nas + Env\u00edo a domicilio + Pago seguro + Garant\u00eda","breadcrumb":{"@id":"https:\/\/compuviper.mx\/tienda\/producto\/synology-hat5320-8t-disco-duro-interno-enterprise-3-5-8tb-sata3-6gb-s-7200rpm-512-mb-hot-plug-consulta-modelos-compatibles-de-nas\/#breadcrumb"},"inLanguage":"es-MX","potentialAction":[{"@type":"ReadAction","target":["https:\/\/compuviper.mx\/tienda\/producto\/synology-hat5320-8t-disco-duro-interno-enterprise-3-5-8tb-sata3-6gb-s-7200rpm-512-mb-hot-plug-consulta-modelos-compatibles-de-nas\/"]}]},{"@type":"BreadcrumbList","@id":"https:\/\/compuviper.mx\/tienda\/producto\/synology-hat5320-8t-disco-duro-interno-enterprise-3-5-8tb-sata3-6gb-s-7200rpm-512-mb-hot-plug-consulta-modelos-compatibles-de-nas\/#breadcrumb","itemListElement":[{"@type":"ListItem","position":1,"name":"Inicio","item":"https:\/\/compuviper.mx\/tienda\/"},{"@type":"ListItem","position":2,"name":"Productos","item":"https:\/\/compuviper.mx\/tienda\/productos\/"},{"@type":"ListItem","position":3,"name":"Discos Duros","item":"https:\/\/compuviper.mx\/tienda\/categoria-producto\/discos-duros\/"},{"@type":"ListItem","position":4,"name":"Disco Duro","item":"https:\/\/compuviper.mx\/tienda\/categoria-producto\/discos-duros\/disco-duro\/"},{"@type":"ListItem","position":5,"name":"Synology Hat5320-8t Disco Duro Interno Enterprise 3.5 8tb Sata3 6gb\/s 7200rpm 512 Mb Hot-plug Consulta Modelos Compatibles De Nas"}]},{"@type":"WebSite","@id":"https:\/\/compuviper.mx\/tienda\/#website","url":"https:\/\/compuviper.mx\/tienda\/","name":"Compuviper","description":"Proveedor de Computadoras, Laptops, Servidores, Monitores, Puntos de Venta, Teclados,   Impresoras, T\u00f3ner, C\u00e1maras de Seguridad y m\u00e1s en tu tienda en l\u00ednea","publisher":{"@id":"https:\/\/compuviper.mx\/tienda\/#organization"},"potentialAction":[{"@type":"SearchAction","target":{"@type":"EntryPoint","urlTemplate":"https:\/\/compuviper.mx\/tienda\/?s={search_term_string}"},"query-input":"required name=search_term_string"}],"inLanguage":"es-MX"},{"@type":"Organization","@id":"https:\/\/compuviper.mx\/tienda\/#organization","name":"Compuviper","url":"https:\/\/compuviper.mx\/tienda\/","logo":{"@type":"ImageObject","inLanguage":"es-MX","@id":"https:\/\/compuviper.mx\/tienda\/#\/schema\/logo\/image\/","url":"https:\/\/compuviper.mx\/tienda\/wp-content\/uploads\/2021\/08\/Logo-Compuviper-10.png","contentUrl":"https:\/\/compuviper.mx\/tienda\/wp-content\/uploads\/2021\/08\/Logo-Compuviper-10.png","width":1000,"height":500,"caption":"Compuviper"},"image":{"@id":"https:\/\/compuviper.mx\/tienda\/#\/schema\/logo\/image\/"},"sameAs":["https:\/\/www.facebook.com\/compuviper","https:\/\/www.youtube.com\/channel\/UCf73dERp9Y3cfOq7q8BhLjA?view_as=subscriber"]}]},"product_brand":"SYNOLOGY","product_price_amount":"12109","product_price_currency":"MXN","og_availability":"instock","product_availability":"instock","product_retailer_item_id":"HAT5320-8T","product_condition":"new"},"_links":{"self":[{"href":"https:\/\/compuviper.mx\/tienda\/wp-json\/wp\/v2\/product\/256811"}],"collection":[{"href":"https:\/\/compuviper.mx\/tienda\/wp-json\/wp\/v2\/product"}],"about":[{"href":"https:\/\/compuviper.mx\/tienda\/wp-json\/wp\/v2\/types\/product"}],"replies":[{"embeddable":true,"href":"https:\/\/compuviper.mx\/tienda\/wp-json\/wp\/v2\/comments?post=256811"}],"wp:featuredmedia":[{"embeddable":true,"href":"https:\/\/compuviper.mx\/tienda\/wp-json\/wp\/v2\/media\/259714"}],"wp:attachment":[{"href":"https:\/\/compuviper.mx\/tienda\/wp-json\/wp\/v2\/media?parent=256811"}],"wp:term":[{"taxonomy":"product_cat","embeddable":true,"href":"https:\/\/compuviper.mx\/tienda\/wp-json\/wp\/v2\/product_cat?post=256811"},{"taxonomy":"product_tag","embeddable":true,"href":"https:\/\/compuviper.mx\/tienda\/wp-json\/wp\/v2\/product_tag?post=256811"}],"curies":[{"name":"wp","href":"https:\/\/api.w.org\/{rel}","templated":true}]}}