{"id":256758,"date":"2026-04-02T00:51:40","date_gmt":"2026-04-02T06:51:40","guid":{"rendered":"https:\/\/compuviper.mx\/tienda\/producto\/lg-34g600a-monitor-pc-gaming-ultragear-curvo-wqhd-34panel-va3440x1440160hztr-1msmbrasp-219brillo-300cd-m2contr-400011800rhdr10amd-freesynchdmidisplayportspeaker-5wx2vesa-100x100\/"},"modified":"2026-04-02T00:51:40","modified_gmt":"2026-04-02T06:51:40","slug":"lg-34g600a-monitor-pc-gaming-ultragear-curvo-wqhd-34panel-va3440x1440160hztr-1msmbrasp-219brillo-300cd-m2contr-400011800rhdr10amd-freesynchdmidisplayportspeaker-5wx2vesa-100x100","status":"publish","type":"product","link":"https:\/\/compuviper.mx\/tienda\/producto\/lg-34g600a-monitor-pc-gaming-ultragear-curvo-wqhd-34panel-va3440x1440160hztr-1msmbrasp-219brillo-300cd-m2contr-400011800rhdr10amd-freesynchdmidisplayportspeaker-5wx2vesa-100x100\/","title":{"rendered":"Lg 34g600a Monitor Pc   Gaming Ultragear Curvo Wqhd 34,panel Va,3440&#215;1440,160hz,tr 1ms(mbr),asp 21:9,brillo 300cd\/m2,contr 4000:1,1800r,hdr10,amd Freesync,hdmi,displayport,speaker 5wx2,vesa 100&#215;100."},"content":{"rendered":"<table class=\"descripcion\">\n<tr>\n<td>Especificaciones tecnicas: 34g600a<\/td>\n<\/tr>\n<tr>\n<td> tama\u00f1o 34<\/td>\n<\/tr>\n<tr>\n<td> resolucion 3440 x 1440<\/td>\n<\/tr>\n<tr>\n<td> tipo de panel va<\/td>\n<\/tr>\n<tr>\n<td> relacion de aspecto 21:9<\/td>\n<\/tr>\n<tr>\n<td>Display brillo (typ) 300 cd\/m2<\/td>\n<\/tr>\n<tr>\n<td> no. de colores 16.7m<\/td>\n<\/tr>\n<tr>\n<td> contraste ratio 4000:1<\/td>\n<\/tr>\n<tr>\n<td> tiempo de respuesta 1 ms (mbr)<\/td>\n<\/tr>\n<tr>\n<td> frecuencia 160 hz<\/td>\n<\/tr>\n<tr>\n<td> angulo de vision 178\u00ba(r\/l),178\u00ba(u\/d)<\/td>\n<\/tr>\n<tr>\n<td> hdr10 si<\/td>\n<\/tr>\n<tr>\n<td> hdr effect si<\/td>\n<\/tr>\n<tr>\n<td> calibracion de color en fabrica si<\/td>\n<\/tr>\n<tr>\n<td> color weakness no<\/td>\n<\/tr>\n<tr>\n<td> flicker safe si<\/td>\n<\/tr>\n<tr>\n<td> reader mode si<\/td>\n<\/tr>\n<tr>\n<td>Caracteristicas vrr si<\/td>\n<\/tr>\n<tr>\n<td> amd freesyn freesync premium<\/td>\n<\/tr>\n<tr>\n<td> black stabilizer si<\/td>\n<\/tr>\n<tr>\n<td> dynamic action sync si<\/td>\n<\/tr>\n<tr>\n<td> smart energy saving si<\/td>\n<\/tr>\n<tr>\n<td> dual controller no<\/td>\n<\/tr>\n<tr>\n<td> on screen control si<\/td>\n<\/tr>\n<tr>\n<td> hdmi yes(2ea)<\/td>\n<\/tr>\n<tr>\n<td> display port yes(1ea)<\/td>\n<\/tr>\n<tr>\n<td> usb-type c no<\/td>\n<\/tr>\n<tr>\n<td>Conectividad usb-type c (data transsmission) no<\/td>\n<\/tr>\n<tr>\n<td> usb-type c (power delivery) no<\/td>\n<\/tr>\n<tr>\n<td> speaker 5w x 2<\/td>\n<\/tr>\n<tr>\n<td> headphone out si<\/td>\n<\/tr>\n<tr>\n<td> type external power(adapter)<\/td>\n<\/tr>\n<tr>\n<td> ac input 100~240v (50\/60hz)<\/td>\n<\/tr>\n<tr>\n<td>Alimentacion power consumption (typ.) 22w<\/td>\n<\/tr>\n<tr>\n<td> power consumption (max.) 21w<\/td>\n<\/tr>\n<tr>\n<td> power consumption (sleep mode) less than 0.5w<\/td>\n<\/tr>\n<tr>\n<td> power consumption (dc off) less than 0.3w<\/td>\n<\/tr>\n<tr>\n<td>Mechanical display position adjustments tilt\/height\/swivel<\/td>\n<\/tr>\n<tr>\n<td> wall mountable 100 x 100 mm<\/td>\n<\/tr>\n<tr>\n<td> dimension with stand (w x h x d) 809 x 572.9 x 312mm<\/td>\n<\/tr>\n<tr>\n<td> dimension without stand (w x h x d) 809 x 358.9 x 91.5mm<\/td>\n<\/tr>\n<tr>\n<td>Dimensiones dimension in shiping (w x h x d) 986 x 524 x 212mm<\/td>\n<\/tr>\n<tr>\n<td> weight with stand 7.9kg<\/td>\n<\/tr>\n<tr>\n<td> weight without stand 5.8kg<\/td>\n<\/tr>\n<tr>\n<td> weight in shipping 10.7kg<\/td>\n<\/tr>\n<tr>\n<td>Accesorios cable hdmi si<\/td>\n<\/tr>\n<tr>\n<td> display port si<\/td>\n<\/tr>\n<\/table>\n","protected":false},"excerpt":{"rendered":"<p>Monitor lg ultragear curvo wqhd de 34 160hz y 1ms mbr. 34g600a-b. Ampl\u00eda tu campo de visi\u00f3n en cada partida. La pantalla wqhd de 34\u0094 ofrece una vista 34% m\u00e1s amplia para detectar m\u00e1s detalles en cada escenario de juego. Con hdr10 y cobertura del 99% srgb, obtienes colores intensos y precisos que te sumergen en combates vibrantes y fieles al juego original. Su tasa de refresco de 160hz brinda im\u00e1genes n\u00edtidas y suaves para una experiencia de juego mucho m\u00e1s inmersiva. 1ms mbr reduce el desenfoque y la estela en escenas r\u00e1pidas, permiti\u00e9ndote anticiparte y ganar ventaja en cada movimiento. Gracias a freesync\u0099 premium, cada movimiento es fluido, incluso en juegos exigentes. Juega sin interrupciones ni desgarros de imagen. Responde en tiempo real con dynamic action sync. Minimiza el retraso de entrada para que puedas reaccionar al instante y no perder ning\u00fan momento clave del combate. Ve en la oscuridad con black stabilizer. Detecta enemigos ocultos en zonas oscuras y reacciona r\u00e1pido ante explosiones de luz sin perder visibilidad. Apunta con mayor precisi\u00f3n. El punto de mira fijo en el centro de la pantalla mejora tu punter\u00eda para disparos m\u00e1s certeros. Sum\u00e9rgete en cada batalla con imagen y sonido. Dise\u00f1o sin bordes en 3 lados y altavoces est\u00e9reo de 5w con maxxaudio\u00ae que crean una experiencia de juego envolvente.<\/p>\n","protected":false},"featured_media":260008,"comment_status":"open","ping_status":"open","template":"","meta":[],"product_cat":[1740,1741],"product_tag":[1687],"acf":[],"yoast_head":"<!-- This site is optimized with the Yoast SEO plugin v21.7 - https:\/\/yoast.com\/wordpress\/plugins\/seo\/ -->\n<title>[ Lg ] &#129351; 34g600a Monitor Pc Gaming Ultragear Curvo Wqhd 34,panel Va,3440x1440,160hz,tr 1ms(mbr),asp 21:9,brillo 300cd\/m2,contr 4000:1,1800r,hdr10,amd Freesync,hdmi,displayport,speaker 5wx2,vesa 100x100.<\/title>\n<meta name=\"description\" content=\"Compra 34g600a Monitor Pc Gaming Ultragear Curvo Wqhd 34,panel Va,3440x1440,160hz,tr 1ms(mbr),asp 21:9,brillo 300cd\/m2,contr 4000:1,1800r,hdr10,amd Freesync,hdmi,displayport,speaker 5wx2,vesa 100x100. + Env\u00edo a domicilio + Pago seguro + Garant\u00eda\" \/>\n<meta name=\"robots\" content=\"index, follow, max-snippet:-1, max-image-preview:large, max-video-preview:-1\" \/>\n<link rel=\"canonical\" href=\"https:\/\/compuviper.mx\/tienda\/producto\/lg-34g600a-monitor-pc-gaming-ultragear-curvo-wqhd-34panel-va3440x1440160hztr-1msmbrasp-219brillo-300cd-m2contr-400011800rhdr10amd-freesynchdmidisplayportspeaker-5wx2vesa-100x100\/\" \/>\n<meta property=\"og:locale\" content=\"es_MX\" \/>\n<meta property=\"og:type\" content=\"article\" \/>\n<meta property=\"og:title\" content=\"[ Lg ] &#129351; 34g600a Monitor Pc Gaming Ultragear Curvo Wqhd 34,panel Va,3440x1440,160hz,tr 1ms(mbr),asp 21:9,brillo 300cd\/m2,contr 4000:1,1800r,hdr10,amd Freesync,hdmi,displayport,speaker 5wx2,vesa 100x100.\" \/>\n<meta property=\"og:description\" content=\"Compra 34g600a Monitor Pc Gaming Ultragear Curvo Wqhd 34,panel Va,3440x1440,160hz,tr 1ms(mbr),asp 21:9,brillo 300cd\/m2,contr 4000:1,1800r,hdr10,amd Freesync,hdmi,displayport,speaker 5wx2,vesa 100x100. + Env\u00edo a domicilio + Pago seguro + Garant\u00eda\" \/>\n<meta property=\"og:url\" content=\"https:\/\/compuviper.mx\/tienda\/producto\/lg-34g600a-monitor-pc-gaming-ultragear-curvo-wqhd-34panel-va3440x1440160hztr-1msmbrasp-219brillo-300cd-m2contr-400011800rhdr10amd-freesynchdmidisplayportspeaker-5wx2vesa-100x100\/\" \/>\n<meta property=\"og:site_name\" content=\"Compuviper\" \/>\n<meta property=\"article:publisher\" content=\"https:\/\/www.facebook.com\/compuviper\" \/>\n<meta property=\"og:image\" content=\"https:\/\/compuviper.mx\/tienda\/wp-content\/uploads\/2025\/10\/Monitor-pc-lg-34g600a-gaming-ultragear-curvo-wqhd-34panel-va3440x1440160hztr-1msmbrasp-219brillo-300cdm2contr-400011800rhdr10amd-freesynchdmidisplayportspeaker-5wx2vesa-100x100-1.jpg\" \/>\n\t<meta property=\"og:image:width\" content=\"200\" \/>\n\t<meta property=\"og:image:height\" content=\"200\" \/>\n\t<meta property=\"og:image:type\" content=\"image\/jpeg\" \/>\n<meta name=\"twitter:card\" content=\"summary_large_image\" \/>\n<meta name=\"twitter:label1\" content=\"Precio\" \/>\n\t<meta name=\"twitter:data1\" content=\"&#36;8,427 con IVA\" \/>\n\t<meta name=\"twitter:label2\" content=\"Availability\" \/>\n\t<meta name=\"twitter:data2\" content=\"In stock\" \/>\n<script type=\"application\/ld+json\" class=\"yoast-schema-graph\">{\"@context\":\"https:\/\/schema.org\",\"@graph\":[{\"@type\":\"WebPage\",\"@id\":\"https:\/\/compuviper.mx\/tienda\/producto\/lg-34g600a-monitor-pc-gaming-ultragear-curvo-wqhd-34panel-va3440x1440160hztr-1msmbrasp-219brillo-300cd-m2contr-400011800rhdr10amd-freesynchdmidisplayportspeaker-5wx2vesa-100x100\/\",\"url\":\"https:\/\/compuviper.mx\/tienda\/producto\/lg-34g600a-monitor-pc-gaming-ultragear-curvo-wqhd-34panel-va3440x1440160hztr-1msmbrasp-219brillo-300cd-m2contr-400011800rhdr10amd-freesynchdmidisplayportspeaker-5wx2vesa-100x100\/\",\"name\":\"[ Lg ] &#129351; 34g600a Monitor Pc Gaming Ultragear Curvo Wqhd 34,panel Va,3440x1440,160hz,tr 1ms(mbr),asp 21:9,brillo 300cd\/m2,contr 4000:1,1800r,hdr10,amd Freesync,hdmi,displayport,speaker 5wx2,vesa 100x100.\",\"isPartOf\":{\"@id\":\"https:\/\/compuviper.mx\/tienda\/#website\"},\"datePublished\":\"2026-04-02T06:51:40+00:00\",\"dateModified\":\"2026-04-02T06:51:40+00:00\",\"description\":\"Compra 34g600a Monitor Pc Gaming Ultragear Curvo Wqhd 34,panel Va,3440x1440,160hz,tr 1ms(mbr),asp 21:9,brillo 300cd\/m2,contr 4000:1,1800r,hdr10,amd Freesync,hdmi,displayport,speaker 5wx2,vesa 100x100. + Env\u00edo a domicilio + Pago seguro + Garant\u00eda\",\"breadcrumb\":{\"@id\":\"https:\/\/compuviper.mx\/tienda\/producto\/lg-34g600a-monitor-pc-gaming-ultragear-curvo-wqhd-34panel-va3440x1440160hztr-1msmbrasp-219brillo-300cd-m2contr-400011800rhdr10amd-freesynchdmidisplayportspeaker-5wx2vesa-100x100\/#breadcrumb\"},\"inLanguage\":\"es-MX\",\"potentialAction\":[{\"@type\":\"ReadAction\",\"target\":[\"https:\/\/compuviper.mx\/tienda\/producto\/lg-34g600a-monitor-pc-gaming-ultragear-curvo-wqhd-34panel-va3440x1440160hztr-1msmbrasp-219brillo-300cd-m2contr-400011800rhdr10amd-freesynchdmidisplayportspeaker-5wx2vesa-100x100\/\"]}]},{\"@type\":\"BreadcrumbList\",\"@id\":\"https:\/\/compuviper.mx\/tienda\/producto\/lg-34g600a-monitor-pc-gaming-ultragear-curvo-wqhd-34panel-va3440x1440160hztr-1msmbrasp-219brillo-300cd-m2contr-400011800rhdr10amd-freesynchdmidisplayportspeaker-5wx2vesa-100x100\/#breadcrumb\",\"itemListElement\":[{\"@type\":\"ListItem\",\"position\":1,\"name\":\"Inicio\",\"item\":\"https:\/\/compuviper.mx\/tienda\/\"},{\"@type\":\"ListItem\",\"position\":2,\"name\":\"Productos\",\"item\":\"https:\/\/compuviper.mx\/tienda\/productos\/\"},{\"@type\":\"ListItem\",\"position\":3,\"name\":\"Monitores\",\"item\":\"https:\/\/compuviper.mx\/tienda\/categoria-producto\/monitores\/\"},{\"@type\":\"ListItem\",\"position\":4,\"name\":\"Led\",\"item\":\"https:\/\/compuviper.mx\/tienda\/categoria-producto\/monitores\/led\/\"},{\"@type\":\"ListItem\",\"position\":5,\"name\":\"Lg 34g600a Monitor Pc Gaming Ultragear Curvo Wqhd 34,panel Va,3440&#215;1440,160hz,tr 1ms(mbr),asp 21:9,brillo 300cd\/m2,contr 4000:1,1800r,hdr10,amd Freesync,hdmi,displayport,speaker 5wx2,vesa 100&#215;100.\"}]},{\"@type\":\"WebSite\",\"@id\":\"https:\/\/compuviper.mx\/tienda\/#website\",\"url\":\"https:\/\/compuviper.mx\/tienda\/\",\"name\":\"Compuviper\",\"description\":\"Proveedor de Computadoras, Laptops, Servidores, Monitores, Puntos de Venta, Teclados,   Impresoras, T\u00f3ner, C\u00e1maras de Seguridad y m\u00e1s en tu tienda en l\u00ednea\",\"publisher\":{\"@id\":\"https:\/\/compuviper.mx\/tienda\/#organization\"},\"potentialAction\":[{\"@type\":\"SearchAction\",\"target\":{\"@type\":\"EntryPoint\",\"urlTemplate\":\"https:\/\/compuviper.mx\/tienda\/?s={search_term_string}\"},\"query-input\":\"required name=search_term_string\"}],\"inLanguage\":\"es-MX\"},{\"@type\":\"Organization\",\"@id\":\"https:\/\/compuviper.mx\/tienda\/#organization\",\"name\":\"Compuviper\",\"url\":\"https:\/\/compuviper.mx\/tienda\/\",\"logo\":{\"@type\":\"ImageObject\",\"inLanguage\":\"es-MX\",\"@id\":\"https:\/\/compuviper.mx\/tienda\/#\/schema\/logo\/image\/\",\"url\":\"https:\/\/compuviper.mx\/tienda\/wp-content\/uploads\/2021\/08\/Logo-Compuviper-10.png\",\"contentUrl\":\"https:\/\/compuviper.mx\/tienda\/wp-content\/uploads\/2021\/08\/Logo-Compuviper-10.png\",\"width\":1000,\"height\":500,\"caption\":\"Compuviper\"},\"image\":{\"@id\":\"https:\/\/compuviper.mx\/tienda\/#\/schema\/logo\/image\/\"},\"sameAs\":[\"https:\/\/www.facebook.com\/compuviper\",\"https:\/\/www.youtube.com\/channel\/UCf73dERp9Y3cfOq7q8BhLjA?view_as=subscriber\"]}]}<\/script>\n<meta property=\"product:brand\" content=\"LG\" \/>\n<meta property=\"product:price:amount\" content=\"8427\" \/>\n<meta property=\"product:price:currency\" content=\"MXN\" \/>\n<meta property=\"og:availability\" content=\"instock\" \/>\n<meta property=\"product:availability\" content=\"instock\" \/>\n<meta property=\"product:retailer_item_id\" content=\"34G600A\" \/>\n<meta property=\"product:condition\" content=\"new\" \/>\n<!-- \/ Yoast SEO plugin. -->","yoast_head_json":{"title":"[ Lg ] &#129351; 34g600a Monitor Pc Gaming Ultragear Curvo Wqhd 34,panel Va,3440x1440,160hz,tr 1ms(mbr),asp 21:9,brillo 300cd\/m2,contr 4000:1,1800r,hdr10,amd Freesync,hdmi,displayport,speaker 5wx2,vesa 100x100.","description":"Compra 34g600a Monitor Pc Gaming Ultragear Curvo Wqhd 34,panel Va,3440x1440,160hz,tr 1ms(mbr),asp 21:9,brillo 300cd\/m2,contr 4000:1,1800r,hdr10,amd Freesync,hdmi,displayport,speaker 5wx2,vesa 100x100. + Env\u00edo a domicilio + Pago seguro + Garant\u00eda","robots":{"index":"index","follow":"follow","max-snippet":"max-snippet:-1","max-image-preview":"max-image-preview:large","max-video-preview":"max-video-preview:-1"},"canonical":"https:\/\/compuviper.mx\/tienda\/producto\/lg-34g600a-monitor-pc-gaming-ultragear-curvo-wqhd-34panel-va3440x1440160hztr-1msmbrasp-219brillo-300cd-m2contr-400011800rhdr10amd-freesynchdmidisplayportspeaker-5wx2vesa-100x100\/","og_locale":"es_MX","og_type":"article","og_title":"[ Lg ] &#129351; 34g600a Monitor Pc Gaming Ultragear Curvo Wqhd 34,panel Va,3440x1440,160hz,tr 1ms(mbr),asp 21:9,brillo 300cd\/m2,contr 4000:1,1800r,hdr10,amd Freesync,hdmi,displayport,speaker 5wx2,vesa 100x100.","og_description":"Compra 34g600a Monitor Pc Gaming Ultragear Curvo Wqhd 34,panel Va,3440x1440,160hz,tr 1ms(mbr),asp 21:9,brillo 300cd\/m2,contr 4000:1,1800r,hdr10,amd Freesync,hdmi,displayport,speaker 5wx2,vesa 100x100. + Env\u00edo a domicilio + Pago seguro + Garant\u00eda","og_url":"https:\/\/compuviper.mx\/tienda\/producto\/lg-34g600a-monitor-pc-gaming-ultragear-curvo-wqhd-34panel-va3440x1440160hztr-1msmbrasp-219brillo-300cd-m2contr-400011800rhdr10amd-freesynchdmidisplayportspeaker-5wx2vesa-100x100\/","og_site_name":"Compuviper","article_publisher":"https:\/\/www.facebook.com\/compuviper","og_image":[{"width":200,"height":200,"url":"https:\/\/compuviper.mx\/tienda\/wp-content\/uploads\/2025\/10\/Monitor-pc-lg-34g600a-gaming-ultragear-curvo-wqhd-34panel-va3440x1440160hztr-1msmbrasp-219brillo-300cdm2contr-400011800rhdr10amd-freesynchdmidisplayportspeaker-5wx2vesa-100x100-1.jpg","type":"image\/jpeg"}],"twitter_card":"summary_large_image","twitter_misc":{"Precio":"&#36;8,427 con IVA","Availability":"In stock"},"schema":{"@context":"https:\/\/schema.org","@graph":[{"@type":"WebPage","@id":"https:\/\/compuviper.mx\/tienda\/producto\/lg-34g600a-monitor-pc-gaming-ultragear-curvo-wqhd-34panel-va3440x1440160hztr-1msmbrasp-219brillo-300cd-m2contr-400011800rhdr10amd-freesynchdmidisplayportspeaker-5wx2vesa-100x100\/","url":"https:\/\/compuviper.mx\/tienda\/producto\/lg-34g600a-monitor-pc-gaming-ultragear-curvo-wqhd-34panel-va3440x1440160hztr-1msmbrasp-219brillo-300cd-m2contr-400011800rhdr10amd-freesynchdmidisplayportspeaker-5wx2vesa-100x100\/","name":"[ Lg ] &#129351; 34g600a Monitor Pc Gaming Ultragear Curvo Wqhd 34,panel Va,3440x1440,160hz,tr 1ms(mbr),asp 21:9,brillo 300cd\/m2,contr 4000:1,1800r,hdr10,amd Freesync,hdmi,displayport,speaker 5wx2,vesa 100x100.","isPartOf":{"@id":"https:\/\/compuviper.mx\/tienda\/#website"},"datePublished":"2026-04-02T06:51:40+00:00","dateModified":"2026-04-02T06:51:40+00:00","description":"Compra 34g600a Monitor Pc Gaming Ultragear Curvo Wqhd 34,panel Va,3440x1440,160hz,tr 1ms(mbr),asp 21:9,brillo 300cd\/m2,contr 4000:1,1800r,hdr10,amd Freesync,hdmi,displayport,speaker 5wx2,vesa 100x100. + Env\u00edo a domicilio + Pago seguro + Garant\u00eda","breadcrumb":{"@id":"https:\/\/compuviper.mx\/tienda\/producto\/lg-34g600a-monitor-pc-gaming-ultragear-curvo-wqhd-34panel-va3440x1440160hztr-1msmbrasp-219brillo-300cd-m2contr-400011800rhdr10amd-freesynchdmidisplayportspeaker-5wx2vesa-100x100\/#breadcrumb"},"inLanguage":"es-MX","potentialAction":[{"@type":"ReadAction","target":["https:\/\/compuviper.mx\/tienda\/producto\/lg-34g600a-monitor-pc-gaming-ultragear-curvo-wqhd-34panel-va3440x1440160hztr-1msmbrasp-219brillo-300cd-m2contr-400011800rhdr10amd-freesynchdmidisplayportspeaker-5wx2vesa-100x100\/"]}]},{"@type":"BreadcrumbList","@id":"https:\/\/compuviper.mx\/tienda\/producto\/lg-34g600a-monitor-pc-gaming-ultragear-curvo-wqhd-34panel-va3440x1440160hztr-1msmbrasp-219brillo-300cd-m2contr-400011800rhdr10amd-freesynchdmidisplayportspeaker-5wx2vesa-100x100\/#breadcrumb","itemListElement":[{"@type":"ListItem","position":1,"name":"Inicio","item":"https:\/\/compuviper.mx\/tienda\/"},{"@type":"ListItem","position":2,"name":"Productos","item":"https:\/\/compuviper.mx\/tienda\/productos\/"},{"@type":"ListItem","position":3,"name":"Monitores","item":"https:\/\/compuviper.mx\/tienda\/categoria-producto\/monitores\/"},{"@type":"ListItem","position":4,"name":"Led","item":"https:\/\/compuviper.mx\/tienda\/categoria-producto\/monitores\/led\/"},{"@type":"ListItem","position":5,"name":"Lg 34g600a Monitor Pc Gaming Ultragear Curvo Wqhd 34,panel Va,3440&#215;1440,160hz,tr 1ms(mbr),asp 21:9,brillo 300cd\/m2,contr 4000:1,1800r,hdr10,amd Freesync,hdmi,displayport,speaker 5wx2,vesa 100&#215;100."}]},{"@type":"WebSite","@id":"https:\/\/compuviper.mx\/tienda\/#website","url":"https:\/\/compuviper.mx\/tienda\/","name":"Compuviper","description":"Proveedor de Computadoras, Laptops, Servidores, Monitores, Puntos de Venta, Teclados,   Impresoras, T\u00f3ner, C\u00e1maras de Seguridad y m\u00e1s en tu tienda en l\u00ednea","publisher":{"@id":"https:\/\/compuviper.mx\/tienda\/#organization"},"potentialAction":[{"@type":"SearchAction","target":{"@type":"EntryPoint","urlTemplate":"https:\/\/compuviper.mx\/tienda\/?s={search_term_string}"},"query-input":"required name=search_term_string"}],"inLanguage":"es-MX"},{"@type":"Organization","@id":"https:\/\/compuviper.mx\/tienda\/#organization","name":"Compuviper","url":"https:\/\/compuviper.mx\/tienda\/","logo":{"@type":"ImageObject","inLanguage":"es-MX","@id":"https:\/\/compuviper.mx\/tienda\/#\/schema\/logo\/image\/","url":"https:\/\/compuviper.mx\/tienda\/wp-content\/uploads\/2021\/08\/Logo-Compuviper-10.png","contentUrl":"https:\/\/compuviper.mx\/tienda\/wp-content\/uploads\/2021\/08\/Logo-Compuviper-10.png","width":1000,"height":500,"caption":"Compuviper"},"image":{"@id":"https:\/\/compuviper.mx\/tienda\/#\/schema\/logo\/image\/"},"sameAs":["https:\/\/www.facebook.com\/compuviper","https:\/\/www.youtube.com\/channel\/UCf73dERp9Y3cfOq7q8BhLjA?view_as=subscriber"]}]},"product_brand":"LG","product_price_amount":"8427","product_price_currency":"MXN","og_availability":"instock","product_availability":"instock","product_retailer_item_id":"34G600A","product_condition":"new"},"_links":{"self":[{"href":"https:\/\/compuviper.mx\/tienda\/wp-json\/wp\/v2\/product\/256758"}],"collection":[{"href":"https:\/\/compuviper.mx\/tienda\/wp-json\/wp\/v2\/product"}],"about":[{"href":"https:\/\/compuviper.mx\/tienda\/wp-json\/wp\/v2\/types\/product"}],"replies":[{"embeddable":true,"href":"https:\/\/compuviper.mx\/tienda\/wp-json\/wp\/v2\/comments?post=256758"}],"wp:featuredmedia":[{"embeddable":true,"href":"https:\/\/compuviper.mx\/tienda\/wp-json\/wp\/v2\/media\/260008"}],"wp:attachment":[{"href":"https:\/\/compuviper.mx\/tienda\/wp-json\/wp\/v2\/media?parent=256758"}],"wp:term":[{"taxonomy":"product_cat","embeddable":true,"href":"https:\/\/compuviper.mx\/tienda\/wp-json\/wp\/v2\/product_cat?post=256758"},{"taxonomy":"product_tag","embeddable":true,"href":"https:\/\/compuviper.mx\/tienda\/wp-json\/wp\/v2\/product_tag?post=256758"}],"curies":[{"name":"wp","href":"https:\/\/api.w.org\/{rel}","templated":true}]}}